{"id":1309,"date":"2020-02-14T14:10:03","date_gmt":"2020-02-14T14:10:03","guid":{"rendered":"http:\/\/www.specialfabrikken.audenzhosting.dk\/?page_id=1309"},"modified":"2023-11-17T08:19:48","modified_gmt":"2023-11-17T08:19:48","slug":"rullestillads","status":"publish","type":"page","link":"https:\/\/www.specialfabrikken.dk\/en\/stilladser\/rullestillads\/","title":{"rendered":"Rullestillads"},"content":{"rendered":"<p>[et_pb_section fb_built=&#8221;1&#8243; _builder_version=&#8221;4.21.0&#8243; background_color=&#8221;#005083&#8243; background_enable_image=&#8221;off&#8221; da_disable_devices=&#8221;off|off|off&#8221; global_colors_info=&#8221;{}&#8221; da_is_popup=&#8221;off&#8221; da_exit_intent=&#8221;off&#8221; da_has_close=&#8221;on&#8221; da_alt_close=&#8221;off&#8221; da_dark_close=&#8221;off&#8221; da_not_modal=&#8221;on&#8221; da_is_singular=&#8221;off&#8221; da_with_loader=&#8221;off&#8221; da_has_shadow=&#8221;on&#8221;][et_pb_row column_structure=&#8221;2_3,1_3&#8243; _builder_version=&#8221;4.16&#8243; custom_padding=&#8221;||||false|false&#8221; global_colors_info=&#8221;{}&#8221;][et_pb_column type=&#8221;2_3&#8243; _builder_version=&#8221;4.16&#8243; global_colors_info=&#8221;{}&#8221;][et_pb_text _builder_version=&#8221;4.16&#8243; text_font=&#8221;||||||||&#8221; text_font_size=&#8221;16px&#8221; header_text_color=&#8221;#ffffff&#8221; background_layout=&#8221;dark&#8221; custom_margin=&#8221;||20px||false|false&#8221; global_colors_info=&#8221;{}&#8221;]<\/p>\n<h1>Rullestillads<\/h1>\n<p>[\/et_pb_text][et_pb_divider divider_weight=&#8221;4px&#8221; _builder_version=&#8221;4.16&#8243; width=&#8221;7%&#8221; global_colors_info=&#8221;{}&#8221;][\/et_pb_divider][et_pb_text _builder_version=&#8221;4.21.0&#8243; text_font=&#8221;|300|||||||&#8221; text_font_size=&#8221;16px&#8221; link_font=&#8221;||||||||&#8221; link_text_color=&#8221;#FEC300&#8243; background_layout=&#8221;dark&#8221; global_colors_info=&#8221;{}&#8221; link_text_color__hover_enabled=&#8221;on|hover&#8221; link_text_color__hover=&#8221;#FEC300&#8243;]<\/p>\n<p>Hos <a href=\"https:\/\/www.specialfabrikken.dk\/\">Specialfabrikken<\/a> er vores rullestillads fremstillet af pr\u00e6fabrikerede elementer, og best\u00e5r af f\u00e5 elementer; fuldsvejsede stigesektioner i forskellige h\u00f8jder, alu-d\u00e6k, diagonalr\u00f8r, h\u00e5nd-, kn\u00e6- og fodlister samt kraftige hjul med justerbar spindler og bremser.<\/p>\n<p>Alu-d\u00e6kkene er fremstillet af vandfast fin\u00e9r bekl\u00e6dt med skridsikker overflade og kantbeskyttet med robuste aluminiumsprofiler.<\/p>\n<p>Var det ikke dette stillads du ledte efter? Se hele vores udvalg af stilladser <a href=\"https:\/\/www.specialfabrikken.dk\/stilladser\/\">her<\/a>.<\/p>\n<p>[\/et_pb_text][\/et_pb_column][et_pb_column type=&#8221;1_3&#8243; _builder_version=&#8221;4.16&#8243; global_colors_info=&#8221;{}&#8221;][et_pb_image src=&#8221;https:\/\/www.specialfabrikken.dk\/wp-content\/uploads\/2020\/02\/Rullestilladser&#8211;300&#215;287.png&#8221; alt=&#8221;rullestilladser&#8221; title_text=&#8221;Rullestilladser -&#8221; _builder_version=&#8221;4.16&#8243; _module_preset=&#8221;default&#8221; global_colors_info=&#8221;{}&#8221;][\/et_pb_image][\/et_pb_column][\/et_pb_row][\/et_pb_section][et_pb_section fb_built=&#8221;1&#8243; _builder_version=&#8221;4.16&#8243; background_color=&#8221;#fcfcfc&#8221; da_disable_devices=&#8221;off|off|off&#8221; global_colors_info=&#8221;{}&#8221; da_is_popup=&#8221;off&#8221; da_exit_intent=&#8221;off&#8221; da_has_close=&#8221;on&#8221; da_alt_close=&#8221;off&#8221; da_dark_close=&#8221;off&#8221; da_not_modal=&#8221;on&#8221; da_is_singular=&#8221;off&#8221; da_with_loader=&#8221;off&#8221; da_has_shadow=&#8221;on&#8221;][et_pb_row column_structure=&#8221;1_2,1_2&#8243; use_custom_gutter=&#8221;on&#8221; gutter_width=&#8221;2&#8243; _builder_version=&#8221;4.21.0&#8243; width_tablet=&#8221;80%&#8221; width_phone=&#8221;&#8221; width_last_edited=&#8221;on|phone&#8221; global_colors_info=&#8221;{}&#8221;][et_pb_column type=&#8221;1_2&#8243; _builder_version=&#8221;4.16&#8243; background_color=&#8221;#ffffff&#8221; box_shadow_style=&#8221;preset3&#8243; box_shadow_color=&#8221;rgba(0,0,0,0.06)&#8221; global_colors_info=&#8221;{}&#8221;][et_pb_text _builder_version=&#8221;4.21.0&#8243; custom_margin=&#8221;30px|29px|30px|29px|true|true&#8221; link_option_url=&#8221;\/prof-1360-x-25-arbejdshoejde-518-m\/&#8221; global_colors_info=&#8221;{}&#8221;]<\/p>\n<h2>Prof\u00ae<span> 1360 x 3,00 m.<br \/>(arbejdsh\u00f8jde 5,18 m.)<\/span><\/h2>\n<p>Professionelt rullestillads med en platformsl\u00e6ngde p\u00e5 3,00 meter og en arbejdsh\u00f8jde p\u00e5 5,18 meter.<\/p>\n<p>[\/et_pb_text][\/et_pb_column][et_pb_column type=&#8221;1_2&#8243; _builder_version=&#8221;4.16&#8243; background_color=&#8221;#ffffff&#8221; box_shadow_style=&#8221;preset3&#8243; box_shadow_color=&#8221;rgba(0,0,0,0.06)&#8221; global_colors_info=&#8221;{}&#8221;][et_pb_text _builder_version=&#8221;4.21.0&#8243; custom_margin=&#8221;30px|29px|30px|29px|true|true&#8221; link_option_url=&#8221;\/prof-1360-x-300-305-arbejdshoejde-618-m\/&#8221; global_colors_info=&#8221;{}&#8221;]<\/p>\n<h2>PROF\u00ae 1360 x 3,00 m.<br \/>(arbejdsh\u00f8jde 6,18 m.)<\/h2>\n<p>Et solidt og komplet rullestillads med arbejdsh\u00f8jde p\u00e5 hele 6,18 meter og en platformsl\u00e6ngde p\u00e5 3 meter.<\/p>\n<p>[\/et_pb_text][\/et_pb_column][\/et_pb_row][et_pb_row column_structure=&#8221;1_2,1_2&#8243; use_custom_gutter=&#8221;on&#8221; gutter_width=&#8221;2&#8243; _builder_version=&#8221;4.16&#8243; width_tablet=&#8221;80%&#8221; width_phone=&#8221;&#8221; width_last_edited=&#8221;on|phone&#8221; global_colors_info=&#8221;{}&#8221;][et_pb_column type=&#8221;1_2&#8243; _builder_version=&#8221;4.16&#8243; background_color=&#8221;#ffffff&#8221; box_shadow_style=&#8221;preset3&#8243; box_shadow_color=&#8221;rgba(0,0,0,0.06)&#8221; global_colors_info=&#8221;{}&#8221;][et_pb_text _builder_version=&#8221;4.21.0&#8243; custom_margin=&#8221;30px|29px|30px|29px|true|true&#8221; link_option_url=&#8221;\/rullestillads-aluminium\/&#8221; global_colors_info=&#8221;{}&#8221;]<\/p>\n<h2>Rullestillads-Aluminium Prof\u00ae<\/h2>\n<p>Et professionelt rullestillads i aluminium sikrer dig en optimal brugerfirhed samt h\u00f8j sikkerhed. Vores rullestillads er T\u00dcV godkendt og godkendelse i b\u00e5de Norge og Sverige.<\/p>\n<p><strong>Se alle komponenter til rullestilladser her.<\/strong><\/p>\n<p>[\/et_pb_text][et_pb_button button_url=&#8221;\/rullestillads-aluminium\/&#8221; button_text=&#8221;5&#8243; button_alignment=&#8221;right&#8221; _builder_version=&#8221;4.21.0&#8243; custom_button=&#8221;on&#8221; button_text_size=&#8221;22px&#8221; button_text_color=&#8221;#ffffff&#8221; button_bg_color=&#8221;#005083&#8243; button_border_width=&#8221;0px&#8221; button_border_radius=&#8221;3px&#8221; button_font=&#8221;ikoner||||||||&#8221; button_use_icon=&#8221;off&#8221; custom_margin=&#8221;|30px|30px|30px|false|true&#8221; custom_padding=&#8221;0px|20px|0px|20px|true|true&#8221; global_colors_info=&#8221;{}&#8221; button_bg_color__hover_enabled=&#8221;on|hover&#8221; button_bg_color__hover=&#8221;#0055a5&#8243; button_bg_enable_color__hover=&#8221;on&#8221;][\/et_pb_button][\/et_pb_column][et_pb_column type=&#8221;1_2&#8243; _builder_version=&#8221;4.16&#8243; background_color=&#8221;#ffffff&#8221; box_shadow_style=&#8221;preset3&#8243; box_shadow_color=&#8221;rgba(0,0,0,0.06)&#8221; global_colors_info=&#8221;{}&#8221;][et_pb_image src=&#8221;https:\/\/www.specialfabrikken.dk\/wp-content\/uploads\/2020\/04\/alu-rullestillads-241&#215;300.jpg&#8221; alt=&#8221;aluminium rullestillads&#8221; title_text=&#8221;alu rullestillads&#8221; _builder_version=&#8221;4.16&#8243; _module_preset=&#8221;default&#8221; global_colors_info=&#8221;{}&#8221;][\/et_pb_image][et_pb_text _builder_version=&#8221;4.16&#8243; _module_preset=&#8221;default&#8221; global_colors_info=&#8221;{}&#8221;]<\/p>\n<p><strong>Rullestillads vist med trappeadgang<\/strong><\/p>\n<p>[\/et_pb_text][\/et_pb_column][\/et_pb_row][\/et_pb_section][et_pb_section fb_built=&#8221;1&#8243; _builder_version=&#8221;4.21.0&#8243; background_color=&#8221;#005083&#8243; custom_padding=&#8221;0px||0px||true|false&#8221; da_disable_devices=&#8221;off|off|off&#8221; global_colors_info=&#8221;{}&#8221; da_is_popup=&#8221;off&#8221; da_exit_intent=&#8221;off&#8221; da_has_close=&#8221;on&#8221; da_alt_close=&#8221;off&#8221; da_dark_close=&#8221;off&#8221; da_not_modal=&#8221;on&#8221; da_is_singular=&#8221;off&#8221; da_with_loader=&#8221;off&#8221; da_has_shadow=&#8221;on&#8221;][et_pb_row column_structure=&#8221;3_4,1_4&#8243; make_equal=&#8221;on&#8221; _builder_version=&#8221;4.16&#8243; custom_css_main_element=&#8221;align-items:Center;&#8221; global_colors_info=&#8221;{}&#8221;][et_pb_column type=&#8221;3_4&#8243; _builder_version=&#8221;4.16&#8243; global_colors_info=&#8221;{}&#8221;][et_pb_text content_tablet=&#8221;&#8221; content_phone=&#8221;<\/p>\n<h4><i>SE VORES KAMPAGNEPRIS P\u00c5 RULLESTILLADS<br \/>(130 x 3,00)<\/i><\/h4>\n<p>&#8221; content_last_edited=&#8221;on|phone&#8221; _builder_version=&#8221;4.17.4&#8243; text_font=&#8221;|||on|||||&#8221; text_text_color=&#8221;#ffffff&#8221; header_4_font_size=&#8221;32px&#8221; background_layout=&#8221;dark&#8221; text_orientation_tablet=&#8221;&#8221; text_orientation_phone=&#8221;center&#8221; text_orientation_last_edited=&#8221;on|phone&#8221; global_colors_info=&#8221;{}&#8221;]<\/p>\n<h3><i>SE VORES KAMPAGNEPRIS P\u00c5 RULLESTILLADS (1360 x 3,00)<\/i><\/h3>\n<p>[\/et_pb_text][\/et_pb_column][et_pb_column type=&#8221;1_4&#8243; _builder_version=&#8221;4.16&#8243; global_colors_info=&#8221;{}&#8221;][et_pb_button button_url=&#8221;\/prof-1360-x-300-305-arbejdshoejde-618-m\/&#8221; button_text=&#8221;L\u00e6s mere&#8221; button_alignment=&#8221;center&#8221; _builder_version=&#8221;4.16&#8243; custom_button=&#8221;on&#8221; button_text_color=&#8221;#ffffff&#8221; button_bg_color=&#8221;#FEC300&#8243; button_border_color=&#8221;#FEC300&#8243; global_colors_info=&#8221;{}&#8221;][\/et_pb_button][\/et_pb_column][\/et_pb_row][\/et_pb_section]<\/p>\n","protected":false},"excerpt":{"rendered":"<p>RullestilladsHos Specialfabrikken er vores rullestillads fremstillet af pr\u00e6fabrikerede elementer, og best\u00e5r af f\u00e5 elementer; fuldsvejsede stigesektioner i forskellige h\u00f8jder, alu-d\u00e6k, diagonalr\u00f8r, h\u00e5nd-, kn\u00e6- og fodlister samt kraftige hjul med justerbar spindler og bremser. Alu-d\u00e6kkene er fremstillet af vandfast fin\u00e9r bekl\u00e6dt med skridsikker overflade og kantbeskyttet med robuste aluminiumsprofiler. Var det ikke dette stillads du ledte [&hellip;]<\/p>\n","protected":false},"author":1,"featured_media":0,"parent":94,"menu_order":0,"comment_status":"closed","ping_status":"closed","template":"","meta":{"_acf_changed":false,"_et_pb_use_builder":"on","_et_pb_old_content":"","_et_gb_content_width":"","footnotes":""},"class_list":["post-1309","page","type-page","status-publish","hentry"],"acf":[],"yoast_head":"<!-- This site is optimized with the Yoast SEO plugin v27.4 - https:\/\/yoast.com\/product\/yoast-seo-wordpress\/ -->\n<title>Rullestillads af h\u00f8j kvalitet | T\u00dcV godkendt | Specialfabrikken A\/S<\/title>\n<meta name=\"description\" content=\"Med vores rullestillads i aluminium f\u00e5r du en optimal brugerfrihed. Rullestilladset fremstilles i overensstemmelse med Dansk Standard DS\/HD 1004. Ring i dag.\" \/>\n<meta name=\"robots\" content=\"index, follow, max-snippet:-1, max-image-preview:large, max-video-preview:-1\" \/>\n<link rel=\"canonical\" href=\"https:\/\/www.specialfabrikken.dk\/en\/stilladser\/rullestillads\/\" \/>\n<meta property=\"og:locale\" content=\"en_US\" \/>\n<meta property=\"og:type\" content=\"article\" \/>\n<meta property=\"og:title\" content=\"Rullestillads af h\u00f8j kvalitet | T\u00dcV godkendt | Specialfabrikken A\/S\" \/>\n<meta property=\"og:description\" content=\"Med vores rullestillads i aluminium f\u00e5r du en optimal brugerfrihed. Rullestilladset fremstilles i overensstemmelse med Dansk Standard DS\/HD 1004. Ring i dag.\" \/>\n<meta property=\"og:url\" content=\"https:\/\/www.specialfabrikken.dk\/en\/stilladser\/rullestillads\/\" \/>\n<meta property=\"og:site_name\" content=\"Specialfabrikken\" \/>\n<meta property=\"article:modified_time\" content=\"2023-11-17T08:19:48+00:00\" \/>\n<meta name=\"twitter:card\" content=\"summary_large_image\" \/>\n<meta name=\"twitter:label1\" content=\"Est. reading time\" \/>\n\t<meta name=\"twitter:data1\" content=\"3 minutes\" \/>\n<script type=\"application\/ld+json\" class=\"yoast-schema-graph\">{\"@context\":\"https:\\\/\\\/schema.org\",\"@graph\":[{\"@type\":\"WebPage\",\"@id\":\"https:\\\/\\\/www.specialfabrikken.dk\\\/stilladser\\\/rullestillads\\\/\",\"url\":\"https:\\\/\\\/www.specialfabrikken.dk\\\/stilladser\\\/rullestillads\\\/\",\"name\":\"Rullestillads af h\u00f8j kvalitet | T\u00dcV godkendt | Specialfabrikken A\\\/S\",\"isPartOf\":{\"@id\":\"https:\\\/\\\/www.specialfabrikken.dk\\\/#website\"},\"datePublished\":\"2020-02-14T14:10:03+00:00\",\"dateModified\":\"2023-11-17T08:19:48+00:00\",\"description\":\"Med vores rullestillads i aluminium f\u00e5r du en optimal brugerfrihed. Rullestilladset fremstilles i overensstemmelse med Dansk Standard DS\\\/HD 1004. Ring i dag.\",\"breadcrumb\":{\"@id\":\"https:\\\/\\\/www.specialfabrikken.dk\\\/stilladser\\\/rullestillads\\\/#breadcrumb\"},\"inLanguage\":\"en-US\",\"potentialAction\":[{\"@type\":\"ReadAction\",\"target\":[\"https:\\\/\\\/www.specialfabrikken.dk\\\/stilladser\\\/rullestillads\\\/\"]}]},{\"@type\":\"BreadcrumbList\",\"@id\":\"https:\\\/\\\/www.specialfabrikken.dk\\\/stilladser\\\/rullestillads\\\/#breadcrumb\",\"itemListElement\":[{\"@type\":\"ListItem\",\"position\":1,\"name\":\"Forside\",\"item\":\"https:\\\/\\\/www.specialfabrikken.dk\\\/\"},{\"@type\":\"ListItem\",\"position\":2,\"name\":\"Stilladser\",\"item\":\"https:\\\/\\\/www.specialfabrikken.dk\\\/stilladser\\\/\"},{\"@type\":\"ListItem\",\"position\":3,\"name\":\"Rullestillads\"}]},{\"@type\":\"WebSite\",\"@id\":\"https:\\\/\\\/www.specialfabrikken.dk\\\/#website\",\"url\":\"https:\\\/\\\/www.specialfabrikken.dk\\\/\",\"name\":\"Specialfabrikken\",\"description\":\"Specialfabrikken\",\"potentialAction\":[{\"@type\":\"SearchAction\",\"target\":{\"@type\":\"EntryPoint\",\"urlTemplate\":\"https:\\\/\\\/www.specialfabrikken.dk\\\/?s={search_term_string}\"},\"query-input\":{\"@type\":\"PropertyValueSpecification\",\"valueRequired\":true,\"valueName\":\"search_term_string\"}}],\"inLanguage\":\"en-US\"}]}<\/script>\n<!-- \/ Yoast SEO plugin. -->","yoast_head_json":{"title":"Rullestillads af h\u00f8j kvalitet | T\u00dcV godkendt | Specialfabrikken A\/S","description":"Med vores rullestillads i aluminium f\u00e5r du en optimal brugerfrihed. Rullestilladset fremstilles i overensstemmelse med Dansk Standard DS\/HD 1004. Ring i dag.","robots":{"index":"index","follow":"follow","max-snippet":"max-snippet:-1","max-image-preview":"max-image-preview:large","max-video-preview":"max-video-preview:-1"},"canonical":"https:\/\/www.specialfabrikken.dk\/en\/stilladser\/rullestillads\/","og_locale":"en_US","og_type":"article","og_title":"Rullestillads af h\u00f8j kvalitet | T\u00dcV godkendt | Specialfabrikken A\/S","og_description":"Med vores rullestillads i aluminium f\u00e5r du en optimal brugerfrihed. Rullestilladset fremstilles i overensstemmelse med Dansk Standard DS\/HD 1004. Ring i dag.","og_url":"https:\/\/www.specialfabrikken.dk\/en\/stilladser\/rullestillads\/","og_site_name":"Specialfabrikken","article_modified_time":"2023-11-17T08:19:48+00:00","twitter_card":"summary_large_image","twitter_misc":{"Est. reading time":"3 minutes"},"schema":{"@context":"https:\/\/schema.org","@graph":[{"@type":"WebPage","@id":"https:\/\/www.specialfabrikken.dk\/stilladser\/rullestillads\/","url":"https:\/\/www.specialfabrikken.dk\/stilladser\/rullestillads\/","name":"Rullestillads af h\u00f8j kvalitet | T\u00dcV godkendt | Specialfabrikken A\/S","isPartOf":{"@id":"https:\/\/www.specialfabrikken.dk\/#website"},"datePublished":"2020-02-14T14:10:03+00:00","dateModified":"2023-11-17T08:19:48+00:00","description":"Med vores rullestillads i aluminium f\u00e5r du en optimal brugerfrihed. Rullestilladset fremstilles i overensstemmelse med Dansk Standard DS\/HD 1004. Ring i dag.","breadcrumb":{"@id":"https:\/\/www.specialfabrikken.dk\/stilladser\/rullestillads\/#breadcrumb"},"inLanguage":"en-US","potentialAction":[{"@type":"ReadAction","target":["https:\/\/www.specialfabrikken.dk\/stilladser\/rullestillads\/"]}]},{"@type":"BreadcrumbList","@id":"https:\/\/www.specialfabrikken.dk\/stilladser\/rullestillads\/#breadcrumb","itemListElement":[{"@type":"ListItem","position":1,"name":"Forside","item":"https:\/\/www.specialfabrikken.dk\/"},{"@type":"ListItem","position":2,"name":"Stilladser","item":"https:\/\/www.specialfabrikken.dk\/stilladser\/"},{"@type":"ListItem","position":3,"name":"Rullestillads"}]},{"@type":"WebSite","@id":"https:\/\/www.specialfabrikken.dk\/#website","url":"https:\/\/www.specialfabrikken.dk\/","name":"Specialfabrikken","description":"Specialfabrikken","potentialAction":[{"@type":"SearchAction","target":{"@type":"EntryPoint","urlTemplate":"https:\/\/www.specialfabrikken.dk\/?s={search_term_string}"},"query-input":{"@type":"PropertyValueSpecification","valueRequired":true,"valueName":"search_term_string"}}],"inLanguage":"en-US"}]}},"_links":{"self":[{"href":"https:\/\/www.specialfabrikken.dk\/en\/wp-json\/wp\/v2\/pages\/1309","targetHints":{"allow":["GET"]}}],"collection":[{"href":"https:\/\/www.specialfabrikken.dk\/en\/wp-json\/wp\/v2\/pages"}],"about":[{"href":"https:\/\/www.specialfabrikken.dk\/en\/wp-json\/wp\/v2\/types\/page"}],"author":[{"embeddable":true,"href":"https:\/\/www.specialfabrikken.dk\/en\/wp-json\/wp\/v2\/users\/1"}],"replies":[{"embeddable":true,"href":"https:\/\/www.specialfabrikken.dk\/en\/wp-json\/wp\/v2\/comments?post=1309"}],"version-history":[{"count":0,"href":"https:\/\/www.specialfabrikken.dk\/en\/wp-json\/wp\/v2\/pages\/1309\/revisions"}],"up":[{"embeddable":true,"href":"https:\/\/www.specialfabrikken.dk\/en\/wp-json\/wp\/v2\/pages\/94"}],"wp:attachment":[{"href":"https:\/\/www.specialfabrikken.dk\/en\/wp-json\/wp\/v2\/media?parent=1309"}],"curies":[{"name":"wp","href":"https:\/\/api.w.org\/{rel}","templated":true}]}}