{"id":245,"date":"2020-01-03T14:49:11","date_gmt":"2020-01-03T14:49:11","guid":{"rendered":"http:\/\/www.specialfabrikken.audenzhosting.dk\/?page_id=245"},"modified":"2025-05-23T06:38:31","modified_gmt":"2025-05-23T06:38:31","slug":"udlejning","status":"publish","type":"page","link":"https:\/\/www.specialfabrikken.dk\/en\/udlejning\/","title":{"rendered":"Udlejning"},"content":{"rendered":"<p>[et_pb_section fb_built=&#8221;1&#8243; _builder_version=&#8221;4.27.4&#8243; background_color=&#8221;#005083&#8243; global_colors_info=&#8221;{}&#8221;][et_pb_row _builder_version=&#8221;4.16&#8243; global_colors_info=&#8221;{}&#8221;][et_pb_column type=&#8221;4_4&#8243; _builder_version=&#8221;4.16&#8243; global_colors_info=&#8221;{}&#8221;][et_pb_text _builder_version=&#8221;4.27.4&#8243; background_layout=&#8221;dark&#8221; custom_margin=&#8221;||20px||false|false&#8221; global_colors_info=&#8221;{}&#8221;]<\/p>\n<h1>UDLEJNING AF STILLADS<\/h1>\n<p>[\/et_pb_text][et_pb_divider divider_weight=&#8221;4px&#8221; _builder_version=&#8221;4.16&#8243; global_colors_info=&#8221;{}&#8221;][\/et_pb_divider][et_pb_text _builder_version=&#8221;4.27.4&#8243; text_font=&#8221;|300|||||||&#8221; text_font_size=&#8221;16px&#8221; background_layout=&#8221;dark&#8221; global_colors_info=&#8221;{}&#8221;]<\/p>\n<p>Skal du kun bruge nogle af vores produkter inden for en bestemt tidsramme, s\u00e5 har du muligheden for at leje vores stilladser.<\/p>\n<p>[\/et_pb_text][\/et_pb_column][\/et_pb_row][\/et_pb_section][et_pb_section fb_built=&#8221;1&#8243; _builder_version=&#8221;4.16&#8243; background_color=&#8221;#fcfcfc&#8221; custom_padding=&#8221;|||0px||&#8221; global_colors_info=&#8221;{}&#8221;][et_pb_row column_structure=&#8221;1_2,1_2&#8243; make_equal=&#8221;on&#8221; _builder_version=&#8221;4.16&#8243; custom_margin=&#8221;||50px||false|false&#8221; custom_css_main_element=&#8221;align-items:center;&#8221; global_colors_info=&#8221;{}&#8221;][et_pb_column type=&#8221;1_2&#8243; _builder_version=&#8221;4.16&#8243; global_colors_info=&#8221;{}&#8221;][et_pb_text _builder_version=&#8221;4.27.4&#8243; text_font_size=&#8221;15px&#8221; ul_text_color=&#8221;#005083&#8243; header_2_font_size=&#8221;32px&#8221; custom_margin=&#8221;||30px||false|false&#8221; custom_padding=&#8221;||||false|false&#8221; global_colors_info=&#8221;{}&#8221;]<\/p>\n<h2>Stilladsudlejning<\/h2>\n<p>Vor udlejningsafdeling r\u00e5der over ca. 25.000 m2 kvalitetsstillads.<br \/>Vi kan derfor klare de helt store opgaver.<\/p>\n<ul>\n<li><strong>S\u00e6rdeles rimelige udlejningspriser<\/strong><\/li>\n<li><strong>Udlejes over hele Danmark<\/strong><\/li>\n<li><strong>Lejen afregnes kun efter normale arbejdsdage &#8211; <span style=\"text-decoration: underline;\">5 dages uge<\/span><\/strong><\/li>\n<\/ul>\n<p><em>Bem\u00e6rk: Udlejningsperiode p\u00e5 min. 3 m\u00e5neder.<\/em><\/p>\n<p>[\/et_pb_text][et_pb_button button_url=&#8221;\/kontakt&#8221; button_text=&#8221;Kontakt os for uforpligtende tilbud&#8221; _builder_version=&#8221;4.27.4&#8243; _module_preset=&#8221;default&#8221; custom_button=&#8221;on&#8221; button_text_size=&#8221;18px&#8221; button_text_color=&#8221;#FFFFFF&#8221; button_bg_color=&#8221;#005083&#8243; button_border_color=&#8221;#005083&#8243; button_border_radius=&#8221;1px&#8221; button_font=&#8221;|700||on|||||&#8221; button_icon=&#8221;&#xf879;||fa||900&#8243; button_icon_placement=&#8221;left&#8221; button_on_hover=&#8221;off&#8221; custom_margin=&#8221;||10px||false|false&#8221; box_shadow_style=&#8221;preset3&#8243; global_colors_info=&#8221;{}&#8221;][\/et_pb_button][et_pb_text _builder_version=&#8221;4.27.4&#8243; _module_preset=&#8221;default&#8221; text_font=&#8221;|700|||||||&#8221; text_font_size=&#8221;16px&#8221; global_colors_info=&#8221;{}&#8221;]<\/p>\n<p>&#8211; <a href=\"tel:+4597441466\">Ring p\u00e5 97 44 14 66<\/a>\u00a0eller skriv p\u00e5 <a href=\"mailto:mail@specialfabrikken.dk\">mail@specialfabrikken.dk<\/a><\/p>\n<p>[\/et_pb_text][\/et_pb_column][et_pb_column type=&#8221;1_2&#8243; _builder_version=&#8221;4.16&#8243; global_colors_info=&#8221;{}&#8221;][et_pb_image src=&#8221;https:\/\/www.specialfabrikken.dk\/wp-content\/uploads\/2019\/12\/murerstillads-2.jpg&#8221; _builder_version=&#8221;4.27.4&#8243; box_shadow_style=&#8221;preset4&#8243; box_shadow_horizontal=&#8221;35px&#8221; box_shadow_vertical=&#8221;21px&#8221; box_shadow_color=&#8221;rgba(0,80,131,0.29)&#8221; global_colors_info=&#8221;{}&#8221;][\/et_pb_image][\/et_pb_column][\/et_pb_row][et_pb_row column_structure=&#8221;1_3,1_3,1_3&#8243; use_custom_gutter=&#8221;on&#8221; gutter_width=&#8221;2&#8243; _builder_version=&#8221;4.27.4&#8243; _module_preset=&#8221;default&#8221; custom_padding=&#8221;0px||||false|false&#8221; global_colors_info=&#8221;{}&#8221;][et_pb_column type=&#8221;1_3&#8243; _builder_version=&#8221;4.27.4&#8243; _module_preset=&#8221;default&#8221; global_colors_info=&#8221;{}&#8221;][et_pb_text _builder_version=&#8221;4.27.4&#8243; _module_preset=&#8221;default&#8221; link_text_color=&#8221;#005083&#8243; header_3_font_size=&#8221;22px&#8221; global_colors_info=&#8221;{}&#8221;]<\/p>\n<h3>Murerstillads Vinderup Prof\u00ae<\/h3>\n<p>Vores murerstillads er robust og ideelt til facadearbejde, murv\u00e6rk og andre tunge byggeopgaver. Det sikrer h\u00f8j stabilitet og er let at montere. Lej et kvalitetsstillads, der overholder alle sikkerhedsstandarder. <strong><a href=\"\/vare-kategori\/stillads\/murerstillads\/\">Se alle komponenter her.<\/a><\/strong><\/p>\n<p>[\/et_pb_text][\/et_pb_column][et_pb_column type=&#8221;1_3&#8243; _builder_version=&#8221;4.27.4&#8243; _module_preset=&#8221;default&#8221; global_colors_info=&#8221;{}&#8221;][et_pb_text _builder_version=&#8221;4.27.4&#8243; _module_preset=&#8221;default&#8221; header_3_font_size=&#8221;22px&#8221; global_colors_info=&#8221;{}&#8221;]<\/p>\n<h3>Rullestillads<\/h3>\n<p>Alsidigt bukkestillads, der er nemt at justere og perfekt til opgaver i forskellige h\u00f8jder. En fleksibel l\u00f8sning til b\u00e5de sm\u00e5 og store byggeprojekter.<br \/><strong><a href=\"\/vare-kategori\/stillads\/alu-rullestillads\/\">Se vores l\u00f8sninger her<\/a><\/strong><\/p>\n<p>[\/et_pb_text][\/et_pb_column][et_pb_column type=&#8221;1_3&#8243; _builder_version=&#8221;4.27.4&#8243; _module_preset=&#8221;default&#8221; global_colors_info=&#8221;{}&#8221;][et_pb_text _builder_version=&#8221;4.27.4&#8243; _module_preset=&#8221;default&#8221; header_3_font_size=&#8221;22px&#8221; global_colors_info=&#8221;{}&#8221;]<\/p>\n<h3>Bukkestillads<\/h3>\n<div class=\"flex max-w-full flex-col flex-grow\">\n<div data-message-author-role=\"assistant\" data-message-id=\"333e2457-295a-4e25-97a5-f2ced1c1e639\" dir=\"auto\" class=\"min-h-8 text-message flex w-full flex-col items-end gap-2 whitespace-normal break-words [.text-message+&amp;]:mt-5\" data-message-model-slug=\"gpt-4o\">\n<div class=\"flex w-full flex-col gap-1 empty:hidden first:pt-[3px]\">\n<div class=\"markdown prose w-full break-words dark:prose-invert light\">\n<p>Mobil og praktisk rullestillads med hjul, der g\u00f8r det nemt at flytte rundt p\u00e5 byggepladsen. Ideelt til opgaver, der kr\u00e6ver hurtig ops\u00e6tning og fleksibilitet.<br \/><strong><a href=\"\/vare-kategori\/stillads\/bukkestillads\/\">Se alle komponenter her.<\/a><\/strong><\/p>\n<\/div>\n<\/div>\n<\/div>\n<\/div>\n<p>[\/et_pb_text][\/et_pb_column][\/et_pb_row][\/et_pb_section][et_pb_section fb_built=&#8221;1&#8243; _builder_version=&#8221;4.27.4&#8243; background_color=&#8221;#005083&#8243; custom_margin=&#8221;||||false|false&#8221; global_colors_info=&#8221;{}&#8221;][et_pb_row column_structure=&#8221;2_3,1_3&#8243; make_equal=&#8221;on&#8221; _builder_version=&#8221;4.16&#8243; background_enable_color=&#8221;off&#8221; custom_padding=&#8221;||||false|false&#8221; custom_css_main_element=&#8221;align-items:Center;&#8221; global_colors_info=&#8221;{}&#8221;][et_pb_column type=&#8221;2_3&#8243; _builder_version=&#8221;4.16&#8243; global_colors_info=&#8221;{}&#8221;][et_pb_text _builder_version=&#8221;4.27.4&#8243; text_font_size=&#8221;16px&#8221; header_3_font=&#8221;|700||on|||||&#8221; header_3_text_color=&#8221;#ffffff&#8221; header_3_font_size=&#8221;32px&#8221; background_layout=&#8221;dark&#8221; text_orientation_phone=&#8221;center&#8221; text_orientation_last_edited=&#8221;off|desktop&#8221; global_colors_info=&#8221;{}&#8221;]<\/p>\n<h3><strong>Vil du leje eller eje?<\/strong><\/h3>\n<p>H\u00f8r om dine muligheder hos os \u2013 f\u00e5 et uforpligtende tilbud i dag!<\/p>\n<p>[\/et_pb_text][\/et_pb_column][et_pb_column type=&#8221;1_3&#8243; _builder_version=&#8221;4.16&#8243; global_colors_info=&#8221;{}&#8221;][et_pb_button button_url=&#8221;\/kontakt-os\/&#8221; button_text=&#8221;Kontakt os nu&#8221; button_alignment=&#8221;center&#8221; _builder_version=&#8221;4.27.4&#8243; custom_button=&#8221;on&#8221; button_text_color=&#8221;#ffffff&#8221; button_bg_color=&#8221;#FEC300&#8243; button_border_color=&#8221;#FEC300&#8243; button_icon=&#8221;&#xe090;||divi||400&#8243; button_icon_placement=&#8221;left&#8221; button_on_hover=&#8221;off&#8221; custom_padding=&#8221;|25px||50px|false|false&#8221; global_colors_info=&#8221;{}&#8221;][\/et_pb_button][\/et_pb_column][\/et_pb_row][\/et_pb_section][et_pb_section fb_built=&#8221;1&#8243; _builder_version=&#8221;4.27.4&#8243; _module_preset=&#8221;default&#8221; global_colors_info=&#8221;{}&#8221;][et_pb_row _builder_version=&#8221;4.27.4&#8243; _module_preset=&#8221;default&#8221; global_colors_info=&#8221;{}&#8221;][et_pb_column type=&#8221;4_4&#8243; _builder_version=&#8221;4.27.4&#8243; _module_preset=&#8221;default&#8221; global_colors_info=&#8221;{}&#8221;][et_pb_text ul_type=&#8221;square&#8221; ul_position=&#8221;inside&#8221; _builder_version=&#8221;4.27.4&#8243; _module_preset=&#8221;default&#8221; header_2_font_size=&#8221;28px&#8221; header_3_font_size=&#8221;20px&#8221; global_colors_info=&#8221;{}&#8221;]<\/p>\n<h2><strong>Udlejning af stillads \u2013 kvalitet og fleksibilitet over hele Danmark<\/strong><\/h2>\n<p>Hos Specialfabrikken tilbyder vi professionel <strong>stilladsudlejning<\/strong>, der er skr\u00e6ddersyet til b\u00e5de sm\u00e5 og store byggeprojekter. Med over 25.000 m\u00b2 kvalitetsstillads i vores udlejningsafdeling kan vi h\u00e5ndtere selv de st\u00f8rste opgaver. Vi tilbyder udlejning af <strong>murerstillads<\/strong>, <strong>bukkestillads<\/strong> og <strong>rullestillads<\/strong>, s\u00e5 du altid har adgang til det rette udstyr til dit byggeprojekt.<\/p>\n<h3>Vores udlejningsregler sikrer en fleksibel aftale<\/h3>\n<ul>\n<li><strong>Stort udvalg<\/strong>: Vi har altid stillads til r\u00e5dighed, s\u00e5 du slipper for at g\u00e5 p\u00e5 kompromis.<\/li>\n<li><strong>S\u00e6rdeles rimelige udlejningspriser<\/strong>: F\u00e5 adgang til kvalitetsstillads til priser, der er til at betale.<\/li>\n<li><strong>Udlejning over hele Danmark<\/strong>: Vi leverer professionelt stillads, uanset hvor du arbejder.<\/li>\n<li><strong>Afregning efter arbejdsdage<\/strong>: Lejen beregnes kun efter normale arbejdsdage (5-dages uge).<\/li>\n<li><strong>Minimumslejeperiode p\u00e5 3 m\u00e5neder<\/strong>: Ideel l\u00f8sning til l\u00e6ngerevarende projekter.<\/li>\n<\/ul>\n<h3>V\u00e6lg det rette stillads til dit projekt<\/h3>\n<ul>\n<li><strong>Murerstillads<\/strong>: Perfekt til facadearbejde og opgaver med h\u00f8j belastning som murv\u00e6rk og renovering.<\/li>\n<li><strong>Bukkestillads<\/strong>: Alsidig og nem at justere, hvilket g\u00f8r det ideelt til opgaver i forskellige h\u00f8jder.<\/li>\n<li><strong>Rullestillads<\/strong>: Mobil l\u00f8sning med hjul, der giver fleksibilitet og hurtig adgang til arbejdsomr\u00e5der.<\/li>\n<\/ul>\n<h3>Hvorfor v\u00e6lge Specialfabrikken?<\/h3>\n<p>Med mere end 50 \u00e5rs erfaring i branchen er vi en p\u00e5lidelig leverand\u00f8r af stilladsudlejning. Vores udlejningsafdeling best\u00e5r af professionelt vedligeholdt stillads, der sikrer b\u00e5de effektivitet og sikkerhed p\u00e5 byggepladsen.<\/p>\n<p><strong>Leje af stillads \u2013 fleksibilitet og tryghed i \u00e9t<br \/><\/strong>Uanset om du har brug for en l\u00f8sning til et stort byggeri eller en mindre opgave, tilbyder vi professionel leje af stillads, der matcher dine behov. Vores stillads leje giver dig adgang til robust og sikkert udstyr uden investering i k\u00f8b \u2013 perfekt til midlertidige eller varierende projekter. Med Specialfabrikken f\u00e5r du r\u00e5dgivning, kvalitet og fleksibilitet i \u00e9n samlet l\u00f8sning. Vi hj\u00e6lper dig med at finde det rette stilladstype og sikrer, at du kommer godt fra start.<\/p>\n<h3>Kontakt os for et tilbud<\/h3>\n<p>Skal du leje stillads til dit n\u00e6ste projekt? Kontakt os p\u00e5 <strong>+45 97 44 14 66<\/strong> eller send en mail til <strong><a rel=\"noopener\"><span>mail<\/span><span>@specialfabrikken<\/span><span>.dk<\/span><\/a><\/strong>. Vi tilbyder konkurrencedygtige priser og hj\u00e6lper dig med at finde den rette l\u00f8sning, s\u00e5 du kan fokusere p\u00e5 at f\u00e5 arbejdet gjort.<\/p>\n<p><strong>Specialfabrikken \u2013 din professionelle partner i stilladsudlejning!<\/strong><\/p>\n<p>[\/et_pb_text][\/et_pb_column][\/et_pb_row][\/et_pb_section]<\/p>\n","protected":false},"excerpt":{"rendered":"<p>UDLEJNING AF STILLADSSkal du kun bruge nogle af vores produkter inden for en bestemt tidsramme, s\u00e5 har du muligheden for at leje vores stilladser.Stilladsudlejning Vor udlejningsafdeling r\u00e5der over ca. 25.000 m2 kvalitetsstillads.Vi kan derfor klare de helt store opgaver. S\u00e6rdeles rimelige udlejningspriser Udlejes over hele Danmark Lejen afregnes kun efter normale arbejdsdage &#8211; 5 dages [&hellip;]<\/p>\n","protected":false},"author":1,"featured_media":0,"parent":0,"menu_order":0,"comment_status":"closed","ping_status":"closed","template":"","meta":{"_acf_changed":false,"_et_pb_use_builder":"on","_et_pb_old_content":"","_et_gb_content_width":"","footnotes":""},"class_list":["post-245","page","type-page","status-publish","hentry"],"acf":[],"yoast_head":"<!-- This site is optimized with the Yoast SEO plugin v27.4 - https:\/\/yoast.com\/product\/yoast-seo-wordpress\/ -->\n<title>Udlejning af stillads \u21d2 Gode udlejningspriser for kvalitetsstillads<\/title>\n<meta name=\"description\" content=\"Vores udlejningsafdeling r\u00e5der over 25.000 m2 kvalitetsstillads - Vi kan derfor klare de helt store opgaver og kan udleje over hele Danmark.\" \/>\n<meta name=\"robots\" content=\"index, follow, max-snippet:-1, max-image-preview:large, max-video-preview:-1\" \/>\n<link rel=\"canonical\" href=\"https:\/\/www.specialfabrikken.dk\/en\/udlejning\/\" \/>\n<meta property=\"og:locale\" content=\"en_US\" \/>\n<meta property=\"og:type\" content=\"article\" \/>\n<meta property=\"og:title\" content=\"Udlejning af stillads \u21d2 Gode udlejningspriser for kvalitetsstillads\" \/>\n<meta property=\"og:description\" content=\"Vores udlejningsafdeling r\u00e5der over 25.000 m2 kvalitetsstillads - Vi kan derfor klare de helt store opgaver og kan udleje over hele Danmark.\" \/>\n<meta property=\"og:url\" content=\"https:\/\/www.specialfabrikken.dk\/en\/udlejning\/\" \/>\n<meta property=\"og:site_name\" content=\"Specialfabrikken\" \/>\n<meta property=\"article:modified_time\" content=\"2025-05-23T06:38:31+00:00\" \/>\n<meta name=\"twitter:card\" content=\"summary_large_image\" \/>\n<meta name=\"twitter:label1\" content=\"Est. reading time\" \/>\n\t<meta name=\"twitter:data1\" content=\"6 minutes\" \/>\n<script type=\"application\/ld+json\" class=\"yoast-schema-graph\">{\"@context\":\"https:\\\/\\\/schema.org\",\"@graph\":[{\"@type\":\"WebPage\",\"@id\":\"https:\\\/\\\/www.specialfabrikken.dk\\\/udlejning\\\/\",\"url\":\"https:\\\/\\\/www.specialfabrikken.dk\\\/udlejning\\\/\",\"name\":\"Udlejning af stillads \u21d2 Gode udlejningspriser for kvalitetsstillads\",\"isPartOf\":{\"@id\":\"https:\\\/\\\/www.specialfabrikken.dk\\\/#website\"},\"datePublished\":\"2020-01-03T14:49:11+00:00\",\"dateModified\":\"2025-05-23T06:38:31+00:00\",\"description\":\"Vores udlejningsafdeling r\u00e5der over 25.000 m2 kvalitetsstillads - Vi kan derfor klare de helt store opgaver og kan udleje over hele Danmark.\",\"breadcrumb\":{\"@id\":\"https:\\\/\\\/www.specialfabrikken.dk\\\/udlejning\\\/#breadcrumb\"},\"inLanguage\":\"en-US\",\"potentialAction\":[{\"@type\":\"ReadAction\",\"target\":[\"https:\\\/\\\/www.specialfabrikken.dk\\\/udlejning\\\/\"]}]},{\"@type\":\"BreadcrumbList\",\"@id\":\"https:\\\/\\\/www.specialfabrikken.dk\\\/udlejning\\\/#breadcrumb\",\"itemListElement\":[{\"@type\":\"ListItem\",\"position\":1,\"name\":\"Forside\",\"item\":\"https:\\\/\\\/www.specialfabrikken.dk\\\/\"},{\"@type\":\"ListItem\",\"position\":2,\"name\":\"Udlejning\"}]},{\"@type\":\"WebSite\",\"@id\":\"https:\\\/\\\/www.specialfabrikken.dk\\\/#website\",\"url\":\"https:\\\/\\\/www.specialfabrikken.dk\\\/\",\"name\":\"Specialfabrikken\",\"description\":\"Specialfabrikken\",\"potentialAction\":[{\"@type\":\"SearchAction\",\"target\":{\"@type\":\"EntryPoint\",\"urlTemplate\":\"https:\\\/\\\/www.specialfabrikken.dk\\\/?s={search_term_string}\"},\"query-input\":{\"@type\":\"PropertyValueSpecification\",\"valueRequired\":true,\"valueName\":\"search_term_string\"}}],\"inLanguage\":\"en-US\"}]}<\/script>\n<!-- \/ Yoast SEO plugin. -->","yoast_head_json":{"title":"Udlejning af stillads \u21d2 Gode udlejningspriser for kvalitetsstillads","description":"Vores udlejningsafdeling r\u00e5der over 25.000 m2 kvalitetsstillads - Vi kan derfor klare de helt store opgaver og kan udleje over hele Danmark.","robots":{"index":"index","follow":"follow","max-snippet":"max-snippet:-1","max-image-preview":"max-image-preview:large","max-video-preview":"max-video-preview:-1"},"canonical":"https:\/\/www.specialfabrikken.dk\/en\/udlejning\/","og_locale":"en_US","og_type":"article","og_title":"Udlejning af stillads \u21d2 Gode udlejningspriser for kvalitetsstillads","og_description":"Vores udlejningsafdeling r\u00e5der over 25.000 m2 kvalitetsstillads - Vi kan derfor klare de helt store opgaver og kan udleje over hele Danmark.","og_url":"https:\/\/www.specialfabrikken.dk\/en\/udlejning\/","og_site_name":"Specialfabrikken","article_modified_time":"2025-05-23T06:38:31+00:00","twitter_card":"summary_large_image","twitter_misc":{"Est. reading time":"6 minutes"},"schema":{"@context":"https:\/\/schema.org","@graph":[{"@type":"WebPage","@id":"https:\/\/www.specialfabrikken.dk\/udlejning\/","url":"https:\/\/www.specialfabrikken.dk\/udlejning\/","name":"Udlejning af stillads \u21d2 Gode udlejningspriser for kvalitetsstillads","isPartOf":{"@id":"https:\/\/www.specialfabrikken.dk\/#website"},"datePublished":"2020-01-03T14:49:11+00:00","dateModified":"2025-05-23T06:38:31+00:00","description":"Vores udlejningsafdeling r\u00e5der over 25.000 m2 kvalitetsstillads - Vi kan derfor klare de helt store opgaver og kan udleje over hele Danmark.","breadcrumb":{"@id":"https:\/\/www.specialfabrikken.dk\/udlejning\/#breadcrumb"},"inLanguage":"en-US","potentialAction":[{"@type":"ReadAction","target":["https:\/\/www.specialfabrikken.dk\/udlejning\/"]}]},{"@type":"BreadcrumbList","@id":"https:\/\/www.specialfabrikken.dk\/udlejning\/#breadcrumb","itemListElement":[{"@type":"ListItem","position":1,"name":"Forside","item":"https:\/\/www.specialfabrikken.dk\/"},{"@type":"ListItem","position":2,"name":"Udlejning"}]},{"@type":"WebSite","@id":"https:\/\/www.specialfabrikken.dk\/#website","url":"https:\/\/www.specialfabrikken.dk\/","name":"Specialfabrikken","description":"Specialfabrikken","potentialAction":[{"@type":"SearchAction","target":{"@type":"EntryPoint","urlTemplate":"https:\/\/www.specialfabrikken.dk\/?s={search_term_string}"},"query-input":{"@type":"PropertyValueSpecification","valueRequired":true,"valueName":"search_term_string"}}],"inLanguage":"en-US"}]}},"_links":{"self":[{"href":"https:\/\/www.specialfabrikken.dk\/en\/wp-json\/wp\/v2\/pages\/245","targetHints":{"allow":["GET"]}}],"collection":[{"href":"https:\/\/www.specialfabrikken.dk\/en\/wp-json\/wp\/v2\/pages"}],"about":[{"href":"https:\/\/www.specialfabrikken.dk\/en\/wp-json\/wp\/v2\/types\/page"}],"author":[{"embeddable":true,"href":"https:\/\/www.specialfabrikken.dk\/en\/wp-json\/wp\/v2\/users\/1"}],"replies":[{"embeddable":true,"href":"https:\/\/www.specialfabrikken.dk\/en\/wp-json\/wp\/v2\/comments?post=245"}],"version-history":[{"count":0,"href":"https:\/\/www.specialfabrikken.dk\/en\/wp-json\/wp\/v2\/pages\/245\/revisions"}],"wp:attachment":[{"href":"https:\/\/www.specialfabrikken.dk\/en\/wp-json\/wp\/v2\/media?parent=245"}],"curies":[{"name":"wp","href":"https:\/\/api.w.org\/{rel}","templated":true}]}}