{"id":51113,"date":"2021-11-22T09:11:13","date_gmt":"2021-11-22T09:11:13","guid":{"rendered":"https:\/\/www.specialfabrikken.dk\/?post_type=product&#038;p=51113"},"modified":"2026-03-30T08:53:39","modified_gmt":"2026-03-30T06:53:39","slug":"cement-mixer-te115","status":"publish","type":"product","link":"https:\/\/www.specialfabrikken.dk\/en\/vare\/tvangsblander-te115\/","title":{"rendered":"Model TE115"},"content":{"rendered":"<h2>Danskproduceret tvangsblander<\/h2>\n<p><strong>Specialfabrikkens wide range:<\/strong> of forced mixers, we ensure that there is a strong and affordable mixer for all needs. This is a handy mixer for lighter tasks. The TE115 is the largest of our smaller models (TE65, TE100 and TE115). Up to 77 liters of ready-mixed material can be mixed per filling in this machine. It is a handy machine that does not compromise on quality. With the help of the high-mounted loading wheels, it is easily loaded by one person, and this mixer is also supplied with a drawbar and large pneumatic rubber wheels.<\/p>\n<p>TE115 is made of robust plates in the tub and base, ensuring that the tub remains round, providing you with a durable and strong machine for many years. Additionally, it is equipped with a side scraper and two arms with rubber-coated mixing blades, which can be adjusted continuously, making it easier to keep the bottom clean and facilitating the subsequent cleaning process.<\/p>\n<p>Please note! We stock a wide range of spare parts, ensuring that you can enjoy the benefits of your cement mixer for many years. You have the option to replace individual parts such as side scrapers, arms, or shovel blades as needed, or you can replace the entire mixing mill at once. We also stock gears, motors, wheels, lids, and numerous small components. All of these contribute to the long lifespan of our mixers.<\/p>\n<p>Note: Direct drive - no V-belts.<\/p>\n<h4><strong>Safety:<\/strong><\/h4>\n<p>In accordance with the Machinery Directive's requirements for safety and health, there is a grid cover installed over the tub and a protective grid under the discharge hatch. Additionally, there is motor protection to prevent unexpected\/unintended starts.<\/p>\n<h4><strong>Application:<\/strong><\/h4>\n<p>Blanderen er beregnet for blanding af posematerialer i mindre portioner &#8211; f.eks. fugemateriale, t\u00f8rm\u00f8rtel og lignende.<\/p>\n<p>Se desuden under &#8216;Yderligere information&#8217;.<\/p>","protected":false},"excerpt":{"rendered":"<p>Short description:<\/p>\n<ul>\n<li>Handy blander med en kapacitet p\u00e5 115 liter (77 l. f\u00e6rdigblandet)<\/li>\n<li>Equipped with loading wheels - can be loaded by one person<\/li>\n<li>Two arms and one side scraper<\/li>\n<li>Stepless adjustment of shovel blades makes cleaning easier<\/li>\n<li>Shovel blades equipped with sound-absorbing rubber<\/li>\n<li>Strong plates in the bottom and tub<\/li>\n<li>Large Pneumatic Wheels<\/li>\n<li>Pull Handle for Easy Transport<\/li>\n<\/ul>\n<p>Se reservedele og tilbeh\u00f8r <strong><a href=\"https:\/\/www.specialfabrikken.dk\/en\/product-category\/maskiner\/reservedel-tilbehoer\/\">her<\/a><\/strong><\/p>","protected":false},"featured_media":53182,"comment_status":"open","ping_status":"closed","template":"","meta":{"_acf_changed":false,"_et_pb_use_builder":"","_et_pb_old_content":"","_et_gb_content_width":""},"product_brand":[],"product_cat":[37,30],"product_tag":[143],"class_list":{"0":"post-51113","1":"product","2":"type-product","3":"status-publish","4":"has-post-thumbnail","6":"product_cat-maskiner","7":"product_cat-tvangsblander","8":"product_tag-tvangsblander","9":"product_shipping_class-stor","11":"first","12":"onbackorder","13":"taxable","14":"shipping-taxable","15":"purchasable","16":"product-type-simple"},"acf":[],"yoast_head":"<!-- This site is optimized with the Yoast SEO plugin v27.5 - https:\/\/yoast.com\/product\/yoast-seo-wordpress\/ -->\n<title>Tvangsblander Model TE115 | 115 L - Praktisk og robust blander<\/title>\n<meta name=\"description\" content=\"Model TE115 fra Specialfabrikken er en kompakt og praktisk tvangsblander med en kapacitet p\u00e5 115 liter (77 liter f\u00e6rdigblandet materiale). Den er udstyret med monterede l\u00e6ssehjul, trinl\u00f8s justering af skovlblade og en robust konstruktion. TE115 er ideel til mindre byggeprojekter, der kr\u00e6ver effektiv blanding og b\u00e6rbarhed.\" \/>\n<meta name=\"robots\" content=\"index, follow, max-snippet:-1, max-image-preview:large, max-video-preview:-1\" \/>\n<link rel=\"canonical\" href=\"https:\/\/www.specialfabrikken.dk\/en\/product-2\/cement-mixer-te115\/\" \/>\n<meta property=\"og:locale\" content=\"en_US\" \/>\n<meta property=\"og:type\" content=\"article\" \/>\n<meta property=\"og:title\" content=\"Tvangsblander Model TE115 | 115 L - Praktisk og robust blander\" \/>\n<meta property=\"og:description\" content=\"Model TE115 fra Specialfabrikken er en kompakt og praktisk tvangsblander med en kapacitet p\u00e5 115 liter (77 liter f\u00e6rdigblandet materiale). Den er udstyret med monterede l\u00e6ssehjul, trinl\u00f8s justering af skovlblade og en robust konstruktion. TE115 er ideel til mindre byggeprojekter, der kr\u00e6ver effektiv blanding og b\u00e6rbarhed.\" \/>\n<meta property=\"og:url\" content=\"https:\/\/www.specialfabrikken.dk\/en\/product-2\/cement-mixer-te115\/\" \/>\n<meta property=\"og:site_name\" content=\"Specialfabrikken\" \/>\n<meta property=\"article:modified_time\" content=\"2026-03-30T06:53:39+00:00\" \/>\n<meta property=\"og:image\" content=\"https:\/\/www.specialfabrikken.dk\/wp-content\/uploads\/2021\/11\/20230627_081819-scaled.jpg\" \/>\n\t<meta property=\"og:image:width\" content=\"1920\" \/>\n\t<meta property=\"og:image:height\" content=\"2560\" \/>\n\t<meta property=\"og:image:type\" content=\"image\/jpeg\" \/>\n<meta name=\"twitter:card\" content=\"summary_large_image\" \/>\n<meta name=\"twitter:label1\" content=\"Est. reading time\" \/>\n\t<meta name=\"twitter:data1\" content=\"2 minutes\" \/>\n<script type=\"application\/ld+json\" class=\"yoast-schema-graph\">{\"@context\":\"https:\\\/\\\/schema.org\",\"@graph\":[{\"@type\":\"WebPage\",\"@id\":\"https:\\\/\\\/www.specialfabrikken.dk\\\/vare\\\/tvangsblander-te115\\\/\",\"url\":\"https:\\\/\\\/www.specialfabrikken.dk\\\/vare\\\/tvangsblander-te115\\\/\",\"name\":\"Tvangsblander Model TE115 | 115 L - Praktisk og robust blander\",\"isPartOf\":{\"@id\":\"https:\\\/\\\/www.specialfabrikken.dk\\\/#website\"},\"primaryImageOfPage\":{\"@id\":\"https:\\\/\\\/www.specialfabrikken.dk\\\/vare\\\/tvangsblander-te115\\\/#primaryimage\"},\"image\":{\"@id\":\"https:\\\/\\\/www.specialfabrikken.dk\\\/vare\\\/tvangsblander-te115\\\/#primaryimage\"},\"thumbnailUrl\":\"https:\\\/\\\/www.specialfabrikken.dk\\\/wp-content\\\/uploads\\\/2021\\\/11\\\/20230627_081819-scaled.jpg\",\"datePublished\":\"2021-11-22T09:11:13+00:00\",\"dateModified\":\"2026-03-30T06:53:39+00:00\",\"description\":\"Model TE115 fra Specialfabrikken er en kompakt og praktisk tvangsblander med en kapacitet p\u00e5 115 liter (77 liter f\u00e6rdigblandet materiale). Den er udstyret med monterede l\u00e6ssehjul, trinl\u00f8s justering af skovlblade og en robust konstruktion. TE115 er ideel til mindre byggeprojekter, der kr\u00e6ver effektiv blanding og b\u00e6rbarhed.\",\"breadcrumb\":{\"@id\":\"https:\\\/\\\/www.specialfabrikken.dk\\\/vare\\\/tvangsblander-te115\\\/#breadcrumb\"},\"inLanguage\":\"en-US\",\"potentialAction\":[{\"@type\":\"ReadAction\",\"target\":[\"https:\\\/\\\/www.specialfabrikken.dk\\\/vare\\\/tvangsblander-te115\\\/\"]}]},{\"@type\":\"ImageObject\",\"inLanguage\":\"en-US\",\"@id\":\"https:\\\/\\\/www.specialfabrikken.dk\\\/vare\\\/tvangsblander-te115\\\/#primaryimage\",\"url\":\"https:\\\/\\\/www.specialfabrikken.dk\\\/wp-content\\\/uploads\\\/2021\\\/11\\\/20230627_081819-scaled.jpg\",\"contentUrl\":\"https:\\\/\\\/www.specialfabrikken.dk\\\/wp-content\\\/uploads\\\/2021\\\/11\\\/20230627_081819-scaled.jpg\",\"width\":1920,\"height\":2560,\"caption\":\"Tvangsblander TE115\"},{\"@type\":\"BreadcrumbList\",\"@id\":\"https:\\\/\\\/www.specialfabrikken.dk\\\/vare\\\/tvangsblander-te115\\\/#breadcrumb\",\"itemListElement\":[{\"@type\":\"ListItem\",\"position\":1,\"name\":\"Forside\",\"item\":\"https:\\\/\\\/www.specialfabrikken.dk\\\/\"},{\"@type\":\"ListItem\",\"position\":2,\"name\":\"Shop\",\"item\":\"https:\\\/\\\/www.specialfabrikken.dk\\\/shop\\\/\"},{\"@type\":\"ListItem\",\"position\":3,\"name\":\"Model TE115\"}]},{\"@type\":\"WebSite\",\"@id\":\"https:\\\/\\\/www.specialfabrikken.dk\\\/#website\",\"url\":\"https:\\\/\\\/www.specialfabrikken.dk\\\/\",\"name\":\"Specialfabrikken\",\"description\":\"Specialfabrikken\",\"potentialAction\":[{\"@type\":\"SearchAction\",\"target\":{\"@type\":\"EntryPoint\",\"urlTemplate\":\"https:\\\/\\\/www.specialfabrikken.dk\\\/?s={search_term_string}\"},\"query-input\":{\"@type\":\"PropertyValueSpecification\",\"valueRequired\":true,\"valueName\":\"search_term_string\"}}],\"inLanguage\":\"en-US\"}]}<\/script>\n<!-- \/ Yoast SEO plugin. -->","yoast_head_json":{"title":"Cement mixer Model TE115 | 115 L - Practical and robust mixer","description":"Model TE115 from Specialfabrikken is a compact and practical forced mixer with a capacity of 115 liters (77 liters of finished material). It is equipped with mounted loading wheels, stepless adjustment of mixing blades, and a robust construction. TE115 is ideal for smaller construction projects that require efficient mixing and portability.","robots":{"index":"index","follow":"follow","max-snippet":"max-snippet:-1","max-image-preview":"max-image-preview:large","max-video-preview":"max-video-preview:-1"},"canonical":"https:\/\/www.specialfabrikken.dk\/en\/product-2\/cement-mixer-te115\/","og_locale":"en_US","og_type":"article","og_title":"Tvangsblander Model TE115 | 115 L - Praktisk og robust blander","og_description":"Model TE115 fra Specialfabrikken er en kompakt og praktisk tvangsblander med en kapacitet p\u00e5 115 liter (77 liter f\u00e6rdigblandet materiale). Den er udstyret med monterede l\u00e6ssehjul, trinl\u00f8s justering af skovlblade og en robust konstruktion. TE115 er ideel til mindre byggeprojekter, der kr\u00e6ver effektiv blanding og b\u00e6rbarhed.","og_url":"https:\/\/www.specialfabrikken.dk\/en\/product-2\/cement-mixer-te115\/","og_site_name":"Specialfabrikken","article_modified_time":"2026-03-30T06:53:39+00:00","og_image":[{"width":1920,"height":2560,"url":"https:\/\/www.specialfabrikken.dk\/wp-content\/uploads\/2021\/11\/20230627_081819-scaled.jpg","type":"image\/jpeg"}],"twitter_card":"summary_large_image","twitter_misc":{"Est. reading time":"2 minutes"},"schema":{"@context":"https:\/\/schema.org","@graph":[{"@type":"WebPage","@id":"https:\/\/www.specialfabrikken.dk\/vare\/tvangsblander-te115\/","url":"https:\/\/www.specialfabrikken.dk\/vare\/tvangsblander-te115\/","name":"Cement mixer Model TE115 | 115 L - Practical and robust mixer","isPartOf":{"@id":"https:\/\/www.specialfabrikken.dk\/#website"},"primaryImageOfPage":{"@id":"https:\/\/www.specialfabrikken.dk\/vare\/tvangsblander-te115\/#primaryimage"},"image":{"@id":"https:\/\/www.specialfabrikken.dk\/vare\/tvangsblander-te115\/#primaryimage"},"thumbnailUrl":"https:\/\/www.specialfabrikken.dk\/wp-content\/uploads\/2021\/11\/20230627_081819-scaled.jpg","datePublished":"2021-11-22T09:11:13+00:00","dateModified":"2026-03-30T06:53:39+00:00","description":"Model TE115 from Specialfabrikken is a compact and practical forced mixer with a capacity of 115 liters (77 liters of finished material). It is equipped with mounted loading wheels, stepless adjustment of mixing blades, and a robust construction. TE115 is ideal for smaller construction projects that require efficient mixing and portability.","breadcrumb":{"@id":"https:\/\/www.specialfabrikken.dk\/vare\/tvangsblander-te115\/#breadcrumb"},"inLanguage":"en-US","potentialAction":[{"@type":"ReadAction","target":["https:\/\/www.specialfabrikken.dk\/vare\/tvangsblander-te115\/"]}]},{"@type":"ImageObject","inLanguage":"en-US","@id":"https:\/\/www.specialfabrikken.dk\/vare\/tvangsblander-te115\/#primaryimage","url":"https:\/\/www.specialfabrikken.dk\/wp-content\/uploads\/2021\/11\/20230627_081819-scaled.jpg","contentUrl":"https:\/\/www.specialfabrikken.dk\/wp-content\/uploads\/2021\/11\/20230627_081819-scaled.jpg","width":1920,"height":2560,"caption":"Tvangsblander TE115"},{"@type":"BreadcrumbList","@id":"https:\/\/www.specialfabrikken.dk\/vare\/tvangsblander-te115\/#breadcrumb","itemListElement":[{"@type":"ListItem","position":1,"name":"Forside","item":"https:\/\/www.specialfabrikken.dk\/"},{"@type":"ListItem","position":2,"name":"Shop","item":"https:\/\/www.specialfabrikken.dk\/shop\/"},{"@type":"ListItem","position":3,"name":"Model TE115"}]},{"@type":"WebSite","@id":"https:\/\/www.specialfabrikken.dk\/#website","url":"https:\/\/www.specialfabrikken.dk\/","name":"Specialfabrikken","description":"Specialfabrikken","potentialAction":[{"@type":"SearchAction","target":{"@type":"EntryPoint","urlTemplate":"https:\/\/www.specialfabrikken.dk\/?s={search_term_string}"},"query-input":{"@type":"PropertyValueSpecification","valueRequired":true,"valueName":"search_term_string"}}],"inLanguage":"en-US"}]}},"_links":{"self":[{"href":"https:\/\/www.specialfabrikken.dk\/en\/wp-json\/wp\/v2\/product\/51113","targetHints":{"allow":["GET"]}}],"collection":[{"href":"https:\/\/www.specialfabrikken.dk\/en\/wp-json\/wp\/v2\/product"}],"about":[{"href":"https:\/\/www.specialfabrikken.dk\/en\/wp-json\/wp\/v2\/types\/product"}],"replies":[{"embeddable":true,"href":"https:\/\/www.specialfabrikken.dk\/en\/wp-json\/wp\/v2\/comments?post=51113"}],"wp:featuredmedia":[{"embeddable":true,"href":"https:\/\/www.specialfabrikken.dk\/en\/wp-json\/wp\/v2\/media\/53182"}],"wp:attachment":[{"href":"https:\/\/www.specialfabrikken.dk\/en\/wp-json\/wp\/v2\/media?parent=51113"}],"wp:term":[{"taxonomy":"product_brand","embeddable":true,"href":"https:\/\/www.specialfabrikken.dk\/en\/wp-json\/wp\/v2\/product_brand?post=51113"},{"taxonomy":"product_cat","embeddable":true,"href":"https:\/\/www.specialfabrikken.dk\/en\/wp-json\/wp\/v2\/product_cat?post=51113"},{"taxonomy":"product_tag","embeddable":true,"href":"https:\/\/www.specialfabrikken.dk\/en\/wp-json\/wp\/v2\/product_tag?post=51113"}],"curies":[{"name":"wp","href":"https:\/\/api.w.org\/{rel}","templated":true}]}}