{"id":51114,"date":"2021-11-22T09:23:06","date_gmt":"2021-11-22T09:23:06","guid":{"rendered":"https:\/\/www.specialfabrikken.dk\/?post_type=product&#038;p=51114"},"modified":"2026-02-23T12:29:08","modified_gmt":"2026-02-23T11:29:08","slug":"traktormonteret-tvangsblander-tt880","status":"publish","type":"product","link":"https:\/\/www.specialfabrikken.dk\/en\/vare\/traktormonteret-tvangsblander-tt880\/","title":{"rendered":"Model TT880 Tractor-Mounted"},"content":{"rendered":"<h2><strong>Danskproduceret tvangsblander<\/strong><\/h2>\n<p><strong>Specialfabrikkens wide range:<\/strong> af tvangsblandere sikrer, at der findes en blander til alle behov. TT880 er med en karvolumen p\u00e5 hele 880 liter maskinen til dem, der har behov for store blandinger &#8211; med denne maskine f\u00e5r du 500 liter f\u00e6rdigblandet materiale. Blanderen er udstyret med fire arme med affjedrende og udskiftelige blandeskovle af st\u00e5l. Blanderen monteres p\u00e5 traktorens trepunktsoph\u00e6ng og drives direkte fra kraftudtag, hvilket muligg\u00f8r blanding under transport og t\u00f8mning direkte p\u00e5 st\u00f8bestedet. Den leveres med kraftoverf\u00f8ringsaksel, sikkerhedsgitterl\u00e5g og st\u00e6nksk\u00e6rm til beskyttelse af traktor. Bem\u00e6rk! Vi lagerf\u00f8rer et stort udvalg af reservedele, som sikrer, at du kan have gl\u00e6de af din tvangsblander i mange \u00e5r. Det er eksempelvis muligt at udskifte sideskraber, arme eller skovlblade enkeltvis, eller du kan udskifte hele blandem\u00f8llen p\u00e5 \u00e9n gang alt efter behov. Vi lagerf\u00f8rer ogs\u00e5 gear, motor, hjul, l\u00e5g og et utal af sm\u00e5 komponenter. Alt sammen er med til at sikre vores blandere en lang levetid. L\u00e6ssetragt &#8211; som vist p\u00e5 ovenst\u00e5ende billede &#8211; er ekstraudstyr. <b>Specialfabrikken Vinderup<\/b> produces efficient forced mixers known for their strength and quality. The tank is made of 6 mm plate, ensuring that the tank remains round, and the bottom is made of 10 mm plate. With this mixer, you get a machine built for many years of work. The mixing blades can be adjusted continuously, which keeps the bottom clean and facilitates subsequent cleaning. Suitable for mixing mortar as well as concrete. <em>Vinderup Prof Cement Mixers can also be supplied with a gasoline or diesel engine. Contact us for price and options.<\/em><\/p>","protected":false},"excerpt":{"rendered":"<p><strong>Short description:<\/strong><\/p>\n<ul>\n<li>A large mixer with a capacity of 880 liters (550 liters of finished material).<\/li>\n<li>Mounted on the tractor's three-point hitch.<\/li>\n<li>Supplied with a power take-off shaft.<\/li>\n<li>Four suspended mixing arms.<\/li>\n<li>10 and 6 mm plates in the bottom and tub.<\/li>\n<li>Fitted with a splash guard on the lid to protect the tractor.<\/li>\n<li>Loading chute - as shown in the picture - can be purchased separately.<\/li>\n<\/ul>","protected":false},"featured_media":52598,"comment_status":"open","ping_status":"closed","template":"","meta":{"_acf_changed":false,"_et_pb_use_builder":"off","_et_pb_old_content":"<h2>Danskproduceret tvangsblander<\/h2>\r\n\u00a0\r\n\r\n<strong>Specialfabrikkens brede udvalg<\/strong> af tvangsblandere sikrer, at der findes en blander til alle behov. TT880 er med en karvolumen p\u00e5 hele 880 liter maskinen til dem, der har behov for store blandinger - med denne maskine f\u00e5r du 500 liter f\u00e6rdigblandet materiale. Blanderen er udstyret med fire arme med affjedrende og udskiftelige blandeskovle af st\u00e5l.\r\n\r\n\u00a0\r\n\r\nBlanderen monteres p\u00e5 traktorens trepunktsoph\u00e6ng og drives direkte fra kraftudtag, hvilket muligg\u00f8r blanding under transport og t\u00f8mning direkte p\u00e5 st\u00f8bestedet. Den leveres med kraftoverf\u00f8ringsaksel, sikkerhedsgitterl\u00e5g og st\u00e6nksk\u00e6rm til beskyttelse af traktor.\r\n\r\n\u00a0\r\n\r\nBem\u00e6rk! Vi lagerf\u00f8rer et stort udvalg af reservedele, som sikrer, at du kan have gl\u00e6de af din tvangsblander i mange \u00e5r. Det er eksempelvis muligt at udskifte sideskraber, arme eller skovlblade enkeltvis, eller du kan udskifte hele blandem\u00f8llen p\u00e5 \u00e9n gang alt efter behov. Vi lagerf\u00f8rer ogs\u00e5 gear, motor, hjul, l\u00e5g og et utal af sm\u00e5 komponenter. Alt sammen er med til at sikre vores blandere en lang levetid.\r\n\r\nL\u00e6ssetragt - som vist p\u00e5 ovenst\u00e5ende billede - er ekstraudstyr.\r\n\r\n\u00a0\r\n\r\n<b>Specialfabrikken Vinderup<\/b> laver effektive tvangsblandere, der er kendt for deres styrke og kvalitet. Karret er fremstillet af 6 mm. plade, som sikrer at karret forbliver rundt, og bunden er fremstillet af 10 mm. plade. Du f\u00e5r her en blander, som er bygget til mange \u00e5rs arbejde. Skovlbladene kan justeres trinl\u00f8st, hvilket holder bunden ren og letter efterf\u00f8lgende reng\u00f8ring.\r\n\r\nVelegnet til blanding af m\u00f8rtel s\u00e5vel som beton.\r\n\r\n<em>Vinderup Prof Tvangsblandere kan ogs\u00e5 leveres med benzin- eller dieselmotor, kontakt os for pris og muligheder.<\/em>","_et_gb_content_width":""},"product_brand":[],"product_cat":[37,30],"product_tag":[143],"class_list":{"0":"post-51114","1":"product","2":"type-product","3":"status-publish","4":"has-post-thumbnail","6":"product_cat-maskiner","7":"product_cat-tvangsblander","8":"product_tag-tvangsblander","9":"product_shipping_class-stor","11":"first","12":"onbackorder","13":"taxable","14":"shipping-taxable","15":"purchasable","16":"product-type-simple"},"acf":[],"yoast_head":"<!-- This site is optimized with the Yoast SEO plugin v27.5 - https:\/\/yoast.com\/product\/yoast-seo-wordpress\/ -->\n<title>Tvangsblander Model TT880 | 880 L - Til de helt store opgaver<\/title>\n<meta name=\"description\" content=\"Model TT880 Traktormonteret fra Specialfabrikken er en kraftfuld tvangsblander med en kapacitet p\u00e5 880 liter (550 liter f\u00e6rdigblandet materiale). Den er designet til store byggeprojekter og landbrugsopgaver og monteres nemt p\u00e5 traktorens trepunktsoph\u00e6ng. TT880 er udstyret med fire affjedrende blandearme og har en robust konstruktion, der sikrer p\u00e5lidelig ydeevne. Der er ogs\u00e5 mulighed for at tilk\u00f8be en l\u00e6ssetragt for lettere p\u00e5fyldning af materialer.\" \/>\n<meta name=\"robots\" content=\"index, follow, max-snippet:-1, max-image-preview:large, max-video-preview:-1\" \/>\n<link rel=\"canonical\" href=\"https:\/\/www.specialfabrikken.dk\/en\/product-2\/traktormonteret-tvangsblander-tt880\/\" \/>\n<meta property=\"og:locale\" content=\"en_US\" \/>\n<meta property=\"og:type\" content=\"article\" \/>\n<meta property=\"og:title\" content=\"Tvangsblander Model TT880 | 880 L - Til de helt store opgaver\" \/>\n<meta property=\"og:description\" content=\"Model TT880 Traktormonteret fra Specialfabrikken er en kraftfuld tvangsblander med en kapacitet p\u00e5 880 liter (550 liter f\u00e6rdigblandet materiale). Den er designet til store byggeprojekter og landbrugsopgaver og monteres nemt p\u00e5 traktorens trepunktsoph\u00e6ng. TT880 er udstyret med fire affjedrende blandearme og har en robust konstruktion, der sikrer p\u00e5lidelig ydeevne. Der er ogs\u00e5 mulighed for at tilk\u00f8be en l\u00e6ssetragt for lettere p\u00e5fyldning af materialer.\" \/>\n<meta property=\"og:url\" content=\"https:\/\/www.specialfabrikken.dk\/en\/product-2\/traktormonteret-tvangsblander-tt880\/\" \/>\n<meta property=\"og:site_name\" content=\"Specialfabrikken\" \/>\n<meta property=\"article:modified_time\" content=\"2026-02-23T11:29:08+00:00\" \/>\n<meta property=\"og:image\" content=\"https:\/\/www.specialfabrikken.dk\/wp-content\/uploads\/2021\/11\/20220405_115757-scaled.jpg\" \/>\n\t<meta property=\"og:image:width\" content=\"2560\" \/>\n\t<meta property=\"og:image:height\" content=\"1920\" \/>\n\t<meta property=\"og:image:type\" content=\"image\/jpeg\" \/>\n<meta name=\"twitter:card\" content=\"summary_large_image\" \/>\n<meta name=\"twitter:label1\" content=\"Est. reading time\" \/>\n\t<meta name=\"twitter:data1\" content=\"2 minutes\" \/>\n<script type=\"application\/ld+json\" class=\"yoast-schema-graph\">{\"@context\":\"https:\\\/\\\/schema.org\",\"@graph\":[{\"@type\":\"WebPage\",\"@id\":\"https:\\\/\\\/www.specialfabrikken.dk\\\/vare\\\/traktormonteret-tvangsblander-tt880\\\/\",\"url\":\"https:\\\/\\\/www.specialfabrikken.dk\\\/vare\\\/traktormonteret-tvangsblander-tt880\\\/\",\"name\":\"Tvangsblander Model TT880 | 880 L - Til de helt store opgaver\",\"isPartOf\":{\"@id\":\"https:\\\/\\\/www.specialfabrikken.dk\\\/#website\"},\"primaryImageOfPage\":{\"@id\":\"https:\\\/\\\/www.specialfabrikken.dk\\\/vare\\\/traktormonteret-tvangsblander-tt880\\\/#primaryimage\"},\"image\":{\"@id\":\"https:\\\/\\\/www.specialfabrikken.dk\\\/vare\\\/traktormonteret-tvangsblander-tt880\\\/#primaryimage\"},\"thumbnailUrl\":\"https:\\\/\\\/www.specialfabrikken.dk\\\/wp-content\\\/uploads\\\/2021\\\/11\\\/20220405_115757-scaled.jpg\",\"datePublished\":\"2021-11-22T09:23:06+00:00\",\"dateModified\":\"2026-02-23T11:29:08+00:00\",\"description\":\"Model TT880 Traktormonteret fra Specialfabrikken er en kraftfuld tvangsblander med en kapacitet p\u00e5 880 liter (550 liter f\u00e6rdigblandet materiale). Den er designet til store byggeprojekter og landbrugsopgaver og monteres nemt p\u00e5 traktorens trepunktsoph\u00e6ng. TT880 er udstyret med fire affjedrende blandearme og har en robust konstruktion, der sikrer p\u00e5lidelig ydeevne. Der er ogs\u00e5 mulighed for at tilk\u00f8be en l\u00e6ssetragt for lettere p\u00e5fyldning af materialer.\",\"breadcrumb\":{\"@id\":\"https:\\\/\\\/www.specialfabrikken.dk\\\/vare\\\/traktormonteret-tvangsblander-tt880\\\/#breadcrumb\"},\"inLanguage\":\"en-US\",\"potentialAction\":[{\"@type\":\"ReadAction\",\"target\":[\"https:\\\/\\\/www.specialfabrikken.dk\\\/vare\\\/traktormonteret-tvangsblander-tt880\\\/\"]}]},{\"@type\":\"ImageObject\",\"inLanguage\":\"en-US\",\"@id\":\"https:\\\/\\\/www.specialfabrikken.dk\\\/vare\\\/traktormonteret-tvangsblander-tt880\\\/#primaryimage\",\"url\":\"https:\\\/\\\/www.specialfabrikken.dk\\\/wp-content\\\/uploads\\\/2021\\\/11\\\/20220405_115757-scaled.jpg\",\"contentUrl\":\"https:\\\/\\\/www.specialfabrikken.dk\\\/wp-content\\\/uploads\\\/2021\\\/11\\\/20220405_115757-scaled.jpg\",\"width\":2560,\"height\":1920},{\"@type\":\"BreadcrumbList\",\"@id\":\"https:\\\/\\\/www.specialfabrikken.dk\\\/vare\\\/traktormonteret-tvangsblander-tt880\\\/#breadcrumb\",\"itemListElement\":[{\"@type\":\"ListItem\",\"position\":1,\"name\":\"Forside\",\"item\":\"https:\\\/\\\/www.specialfabrikken.dk\\\/\"},{\"@type\":\"ListItem\",\"position\":2,\"name\":\"Shop\",\"item\":\"https:\\\/\\\/www.specialfabrikken.dk\\\/shop\\\/\"},{\"@type\":\"ListItem\",\"position\":3,\"name\":\"Model TT880 Traktormonteret\"}]},{\"@type\":\"WebSite\",\"@id\":\"https:\\\/\\\/www.specialfabrikken.dk\\\/#website\",\"url\":\"https:\\\/\\\/www.specialfabrikken.dk\\\/\",\"name\":\"Specialfabrikken\",\"description\":\"Specialfabrikken\",\"potentialAction\":[{\"@type\":\"SearchAction\",\"target\":{\"@type\":\"EntryPoint\",\"urlTemplate\":\"https:\\\/\\\/www.specialfabrikken.dk\\\/?s={search_term_string}\"},\"query-input\":{\"@type\":\"PropertyValueSpecification\",\"valueRequired\":true,\"valueName\":\"search_term_string\"}}],\"inLanguage\":\"en-US\"}]}<\/script>\n<!-- \/ Yoast SEO plugin. -->","yoast_head_json":{"title":"Tvangsblander Model TT880 | 880 L - Til de helt store opgaver","description":"Model TT880 Traktormonteret fra Specialfabrikken er en kraftfuld tvangsblander med en kapacitet p\u00e5 880 liter (550 liter f\u00e6rdigblandet materiale). Den er designet til store byggeprojekter og landbrugsopgaver og monteres nemt p\u00e5 traktorens trepunktsoph\u00e6ng. TT880 er udstyret med fire affjedrende blandearme og har en robust konstruktion, der sikrer p\u00e5lidelig ydeevne. Der er ogs\u00e5 mulighed for at tilk\u00f8be en l\u00e6ssetragt for lettere p\u00e5fyldning af materialer.","robots":{"index":"index","follow":"follow","max-snippet":"max-snippet:-1","max-image-preview":"max-image-preview:large","max-video-preview":"max-video-preview:-1"},"canonical":"https:\/\/www.specialfabrikken.dk\/en\/product-2\/traktormonteret-tvangsblander-tt880\/","og_locale":"en_US","og_type":"article","og_title":"Tvangsblander Model TT880 | 880 L - Til de helt store opgaver","og_description":"Model TT880 Traktormonteret fra Specialfabrikken er en kraftfuld tvangsblander med en kapacitet p\u00e5 880 liter (550 liter f\u00e6rdigblandet materiale). Den er designet til store byggeprojekter og landbrugsopgaver og monteres nemt p\u00e5 traktorens trepunktsoph\u00e6ng. TT880 er udstyret med fire affjedrende blandearme og har en robust konstruktion, der sikrer p\u00e5lidelig ydeevne. Der er ogs\u00e5 mulighed for at tilk\u00f8be en l\u00e6ssetragt for lettere p\u00e5fyldning af materialer.","og_url":"https:\/\/www.specialfabrikken.dk\/en\/product-2\/traktormonteret-tvangsblander-tt880\/","og_site_name":"Specialfabrikken","article_modified_time":"2026-02-23T11:29:08+00:00","og_image":[{"width":2560,"height":1920,"url":"https:\/\/www.specialfabrikken.dk\/wp-content\/uploads\/2021\/11\/20220405_115757-scaled.jpg","type":"image\/jpeg"}],"twitter_card":"summary_large_image","twitter_misc":{"Est. reading time":"2 minutes"},"schema":{"@context":"https:\/\/schema.org","@graph":[{"@type":"WebPage","@id":"https:\/\/www.specialfabrikken.dk\/vare\/traktormonteret-tvangsblander-tt880\/","url":"https:\/\/www.specialfabrikken.dk\/vare\/traktormonteret-tvangsblander-tt880\/","name":"Tvangsblander Model TT880 | 880 L - Til de helt store opgaver","isPartOf":{"@id":"https:\/\/www.specialfabrikken.dk\/#website"},"primaryImageOfPage":{"@id":"https:\/\/www.specialfabrikken.dk\/vare\/traktormonteret-tvangsblander-tt880\/#primaryimage"},"image":{"@id":"https:\/\/www.specialfabrikken.dk\/vare\/traktormonteret-tvangsblander-tt880\/#primaryimage"},"thumbnailUrl":"https:\/\/www.specialfabrikken.dk\/wp-content\/uploads\/2021\/11\/20220405_115757-scaled.jpg","datePublished":"2021-11-22T09:23:06+00:00","dateModified":"2026-02-23T11:29:08+00:00","description":"Model TT880 Traktormonteret fra Specialfabrikken er en kraftfuld tvangsblander med en kapacitet p\u00e5 880 liter (550 liter f\u00e6rdigblandet materiale). Den er designet til store byggeprojekter og landbrugsopgaver og monteres nemt p\u00e5 traktorens trepunktsoph\u00e6ng. TT880 er udstyret med fire affjedrende blandearme og har en robust konstruktion, der sikrer p\u00e5lidelig ydeevne. Der er ogs\u00e5 mulighed for at tilk\u00f8be en l\u00e6ssetragt for lettere p\u00e5fyldning af materialer.","breadcrumb":{"@id":"https:\/\/www.specialfabrikken.dk\/vare\/traktormonteret-tvangsblander-tt880\/#breadcrumb"},"inLanguage":"en-US","potentialAction":[{"@type":"ReadAction","target":["https:\/\/www.specialfabrikken.dk\/vare\/traktormonteret-tvangsblander-tt880\/"]}]},{"@type":"ImageObject","inLanguage":"en-US","@id":"https:\/\/www.specialfabrikken.dk\/vare\/traktormonteret-tvangsblander-tt880\/#primaryimage","url":"https:\/\/www.specialfabrikken.dk\/wp-content\/uploads\/2021\/11\/20220405_115757-scaled.jpg","contentUrl":"https:\/\/www.specialfabrikken.dk\/wp-content\/uploads\/2021\/11\/20220405_115757-scaled.jpg","width":2560,"height":1920},{"@type":"BreadcrumbList","@id":"https:\/\/www.specialfabrikken.dk\/vare\/traktormonteret-tvangsblander-tt880\/#breadcrumb","itemListElement":[{"@type":"ListItem","position":1,"name":"Forside","item":"https:\/\/www.specialfabrikken.dk\/"},{"@type":"ListItem","position":2,"name":"Shop","item":"https:\/\/www.specialfabrikken.dk\/shop\/"},{"@type":"ListItem","position":3,"name":"Model TT880 Traktormonteret"}]},{"@type":"WebSite","@id":"https:\/\/www.specialfabrikken.dk\/#website","url":"https:\/\/www.specialfabrikken.dk\/","name":"Specialfabrikken","description":"Specialfabrikken","potentialAction":[{"@type":"SearchAction","target":{"@type":"EntryPoint","urlTemplate":"https:\/\/www.specialfabrikken.dk\/?s={search_term_string}"},"query-input":{"@type":"PropertyValueSpecification","valueRequired":true,"valueName":"search_term_string"}}],"inLanguage":"en-US"}]}},"_links":{"self":[{"href":"https:\/\/www.specialfabrikken.dk\/en\/wp-json\/wp\/v2\/product\/51114","targetHints":{"allow":["GET"]}}],"collection":[{"href":"https:\/\/www.specialfabrikken.dk\/en\/wp-json\/wp\/v2\/product"}],"about":[{"href":"https:\/\/www.specialfabrikken.dk\/en\/wp-json\/wp\/v2\/types\/product"}],"replies":[{"embeddable":true,"href":"https:\/\/www.specialfabrikken.dk\/en\/wp-json\/wp\/v2\/comments?post=51114"}],"wp:featuredmedia":[{"embeddable":true,"href":"https:\/\/www.specialfabrikken.dk\/en\/wp-json\/wp\/v2\/media\/52598"}],"wp:attachment":[{"href":"https:\/\/www.specialfabrikken.dk\/en\/wp-json\/wp\/v2\/media?parent=51114"}],"wp:term":[{"taxonomy":"product_brand","embeddable":true,"href":"https:\/\/www.specialfabrikken.dk\/en\/wp-json\/wp\/v2\/product_brand?post=51114"},{"taxonomy":"product_cat","embeddable":true,"href":"https:\/\/www.specialfabrikken.dk\/en\/wp-json\/wp\/v2\/product_cat?post=51114"},{"taxonomy":"product_tag","embeddable":true,"href":"https:\/\/www.specialfabrikken.dk\/en\/wp-json\/wp\/v2\/product_tag?post=51114"}],"curies":[{"name":"wp","href":"https:\/\/api.w.org\/{rel}","templated":true}]}}