{"id":51415,"date":"2022-01-28T11:15:45","date_gmt":"2022-01-28T11:15:45","guid":{"rendered":"https:\/\/www.specialfabrikken.dk\/?post_type=product&#038;p=51415"},"modified":"2026-04-15T13:56:41","modified_gmt":"2026-04-15T11:56:41","slug":"muranker","status":"publish","type":"product","link":"https:\/\/www.specialfabrikken.dk\/en\/vare\/muranker\/","title":{"rendered":"Muranker \u00d848 \/ 0,6 m."},"content":{"rendered":"<p class=\"p1\">Her f\u00e5r du et st\u00e6rkt og kompakt muranker, der kombinerer h\u00f8j styrke med let h\u00e5ndtering. <span class=\"s1\"><b>Med \u00d848 mm diameter og 60 cm l\u00e6ngde<\/b><\/span> er det ideelt til standardprojekter, hvor du har brug for en solid fastg\u00f8relse, men ikke n\u00f8dvendigvis skal bore helt ind i muren.<\/p>\n<p class=\"p1\">Det passer til de fleste st\u00f8rre stilladssystemer og sikrer god stabilitet under b\u00e5de montage og brug.<\/p>\n<p class=\"p1\">Fordele:<\/p>\n<ul>\n<li>\n<p class=\"p1\">\u00d848 mm \u2013 robust og st\u00e6rk konstruktion<\/p>\n<\/li>\n<li>\n<p class=\"p1\">60 cm l\u00e6ngde \u2013 praktisk til mange facadetyper<\/p>\n<\/li>\n<li>\n<p class=\"p1\">Fremstillet i varmgalvaniseret st\u00e5l<\/p>\n<\/li>\n<li>\n<p class=\"p1\">Hurtig montering med standard beslag<\/p>\n<\/li>\n<li>\n<p class=\"p1\">Holdbart valg til b\u00e5de mindre og mellemstore projekter<\/p>\n<\/li>\n<\/ul>","protected":false},"excerpt":{"rendered":"<p>Short description:<\/p>\n<ul>\n<li>Muranker i galvaniseret st\u00e5l.<\/li>\n<li>Modeller til alle typer stilladser findes under de forskellige kategorier.<\/li>\n<\/ul>","protected":false},"featured_media":53447,"comment_status":"open","ping_status":"closed","template":"","meta":{"_acf_changed":false,"_et_pb_use_builder":"","_et_pb_old_content":"","_et_gb_content_width":""},"product_brand":[],"product_cat":[35,168,32,55,31],"product_tag":[172,112,48,178],"class_list":{"0":"post-51415","1":"product","2":"type-product","3":"status-publish","4":"has-post-thumbnail","6":"product_cat-alufacadestillads","7":"product_cat-muranker","8":"product_cat-murerstillads","9":"product_cat-staal-facadestillads","10":"product_cat-stillads","11":"product_tag-alu-facadestillads","12":"product_tag-bukkestillads","13":"product_tag-murerstillads","14":"product_tag-staal-facadestillads","15":"product_shipping_class-smaa","17":"first","18":"instock","19":"taxable","20":"shipping-taxable","21":"purchasable","22":"product-type-simple"},"acf":[],"yoast_head":"<!-- This site is optimized with the Yoast SEO plugin v27.4 - https:\/\/yoast.com\/product\/yoast-seo-wordpress\/ -->\n<title>Muranker \u00d848 60 cm \u2013 Holdbart og rustbeskyttet | Specialfabrikken<\/title>\n<meta name=\"description\" content=\"Robust muranker \u00d848 \/ 60 cm i galvaniseret st\u00e5l. Bruges til sikker fastg\u00f8relse af stillads til murv\u00e6rk. Se mere hos Specialfabrikken.\" \/>\n<meta name=\"robots\" content=\"index, follow, max-snippet:-1, max-image-preview:large, max-video-preview:-1\" \/>\n<link rel=\"canonical\" href=\"https:\/\/www.specialfabrikken.dk\/en\/product-2\/muranker\/\" \/>\n<meta property=\"og:locale\" content=\"en_US\" \/>\n<meta property=\"og:type\" content=\"article\" \/>\n<meta property=\"og:title\" content=\"Muranker \u00d848 60 cm \u2013 Holdbart og rustbeskyttet | Specialfabrikken\" \/>\n<meta property=\"og:description\" content=\"Robust muranker \u00d848 \/ 60 cm i galvaniseret st\u00e5l. Bruges til sikker fastg\u00f8relse af stillads til murv\u00e6rk. Se mere hos Specialfabrikken.\" \/>\n<meta property=\"og:url\" content=\"https:\/\/www.specialfabrikken.dk\/en\/product-2\/muranker\/\" \/>\n<meta property=\"og:site_name\" content=\"Specialfabrikken\" \/>\n<meta property=\"article:modified_time\" content=\"2026-04-15T11:56:41+00:00\" \/>\n<meta property=\"og:image\" content=\"https:\/\/www.specialfabrikken.dk\/wp-content\/uploads\/2022\/01\/1020-0535.png\" \/>\n\t<meta property=\"og:image:width\" content=\"1920\" \/>\n\t<meta property=\"og:image:height\" content=\"1080\" \/>\n\t<meta property=\"og:image:type\" content=\"image\/png\" \/>\n<meta name=\"twitter:card\" content=\"summary_large_image\" \/>\n<meta name=\"twitter:label1\" content=\"Est. reading time\" \/>\n\t<meta name=\"twitter:data1\" content=\"1 minute\" \/>\n<script type=\"application\/ld+json\" class=\"yoast-schema-graph\">{\"@context\":\"https:\\\/\\\/schema.org\",\"@graph\":[{\"@type\":\"WebPage\",\"@id\":\"https:\\\/\\\/www.specialfabrikken.dk\\\/vare\\\/muranker\\\/\",\"url\":\"https:\\\/\\\/www.specialfabrikken.dk\\\/vare\\\/muranker\\\/\",\"name\":\"Muranker \u00d848 60 cm \u2013 Holdbart og rustbeskyttet | Specialfabrikken\",\"isPartOf\":{\"@id\":\"https:\\\/\\\/www.specialfabrikken.dk\\\/#website\"},\"primaryImageOfPage\":{\"@id\":\"https:\\\/\\\/www.specialfabrikken.dk\\\/vare\\\/muranker\\\/#primaryimage\"},\"image\":{\"@id\":\"https:\\\/\\\/www.specialfabrikken.dk\\\/vare\\\/muranker\\\/#primaryimage\"},\"thumbnailUrl\":\"https:\\\/\\\/www.specialfabrikken.dk\\\/wp-content\\\/uploads\\\/2022\\\/01\\\/1020-0535.png\",\"datePublished\":\"2022-01-28T11:15:45+00:00\",\"dateModified\":\"2026-04-15T11:56:41+00:00\",\"description\":\"Robust muranker \u00d848 \\\/ 60 cm i galvaniseret st\u00e5l. Bruges til sikker fastg\u00f8relse af stillads til murv\u00e6rk. Se mere hos Specialfabrikken.\",\"breadcrumb\":{\"@id\":\"https:\\\/\\\/www.specialfabrikken.dk\\\/vare\\\/muranker\\\/#breadcrumb\"},\"inLanguage\":\"en-US\",\"potentialAction\":[{\"@type\":\"ReadAction\",\"target\":[\"https:\\\/\\\/www.specialfabrikken.dk\\\/vare\\\/muranker\\\/\"]}]},{\"@type\":\"ImageObject\",\"inLanguage\":\"en-US\",\"@id\":\"https:\\\/\\\/www.specialfabrikken.dk\\\/vare\\\/muranker\\\/#primaryimage\",\"url\":\"https:\\\/\\\/www.specialfabrikken.dk\\\/wp-content\\\/uploads\\\/2022\\\/01\\\/1020-0535.png\",\"contentUrl\":\"https:\\\/\\\/www.specialfabrikken.dk\\\/wp-content\\\/uploads\\\/2022\\\/01\\\/1020-0535.png\",\"width\":1920,\"height\":1080},{\"@type\":\"BreadcrumbList\",\"@id\":\"https:\\\/\\\/www.specialfabrikken.dk\\\/vare\\\/muranker\\\/#breadcrumb\",\"itemListElement\":[{\"@type\":\"ListItem\",\"position\":1,\"name\":\"Forside\",\"item\":\"https:\\\/\\\/www.specialfabrikken.dk\\\/\"},{\"@type\":\"ListItem\",\"position\":2,\"name\":\"Shop\",\"item\":\"https:\\\/\\\/www.specialfabrikken.dk\\\/shop\\\/\"},{\"@type\":\"ListItem\",\"position\":3,\"name\":\"Muranker \u00d848 \\\/ 0,6 m.\"}]},{\"@type\":\"WebSite\",\"@id\":\"https:\\\/\\\/www.specialfabrikken.dk\\\/#website\",\"url\":\"https:\\\/\\\/www.specialfabrikken.dk\\\/\",\"name\":\"Specialfabrikken\",\"description\":\"Specialfabrikken\",\"potentialAction\":[{\"@type\":\"SearchAction\",\"target\":{\"@type\":\"EntryPoint\",\"urlTemplate\":\"https:\\\/\\\/www.specialfabrikken.dk\\\/?s={search_term_string}\"},\"query-input\":{\"@type\":\"PropertyValueSpecification\",\"valueRequired\":true,\"valueName\":\"search_term_string\"}}],\"inLanguage\":\"en-US\"}]}<\/script>\n<!-- \/ Yoast SEO plugin. -->","yoast_head_json":{"title":"Muranker \u00d848 60 cm \u2013 Holdbart og rustbeskyttet | Specialfabrikken","description":"Robust muranker \u00d848 \/ 60 cm i galvaniseret st\u00e5l. Bruges til sikker fastg\u00f8relse af stillads til murv\u00e6rk. Se mere hos Specialfabrikken.","robots":{"index":"index","follow":"follow","max-snippet":"max-snippet:-1","max-image-preview":"max-image-preview:large","max-video-preview":"max-video-preview:-1"},"canonical":"https:\/\/www.specialfabrikken.dk\/en\/product-2\/muranker\/","og_locale":"en_US","og_type":"article","og_title":"Muranker \u00d848 60 cm \u2013 Holdbart og rustbeskyttet | Specialfabrikken","og_description":"Robust muranker \u00d848 \/ 60 cm i galvaniseret st\u00e5l. Bruges til sikker fastg\u00f8relse af stillads til murv\u00e6rk. Se mere hos Specialfabrikken.","og_url":"https:\/\/www.specialfabrikken.dk\/en\/product-2\/muranker\/","og_site_name":"Specialfabrikken","article_modified_time":"2026-04-15T11:56:41+00:00","og_image":[{"width":1920,"height":1080,"url":"https:\/\/www.specialfabrikken.dk\/wp-content\/uploads\/2022\/01\/1020-0535.png","type":"image\/png"}],"twitter_card":"summary_large_image","twitter_misc":{"Est. reading time":"1 minute"},"schema":{"@context":"https:\/\/schema.org","@graph":[{"@type":"WebPage","@id":"https:\/\/www.specialfabrikken.dk\/vare\/muranker\/","url":"https:\/\/www.specialfabrikken.dk\/vare\/muranker\/","name":"Muranker \u00d848 60 cm \u2013 Holdbart og rustbeskyttet | Specialfabrikken","isPartOf":{"@id":"https:\/\/www.specialfabrikken.dk\/#website"},"primaryImageOfPage":{"@id":"https:\/\/www.specialfabrikken.dk\/vare\/muranker\/#primaryimage"},"image":{"@id":"https:\/\/www.specialfabrikken.dk\/vare\/muranker\/#primaryimage"},"thumbnailUrl":"https:\/\/www.specialfabrikken.dk\/wp-content\/uploads\/2022\/01\/1020-0535.png","datePublished":"2022-01-28T11:15:45+00:00","dateModified":"2026-04-15T11:56:41+00:00","description":"Robust muranker \u00d848 \/ 60 cm i galvaniseret st\u00e5l. Bruges til sikker fastg\u00f8relse af stillads til murv\u00e6rk. Se mere hos Specialfabrikken.","breadcrumb":{"@id":"https:\/\/www.specialfabrikken.dk\/vare\/muranker\/#breadcrumb"},"inLanguage":"en-US","potentialAction":[{"@type":"ReadAction","target":["https:\/\/www.specialfabrikken.dk\/vare\/muranker\/"]}]},{"@type":"ImageObject","inLanguage":"en-US","@id":"https:\/\/www.specialfabrikken.dk\/vare\/muranker\/#primaryimage","url":"https:\/\/www.specialfabrikken.dk\/wp-content\/uploads\/2022\/01\/1020-0535.png","contentUrl":"https:\/\/www.specialfabrikken.dk\/wp-content\/uploads\/2022\/01\/1020-0535.png","width":1920,"height":1080},{"@type":"BreadcrumbList","@id":"https:\/\/www.specialfabrikken.dk\/vare\/muranker\/#breadcrumb","itemListElement":[{"@type":"ListItem","position":1,"name":"Forside","item":"https:\/\/www.specialfabrikken.dk\/"},{"@type":"ListItem","position":2,"name":"Shop","item":"https:\/\/www.specialfabrikken.dk\/shop\/"},{"@type":"ListItem","position":3,"name":"Muranker \u00d848 \/ 0,6 m."}]},{"@type":"WebSite","@id":"https:\/\/www.specialfabrikken.dk\/#website","url":"https:\/\/www.specialfabrikken.dk\/","name":"Specialfabrikken","description":"Specialfabrikken","potentialAction":[{"@type":"SearchAction","target":{"@type":"EntryPoint","urlTemplate":"https:\/\/www.specialfabrikken.dk\/?s={search_term_string}"},"query-input":{"@type":"PropertyValueSpecification","valueRequired":true,"valueName":"search_term_string"}}],"inLanguage":"en-US"}]}},"_links":{"self":[{"href":"https:\/\/www.specialfabrikken.dk\/en\/wp-json\/wp\/v2\/product\/51415","targetHints":{"allow":["GET"]}}],"collection":[{"href":"https:\/\/www.specialfabrikken.dk\/en\/wp-json\/wp\/v2\/product"}],"about":[{"href":"https:\/\/www.specialfabrikken.dk\/en\/wp-json\/wp\/v2\/types\/product"}],"replies":[{"embeddable":true,"href":"https:\/\/www.specialfabrikken.dk\/en\/wp-json\/wp\/v2\/comments?post=51415"}],"wp:featuredmedia":[{"embeddable":true,"href":"https:\/\/www.specialfabrikken.dk\/en\/wp-json\/wp\/v2\/media\/53447"}],"wp:attachment":[{"href":"https:\/\/www.specialfabrikken.dk\/en\/wp-json\/wp\/v2\/media?parent=51415"}],"wp:term":[{"taxonomy":"product_brand","embeddable":true,"href":"https:\/\/www.specialfabrikken.dk\/en\/wp-json\/wp\/v2\/product_brand?post=51415"},{"taxonomy":"product_cat","embeddable":true,"href":"https:\/\/www.specialfabrikken.dk\/en\/wp-json\/wp\/v2\/product_cat?post=51415"},{"taxonomy":"product_tag","embeddable":true,"href":"https:\/\/www.specialfabrikken.dk\/en\/wp-json\/wp\/v2\/product_tag?post=51415"}],"curies":[{"name":"wp","href":"https:\/\/api.w.org\/{rel}","templated":true}]}}