{"id":51530,"date":"2022-03-28T09:13:38","date_gmt":"2022-03-28T09:13:38","guid":{"rendered":"https:\/\/www.specialfabrikken.dk\/?post_type=product&#038;p=51530"},"modified":"2026-04-13T10:15:05","modified_gmt":"2026-04-13T08:15:05","slug":"roeranker-i-aluminium","status":"publish","type":"product","link":"https:\/\/www.specialfabrikken.dk\/en\/vare\/roeranker-i-aluminium\/","title":{"rendered":"R\u00f8ranker i aluminium 0,6 m."},"content":{"rendered":"","protected":false},"excerpt":{"rendered":"<p>Short description:<\/p>\n<ul>\n<li>R\u00f8ranker i aluminium.<\/li>\n<li>F\u00e5s i flere l\u00e6ngder og kan fremstilles p\u00e5 m\u00e5l. Kontakt os da.<\/li>\n<\/ul>","protected":false},"featured_media":52909,"comment_status":"open","ping_status":"closed","template":"","meta":{"_acf_changed":false,"_et_pb_use_builder":"","_et_pb_old_content":"","_et_gb_content_width":""},"product_brand":[],"product_cat":[35,32,55,31],"product_tag":[172,48,178],"class_list":{"0":"post-51530","1":"product","2":"type-product","3":"status-publish","4":"has-post-thumbnail","6":"product_cat-alufacadestillads","7":"product_cat-murerstillads","8":"product_cat-staal-facadestillads","9":"product_cat-stillads","10":"product_tag-alu-facadestillads","11":"product_tag-murerstillads","12":"product_tag-staal-facadestillads","13":"product_shipping_class-smaa","15":"first","16":"instock","17":"taxable","18":"shipping-taxable","19":"purchasable","20":"product-type-simple"},"acf":[],"yoast_head":"<!-- This site is optimized with the Yoast SEO plugin v27.4 - https:\/\/yoast.com\/product\/yoast-seo-wordpress\/ -->\n<title>R\u00f8ranker i Aluminium | Flere L\u00e6ngder, Fremstilles p\u00e5 M\u00e5l<\/title>\n<meta name=\"description\" content=\"V\u00e6lg r\u00f8ranker i aluminium for en letv\u00e6gts, men robust l\u00f8sning til dit stillads. Disse r\u00f8ranker f\u00e5s i flere l\u00e6ngder og kan ogs\u00e5 tilpasses dine m\u00e5l. Kontakt os for skr\u00e6ddersyede l\u00f8sninger. Se mere under varianter.\" \/>\n<meta name=\"robots\" content=\"index, follow, max-snippet:-1, max-image-preview:large, max-video-preview:-1\" \/>\n<link rel=\"canonical\" href=\"https:\/\/www.specialfabrikken.dk\/en\/product-2\/roeranker-i-aluminium\/\" \/>\n<meta property=\"og:locale\" content=\"en_US\" \/>\n<meta property=\"og:type\" content=\"article\" \/>\n<meta property=\"og:title\" content=\"R\u00f8ranker i Aluminium | Flere L\u00e6ngder, Fremstilles p\u00e5 M\u00e5l\" \/>\n<meta property=\"og:description\" content=\"V\u00e6lg r\u00f8ranker i aluminium for en letv\u00e6gts, men robust l\u00f8sning til dit stillads. Disse r\u00f8ranker f\u00e5s i flere l\u00e6ngder og kan ogs\u00e5 tilpasses dine m\u00e5l. Kontakt os for skr\u00e6ddersyede l\u00f8sninger. Se mere under varianter.\" \/>\n<meta property=\"og:url\" content=\"https:\/\/www.specialfabrikken.dk\/en\/product-2\/roeranker-i-aluminium\/\" \/>\n<meta property=\"og:site_name\" content=\"Specialfabrikken\" \/>\n<meta property=\"article:modified_time\" content=\"2026-04-13T08:15:05+00:00\" \/>\n<meta property=\"og:image\" content=\"https:\/\/www.specialfabrikken.dk\/wp-content\/uploads\/2023\/06\/1020-0577.png\" \/>\n\t<meta property=\"og:image:width\" content=\"1600\" \/>\n\t<meta property=\"og:image:height\" content=\"1200\" \/>\n\t<meta property=\"og:image:type\" content=\"image\/png\" \/>\n<meta name=\"twitter:card\" content=\"summary_large_image\" \/>\n<meta name=\"twitter:label1\" content=\"Est. reading time\" \/>\n\t<meta name=\"twitter:data1\" content=\"1 minute\" \/>\n<script type=\"application\/ld+json\" class=\"yoast-schema-graph\">{\"@context\":\"https:\\\/\\\/schema.org\",\"@graph\":[{\"@type\":\"WebPage\",\"@id\":\"https:\\\/\\\/www.specialfabrikken.dk\\\/vare\\\/roeranker-i-aluminium\\\/\",\"url\":\"https:\\\/\\\/www.specialfabrikken.dk\\\/vare\\\/roeranker-i-aluminium\\\/\",\"name\":\"R\u00f8ranker i Aluminium | Flere L\u00e6ngder, Fremstilles p\u00e5 M\u00e5l\",\"isPartOf\":{\"@id\":\"https:\\\/\\\/www.specialfabrikken.dk\\\/#website\"},\"primaryImageOfPage\":{\"@id\":\"https:\\\/\\\/www.specialfabrikken.dk\\\/vare\\\/roeranker-i-aluminium\\\/#primaryimage\"},\"image\":{\"@id\":\"https:\\\/\\\/www.specialfabrikken.dk\\\/vare\\\/roeranker-i-aluminium\\\/#primaryimage\"},\"thumbnailUrl\":\"https:\\\/\\\/www.specialfabrikken.dk\\\/wp-content\\\/uploads\\\/2023\\\/06\\\/1020-0577.png\",\"datePublished\":\"2022-03-28T09:13:38+00:00\",\"dateModified\":\"2026-04-13T08:15:05+00:00\",\"description\":\"V\u00e6lg r\u00f8ranker i aluminium for en letv\u00e6gts, men robust l\u00f8sning til dit stillads. Disse r\u00f8ranker f\u00e5s i flere l\u00e6ngder og kan ogs\u00e5 tilpasses dine m\u00e5l. Kontakt os for skr\u00e6ddersyede l\u00f8sninger. Se mere under varianter.\",\"breadcrumb\":{\"@id\":\"https:\\\/\\\/www.specialfabrikken.dk\\\/vare\\\/roeranker-i-aluminium\\\/#breadcrumb\"},\"inLanguage\":\"en-US\",\"potentialAction\":[{\"@type\":\"ReadAction\",\"target\":[\"https:\\\/\\\/www.specialfabrikken.dk\\\/vare\\\/roeranker-i-aluminium\\\/\"]}]},{\"@type\":\"ImageObject\",\"inLanguage\":\"en-US\",\"@id\":\"https:\\\/\\\/www.specialfabrikken.dk\\\/vare\\\/roeranker-i-aluminium\\\/#primaryimage\",\"url\":\"https:\\\/\\\/www.specialfabrikken.dk\\\/wp-content\\\/uploads\\\/2023\\\/06\\\/1020-0577.png\",\"contentUrl\":\"https:\\\/\\\/www.specialfabrikken.dk\\\/wp-content\\\/uploads\\\/2023\\\/06\\\/1020-0577.png\",\"width\":1600,\"height\":1200},{\"@type\":\"BreadcrumbList\",\"@id\":\"https:\\\/\\\/www.specialfabrikken.dk\\\/vare\\\/roeranker-i-aluminium\\\/#breadcrumb\",\"itemListElement\":[{\"@type\":\"ListItem\",\"position\":1,\"name\":\"Forside\",\"item\":\"https:\\\/\\\/www.specialfabrikken.dk\\\/\"},{\"@type\":\"ListItem\",\"position\":2,\"name\":\"Shop\",\"item\":\"https:\\\/\\\/www.specialfabrikken.dk\\\/shop\\\/\"},{\"@type\":\"ListItem\",\"position\":3,\"name\":\"R\u00f8ranker i aluminium 0,6 m.\"}]},{\"@type\":\"WebSite\",\"@id\":\"https:\\\/\\\/www.specialfabrikken.dk\\\/#website\",\"url\":\"https:\\\/\\\/www.specialfabrikken.dk\\\/\",\"name\":\"Specialfabrikken\",\"description\":\"Specialfabrikken\",\"potentialAction\":[{\"@type\":\"SearchAction\",\"target\":{\"@type\":\"EntryPoint\",\"urlTemplate\":\"https:\\\/\\\/www.specialfabrikken.dk\\\/?s={search_term_string}\"},\"query-input\":{\"@type\":\"PropertyValueSpecification\",\"valueRequired\":true,\"valueName\":\"search_term_string\"}}],\"inLanguage\":\"en-US\"}]}<\/script>\n<!-- \/ Yoast SEO plugin. -->","yoast_head_json":{"title":"R\u00f8ranker i Aluminium | Flere L\u00e6ngder, Fremstilles p\u00e5 M\u00e5l","description":"V\u00e6lg r\u00f8ranker i aluminium for en letv\u00e6gts, men robust l\u00f8sning til dit stillads. Disse r\u00f8ranker f\u00e5s i flere l\u00e6ngder og kan ogs\u00e5 tilpasses dine m\u00e5l. Kontakt os for skr\u00e6ddersyede l\u00f8sninger. Se mere under varianter.","robots":{"index":"index","follow":"follow","max-snippet":"max-snippet:-1","max-image-preview":"max-image-preview:large","max-video-preview":"max-video-preview:-1"},"canonical":"https:\/\/www.specialfabrikken.dk\/en\/product-2\/roeranker-i-aluminium\/","og_locale":"en_US","og_type":"article","og_title":"R\u00f8ranker i Aluminium | Flere L\u00e6ngder, Fremstilles p\u00e5 M\u00e5l","og_description":"V\u00e6lg r\u00f8ranker i aluminium for en letv\u00e6gts, men robust l\u00f8sning til dit stillads. Disse r\u00f8ranker f\u00e5s i flere l\u00e6ngder og kan ogs\u00e5 tilpasses dine m\u00e5l. Kontakt os for skr\u00e6ddersyede l\u00f8sninger. Se mere under varianter.","og_url":"https:\/\/www.specialfabrikken.dk\/en\/product-2\/roeranker-i-aluminium\/","og_site_name":"Specialfabrikken","article_modified_time":"2026-04-13T08:15:05+00:00","og_image":[{"width":1600,"height":1200,"url":"https:\/\/www.specialfabrikken.dk\/wp-content\/uploads\/2023\/06\/1020-0577.png","type":"image\/png"}],"twitter_card":"summary_large_image","twitter_misc":{"Est. reading time":"1 minute"},"schema":{"@context":"https:\/\/schema.org","@graph":[{"@type":"WebPage","@id":"https:\/\/www.specialfabrikken.dk\/vare\/roeranker-i-aluminium\/","url":"https:\/\/www.specialfabrikken.dk\/vare\/roeranker-i-aluminium\/","name":"R\u00f8ranker i Aluminium | Flere L\u00e6ngder, Fremstilles p\u00e5 M\u00e5l","isPartOf":{"@id":"https:\/\/www.specialfabrikken.dk\/#website"},"primaryImageOfPage":{"@id":"https:\/\/www.specialfabrikken.dk\/vare\/roeranker-i-aluminium\/#primaryimage"},"image":{"@id":"https:\/\/www.specialfabrikken.dk\/vare\/roeranker-i-aluminium\/#primaryimage"},"thumbnailUrl":"https:\/\/www.specialfabrikken.dk\/wp-content\/uploads\/2023\/06\/1020-0577.png","datePublished":"2022-03-28T09:13:38+00:00","dateModified":"2026-04-13T08:15:05+00:00","description":"V\u00e6lg r\u00f8ranker i aluminium for en letv\u00e6gts, men robust l\u00f8sning til dit stillads. Disse r\u00f8ranker f\u00e5s i flere l\u00e6ngder og kan ogs\u00e5 tilpasses dine m\u00e5l. Kontakt os for skr\u00e6ddersyede l\u00f8sninger. Se mere under varianter.","breadcrumb":{"@id":"https:\/\/www.specialfabrikken.dk\/vare\/roeranker-i-aluminium\/#breadcrumb"},"inLanguage":"en-US","potentialAction":[{"@type":"ReadAction","target":["https:\/\/www.specialfabrikken.dk\/vare\/roeranker-i-aluminium\/"]}]},{"@type":"ImageObject","inLanguage":"en-US","@id":"https:\/\/www.specialfabrikken.dk\/vare\/roeranker-i-aluminium\/#primaryimage","url":"https:\/\/www.specialfabrikken.dk\/wp-content\/uploads\/2023\/06\/1020-0577.png","contentUrl":"https:\/\/www.specialfabrikken.dk\/wp-content\/uploads\/2023\/06\/1020-0577.png","width":1600,"height":1200},{"@type":"BreadcrumbList","@id":"https:\/\/www.specialfabrikken.dk\/vare\/roeranker-i-aluminium\/#breadcrumb","itemListElement":[{"@type":"ListItem","position":1,"name":"Forside","item":"https:\/\/www.specialfabrikken.dk\/"},{"@type":"ListItem","position":2,"name":"Shop","item":"https:\/\/www.specialfabrikken.dk\/shop\/"},{"@type":"ListItem","position":3,"name":"R\u00f8ranker i aluminium 0,6 m."}]},{"@type":"WebSite","@id":"https:\/\/www.specialfabrikken.dk\/#website","url":"https:\/\/www.specialfabrikken.dk\/","name":"Specialfabrikken","description":"Specialfabrikken","potentialAction":[{"@type":"SearchAction","target":{"@type":"EntryPoint","urlTemplate":"https:\/\/www.specialfabrikken.dk\/?s={search_term_string}"},"query-input":{"@type":"PropertyValueSpecification","valueRequired":true,"valueName":"search_term_string"}}],"inLanguage":"en-US"}]}},"_links":{"self":[{"href":"https:\/\/www.specialfabrikken.dk\/en\/wp-json\/wp\/v2\/product\/51530","targetHints":{"allow":["GET"]}}],"collection":[{"href":"https:\/\/www.specialfabrikken.dk\/en\/wp-json\/wp\/v2\/product"}],"about":[{"href":"https:\/\/www.specialfabrikken.dk\/en\/wp-json\/wp\/v2\/types\/product"}],"replies":[{"embeddable":true,"href":"https:\/\/www.specialfabrikken.dk\/en\/wp-json\/wp\/v2\/comments?post=51530"}],"wp:featuredmedia":[{"embeddable":true,"href":"https:\/\/www.specialfabrikken.dk\/en\/wp-json\/wp\/v2\/media\/52909"}],"wp:attachment":[{"href":"https:\/\/www.specialfabrikken.dk\/en\/wp-json\/wp\/v2\/media?parent=51530"}],"wp:term":[{"taxonomy":"product_brand","embeddable":true,"href":"https:\/\/www.specialfabrikken.dk\/en\/wp-json\/wp\/v2\/product_brand?post=51530"},{"taxonomy":"product_cat","embeddable":true,"href":"https:\/\/www.specialfabrikken.dk\/en\/wp-json\/wp\/v2\/product_cat?post=51530"},{"taxonomy":"product_tag","embeddable":true,"href":"https:\/\/www.specialfabrikken.dk\/en\/wp-json\/wp\/v2\/product_tag?post=51530"}],"curies":[{"name":"wp","href":"https:\/\/api.w.org\/{rel}","templated":true}]}}