{"id":51542,"date":"2022-03-28T09:30:59","date_gmt":"2022-03-28T09:30:59","guid":{"rendered":"https:\/\/www.specialfabrikken.dk\/?post_type=product&#038;p=51542"},"modified":"2026-04-14T14:51:12","modified_gmt":"2026-04-14T12:51:12","slug":"raekvaerksramme-med-boejle","status":"publish","type":"product","link":"https:\/\/www.specialfabrikken.dk\/en\/vare\/raekvaerksramme-med-boejle\/","title":{"rendered":"R\u00e6kv\u00e6rksramme m\/b\u00f8jle 1,65 m."},"content":{"rendered":"","protected":false},"excerpt":{"rendered":"<p>Short description:<\/p>\n<ul>\n<li>R\u00e6kv\u00e6rksramme i galvaniseret st\u00e5l.<\/li>\n<li>Forl\u00e6nget med b\u00f8jle.<\/li>\n<li>F\u00e5s i flere l\u00e6ngder &#8211; se mere under varianter.<\/li>\n<\/ul>","protected":false},"featured_media":71686,"comment_status":"open","ping_status":"closed","template":"","meta":{"_acf_changed":false,"_et_pb_use_builder":"","_et_pb_old_content":"","_et_gb_content_width":""},"product_brand":[],"product_cat":[32,31],"product_tag":[48],"class_list":{"0":"post-51542","1":"product","2":"type-product","3":"status-publish","4":"has-post-thumbnail","6":"product_cat-murerstillads","7":"product_cat-stillads","8":"product_tag-murerstillads","9":"product_shipping_class-stor","11":"first","12":"instock","13":"taxable","14":"shipping-taxable","15":"purchasable","16":"product-type-simple"},"acf":[],"yoast_head":"<!-- This site is optimized with the Yoast SEO plugin v27.4 - https:\/\/yoast.com\/product\/yoast-seo-wordpress\/ -->\n<title>R\u00e6kv\u00e6rksramme med B\u00f8jle i Galvaniseret St\u00e5l<\/title>\n<meta name=\"description\" content=\"Styrk dit stillads med vores r\u00e6kv\u00e6rksramme i galvaniseret st\u00e5l, forl\u00e6nget med en b\u00f8jle for ekstra sikkerhed. V\u00e6lg fra flere l\u00e6ngder for at tilpasse til dit projekt. Se mere under varianter.\" \/>\n<meta name=\"robots\" content=\"index, follow, max-snippet:-1, max-image-preview:large, max-video-preview:-1\" \/>\n<link rel=\"canonical\" href=\"https:\/\/www.specialfabrikken.dk\/en\/product-2\/raekvaerksramme-med-boejle\/\" \/>\n<meta property=\"og:locale\" content=\"en_US\" \/>\n<meta property=\"og:type\" content=\"article\" \/>\n<meta property=\"og:title\" content=\"R\u00e6kv\u00e6rksramme med B\u00f8jle i Galvaniseret St\u00e5l\" \/>\n<meta property=\"og:description\" content=\"Styrk dit stillads med vores r\u00e6kv\u00e6rksramme i galvaniseret st\u00e5l, forl\u00e6nget med en b\u00f8jle for ekstra sikkerhed. V\u00e6lg fra flere l\u00e6ngder for at tilpasse til dit projekt. Se mere under varianter.\" \/>\n<meta property=\"og:url\" content=\"https:\/\/www.specialfabrikken.dk\/en\/product-2\/raekvaerksramme-med-boejle\/\" \/>\n<meta property=\"og:site_name\" content=\"Specialfabrikken\" \/>\n<meta property=\"article:modified_time\" content=\"2026-04-14T12:51:12+00:00\" \/>\n<meta property=\"og:image\" content=\"https:\/\/www.specialfabrikken.dk\/wp-content\/uploads\/2022\/03\/1020-0842.png\" \/>\n\t<meta property=\"og:image:width\" content=\"1920\" \/>\n\t<meta property=\"og:image:height\" content=\"1080\" \/>\n\t<meta property=\"og:image:type\" content=\"image\/png\" \/>\n<meta name=\"twitter:card\" content=\"summary_large_image\" \/>\n<script type=\"application\/ld+json\" class=\"yoast-schema-graph\">{\"@context\":\"https:\\\/\\\/schema.org\",\"@graph\":[{\"@type\":\"WebPage\",\"@id\":\"https:\\\/\\\/www.specialfabrikken.dk\\\/vare\\\/raekvaerksramme-med-boejle\\\/\",\"url\":\"https:\\\/\\\/www.specialfabrikken.dk\\\/vare\\\/raekvaerksramme-med-boejle\\\/\",\"name\":\"R\u00e6kv\u00e6rksramme med B\u00f8jle i Galvaniseret St\u00e5l\",\"isPartOf\":{\"@id\":\"https:\\\/\\\/www.specialfabrikken.dk\\\/#website\"},\"primaryImageOfPage\":{\"@id\":\"https:\\\/\\\/www.specialfabrikken.dk\\\/vare\\\/raekvaerksramme-med-boejle\\\/#primaryimage\"},\"image\":{\"@id\":\"https:\\\/\\\/www.specialfabrikken.dk\\\/vare\\\/raekvaerksramme-med-boejle\\\/#primaryimage\"},\"thumbnailUrl\":\"https:\\\/\\\/www.specialfabrikken.dk\\\/wp-content\\\/uploads\\\/2022\\\/03\\\/1020-0842.png\",\"datePublished\":\"2022-03-28T09:30:59+00:00\",\"dateModified\":\"2026-04-14T12:51:12+00:00\",\"description\":\"Styrk dit stillads med vores r\u00e6kv\u00e6rksramme i galvaniseret st\u00e5l, forl\u00e6nget med en b\u00f8jle for ekstra sikkerhed. V\u00e6lg fra flere l\u00e6ngder for at tilpasse til dit projekt. Se mere under varianter.\",\"breadcrumb\":{\"@id\":\"https:\\\/\\\/www.specialfabrikken.dk\\\/vare\\\/raekvaerksramme-med-boejle\\\/#breadcrumb\"},\"inLanguage\":\"en-US\",\"potentialAction\":[{\"@type\":\"ReadAction\",\"target\":[\"https:\\\/\\\/www.specialfabrikken.dk\\\/vare\\\/raekvaerksramme-med-boejle\\\/\"]}]},{\"@type\":\"ImageObject\",\"inLanguage\":\"en-US\",\"@id\":\"https:\\\/\\\/www.specialfabrikken.dk\\\/vare\\\/raekvaerksramme-med-boejle\\\/#primaryimage\",\"url\":\"https:\\\/\\\/www.specialfabrikken.dk\\\/wp-content\\\/uploads\\\/2022\\\/03\\\/1020-0842.png\",\"contentUrl\":\"https:\\\/\\\/www.specialfabrikken.dk\\\/wp-content\\\/uploads\\\/2022\\\/03\\\/1020-0842.png\",\"width\":1920,\"height\":1080},{\"@type\":\"BreadcrumbList\",\"@id\":\"https:\\\/\\\/www.specialfabrikken.dk\\\/vare\\\/raekvaerksramme-med-boejle\\\/#breadcrumb\",\"itemListElement\":[{\"@type\":\"ListItem\",\"position\":1,\"name\":\"Forside\",\"item\":\"https:\\\/\\\/www.specialfabrikken.dk\\\/\"},{\"@type\":\"ListItem\",\"position\":2,\"name\":\"Shop\",\"item\":\"https:\\\/\\\/www.specialfabrikken.dk\\\/shop\\\/\"},{\"@type\":\"ListItem\",\"position\":3,\"name\":\"R\u00e6kv\u00e6rksramme m\\\/b\u00f8jle 1,65 m.\"}]},{\"@type\":\"WebSite\",\"@id\":\"https:\\\/\\\/www.specialfabrikken.dk\\\/#website\",\"url\":\"https:\\\/\\\/www.specialfabrikken.dk\\\/\",\"name\":\"Specialfabrikken\",\"description\":\"Specialfabrikken\",\"potentialAction\":[{\"@type\":\"SearchAction\",\"target\":{\"@type\":\"EntryPoint\",\"urlTemplate\":\"https:\\\/\\\/www.specialfabrikken.dk\\\/?s={search_term_string}\"},\"query-input\":{\"@type\":\"PropertyValueSpecification\",\"valueRequired\":true,\"valueName\":\"search_term_string\"}}],\"inLanguage\":\"en-US\"}]}<\/script>\n<!-- \/ Yoast SEO plugin. -->","yoast_head_json":{"title":"R\u00e6kv\u00e6rksramme med B\u00f8jle i Galvaniseret St\u00e5l","description":"Styrk dit stillads med vores r\u00e6kv\u00e6rksramme i galvaniseret st\u00e5l, forl\u00e6nget med en b\u00f8jle for ekstra sikkerhed. V\u00e6lg fra flere l\u00e6ngder for at tilpasse til dit projekt. Se mere under varianter.","robots":{"index":"index","follow":"follow","max-snippet":"max-snippet:-1","max-image-preview":"max-image-preview:large","max-video-preview":"max-video-preview:-1"},"canonical":"https:\/\/www.specialfabrikken.dk\/en\/product-2\/raekvaerksramme-med-boejle\/","og_locale":"en_US","og_type":"article","og_title":"R\u00e6kv\u00e6rksramme med B\u00f8jle i Galvaniseret St\u00e5l","og_description":"Styrk dit stillads med vores r\u00e6kv\u00e6rksramme i galvaniseret st\u00e5l, forl\u00e6nget med en b\u00f8jle for ekstra sikkerhed. V\u00e6lg fra flere l\u00e6ngder for at tilpasse til dit projekt. Se mere under varianter.","og_url":"https:\/\/www.specialfabrikken.dk\/en\/product-2\/raekvaerksramme-med-boejle\/","og_site_name":"Specialfabrikken","article_modified_time":"2026-04-14T12:51:12+00:00","og_image":[{"width":1920,"height":1080,"url":"https:\/\/www.specialfabrikken.dk\/wp-content\/uploads\/2022\/03\/1020-0842.png","type":"image\/png"}],"twitter_card":"summary_large_image","schema":{"@context":"https:\/\/schema.org","@graph":[{"@type":"WebPage","@id":"https:\/\/www.specialfabrikken.dk\/vare\/raekvaerksramme-med-boejle\/","url":"https:\/\/www.specialfabrikken.dk\/vare\/raekvaerksramme-med-boejle\/","name":"R\u00e6kv\u00e6rksramme med B\u00f8jle i Galvaniseret St\u00e5l","isPartOf":{"@id":"https:\/\/www.specialfabrikken.dk\/#website"},"primaryImageOfPage":{"@id":"https:\/\/www.specialfabrikken.dk\/vare\/raekvaerksramme-med-boejle\/#primaryimage"},"image":{"@id":"https:\/\/www.specialfabrikken.dk\/vare\/raekvaerksramme-med-boejle\/#primaryimage"},"thumbnailUrl":"https:\/\/www.specialfabrikken.dk\/wp-content\/uploads\/2022\/03\/1020-0842.png","datePublished":"2022-03-28T09:30:59+00:00","dateModified":"2026-04-14T12:51:12+00:00","description":"Styrk dit stillads med vores r\u00e6kv\u00e6rksramme i galvaniseret st\u00e5l, forl\u00e6nget med en b\u00f8jle for ekstra sikkerhed. V\u00e6lg fra flere l\u00e6ngder for at tilpasse til dit projekt. Se mere under varianter.","breadcrumb":{"@id":"https:\/\/www.specialfabrikken.dk\/vare\/raekvaerksramme-med-boejle\/#breadcrumb"},"inLanguage":"en-US","potentialAction":[{"@type":"ReadAction","target":["https:\/\/www.specialfabrikken.dk\/vare\/raekvaerksramme-med-boejle\/"]}]},{"@type":"ImageObject","inLanguage":"en-US","@id":"https:\/\/www.specialfabrikken.dk\/vare\/raekvaerksramme-med-boejle\/#primaryimage","url":"https:\/\/www.specialfabrikken.dk\/wp-content\/uploads\/2022\/03\/1020-0842.png","contentUrl":"https:\/\/www.specialfabrikken.dk\/wp-content\/uploads\/2022\/03\/1020-0842.png","width":1920,"height":1080},{"@type":"BreadcrumbList","@id":"https:\/\/www.specialfabrikken.dk\/vare\/raekvaerksramme-med-boejle\/#breadcrumb","itemListElement":[{"@type":"ListItem","position":1,"name":"Forside","item":"https:\/\/www.specialfabrikken.dk\/"},{"@type":"ListItem","position":2,"name":"Shop","item":"https:\/\/www.specialfabrikken.dk\/shop\/"},{"@type":"ListItem","position":3,"name":"R\u00e6kv\u00e6rksramme m\/b\u00f8jle 1,65 m."}]},{"@type":"WebSite","@id":"https:\/\/www.specialfabrikken.dk\/#website","url":"https:\/\/www.specialfabrikken.dk\/","name":"Specialfabrikken","description":"Specialfabrikken","potentialAction":[{"@type":"SearchAction","target":{"@type":"EntryPoint","urlTemplate":"https:\/\/www.specialfabrikken.dk\/?s={search_term_string}"},"query-input":{"@type":"PropertyValueSpecification","valueRequired":true,"valueName":"search_term_string"}}],"inLanguage":"en-US"}]}},"_links":{"self":[{"href":"https:\/\/www.specialfabrikken.dk\/en\/wp-json\/wp\/v2\/product\/51542","targetHints":{"allow":["GET"]}}],"collection":[{"href":"https:\/\/www.specialfabrikken.dk\/en\/wp-json\/wp\/v2\/product"}],"about":[{"href":"https:\/\/www.specialfabrikken.dk\/en\/wp-json\/wp\/v2\/types\/product"}],"replies":[{"embeddable":true,"href":"https:\/\/www.specialfabrikken.dk\/en\/wp-json\/wp\/v2\/comments?post=51542"}],"wp:featuredmedia":[{"embeddable":true,"href":"https:\/\/www.specialfabrikken.dk\/en\/wp-json\/wp\/v2\/media\/71686"}],"wp:attachment":[{"href":"https:\/\/www.specialfabrikken.dk\/en\/wp-json\/wp\/v2\/media?parent=51542"}],"wp:term":[{"taxonomy":"product_brand","embeddable":true,"href":"https:\/\/www.specialfabrikken.dk\/en\/wp-json\/wp\/v2\/product_brand?post=51542"},{"taxonomy":"product_cat","embeddable":true,"href":"https:\/\/www.specialfabrikken.dk\/en\/wp-json\/wp\/v2\/product_cat?post=51542"},{"taxonomy":"product_tag","embeddable":true,"href":"https:\/\/www.specialfabrikken.dk\/en\/wp-json\/wp\/v2\/product_tag?post=51542"}],"curies":[{"name":"wp","href":"https:\/\/api.w.org\/{rel}","templated":true}]}}