{"id":51637,"date":"2022-03-31T14:07:29","date_gmt":"2022-03-31T12:07:29","guid":{"rendered":"https:\/\/www.specialfabrikken.dk\/?post_type=product&#038;p=51637"},"modified":"2026-04-10T08:06:05","modified_gmt":"2026-04-10T06:06:05","slug":"vinderup-plate-compactor","status":"publish","type":"product","link":"https:\/\/www.specialfabrikken.dk\/en\/vare\/vinderup-pladevibrator\/","title":{"rendered":"Vinderup pladevibrator"},"content":{"rendered":"<h2><strong>Danskproduceret pladevibrator<\/strong><\/h2>\n<div class=\"et_pb_module et_pb_text et_pb_text_1 et_pb_text_align_left et_pb_bg_layout_light\">\n<div class=\"et_pb_text_inner\">\n<p>The Vinderup plate vibrator is the ideal compator size that handles even the larger tasks. The compactor can work in corners, as the handle can be tilted all the way forward. It is easy to transport on the two large and detachable pneumatic rubber wheels.<\/p>\n<p>The plate compactor is double-damped with springs and blocks to avoid 'white' fingers.<\/p>\n<p>It has a powerful impact energy of 2,250 kg and a penetration depth of 40-45 cm.<\/p>\n<\/div>\n<p>The Vinderup plate compactor is manufactured at our own factory in Vinderup, and we have spare parts for the machine, so you can keep it running for many years.<\/p>\n<\/div>\n<div class=\"et_pb_module et_pb_text et_pb_text_2 et_pb_text_align_left et_pb_bg_layout_light\">\n<div class=\"et_pb_text_inner\">\n<h4>Engine:<\/h4>\n<p>5 \u00bd HP Honda 4-stroke, overhead valve petrol engine with electronic ignition, recoil start, and oil alert. Additionally, it comes with a centrifugal clutch.<\/p>\n<\/div>\n<\/div>\n<p>Se desuden under &#8216;Yderligere information&#8217;.<\/p>","protected":false},"excerpt":{"rendered":"<p>Short description:<\/p>\n<ul>\n<li>Good size with detachable wheels.<\/li>\n<li>Can vibrate in corners.<\/li>\n<li>Double-damped with springs and blocks to avoid 'white' fingers.<\/li>\n<li>\"Powerful 5.5 HP petrol engine with electronic ignition.<\/li>\n<\/ul>","protected":false},"featured_media":52859,"comment_status":"open","ping_status":"closed","template":"","meta":{"_acf_changed":false,"_et_pb_use_builder":"","_et_pb_old_content":"","_et_gb_content_width":""},"product_brand":[],"product_cat":[37,38],"product_tag":[],"class_list":{"0":"post-51637","1":"product","2":"type-product","3":"status-publish","4":"has-post-thumbnail","6":"product_cat-maskiner","7":"product_cat-pladevibrator","8":"product_shipping_class-stor","10":"first","11":"instock","12":"taxable","13":"shipping-taxable","14":"purchasable","15":"product-type-simple"},"acf":[],"yoast_head":"<!-- This site is optimized with the Yoast SEO plugin v27.4 - https:\/\/yoast.com\/product\/yoast-seo-wordpress\/ -->\n<title>Vinderup Pladevibrator med 5,5 HK Benzinmotor | Specialfabrikken<\/title>\n<meta name=\"description\" content=\"Opdag Vinderup Pladevibrator med en kraftig 5,5 HK benzinmotor og dobbeltd\u00e6mpet konstruktion. Ideel til store opgaver, arbejder i hj\u00f8rner og undg\u00e5r &#039;hvide fingre&#039;. Holdbar og p\u00e5lidelig. Bestil nu hos Specialfabrikken.\" \/>\n<meta name=\"robots\" content=\"index, follow, max-snippet:-1, max-image-preview:large, max-video-preview:-1\" \/>\n<link rel=\"canonical\" href=\"https:\/\/www.specialfabrikken.dk\/en\/product-2\/vinderup-plate-compactor\/\" \/>\n<meta property=\"og:locale\" content=\"en_US\" \/>\n<meta property=\"og:type\" content=\"article\" \/>\n<meta property=\"og:title\" content=\"Vinderup Pladevibrator med 5,5 HK Benzinmotor | Specialfabrikken\" \/>\n<meta property=\"og:description\" content=\"Opdag Vinderup Pladevibrator med en kraftig 5,5 HK benzinmotor og dobbeltd\u00e6mpet konstruktion. Ideel til store opgaver, arbejder i hj\u00f8rner og undg\u00e5r &#039;hvide fingre&#039;. Holdbar og p\u00e5lidelig. Bestil nu hos Specialfabrikken.\" \/>\n<meta property=\"og:url\" content=\"https:\/\/www.specialfabrikken.dk\/en\/product-2\/vinderup-plate-compactor\/\" \/>\n<meta property=\"og:site_name\" content=\"Specialfabrikken\" \/>\n<meta property=\"article:modified_time\" content=\"2026-04-10T06:06:05+00:00\" \/>\n<meta property=\"og:image\" content=\"https:\/\/www.specialfabrikken.dk\/wp-content\/uploads\/2022\/03\/Pladevibrator1-scaled.jpg\" \/>\n\t<meta property=\"og:image:width\" content=\"1920\" \/>\n\t<meta property=\"og:image:height\" content=\"2560\" \/>\n\t<meta property=\"og:image:type\" content=\"image\/jpeg\" \/>\n<meta name=\"twitter:card\" content=\"summary_large_image\" \/>\n<meta name=\"twitter:label1\" content=\"Est. reading time\" \/>\n\t<meta name=\"twitter:data1\" content=\"1 minute\" \/>\n<script type=\"application\/ld+json\" class=\"yoast-schema-graph\">{\"@context\":\"https:\\\/\\\/schema.org\",\"@graph\":[{\"@type\":\"WebPage\",\"@id\":\"https:\\\/\\\/www.specialfabrikken.dk\\\/vare\\\/vinderup-pladevibrator\\\/\",\"url\":\"https:\\\/\\\/www.specialfabrikken.dk\\\/vare\\\/vinderup-pladevibrator\\\/\",\"name\":\"Vinderup Pladevibrator med 5,5 HK Benzinmotor | Specialfabrikken\",\"isPartOf\":{\"@id\":\"https:\\\/\\\/www.specialfabrikken.dk\\\/#website\"},\"primaryImageOfPage\":{\"@id\":\"https:\\\/\\\/www.specialfabrikken.dk\\\/vare\\\/vinderup-pladevibrator\\\/#primaryimage\"},\"image\":{\"@id\":\"https:\\\/\\\/www.specialfabrikken.dk\\\/vare\\\/vinderup-pladevibrator\\\/#primaryimage\"},\"thumbnailUrl\":\"https:\\\/\\\/www.specialfabrikken.dk\\\/wp-content\\\/uploads\\\/2022\\\/03\\\/Pladevibrator1-scaled.jpg\",\"datePublished\":\"2022-03-31T12:07:29+00:00\",\"dateModified\":\"2026-04-10T06:06:05+00:00\",\"description\":\"Opdag Vinderup Pladevibrator med en kraftig 5,5 HK benzinmotor og dobbeltd\u00e6mpet konstruktion. Ideel til store opgaver, arbejder i hj\u00f8rner og undg\u00e5r 'hvide fingre'. Holdbar og p\u00e5lidelig. Bestil nu hos Specialfabrikken.\",\"breadcrumb\":{\"@id\":\"https:\\\/\\\/www.specialfabrikken.dk\\\/vare\\\/vinderup-pladevibrator\\\/#breadcrumb\"},\"inLanguage\":\"en-US\",\"potentialAction\":[{\"@type\":\"ReadAction\",\"target\":[\"https:\\\/\\\/www.specialfabrikken.dk\\\/vare\\\/vinderup-pladevibrator\\\/\"]}]},{\"@type\":\"ImageObject\",\"inLanguage\":\"en-US\",\"@id\":\"https:\\\/\\\/www.specialfabrikken.dk\\\/vare\\\/vinderup-pladevibrator\\\/#primaryimage\",\"url\":\"https:\\\/\\\/www.specialfabrikken.dk\\\/wp-content\\\/uploads\\\/2022\\\/03\\\/Pladevibrator1-scaled.jpg\",\"contentUrl\":\"https:\\\/\\\/www.specialfabrikken.dk\\\/wp-content\\\/uploads\\\/2022\\\/03\\\/Pladevibrator1-scaled.jpg\",\"width\":1920,\"height\":2560,\"caption\":\"Pladevibrator\"},{\"@type\":\"BreadcrumbList\",\"@id\":\"https:\\\/\\\/www.specialfabrikken.dk\\\/vare\\\/vinderup-pladevibrator\\\/#breadcrumb\",\"itemListElement\":[{\"@type\":\"ListItem\",\"position\":1,\"name\":\"Forside\",\"item\":\"https:\\\/\\\/www.specialfabrikken.dk\\\/\"},{\"@type\":\"ListItem\",\"position\":2,\"name\":\"Shop\",\"item\":\"https:\\\/\\\/www.specialfabrikken.dk\\\/shop\\\/\"},{\"@type\":\"ListItem\",\"position\":3,\"name\":\"Vinderup pladevibrator\"}]},{\"@type\":\"WebSite\",\"@id\":\"https:\\\/\\\/www.specialfabrikken.dk\\\/#website\",\"url\":\"https:\\\/\\\/www.specialfabrikken.dk\\\/\",\"name\":\"Specialfabrikken\",\"description\":\"Specialfabrikken\",\"potentialAction\":[{\"@type\":\"SearchAction\",\"target\":{\"@type\":\"EntryPoint\",\"urlTemplate\":\"https:\\\/\\\/www.specialfabrikken.dk\\\/?s={search_term_string}\"},\"query-input\":{\"@type\":\"PropertyValueSpecification\",\"valueRequired\":true,\"valueName\":\"search_term_string\"}}],\"inLanguage\":\"en-US\"}]}<\/script>\n<!-- \/ Yoast SEO plugin. -->","yoast_head_json":{"title":"Vinderup Plate Compactor with 5.5 HP Petrol Engine | Specialfabrikken","description":"Opdag Vinderup Pladevibrator med en kraftig 5,5 HK benzinmotor og dobbeltd\u00e6mpet konstruktion. Ideel til store opgaver, arbejder i hj\u00f8rner og undg\u00e5r 'hvide fingre'. Holdbar og p\u00e5lidelig. Bestil nu hos Specialfabrikken.","robots":{"index":"index","follow":"follow","max-snippet":"max-snippet:-1","max-image-preview":"max-image-preview:large","max-video-preview":"max-video-preview:-1"},"canonical":"https:\/\/www.specialfabrikken.dk\/en\/product-2\/vinderup-plate-compactor\/","og_locale":"en_US","og_type":"article","og_title":"Vinderup Pladevibrator med 5,5 HK Benzinmotor | Specialfabrikken","og_description":"Opdag Vinderup Pladevibrator med en kraftig 5,5 HK benzinmotor og dobbeltd\u00e6mpet konstruktion. Ideel til store opgaver, arbejder i hj\u00f8rner og undg\u00e5r 'hvide fingre'. Holdbar og p\u00e5lidelig. Bestil nu hos Specialfabrikken.","og_url":"https:\/\/www.specialfabrikken.dk\/en\/product-2\/vinderup-plate-compactor\/","og_site_name":"Specialfabrikken","article_modified_time":"2026-04-10T06:06:05+00:00","og_image":[{"width":1920,"height":2560,"url":"https:\/\/www.specialfabrikken.dk\/wp-content\/uploads\/2022\/03\/Pladevibrator1-scaled.jpg","type":"image\/jpeg"}],"twitter_card":"summary_large_image","twitter_misc":{"Est. reading time":"1 minute"},"schema":{"@context":"https:\/\/schema.org","@graph":[{"@type":"WebPage","@id":"https:\/\/www.specialfabrikken.dk\/vare\/vinderup-pladevibrator\/","url":"https:\/\/www.specialfabrikken.dk\/vare\/vinderup-pladevibrator\/","name":"Vinderup Plate Compactor with 5.5 HP Petrol Engine | Specialfabrikken","isPartOf":{"@id":"https:\/\/www.specialfabrikken.dk\/#website"},"primaryImageOfPage":{"@id":"https:\/\/www.specialfabrikken.dk\/vare\/vinderup-pladevibrator\/#primaryimage"},"image":{"@id":"https:\/\/www.specialfabrikken.dk\/vare\/vinderup-pladevibrator\/#primaryimage"},"thumbnailUrl":"https:\/\/www.specialfabrikken.dk\/wp-content\/uploads\/2022\/03\/Pladevibrator1-scaled.jpg","datePublished":"2022-03-31T12:07:29+00:00","dateModified":"2026-04-10T06:06:05+00:00","description":"Opdag Vinderup Pladevibrator med en kraftig 5,5 HK benzinmotor og dobbeltd\u00e6mpet konstruktion. Ideel til store opgaver, arbejder i hj\u00f8rner og undg\u00e5r 'hvide fingre'. Holdbar og p\u00e5lidelig. Bestil nu hos Specialfabrikken.","breadcrumb":{"@id":"https:\/\/www.specialfabrikken.dk\/vare\/vinderup-pladevibrator\/#breadcrumb"},"inLanguage":"en-US","potentialAction":[{"@type":"ReadAction","target":["https:\/\/www.specialfabrikken.dk\/vare\/vinderup-pladevibrator\/"]}]},{"@type":"ImageObject","inLanguage":"en-US","@id":"https:\/\/www.specialfabrikken.dk\/vare\/vinderup-pladevibrator\/#primaryimage","url":"https:\/\/www.specialfabrikken.dk\/wp-content\/uploads\/2022\/03\/Pladevibrator1-scaled.jpg","contentUrl":"https:\/\/www.specialfabrikken.dk\/wp-content\/uploads\/2022\/03\/Pladevibrator1-scaled.jpg","width":1920,"height":2560,"caption":"Pladevibrator"},{"@type":"BreadcrumbList","@id":"https:\/\/www.specialfabrikken.dk\/vare\/vinderup-pladevibrator\/#breadcrumb","itemListElement":[{"@type":"ListItem","position":1,"name":"Forside","item":"https:\/\/www.specialfabrikken.dk\/"},{"@type":"ListItem","position":2,"name":"Shop","item":"https:\/\/www.specialfabrikken.dk\/shop\/"},{"@type":"ListItem","position":3,"name":"Vinderup pladevibrator"}]},{"@type":"WebSite","@id":"https:\/\/www.specialfabrikken.dk\/#website","url":"https:\/\/www.specialfabrikken.dk\/","name":"Specialfabrikken","description":"Specialfabrikken","potentialAction":[{"@type":"SearchAction","target":{"@type":"EntryPoint","urlTemplate":"https:\/\/www.specialfabrikken.dk\/?s={search_term_string}"},"query-input":{"@type":"PropertyValueSpecification","valueRequired":true,"valueName":"search_term_string"}}],"inLanguage":"en-US"}]}},"_links":{"self":[{"href":"https:\/\/www.specialfabrikken.dk\/en\/wp-json\/wp\/v2\/product\/51637","targetHints":{"allow":["GET"]}}],"collection":[{"href":"https:\/\/www.specialfabrikken.dk\/en\/wp-json\/wp\/v2\/product"}],"about":[{"href":"https:\/\/www.specialfabrikken.dk\/en\/wp-json\/wp\/v2\/types\/product"}],"replies":[{"embeddable":true,"href":"https:\/\/www.specialfabrikken.dk\/en\/wp-json\/wp\/v2\/comments?post=51637"}],"wp:featuredmedia":[{"embeddable":true,"href":"https:\/\/www.specialfabrikken.dk\/en\/wp-json\/wp\/v2\/media\/52859"}],"wp:attachment":[{"href":"https:\/\/www.specialfabrikken.dk\/en\/wp-json\/wp\/v2\/media?parent=51637"}],"wp:term":[{"taxonomy":"product_brand","embeddable":true,"href":"https:\/\/www.specialfabrikken.dk\/en\/wp-json\/wp\/v2\/product_brand?post=51637"},{"taxonomy":"product_cat","embeddable":true,"href":"https:\/\/www.specialfabrikken.dk\/en\/wp-json\/wp\/v2\/product_cat?post=51637"},{"taxonomy":"product_tag","embeddable":true,"href":"https:\/\/www.specialfabrikken.dk\/en\/wp-json\/wp\/v2\/product_tag?post=51637"}],"curies":[{"name":"wp","href":"https:\/\/api.w.org\/{rel}","templated":true}]}}