{"id":51650,"date":"2022-04-01T13:27:25","date_gmt":"2022-04-01T13:27:25","guid":{"rendered":"https:\/\/www.specialfabrikken.dk\/?post_type=product&#038;p=51650"},"modified":"2026-04-07T12:13:51","modified_gmt":"2026-04-07T10:13:51","slug":"fodsparkholder-hjoerne-galvanisert","status":"publish","type":"product","link":"https:\/\/www.specialfabrikken.dk\/en\/vare\/fodsparkholder-hjoerne-galvanisert\/","title":{"rendered":"Fodsparkholder hj\u00f8rne, galv."},"content":{"rendered":"","protected":false},"excerpt":{"rendered":"<p>Short description:<\/p>\n<ul>\n<li>Fremstillet i galvaniseret st\u00e5l.<\/li>\n<\/ul>","protected":false},"featured_media":50289,"comment_status":"open","ping_status":"closed","template":"","meta":{"_acf_changed":false,"_et_pb_use_builder":"","_et_pb_old_content":"","_et_gb_content_width":""},"product_brand":[],"product_cat":[32,31],"product_tag":[48],"class_list":{"0":"post-51650","1":"product","2":"type-product","3":"status-publish","4":"has-post-thumbnail","6":"product_cat-murerstillads","7":"product_cat-stillads","8":"product_tag-murerstillads","9":"product_shipping_class-smaa","11":"first","12":"instock","13":"taxable","14":"shipping-taxable","15":"purchasable","16":"product-type-simple"},"acf":[],"yoast_head":"<!-- This site is optimized with the Yoast SEO plugin v27.4 - https:\/\/yoast.com\/product\/yoast-seo-wordpress\/ -->\n<title>Fodsparkholder Hj\u00f8rne i Galvaniseret St\u00e5l | Holdbare og Sikre Fodsparkholdere<\/title>\n<meta name=\"description\" content=\"S\u00f8ger du en holdbar og sikker l\u00f8sning til dit stillads? Vores fodsparkholder hj\u00f8rne er fremstillet i galvaniseret st\u00e5l for l\u00e6ngere holdbarhed og styrke. Bestil nu!\" \/>\n<meta name=\"robots\" content=\"index, follow, max-snippet:-1, max-image-preview:large, max-video-preview:-1\" \/>\n<link rel=\"canonical\" href=\"https:\/\/www.specialfabrikken.dk\/en\/product-2\/fodsparkholder-hjoerne-galvanisert\/\" \/>\n<meta property=\"og:locale\" content=\"en_US\" \/>\n<meta property=\"og:type\" content=\"article\" \/>\n<meta property=\"og:title\" content=\"Fodsparkholder Hj\u00f8rne i Galvaniseret St\u00e5l | Holdbare og Sikre Fodsparkholdere\" \/>\n<meta property=\"og:description\" content=\"S\u00f8ger du en holdbar og sikker l\u00f8sning til dit stillads? Vores fodsparkholder hj\u00f8rne er fremstillet i galvaniseret st\u00e5l for l\u00e6ngere holdbarhed og styrke. Bestil nu!\" \/>\n<meta property=\"og:url\" content=\"https:\/\/www.specialfabrikken.dk\/en\/product-2\/fodsparkholder-hjoerne-galvanisert\/\" \/>\n<meta property=\"og:site_name\" content=\"Specialfabrikken\" \/>\n<meta property=\"article:modified_time\" content=\"2026-04-07T10:13:51+00:00\" \/>\n<meta property=\"og:image\" content=\"https:\/\/www.specialfabrikken.dk\/wp-content\/uploads\/2020\/04\/fodsp-hjorne.png\" \/>\n\t<meta property=\"og:image:width\" content=\"994\" \/>\n\t<meta property=\"og:image:height\" content=\"2669\" \/>\n\t<meta property=\"og:image:type\" content=\"image\/png\" \/>\n<meta name=\"twitter:card\" content=\"summary_large_image\" \/>\n<script type=\"application\/ld+json\" class=\"yoast-schema-graph\">{\"@context\":\"https:\\\/\\\/schema.org\",\"@graph\":[{\"@type\":\"WebPage\",\"@id\":\"https:\\\/\\\/www.specialfabrikken.dk\\\/vare\\\/fodsparkholder-hjoerne-galvanisert\\\/\",\"url\":\"https:\\\/\\\/www.specialfabrikken.dk\\\/vare\\\/fodsparkholder-hjoerne-galvanisert\\\/\",\"name\":\"Fodsparkholder Hj\u00f8rne i Galvaniseret St\u00e5l | Holdbare og Sikre Fodsparkholdere\",\"isPartOf\":{\"@id\":\"https:\\\/\\\/www.specialfabrikken.dk\\\/#website\"},\"primaryImageOfPage\":{\"@id\":\"https:\\\/\\\/www.specialfabrikken.dk\\\/vare\\\/fodsparkholder-hjoerne-galvanisert\\\/#primaryimage\"},\"image\":{\"@id\":\"https:\\\/\\\/www.specialfabrikken.dk\\\/vare\\\/fodsparkholder-hjoerne-galvanisert\\\/#primaryimage\"},\"thumbnailUrl\":\"https:\\\/\\\/www.specialfabrikken.dk\\\/wp-content\\\/uploads\\\/2020\\\/04\\\/fodsp-hjorne.png\",\"datePublished\":\"2022-04-01T13:27:25+00:00\",\"dateModified\":\"2026-04-07T10:13:51+00:00\",\"description\":\"S\u00f8ger du en holdbar og sikker l\u00f8sning til dit stillads? Vores fodsparkholder hj\u00f8rne er fremstillet i galvaniseret st\u00e5l for l\u00e6ngere holdbarhed og styrke. Bestil nu!\",\"breadcrumb\":{\"@id\":\"https:\\\/\\\/www.specialfabrikken.dk\\\/vare\\\/fodsparkholder-hjoerne-galvanisert\\\/#breadcrumb\"},\"inLanguage\":\"en-US\",\"potentialAction\":[{\"@type\":\"ReadAction\",\"target\":[\"https:\\\/\\\/www.specialfabrikken.dk\\\/vare\\\/fodsparkholder-hjoerne-galvanisert\\\/\"]}]},{\"@type\":\"ImageObject\",\"inLanguage\":\"en-US\",\"@id\":\"https:\\\/\\\/www.specialfabrikken.dk\\\/vare\\\/fodsparkholder-hjoerne-galvanisert\\\/#primaryimage\",\"url\":\"https:\\\/\\\/www.specialfabrikken.dk\\\/wp-content\\\/uploads\\\/2020\\\/04\\\/fodsp-hjorne.png\",\"contentUrl\":\"https:\\\/\\\/www.specialfabrikken.dk\\\/wp-content\\\/uploads\\\/2020\\\/04\\\/fodsp-hjorne.png\",\"width\":994,\"height\":2669},{\"@type\":\"BreadcrumbList\",\"@id\":\"https:\\\/\\\/www.specialfabrikken.dk\\\/vare\\\/fodsparkholder-hjoerne-galvanisert\\\/#breadcrumb\",\"itemListElement\":[{\"@type\":\"ListItem\",\"position\":1,\"name\":\"Forside\",\"item\":\"https:\\\/\\\/www.specialfabrikken.dk\\\/\"},{\"@type\":\"ListItem\",\"position\":2,\"name\":\"Shop\",\"item\":\"https:\\\/\\\/www.specialfabrikken.dk\\\/shop\\\/\"},{\"@type\":\"ListItem\",\"position\":3,\"name\":\"Fodsparkholder hj\u00f8rne, galv.\"}]},{\"@type\":\"WebSite\",\"@id\":\"https:\\\/\\\/www.specialfabrikken.dk\\\/#website\",\"url\":\"https:\\\/\\\/www.specialfabrikken.dk\\\/\",\"name\":\"Specialfabrikken\",\"description\":\"Specialfabrikken\",\"potentialAction\":[{\"@type\":\"SearchAction\",\"target\":{\"@type\":\"EntryPoint\",\"urlTemplate\":\"https:\\\/\\\/www.specialfabrikken.dk\\\/?s={search_term_string}\"},\"query-input\":{\"@type\":\"PropertyValueSpecification\",\"valueRequired\":true,\"valueName\":\"search_term_string\"}}],\"inLanguage\":\"en-US\"}]}<\/script>\n<!-- \/ Yoast SEO plugin. -->","yoast_head_json":{"title":"Fodsparkholder Hj\u00f8rne i Galvaniseret St\u00e5l | Holdbare og Sikre Fodsparkholdere","description":"S\u00f8ger du en holdbar og sikker l\u00f8sning til dit stillads? Vores fodsparkholder hj\u00f8rne er fremstillet i galvaniseret st\u00e5l for l\u00e6ngere holdbarhed og styrke. Bestil nu!","robots":{"index":"index","follow":"follow","max-snippet":"max-snippet:-1","max-image-preview":"max-image-preview:large","max-video-preview":"max-video-preview:-1"},"canonical":"https:\/\/www.specialfabrikken.dk\/en\/product-2\/fodsparkholder-hjoerne-galvanisert\/","og_locale":"en_US","og_type":"article","og_title":"Fodsparkholder Hj\u00f8rne i Galvaniseret St\u00e5l | Holdbare og Sikre Fodsparkholdere","og_description":"S\u00f8ger du en holdbar og sikker l\u00f8sning til dit stillads? Vores fodsparkholder hj\u00f8rne er fremstillet i galvaniseret st\u00e5l for l\u00e6ngere holdbarhed og styrke. Bestil nu!","og_url":"https:\/\/www.specialfabrikken.dk\/en\/product-2\/fodsparkholder-hjoerne-galvanisert\/","og_site_name":"Specialfabrikken","article_modified_time":"2026-04-07T10:13:51+00:00","og_image":[{"width":994,"height":2669,"url":"https:\/\/www.specialfabrikken.dk\/wp-content\/uploads\/2020\/04\/fodsp-hjorne.png","type":"image\/png"}],"twitter_card":"summary_large_image","schema":{"@context":"https:\/\/schema.org","@graph":[{"@type":"WebPage","@id":"https:\/\/www.specialfabrikken.dk\/vare\/fodsparkholder-hjoerne-galvanisert\/","url":"https:\/\/www.specialfabrikken.dk\/vare\/fodsparkholder-hjoerne-galvanisert\/","name":"Fodsparkholder Hj\u00f8rne i Galvaniseret St\u00e5l | Holdbare og Sikre Fodsparkholdere","isPartOf":{"@id":"https:\/\/www.specialfabrikken.dk\/#website"},"primaryImageOfPage":{"@id":"https:\/\/www.specialfabrikken.dk\/vare\/fodsparkholder-hjoerne-galvanisert\/#primaryimage"},"image":{"@id":"https:\/\/www.specialfabrikken.dk\/vare\/fodsparkholder-hjoerne-galvanisert\/#primaryimage"},"thumbnailUrl":"https:\/\/www.specialfabrikken.dk\/wp-content\/uploads\/2020\/04\/fodsp-hjorne.png","datePublished":"2022-04-01T13:27:25+00:00","dateModified":"2026-04-07T10:13:51+00:00","description":"S\u00f8ger du en holdbar og sikker l\u00f8sning til dit stillads? Vores fodsparkholder hj\u00f8rne er fremstillet i galvaniseret st\u00e5l for l\u00e6ngere holdbarhed og styrke. Bestil nu!","breadcrumb":{"@id":"https:\/\/www.specialfabrikken.dk\/vare\/fodsparkholder-hjoerne-galvanisert\/#breadcrumb"},"inLanguage":"en-US","potentialAction":[{"@type":"ReadAction","target":["https:\/\/www.specialfabrikken.dk\/vare\/fodsparkholder-hjoerne-galvanisert\/"]}]},{"@type":"ImageObject","inLanguage":"en-US","@id":"https:\/\/www.specialfabrikken.dk\/vare\/fodsparkholder-hjoerne-galvanisert\/#primaryimage","url":"https:\/\/www.specialfabrikken.dk\/wp-content\/uploads\/2020\/04\/fodsp-hjorne.png","contentUrl":"https:\/\/www.specialfabrikken.dk\/wp-content\/uploads\/2020\/04\/fodsp-hjorne.png","width":994,"height":2669},{"@type":"BreadcrumbList","@id":"https:\/\/www.specialfabrikken.dk\/vare\/fodsparkholder-hjoerne-galvanisert\/#breadcrumb","itemListElement":[{"@type":"ListItem","position":1,"name":"Forside","item":"https:\/\/www.specialfabrikken.dk\/"},{"@type":"ListItem","position":2,"name":"Shop","item":"https:\/\/www.specialfabrikken.dk\/shop\/"},{"@type":"ListItem","position":3,"name":"Fodsparkholder hj\u00f8rne, galv."}]},{"@type":"WebSite","@id":"https:\/\/www.specialfabrikken.dk\/#website","url":"https:\/\/www.specialfabrikken.dk\/","name":"Specialfabrikken","description":"Specialfabrikken","potentialAction":[{"@type":"SearchAction","target":{"@type":"EntryPoint","urlTemplate":"https:\/\/www.specialfabrikken.dk\/?s={search_term_string}"},"query-input":{"@type":"PropertyValueSpecification","valueRequired":true,"valueName":"search_term_string"}}],"inLanguage":"en-US"}]}},"_links":{"self":[{"href":"https:\/\/www.specialfabrikken.dk\/en\/wp-json\/wp\/v2\/product\/51650","targetHints":{"allow":["GET"]}}],"collection":[{"href":"https:\/\/www.specialfabrikken.dk\/en\/wp-json\/wp\/v2\/product"}],"about":[{"href":"https:\/\/www.specialfabrikken.dk\/en\/wp-json\/wp\/v2\/types\/product"}],"replies":[{"embeddable":true,"href":"https:\/\/www.specialfabrikken.dk\/en\/wp-json\/wp\/v2\/comments?post=51650"}],"wp:featuredmedia":[{"embeddable":true,"href":"https:\/\/www.specialfabrikken.dk\/en\/wp-json\/wp\/v2\/media\/50289"}],"wp:attachment":[{"href":"https:\/\/www.specialfabrikken.dk\/en\/wp-json\/wp\/v2\/media?parent=51650"}],"wp:term":[{"taxonomy":"product_brand","embeddable":true,"href":"https:\/\/www.specialfabrikken.dk\/en\/wp-json\/wp\/v2\/product_brand?post=51650"},{"taxonomy":"product_cat","embeddable":true,"href":"https:\/\/www.specialfabrikken.dk\/en\/wp-json\/wp\/v2\/product_cat?post=51650"},{"taxonomy":"product_tag","embeddable":true,"href":"https:\/\/www.specialfabrikken.dk\/en\/wp-json\/wp\/v2\/product_tag?post=51650"}],"curies":[{"name":"wp","href":"https:\/\/api.w.org\/{rel}","templated":true}]}}