{"id":51664,"date":"2022-04-01T14:23:33","date_gmt":"2022-04-01T14:23:33","guid":{"rendered":"https:\/\/www.specialfabrikken.dk\/?post_type=product&#038;p=51664"},"modified":"2026-03-16T15:09:52","modified_gmt":"2026-03-16T14:09:52","slug":"tragt-med-kaede-plast","status":"publish","type":"product","link":"https:\/\/www.specialfabrikken.dk\/en\/vare\/tragt-med-kaede-plast\/","title":{"rendered":"Tragt med k\u00e6de plast"},"content":{"rendered":"","protected":false},"excerpt":{"rendered":"<p>Short description:<\/p>\n<ul>\n<li>Fremstillet i galvaniseret st\u00e5l.<\/li>\n<\/ul>","protected":false},"featured_media":2570,"comment_status":"open","ping_status":"closed","template":"","meta":{"_acf_changed":false,"_et_pb_use_builder":"","_et_pb_old_content":"","_et_gb_content_width":""},"product_brand":[],"product_cat":[35,32,55,31],"product_tag":[172,48,178],"class_list":{"0":"post-51664","1":"product","2":"type-product","3":"status-publish","4":"has-post-thumbnail","6":"product_cat-alufacadestillads","7":"product_cat-murerstillads","8":"product_cat-staal-facadestillads","9":"product_cat-stillads","10":"product_tag-alu-facadestillads","11":"product_tag-murerstillads","12":"product_tag-staal-facadestillads","13":"product_shipping_class-stor","15":"first","16":"instock","17":"taxable","18":"shipping-taxable","19":"purchasable","20":"product-type-simple"},"acf":[],"yoast_head":"<!-- This site is optimized with the Yoast SEO plugin v27.4 - https:\/\/yoast.com\/product\/yoast-seo-wordpress\/ -->\n<title>Tragt med K\u00e6de i Galvaniseret St\u00e5l | H\u00f8j Kvalitet og Holdbarhed<\/title>\n<meta name=\"description\" content=\"Vores tragt med k\u00e6de er fremstillet i robust, galvaniseret st\u00e5l, designet til at modst\u00e5 selv de mest kr\u00e6vende arbejdsforhold. Oplev holdbarheden og kvaliteten nu!\" \/>\n<meta name=\"robots\" content=\"index, follow, max-snippet:-1, max-image-preview:large, max-video-preview:-1\" \/>\n<link rel=\"canonical\" href=\"https:\/\/www.specialfabrikken.dk\/en\/product-2\/tragt-med-kaede-plast\/\" \/>\n<meta property=\"og:locale\" content=\"en_US\" \/>\n<meta property=\"og:type\" content=\"article\" \/>\n<meta property=\"og:title\" content=\"Tragt med K\u00e6de i Galvaniseret St\u00e5l | H\u00f8j Kvalitet og Holdbarhed\" \/>\n<meta property=\"og:description\" content=\"Vores tragt med k\u00e6de er fremstillet i robust, galvaniseret st\u00e5l, designet til at modst\u00e5 selv de mest kr\u00e6vende arbejdsforhold. Oplev holdbarheden og kvaliteten nu!\" \/>\n<meta property=\"og:url\" content=\"https:\/\/www.specialfabrikken.dk\/en\/product-2\/tragt-med-kaede-plast\/\" \/>\n<meta property=\"og:site_name\" content=\"Specialfabrikken\" \/>\n<meta property=\"article:modified_time\" content=\"2026-03-16T14:09:52+00:00\" \/>\n<meta property=\"og:image\" content=\"https:\/\/www.specialfabrikken.dk\/wp-content\/uploads\/2020\/04\/tragt-med-k\u00e6de.jpg\" \/>\n\t<meta property=\"og:image:width\" content=\"305\" \/>\n\t<meta property=\"og:image:height\" content=\"411\" \/>\n\t<meta property=\"og:image:type\" content=\"image\/jpeg\" \/>\n<meta name=\"twitter:card\" content=\"summary_large_image\" \/>\n<script type=\"application\/ld+json\" class=\"yoast-schema-graph\">{\"@context\":\"https:\\\/\\\/schema.org\",\"@graph\":[{\"@type\":\"WebPage\",\"@id\":\"https:\\\/\\\/www.specialfabrikken.dk\\\/vare\\\/tragt-med-kaede-plast\\\/\",\"url\":\"https:\\\/\\\/www.specialfabrikken.dk\\\/vare\\\/tragt-med-kaede-plast\\\/\",\"name\":\"Tragt med K\u00e6de i Galvaniseret St\u00e5l | H\u00f8j Kvalitet og Holdbarhed\",\"isPartOf\":{\"@id\":\"https:\\\/\\\/www.specialfabrikken.dk\\\/#website\"},\"primaryImageOfPage\":{\"@id\":\"https:\\\/\\\/www.specialfabrikken.dk\\\/vare\\\/tragt-med-kaede-plast\\\/#primaryimage\"},\"image\":{\"@id\":\"https:\\\/\\\/www.specialfabrikken.dk\\\/vare\\\/tragt-med-kaede-plast\\\/#primaryimage\"},\"thumbnailUrl\":\"https:\\\/\\\/www.specialfabrikken.dk\\\/wp-content\\\/uploads\\\/2020\\\/04\\\/tragt-med-k\u00e6de.jpg\",\"datePublished\":\"2022-04-01T14:23:33+00:00\",\"dateModified\":\"2026-03-16T14:09:52+00:00\",\"description\":\"Vores tragt med k\u00e6de er fremstillet i robust, galvaniseret st\u00e5l, designet til at modst\u00e5 selv de mest kr\u00e6vende arbejdsforhold. Oplev holdbarheden og kvaliteten nu!\",\"breadcrumb\":{\"@id\":\"https:\\\/\\\/www.specialfabrikken.dk\\\/vare\\\/tragt-med-kaede-plast\\\/#breadcrumb\"},\"inLanguage\":\"en-US\",\"potentialAction\":[{\"@type\":\"ReadAction\",\"target\":[\"https:\\\/\\\/www.specialfabrikken.dk\\\/vare\\\/tragt-med-kaede-plast\\\/\"]}]},{\"@type\":\"ImageObject\",\"inLanguage\":\"en-US\",\"@id\":\"https:\\\/\\\/www.specialfabrikken.dk\\\/vare\\\/tragt-med-kaede-plast\\\/#primaryimage\",\"url\":\"https:\\\/\\\/www.specialfabrikken.dk\\\/wp-content\\\/uploads\\\/2020\\\/04\\\/tragt-med-k\u00e6de.jpg\",\"contentUrl\":\"https:\\\/\\\/www.specialfabrikken.dk\\\/wp-content\\\/uploads\\\/2020\\\/04\\\/tragt-med-k\u00e6de.jpg\",\"width\":305,\"height\":411,\"caption\":\"tragt med k\u00e6de, murerstillads, facadestillads, ind\u00e6kning\"},{\"@type\":\"BreadcrumbList\",\"@id\":\"https:\\\/\\\/www.specialfabrikken.dk\\\/vare\\\/tragt-med-kaede-plast\\\/#breadcrumb\",\"itemListElement\":[{\"@type\":\"ListItem\",\"position\":1,\"name\":\"Forside\",\"item\":\"https:\\\/\\\/www.specialfabrikken.dk\\\/\"},{\"@type\":\"ListItem\",\"position\":2,\"name\":\"Shop\",\"item\":\"https:\\\/\\\/www.specialfabrikken.dk\\\/shop\\\/\"},{\"@type\":\"ListItem\",\"position\":3,\"name\":\"Tragt med k\u00e6de plast\"}]},{\"@type\":\"WebSite\",\"@id\":\"https:\\\/\\\/www.specialfabrikken.dk\\\/#website\",\"url\":\"https:\\\/\\\/www.specialfabrikken.dk\\\/\",\"name\":\"Specialfabrikken\",\"description\":\"Specialfabrikken\",\"potentialAction\":[{\"@type\":\"SearchAction\",\"target\":{\"@type\":\"EntryPoint\",\"urlTemplate\":\"https:\\\/\\\/www.specialfabrikken.dk\\\/?s={search_term_string}\"},\"query-input\":{\"@type\":\"PropertyValueSpecification\",\"valueRequired\":true,\"valueName\":\"search_term_string\"}}],\"inLanguage\":\"en-US\"}]}<\/script>\n<!-- \/ Yoast SEO plugin. -->","yoast_head_json":{"title":"Tragt med K\u00e6de i Galvaniseret St\u00e5l | H\u00f8j Kvalitet og Holdbarhed","description":"Vores tragt med k\u00e6de er fremstillet i robust, galvaniseret st\u00e5l, designet til at modst\u00e5 selv de mest kr\u00e6vende arbejdsforhold. Oplev holdbarheden og kvaliteten nu!","robots":{"index":"index","follow":"follow","max-snippet":"max-snippet:-1","max-image-preview":"max-image-preview:large","max-video-preview":"max-video-preview:-1"},"canonical":"https:\/\/www.specialfabrikken.dk\/en\/product-2\/tragt-med-kaede-plast\/","og_locale":"en_US","og_type":"article","og_title":"Tragt med K\u00e6de i Galvaniseret St\u00e5l | H\u00f8j Kvalitet og Holdbarhed","og_description":"Vores tragt med k\u00e6de er fremstillet i robust, galvaniseret st\u00e5l, designet til at modst\u00e5 selv de mest kr\u00e6vende arbejdsforhold. Oplev holdbarheden og kvaliteten nu!","og_url":"https:\/\/www.specialfabrikken.dk\/en\/product-2\/tragt-med-kaede-plast\/","og_site_name":"Specialfabrikken","article_modified_time":"2026-03-16T14:09:52+00:00","og_image":[{"width":305,"height":411,"url":"https:\/\/www.specialfabrikken.dk\/wp-content\/uploads\/2020\/04\/tragt-med-k\u00e6de.jpg","type":"image\/jpeg"}],"twitter_card":"summary_large_image","schema":{"@context":"https:\/\/schema.org","@graph":[{"@type":"WebPage","@id":"https:\/\/www.specialfabrikken.dk\/vare\/tragt-med-kaede-plast\/","url":"https:\/\/www.specialfabrikken.dk\/vare\/tragt-med-kaede-plast\/","name":"Tragt med K\u00e6de i Galvaniseret St\u00e5l | H\u00f8j Kvalitet og Holdbarhed","isPartOf":{"@id":"https:\/\/www.specialfabrikken.dk\/#website"},"primaryImageOfPage":{"@id":"https:\/\/www.specialfabrikken.dk\/vare\/tragt-med-kaede-plast\/#primaryimage"},"image":{"@id":"https:\/\/www.specialfabrikken.dk\/vare\/tragt-med-kaede-plast\/#primaryimage"},"thumbnailUrl":"https:\/\/www.specialfabrikken.dk\/wp-content\/uploads\/2020\/04\/tragt-med-k\u00e6de.jpg","datePublished":"2022-04-01T14:23:33+00:00","dateModified":"2026-03-16T14:09:52+00:00","description":"Vores tragt med k\u00e6de er fremstillet i robust, galvaniseret st\u00e5l, designet til at modst\u00e5 selv de mest kr\u00e6vende arbejdsforhold. Oplev holdbarheden og kvaliteten nu!","breadcrumb":{"@id":"https:\/\/www.specialfabrikken.dk\/vare\/tragt-med-kaede-plast\/#breadcrumb"},"inLanguage":"en-US","potentialAction":[{"@type":"ReadAction","target":["https:\/\/www.specialfabrikken.dk\/vare\/tragt-med-kaede-plast\/"]}]},{"@type":"ImageObject","inLanguage":"en-US","@id":"https:\/\/www.specialfabrikken.dk\/vare\/tragt-med-kaede-plast\/#primaryimage","url":"https:\/\/www.specialfabrikken.dk\/wp-content\/uploads\/2020\/04\/tragt-med-k\u00e6de.jpg","contentUrl":"https:\/\/www.specialfabrikken.dk\/wp-content\/uploads\/2020\/04\/tragt-med-k\u00e6de.jpg","width":305,"height":411,"caption":"tragt med k\u00e6de, murerstillads, facadestillads, ind\u00e6kning"},{"@type":"BreadcrumbList","@id":"https:\/\/www.specialfabrikken.dk\/vare\/tragt-med-kaede-plast\/#breadcrumb","itemListElement":[{"@type":"ListItem","position":1,"name":"Forside","item":"https:\/\/www.specialfabrikken.dk\/"},{"@type":"ListItem","position":2,"name":"Shop","item":"https:\/\/www.specialfabrikken.dk\/shop\/"},{"@type":"ListItem","position":3,"name":"Tragt med k\u00e6de plast"}]},{"@type":"WebSite","@id":"https:\/\/www.specialfabrikken.dk\/#website","url":"https:\/\/www.specialfabrikken.dk\/","name":"Specialfabrikken","description":"Specialfabrikken","potentialAction":[{"@type":"SearchAction","target":{"@type":"EntryPoint","urlTemplate":"https:\/\/www.specialfabrikken.dk\/?s={search_term_string}"},"query-input":{"@type":"PropertyValueSpecification","valueRequired":true,"valueName":"search_term_string"}}],"inLanguage":"en-US"}]}},"_links":{"self":[{"href":"https:\/\/www.specialfabrikken.dk\/en\/wp-json\/wp\/v2\/product\/51664","targetHints":{"allow":["GET"]}}],"collection":[{"href":"https:\/\/www.specialfabrikken.dk\/en\/wp-json\/wp\/v2\/product"}],"about":[{"href":"https:\/\/www.specialfabrikken.dk\/en\/wp-json\/wp\/v2\/types\/product"}],"replies":[{"embeddable":true,"href":"https:\/\/www.specialfabrikken.dk\/en\/wp-json\/wp\/v2\/comments?post=51664"}],"wp:featuredmedia":[{"embeddable":true,"href":"https:\/\/www.specialfabrikken.dk\/en\/wp-json\/wp\/v2\/media\/2570"}],"wp:attachment":[{"href":"https:\/\/www.specialfabrikken.dk\/en\/wp-json\/wp\/v2\/media?parent=51664"}],"wp:term":[{"taxonomy":"product_brand","embeddable":true,"href":"https:\/\/www.specialfabrikken.dk\/en\/wp-json\/wp\/v2\/product_brand?post=51664"},{"taxonomy":"product_cat","embeddable":true,"href":"https:\/\/www.specialfabrikken.dk\/en\/wp-json\/wp\/v2\/product_cat?post=51664"},{"taxonomy":"product_tag","embeddable":true,"href":"https:\/\/www.specialfabrikken.dk\/en\/wp-json\/wp\/v2\/product_tag?post=51664"}],"curies":[{"name":"wp","href":"https:\/\/api.w.org\/{rel}","templated":true}]}}