{"id":51723,"date":"2022-04-12T09:43:12","date_gmt":"2022-04-12T09:43:12","guid":{"rendered":"https:\/\/www.specialfabrikken.dk\/?post_type=product&#038;p=51723"},"modified":"2026-02-03T09:38:27","modified_gmt":"2026-02-03T08:38:27","slug":"stilladsnet","status":"publish","type":"product","link":"https:\/\/www.specialfabrikken.dk\/en\/vare\/stilladsnet\/","title":{"rendered":"Stilladsnet Standard"},"content":{"rendered":"","protected":false},"excerpt":{"rendered":"<h1><strong>Stilladsnet 3,07 x 100 m &#8211; Til Den Professionelle H\u00e5ndv\u00e6rker<\/strong><\/h1>\n<p>N\u00e5r du arbejder p\u00e5 en byggeplads, ved du, at sikkerhed og effektivitet er n\u00f8gleord. Med vores Stilladsnet, specielt designet til den professionelle h\u00e5ndv\u00e6rker, f\u00e5r du en p\u00e5lidelig l\u00f8sning, der d\u00e6kker begge behov.<\/p>\n<p>Vores Stilladsnet kommer i m\u00e5lene 3,07 x 100 m pr. rulle og er tilg\u00e6ngelige i forskellige kvaliteter for at kunne matche netop dit projekts behov. Det store format sikrer, at du nemt og hurtigt kan d\u00e6kke st\u00f8rre omr\u00e5der, hvilket sparer dig tid og ressourcer.<\/p>\n<p><strong>Short description:<\/strong><\/p>\n<ul>\n<li>M\u00e5l: 3,07 x 100 m pr. rulle<\/li>\n<li>Kvalitet: Standard (50 g.)<\/li>\n<li>Nem at installere og fjerne<\/li>\n<li>Kan tilpasses til forskellige arbejdsforhold<\/li>\n<\/ul>","protected":false},"featured_media":2100,"comment_status":"open","ping_status":"closed","template":"","meta":{"_acf_changed":false,"_et_pb_use_builder":"","_et_pb_old_content":"","_et_gb_content_width":""},"product_brand":[],"product_cat":[35,68,32,55,31],"product_tag":[172,48,178,39],"class_list":{"0":"post-51723","1":"product","2":"type-product","3":"status-publish","4":"has-post-thumbnail","6":"product_cat-alufacadestillads","7":"product_cat-inddaekning","8":"product_cat-murerstillads","9":"product_cat-staal-facadestillads","10":"product_cat-stillads","11":"product_tag-alu-facadestillads","12":"product_tag-murerstillads","13":"product_tag-staal-facadestillads","14":"product_tag-stilladsnet","15":"product_shipping_class-stor","17":"first","18":"instock","19":"taxable","20":"shipping-taxable","21":"purchasable","22":"product-type-simple"},"acf":[],"yoast_head":"<!-- This site is optimized with the Yoast SEO plugin v27.4 - https:\/\/yoast.com\/product\/yoast-seo-wordpress\/ -->\n<title>Stilladsnet 3,07 x 100 m - H\u00f8j kvalitet<\/title>\n<meta name=\"description\" content=\"F\u00e5 kvalitetsstilladsnet i st\u00f8rrelsen 3,07 x 100 m, ideelt til professionelle byggeprojekter. F\u00e5s i flere kvaliteter. Har vi ikke det, du s\u00f8ger? Ring til os for specialordrer!\" \/>\n<meta name=\"robots\" content=\"index, follow, max-snippet:-1, max-image-preview:large, max-video-preview:-1\" \/>\n<link rel=\"canonical\" href=\"https:\/\/www.specialfabrikken.dk\/en\/product-2\/stilladsnet\/\" \/>\n<meta property=\"og:locale\" content=\"en_US\" \/>\n<meta property=\"og:type\" content=\"article\" \/>\n<meta property=\"og:title\" content=\"Stilladsnet 3,07 x 100 m - H\u00f8j kvalitet\" \/>\n<meta property=\"og:description\" content=\"F\u00e5 kvalitetsstilladsnet i st\u00f8rrelsen 3,07 x 100 m, ideelt til professionelle byggeprojekter. F\u00e5s i flere kvaliteter. Har vi ikke det, du s\u00f8ger? Ring til os for specialordrer!\" \/>\n<meta property=\"og:url\" content=\"https:\/\/www.specialfabrikken.dk\/en\/product-2\/stilladsnet\/\" \/>\n<meta property=\"og:site_name\" content=\"Specialfabrikken\" \/>\n<meta property=\"article:modified_time\" content=\"2026-02-03T08:38:27+00:00\" \/>\n<meta property=\"og:image\" content=\"https:\/\/www.specialfabrikken.dk\/wp-content\/uploads\/2020\/04\/stilladsnet.jpg\" \/>\n\t<meta property=\"og:image:width\" content=\"335\" \/>\n\t<meta property=\"og:image:height\" content=\"193\" \/>\n\t<meta property=\"og:image:type\" content=\"image\/jpeg\" \/>\n<meta name=\"twitter:card\" content=\"summary_large_image\" \/>\n<script type=\"application\/ld+json\" class=\"yoast-schema-graph\">{\"@context\":\"https:\\\/\\\/schema.org\",\"@graph\":[{\"@type\":\"WebPage\",\"@id\":\"https:\\\/\\\/www.specialfabrikken.dk\\\/vare\\\/stilladsnet\\\/\",\"url\":\"https:\\\/\\\/www.specialfabrikken.dk\\\/vare\\\/stilladsnet\\\/\",\"name\":\"Stilladsnet 3,07 x 100 m - H\u00f8j kvalitet\",\"isPartOf\":{\"@id\":\"https:\\\/\\\/www.specialfabrikken.dk\\\/#website\"},\"primaryImageOfPage\":{\"@id\":\"https:\\\/\\\/www.specialfabrikken.dk\\\/vare\\\/stilladsnet\\\/#primaryimage\"},\"image\":{\"@id\":\"https:\\\/\\\/www.specialfabrikken.dk\\\/vare\\\/stilladsnet\\\/#primaryimage\"},\"thumbnailUrl\":\"https:\\\/\\\/www.specialfabrikken.dk\\\/wp-content\\\/uploads\\\/2020\\\/04\\\/stilladsnet.jpg\",\"datePublished\":\"2022-04-12T09:43:12+00:00\",\"dateModified\":\"2026-02-03T08:38:27+00:00\",\"description\":\"F\u00e5 kvalitetsstilladsnet i st\u00f8rrelsen 3,07 x 100 m, ideelt til professionelle byggeprojekter. F\u00e5s i flere kvaliteter. Har vi ikke det, du s\u00f8ger? Ring til os for specialordrer!\",\"breadcrumb\":{\"@id\":\"https:\\\/\\\/www.specialfabrikken.dk\\\/vare\\\/stilladsnet\\\/#breadcrumb\"},\"inLanguage\":\"en-US\",\"potentialAction\":[{\"@type\":\"ReadAction\",\"target\":[\"https:\\\/\\\/www.specialfabrikken.dk\\\/vare\\\/stilladsnet\\\/\"]}]},{\"@type\":\"ImageObject\",\"inLanguage\":\"en-US\",\"@id\":\"https:\\\/\\\/www.specialfabrikken.dk\\\/vare\\\/stilladsnet\\\/#primaryimage\",\"url\":\"https:\\\/\\\/www.specialfabrikken.dk\\\/wp-content\\\/uploads\\\/2020\\\/04\\\/stilladsnet.jpg\",\"contentUrl\":\"https:\\\/\\\/www.specialfabrikken.dk\\\/wp-content\\\/uploads\\\/2020\\\/04\\\/stilladsnet.jpg\",\"width\":335,\"height\":193,\"caption\":\"stilladsnet\"},{\"@type\":\"BreadcrumbList\",\"@id\":\"https:\\\/\\\/www.specialfabrikken.dk\\\/vare\\\/stilladsnet\\\/#breadcrumb\",\"itemListElement\":[{\"@type\":\"ListItem\",\"position\":1,\"name\":\"Forside\",\"item\":\"https:\\\/\\\/www.specialfabrikken.dk\\\/\"},{\"@type\":\"ListItem\",\"position\":2,\"name\":\"Shop\",\"item\":\"https:\\\/\\\/www.specialfabrikken.dk\\\/shop\\\/\"},{\"@type\":\"ListItem\",\"position\":3,\"name\":\"Stilladsnet Standard\"}]},{\"@type\":\"WebSite\",\"@id\":\"https:\\\/\\\/www.specialfabrikken.dk\\\/#website\",\"url\":\"https:\\\/\\\/www.specialfabrikken.dk\\\/\",\"name\":\"Specialfabrikken\",\"description\":\"Specialfabrikken\",\"potentialAction\":[{\"@type\":\"SearchAction\",\"target\":{\"@type\":\"EntryPoint\",\"urlTemplate\":\"https:\\\/\\\/www.specialfabrikken.dk\\\/?s={search_term_string}\"},\"query-input\":{\"@type\":\"PropertyValueSpecification\",\"valueRequired\":true,\"valueName\":\"search_term_string\"}}],\"inLanguage\":\"en-US\"}]}<\/script>\n<!-- \/ Yoast SEO plugin. -->","yoast_head_json":{"title":"Stilladsnet 3,07 x 100 m - H\u00f8j kvalitet","description":"F\u00e5 kvalitetsstilladsnet i st\u00f8rrelsen 3,07 x 100 m, ideelt til professionelle byggeprojekter. F\u00e5s i flere kvaliteter. Har vi ikke det, du s\u00f8ger? Ring til os for specialordrer!","robots":{"index":"index","follow":"follow","max-snippet":"max-snippet:-1","max-image-preview":"max-image-preview:large","max-video-preview":"max-video-preview:-1"},"canonical":"https:\/\/www.specialfabrikken.dk\/en\/product-2\/stilladsnet\/","og_locale":"en_US","og_type":"article","og_title":"Stilladsnet 3,07 x 100 m - H\u00f8j kvalitet","og_description":"F\u00e5 kvalitetsstilladsnet i st\u00f8rrelsen 3,07 x 100 m, ideelt til professionelle byggeprojekter. F\u00e5s i flere kvaliteter. Har vi ikke det, du s\u00f8ger? Ring til os for specialordrer!","og_url":"https:\/\/www.specialfabrikken.dk\/en\/product-2\/stilladsnet\/","og_site_name":"Specialfabrikken","article_modified_time":"2026-02-03T08:38:27+00:00","og_image":[{"width":335,"height":193,"url":"https:\/\/www.specialfabrikken.dk\/wp-content\/uploads\/2020\/04\/stilladsnet.jpg","type":"image\/jpeg"}],"twitter_card":"summary_large_image","schema":{"@context":"https:\/\/schema.org","@graph":[{"@type":"WebPage","@id":"https:\/\/www.specialfabrikken.dk\/vare\/stilladsnet\/","url":"https:\/\/www.specialfabrikken.dk\/vare\/stilladsnet\/","name":"Stilladsnet 3,07 x 100 m - H\u00f8j kvalitet","isPartOf":{"@id":"https:\/\/www.specialfabrikken.dk\/#website"},"primaryImageOfPage":{"@id":"https:\/\/www.specialfabrikken.dk\/vare\/stilladsnet\/#primaryimage"},"image":{"@id":"https:\/\/www.specialfabrikken.dk\/vare\/stilladsnet\/#primaryimage"},"thumbnailUrl":"https:\/\/www.specialfabrikken.dk\/wp-content\/uploads\/2020\/04\/stilladsnet.jpg","datePublished":"2022-04-12T09:43:12+00:00","dateModified":"2026-02-03T08:38:27+00:00","description":"F\u00e5 kvalitetsstilladsnet i st\u00f8rrelsen 3,07 x 100 m, ideelt til professionelle byggeprojekter. F\u00e5s i flere kvaliteter. Har vi ikke det, du s\u00f8ger? Ring til os for specialordrer!","breadcrumb":{"@id":"https:\/\/www.specialfabrikken.dk\/vare\/stilladsnet\/#breadcrumb"},"inLanguage":"en-US","potentialAction":[{"@type":"ReadAction","target":["https:\/\/www.specialfabrikken.dk\/vare\/stilladsnet\/"]}]},{"@type":"ImageObject","inLanguage":"en-US","@id":"https:\/\/www.specialfabrikken.dk\/vare\/stilladsnet\/#primaryimage","url":"https:\/\/www.specialfabrikken.dk\/wp-content\/uploads\/2020\/04\/stilladsnet.jpg","contentUrl":"https:\/\/www.specialfabrikken.dk\/wp-content\/uploads\/2020\/04\/stilladsnet.jpg","width":335,"height":193,"caption":"stilladsnet"},{"@type":"BreadcrumbList","@id":"https:\/\/www.specialfabrikken.dk\/vare\/stilladsnet\/#breadcrumb","itemListElement":[{"@type":"ListItem","position":1,"name":"Forside","item":"https:\/\/www.specialfabrikken.dk\/"},{"@type":"ListItem","position":2,"name":"Shop","item":"https:\/\/www.specialfabrikken.dk\/shop\/"},{"@type":"ListItem","position":3,"name":"Stilladsnet Standard"}]},{"@type":"WebSite","@id":"https:\/\/www.specialfabrikken.dk\/#website","url":"https:\/\/www.specialfabrikken.dk\/","name":"Specialfabrikken","description":"Specialfabrikken","potentialAction":[{"@type":"SearchAction","target":{"@type":"EntryPoint","urlTemplate":"https:\/\/www.specialfabrikken.dk\/?s={search_term_string}"},"query-input":{"@type":"PropertyValueSpecification","valueRequired":true,"valueName":"search_term_string"}}],"inLanguage":"en-US"}]}},"_links":{"self":[{"href":"https:\/\/www.specialfabrikken.dk\/en\/wp-json\/wp\/v2\/product\/51723","targetHints":{"allow":["GET"]}}],"collection":[{"href":"https:\/\/www.specialfabrikken.dk\/en\/wp-json\/wp\/v2\/product"}],"about":[{"href":"https:\/\/www.specialfabrikken.dk\/en\/wp-json\/wp\/v2\/types\/product"}],"replies":[{"embeddable":true,"href":"https:\/\/www.specialfabrikken.dk\/en\/wp-json\/wp\/v2\/comments?post=51723"}],"wp:featuredmedia":[{"embeddable":true,"href":"https:\/\/www.specialfabrikken.dk\/en\/wp-json\/wp\/v2\/media\/2100"}],"wp:attachment":[{"href":"https:\/\/www.specialfabrikken.dk\/en\/wp-json\/wp\/v2\/media?parent=51723"}],"wp:term":[{"taxonomy":"product_brand","embeddable":true,"href":"https:\/\/www.specialfabrikken.dk\/en\/wp-json\/wp\/v2\/product_brand?post=51723"},{"taxonomy":"product_cat","embeddable":true,"href":"https:\/\/www.specialfabrikken.dk\/en\/wp-json\/wp\/v2\/product_cat?post=51723"},{"taxonomy":"product_tag","embeddable":true,"href":"https:\/\/www.specialfabrikken.dk\/en\/wp-json\/wp\/v2\/product_tag?post=51723"}],"curies":[{"name":"wp","href":"https:\/\/api.w.org\/{rel}","templated":true}]}}