{"id":51751,"date":"2022-04-12T12:14:31","date_gmt":"2022-04-12T12:14:31","guid":{"rendered":"https:\/\/www.specialfabrikken.dk\/?post_type=product&#038;p=51751"},"modified":"2025-11-07T10:26:05","modified_gmt":"2025-11-07T10:26:05","slug":"stige-med-trappetrin","status":"publish","type":"product","link":"https:\/\/www.specialfabrikken.dk\/en\/vare\/stige-med-trappetrin\/","title":{"rendered":"Galvaniseret Stige med Trappetrin 2,0 m."},"content":{"rendered":"<h1><strong>Galvaniseret stige med trappetrin 2,0 m \u2013 For den professionelle h\u00e5ndv\u00e6rker, der ikke g\u00e5r p\u00e5 kompromis<\/strong><\/h1>\n<p>Mangler du en stige, der er op til opgaven? Vores galvaniseret stige med trappetrin 2,0 m er designet til de kr\u00e6vende opgaver. Med kraftig galvaniseret st\u00e5l og brede trappetrin er denne stige den perfekte l\u00f8sning til indvendig opbygning p\u00e5 1,6 m. felter med 2 m. mellem trallelagene.<\/p>\n<p><strong>Funktioner:<\/strong><\/p>\n<ul>\n<li>Fremstillet af kraftig galvaniseret st\u00e5l for maksimal holdbarhed<\/li>\n<li>Udstyret med brede trappetrin for \u00f8get sikkerhed og komfort<\/li>\n<li>Beregnet til indvendig opbygning med specifikke m\u00e5l<\/li>\n<li>H\u00e5ndlister kan tilk\u00f8bes som tilbeh\u00f8r for ekstra sikkerhed<\/li>\n<\/ul>\n<p>Bem\u00e6rk: Denne stige er ikke godkendt som trappe p\u00e5 grund af den stejle h\u00e6ldning. Det vil sige, at der ikke m\u00e5 transporteres v\u00e6rkt\u00f8j p\u00e5 stigen. Skal du bruge en godkendt trappe, kan vi anbefale vores alu-trapper, der er designet til at bygge trappet\u00e5rne.<\/p>","protected":false},"excerpt":{"rendered":"<p>Kraftig Galvaniseret Stige med Trappetrin 2,0 m.<\/p>\n<p>Beregnet til indvendig opbygning p\u00e5 1,6 m. felt med 2 m. mellem trallelagene.<\/p>\n<p>Skal du bygge et trappet\u00e5rn, har vi disse kvalitets <a href=\"https:\/\/www.specialfabrikken.dk\/en\/product-tag\/trappetaarn\/\">alu-trapper<\/a>.<\/p>\n<p>Short description:<\/p>\n<ul>\n<li>Galvaniseret st\u00e5l.<\/li>\n<li>Kraftig kvalitet.<\/li>\n<li>Brede trappetrin.<\/li>\n<li>H\u00e5ndlister f\u00e5es som tilbeh\u00f8r <a href=\"https:\/\/www.specialfabrikken.dk\/en\/product-2\/haandliste-til-stige-med-trappetrin\/\">her<\/a><\/li>\n<\/ul>\n<p>BEM\u00c6RK: Denne stige er ikke godkendt som trappe grundet den stejle h\u00e6ldning.<\/p>","protected":false},"featured_media":2106,"comment_status":"open","ping_status":"closed","template":"","meta":{"_acf_changed":false,"_et_pb_use_builder":"","_et_pb_old_content":"","_et_gb_content_width":""},"product_brand":[],"product_cat":[32,31],"product_tag":[107,48,51,50],"class_list":{"0":"post-51751","1":"product","2":"type-product","3":"status-publish","4":"has-post-thumbnail","6":"product_cat-murerstillads","7":"product_cat-stillads","8":"product_tag-2-m","9":"product_tag-murerstillads","10":"product_tag-stige-med-trappetrin","11":"product_tag-stilladsstige","12":"product_shipping_class-stor","14":"first","15":"onbackorder","16":"taxable","17":"shipping-taxable","18":"purchasable","19":"product-type-simple"},"acf":[],"yoast_head":"<!-- This site is optimized with the Yoast SEO plugin v27.4 - https:\/\/yoast.com\/product\/yoast-seo-wordpress\/ -->\n<title>Galvaniseret stige med trappetrin 2,0 m \u2013 Kraftig og holdbar stige til professionelle<\/title>\n<meta name=\"description\" content=\"Galvaniseret stige med trappetrin 2,0 m er den ideelle l\u00f8sning til indvendig opbygning i h\u00e5rde milj\u00f8er. Den er fremstillet af kraftig galvaniseret st\u00e5l og har brede trappetrin for \u00f8get sikkerhed. H\u00e5ndlister kan tilk\u00f8bes som tilbeh\u00f8r. Ikke godkendt som trappe.\" \/>\n<meta name=\"robots\" content=\"index, follow, max-snippet:-1, max-image-preview:large, max-video-preview:-1\" \/>\n<link rel=\"canonical\" href=\"https:\/\/www.specialfabrikken.dk\/en\/product-2\/stige-med-trappetrin\/\" \/>\n<meta property=\"og:locale\" content=\"en_US\" \/>\n<meta property=\"og:type\" content=\"article\" \/>\n<meta property=\"og:title\" content=\"Galvaniseret stige med trappetrin 2,0 m \u2013 Kraftig og holdbar stige til professionelle\" \/>\n<meta property=\"og:description\" content=\"Galvaniseret stige med trappetrin 2,0 m er den ideelle l\u00f8sning til indvendig opbygning i h\u00e5rde milj\u00f8er. Den er fremstillet af kraftig galvaniseret st\u00e5l og har brede trappetrin for \u00f8get sikkerhed. H\u00e5ndlister kan tilk\u00f8bes som tilbeh\u00f8r. Ikke godkendt som trappe.\" \/>\n<meta property=\"og:url\" content=\"https:\/\/www.specialfabrikken.dk\/en\/product-2\/stige-med-trappetrin\/\" \/>\n<meta property=\"og:site_name\" content=\"Specialfabrikken\" \/>\n<meta property=\"article:modified_time\" content=\"2025-11-07T10:26:05+00:00\" \/>\n<meta property=\"og:image\" content=\"https:\/\/www.specialfabrikken.dk\/wp-content\/uploads\/2020\/04\/Stige-med-trappetrin-og-repos.jpg\" \/>\n\t<meta property=\"og:image:width\" content=\"1133\" \/>\n\t<meta property=\"og:image:height\" content=\"2168\" \/>\n\t<meta property=\"og:image:type\" content=\"image\/jpeg\" \/>\n<meta name=\"twitter:card\" content=\"summary_large_image\" \/>\n<meta name=\"twitter:label1\" content=\"Est. reading time\" \/>\n\t<meta name=\"twitter:data1\" content=\"1 minute\" \/>\n<script type=\"application\/ld+json\" class=\"yoast-schema-graph\">{\"@context\":\"https:\\\/\\\/schema.org\",\"@graph\":[{\"@type\":\"WebPage\",\"@id\":\"https:\\\/\\\/www.specialfabrikken.dk\\\/vare\\\/stige-med-trappetrin\\\/\",\"url\":\"https:\\\/\\\/www.specialfabrikken.dk\\\/vare\\\/stige-med-trappetrin\\\/\",\"name\":\"Galvaniseret stige med trappetrin 2,0 m \u2013 Kraftig og holdbar stige til professionelle\",\"isPartOf\":{\"@id\":\"https:\\\/\\\/www.specialfabrikken.dk\\\/#website\"},\"primaryImageOfPage\":{\"@id\":\"https:\\\/\\\/www.specialfabrikken.dk\\\/vare\\\/stige-med-trappetrin\\\/#primaryimage\"},\"image\":{\"@id\":\"https:\\\/\\\/www.specialfabrikken.dk\\\/vare\\\/stige-med-trappetrin\\\/#primaryimage\"},\"thumbnailUrl\":\"https:\\\/\\\/www.specialfabrikken.dk\\\/wp-content\\\/uploads\\\/2020\\\/04\\\/Stige-med-trappetrin-og-repos.jpg\",\"datePublished\":\"2022-04-12T12:14:31+00:00\",\"dateModified\":\"2025-11-07T10:26:05+00:00\",\"description\":\"Galvaniseret stige med trappetrin 2,0 m er den ideelle l\u00f8sning til indvendig opbygning i h\u00e5rde milj\u00f8er. Den er fremstillet af kraftig galvaniseret st\u00e5l og har brede trappetrin for \u00f8get sikkerhed. H\u00e5ndlister kan tilk\u00f8bes som tilbeh\u00f8r. Ikke godkendt som trappe.\",\"breadcrumb\":{\"@id\":\"https:\\\/\\\/www.specialfabrikken.dk\\\/vare\\\/stige-med-trappetrin\\\/#breadcrumb\"},\"inLanguage\":\"en-US\",\"potentialAction\":[{\"@type\":\"ReadAction\",\"target\":[\"https:\\\/\\\/www.specialfabrikken.dk\\\/vare\\\/stige-med-trappetrin\\\/\"]}]},{\"@type\":\"ImageObject\",\"inLanguage\":\"en-US\",\"@id\":\"https:\\\/\\\/www.specialfabrikken.dk\\\/vare\\\/stige-med-trappetrin\\\/#primaryimage\",\"url\":\"https:\\\/\\\/www.specialfabrikken.dk\\\/wp-content\\\/uploads\\\/2020\\\/04\\\/Stige-med-trappetrin-og-repos.jpg\",\"contentUrl\":\"https:\\\/\\\/www.specialfabrikken.dk\\\/wp-content\\\/uploads\\\/2020\\\/04\\\/Stige-med-trappetrin-og-repos.jpg\",\"width\":1133,\"height\":2168,\"caption\":\"SONY DSC\"},{\"@type\":\"BreadcrumbList\",\"@id\":\"https:\\\/\\\/www.specialfabrikken.dk\\\/vare\\\/stige-med-trappetrin\\\/#breadcrumb\",\"itemListElement\":[{\"@type\":\"ListItem\",\"position\":1,\"name\":\"Forside\",\"item\":\"https:\\\/\\\/www.specialfabrikken.dk\\\/\"},{\"@type\":\"ListItem\",\"position\":2,\"name\":\"Shop\",\"item\":\"https:\\\/\\\/www.specialfabrikken.dk\\\/shop\\\/\"},{\"@type\":\"ListItem\",\"position\":3,\"name\":\"Galvaniseret Stige med Trappetrin 2,0 m.\"}]},{\"@type\":\"WebSite\",\"@id\":\"https:\\\/\\\/www.specialfabrikken.dk\\\/#website\",\"url\":\"https:\\\/\\\/www.specialfabrikken.dk\\\/\",\"name\":\"Specialfabrikken\",\"description\":\"Specialfabrikken\",\"potentialAction\":[{\"@type\":\"SearchAction\",\"target\":{\"@type\":\"EntryPoint\",\"urlTemplate\":\"https:\\\/\\\/www.specialfabrikken.dk\\\/?s={search_term_string}\"},\"query-input\":{\"@type\":\"PropertyValueSpecification\",\"valueRequired\":true,\"valueName\":\"search_term_string\"}}],\"inLanguage\":\"en-US\"}]}<\/script>\n<!-- \/ Yoast SEO plugin. -->","yoast_head_json":{"title":"Galvaniseret stige med trappetrin 2,0 m \u2013 Kraftig og holdbar stige til professionelle","description":"Galvaniseret stige med trappetrin 2,0 m er den ideelle l\u00f8sning til indvendig opbygning i h\u00e5rde milj\u00f8er. Den er fremstillet af kraftig galvaniseret st\u00e5l og har brede trappetrin for \u00f8get sikkerhed. H\u00e5ndlister kan tilk\u00f8bes som tilbeh\u00f8r. Ikke godkendt som trappe.","robots":{"index":"index","follow":"follow","max-snippet":"max-snippet:-1","max-image-preview":"max-image-preview:large","max-video-preview":"max-video-preview:-1"},"canonical":"https:\/\/www.specialfabrikken.dk\/en\/product-2\/stige-med-trappetrin\/","og_locale":"en_US","og_type":"article","og_title":"Galvaniseret stige med trappetrin 2,0 m \u2013 Kraftig og holdbar stige til professionelle","og_description":"Galvaniseret stige med trappetrin 2,0 m er den ideelle l\u00f8sning til indvendig opbygning i h\u00e5rde milj\u00f8er. Den er fremstillet af kraftig galvaniseret st\u00e5l og har brede trappetrin for \u00f8get sikkerhed. H\u00e5ndlister kan tilk\u00f8bes som tilbeh\u00f8r. Ikke godkendt som trappe.","og_url":"https:\/\/www.specialfabrikken.dk\/en\/product-2\/stige-med-trappetrin\/","og_site_name":"Specialfabrikken","article_modified_time":"2025-11-07T10:26:05+00:00","og_image":[{"width":1133,"height":2168,"url":"https:\/\/www.specialfabrikken.dk\/wp-content\/uploads\/2020\/04\/Stige-med-trappetrin-og-repos.jpg","type":"image\/jpeg"}],"twitter_card":"summary_large_image","twitter_misc":{"Est. reading time":"1 minute"},"schema":{"@context":"https:\/\/schema.org","@graph":[{"@type":"WebPage","@id":"https:\/\/www.specialfabrikken.dk\/vare\/stige-med-trappetrin\/","url":"https:\/\/www.specialfabrikken.dk\/vare\/stige-med-trappetrin\/","name":"Galvaniseret stige med trappetrin 2,0 m \u2013 Kraftig og holdbar stige til professionelle","isPartOf":{"@id":"https:\/\/www.specialfabrikken.dk\/#website"},"primaryImageOfPage":{"@id":"https:\/\/www.specialfabrikken.dk\/vare\/stige-med-trappetrin\/#primaryimage"},"image":{"@id":"https:\/\/www.specialfabrikken.dk\/vare\/stige-med-trappetrin\/#primaryimage"},"thumbnailUrl":"https:\/\/www.specialfabrikken.dk\/wp-content\/uploads\/2020\/04\/Stige-med-trappetrin-og-repos.jpg","datePublished":"2022-04-12T12:14:31+00:00","dateModified":"2025-11-07T10:26:05+00:00","description":"Galvaniseret stige med trappetrin 2,0 m er den ideelle l\u00f8sning til indvendig opbygning i h\u00e5rde milj\u00f8er. Den er fremstillet af kraftig galvaniseret st\u00e5l og har brede trappetrin for \u00f8get sikkerhed. H\u00e5ndlister kan tilk\u00f8bes som tilbeh\u00f8r. Ikke godkendt som trappe.","breadcrumb":{"@id":"https:\/\/www.specialfabrikken.dk\/vare\/stige-med-trappetrin\/#breadcrumb"},"inLanguage":"en-US","potentialAction":[{"@type":"ReadAction","target":["https:\/\/www.specialfabrikken.dk\/vare\/stige-med-trappetrin\/"]}]},{"@type":"ImageObject","inLanguage":"en-US","@id":"https:\/\/www.specialfabrikken.dk\/vare\/stige-med-trappetrin\/#primaryimage","url":"https:\/\/www.specialfabrikken.dk\/wp-content\/uploads\/2020\/04\/Stige-med-trappetrin-og-repos.jpg","contentUrl":"https:\/\/www.specialfabrikken.dk\/wp-content\/uploads\/2020\/04\/Stige-med-trappetrin-og-repos.jpg","width":1133,"height":2168,"caption":"SONY DSC"},{"@type":"BreadcrumbList","@id":"https:\/\/www.specialfabrikken.dk\/vare\/stige-med-trappetrin\/#breadcrumb","itemListElement":[{"@type":"ListItem","position":1,"name":"Forside","item":"https:\/\/www.specialfabrikken.dk\/"},{"@type":"ListItem","position":2,"name":"Shop","item":"https:\/\/www.specialfabrikken.dk\/shop\/"},{"@type":"ListItem","position":3,"name":"Galvaniseret Stige med Trappetrin 2,0 m."}]},{"@type":"WebSite","@id":"https:\/\/www.specialfabrikken.dk\/#website","url":"https:\/\/www.specialfabrikken.dk\/","name":"Specialfabrikken","description":"Specialfabrikken","potentialAction":[{"@type":"SearchAction","target":{"@type":"EntryPoint","urlTemplate":"https:\/\/www.specialfabrikken.dk\/?s={search_term_string}"},"query-input":{"@type":"PropertyValueSpecification","valueRequired":true,"valueName":"search_term_string"}}],"inLanguage":"en-US"}]}},"_links":{"self":[{"href":"https:\/\/www.specialfabrikken.dk\/en\/wp-json\/wp\/v2\/product\/51751","targetHints":{"allow":["GET"]}}],"collection":[{"href":"https:\/\/www.specialfabrikken.dk\/en\/wp-json\/wp\/v2\/product"}],"about":[{"href":"https:\/\/www.specialfabrikken.dk\/en\/wp-json\/wp\/v2\/types\/product"}],"replies":[{"embeddable":true,"href":"https:\/\/www.specialfabrikken.dk\/en\/wp-json\/wp\/v2\/comments?post=51751"}],"wp:featuredmedia":[{"embeddable":true,"href":"https:\/\/www.specialfabrikken.dk\/en\/wp-json\/wp\/v2\/media\/2106"}],"wp:attachment":[{"href":"https:\/\/www.specialfabrikken.dk\/en\/wp-json\/wp\/v2\/media?parent=51751"}],"wp:term":[{"taxonomy":"product_brand","embeddable":true,"href":"https:\/\/www.specialfabrikken.dk\/en\/wp-json\/wp\/v2\/product_brand?post=51751"},{"taxonomy":"product_cat","embeddable":true,"href":"https:\/\/www.specialfabrikken.dk\/en\/wp-json\/wp\/v2\/product_cat?post=51751"},{"taxonomy":"product_tag","embeddable":true,"href":"https:\/\/www.specialfabrikken.dk\/en\/wp-json\/wp\/v2\/product_tag?post=51751"}],"curies":[{"name":"wp","href":"https:\/\/api.w.org\/{rel}","templated":true}]}}