{"id":51769,"date":"2022-04-13T10:10:14","date_gmt":"2022-04-13T10:10:14","guid":{"rendered":"https:\/\/www.specialfabrikken.dk\/?post_type=product&#038;p=51769"},"modified":"2026-04-07T13:33:31","modified_gmt":"2026-04-07T11:33:31","slug":"stillads-skilt","status":"publish","type":"product","link":"https:\/\/www.specialfabrikken.dk\/en\/vare\/stillads-skilt\/","title":{"rendered":"Holder til stilladsskilt"},"content":{"rendered":"<h1><strong>Holder til stilladsskilt &#8211; Sikkerhed og information i h\u00f8jden<\/strong><\/h1>\n<p>N\u00e5r det kommer til at arbejde p\u00e5 et stillads over 2 meters h\u00f8jde, er sikkerhed og information afg\u00f8rende. Vores skilteholder til stilladsskilt g\u00f8r det nemt at levere vigtige oplysninger til alle, der arbejder p\u00e5 eller omkring dit stillads. Denne skilteholder er fremstillet af holdbart galvaniseret st\u00e5l og indeholder et stort skilt med masser af fortrykt information. Derudover har den et &#8220;Stop&#8221; skilt p\u00e5 bagsiden for ekstra opm\u00e6rksomhed.<\/p>\n<p><strong>Funktioner:<\/strong><\/p>\n<ul>\n<li>Fremstillet af robust galvaniseret st\u00e5l for lang levetid<\/li>\n<li>Stort skilt med tydelig, fortrykt information<\/li>\n<li>&#8220;Stop&#8221; skilt p\u00e5 bagsiden for \u00f8get opm\u00e6rksomhed<\/li>\n<li>Nem montering p\u00e5 synlige steder som adgangsveje<\/li>\n<\/ul>\n<p>S\u00f8rg for at opfylde sikkerheds- og informationskravene for dit stillads ved at bruge vores skilteholder til stilladsskilt.<\/p>","protected":false},"excerpt":{"rendered":"<p>Short description:<\/p>\n<ul>\n<li>Skilteholder i galvaniseret St\u00e5l.<\/li>\n<li>Stor skilt med masser af fortrykt info.<\/li>\n<li>Stop skilt p\u00e5 bagsiden.<\/li>\n<\/ul>","protected":false},"featured_media":1085,"comment_status":"open","ping_status":"closed","template":"","meta":{"_acf_changed":false,"_et_pb_use_builder":"","_et_pb_old_content":"","_et_gb_content_width":""},"product_brand":[],"product_cat":[35,54,66,32,55,31],"product_tag":[172,173,112,48,59,60,178],"class_list":{"0":"post-51769","1":"product","2":"type-product","3":"status-publish","4":"has-post-thumbnail","6":"product_cat-alufacadestillads","7":"product_cat-alu-rullestillads","8":"product_cat-bukkestillads","9":"product_cat-murerstillads","10":"product_cat-staal-facadestillads","11":"product_cat-stillads","12":"product_tag-alu-facadestillads","13":"product_tag-alu-rullestillads","14":"product_tag-bukkestillads","15":"product_tag-murerstillads","16":"product_tag-skilt","17":"product_tag-skilteholder","18":"product_tag-staal-facadestillads","19":"product_shipping_class-smaa","21":"first","22":"instock","23":"taxable","24":"shipping-taxable","25":"purchasable","26":"product-type-simple"},"acf":[],"yoast_head":"<!-- This site is optimized with the Yoast SEO plugin v27.4 - https:\/\/yoast.com\/product\/yoast-seo-wordpress\/ -->\n<title>Holder til stilladsskilt - Lever sikkerhed og information i h\u00f8jden<\/title>\n<meta name=\"description\" content=\"Vores skilteholder til stilladsskilt er en vigtig tilf\u00f8jelse til ethvert stillads over 2 meters h\u00f8jde. Fremstillet af holdbart galvaniseret st\u00e5l og udstyret med tydelig fortrykt information samt et &quot;Stop&quot; skilt p\u00e5 bagsiden for \u00f8get opm\u00e6rksomhed. Nem at montere p\u00e5 synlige steder som adgangsveje for at sikre overholdelse af sikkerheds- og informationskravene.\" \/>\n<meta name=\"robots\" content=\"index, follow, max-snippet:-1, max-image-preview:large, max-video-preview:-1\" \/>\n<link rel=\"canonical\" href=\"https:\/\/www.specialfabrikken.dk\/en\/product-2\/stillads-skilt\/\" \/>\n<meta property=\"og:locale\" content=\"en_US\" \/>\n<meta property=\"og:type\" content=\"article\" \/>\n<meta property=\"og:title\" content=\"Holder til stilladsskilt - Lever sikkerhed og information i h\u00f8jden\" \/>\n<meta property=\"og:description\" content=\"Vores skilteholder til stilladsskilt er en vigtig tilf\u00f8jelse til ethvert stillads over 2 meters h\u00f8jde. Fremstillet af holdbart galvaniseret st\u00e5l og udstyret med tydelig fortrykt information samt et &quot;Stop&quot; skilt p\u00e5 bagsiden for \u00f8get opm\u00e6rksomhed. Nem at montere p\u00e5 synlige steder som adgangsveje for at sikre overholdelse af sikkerheds- og informationskravene.\" \/>\n<meta property=\"og:url\" content=\"https:\/\/www.specialfabrikken.dk\/en\/product-2\/stillads-skilt\/\" \/>\n<meta property=\"og:site_name\" content=\"Specialfabrikken\" \/>\n<meta property=\"article:modified_time\" content=\"2026-04-07T11:33:31+00:00\" \/>\n<meta property=\"og:image\" content=\"https:\/\/www.specialfabrikken.dk\/wp-content\/uploads\/2020\/02\/skilt-ramme.jpg\" \/>\n\t<meta property=\"og:image:width\" content=\"326\" \/>\n\t<meta property=\"og:image:height\" content=\"448\" \/>\n\t<meta property=\"og:image:type\" content=\"image\/jpeg\" \/>\n<meta name=\"twitter:card\" content=\"summary_large_image\" \/>\n<meta name=\"twitter:label1\" content=\"Est. reading time\" \/>\n\t<meta name=\"twitter:data1\" content=\"1 minute\" \/>\n<script type=\"application\/ld+json\" class=\"yoast-schema-graph\">{\"@context\":\"https:\\\/\\\/schema.org\",\"@graph\":[{\"@type\":\"WebPage\",\"@id\":\"https:\\\/\\\/www.specialfabrikken.dk\\\/vare\\\/stillads-skilt\\\/\",\"url\":\"https:\\\/\\\/www.specialfabrikken.dk\\\/vare\\\/stillads-skilt\\\/\",\"name\":\"Holder til stilladsskilt - Lever sikkerhed og information i h\u00f8jden\",\"isPartOf\":{\"@id\":\"https:\\\/\\\/www.specialfabrikken.dk\\\/#website\"},\"primaryImageOfPage\":{\"@id\":\"https:\\\/\\\/www.specialfabrikken.dk\\\/vare\\\/stillads-skilt\\\/#primaryimage\"},\"image\":{\"@id\":\"https:\\\/\\\/www.specialfabrikken.dk\\\/vare\\\/stillads-skilt\\\/#primaryimage\"},\"thumbnailUrl\":\"https:\\\/\\\/www.specialfabrikken.dk\\\/wp-content\\\/uploads\\\/2020\\\/02\\\/skilt-ramme.jpg\",\"datePublished\":\"2022-04-13T10:10:14+00:00\",\"dateModified\":\"2026-04-07T11:33:31+00:00\",\"description\":\"Vores skilteholder til stilladsskilt er en vigtig tilf\u00f8jelse til ethvert stillads over 2 meters h\u00f8jde. Fremstillet af holdbart galvaniseret st\u00e5l og udstyret med tydelig fortrykt information samt et \\\"Stop\\\" skilt p\u00e5 bagsiden for \u00f8get opm\u00e6rksomhed. Nem at montere p\u00e5 synlige steder som adgangsveje for at sikre overholdelse af sikkerheds- og informationskravene.\",\"breadcrumb\":{\"@id\":\"https:\\\/\\\/www.specialfabrikken.dk\\\/vare\\\/stillads-skilt\\\/#breadcrumb\"},\"inLanguage\":\"en-US\",\"potentialAction\":[{\"@type\":\"ReadAction\",\"target\":[\"https:\\\/\\\/www.specialfabrikken.dk\\\/vare\\\/stillads-skilt\\\/\"]}]},{\"@type\":\"ImageObject\",\"inLanguage\":\"en-US\",\"@id\":\"https:\\\/\\\/www.specialfabrikken.dk\\\/vare\\\/stillads-skilt\\\/#primaryimage\",\"url\":\"https:\\\/\\\/www.specialfabrikken.dk\\\/wp-content\\\/uploads\\\/2020\\\/02\\\/skilt-ramme.jpg\",\"contentUrl\":\"https:\\\/\\\/www.specialfabrikken.dk\\\/wp-content\\\/uploads\\\/2020\\\/02\\\/skilt-ramme.jpg\",\"width\":326,\"height\":448,\"caption\":\"????????\"},{\"@type\":\"BreadcrumbList\",\"@id\":\"https:\\\/\\\/www.specialfabrikken.dk\\\/vare\\\/stillads-skilt\\\/#breadcrumb\",\"itemListElement\":[{\"@type\":\"ListItem\",\"position\":1,\"name\":\"Forside\",\"item\":\"https:\\\/\\\/www.specialfabrikken.dk\\\/\"},{\"@type\":\"ListItem\",\"position\":2,\"name\":\"Shop\",\"item\":\"https:\\\/\\\/www.specialfabrikken.dk\\\/shop\\\/\"},{\"@type\":\"ListItem\",\"position\":3,\"name\":\"Holder til stilladsskilt\"}]},{\"@type\":\"WebSite\",\"@id\":\"https:\\\/\\\/www.specialfabrikken.dk\\\/#website\",\"url\":\"https:\\\/\\\/www.specialfabrikken.dk\\\/\",\"name\":\"Specialfabrikken\",\"description\":\"Specialfabrikken\",\"potentialAction\":[{\"@type\":\"SearchAction\",\"target\":{\"@type\":\"EntryPoint\",\"urlTemplate\":\"https:\\\/\\\/www.specialfabrikken.dk\\\/?s={search_term_string}\"},\"query-input\":{\"@type\":\"PropertyValueSpecification\",\"valueRequired\":true,\"valueName\":\"search_term_string\"}}],\"inLanguage\":\"en-US\"}]}<\/script>\n<!-- \/ Yoast SEO plugin. -->","yoast_head_json":{"title":"Holder til stilladsskilt - Lever sikkerhed og information i h\u00f8jden","description":"Vores skilteholder til stilladsskilt er en vigtig tilf\u00f8jelse til ethvert stillads over 2 meters h\u00f8jde. Fremstillet af holdbart galvaniseret st\u00e5l og udstyret med tydelig fortrykt information samt et \"Stop\" skilt p\u00e5 bagsiden for \u00f8get opm\u00e6rksomhed. Nem at montere p\u00e5 synlige steder som adgangsveje for at sikre overholdelse af sikkerheds- og informationskravene.","robots":{"index":"index","follow":"follow","max-snippet":"max-snippet:-1","max-image-preview":"max-image-preview:large","max-video-preview":"max-video-preview:-1"},"canonical":"https:\/\/www.specialfabrikken.dk\/en\/product-2\/stillads-skilt\/","og_locale":"en_US","og_type":"article","og_title":"Holder til stilladsskilt - Lever sikkerhed og information i h\u00f8jden","og_description":"Vores skilteholder til stilladsskilt er en vigtig tilf\u00f8jelse til ethvert stillads over 2 meters h\u00f8jde. Fremstillet af holdbart galvaniseret st\u00e5l og udstyret med tydelig fortrykt information samt et \"Stop\" skilt p\u00e5 bagsiden for \u00f8get opm\u00e6rksomhed. Nem at montere p\u00e5 synlige steder som adgangsveje for at sikre overholdelse af sikkerheds- og informationskravene.","og_url":"https:\/\/www.specialfabrikken.dk\/en\/product-2\/stillads-skilt\/","og_site_name":"Specialfabrikken","article_modified_time":"2026-04-07T11:33:31+00:00","og_image":[{"width":326,"height":448,"url":"https:\/\/www.specialfabrikken.dk\/wp-content\/uploads\/2020\/02\/skilt-ramme.jpg","type":"image\/jpeg"}],"twitter_card":"summary_large_image","twitter_misc":{"Est. reading time":"1 minute"},"schema":{"@context":"https:\/\/schema.org","@graph":[{"@type":"WebPage","@id":"https:\/\/www.specialfabrikken.dk\/vare\/stillads-skilt\/","url":"https:\/\/www.specialfabrikken.dk\/vare\/stillads-skilt\/","name":"Holder til stilladsskilt - Lever sikkerhed og information i h\u00f8jden","isPartOf":{"@id":"https:\/\/www.specialfabrikken.dk\/#website"},"primaryImageOfPage":{"@id":"https:\/\/www.specialfabrikken.dk\/vare\/stillads-skilt\/#primaryimage"},"image":{"@id":"https:\/\/www.specialfabrikken.dk\/vare\/stillads-skilt\/#primaryimage"},"thumbnailUrl":"https:\/\/www.specialfabrikken.dk\/wp-content\/uploads\/2020\/02\/skilt-ramme.jpg","datePublished":"2022-04-13T10:10:14+00:00","dateModified":"2026-04-07T11:33:31+00:00","description":"Vores skilteholder til stilladsskilt er en vigtig tilf\u00f8jelse til ethvert stillads over 2 meters h\u00f8jde. Fremstillet af holdbart galvaniseret st\u00e5l og udstyret med tydelig fortrykt information samt et \"Stop\" skilt p\u00e5 bagsiden for \u00f8get opm\u00e6rksomhed. Nem at montere p\u00e5 synlige steder som adgangsveje for at sikre overholdelse af sikkerheds- og informationskravene.","breadcrumb":{"@id":"https:\/\/www.specialfabrikken.dk\/vare\/stillads-skilt\/#breadcrumb"},"inLanguage":"en-US","potentialAction":[{"@type":"ReadAction","target":["https:\/\/www.specialfabrikken.dk\/vare\/stillads-skilt\/"]}]},{"@type":"ImageObject","inLanguage":"en-US","@id":"https:\/\/www.specialfabrikken.dk\/vare\/stillads-skilt\/#primaryimage","url":"https:\/\/www.specialfabrikken.dk\/wp-content\/uploads\/2020\/02\/skilt-ramme.jpg","contentUrl":"https:\/\/www.specialfabrikken.dk\/wp-content\/uploads\/2020\/02\/skilt-ramme.jpg","width":326,"height":448,"caption":"????????"},{"@type":"BreadcrumbList","@id":"https:\/\/www.specialfabrikken.dk\/vare\/stillads-skilt\/#breadcrumb","itemListElement":[{"@type":"ListItem","position":1,"name":"Forside","item":"https:\/\/www.specialfabrikken.dk\/"},{"@type":"ListItem","position":2,"name":"Shop","item":"https:\/\/www.specialfabrikken.dk\/shop\/"},{"@type":"ListItem","position":3,"name":"Holder til stilladsskilt"}]},{"@type":"WebSite","@id":"https:\/\/www.specialfabrikken.dk\/#website","url":"https:\/\/www.specialfabrikken.dk\/","name":"Specialfabrikken","description":"Specialfabrikken","potentialAction":[{"@type":"SearchAction","target":{"@type":"EntryPoint","urlTemplate":"https:\/\/www.specialfabrikken.dk\/?s={search_term_string}"},"query-input":{"@type":"PropertyValueSpecification","valueRequired":true,"valueName":"search_term_string"}}],"inLanguage":"en-US"}]}},"_links":{"self":[{"href":"https:\/\/www.specialfabrikken.dk\/en\/wp-json\/wp\/v2\/product\/51769","targetHints":{"allow":["GET"]}}],"collection":[{"href":"https:\/\/www.specialfabrikken.dk\/en\/wp-json\/wp\/v2\/product"}],"about":[{"href":"https:\/\/www.specialfabrikken.dk\/en\/wp-json\/wp\/v2\/types\/product"}],"replies":[{"embeddable":true,"href":"https:\/\/www.specialfabrikken.dk\/en\/wp-json\/wp\/v2\/comments?post=51769"}],"wp:featuredmedia":[{"embeddable":true,"href":"https:\/\/www.specialfabrikken.dk\/en\/wp-json\/wp\/v2\/media\/1085"}],"wp:attachment":[{"href":"https:\/\/www.specialfabrikken.dk\/en\/wp-json\/wp\/v2\/media?parent=51769"}],"wp:term":[{"taxonomy":"product_brand","embeddable":true,"href":"https:\/\/www.specialfabrikken.dk\/en\/wp-json\/wp\/v2\/product_brand?post=51769"},{"taxonomy":"product_cat","embeddable":true,"href":"https:\/\/www.specialfabrikken.dk\/en\/wp-json\/wp\/v2\/product_cat?post=51769"},{"taxonomy":"product_tag","embeddable":true,"href":"https:\/\/www.specialfabrikken.dk\/en\/wp-json\/wp\/v2\/product_tag?post=51769"}],"curies":[{"name":"wp","href":"https:\/\/api.w.org\/{rel}","templated":true}]}}