{"id":51776,"date":"2022-04-13T10:38:10","date_gmt":"2022-04-13T10:38:10","guid":{"rendered":"https:\/\/www.specialfabrikken.dk\/?post_type=product&#038;p=51776"},"modified":"2025-11-07T10:26:04","modified_gmt":"2025-11-07T10:26:04","slug":"fodspark-for-trappetaarn","status":"publish","type":"product","link":"https:\/\/www.specialfabrikken.dk\/en\/vare\/fodspark-for-trappetaarn\/","title":{"rendered":"Fodspark for trappet\u00e5rn &#8211; Top"},"content":{"rendered":"<h1><strong>Fodspark for trappet\u00e5rn &#8211; \u00d8get sikkerhed og overholdelse af lovgivningen<\/strong><\/h1>\n<p>N\u00e5r du arbejder p\u00e5 et trappet\u00e5rn, er sikkerhed og overholdelse af lovgivningen afg\u00f8rende. Vores fodspark for trappet\u00e5rn er skr\u00e6ddersyet til montering p\u00e5 trappet\u00e5rns-tilbygninger p\u00e5 murerstilladser og hj\u00e6lper med at sikre, at dit arbejde overholder de n\u00f8dvendige regler og bestemmelser. Dette fodspark er specielt designet til vores Trappe Aluminium-serie og er den n\u00f8dvendige komponent for at sikre et lovligt trappet\u00e5rn.<\/p>\n<p><strong>Funktioner:<\/strong><\/p>\n<ul>\n<li>Designet til montering p\u00e5 trappet\u00e5rns-tilbygninger p\u00e5 murerstilladser<\/li>\n<li>Sikrer overholdelse af lovgivningen og \u00f8get sikkerhed<\/li>\n<li>Kompatibel med vores Trappe Aluminium-serie<\/li>\n<\/ul>\n<p>S\u00f8rg for at opfylde alle kravene for sikkerhed og lovgivning ved at bruge vores fodspark for trappet\u00e5rn p\u00e5 dit murerstillads.<\/p>","protected":false},"excerpt":{"rendered":"<p>Short description:<\/p>\n<ul>\n<li>Til montering p\u00e5 Trappet\u00e5rn tilbygning p\u00e5 murerstillads.<\/li>\n<li>Se punkt (1) p\u00e5 billedet.<\/li>\n<li>Lovligg\u00f8r dit trappet\u00e5rn med fodspark fra Specialfabrikken Vinderup.<\/li>\n<li>Beregnet til\u00a0<a href=\"https:\/\/www.specialfabrikken.dk\/en\/product-2\/trappe-aluminium-2\/\">Trappe Aluminium<\/a><\/li>\n<\/ul>","protected":false},"featured_media":50516,"comment_status":"open","ping_status":"closed","template":"","meta":{"_acf_changed":false,"_et_pb_use_builder":"","_et_pb_old_content":"","_et_gb_content_width":""},"product_brand":[],"product_cat":[32,31,146,75],"product_tag":[62,48,53],"class_list":{"0":"post-51776","1":"product","2":"type-product","3":"status-publish","4":"has-post-thumbnail","6":"product_cat-murerstillads","7":"product_cat-stillads","8":"product_cat-trapper","9":"product_cat-trappetaarn","10":"product_tag-fodspark","11":"product_tag-murerstillads","12":"product_tag-trappetaarn","13":"product_shipping_class-stor","15":"first","16":"onbackorder","17":"taxable","18":"shipping-taxable","19":"purchasable","20":"product-type-simple"},"acf":[],"yoast_head":"<!-- This site is optimized with the Yoast SEO plugin v27.4 - https:\/\/yoast.com\/product\/yoast-seo-wordpress\/ -->\n<title>Fodspark for trappet\u00e5rn - \u00d8get sikkerhed og overholdelse af lovgivningen<\/title>\n<meta name=\"description\" content=\"Vores fodspark for trappet\u00e5rn er en vigtig komponent, n\u00e5r du arbejder p\u00e5 et murerstillads med tilbygget trappet\u00e5rn. Det sikrer overholdelse af lovgivningen og \u00f8ger samtidig sikkerheden p\u00e5 din arbejdsplads. Kompatibel med vores Trappe Aluminium-serie for problemfri integration.\" \/>\n<meta name=\"robots\" content=\"index, follow, max-snippet:-1, max-image-preview:large, max-video-preview:-1\" \/>\n<link rel=\"canonical\" href=\"https:\/\/www.specialfabrikken.dk\/en\/product-2\/fodspark-for-trappetaarn\/\" \/>\n<meta property=\"og:locale\" content=\"en_US\" \/>\n<meta property=\"og:type\" content=\"article\" \/>\n<meta property=\"og:title\" content=\"Fodspark for trappet\u00e5rn - \u00d8get sikkerhed og overholdelse af lovgivningen\" \/>\n<meta property=\"og:description\" content=\"Vores fodspark for trappet\u00e5rn er en vigtig komponent, n\u00e5r du arbejder p\u00e5 et murerstillads med tilbygget trappet\u00e5rn. Det sikrer overholdelse af lovgivningen og \u00f8ger samtidig sikkerheden p\u00e5 din arbejdsplads. Kompatibel med vores Trappe Aluminium-serie for problemfri integration.\" \/>\n<meta property=\"og:url\" content=\"https:\/\/www.specialfabrikken.dk\/en\/product-2\/fodspark-for-trappetaarn\/\" \/>\n<meta property=\"og:site_name\" content=\"Specialfabrikken\" \/>\n<meta property=\"article:modified_time\" content=\"2025-11-07T10:26:04+00:00\" \/>\n<meta property=\"og:image\" content=\"https:\/\/www.specialfabrikken.dk\/wp-content\/uploads\/2020\/11\/Fodspark-trappetaarn-1.jpg\" \/>\n\t<meta property=\"og:image:width\" content=\"722\" \/>\n\t<meta property=\"og:image:height\" content=\"1015\" \/>\n\t<meta property=\"og:image:type\" content=\"image\/jpeg\" \/>\n<meta name=\"twitter:card\" content=\"summary_large_image\" \/>\n<meta name=\"twitter:label1\" content=\"Est. reading time\" \/>\n\t<meta name=\"twitter:data1\" content=\"1 minute\" \/>\n<script type=\"application\/ld+json\" class=\"yoast-schema-graph\">{\"@context\":\"https:\\\/\\\/schema.org\",\"@graph\":[{\"@type\":\"WebPage\",\"@id\":\"https:\\\/\\\/www.specialfabrikken.dk\\\/vare\\\/fodspark-for-trappetaarn\\\/\",\"url\":\"https:\\\/\\\/www.specialfabrikken.dk\\\/vare\\\/fodspark-for-trappetaarn\\\/\",\"name\":\"Fodspark for trappet\u00e5rn - \u00d8get sikkerhed og overholdelse af lovgivningen\",\"isPartOf\":{\"@id\":\"https:\\\/\\\/www.specialfabrikken.dk\\\/#website\"},\"primaryImageOfPage\":{\"@id\":\"https:\\\/\\\/www.specialfabrikken.dk\\\/vare\\\/fodspark-for-trappetaarn\\\/#primaryimage\"},\"image\":{\"@id\":\"https:\\\/\\\/www.specialfabrikken.dk\\\/vare\\\/fodspark-for-trappetaarn\\\/#primaryimage\"},\"thumbnailUrl\":\"https:\\\/\\\/www.specialfabrikken.dk\\\/wp-content\\\/uploads\\\/2020\\\/11\\\/Fodspark-trappetaarn-1.jpg\",\"datePublished\":\"2022-04-13T10:38:10+00:00\",\"dateModified\":\"2025-11-07T10:26:04+00:00\",\"description\":\"Vores fodspark for trappet\u00e5rn er en vigtig komponent, n\u00e5r du arbejder p\u00e5 et murerstillads med tilbygget trappet\u00e5rn. Det sikrer overholdelse af lovgivningen og \u00f8ger samtidig sikkerheden p\u00e5 din arbejdsplads. Kompatibel med vores Trappe Aluminium-serie for problemfri integration.\",\"breadcrumb\":{\"@id\":\"https:\\\/\\\/www.specialfabrikken.dk\\\/vare\\\/fodspark-for-trappetaarn\\\/#breadcrumb\"},\"inLanguage\":\"en-US\",\"potentialAction\":[{\"@type\":\"ReadAction\",\"target\":[\"https:\\\/\\\/www.specialfabrikken.dk\\\/vare\\\/fodspark-for-trappetaarn\\\/\"]}]},{\"@type\":\"ImageObject\",\"inLanguage\":\"en-US\",\"@id\":\"https:\\\/\\\/www.specialfabrikken.dk\\\/vare\\\/fodspark-for-trappetaarn\\\/#primaryimage\",\"url\":\"https:\\\/\\\/www.specialfabrikken.dk\\\/wp-content\\\/uploads\\\/2020\\\/11\\\/Fodspark-trappetaarn-1.jpg\",\"contentUrl\":\"https:\\\/\\\/www.specialfabrikken.dk\\\/wp-content\\\/uploads\\\/2020\\\/11\\\/Fodspark-trappetaarn-1.jpg\",\"width\":722,\"height\":1015},{\"@type\":\"BreadcrumbList\",\"@id\":\"https:\\\/\\\/www.specialfabrikken.dk\\\/vare\\\/fodspark-for-trappetaarn\\\/#breadcrumb\",\"itemListElement\":[{\"@type\":\"ListItem\",\"position\":1,\"name\":\"Forside\",\"item\":\"https:\\\/\\\/www.specialfabrikken.dk\\\/\"},{\"@type\":\"ListItem\",\"position\":2,\"name\":\"Shop\",\"item\":\"https:\\\/\\\/www.specialfabrikken.dk\\\/shop\\\/\"},{\"@type\":\"ListItem\",\"position\":3,\"name\":\"Fodspark for trappet\u00e5rn &#8211; Top\"}]},{\"@type\":\"WebSite\",\"@id\":\"https:\\\/\\\/www.specialfabrikken.dk\\\/#website\",\"url\":\"https:\\\/\\\/www.specialfabrikken.dk\\\/\",\"name\":\"Specialfabrikken\",\"description\":\"Specialfabrikken\",\"potentialAction\":[{\"@type\":\"SearchAction\",\"target\":{\"@type\":\"EntryPoint\",\"urlTemplate\":\"https:\\\/\\\/www.specialfabrikken.dk\\\/?s={search_term_string}\"},\"query-input\":{\"@type\":\"PropertyValueSpecification\",\"valueRequired\":true,\"valueName\":\"search_term_string\"}}],\"inLanguage\":\"en-US\"}]}<\/script>\n<!-- \/ Yoast SEO plugin. -->","yoast_head_json":{"title":"Fodspark for trappet\u00e5rn - \u00d8get sikkerhed og overholdelse af lovgivningen","description":"Vores fodspark for trappet\u00e5rn er en vigtig komponent, n\u00e5r du arbejder p\u00e5 et murerstillads med tilbygget trappet\u00e5rn. Det sikrer overholdelse af lovgivningen og \u00f8ger samtidig sikkerheden p\u00e5 din arbejdsplads. Kompatibel med vores Trappe Aluminium-serie for problemfri integration.","robots":{"index":"index","follow":"follow","max-snippet":"max-snippet:-1","max-image-preview":"max-image-preview:large","max-video-preview":"max-video-preview:-1"},"canonical":"https:\/\/www.specialfabrikken.dk\/en\/product-2\/fodspark-for-trappetaarn\/","og_locale":"en_US","og_type":"article","og_title":"Fodspark for trappet\u00e5rn - \u00d8get sikkerhed og overholdelse af lovgivningen","og_description":"Vores fodspark for trappet\u00e5rn er en vigtig komponent, n\u00e5r du arbejder p\u00e5 et murerstillads med tilbygget trappet\u00e5rn. Det sikrer overholdelse af lovgivningen og \u00f8ger samtidig sikkerheden p\u00e5 din arbejdsplads. Kompatibel med vores Trappe Aluminium-serie for problemfri integration.","og_url":"https:\/\/www.specialfabrikken.dk\/en\/product-2\/fodspark-for-trappetaarn\/","og_site_name":"Specialfabrikken","article_modified_time":"2025-11-07T10:26:04+00:00","og_image":[{"width":722,"height":1015,"url":"https:\/\/www.specialfabrikken.dk\/wp-content\/uploads\/2020\/11\/Fodspark-trappetaarn-1.jpg","type":"image\/jpeg"}],"twitter_card":"summary_large_image","twitter_misc":{"Est. reading time":"1 minute"},"schema":{"@context":"https:\/\/schema.org","@graph":[{"@type":"WebPage","@id":"https:\/\/www.specialfabrikken.dk\/vare\/fodspark-for-trappetaarn\/","url":"https:\/\/www.specialfabrikken.dk\/vare\/fodspark-for-trappetaarn\/","name":"Fodspark for trappet\u00e5rn - \u00d8get sikkerhed og overholdelse af lovgivningen","isPartOf":{"@id":"https:\/\/www.specialfabrikken.dk\/#website"},"primaryImageOfPage":{"@id":"https:\/\/www.specialfabrikken.dk\/vare\/fodspark-for-trappetaarn\/#primaryimage"},"image":{"@id":"https:\/\/www.specialfabrikken.dk\/vare\/fodspark-for-trappetaarn\/#primaryimage"},"thumbnailUrl":"https:\/\/www.specialfabrikken.dk\/wp-content\/uploads\/2020\/11\/Fodspark-trappetaarn-1.jpg","datePublished":"2022-04-13T10:38:10+00:00","dateModified":"2025-11-07T10:26:04+00:00","description":"Vores fodspark for trappet\u00e5rn er en vigtig komponent, n\u00e5r du arbejder p\u00e5 et murerstillads med tilbygget trappet\u00e5rn. Det sikrer overholdelse af lovgivningen og \u00f8ger samtidig sikkerheden p\u00e5 din arbejdsplads. Kompatibel med vores Trappe Aluminium-serie for problemfri integration.","breadcrumb":{"@id":"https:\/\/www.specialfabrikken.dk\/vare\/fodspark-for-trappetaarn\/#breadcrumb"},"inLanguage":"en-US","potentialAction":[{"@type":"ReadAction","target":["https:\/\/www.specialfabrikken.dk\/vare\/fodspark-for-trappetaarn\/"]}]},{"@type":"ImageObject","inLanguage":"en-US","@id":"https:\/\/www.specialfabrikken.dk\/vare\/fodspark-for-trappetaarn\/#primaryimage","url":"https:\/\/www.specialfabrikken.dk\/wp-content\/uploads\/2020\/11\/Fodspark-trappetaarn-1.jpg","contentUrl":"https:\/\/www.specialfabrikken.dk\/wp-content\/uploads\/2020\/11\/Fodspark-trappetaarn-1.jpg","width":722,"height":1015},{"@type":"BreadcrumbList","@id":"https:\/\/www.specialfabrikken.dk\/vare\/fodspark-for-trappetaarn\/#breadcrumb","itemListElement":[{"@type":"ListItem","position":1,"name":"Forside","item":"https:\/\/www.specialfabrikken.dk\/"},{"@type":"ListItem","position":2,"name":"Shop","item":"https:\/\/www.specialfabrikken.dk\/shop\/"},{"@type":"ListItem","position":3,"name":"Fodspark for trappet\u00e5rn &#8211; Top"}]},{"@type":"WebSite","@id":"https:\/\/www.specialfabrikken.dk\/#website","url":"https:\/\/www.specialfabrikken.dk\/","name":"Specialfabrikken","description":"Specialfabrikken","potentialAction":[{"@type":"SearchAction","target":{"@type":"EntryPoint","urlTemplate":"https:\/\/www.specialfabrikken.dk\/?s={search_term_string}"},"query-input":{"@type":"PropertyValueSpecification","valueRequired":true,"valueName":"search_term_string"}}],"inLanguage":"en-US"}]}},"_links":{"self":[{"href":"https:\/\/www.specialfabrikken.dk\/en\/wp-json\/wp\/v2\/product\/51776","targetHints":{"allow":["GET"]}}],"collection":[{"href":"https:\/\/www.specialfabrikken.dk\/en\/wp-json\/wp\/v2\/product"}],"about":[{"href":"https:\/\/www.specialfabrikken.dk\/en\/wp-json\/wp\/v2\/types\/product"}],"replies":[{"embeddable":true,"href":"https:\/\/www.specialfabrikken.dk\/en\/wp-json\/wp\/v2\/comments?post=51776"}],"wp:featuredmedia":[{"embeddable":true,"href":"https:\/\/www.specialfabrikken.dk\/en\/wp-json\/wp\/v2\/media\/50516"}],"wp:attachment":[{"href":"https:\/\/www.specialfabrikken.dk\/en\/wp-json\/wp\/v2\/media?parent=51776"}],"wp:term":[{"taxonomy":"product_brand","embeddable":true,"href":"https:\/\/www.specialfabrikken.dk\/en\/wp-json\/wp\/v2\/product_brand?post=51776"},{"taxonomy":"product_cat","embeddable":true,"href":"https:\/\/www.specialfabrikken.dk\/en\/wp-json\/wp\/v2\/product_cat?post=51776"},{"taxonomy":"product_tag","embeddable":true,"href":"https:\/\/www.specialfabrikken.dk\/en\/wp-json\/wp\/v2\/product_tag?post=51776"}],"curies":[{"name":"wp","href":"https:\/\/api.w.org\/{rel}","templated":true}]}}