{"id":51781,"date":"2022-04-13T11:07:23","date_gmt":"2022-04-13T11:07:23","guid":{"rendered":"https:\/\/www.specialfabrikken.dk\/?post_type=product&#038;p=51781"},"modified":"2026-04-22T14:12:41","modified_gmt":"2026-04-22T12:12:41","slug":"barel-model-vinderup","status":"publish","type":"product","link":"https:\/\/www.specialfabrikken.dk\/en\/vare\/barel-model-vinderup\/","title":{"rendered":"Barel model Vinderup"},"content":{"rendered":"<h1><strong>Barel model Vinderup &#8211; Sikker og praktisk opbevaring af stilladsmateriel<\/strong><\/h1>\n<p>Vores Barel model Vinderup er den ultimative l\u00f8sning til sikker og effektiv opbevaring af stilladsmateriel. Den er fremstillet af robust galvaniseret st\u00e5l og m\u00e5ler 1350 x 690 mm med C-C m\u00e5l. Denne model er skr\u00e6ddersyet til opbevaring af stillads og er det ideelle valg, n\u00e5r du har brug for en p\u00e5lidelig og holdbar l\u00f8sning til at organisere dit materiel.<\/p>\n<p><strong>Funktioner:<\/strong><\/p>\n<ul>\n<li>Fremstillet af holdbart galvaniseret st\u00e5l<\/li>\n<li>Stor kapacitet til opbevaring af stilladsmateriel<\/li>\n<li>Tilg\u00e6ngelig i forskellige modeller og specialm\u00e5l<\/li>\n<\/ul>\n<p>Med vores Barel model Vinderup kan du sikre, at dit stilladsmateriel opbevares sikkert og praktisk. Vi tilbyder ogs\u00e5 speciall\u00f8sninger, hvis du har brug for det.<\/p>","protected":false},"excerpt":{"rendered":"<p>Short description:<\/p>\n<ul>\n<li>Galvaniseret St\u00e5l.<\/li>\n<li>1350 x 690 mm. C-C m\u00e5l.<\/li>\n<li>Beregnet til opbevaring af stillads.<\/li>\n<li>Forskellige modeller og specialm\u00e5l kan ogs\u00e5 laves.<\/li>\n<\/ul>","protected":false},"featured_media":2114,"comment_status":"open","ping_status":"closed","template":"","meta":{"_acf_changed":false,"_et_pb_use_builder":"","_et_pb_old_content":"","_et_gb_content_width":""},"product_brand":[],"product_cat":[67,88,32,31],"product_tag":[63,174,48,64],"class_list":{"0":"post-51781","1":"product","2":"type-product","3":"status-publish","4":"has-post-thumbnail","6":"product_cat-bareller","7":"product_cat-bareller-murerstillads","8":"product_cat-murerstillads","9":"product_cat-stillads","10":"product_tag-barel","11":"product_tag-bareller","12":"product_tag-murerstillads","13":"product_tag-vinderup","14":"product_shipping_class-stor","16":"first","17":"instock","18":"taxable","19":"shipping-taxable","20":"purchasable","21":"product-type-simple"},"acf":[],"yoast_head":"<!-- This site is optimized with the Yoast SEO plugin v27.4 - https:\/\/yoast.com\/product\/yoast-seo-wordpress\/ -->\n<title>Barel model Vinderup - Sikker og praktisk opbevaring af stilladsmateriel<\/title>\n<meta name=\"description\" content=\"Vores Barel model Vinderup er den ideelle l\u00f8sning til sikker og effektiv opbevaring af stilladsmateriel. Fremstillet af holdbart galvaniseret st\u00e5l og tilg\u00e6ngelig i forskellige modeller og specialm\u00e5l. Organis\u00e9r dit materiel med p\u00e5lidelighed og holdbarhed.\" \/>\n<meta name=\"robots\" content=\"index, follow, max-snippet:-1, max-image-preview:large, max-video-preview:-1\" \/>\n<link rel=\"canonical\" href=\"https:\/\/www.specialfabrikken.dk\/en\/product-2\/barel-model-vinderup\/\" \/>\n<meta property=\"og:locale\" content=\"en_US\" \/>\n<meta property=\"og:type\" content=\"article\" \/>\n<meta property=\"og:title\" content=\"Barel model Vinderup - Sikker og praktisk opbevaring af stilladsmateriel\" \/>\n<meta property=\"og:description\" content=\"Vores Barel model Vinderup er den ideelle l\u00f8sning til sikker og effektiv opbevaring af stilladsmateriel. Fremstillet af holdbart galvaniseret st\u00e5l og tilg\u00e6ngelig i forskellige modeller og specialm\u00e5l. Organis\u00e9r dit materiel med p\u00e5lidelighed og holdbarhed.\" \/>\n<meta property=\"og:url\" content=\"https:\/\/www.specialfabrikken.dk\/en\/product-2\/barel-model-vinderup\/\" \/>\n<meta property=\"og:site_name\" content=\"Specialfabrikken\" \/>\n<meta property=\"article:modified_time\" content=\"2026-04-22T12:12:41+00:00\" \/>\n<meta property=\"og:image\" content=\"https:\/\/www.specialfabrikken.dk\/wp-content\/uploads\/2020\/04\/barel-vinderup.jpg\" \/>\n\t<meta property=\"og:image:width\" content=\"464\" \/>\n\t<meta property=\"og:image:height\" content=\"362\" \/>\n\t<meta property=\"og:image:type\" content=\"image\/jpeg\" \/>\n<meta name=\"twitter:card\" content=\"summary_large_image\" \/>\n<meta name=\"twitter:label1\" content=\"Est. reading time\" \/>\n\t<meta name=\"twitter:data1\" content=\"1 minute\" \/>\n<script type=\"application\/ld+json\" class=\"yoast-schema-graph\">{\"@context\":\"https:\\\/\\\/schema.org\",\"@graph\":[{\"@type\":\"WebPage\",\"@id\":\"https:\\\/\\\/www.specialfabrikken.dk\\\/vare\\\/barel-model-vinderup\\\/\",\"url\":\"https:\\\/\\\/www.specialfabrikken.dk\\\/vare\\\/barel-model-vinderup\\\/\",\"name\":\"Barel model Vinderup - Sikker og praktisk opbevaring af stilladsmateriel\",\"isPartOf\":{\"@id\":\"https:\\\/\\\/www.specialfabrikken.dk\\\/#website\"},\"primaryImageOfPage\":{\"@id\":\"https:\\\/\\\/www.specialfabrikken.dk\\\/vare\\\/barel-model-vinderup\\\/#primaryimage\"},\"image\":{\"@id\":\"https:\\\/\\\/www.specialfabrikken.dk\\\/vare\\\/barel-model-vinderup\\\/#primaryimage\"},\"thumbnailUrl\":\"https:\\\/\\\/www.specialfabrikken.dk\\\/wp-content\\\/uploads\\\/2020\\\/04\\\/barel-vinderup.jpg\",\"datePublished\":\"2022-04-13T11:07:23+00:00\",\"dateModified\":\"2026-04-22T12:12:41+00:00\",\"description\":\"Vores Barel model Vinderup er den ideelle l\u00f8sning til sikker og effektiv opbevaring af stilladsmateriel. Fremstillet af holdbart galvaniseret st\u00e5l og tilg\u00e6ngelig i forskellige modeller og specialm\u00e5l. Organis\u00e9r dit materiel med p\u00e5lidelighed og holdbarhed.\",\"breadcrumb\":{\"@id\":\"https:\\\/\\\/www.specialfabrikken.dk\\\/vare\\\/barel-model-vinderup\\\/#breadcrumb\"},\"inLanguage\":\"en-US\",\"potentialAction\":[{\"@type\":\"ReadAction\",\"target\":[\"https:\\\/\\\/www.specialfabrikken.dk\\\/vare\\\/barel-model-vinderup\\\/\"]}]},{\"@type\":\"ImageObject\",\"inLanguage\":\"en-US\",\"@id\":\"https:\\\/\\\/www.specialfabrikken.dk\\\/vare\\\/barel-model-vinderup\\\/#primaryimage\",\"url\":\"https:\\\/\\\/www.specialfabrikken.dk\\\/wp-content\\\/uploads\\\/2020\\\/04\\\/barel-vinderup.jpg\",\"contentUrl\":\"https:\\\/\\\/www.specialfabrikken.dk\\\/wp-content\\\/uploads\\\/2020\\\/04\\\/barel-vinderup.jpg\",\"width\":464,\"height\":362,\"caption\":\"barel vinderup\"},{\"@type\":\"BreadcrumbList\",\"@id\":\"https:\\\/\\\/www.specialfabrikken.dk\\\/vare\\\/barel-model-vinderup\\\/#breadcrumb\",\"itemListElement\":[{\"@type\":\"ListItem\",\"position\":1,\"name\":\"Forside\",\"item\":\"https:\\\/\\\/www.specialfabrikken.dk\\\/\"},{\"@type\":\"ListItem\",\"position\":2,\"name\":\"Shop\",\"item\":\"https:\\\/\\\/www.specialfabrikken.dk\\\/shop\\\/\"},{\"@type\":\"ListItem\",\"position\":3,\"name\":\"Barel model Vinderup\"}]},{\"@type\":\"WebSite\",\"@id\":\"https:\\\/\\\/www.specialfabrikken.dk\\\/#website\",\"url\":\"https:\\\/\\\/www.specialfabrikken.dk\\\/\",\"name\":\"Specialfabrikken\",\"description\":\"Specialfabrikken\",\"potentialAction\":[{\"@type\":\"SearchAction\",\"target\":{\"@type\":\"EntryPoint\",\"urlTemplate\":\"https:\\\/\\\/www.specialfabrikken.dk\\\/?s={search_term_string}\"},\"query-input\":{\"@type\":\"PropertyValueSpecification\",\"valueRequired\":true,\"valueName\":\"search_term_string\"}}],\"inLanguage\":\"en-US\"}]}<\/script>\n<!-- \/ Yoast SEO plugin. -->","yoast_head_json":{"title":"Barel model Vinderup - Sikker og praktisk opbevaring af stilladsmateriel","description":"Vores Barel model Vinderup er den ideelle l\u00f8sning til sikker og effektiv opbevaring af stilladsmateriel. Fremstillet af holdbart galvaniseret st\u00e5l og tilg\u00e6ngelig i forskellige modeller og specialm\u00e5l. Organis\u00e9r dit materiel med p\u00e5lidelighed og holdbarhed.","robots":{"index":"index","follow":"follow","max-snippet":"max-snippet:-1","max-image-preview":"max-image-preview:large","max-video-preview":"max-video-preview:-1"},"canonical":"https:\/\/www.specialfabrikken.dk\/en\/product-2\/barel-model-vinderup\/","og_locale":"en_US","og_type":"article","og_title":"Barel model Vinderup - Sikker og praktisk opbevaring af stilladsmateriel","og_description":"Vores Barel model Vinderup er den ideelle l\u00f8sning til sikker og effektiv opbevaring af stilladsmateriel. Fremstillet af holdbart galvaniseret st\u00e5l og tilg\u00e6ngelig i forskellige modeller og specialm\u00e5l. Organis\u00e9r dit materiel med p\u00e5lidelighed og holdbarhed.","og_url":"https:\/\/www.specialfabrikken.dk\/en\/product-2\/barel-model-vinderup\/","og_site_name":"Specialfabrikken","article_modified_time":"2026-04-22T12:12:41+00:00","og_image":[{"width":464,"height":362,"url":"https:\/\/www.specialfabrikken.dk\/wp-content\/uploads\/2020\/04\/barel-vinderup.jpg","type":"image\/jpeg"}],"twitter_card":"summary_large_image","twitter_misc":{"Est. reading time":"1 minute"},"schema":{"@context":"https:\/\/schema.org","@graph":[{"@type":"WebPage","@id":"https:\/\/www.specialfabrikken.dk\/vare\/barel-model-vinderup\/","url":"https:\/\/www.specialfabrikken.dk\/vare\/barel-model-vinderup\/","name":"Barel model Vinderup - Sikker og praktisk opbevaring af stilladsmateriel","isPartOf":{"@id":"https:\/\/www.specialfabrikken.dk\/#website"},"primaryImageOfPage":{"@id":"https:\/\/www.specialfabrikken.dk\/vare\/barel-model-vinderup\/#primaryimage"},"image":{"@id":"https:\/\/www.specialfabrikken.dk\/vare\/barel-model-vinderup\/#primaryimage"},"thumbnailUrl":"https:\/\/www.specialfabrikken.dk\/wp-content\/uploads\/2020\/04\/barel-vinderup.jpg","datePublished":"2022-04-13T11:07:23+00:00","dateModified":"2026-04-22T12:12:41+00:00","description":"Vores Barel model Vinderup er den ideelle l\u00f8sning til sikker og effektiv opbevaring af stilladsmateriel. Fremstillet af holdbart galvaniseret st\u00e5l og tilg\u00e6ngelig i forskellige modeller og specialm\u00e5l. Organis\u00e9r dit materiel med p\u00e5lidelighed og holdbarhed.","breadcrumb":{"@id":"https:\/\/www.specialfabrikken.dk\/vare\/barel-model-vinderup\/#breadcrumb"},"inLanguage":"en-US","potentialAction":[{"@type":"ReadAction","target":["https:\/\/www.specialfabrikken.dk\/vare\/barel-model-vinderup\/"]}]},{"@type":"ImageObject","inLanguage":"en-US","@id":"https:\/\/www.specialfabrikken.dk\/vare\/barel-model-vinderup\/#primaryimage","url":"https:\/\/www.specialfabrikken.dk\/wp-content\/uploads\/2020\/04\/barel-vinderup.jpg","contentUrl":"https:\/\/www.specialfabrikken.dk\/wp-content\/uploads\/2020\/04\/barel-vinderup.jpg","width":464,"height":362,"caption":"barel vinderup"},{"@type":"BreadcrumbList","@id":"https:\/\/www.specialfabrikken.dk\/vare\/barel-model-vinderup\/#breadcrumb","itemListElement":[{"@type":"ListItem","position":1,"name":"Forside","item":"https:\/\/www.specialfabrikken.dk\/"},{"@type":"ListItem","position":2,"name":"Shop","item":"https:\/\/www.specialfabrikken.dk\/shop\/"},{"@type":"ListItem","position":3,"name":"Barel model Vinderup"}]},{"@type":"WebSite","@id":"https:\/\/www.specialfabrikken.dk\/#website","url":"https:\/\/www.specialfabrikken.dk\/","name":"Specialfabrikken","description":"Specialfabrikken","potentialAction":[{"@type":"SearchAction","target":{"@type":"EntryPoint","urlTemplate":"https:\/\/www.specialfabrikken.dk\/?s={search_term_string}"},"query-input":{"@type":"PropertyValueSpecification","valueRequired":true,"valueName":"search_term_string"}}],"inLanguage":"en-US"}]}},"_links":{"self":[{"href":"https:\/\/www.specialfabrikken.dk\/en\/wp-json\/wp\/v2\/product\/51781","targetHints":{"allow":["GET"]}}],"collection":[{"href":"https:\/\/www.specialfabrikken.dk\/en\/wp-json\/wp\/v2\/product"}],"about":[{"href":"https:\/\/www.specialfabrikken.dk\/en\/wp-json\/wp\/v2\/types\/product"}],"replies":[{"embeddable":true,"href":"https:\/\/www.specialfabrikken.dk\/en\/wp-json\/wp\/v2\/comments?post=51781"}],"wp:featuredmedia":[{"embeddable":true,"href":"https:\/\/www.specialfabrikken.dk\/en\/wp-json\/wp\/v2\/media\/2114"}],"wp:attachment":[{"href":"https:\/\/www.specialfabrikken.dk\/en\/wp-json\/wp\/v2\/media?parent=51781"}],"wp:term":[{"taxonomy":"product_brand","embeddable":true,"href":"https:\/\/www.specialfabrikken.dk\/en\/wp-json\/wp\/v2\/product_brand?post=51781"},{"taxonomy":"product_cat","embeddable":true,"href":"https:\/\/www.specialfabrikken.dk\/en\/wp-json\/wp\/v2\/product_cat?post=51781"},{"taxonomy":"product_tag","embeddable":true,"href":"https:\/\/www.specialfabrikken.dk\/en\/wp-json\/wp\/v2\/product_tag?post=51781"}],"curies":[{"name":"wp","href":"https:\/\/api.w.org\/{rel}","templated":true}]}}