{"id":51854,"date":"2022-05-02T06:49:08","date_gmt":"2022-05-02T06:49:08","guid":{"rendered":"https:\/\/www.specialfabrikken.dk\/?post_type=product&#038;p=51854"},"modified":"2026-01-27T06:09:51","modified_gmt":"2026-01-27T06:09:51","slug":"barel-med-indsatskurv","status":"publish","type":"product","link":"https:\/\/www.specialfabrikken.dk\/en\/vare\/barel-med-indsatskurv\/","title":{"rendered":"Barel for indsatskurv"},"content":{"rendered":"<h1><strong>Barel for indsatskurv &#8211; Praktisk opbevaring af stilladsdele<\/strong><\/h1>\n<p>Vores Barel for indsatskurv er den ideelle l\u00f8sning til opbevaring og transport af stilladsdele og udstyr. Den er fremstillet af holdbart galvaniseret st\u00e5l og er designet til at opfylde dine behov. Denne model har en bredde p\u00e5 840 mm og en l\u00e6ngde p\u00e5 1500 mm med c-c m\u00e5l for optimal kompatibilitet.<\/p>\n<p><strong>Funktioner:<\/strong><\/p>\n<ul>\n<li>Fremstillet af holdbart galvaniseret st\u00e5l<\/li>\n<li>L\u00e6ngde og bredde med c-c m\u00e5l for enkel kompatibilitet<\/li>\n<li>Udstyret med praktiske l\u00f8fte\u00f8jer<\/li>\n<li>F\u00e5s med eller uden kurv<\/li>\n<li>Mulighed for specialm\u00e5l og modeller<\/li>\n<\/ul>\n<p>Vores Barel med indsatskurv giver dig mulighed for at organisere og transportere dine stilladsdele med lethed. De indbyggede l\u00f8fte\u00f8jer g\u00f8r det nemt at h\u00e5ndtere og flytte, og vi tilbyder forskellige modeller og specialm\u00e5l for at im\u00f8dekomme dine unikke krav.<\/p>","protected":false},"excerpt":{"rendered":"<p>Short description:<\/p>\n<ul>\n<li>Fremstillet i galvaniseret st\u00e5l<\/li>\n<li>Bredde 840 mm. N.B. c-c m\u00e5l<\/li>\n<li>L\u00e6ngde 1500 mm. N.B. c-c m\u00e5l<\/li>\n<li>Fremstillet med l\u00f8fte\u00f8jer<\/li>\n<li>F\u00e5s med og uden kurv<\/li>\n<li>Forskellige modeller og specialm\u00e5l kan ogs\u00e5 laves<\/li>\n<\/ul>","protected":false},"featured_media":2532,"comment_status":"open","ping_status":"closed","template":"","meta":{"_acf_changed":false,"_et_pb_use_builder":"","_et_pb_old_content":"","_et_gb_content_width":""},"product_brand":[],"product_cat":[67,88,32,31],"product_tag":[63,174,65,48],"class_list":{"0":"post-51854","1":"product","2":"type-product","3":"status-publish","4":"has-post-thumbnail","6":"product_cat-bareller","7":"product_cat-bareller-murerstillads","8":"product_cat-murerstillads","9":"product_cat-stillads","10":"product_tag-barel","11":"product_tag-bareller","12":"product_tag-model-h","13":"product_tag-murerstillads","14":"product_shipping_class-stor","16":"first","17":"instock","18":"taxable","19":"shipping-taxable","20":"purchasable","21":"product-type-simple"},"acf":[],"yoast_head":"<!-- This site is optimized with the Yoast SEO plugin v27.4 - https:\/\/yoast.com\/product\/yoast-seo-wordpress\/ -->\n<title>Barel med indsatskurv - Holdbar opbevaring og transport af stilladsdele<\/title>\n<meta name=\"description\" content=\"Vores Barel med indsatskurv er designet til at opfylde dine opbevarings- og transportbehov for stilladsdele og udstyr. Fremstillet af holdbart galvaniseret st\u00e5l med praktiske l\u00f8fte\u00f8jer og tilg\u00e6ngelig med eller uden kurv. Mulighed for specialm\u00e5l og modeller for maksimal fleksibilitet.\" \/>\n<meta name=\"robots\" content=\"index, follow, max-snippet:-1, max-image-preview:large, max-video-preview:-1\" \/>\n<link rel=\"canonical\" href=\"https:\/\/www.specialfabrikken.dk\/en\/product-2\/barel-med-indsatskurv\/\" \/>\n<meta property=\"og:locale\" content=\"en_US\" \/>\n<meta property=\"og:type\" content=\"article\" \/>\n<meta property=\"og:title\" content=\"Barel med indsatskurv - Holdbar opbevaring og transport af stilladsdele\" \/>\n<meta property=\"og:description\" content=\"Vores Barel med indsatskurv er designet til at opfylde dine opbevarings- og transportbehov for stilladsdele og udstyr. Fremstillet af holdbart galvaniseret st\u00e5l med praktiske l\u00f8fte\u00f8jer og tilg\u00e6ngelig med eller uden kurv. Mulighed for specialm\u00e5l og modeller for maksimal fleksibilitet.\" \/>\n<meta property=\"og:url\" content=\"https:\/\/www.specialfabrikken.dk\/en\/product-2\/barel-med-indsatskurv\/\" \/>\n<meta property=\"og:site_name\" content=\"Specialfabrikken\" \/>\n<meta property=\"article:modified_time\" content=\"2026-01-27T06:09:51+00:00\" \/>\n<meta property=\"og:image\" content=\"https:\/\/www.specialfabrikken.dk\/wp-content\/uploads\/2020\/04\/Vinderup-barel-til-indsatskurv-scaled.jpg\" \/>\n\t<meta property=\"og:image:width\" content=\"2560\" \/>\n\t<meta property=\"og:image:height\" content=\"2144\" \/>\n\t<meta property=\"og:image:type\" content=\"image\/jpeg\" \/>\n<meta name=\"twitter:card\" content=\"summary_large_image\" \/>\n<meta name=\"twitter:label1\" content=\"Est. reading time\" \/>\n\t<meta name=\"twitter:data1\" content=\"1 minute\" \/>\n<script type=\"application\/ld+json\" class=\"yoast-schema-graph\">{\"@context\":\"https:\\\/\\\/schema.org\",\"@graph\":[{\"@type\":\"WebPage\",\"@id\":\"https:\\\/\\\/www.specialfabrikken.dk\\\/vare\\\/barel-med-indsatskurv\\\/\",\"url\":\"https:\\\/\\\/www.specialfabrikken.dk\\\/vare\\\/barel-med-indsatskurv\\\/\",\"name\":\"Barel med indsatskurv - Holdbar opbevaring og transport af stilladsdele\",\"isPartOf\":{\"@id\":\"https:\\\/\\\/www.specialfabrikken.dk\\\/#website\"},\"primaryImageOfPage\":{\"@id\":\"https:\\\/\\\/www.specialfabrikken.dk\\\/vare\\\/barel-med-indsatskurv\\\/#primaryimage\"},\"image\":{\"@id\":\"https:\\\/\\\/www.specialfabrikken.dk\\\/vare\\\/barel-med-indsatskurv\\\/#primaryimage\"},\"thumbnailUrl\":\"https:\\\/\\\/www.specialfabrikken.dk\\\/wp-content\\\/uploads\\\/2020\\\/04\\\/Vinderup-barel-til-indsatskurv-scaled.jpg\",\"datePublished\":\"2022-05-02T06:49:08+00:00\",\"dateModified\":\"2026-01-27T06:09:51+00:00\",\"description\":\"Vores Barel med indsatskurv er designet til at opfylde dine opbevarings- og transportbehov for stilladsdele og udstyr. Fremstillet af holdbart galvaniseret st\u00e5l med praktiske l\u00f8fte\u00f8jer og tilg\u00e6ngelig med eller uden kurv. Mulighed for specialm\u00e5l og modeller for maksimal fleksibilitet.\",\"breadcrumb\":{\"@id\":\"https:\\\/\\\/www.specialfabrikken.dk\\\/vare\\\/barel-med-indsatskurv\\\/#breadcrumb\"},\"inLanguage\":\"en-US\",\"potentialAction\":[{\"@type\":\"ReadAction\",\"target\":[\"https:\\\/\\\/www.specialfabrikken.dk\\\/vare\\\/barel-med-indsatskurv\\\/\"]}]},{\"@type\":\"ImageObject\",\"inLanguage\":\"en-US\",\"@id\":\"https:\\\/\\\/www.specialfabrikken.dk\\\/vare\\\/barel-med-indsatskurv\\\/#primaryimage\",\"url\":\"https:\\\/\\\/www.specialfabrikken.dk\\\/wp-content\\\/uploads\\\/2020\\\/04\\\/Vinderup-barel-til-indsatskurv-scaled.jpg\",\"contentUrl\":\"https:\\\/\\\/www.specialfabrikken.dk\\\/wp-content\\\/uploads\\\/2020\\\/04\\\/Vinderup-barel-til-indsatskurv-scaled.jpg\",\"width\":2560,\"height\":2144,\"caption\":\"SONY DSC\"},{\"@type\":\"BreadcrumbList\",\"@id\":\"https:\\\/\\\/www.specialfabrikken.dk\\\/vare\\\/barel-med-indsatskurv\\\/#breadcrumb\",\"itemListElement\":[{\"@type\":\"ListItem\",\"position\":1,\"name\":\"Forside\",\"item\":\"https:\\\/\\\/www.specialfabrikken.dk\\\/\"},{\"@type\":\"ListItem\",\"position\":2,\"name\":\"Shop\",\"item\":\"https:\\\/\\\/www.specialfabrikken.dk\\\/shop\\\/\"},{\"@type\":\"ListItem\",\"position\":3,\"name\":\"Barel for indsatskurv\"}]},{\"@type\":\"WebSite\",\"@id\":\"https:\\\/\\\/www.specialfabrikken.dk\\\/#website\",\"url\":\"https:\\\/\\\/www.specialfabrikken.dk\\\/\",\"name\":\"Specialfabrikken\",\"description\":\"Specialfabrikken\",\"potentialAction\":[{\"@type\":\"SearchAction\",\"target\":{\"@type\":\"EntryPoint\",\"urlTemplate\":\"https:\\\/\\\/www.specialfabrikken.dk\\\/?s={search_term_string}\"},\"query-input\":{\"@type\":\"PropertyValueSpecification\",\"valueRequired\":true,\"valueName\":\"search_term_string\"}}],\"inLanguage\":\"en-US\"}]}<\/script>\n<!-- \/ Yoast SEO plugin. -->","yoast_head_json":{"title":"Barel med indsatskurv - Holdbar opbevaring og transport af stilladsdele","description":"Vores Barel med indsatskurv er designet til at opfylde dine opbevarings- og transportbehov for stilladsdele og udstyr. Fremstillet af holdbart galvaniseret st\u00e5l med praktiske l\u00f8fte\u00f8jer og tilg\u00e6ngelig med eller uden kurv. Mulighed for specialm\u00e5l og modeller for maksimal fleksibilitet.","robots":{"index":"index","follow":"follow","max-snippet":"max-snippet:-1","max-image-preview":"max-image-preview:large","max-video-preview":"max-video-preview:-1"},"canonical":"https:\/\/www.specialfabrikken.dk\/en\/product-2\/barel-med-indsatskurv\/","og_locale":"en_US","og_type":"article","og_title":"Barel med indsatskurv - Holdbar opbevaring og transport af stilladsdele","og_description":"Vores Barel med indsatskurv er designet til at opfylde dine opbevarings- og transportbehov for stilladsdele og udstyr. Fremstillet af holdbart galvaniseret st\u00e5l med praktiske l\u00f8fte\u00f8jer og tilg\u00e6ngelig med eller uden kurv. Mulighed for specialm\u00e5l og modeller for maksimal fleksibilitet.","og_url":"https:\/\/www.specialfabrikken.dk\/en\/product-2\/barel-med-indsatskurv\/","og_site_name":"Specialfabrikken","article_modified_time":"2026-01-27T06:09:51+00:00","og_image":[{"width":2560,"height":2144,"url":"https:\/\/www.specialfabrikken.dk\/wp-content\/uploads\/2020\/04\/Vinderup-barel-til-indsatskurv-scaled.jpg","type":"image\/jpeg"}],"twitter_card":"summary_large_image","twitter_misc":{"Est. reading time":"1 minute"},"schema":{"@context":"https:\/\/schema.org","@graph":[{"@type":"WebPage","@id":"https:\/\/www.specialfabrikken.dk\/vare\/barel-med-indsatskurv\/","url":"https:\/\/www.specialfabrikken.dk\/vare\/barel-med-indsatskurv\/","name":"Barel med indsatskurv - Holdbar opbevaring og transport af stilladsdele","isPartOf":{"@id":"https:\/\/www.specialfabrikken.dk\/#website"},"primaryImageOfPage":{"@id":"https:\/\/www.specialfabrikken.dk\/vare\/barel-med-indsatskurv\/#primaryimage"},"image":{"@id":"https:\/\/www.specialfabrikken.dk\/vare\/barel-med-indsatskurv\/#primaryimage"},"thumbnailUrl":"https:\/\/www.specialfabrikken.dk\/wp-content\/uploads\/2020\/04\/Vinderup-barel-til-indsatskurv-scaled.jpg","datePublished":"2022-05-02T06:49:08+00:00","dateModified":"2026-01-27T06:09:51+00:00","description":"Vores Barel med indsatskurv er designet til at opfylde dine opbevarings- og transportbehov for stilladsdele og udstyr. Fremstillet af holdbart galvaniseret st\u00e5l med praktiske l\u00f8fte\u00f8jer og tilg\u00e6ngelig med eller uden kurv. Mulighed for specialm\u00e5l og modeller for maksimal fleksibilitet.","breadcrumb":{"@id":"https:\/\/www.specialfabrikken.dk\/vare\/barel-med-indsatskurv\/#breadcrumb"},"inLanguage":"en-US","potentialAction":[{"@type":"ReadAction","target":["https:\/\/www.specialfabrikken.dk\/vare\/barel-med-indsatskurv\/"]}]},{"@type":"ImageObject","inLanguage":"en-US","@id":"https:\/\/www.specialfabrikken.dk\/vare\/barel-med-indsatskurv\/#primaryimage","url":"https:\/\/www.specialfabrikken.dk\/wp-content\/uploads\/2020\/04\/Vinderup-barel-til-indsatskurv-scaled.jpg","contentUrl":"https:\/\/www.specialfabrikken.dk\/wp-content\/uploads\/2020\/04\/Vinderup-barel-til-indsatskurv-scaled.jpg","width":2560,"height":2144,"caption":"SONY DSC"},{"@type":"BreadcrumbList","@id":"https:\/\/www.specialfabrikken.dk\/vare\/barel-med-indsatskurv\/#breadcrumb","itemListElement":[{"@type":"ListItem","position":1,"name":"Forside","item":"https:\/\/www.specialfabrikken.dk\/"},{"@type":"ListItem","position":2,"name":"Shop","item":"https:\/\/www.specialfabrikken.dk\/shop\/"},{"@type":"ListItem","position":3,"name":"Barel for indsatskurv"}]},{"@type":"WebSite","@id":"https:\/\/www.specialfabrikken.dk\/#website","url":"https:\/\/www.specialfabrikken.dk\/","name":"Specialfabrikken","description":"Specialfabrikken","potentialAction":[{"@type":"SearchAction","target":{"@type":"EntryPoint","urlTemplate":"https:\/\/www.specialfabrikken.dk\/?s={search_term_string}"},"query-input":{"@type":"PropertyValueSpecification","valueRequired":true,"valueName":"search_term_string"}}],"inLanguage":"en-US"}]}},"_links":{"self":[{"href":"https:\/\/www.specialfabrikken.dk\/en\/wp-json\/wp\/v2\/product\/51854","targetHints":{"allow":["GET"]}}],"collection":[{"href":"https:\/\/www.specialfabrikken.dk\/en\/wp-json\/wp\/v2\/product"}],"about":[{"href":"https:\/\/www.specialfabrikken.dk\/en\/wp-json\/wp\/v2\/types\/product"}],"replies":[{"embeddable":true,"href":"https:\/\/www.specialfabrikken.dk\/en\/wp-json\/wp\/v2\/comments?post=51854"}],"wp:featuredmedia":[{"embeddable":true,"href":"https:\/\/www.specialfabrikken.dk\/en\/wp-json\/wp\/v2\/media\/2532"}],"wp:attachment":[{"href":"https:\/\/www.specialfabrikken.dk\/en\/wp-json\/wp\/v2\/media?parent=51854"}],"wp:term":[{"taxonomy":"product_brand","embeddable":true,"href":"https:\/\/www.specialfabrikken.dk\/en\/wp-json\/wp\/v2\/product_brand?post=51854"},{"taxonomy":"product_cat","embeddable":true,"href":"https:\/\/www.specialfabrikken.dk\/en\/wp-json\/wp\/v2\/product_cat?post=51854"},{"taxonomy":"product_tag","embeddable":true,"href":"https:\/\/www.specialfabrikken.dk\/en\/wp-json\/wp\/v2\/product_tag?post=51854"}],"curies":[{"name":"wp","href":"https:\/\/api.w.org\/{rel}","templated":true}]}}