{"id":51858,"date":"2022-05-02T07:40:43","date_gmt":"2022-05-02T07:40:43","guid":{"rendered":"https:\/\/www.specialfabrikken.dk\/?post_type=product&#038;p=51858"},"modified":"2025-11-07T10:26:02","modified_gmt":"2025-11-07T10:26:02","slug":"galvaniseret-barel-halvrammer-med-tappe-specialfabrikken-vinderup","status":"publish","type":"product","link":"https:\/\/www.specialfabrikken.dk\/en\/vare\/galvaniseret-barel-halvrammer-med-tappe-specialfabrikken-vinderup\/","title":{"rendered":"Barel \/ halvrammer med tappe"},"content":{"rendered":"","protected":false},"excerpt":{"rendered":"<p>Short description:<\/p>\n<ul>\n<li>Fremstillet i galvaniseret st\u00e5l<\/li>\n<li>S\u00e6t \u00e1 to halvdele &#8211; kan dermed bruges til forskellige typer stilladsrammer<\/li>\n<li>Forsynet med gaffellommer<\/li>\n<\/ul>","protected":false},"featured_media":2540,"comment_status":"open","ping_status":"closed","template":"","meta":{"_acf_changed":false,"_et_pb_use_builder":"","_et_pb_old_content":"","_et_gb_content_width":""},"product_brand":[],"product_cat":[67,55,31],"product_tag":[63,174,65,178],"class_list":{"0":"post-51858","1":"product","2":"type-product","3":"status-publish","4":"has-post-thumbnail","6":"product_cat-bareller","7":"product_cat-staal-facadestillads","8":"product_cat-stillads","9":"product_tag-barel","10":"product_tag-bareller","11":"product_tag-model-h","12":"product_tag-staal-facadestillads","13":"product_shipping_class-stor","15":"first","16":"onbackorder","17":"taxable","18":"shipping-taxable","19":"purchasable","20":"product-type-simple"},"acf":[],"yoast_head":"<!-- This site is optimized with the Yoast SEO plugin v27.4 - https:\/\/yoast.com\/product\/yoast-seo-wordpress\/ -->\n<title>Barel \/ halvrammer med tappe - Specialfabrikken<\/title>\n<meta name=\"description\" content=\"Vores galvaniserede barel halvrammer med tappe er en alsidig l\u00f8sning til stilladsrammer. De leveres som et s\u00e6t \u00e1 to halvdele, der kan tilpasses forskellige typer stilladsrammer og er udstyret med praktiske gaffellommer.\" \/>\n<meta name=\"robots\" content=\"index, follow, max-snippet:-1, max-image-preview:large, max-video-preview:-1\" \/>\n<link rel=\"canonical\" href=\"https:\/\/www.specialfabrikken.dk\/en\/product-2\/galvaniseret-barel-halvrammer-med-tappe-specialfabrikken-vinderup\/\" \/>\n<meta property=\"og:locale\" content=\"en_US\" \/>\n<meta property=\"og:type\" content=\"article\" \/>\n<meta property=\"og:title\" content=\"Barel \/ halvrammer med tappe - Specialfabrikken\" \/>\n<meta property=\"og:description\" content=\"Vores galvaniserede barel halvrammer med tappe er en alsidig l\u00f8sning til stilladsrammer. De leveres som et s\u00e6t \u00e1 to halvdele, der kan tilpasses forskellige typer stilladsrammer og er udstyret med praktiske gaffellommer.\" \/>\n<meta property=\"og:url\" content=\"https:\/\/www.specialfabrikken.dk\/en\/product-2\/galvaniseret-barel-halvrammer-med-tappe-specialfabrikken-vinderup\/\" \/>\n<meta property=\"og:site_name\" content=\"Specialfabrikken\" \/>\n<meta property=\"article:modified_time\" content=\"2025-11-07T10:26:02+00:00\" \/>\n<meta property=\"og:image\" content=\"https:\/\/www.specialfabrikken.dk\/wp-content\/uploads\/2020\/04\/barel-halvrammer-med-tappe.jpg\" \/>\n\t<meta property=\"og:image:width\" content=\"1849\" \/>\n\t<meta property=\"og:image:height\" content=\"2222\" \/>\n\t<meta property=\"og:image:type\" content=\"image\/jpeg\" \/>\n<meta name=\"twitter:card\" content=\"summary_large_image\" \/>\n<meta name=\"twitter:label1\" content=\"Est. reading time\" \/>\n\t<meta name=\"twitter:data1\" content=\"3 minutes\" \/>\n<script type=\"application\/ld+json\" class=\"yoast-schema-graph\">{\"@context\":\"https:\\\/\\\/schema.org\",\"@graph\":[{\"@type\":\"WebPage\",\"@id\":\"https:\\\/\\\/www.specialfabrikken.dk\\\/vare\\\/galvaniseret-barel-halvrammer-med-tappe-specialfabrikken-vinderup\\\/\",\"url\":\"https:\\\/\\\/www.specialfabrikken.dk\\\/vare\\\/galvaniseret-barel-halvrammer-med-tappe-specialfabrikken-vinderup\\\/\",\"name\":\"Barel \\\/ halvrammer med tappe - Specialfabrikken\",\"isPartOf\":{\"@id\":\"https:\\\/\\\/www.specialfabrikken.dk\\\/#website\"},\"primaryImageOfPage\":{\"@id\":\"https:\\\/\\\/www.specialfabrikken.dk\\\/vare\\\/galvaniseret-barel-halvrammer-med-tappe-specialfabrikken-vinderup\\\/#primaryimage\"},\"image\":{\"@id\":\"https:\\\/\\\/www.specialfabrikken.dk\\\/vare\\\/galvaniseret-barel-halvrammer-med-tappe-specialfabrikken-vinderup\\\/#primaryimage\"},\"thumbnailUrl\":\"https:\\\/\\\/www.specialfabrikken.dk\\\/wp-content\\\/uploads\\\/2020\\\/04\\\/barel-halvrammer-med-tappe.jpg\",\"datePublished\":\"2022-05-02T07:40:43+00:00\",\"dateModified\":\"2025-11-07T10:26:02+00:00\",\"description\":\"Vores galvaniserede barel halvrammer med tappe er en alsidig l\u00f8sning til stilladsrammer. De leveres som et s\u00e6t \u00e1 to halvdele, der kan tilpasses forskellige typer stilladsrammer og er udstyret med praktiske gaffellommer.\",\"breadcrumb\":{\"@id\":\"https:\\\/\\\/www.specialfabrikken.dk\\\/vare\\\/galvaniseret-barel-halvrammer-med-tappe-specialfabrikken-vinderup\\\/#breadcrumb\"},\"inLanguage\":\"en-US\",\"potentialAction\":[{\"@type\":\"ReadAction\",\"target\":[\"https:\\\/\\\/www.specialfabrikken.dk\\\/vare\\\/galvaniseret-barel-halvrammer-med-tappe-specialfabrikken-vinderup\\\/\"]}]},{\"@type\":\"ImageObject\",\"inLanguage\":\"en-US\",\"@id\":\"https:\\\/\\\/www.specialfabrikken.dk\\\/vare\\\/galvaniseret-barel-halvrammer-med-tappe-specialfabrikken-vinderup\\\/#primaryimage\",\"url\":\"https:\\\/\\\/www.specialfabrikken.dk\\\/wp-content\\\/uploads\\\/2020\\\/04\\\/barel-halvrammer-med-tappe.jpg\",\"contentUrl\":\"https:\\\/\\\/www.specialfabrikken.dk\\\/wp-content\\\/uploads\\\/2020\\\/04\\\/barel-halvrammer-med-tappe.jpg\",\"width\":1849,\"height\":2222,\"caption\":\"SONY DSC\"},{\"@type\":\"BreadcrumbList\",\"@id\":\"https:\\\/\\\/www.specialfabrikken.dk\\\/vare\\\/galvaniseret-barel-halvrammer-med-tappe-specialfabrikken-vinderup\\\/#breadcrumb\",\"itemListElement\":[{\"@type\":\"ListItem\",\"position\":1,\"name\":\"Forside\",\"item\":\"https:\\\/\\\/www.specialfabrikken.dk\\\/\"},{\"@type\":\"ListItem\",\"position\":2,\"name\":\"Shop\",\"item\":\"https:\\\/\\\/www.specialfabrikken.dk\\\/shop\\\/\"},{\"@type\":\"ListItem\",\"position\":3,\"name\":\"Barel \\\/ halvrammer med tappe\"}]},{\"@type\":\"WebSite\",\"@id\":\"https:\\\/\\\/www.specialfabrikken.dk\\\/#website\",\"url\":\"https:\\\/\\\/www.specialfabrikken.dk\\\/\",\"name\":\"Specialfabrikken\",\"description\":\"Specialfabrikken\",\"potentialAction\":[{\"@type\":\"SearchAction\",\"target\":{\"@type\":\"EntryPoint\",\"urlTemplate\":\"https:\\\/\\\/www.specialfabrikken.dk\\\/?s={search_term_string}\"},\"query-input\":{\"@type\":\"PropertyValueSpecification\",\"valueRequired\":true,\"valueName\":\"search_term_string\"}}],\"inLanguage\":\"en-US\"}]}<\/script>\n<!-- \/ Yoast SEO plugin. -->","yoast_head_json":{"title":"Barel \/ halvrammer med tappe - Specialfabrikken","description":"Vores galvaniserede barel halvrammer med tappe er en alsidig l\u00f8sning til stilladsrammer. De leveres som et s\u00e6t \u00e1 to halvdele, der kan tilpasses forskellige typer stilladsrammer og er udstyret med praktiske gaffellommer.","robots":{"index":"index","follow":"follow","max-snippet":"max-snippet:-1","max-image-preview":"max-image-preview:large","max-video-preview":"max-video-preview:-1"},"canonical":"https:\/\/www.specialfabrikken.dk\/en\/product-2\/galvaniseret-barel-halvrammer-med-tappe-specialfabrikken-vinderup\/","og_locale":"en_US","og_type":"article","og_title":"Barel \/ halvrammer med tappe - Specialfabrikken","og_description":"Vores galvaniserede barel halvrammer med tappe er en alsidig l\u00f8sning til stilladsrammer. De leveres som et s\u00e6t \u00e1 to halvdele, der kan tilpasses forskellige typer stilladsrammer og er udstyret med praktiske gaffellommer.","og_url":"https:\/\/www.specialfabrikken.dk\/en\/product-2\/galvaniseret-barel-halvrammer-med-tappe-specialfabrikken-vinderup\/","og_site_name":"Specialfabrikken","article_modified_time":"2025-11-07T10:26:02+00:00","og_image":[{"width":1849,"height":2222,"url":"https:\/\/www.specialfabrikken.dk\/wp-content\/uploads\/2020\/04\/barel-halvrammer-med-tappe.jpg","type":"image\/jpeg"}],"twitter_card":"summary_large_image","twitter_misc":{"Est. reading time":"3 minutes"},"schema":{"@context":"https:\/\/schema.org","@graph":[{"@type":"WebPage","@id":"https:\/\/www.specialfabrikken.dk\/vare\/galvaniseret-barel-halvrammer-med-tappe-specialfabrikken-vinderup\/","url":"https:\/\/www.specialfabrikken.dk\/vare\/galvaniseret-barel-halvrammer-med-tappe-specialfabrikken-vinderup\/","name":"Barel \/ halvrammer med tappe - Specialfabrikken","isPartOf":{"@id":"https:\/\/www.specialfabrikken.dk\/#website"},"primaryImageOfPage":{"@id":"https:\/\/www.specialfabrikken.dk\/vare\/galvaniseret-barel-halvrammer-med-tappe-specialfabrikken-vinderup\/#primaryimage"},"image":{"@id":"https:\/\/www.specialfabrikken.dk\/vare\/galvaniseret-barel-halvrammer-med-tappe-specialfabrikken-vinderup\/#primaryimage"},"thumbnailUrl":"https:\/\/www.specialfabrikken.dk\/wp-content\/uploads\/2020\/04\/barel-halvrammer-med-tappe.jpg","datePublished":"2022-05-02T07:40:43+00:00","dateModified":"2025-11-07T10:26:02+00:00","description":"Vores galvaniserede barel halvrammer med tappe er en alsidig l\u00f8sning til stilladsrammer. De leveres som et s\u00e6t \u00e1 to halvdele, der kan tilpasses forskellige typer stilladsrammer og er udstyret med praktiske gaffellommer.","breadcrumb":{"@id":"https:\/\/www.specialfabrikken.dk\/vare\/galvaniseret-barel-halvrammer-med-tappe-specialfabrikken-vinderup\/#breadcrumb"},"inLanguage":"en-US","potentialAction":[{"@type":"ReadAction","target":["https:\/\/www.specialfabrikken.dk\/vare\/galvaniseret-barel-halvrammer-med-tappe-specialfabrikken-vinderup\/"]}]},{"@type":"ImageObject","inLanguage":"en-US","@id":"https:\/\/www.specialfabrikken.dk\/vare\/galvaniseret-barel-halvrammer-med-tappe-specialfabrikken-vinderup\/#primaryimage","url":"https:\/\/www.specialfabrikken.dk\/wp-content\/uploads\/2020\/04\/barel-halvrammer-med-tappe.jpg","contentUrl":"https:\/\/www.specialfabrikken.dk\/wp-content\/uploads\/2020\/04\/barel-halvrammer-med-tappe.jpg","width":1849,"height":2222,"caption":"SONY DSC"},{"@type":"BreadcrumbList","@id":"https:\/\/www.specialfabrikken.dk\/vare\/galvaniseret-barel-halvrammer-med-tappe-specialfabrikken-vinderup\/#breadcrumb","itemListElement":[{"@type":"ListItem","position":1,"name":"Forside","item":"https:\/\/www.specialfabrikken.dk\/"},{"@type":"ListItem","position":2,"name":"Shop","item":"https:\/\/www.specialfabrikken.dk\/shop\/"},{"@type":"ListItem","position":3,"name":"Barel \/ halvrammer med tappe"}]},{"@type":"WebSite","@id":"https:\/\/www.specialfabrikken.dk\/#website","url":"https:\/\/www.specialfabrikken.dk\/","name":"Specialfabrikken","description":"Specialfabrikken","potentialAction":[{"@type":"SearchAction","target":{"@type":"EntryPoint","urlTemplate":"https:\/\/www.specialfabrikken.dk\/?s={search_term_string}"},"query-input":{"@type":"PropertyValueSpecification","valueRequired":true,"valueName":"search_term_string"}}],"inLanguage":"en-US"}]}},"_links":{"self":[{"href":"https:\/\/www.specialfabrikken.dk\/en\/wp-json\/wp\/v2\/product\/51858","targetHints":{"allow":["GET"]}}],"collection":[{"href":"https:\/\/www.specialfabrikken.dk\/en\/wp-json\/wp\/v2\/product"}],"about":[{"href":"https:\/\/www.specialfabrikken.dk\/en\/wp-json\/wp\/v2\/types\/product"}],"replies":[{"embeddable":true,"href":"https:\/\/www.specialfabrikken.dk\/en\/wp-json\/wp\/v2\/comments?post=51858"}],"wp:featuredmedia":[{"embeddable":true,"href":"https:\/\/www.specialfabrikken.dk\/en\/wp-json\/wp\/v2\/media\/2540"}],"wp:attachment":[{"href":"https:\/\/www.specialfabrikken.dk\/en\/wp-json\/wp\/v2\/media?parent=51858"}],"wp:term":[{"taxonomy":"product_brand","embeddable":true,"href":"https:\/\/www.specialfabrikken.dk\/en\/wp-json\/wp\/v2\/product_brand?post=51858"},{"taxonomy":"product_cat","embeddable":true,"href":"https:\/\/www.specialfabrikken.dk\/en\/wp-json\/wp\/v2\/product_cat?post=51858"},{"taxonomy":"product_tag","embeddable":true,"href":"https:\/\/www.specialfabrikken.dk\/en\/wp-json\/wp\/v2\/product_tag?post=51858"}],"curies":[{"name":"wp","href":"https:\/\/api.w.org\/{rel}","templated":true}]}}