{"id":51872,"date":"2022-05-02T16:05:22","date_gmt":"2022-05-02T16:05:22","guid":{"rendered":"https:\/\/www.specialfabrikken.dk\/?post_type=product&#038;p=51872"},"modified":"2026-04-15T08:17:00","modified_gmt":"2026-04-15T06:17:00","slug":"fodsparkholder","status":"publish","type":"product","link":"https:\/\/www.specialfabrikken.dk\/en\/vare\/fodsparkholder\/","title":{"rendered":"Fodsparkholder Bukkestillads"},"content":{"rendered":"<h2><strong>Fodsparkholder til Bukkestillads &#8211; Stabil St\u00f8tte til Arbejde i H\u00f8jden<\/strong><\/h2>\n<p>Vores fodsparkholder til bukkestillads er det ideelle tilbeh\u00f8r, der giver dig ekstra stabilitet og sikkerhed, n\u00e5r du arbejder i h\u00f8jden. Den er specielt designet til at fungere sammen med bukkestilladser og er et uundv\u00e6rligt v\u00e6rkt\u00f8j for professionelle h\u00e5ndv\u00e6rkere.<\/p>\n<p><strong>Vigtige funktioner inkluderer:<\/strong><\/p>\n<ul>\n<li><strong>Galvaniseret St\u00e5lkonstruktion:<\/strong> Fodsparkholderen er fremstillet af galvaniseret st\u00e5l, hvilket giver den styrke og holdbarhed. Den kan modst\u00e5 belastninger og vejrforhold i kr\u00e6vende arbejdsmilj\u00f8er.<\/li>\n<li><strong>Forskellige Varianter Tilg\u00e6ngelige:<\/strong> Vi tilbyder forskellige varianter af fodsparkholdere til bukkestilladser, s\u00e5 du kan finde den, der passer bedst til dine specifikke behov.<\/li>\n<\/ul>\n<p>Fodsparkholderen er nem at installere og giver ekstra st\u00f8tte og stabilitet, n\u00e5r du arbejder p\u00e5 dit bukkestillads. Den er ideel til opgaver som renovering, malerarbejde, eller hvor som helst, hvor sikker adgang og st\u00f8tte er afg\u00f8rende.<\/p>\n<p>Med vores fodsparkholder til bukkestillads kan du udf\u00f8re dine opgaver i h\u00f8jden med tillid og sikkerhed.<\/p>","protected":false},"excerpt":{"rendered":"<p>Short description:<\/p>\n<ul>\n<li>Fremstillet i galvaniseret st\u00e5l.<\/li>\n<li>F\u00e5s forskellige varianter.<\/li>\n<\/ul>","protected":false},"featured_media":2284,"comment_status":"open","ping_status":"closed","template":"","meta":{"_acf_changed":false,"_et_pb_use_builder":"","_et_pb_old_content":"","_et_gb_content_width":""},"product_brand":[],"product_cat":[66,31],"product_tag":[112],"class_list":{"0":"post-51872","1":"product","2":"type-product","3":"status-publish","4":"has-post-thumbnail","6":"product_cat-bukkestillads","7":"product_cat-stillads","8":"product_tag-bukkestillads","9":"product_shipping_class-smaa","11":"first","12":"instock","13":"taxable","14":"shipping-taxable","15":"purchasable","16":"product-type-simple"},"acf":[],"yoast_head":"<!-- This site is optimized with the Yoast SEO plugin v27.4 - https:\/\/yoast.com\/product\/yoast-seo-wordpress\/ -->\n<title>Fodsparkholder til Bukkestillads - Stabil St\u00f8tte til Arbejde i H\u00f8jden<\/title>\n<meta name=\"description\" content=\"Vores fodsparkholder til bukkestillads, fremstillet af galvaniseret st\u00e5l, giver ekstra stabilitet og sikkerhed, n\u00e5r du arbejder i h\u00f8jden. Vi tilbyder forskellige varianter for at im\u00f8dekomme dine behov som professionel h\u00e5ndv\u00e6rker.\" \/>\n<meta name=\"robots\" content=\"index, follow, max-snippet:-1, max-image-preview:large, max-video-preview:-1\" \/>\n<link rel=\"canonical\" href=\"https:\/\/www.specialfabrikken.dk\/en\/product-2\/fodsparkholder\/\" \/>\n<meta property=\"og:locale\" content=\"en_US\" \/>\n<meta property=\"og:type\" content=\"article\" \/>\n<meta property=\"og:title\" content=\"Fodsparkholder til Bukkestillads - Stabil St\u00f8tte til Arbejde i H\u00f8jden\" \/>\n<meta property=\"og:description\" content=\"Vores fodsparkholder til bukkestillads, fremstillet af galvaniseret st\u00e5l, giver ekstra stabilitet og sikkerhed, n\u00e5r du arbejder i h\u00f8jden. Vi tilbyder forskellige varianter for at im\u00f8dekomme dine behov som professionel h\u00e5ndv\u00e6rker.\" \/>\n<meta property=\"og:url\" content=\"https:\/\/www.specialfabrikken.dk\/en\/product-2\/fodsparkholder\/\" \/>\n<meta property=\"og:site_name\" content=\"Specialfabrikken\" \/>\n<meta property=\"article:modified_time\" content=\"2026-04-15T06:17:00+00:00\" \/>\n<meta property=\"og:image\" content=\"https:\/\/www.specialfabrikken.dk\/wp-content\/uploads\/2020\/04\/fodsparkholder.jpg\" \/>\n\t<meta property=\"og:image:width\" content=\"2130\" \/>\n\t<meta property=\"og:image:height\" content=\"1338\" \/>\n\t<meta property=\"og:image:type\" content=\"image\/jpeg\" \/>\n<meta name=\"twitter:card\" content=\"summary_large_image\" \/>\n<meta name=\"twitter:label1\" content=\"Est. reading time\" \/>\n\t<meta name=\"twitter:data1\" content=\"1 minute\" \/>\n<script type=\"application\/ld+json\" class=\"yoast-schema-graph\">{\"@context\":\"https:\\\/\\\/schema.org\",\"@graph\":[{\"@type\":\"WebPage\",\"@id\":\"https:\\\/\\\/www.specialfabrikken.dk\\\/vare\\\/fodsparkholder\\\/\",\"url\":\"https:\\\/\\\/www.specialfabrikken.dk\\\/vare\\\/fodsparkholder\\\/\",\"name\":\"Fodsparkholder til Bukkestillads - Stabil St\u00f8tte til Arbejde i H\u00f8jden\",\"isPartOf\":{\"@id\":\"https:\\\/\\\/www.specialfabrikken.dk\\\/#website\"},\"primaryImageOfPage\":{\"@id\":\"https:\\\/\\\/www.specialfabrikken.dk\\\/vare\\\/fodsparkholder\\\/#primaryimage\"},\"image\":{\"@id\":\"https:\\\/\\\/www.specialfabrikken.dk\\\/vare\\\/fodsparkholder\\\/#primaryimage\"},\"thumbnailUrl\":\"https:\\\/\\\/www.specialfabrikken.dk\\\/wp-content\\\/uploads\\\/2020\\\/04\\\/fodsparkholder.jpg\",\"datePublished\":\"2022-05-02T16:05:22+00:00\",\"dateModified\":\"2026-04-15T06:17:00+00:00\",\"description\":\"Vores fodsparkholder til bukkestillads, fremstillet af galvaniseret st\u00e5l, giver ekstra stabilitet og sikkerhed, n\u00e5r du arbejder i h\u00f8jden. Vi tilbyder forskellige varianter for at im\u00f8dekomme dine behov som professionel h\u00e5ndv\u00e6rker.\",\"breadcrumb\":{\"@id\":\"https:\\\/\\\/www.specialfabrikken.dk\\\/vare\\\/fodsparkholder\\\/#breadcrumb\"},\"inLanguage\":\"en-US\",\"potentialAction\":[{\"@type\":\"ReadAction\",\"target\":[\"https:\\\/\\\/www.specialfabrikken.dk\\\/vare\\\/fodsparkholder\\\/\"]}]},{\"@type\":\"ImageObject\",\"inLanguage\":\"en-US\",\"@id\":\"https:\\\/\\\/www.specialfabrikken.dk\\\/vare\\\/fodsparkholder\\\/#primaryimage\",\"url\":\"https:\\\/\\\/www.specialfabrikken.dk\\\/wp-content\\\/uploads\\\/2020\\\/04\\\/fodsparkholder.jpg\",\"contentUrl\":\"https:\\\/\\\/www.specialfabrikken.dk\\\/wp-content\\\/uploads\\\/2020\\\/04\\\/fodsparkholder.jpg\",\"width\":2130,\"height\":1338,\"caption\":\"SONY DSC\"},{\"@type\":\"BreadcrumbList\",\"@id\":\"https:\\\/\\\/www.specialfabrikken.dk\\\/vare\\\/fodsparkholder\\\/#breadcrumb\",\"itemListElement\":[{\"@type\":\"ListItem\",\"position\":1,\"name\":\"Forside\",\"item\":\"https:\\\/\\\/www.specialfabrikken.dk\\\/\"},{\"@type\":\"ListItem\",\"position\":2,\"name\":\"Shop\",\"item\":\"https:\\\/\\\/www.specialfabrikken.dk\\\/shop\\\/\"},{\"@type\":\"ListItem\",\"position\":3,\"name\":\"Fodsparkholder Bukkestillads\"}]},{\"@type\":\"WebSite\",\"@id\":\"https:\\\/\\\/www.specialfabrikken.dk\\\/#website\",\"url\":\"https:\\\/\\\/www.specialfabrikken.dk\\\/\",\"name\":\"Specialfabrikken\",\"description\":\"Specialfabrikken\",\"potentialAction\":[{\"@type\":\"SearchAction\",\"target\":{\"@type\":\"EntryPoint\",\"urlTemplate\":\"https:\\\/\\\/www.specialfabrikken.dk\\\/?s={search_term_string}\"},\"query-input\":{\"@type\":\"PropertyValueSpecification\",\"valueRequired\":true,\"valueName\":\"search_term_string\"}}],\"inLanguage\":\"en-US\"}]}<\/script>\n<!-- \/ Yoast SEO plugin. -->","yoast_head_json":{"title":"Fodsparkholder til Bukkestillads - Stabil St\u00f8tte til Arbejde i H\u00f8jden","description":"Vores fodsparkholder til bukkestillads, fremstillet af galvaniseret st\u00e5l, giver ekstra stabilitet og sikkerhed, n\u00e5r du arbejder i h\u00f8jden. Vi tilbyder forskellige varianter for at im\u00f8dekomme dine behov som professionel h\u00e5ndv\u00e6rker.","robots":{"index":"index","follow":"follow","max-snippet":"max-snippet:-1","max-image-preview":"max-image-preview:large","max-video-preview":"max-video-preview:-1"},"canonical":"https:\/\/www.specialfabrikken.dk\/en\/product-2\/fodsparkholder\/","og_locale":"en_US","og_type":"article","og_title":"Fodsparkholder til Bukkestillads - Stabil St\u00f8tte til Arbejde i H\u00f8jden","og_description":"Vores fodsparkholder til bukkestillads, fremstillet af galvaniseret st\u00e5l, giver ekstra stabilitet og sikkerhed, n\u00e5r du arbejder i h\u00f8jden. Vi tilbyder forskellige varianter for at im\u00f8dekomme dine behov som professionel h\u00e5ndv\u00e6rker.","og_url":"https:\/\/www.specialfabrikken.dk\/en\/product-2\/fodsparkholder\/","og_site_name":"Specialfabrikken","article_modified_time":"2026-04-15T06:17:00+00:00","og_image":[{"width":2130,"height":1338,"url":"https:\/\/www.specialfabrikken.dk\/wp-content\/uploads\/2020\/04\/fodsparkholder.jpg","type":"image\/jpeg"}],"twitter_card":"summary_large_image","twitter_misc":{"Est. reading time":"1 minute"},"schema":{"@context":"https:\/\/schema.org","@graph":[{"@type":"WebPage","@id":"https:\/\/www.specialfabrikken.dk\/vare\/fodsparkholder\/","url":"https:\/\/www.specialfabrikken.dk\/vare\/fodsparkholder\/","name":"Fodsparkholder til Bukkestillads - Stabil St\u00f8tte til Arbejde i H\u00f8jden","isPartOf":{"@id":"https:\/\/www.specialfabrikken.dk\/#website"},"primaryImageOfPage":{"@id":"https:\/\/www.specialfabrikken.dk\/vare\/fodsparkholder\/#primaryimage"},"image":{"@id":"https:\/\/www.specialfabrikken.dk\/vare\/fodsparkholder\/#primaryimage"},"thumbnailUrl":"https:\/\/www.specialfabrikken.dk\/wp-content\/uploads\/2020\/04\/fodsparkholder.jpg","datePublished":"2022-05-02T16:05:22+00:00","dateModified":"2026-04-15T06:17:00+00:00","description":"Vores fodsparkholder til bukkestillads, fremstillet af galvaniseret st\u00e5l, giver ekstra stabilitet og sikkerhed, n\u00e5r du arbejder i h\u00f8jden. Vi tilbyder forskellige varianter for at im\u00f8dekomme dine behov som professionel h\u00e5ndv\u00e6rker.","breadcrumb":{"@id":"https:\/\/www.specialfabrikken.dk\/vare\/fodsparkholder\/#breadcrumb"},"inLanguage":"en-US","potentialAction":[{"@type":"ReadAction","target":["https:\/\/www.specialfabrikken.dk\/vare\/fodsparkholder\/"]}]},{"@type":"ImageObject","inLanguage":"en-US","@id":"https:\/\/www.specialfabrikken.dk\/vare\/fodsparkholder\/#primaryimage","url":"https:\/\/www.specialfabrikken.dk\/wp-content\/uploads\/2020\/04\/fodsparkholder.jpg","contentUrl":"https:\/\/www.specialfabrikken.dk\/wp-content\/uploads\/2020\/04\/fodsparkholder.jpg","width":2130,"height":1338,"caption":"SONY DSC"},{"@type":"BreadcrumbList","@id":"https:\/\/www.specialfabrikken.dk\/vare\/fodsparkholder\/#breadcrumb","itemListElement":[{"@type":"ListItem","position":1,"name":"Forside","item":"https:\/\/www.specialfabrikken.dk\/"},{"@type":"ListItem","position":2,"name":"Shop","item":"https:\/\/www.specialfabrikken.dk\/shop\/"},{"@type":"ListItem","position":3,"name":"Fodsparkholder Bukkestillads"}]},{"@type":"WebSite","@id":"https:\/\/www.specialfabrikken.dk\/#website","url":"https:\/\/www.specialfabrikken.dk\/","name":"Specialfabrikken","description":"Specialfabrikken","potentialAction":[{"@type":"SearchAction","target":{"@type":"EntryPoint","urlTemplate":"https:\/\/www.specialfabrikken.dk\/?s={search_term_string}"},"query-input":{"@type":"PropertyValueSpecification","valueRequired":true,"valueName":"search_term_string"}}],"inLanguage":"en-US"}]}},"_links":{"self":[{"href":"https:\/\/www.specialfabrikken.dk\/en\/wp-json\/wp\/v2\/product\/51872","targetHints":{"allow":["GET"]}}],"collection":[{"href":"https:\/\/www.specialfabrikken.dk\/en\/wp-json\/wp\/v2\/product"}],"about":[{"href":"https:\/\/www.specialfabrikken.dk\/en\/wp-json\/wp\/v2\/types\/product"}],"replies":[{"embeddable":true,"href":"https:\/\/www.specialfabrikken.dk\/en\/wp-json\/wp\/v2\/comments?post=51872"}],"wp:featuredmedia":[{"embeddable":true,"href":"https:\/\/www.specialfabrikken.dk\/en\/wp-json\/wp\/v2\/media\/2284"}],"wp:attachment":[{"href":"https:\/\/www.specialfabrikken.dk\/en\/wp-json\/wp\/v2\/media?parent=51872"}],"wp:term":[{"taxonomy":"product_brand","embeddable":true,"href":"https:\/\/www.specialfabrikken.dk\/en\/wp-json\/wp\/v2\/product_brand?post=51872"},{"taxonomy":"product_cat","embeddable":true,"href":"https:\/\/www.specialfabrikken.dk\/en\/wp-json\/wp\/v2\/product_cat?post=51872"},{"taxonomy":"product_tag","embeddable":true,"href":"https:\/\/www.specialfabrikken.dk\/en\/wp-json\/wp\/v2\/product_tag?post=51872"}],"curies":[{"name":"wp","href":"https:\/\/api.w.org\/{rel}","templated":true}]}}