{"id":51921,"date":"2022-05-03T11:50:38","date_gmt":"2022-05-03T11:50:38","guid":{"rendered":"https:\/\/www.specialfabrikken.dk\/?post_type=product&#038;p=51921"},"modified":"2025-11-07T10:25:01","modified_gmt":"2025-11-07T10:25:01","slug":"barel-model-combi","status":"publish","type":"product","link":"https:\/\/www.specialfabrikken.dk\/en\/vare\/barel-model-combi\/","title":{"rendered":"Barel model Combi"},"content":{"rendered":"<h1><strong>Barel model Combi &#8211; Fleksibel og alsidig opbevaringsl\u00f8sning til stilladsdele<\/strong><\/h1>\n<p>Vores Barel model Combi er den ultimative opbevaringsl\u00f8sning til stilladsdele og udstyr. Den er fremstillet af holdbart galvaniseret st\u00e5l og er designet med maksimal alsidighed i tankerne. Denne model er udstyret med praktiske l\u00f8fte\u00f8jer og beslag til tr\u00e6kstang, hvilket g\u00f8r den nem at h\u00e5ndtere og transportere.<\/p>\n<p><strong>Funktioner:<\/strong><\/p>\n<ul>\n<li>Fremstillet af holdbart galvaniseret st\u00e5l<\/li>\n<li>Udstyret med l\u00f8fte\u00f8jer og beslag til tr\u00e6kstang<\/li>\n<li>Mulighed for montering af \u00d8200 eller \u00d8250 mm hjul (se billede)<\/li>\n<li>Kan forh\u00f8jes med s\u00f8jler eller \u00d848 mm stilladsr\u00f8r (se billede)<\/li>\n<\/ul>\n<p>Vores Barel model Combi giver dig friheden til at tilpasse den efter dine specifikke behov. Du kan v\u00e6lge mellem hjul i to forskellige st\u00f8rrelser for nem transport, og du har mulighed for at forh\u00f8je den med s\u00f8jler eller stilladsr\u00f8r for ekstra kapacitet.<\/p>","protected":false},"excerpt":{"rendered":"<p>Short description:<\/p>\n<ul>\n<li>Fremstillet i galvaniseret st\u00e5l<\/li>\n<li>Forsynet med l\u00f8fte\u00f8jer samt beslag for tr\u00e6kstang<\/li>\n<li>Kan monteres med \u00d8200 eller \u00d8250 mm. hjul (se billede)<\/li>\n<li>Kan forh\u00f8jes med s\u00f8jler eller \u00d848 mm. stilladsr\u00f8r (se billede)<\/li>\n<\/ul>","protected":false},"featured_media":2543,"comment_status":"open","ping_status":"closed","template":"","meta":{"_acf_changed":false,"_et_pb_use_builder":"","_et_pb_old_content":"","_et_gb_content_width":""},"product_brand":[],"product_cat":[67,88,32,31],"product_tag":[63,174,65,48],"class_list":{"0":"post-51921","1":"product","2":"type-product","3":"status-publish","4":"has-post-thumbnail","6":"product_cat-bareller","7":"product_cat-bareller-murerstillads","8":"product_cat-murerstillads","9":"product_cat-stillads","10":"product_tag-barel","11":"product_tag-bareller","12":"product_tag-model-h","13":"product_tag-murerstillads","14":"product_shipping_class-stor","16":"first","17":"onbackorder","18":"taxable","19":"shipping-taxable","20":"purchasable","21":"product-type-simple"},"acf":[],"yoast_head":"<!-- This site is optimized with the Yoast SEO plugin v27.4 - https:\/\/yoast.com\/product\/yoast-seo-wordpress\/ -->\n<title>Barel model Combi - Alsidig opbevaringsl\u00f8sning til stilladsdele<\/title>\n<meta name=\"description\" content=\"Vores Barel model Combi er designet til at im\u00f8dekomme dine opbevaringsbehov for stilladsdele og udstyr. Fremstillet af holdbart galvaniseret st\u00e5l og udstyret med l\u00f8fte\u00f8jer og tr\u00e6kstangbeslag. Mulighed for hjul i forskellige st\u00f8rrelser og forh\u00f8jelse med s\u00f8jler eller stilladsr\u00f8r for ekstra kapacitet.\" \/>\n<meta name=\"robots\" content=\"index, follow, max-snippet:-1, max-image-preview:large, max-video-preview:-1\" \/>\n<link rel=\"canonical\" href=\"https:\/\/www.specialfabrikken.dk\/en\/product-2\/barel-model-combi\/\" \/>\n<meta property=\"og:locale\" content=\"en_US\" \/>\n<meta property=\"og:type\" content=\"article\" \/>\n<meta property=\"og:title\" content=\"Barel model Combi - Alsidig opbevaringsl\u00f8sning til stilladsdele\" \/>\n<meta property=\"og:description\" content=\"Vores Barel model Combi er designet til at im\u00f8dekomme dine opbevaringsbehov for stilladsdele og udstyr. Fremstillet af holdbart galvaniseret st\u00e5l og udstyret med l\u00f8fte\u00f8jer og tr\u00e6kstangbeslag. Mulighed for hjul i forskellige st\u00f8rrelser og forh\u00f8jelse med s\u00f8jler eller stilladsr\u00f8r for ekstra kapacitet.\" \/>\n<meta property=\"og:url\" content=\"https:\/\/www.specialfabrikken.dk\/en\/product-2\/barel-model-combi\/\" \/>\n<meta property=\"og:site_name\" content=\"Specialfabrikken\" \/>\n<meta property=\"article:modified_time\" content=\"2025-11-07T10:25:01+00:00\" \/>\n<meta property=\"og:image\" content=\"https:\/\/www.specialfabrikken.dk\/wp-content\/uploads\/2020\/04\/barel-combi.jpg\" \/>\n\t<meta property=\"og:image:width\" content=\"1767\" \/>\n\t<meta property=\"og:image:height\" content=\"1281\" \/>\n\t<meta property=\"og:image:type\" content=\"image\/jpeg\" \/>\n<meta name=\"twitter:card\" content=\"summary_large_image\" \/>\n<meta name=\"twitter:label1\" content=\"Est. reading time\" \/>\n\t<meta name=\"twitter:data1\" content=\"1 minute\" \/>\n<script type=\"application\/ld+json\" class=\"yoast-schema-graph\">{\"@context\":\"https:\\\/\\\/schema.org\",\"@graph\":[{\"@type\":\"WebPage\",\"@id\":\"https:\\\/\\\/www.specialfabrikken.dk\\\/vare\\\/barel-model-combi\\\/\",\"url\":\"https:\\\/\\\/www.specialfabrikken.dk\\\/vare\\\/barel-model-combi\\\/\",\"name\":\"Barel model Combi - Alsidig opbevaringsl\u00f8sning til stilladsdele\",\"isPartOf\":{\"@id\":\"https:\\\/\\\/www.specialfabrikken.dk\\\/#website\"},\"primaryImageOfPage\":{\"@id\":\"https:\\\/\\\/www.specialfabrikken.dk\\\/vare\\\/barel-model-combi\\\/#primaryimage\"},\"image\":{\"@id\":\"https:\\\/\\\/www.specialfabrikken.dk\\\/vare\\\/barel-model-combi\\\/#primaryimage\"},\"thumbnailUrl\":\"https:\\\/\\\/www.specialfabrikken.dk\\\/wp-content\\\/uploads\\\/2020\\\/04\\\/barel-combi.jpg\",\"datePublished\":\"2022-05-03T11:50:38+00:00\",\"dateModified\":\"2025-11-07T10:25:01+00:00\",\"description\":\"Vores Barel model Combi er designet til at im\u00f8dekomme dine opbevaringsbehov for stilladsdele og udstyr. Fremstillet af holdbart galvaniseret st\u00e5l og udstyret med l\u00f8fte\u00f8jer og tr\u00e6kstangbeslag. Mulighed for hjul i forskellige st\u00f8rrelser og forh\u00f8jelse med s\u00f8jler eller stilladsr\u00f8r for ekstra kapacitet.\",\"breadcrumb\":{\"@id\":\"https:\\\/\\\/www.specialfabrikken.dk\\\/vare\\\/barel-model-combi\\\/#breadcrumb\"},\"inLanguage\":\"en-US\",\"potentialAction\":[{\"@type\":\"ReadAction\",\"target\":[\"https:\\\/\\\/www.specialfabrikken.dk\\\/vare\\\/barel-model-combi\\\/\"]}]},{\"@type\":\"ImageObject\",\"inLanguage\":\"en-US\",\"@id\":\"https:\\\/\\\/www.specialfabrikken.dk\\\/vare\\\/barel-model-combi\\\/#primaryimage\",\"url\":\"https:\\\/\\\/www.specialfabrikken.dk\\\/wp-content\\\/uploads\\\/2020\\\/04\\\/barel-combi.jpg\",\"contentUrl\":\"https:\\\/\\\/www.specialfabrikken.dk\\\/wp-content\\\/uploads\\\/2020\\\/04\\\/barel-combi.jpg\",\"width\":1767,\"height\":1281,\"caption\":\"barel combi\"},{\"@type\":\"BreadcrumbList\",\"@id\":\"https:\\\/\\\/www.specialfabrikken.dk\\\/vare\\\/barel-model-combi\\\/#breadcrumb\",\"itemListElement\":[{\"@type\":\"ListItem\",\"position\":1,\"name\":\"Forside\",\"item\":\"https:\\\/\\\/www.specialfabrikken.dk\\\/\"},{\"@type\":\"ListItem\",\"position\":2,\"name\":\"Shop\",\"item\":\"https:\\\/\\\/www.specialfabrikken.dk\\\/shop\\\/\"},{\"@type\":\"ListItem\",\"position\":3,\"name\":\"Barel model Combi\"}]},{\"@type\":\"WebSite\",\"@id\":\"https:\\\/\\\/www.specialfabrikken.dk\\\/#website\",\"url\":\"https:\\\/\\\/www.specialfabrikken.dk\\\/\",\"name\":\"Specialfabrikken\",\"description\":\"Specialfabrikken\",\"potentialAction\":[{\"@type\":\"SearchAction\",\"target\":{\"@type\":\"EntryPoint\",\"urlTemplate\":\"https:\\\/\\\/www.specialfabrikken.dk\\\/?s={search_term_string}\"},\"query-input\":{\"@type\":\"PropertyValueSpecification\",\"valueRequired\":true,\"valueName\":\"search_term_string\"}}],\"inLanguage\":\"en-US\"}]}<\/script>\n<!-- \/ Yoast SEO plugin. -->","yoast_head_json":{"title":"Barel model Combi - Alsidig opbevaringsl\u00f8sning til stilladsdele","description":"Vores Barel model Combi er designet til at im\u00f8dekomme dine opbevaringsbehov for stilladsdele og udstyr. Fremstillet af holdbart galvaniseret st\u00e5l og udstyret med l\u00f8fte\u00f8jer og tr\u00e6kstangbeslag. Mulighed for hjul i forskellige st\u00f8rrelser og forh\u00f8jelse med s\u00f8jler eller stilladsr\u00f8r for ekstra kapacitet.","robots":{"index":"index","follow":"follow","max-snippet":"max-snippet:-1","max-image-preview":"max-image-preview:large","max-video-preview":"max-video-preview:-1"},"canonical":"https:\/\/www.specialfabrikken.dk\/en\/product-2\/barel-model-combi\/","og_locale":"en_US","og_type":"article","og_title":"Barel model Combi - Alsidig opbevaringsl\u00f8sning til stilladsdele","og_description":"Vores Barel model Combi er designet til at im\u00f8dekomme dine opbevaringsbehov for stilladsdele og udstyr. Fremstillet af holdbart galvaniseret st\u00e5l og udstyret med l\u00f8fte\u00f8jer og tr\u00e6kstangbeslag. Mulighed for hjul i forskellige st\u00f8rrelser og forh\u00f8jelse med s\u00f8jler eller stilladsr\u00f8r for ekstra kapacitet.","og_url":"https:\/\/www.specialfabrikken.dk\/en\/product-2\/barel-model-combi\/","og_site_name":"Specialfabrikken","article_modified_time":"2025-11-07T10:25:01+00:00","og_image":[{"width":1767,"height":1281,"url":"https:\/\/www.specialfabrikken.dk\/wp-content\/uploads\/2020\/04\/barel-combi.jpg","type":"image\/jpeg"}],"twitter_card":"summary_large_image","twitter_misc":{"Est. reading time":"1 minute"},"schema":{"@context":"https:\/\/schema.org","@graph":[{"@type":"WebPage","@id":"https:\/\/www.specialfabrikken.dk\/vare\/barel-model-combi\/","url":"https:\/\/www.specialfabrikken.dk\/vare\/barel-model-combi\/","name":"Barel model Combi - Alsidig opbevaringsl\u00f8sning til stilladsdele","isPartOf":{"@id":"https:\/\/www.specialfabrikken.dk\/#website"},"primaryImageOfPage":{"@id":"https:\/\/www.specialfabrikken.dk\/vare\/barel-model-combi\/#primaryimage"},"image":{"@id":"https:\/\/www.specialfabrikken.dk\/vare\/barel-model-combi\/#primaryimage"},"thumbnailUrl":"https:\/\/www.specialfabrikken.dk\/wp-content\/uploads\/2020\/04\/barel-combi.jpg","datePublished":"2022-05-03T11:50:38+00:00","dateModified":"2025-11-07T10:25:01+00:00","description":"Vores Barel model Combi er designet til at im\u00f8dekomme dine opbevaringsbehov for stilladsdele og udstyr. Fremstillet af holdbart galvaniseret st\u00e5l og udstyret med l\u00f8fte\u00f8jer og tr\u00e6kstangbeslag. Mulighed for hjul i forskellige st\u00f8rrelser og forh\u00f8jelse med s\u00f8jler eller stilladsr\u00f8r for ekstra kapacitet.","breadcrumb":{"@id":"https:\/\/www.specialfabrikken.dk\/vare\/barel-model-combi\/#breadcrumb"},"inLanguage":"en-US","potentialAction":[{"@type":"ReadAction","target":["https:\/\/www.specialfabrikken.dk\/vare\/barel-model-combi\/"]}]},{"@type":"ImageObject","inLanguage":"en-US","@id":"https:\/\/www.specialfabrikken.dk\/vare\/barel-model-combi\/#primaryimage","url":"https:\/\/www.specialfabrikken.dk\/wp-content\/uploads\/2020\/04\/barel-combi.jpg","contentUrl":"https:\/\/www.specialfabrikken.dk\/wp-content\/uploads\/2020\/04\/barel-combi.jpg","width":1767,"height":1281,"caption":"barel combi"},{"@type":"BreadcrumbList","@id":"https:\/\/www.specialfabrikken.dk\/vare\/barel-model-combi\/#breadcrumb","itemListElement":[{"@type":"ListItem","position":1,"name":"Forside","item":"https:\/\/www.specialfabrikken.dk\/"},{"@type":"ListItem","position":2,"name":"Shop","item":"https:\/\/www.specialfabrikken.dk\/shop\/"},{"@type":"ListItem","position":3,"name":"Barel model Combi"}]},{"@type":"WebSite","@id":"https:\/\/www.specialfabrikken.dk\/#website","url":"https:\/\/www.specialfabrikken.dk\/","name":"Specialfabrikken","description":"Specialfabrikken","potentialAction":[{"@type":"SearchAction","target":{"@type":"EntryPoint","urlTemplate":"https:\/\/www.specialfabrikken.dk\/?s={search_term_string}"},"query-input":{"@type":"PropertyValueSpecification","valueRequired":true,"valueName":"search_term_string"}}],"inLanguage":"en-US"}]}},"_links":{"self":[{"href":"https:\/\/www.specialfabrikken.dk\/en\/wp-json\/wp\/v2\/product\/51921","targetHints":{"allow":["GET"]}}],"collection":[{"href":"https:\/\/www.specialfabrikken.dk\/en\/wp-json\/wp\/v2\/product"}],"about":[{"href":"https:\/\/www.specialfabrikken.dk\/en\/wp-json\/wp\/v2\/types\/product"}],"replies":[{"embeddable":true,"href":"https:\/\/www.specialfabrikken.dk\/en\/wp-json\/wp\/v2\/comments?post=51921"}],"wp:featuredmedia":[{"embeddable":true,"href":"https:\/\/www.specialfabrikken.dk\/en\/wp-json\/wp\/v2\/media\/2543"}],"wp:attachment":[{"href":"https:\/\/www.specialfabrikken.dk\/en\/wp-json\/wp\/v2\/media?parent=51921"}],"wp:term":[{"taxonomy":"product_brand","embeddable":true,"href":"https:\/\/www.specialfabrikken.dk\/en\/wp-json\/wp\/v2\/product_brand?post=51921"},{"taxonomy":"product_cat","embeddable":true,"href":"https:\/\/www.specialfabrikken.dk\/en\/wp-json\/wp\/v2\/product_cat?post=51921"},{"taxonomy":"product_tag","embeddable":true,"href":"https:\/\/www.specialfabrikken.dk\/en\/wp-json\/wp\/v2\/product_tag?post=51921"}],"curies":[{"name":"wp","href":"https:\/\/api.w.org\/{rel}","templated":true}]}}