{"id":51928,"date":"2022-05-03T12:00:20","date_gmt":"2022-05-03T12:00:20","guid":{"rendered":"https:\/\/www.specialfabrikken.dk\/?post_type=product&#038;p=51928"},"modified":"2025-11-07T10:25:00","modified_gmt":"2025-11-07T10:25:00","slug":"barel-med-store-foedder","status":"publish","type":"product","link":"https:\/\/www.specialfabrikken.dk\/en\/vare\/barel-med-store-foedder\/","title":{"rendered":"Hj\u00f8rnebeslag til barel"},"content":{"rendered":"","protected":false},"excerpt":{"rendered":"<p>Short description:<\/p>\n<ul>\n<li>Monteres p\u00e5 barellen, som herefter kan omdannes til en kasse.<\/li>\n<\/ul>","protected":false},"featured_media":50313,"comment_status":"open","ping_status":"closed","template":"","meta":{"_acf_changed":false,"_et_pb_use_builder":"","_et_pb_old_content":"","_et_gb_content_width":""},"product_brand":[],"product_cat":[67,88,32,31],"product_tag":[63,174,65,48],"class_list":{"0":"post-51928","1":"product","2":"type-product","3":"status-publish","4":"has-post-thumbnail","6":"product_cat-bareller","7":"product_cat-bareller-murerstillads","8":"product_cat-murerstillads","9":"product_cat-stillads","10":"product_tag-barel","11":"product_tag-bareller","12":"product_tag-model-h","13":"product_tag-murerstillads","14":"product_shipping_class-stor","16":"first","17":"onbackorder","18":"taxable","19":"shipping-taxable","20":"purchasable","21":"product-type-simple"},"acf":[],"yoast_head":"<!-- This site is optimized with the Yoast SEO plugin v27.4 - https:\/\/yoast.com\/product\/yoast-seo-wordpress\/ -->\n<title>Hj\u00f8rnebeslag til barel | Specialfabrikken Vinderup A\/S<\/title>\n<meta name=\"description\" content=\"Vores hj\u00f8rnebeslag er designet til at montere p\u00e5 en barel, hvilket giver dig mulighed for nemt at omdanne den til en kasse. Dette hj\u00f8rnebeslag er en praktisk l\u00f8sning, der giver ekstra fleksibilitet og anvendelsesmuligheder til din barel.\" \/>\n<meta name=\"robots\" content=\"index, follow, max-snippet:-1, max-image-preview:large, max-video-preview:-1\" \/>\n<link rel=\"canonical\" href=\"https:\/\/www.specialfabrikken.dk\/en\/product-2\/barel-med-store-foedder\/\" \/>\n<meta property=\"og:locale\" content=\"en_US\" \/>\n<meta property=\"og:type\" content=\"article\" \/>\n<meta property=\"og:title\" content=\"Hj\u00f8rnebeslag til barel | Specialfabrikken Vinderup A\/S\" \/>\n<meta property=\"og:description\" content=\"Vores hj\u00f8rnebeslag er designet til at montere p\u00e5 en barel, hvilket giver dig mulighed for nemt at omdanne den til en kasse. Dette hj\u00f8rnebeslag er en praktisk l\u00f8sning, der giver ekstra fleksibilitet og anvendelsesmuligheder til din barel.\" \/>\n<meta property=\"og:url\" content=\"https:\/\/www.specialfabrikken.dk\/en\/product-2\/barel-med-store-foedder\/\" \/>\n<meta property=\"og:site_name\" content=\"Specialfabrikken\" \/>\n<meta property=\"article:modified_time\" content=\"2025-11-07T10:25:00+00:00\" \/>\n<meta property=\"og:image\" content=\"https:\/\/www.specialfabrikken.dk\/wp-content\/uploads\/2020\/05\/Hj\u00f8rnebeslag.jpg\" \/>\n\t<meta property=\"og:image:width\" content=\"137\" \/>\n\t<meta property=\"og:image:height\" content=\"448\" \/>\n\t<meta property=\"og:image:type\" content=\"image\/jpeg\" \/>\n<meta name=\"twitter:card\" content=\"summary_large_image\" \/>\n<script type=\"application\/ld+json\" class=\"yoast-schema-graph\">{\"@context\":\"https:\\\/\\\/schema.org\",\"@graph\":[{\"@type\":\"WebPage\",\"@id\":\"https:\\\/\\\/www.specialfabrikken.dk\\\/vare\\\/barel-med-store-foedder\\\/\",\"url\":\"https:\\\/\\\/www.specialfabrikken.dk\\\/vare\\\/barel-med-store-foedder\\\/\",\"name\":\"Hj\u00f8rnebeslag til barel | Specialfabrikken Vinderup A\\\/S\",\"isPartOf\":{\"@id\":\"https:\\\/\\\/www.specialfabrikken.dk\\\/#website\"},\"primaryImageOfPage\":{\"@id\":\"https:\\\/\\\/www.specialfabrikken.dk\\\/vare\\\/barel-med-store-foedder\\\/#primaryimage\"},\"image\":{\"@id\":\"https:\\\/\\\/www.specialfabrikken.dk\\\/vare\\\/barel-med-store-foedder\\\/#primaryimage\"},\"thumbnailUrl\":\"https:\\\/\\\/www.specialfabrikken.dk\\\/wp-content\\\/uploads\\\/2020\\\/05\\\/Hj\u00f8rnebeslag.jpg\",\"datePublished\":\"2022-05-03T12:00:20+00:00\",\"dateModified\":\"2025-11-07T10:25:00+00:00\",\"description\":\"Vores hj\u00f8rnebeslag er designet til at montere p\u00e5 en barel, hvilket giver dig mulighed for nemt at omdanne den til en kasse. Dette hj\u00f8rnebeslag er en praktisk l\u00f8sning, der giver ekstra fleksibilitet og anvendelsesmuligheder til din barel.\",\"breadcrumb\":{\"@id\":\"https:\\\/\\\/www.specialfabrikken.dk\\\/vare\\\/barel-med-store-foedder\\\/#breadcrumb\"},\"inLanguage\":\"en-US\",\"potentialAction\":[{\"@type\":\"ReadAction\",\"target\":[\"https:\\\/\\\/www.specialfabrikken.dk\\\/vare\\\/barel-med-store-foedder\\\/\"]}]},{\"@type\":\"ImageObject\",\"inLanguage\":\"en-US\",\"@id\":\"https:\\\/\\\/www.specialfabrikken.dk\\\/vare\\\/barel-med-store-foedder\\\/#primaryimage\",\"url\":\"https:\\\/\\\/www.specialfabrikken.dk\\\/wp-content\\\/uploads\\\/2020\\\/05\\\/Hj\u00f8rnebeslag.jpg\",\"contentUrl\":\"https:\\\/\\\/www.specialfabrikken.dk\\\/wp-content\\\/uploads\\\/2020\\\/05\\\/Hj\u00f8rnebeslag.jpg\",\"width\":137,\"height\":448},{\"@type\":\"BreadcrumbList\",\"@id\":\"https:\\\/\\\/www.specialfabrikken.dk\\\/vare\\\/barel-med-store-foedder\\\/#breadcrumb\",\"itemListElement\":[{\"@type\":\"ListItem\",\"position\":1,\"name\":\"Forside\",\"item\":\"https:\\\/\\\/www.specialfabrikken.dk\\\/\"},{\"@type\":\"ListItem\",\"position\":2,\"name\":\"Shop\",\"item\":\"https:\\\/\\\/www.specialfabrikken.dk\\\/shop\\\/\"},{\"@type\":\"ListItem\",\"position\":3,\"name\":\"Hj\u00f8rnebeslag til barel\"}]},{\"@type\":\"WebSite\",\"@id\":\"https:\\\/\\\/www.specialfabrikken.dk\\\/#website\",\"url\":\"https:\\\/\\\/www.specialfabrikken.dk\\\/\",\"name\":\"Specialfabrikken\",\"description\":\"Specialfabrikken\",\"potentialAction\":[{\"@type\":\"SearchAction\",\"target\":{\"@type\":\"EntryPoint\",\"urlTemplate\":\"https:\\\/\\\/www.specialfabrikken.dk\\\/?s={search_term_string}\"},\"query-input\":{\"@type\":\"PropertyValueSpecification\",\"valueRequired\":true,\"valueName\":\"search_term_string\"}}],\"inLanguage\":\"en-US\"}]}<\/script>\n<!-- \/ Yoast SEO plugin. -->","yoast_head_json":{"title":"Hj\u00f8rnebeslag til barel | Specialfabrikken Vinderup A\/S","description":"Vores hj\u00f8rnebeslag er designet til at montere p\u00e5 en barel, hvilket giver dig mulighed for nemt at omdanne den til en kasse. Dette hj\u00f8rnebeslag er en praktisk l\u00f8sning, der giver ekstra fleksibilitet og anvendelsesmuligheder til din barel.","robots":{"index":"index","follow":"follow","max-snippet":"max-snippet:-1","max-image-preview":"max-image-preview:large","max-video-preview":"max-video-preview:-1"},"canonical":"https:\/\/www.specialfabrikken.dk\/en\/product-2\/barel-med-store-foedder\/","og_locale":"en_US","og_type":"article","og_title":"Hj\u00f8rnebeslag til barel | Specialfabrikken Vinderup A\/S","og_description":"Vores hj\u00f8rnebeslag er designet til at montere p\u00e5 en barel, hvilket giver dig mulighed for nemt at omdanne den til en kasse. Dette hj\u00f8rnebeslag er en praktisk l\u00f8sning, der giver ekstra fleksibilitet og anvendelsesmuligheder til din barel.","og_url":"https:\/\/www.specialfabrikken.dk\/en\/product-2\/barel-med-store-foedder\/","og_site_name":"Specialfabrikken","article_modified_time":"2025-11-07T10:25:00+00:00","og_image":[{"width":137,"height":448,"url":"https:\/\/www.specialfabrikken.dk\/wp-content\/uploads\/2020\/05\/Hj\u00f8rnebeslag.jpg","type":"image\/jpeg"}],"twitter_card":"summary_large_image","schema":{"@context":"https:\/\/schema.org","@graph":[{"@type":"WebPage","@id":"https:\/\/www.specialfabrikken.dk\/vare\/barel-med-store-foedder\/","url":"https:\/\/www.specialfabrikken.dk\/vare\/barel-med-store-foedder\/","name":"Hj\u00f8rnebeslag til barel | Specialfabrikken Vinderup A\/S","isPartOf":{"@id":"https:\/\/www.specialfabrikken.dk\/#website"},"primaryImageOfPage":{"@id":"https:\/\/www.specialfabrikken.dk\/vare\/barel-med-store-foedder\/#primaryimage"},"image":{"@id":"https:\/\/www.specialfabrikken.dk\/vare\/barel-med-store-foedder\/#primaryimage"},"thumbnailUrl":"https:\/\/www.specialfabrikken.dk\/wp-content\/uploads\/2020\/05\/Hj\u00f8rnebeslag.jpg","datePublished":"2022-05-03T12:00:20+00:00","dateModified":"2025-11-07T10:25:00+00:00","description":"Vores hj\u00f8rnebeslag er designet til at montere p\u00e5 en barel, hvilket giver dig mulighed for nemt at omdanne den til en kasse. Dette hj\u00f8rnebeslag er en praktisk l\u00f8sning, der giver ekstra fleksibilitet og anvendelsesmuligheder til din barel.","breadcrumb":{"@id":"https:\/\/www.specialfabrikken.dk\/vare\/barel-med-store-foedder\/#breadcrumb"},"inLanguage":"en-US","potentialAction":[{"@type":"ReadAction","target":["https:\/\/www.specialfabrikken.dk\/vare\/barel-med-store-foedder\/"]}]},{"@type":"ImageObject","inLanguage":"en-US","@id":"https:\/\/www.specialfabrikken.dk\/vare\/barel-med-store-foedder\/#primaryimage","url":"https:\/\/www.specialfabrikken.dk\/wp-content\/uploads\/2020\/05\/Hj\u00f8rnebeslag.jpg","contentUrl":"https:\/\/www.specialfabrikken.dk\/wp-content\/uploads\/2020\/05\/Hj\u00f8rnebeslag.jpg","width":137,"height":448},{"@type":"BreadcrumbList","@id":"https:\/\/www.specialfabrikken.dk\/vare\/barel-med-store-foedder\/#breadcrumb","itemListElement":[{"@type":"ListItem","position":1,"name":"Forside","item":"https:\/\/www.specialfabrikken.dk\/"},{"@type":"ListItem","position":2,"name":"Shop","item":"https:\/\/www.specialfabrikken.dk\/shop\/"},{"@type":"ListItem","position":3,"name":"Hj\u00f8rnebeslag til barel"}]},{"@type":"WebSite","@id":"https:\/\/www.specialfabrikken.dk\/#website","url":"https:\/\/www.specialfabrikken.dk\/","name":"Specialfabrikken","description":"Specialfabrikken","potentialAction":[{"@type":"SearchAction","target":{"@type":"EntryPoint","urlTemplate":"https:\/\/www.specialfabrikken.dk\/?s={search_term_string}"},"query-input":{"@type":"PropertyValueSpecification","valueRequired":true,"valueName":"search_term_string"}}],"inLanguage":"en-US"}]}},"_links":{"self":[{"href":"https:\/\/www.specialfabrikken.dk\/en\/wp-json\/wp\/v2\/product\/51928","targetHints":{"allow":["GET"]}}],"collection":[{"href":"https:\/\/www.specialfabrikken.dk\/en\/wp-json\/wp\/v2\/product"}],"about":[{"href":"https:\/\/www.specialfabrikken.dk\/en\/wp-json\/wp\/v2\/types\/product"}],"replies":[{"embeddable":true,"href":"https:\/\/www.specialfabrikken.dk\/en\/wp-json\/wp\/v2\/comments?post=51928"}],"wp:featuredmedia":[{"embeddable":true,"href":"https:\/\/www.specialfabrikken.dk\/en\/wp-json\/wp\/v2\/media\/50313"}],"wp:attachment":[{"href":"https:\/\/www.specialfabrikken.dk\/en\/wp-json\/wp\/v2\/media?parent=51928"}],"wp:term":[{"taxonomy":"product_brand","embeddable":true,"href":"https:\/\/www.specialfabrikken.dk\/en\/wp-json\/wp\/v2\/product_brand?post=51928"},{"taxonomy":"product_cat","embeddable":true,"href":"https:\/\/www.specialfabrikken.dk\/en\/wp-json\/wp\/v2\/product_cat?post=51928"},{"taxonomy":"product_tag","embeddable":true,"href":"https:\/\/www.specialfabrikken.dk\/en\/wp-json\/wp\/v2\/product_tag?post=51928"}],"curies":[{"name":"wp","href":"https:\/\/api.w.org\/{rel}","templated":true}]}}