{"id":51933,"date":"2022-05-03T12:05:04","date_gmt":"2022-05-03T12:05:04","guid":{"rendered":"https:\/\/www.specialfabrikken.dk\/?post_type=product&#038;p=51933"},"modified":"2025-11-07T10:25:00","modified_gmt":"2025-11-07T10:25:00","slug":"barel-til-sikkerhedshegn","status":"publish","type":"product","link":"https:\/\/www.specialfabrikken.dk\/en\/vare\/barel-til-sikkerhedshegn\/","title":{"rendered":"Barel til sikkerhedshegn"},"content":{"rendered":"<h1><strong>Barel til sikkerhedshegn &#8211; Sikker transport og opbevaring af stilladsrammer<\/strong><\/h1>\n<p>Vores Barel til sikkerhedshegn er en p\u00e5lidelig l\u00f8sning til transport og opbevaring af stilladsrammer, der bruges som sikkerhedshegn p\u00e5 byggepladser. Den er konstrueret af holdbart galvaniseret st\u00e5l og er designet med fokus p\u00e5 funktionalitet og holdbarhed. Med center-center m\u00e5l p\u00e5 L 1080 x B 750 x H 1160 mm passer den perfekt til at rumme og beskytte dine sikkerhedshegn.<\/p>\n<p><strong>Funktioner:<\/strong><\/p>\n<ul>\n<li>Fremstillet af holdbart galvaniseret st\u00e5l<\/li>\n<li>Anvendes til transport og opbevaring af stilladsrammer brugt som sikkerhedshegn<\/li>\n<li>Robust konstruktion sikrer p\u00e5lidelig ydeevne<\/li>\n<li>Center-center m\u00e5l: L 1080 x B 750 x H 1160 mm<\/li>\n<\/ul>\n<p>Vores Barel til sikkerhedshegn giver dig den n\u00f8dvendige opbevarings- og transportkapacitet til dine stilladsrammer, der bruges til sikkerhedsform\u00e5l. Den er bygget til at modst\u00e5 de barske forhold p\u00e5 byggepladsen og hj\u00e6lper med at holde dine sikkerhedshegn organiserede og beskyttede.<\/p>","protected":false},"excerpt":{"rendered":"<p>Short description:<\/p>\n<ul>\n<li>Fremstillet i galvaniseret st\u00e5l<\/li>\n<li>Anvendes til transport og opbevaring af stilladsrammer<\/li>\n<li>Center-center m\u00e5l: L 1080 x B 750 x H 1160 mm.<\/li>\n<\/ul>","protected":false},"featured_media":2534,"comment_status":"open","ping_status":"closed","template":"","meta":{"_acf_changed":false,"_et_pb_use_builder":"","_et_pb_old_content":"","_et_gb_content_width":""},"product_brand":[],"product_cat":[67,88,32,31],"product_tag":[63,174,65,48],"class_list":{"0":"post-51933","1":"product","2":"type-product","3":"status-publish","4":"has-post-thumbnail","6":"product_cat-bareller","7":"product_cat-bareller-murerstillads","8":"product_cat-murerstillads","9":"product_cat-stillads","10":"product_tag-barel","11":"product_tag-bareller","12":"product_tag-model-h","13":"product_tag-murerstillads","14":"product_shipping_class-stor","16":"first","17":"onbackorder","18":"taxable","19":"shipping-taxable","20":"purchasable","21":"product-type-simple"},"acf":[],"yoast_head":"<!-- This site is optimized with the Yoast SEO plugin v27.4 - https:\/\/yoast.com\/product\/yoast-seo-wordpress\/ -->\n<title>Barel til sikkerhedshegn - Sikker transport og opbevaring af stilladsrammer<\/title>\n<meta name=\"description\" content=\"Vores Barel til sikkerhedshegn er designet til p\u00e5lidelig transport og opbevaring af stilladsrammer, der bruges som sikkerhedshegn p\u00e5 byggepladser. Fremstillet af holdbart galvaniseret st\u00e5l og med center-center m\u00e5l p\u00e5 L 1080 x B 750 x H 1160 mm for optimal kapacitet. En robust l\u00f8sning til at holde dine sikkerhedshegn organiserede og beskyttede.\" \/>\n<meta name=\"robots\" content=\"index, follow, max-snippet:-1, max-image-preview:large, max-video-preview:-1\" \/>\n<link rel=\"canonical\" href=\"https:\/\/www.specialfabrikken.dk\/en\/product-2\/barel-til-sikkerhedshegn\/\" \/>\n<meta property=\"og:locale\" content=\"en_US\" \/>\n<meta property=\"og:type\" content=\"article\" \/>\n<meta property=\"og:title\" content=\"Barel til sikkerhedshegn - Sikker transport og opbevaring af stilladsrammer\" \/>\n<meta property=\"og:description\" content=\"Vores Barel til sikkerhedshegn er designet til p\u00e5lidelig transport og opbevaring af stilladsrammer, der bruges som sikkerhedshegn p\u00e5 byggepladser. Fremstillet af holdbart galvaniseret st\u00e5l og med center-center m\u00e5l p\u00e5 L 1080 x B 750 x H 1160 mm for optimal kapacitet. En robust l\u00f8sning til at holde dine sikkerhedshegn organiserede og beskyttede.\" \/>\n<meta property=\"og:url\" content=\"https:\/\/www.specialfabrikken.dk\/en\/product-2\/barel-til-sikkerhedshegn\/\" \/>\n<meta property=\"og:site_name\" content=\"Specialfabrikken\" \/>\n<meta property=\"article:modified_time\" content=\"2025-11-07T10:25:00+00:00\" \/>\n<meta property=\"og:image\" content=\"https:\/\/www.specialfabrikken.dk\/wp-content\/uploads\/2020\/04\/barel-til-sikkerhedshegn.jpg\" \/>\n\t<meta property=\"og:image:width\" content=\"768\" \/>\n\t<meta property=\"og:image:height\" content=\"1024\" \/>\n\t<meta property=\"og:image:type\" content=\"image\/jpeg\" \/>\n<meta name=\"twitter:card\" content=\"summary_large_image\" \/>\n<meta name=\"twitter:label1\" content=\"Est. reading time\" \/>\n\t<meta name=\"twitter:data1\" content=\"1 minute\" \/>\n<script type=\"application\/ld+json\" class=\"yoast-schema-graph\">{\"@context\":\"https:\\\/\\\/schema.org\",\"@graph\":[{\"@type\":\"WebPage\",\"@id\":\"https:\\\/\\\/www.specialfabrikken.dk\\\/vare\\\/barel-til-sikkerhedshegn\\\/\",\"url\":\"https:\\\/\\\/www.specialfabrikken.dk\\\/vare\\\/barel-til-sikkerhedshegn\\\/\",\"name\":\"Barel til sikkerhedshegn - Sikker transport og opbevaring af stilladsrammer\",\"isPartOf\":{\"@id\":\"https:\\\/\\\/www.specialfabrikken.dk\\\/#website\"},\"primaryImageOfPage\":{\"@id\":\"https:\\\/\\\/www.specialfabrikken.dk\\\/vare\\\/barel-til-sikkerhedshegn\\\/#primaryimage\"},\"image\":{\"@id\":\"https:\\\/\\\/www.specialfabrikken.dk\\\/vare\\\/barel-til-sikkerhedshegn\\\/#primaryimage\"},\"thumbnailUrl\":\"https:\\\/\\\/www.specialfabrikken.dk\\\/wp-content\\\/uploads\\\/2020\\\/04\\\/barel-til-sikkerhedshegn.jpg\",\"datePublished\":\"2022-05-03T12:05:04+00:00\",\"dateModified\":\"2025-11-07T10:25:00+00:00\",\"description\":\"Vores Barel til sikkerhedshegn er designet til p\u00e5lidelig transport og opbevaring af stilladsrammer, der bruges som sikkerhedshegn p\u00e5 byggepladser. Fremstillet af holdbart galvaniseret st\u00e5l og med center-center m\u00e5l p\u00e5 L 1080 x B 750 x H 1160 mm for optimal kapacitet. En robust l\u00f8sning til at holde dine sikkerhedshegn organiserede og beskyttede.\",\"breadcrumb\":{\"@id\":\"https:\\\/\\\/www.specialfabrikken.dk\\\/vare\\\/barel-til-sikkerhedshegn\\\/#breadcrumb\"},\"inLanguage\":\"en-US\",\"potentialAction\":[{\"@type\":\"ReadAction\",\"target\":[\"https:\\\/\\\/www.specialfabrikken.dk\\\/vare\\\/barel-til-sikkerhedshegn\\\/\"]}]},{\"@type\":\"ImageObject\",\"inLanguage\":\"en-US\",\"@id\":\"https:\\\/\\\/www.specialfabrikken.dk\\\/vare\\\/barel-til-sikkerhedshegn\\\/#primaryimage\",\"url\":\"https:\\\/\\\/www.specialfabrikken.dk\\\/wp-content\\\/uploads\\\/2020\\\/04\\\/barel-til-sikkerhedshegn.jpg\",\"contentUrl\":\"https:\\\/\\\/www.specialfabrikken.dk\\\/wp-content\\\/uploads\\\/2020\\\/04\\\/barel-til-sikkerhedshegn.jpg\",\"width\":768,\"height\":1024,\"caption\":\"barel til sikkerhedshegn\"},{\"@type\":\"BreadcrumbList\",\"@id\":\"https:\\\/\\\/www.specialfabrikken.dk\\\/vare\\\/barel-til-sikkerhedshegn\\\/#breadcrumb\",\"itemListElement\":[{\"@type\":\"ListItem\",\"position\":1,\"name\":\"Forside\",\"item\":\"https:\\\/\\\/www.specialfabrikken.dk\\\/\"},{\"@type\":\"ListItem\",\"position\":2,\"name\":\"Shop\",\"item\":\"https:\\\/\\\/www.specialfabrikken.dk\\\/shop\\\/\"},{\"@type\":\"ListItem\",\"position\":3,\"name\":\"Barel til sikkerhedshegn\"}]},{\"@type\":\"WebSite\",\"@id\":\"https:\\\/\\\/www.specialfabrikken.dk\\\/#website\",\"url\":\"https:\\\/\\\/www.specialfabrikken.dk\\\/\",\"name\":\"Specialfabrikken\",\"description\":\"Specialfabrikken\",\"potentialAction\":[{\"@type\":\"SearchAction\",\"target\":{\"@type\":\"EntryPoint\",\"urlTemplate\":\"https:\\\/\\\/www.specialfabrikken.dk\\\/?s={search_term_string}\"},\"query-input\":{\"@type\":\"PropertyValueSpecification\",\"valueRequired\":true,\"valueName\":\"search_term_string\"}}],\"inLanguage\":\"en-US\"}]}<\/script>\n<!-- \/ Yoast SEO plugin. -->","yoast_head_json":{"title":"Barel til sikkerhedshegn - Sikker transport og opbevaring af stilladsrammer","description":"Vores Barel til sikkerhedshegn er designet til p\u00e5lidelig transport og opbevaring af stilladsrammer, der bruges som sikkerhedshegn p\u00e5 byggepladser. Fremstillet af holdbart galvaniseret st\u00e5l og med center-center m\u00e5l p\u00e5 L 1080 x B 750 x H 1160 mm for optimal kapacitet. En robust l\u00f8sning til at holde dine sikkerhedshegn organiserede og beskyttede.","robots":{"index":"index","follow":"follow","max-snippet":"max-snippet:-1","max-image-preview":"max-image-preview:large","max-video-preview":"max-video-preview:-1"},"canonical":"https:\/\/www.specialfabrikken.dk\/en\/product-2\/barel-til-sikkerhedshegn\/","og_locale":"en_US","og_type":"article","og_title":"Barel til sikkerhedshegn - Sikker transport og opbevaring af stilladsrammer","og_description":"Vores Barel til sikkerhedshegn er designet til p\u00e5lidelig transport og opbevaring af stilladsrammer, der bruges som sikkerhedshegn p\u00e5 byggepladser. Fremstillet af holdbart galvaniseret st\u00e5l og med center-center m\u00e5l p\u00e5 L 1080 x B 750 x H 1160 mm for optimal kapacitet. En robust l\u00f8sning til at holde dine sikkerhedshegn organiserede og beskyttede.","og_url":"https:\/\/www.specialfabrikken.dk\/en\/product-2\/barel-til-sikkerhedshegn\/","og_site_name":"Specialfabrikken","article_modified_time":"2025-11-07T10:25:00+00:00","og_image":[{"width":768,"height":1024,"url":"https:\/\/www.specialfabrikken.dk\/wp-content\/uploads\/2020\/04\/barel-til-sikkerhedshegn.jpg","type":"image\/jpeg"}],"twitter_card":"summary_large_image","twitter_misc":{"Est. reading time":"1 minute"},"schema":{"@context":"https:\/\/schema.org","@graph":[{"@type":"WebPage","@id":"https:\/\/www.specialfabrikken.dk\/vare\/barel-til-sikkerhedshegn\/","url":"https:\/\/www.specialfabrikken.dk\/vare\/barel-til-sikkerhedshegn\/","name":"Barel til sikkerhedshegn - Sikker transport og opbevaring af stilladsrammer","isPartOf":{"@id":"https:\/\/www.specialfabrikken.dk\/#website"},"primaryImageOfPage":{"@id":"https:\/\/www.specialfabrikken.dk\/vare\/barel-til-sikkerhedshegn\/#primaryimage"},"image":{"@id":"https:\/\/www.specialfabrikken.dk\/vare\/barel-til-sikkerhedshegn\/#primaryimage"},"thumbnailUrl":"https:\/\/www.specialfabrikken.dk\/wp-content\/uploads\/2020\/04\/barel-til-sikkerhedshegn.jpg","datePublished":"2022-05-03T12:05:04+00:00","dateModified":"2025-11-07T10:25:00+00:00","description":"Vores Barel til sikkerhedshegn er designet til p\u00e5lidelig transport og opbevaring af stilladsrammer, der bruges som sikkerhedshegn p\u00e5 byggepladser. Fremstillet af holdbart galvaniseret st\u00e5l og med center-center m\u00e5l p\u00e5 L 1080 x B 750 x H 1160 mm for optimal kapacitet. En robust l\u00f8sning til at holde dine sikkerhedshegn organiserede og beskyttede.","breadcrumb":{"@id":"https:\/\/www.specialfabrikken.dk\/vare\/barel-til-sikkerhedshegn\/#breadcrumb"},"inLanguage":"en-US","potentialAction":[{"@type":"ReadAction","target":["https:\/\/www.specialfabrikken.dk\/vare\/barel-til-sikkerhedshegn\/"]}]},{"@type":"ImageObject","inLanguage":"en-US","@id":"https:\/\/www.specialfabrikken.dk\/vare\/barel-til-sikkerhedshegn\/#primaryimage","url":"https:\/\/www.specialfabrikken.dk\/wp-content\/uploads\/2020\/04\/barel-til-sikkerhedshegn.jpg","contentUrl":"https:\/\/www.specialfabrikken.dk\/wp-content\/uploads\/2020\/04\/barel-til-sikkerhedshegn.jpg","width":768,"height":1024,"caption":"barel til sikkerhedshegn"},{"@type":"BreadcrumbList","@id":"https:\/\/www.specialfabrikken.dk\/vare\/barel-til-sikkerhedshegn\/#breadcrumb","itemListElement":[{"@type":"ListItem","position":1,"name":"Forside","item":"https:\/\/www.specialfabrikken.dk\/"},{"@type":"ListItem","position":2,"name":"Shop","item":"https:\/\/www.specialfabrikken.dk\/shop\/"},{"@type":"ListItem","position":3,"name":"Barel til sikkerhedshegn"}]},{"@type":"WebSite","@id":"https:\/\/www.specialfabrikken.dk\/#website","url":"https:\/\/www.specialfabrikken.dk\/","name":"Specialfabrikken","description":"Specialfabrikken","potentialAction":[{"@type":"SearchAction","target":{"@type":"EntryPoint","urlTemplate":"https:\/\/www.specialfabrikken.dk\/?s={search_term_string}"},"query-input":{"@type":"PropertyValueSpecification","valueRequired":true,"valueName":"search_term_string"}}],"inLanguage":"en-US"}]}},"_links":{"self":[{"href":"https:\/\/www.specialfabrikken.dk\/en\/wp-json\/wp\/v2\/product\/51933","targetHints":{"allow":["GET"]}}],"collection":[{"href":"https:\/\/www.specialfabrikken.dk\/en\/wp-json\/wp\/v2\/product"}],"about":[{"href":"https:\/\/www.specialfabrikken.dk\/en\/wp-json\/wp\/v2\/types\/product"}],"replies":[{"embeddable":true,"href":"https:\/\/www.specialfabrikken.dk\/en\/wp-json\/wp\/v2\/comments?post=51933"}],"wp:featuredmedia":[{"embeddable":true,"href":"https:\/\/www.specialfabrikken.dk\/en\/wp-json\/wp\/v2\/media\/2534"}],"wp:attachment":[{"href":"https:\/\/www.specialfabrikken.dk\/en\/wp-json\/wp\/v2\/media?parent=51933"}],"wp:term":[{"taxonomy":"product_brand","embeddable":true,"href":"https:\/\/www.specialfabrikken.dk\/en\/wp-json\/wp\/v2\/product_brand?post=51933"},{"taxonomy":"product_cat","embeddable":true,"href":"https:\/\/www.specialfabrikken.dk\/en\/wp-json\/wp\/v2\/product_cat?post=51933"},{"taxonomy":"product_tag","embeddable":true,"href":"https:\/\/www.specialfabrikken.dk\/en\/wp-json\/wp\/v2\/product_tag?post=51933"}],"curies":[{"name":"wp","href":"https:\/\/api.w.org\/{rel}","templated":true}]}}