{"id":51936,"date":"2022-05-03T12:25:32","date_gmt":"2022-05-03T12:25:32","guid":{"rendered":"https:\/\/www.specialfabrikken.dk\/?post_type=product&#038;p=51936"},"modified":"2025-11-07T10:24:59","modified_gmt":"2025-11-07T10:24:59","slug":"raekvaerkssoejle-2","status":"publish","type":"product","link":"https:\/\/www.specialfabrikken.dk\/en\/vare\/raekvaerkssoejle-2\/","title":{"rendered":"R\u00e6kv\u00e6rkss\u00f8jle for indd\u00e6kning"},"content":{"rendered":"<h1><strong>R\u00e6kv\u00e6rkss\u00f8jle for Indd\u00e6kning &#8211; Stabil og Praktisk<\/strong><\/h1>\n<p>Vores R\u00e6kv\u00e6rkss\u00f8jle for Indd\u00e6kning er den ideelle l\u00f8sning til at skabe sikre og stabile indd\u00e6kninger p\u00e5 din byggeplads. Fremstillet af galvaniseret st\u00e5l og designet til nem montering p\u00e5 drageener, g\u00f8r denne r\u00e6kv\u00e6rkss\u00f8jle det enkelt at etablere et p\u00e5lideligt r\u00e6kv\u00e6rkssystem for indd\u00e6kning.<\/p>\n<p><strong>Funktioner:<\/strong><\/p>\n<ul>\n<li>Fremstillet i holdbart galvaniseret st\u00e5l<\/li>\n<li>Specielt designet til indd\u00e6kning<\/li>\n<li>Nem montering p\u00e5 drageener<\/li>\n<li>Sikrer p\u00e5lidelig st\u00f8tte til indd\u00e6kningen<\/li>\n<\/ul>\n<p>Med vores R\u00e6kv\u00e6rkss\u00f8jle for Indd\u00e6kning kan du skabe en sikker arbejdszone, beskytte dit arbejdsmilj\u00f8 og opfylde alle sikkerhedskrav p\u00e5 byggepladsen. Denne r\u00e6kv\u00e6rkss\u00f8jle er en p\u00e5lidelig partner, der bidrager til en problemfri arbejdsproces.<\/p>","protected":false},"excerpt":{"rendered":"<p>Short description:<\/p>\n<ul>\n<li>Fremstillet i galvaniseret st\u00e5l<\/li>\n<li>Beregnet for indd\u00e6kning<\/li>\n<li>Monteres p\u00e5 drageener ved etablering af r\u00e6kv\u00e6rk<\/li>\n<\/ul>\n<p>Vi har ogs\u00e5 <a href=\"https:\/\/www.specialfabrikken.dk\/en\/product-2\/stilladspresenning\/\">Stilladspresenning <\/a>til overd\u00e6kning.<\/p>","protected":false},"featured_media":2565,"comment_status":"open","ping_status":"closed","template":"","meta":{"_acf_changed":false,"_et_pb_use_builder":"","_et_pb_old_content":"","_et_gb_content_width":""},"product_brand":[],"product_cat":[68,32,31],"product_tag":[42,43,44,48,45,47],"class_list":{"0":"post-51936","1":"product","2":"type-product","3":"status-publish","4":"has-post-thumbnail","6":"product_cat-inddaekning","7":"product_cat-murerstillads","8":"product_cat-stillads","9":"product_tag-alu-drager","10":"product_tag-gitterdrager","11":"product_tag-inddaekning","12":"product_tag-murerstillads","13":"product_tag-overdaekning","14":"product_tag-soemskinne","15":"product_shipping_class-stor","17":"first","18":"onbackorder","19":"taxable","20":"shipping-taxable","21":"purchasable","22":"product-type-simple"},"acf":[],"yoast_head":"<!-- This site is optimized with the Yoast SEO plugin v27.4 - https:\/\/yoast.com\/product\/yoast-seo-wordpress\/ -->\n<title>R\u00e6kv\u00e6rkss\u00f8jle for Indd\u00e6kning - Stabil og Praktisk<\/title>\n<meta name=\"description\" content=\"Vores R\u00e6kv\u00e6rkss\u00f8jle for Indd\u00e6kning er designet til nem montering p\u00e5 drageener og skaber p\u00e5lidelige indd\u00e6kninger p\u00e5 din byggeplads. Fremstillet af holdbart galvaniseret st\u00e5l, garanterer denne r\u00e6kv\u00e6rkss\u00f8jle sikkerhed og stabilitet under arbejdet. Find ogs\u00e5 vores Stilladspresenning til overd\u00e6kning for ekstra beskyttelse.\" \/>\n<meta name=\"robots\" content=\"index, follow, max-snippet:-1, max-image-preview:large, max-video-preview:-1\" \/>\n<link rel=\"canonical\" href=\"https:\/\/www.specialfabrikken.dk\/en\/product-2\/raekvaerkssoejle-2\/\" \/>\n<meta property=\"og:locale\" content=\"en_US\" \/>\n<meta property=\"og:type\" content=\"article\" \/>\n<meta property=\"og:title\" content=\"R\u00e6kv\u00e6rkss\u00f8jle for Indd\u00e6kning - Stabil og Praktisk\" \/>\n<meta property=\"og:description\" content=\"Vores R\u00e6kv\u00e6rkss\u00f8jle for Indd\u00e6kning er designet til nem montering p\u00e5 drageener og skaber p\u00e5lidelige indd\u00e6kninger p\u00e5 din byggeplads. Fremstillet af holdbart galvaniseret st\u00e5l, garanterer denne r\u00e6kv\u00e6rkss\u00f8jle sikkerhed og stabilitet under arbejdet. Find ogs\u00e5 vores Stilladspresenning til overd\u00e6kning for ekstra beskyttelse.\" \/>\n<meta property=\"og:url\" content=\"https:\/\/www.specialfabrikken.dk\/en\/product-2\/raekvaerkssoejle-2\/\" \/>\n<meta property=\"og:site_name\" content=\"Specialfabrikken\" \/>\n<meta property=\"article:modified_time\" content=\"2025-11-07T10:24:59+00:00\" \/>\n<meta property=\"og:image\" content=\"https:\/\/www.specialfabrikken.dk\/wp-content\/uploads\/2020\/04\/r\u00e6kv\u00e6rkss\u00f8jle.jpg\" \/>\n\t<meta property=\"og:image:width\" content=\"87\" \/>\n\t<meta property=\"og:image:height\" content=\"448\" \/>\n\t<meta property=\"og:image:type\" content=\"image\/jpeg\" \/>\n<meta name=\"twitter:card\" content=\"summary_large_image\" \/>\n<meta name=\"twitter:label1\" content=\"Est. reading time\" \/>\n\t<meta name=\"twitter:data1\" content=\"1 minute\" \/>\n<script type=\"application\/ld+json\" class=\"yoast-schema-graph\">{\"@context\":\"https:\\\/\\\/schema.org\",\"@graph\":[{\"@type\":\"WebPage\",\"@id\":\"https:\\\/\\\/www.specialfabrikken.dk\\\/vare\\\/raekvaerkssoejle-2\\\/\",\"url\":\"https:\\\/\\\/www.specialfabrikken.dk\\\/vare\\\/raekvaerkssoejle-2\\\/\",\"name\":\"R\u00e6kv\u00e6rkss\u00f8jle for Indd\u00e6kning - Stabil og Praktisk\",\"isPartOf\":{\"@id\":\"https:\\\/\\\/www.specialfabrikken.dk\\\/#website\"},\"primaryImageOfPage\":{\"@id\":\"https:\\\/\\\/www.specialfabrikken.dk\\\/vare\\\/raekvaerkssoejle-2\\\/#primaryimage\"},\"image\":{\"@id\":\"https:\\\/\\\/www.specialfabrikken.dk\\\/vare\\\/raekvaerkssoejle-2\\\/#primaryimage\"},\"thumbnailUrl\":\"https:\\\/\\\/www.specialfabrikken.dk\\\/wp-content\\\/uploads\\\/2020\\\/04\\\/r\u00e6kv\u00e6rkss\u00f8jle.jpg\",\"datePublished\":\"2022-05-03T12:25:32+00:00\",\"dateModified\":\"2025-11-07T10:24:59+00:00\",\"description\":\"Vores R\u00e6kv\u00e6rkss\u00f8jle for Indd\u00e6kning er designet til nem montering p\u00e5 drageener og skaber p\u00e5lidelige indd\u00e6kninger p\u00e5 din byggeplads. Fremstillet af holdbart galvaniseret st\u00e5l, garanterer denne r\u00e6kv\u00e6rkss\u00f8jle sikkerhed og stabilitet under arbejdet. Find ogs\u00e5 vores Stilladspresenning til overd\u00e6kning for ekstra beskyttelse.\",\"breadcrumb\":{\"@id\":\"https:\\\/\\\/www.specialfabrikken.dk\\\/vare\\\/raekvaerkssoejle-2\\\/#breadcrumb\"},\"inLanguage\":\"en-US\",\"potentialAction\":[{\"@type\":\"ReadAction\",\"target\":[\"https:\\\/\\\/www.specialfabrikken.dk\\\/vare\\\/raekvaerkssoejle-2\\\/\"]}]},{\"@type\":\"ImageObject\",\"inLanguage\":\"en-US\",\"@id\":\"https:\\\/\\\/www.specialfabrikken.dk\\\/vare\\\/raekvaerkssoejle-2\\\/#primaryimage\",\"url\":\"https:\\\/\\\/www.specialfabrikken.dk\\\/wp-content\\\/uploads\\\/2020\\\/04\\\/r\u00e6kv\u00e6rkss\u00f8jle.jpg\",\"contentUrl\":\"https:\\\/\\\/www.specialfabrikken.dk\\\/wp-content\\\/uploads\\\/2020\\\/04\\\/r\u00e6kv\u00e6rkss\u00f8jle.jpg\",\"width\":87,\"height\":448,\"caption\":\"SONY DSC\"},{\"@type\":\"BreadcrumbList\",\"@id\":\"https:\\\/\\\/www.specialfabrikken.dk\\\/vare\\\/raekvaerkssoejle-2\\\/#breadcrumb\",\"itemListElement\":[{\"@type\":\"ListItem\",\"position\":1,\"name\":\"Forside\",\"item\":\"https:\\\/\\\/www.specialfabrikken.dk\\\/\"},{\"@type\":\"ListItem\",\"position\":2,\"name\":\"Shop\",\"item\":\"https:\\\/\\\/www.specialfabrikken.dk\\\/shop\\\/\"},{\"@type\":\"ListItem\",\"position\":3,\"name\":\"R\u00e6kv\u00e6rkss\u00f8jle for indd\u00e6kning\"}]},{\"@type\":\"WebSite\",\"@id\":\"https:\\\/\\\/www.specialfabrikken.dk\\\/#website\",\"url\":\"https:\\\/\\\/www.specialfabrikken.dk\\\/\",\"name\":\"Specialfabrikken\",\"description\":\"Specialfabrikken\",\"potentialAction\":[{\"@type\":\"SearchAction\",\"target\":{\"@type\":\"EntryPoint\",\"urlTemplate\":\"https:\\\/\\\/www.specialfabrikken.dk\\\/?s={search_term_string}\"},\"query-input\":{\"@type\":\"PropertyValueSpecification\",\"valueRequired\":true,\"valueName\":\"search_term_string\"}}],\"inLanguage\":\"en-US\"}]}<\/script>\n<!-- \/ Yoast SEO plugin. -->","yoast_head_json":{"title":"R\u00e6kv\u00e6rkss\u00f8jle for Indd\u00e6kning - Stabil og Praktisk","description":"Vores R\u00e6kv\u00e6rkss\u00f8jle for Indd\u00e6kning er designet til nem montering p\u00e5 drageener og skaber p\u00e5lidelige indd\u00e6kninger p\u00e5 din byggeplads. Fremstillet af holdbart galvaniseret st\u00e5l, garanterer denne r\u00e6kv\u00e6rkss\u00f8jle sikkerhed og stabilitet under arbejdet. Find ogs\u00e5 vores Stilladspresenning til overd\u00e6kning for ekstra beskyttelse.","robots":{"index":"index","follow":"follow","max-snippet":"max-snippet:-1","max-image-preview":"max-image-preview:large","max-video-preview":"max-video-preview:-1"},"canonical":"https:\/\/www.specialfabrikken.dk\/en\/product-2\/raekvaerkssoejle-2\/","og_locale":"en_US","og_type":"article","og_title":"R\u00e6kv\u00e6rkss\u00f8jle for Indd\u00e6kning - Stabil og Praktisk","og_description":"Vores R\u00e6kv\u00e6rkss\u00f8jle for Indd\u00e6kning er designet til nem montering p\u00e5 drageener og skaber p\u00e5lidelige indd\u00e6kninger p\u00e5 din byggeplads. Fremstillet af holdbart galvaniseret st\u00e5l, garanterer denne r\u00e6kv\u00e6rkss\u00f8jle sikkerhed og stabilitet under arbejdet. Find ogs\u00e5 vores Stilladspresenning til overd\u00e6kning for ekstra beskyttelse.","og_url":"https:\/\/www.specialfabrikken.dk\/en\/product-2\/raekvaerkssoejle-2\/","og_site_name":"Specialfabrikken","article_modified_time":"2025-11-07T10:24:59+00:00","og_image":[{"width":87,"height":448,"url":"https:\/\/www.specialfabrikken.dk\/wp-content\/uploads\/2020\/04\/r\u00e6kv\u00e6rkss\u00f8jle.jpg","type":"image\/jpeg"}],"twitter_card":"summary_large_image","twitter_misc":{"Est. reading time":"1 minute"},"schema":{"@context":"https:\/\/schema.org","@graph":[{"@type":"WebPage","@id":"https:\/\/www.specialfabrikken.dk\/vare\/raekvaerkssoejle-2\/","url":"https:\/\/www.specialfabrikken.dk\/vare\/raekvaerkssoejle-2\/","name":"R\u00e6kv\u00e6rkss\u00f8jle for Indd\u00e6kning - Stabil og Praktisk","isPartOf":{"@id":"https:\/\/www.specialfabrikken.dk\/#website"},"primaryImageOfPage":{"@id":"https:\/\/www.specialfabrikken.dk\/vare\/raekvaerkssoejle-2\/#primaryimage"},"image":{"@id":"https:\/\/www.specialfabrikken.dk\/vare\/raekvaerkssoejle-2\/#primaryimage"},"thumbnailUrl":"https:\/\/www.specialfabrikken.dk\/wp-content\/uploads\/2020\/04\/r\u00e6kv\u00e6rkss\u00f8jle.jpg","datePublished":"2022-05-03T12:25:32+00:00","dateModified":"2025-11-07T10:24:59+00:00","description":"Vores R\u00e6kv\u00e6rkss\u00f8jle for Indd\u00e6kning er designet til nem montering p\u00e5 drageener og skaber p\u00e5lidelige indd\u00e6kninger p\u00e5 din byggeplads. Fremstillet af holdbart galvaniseret st\u00e5l, garanterer denne r\u00e6kv\u00e6rkss\u00f8jle sikkerhed og stabilitet under arbejdet. Find ogs\u00e5 vores Stilladspresenning til overd\u00e6kning for ekstra beskyttelse.","breadcrumb":{"@id":"https:\/\/www.specialfabrikken.dk\/vare\/raekvaerkssoejle-2\/#breadcrumb"},"inLanguage":"en-US","potentialAction":[{"@type":"ReadAction","target":["https:\/\/www.specialfabrikken.dk\/vare\/raekvaerkssoejle-2\/"]}]},{"@type":"ImageObject","inLanguage":"en-US","@id":"https:\/\/www.specialfabrikken.dk\/vare\/raekvaerkssoejle-2\/#primaryimage","url":"https:\/\/www.specialfabrikken.dk\/wp-content\/uploads\/2020\/04\/r\u00e6kv\u00e6rkss\u00f8jle.jpg","contentUrl":"https:\/\/www.specialfabrikken.dk\/wp-content\/uploads\/2020\/04\/r\u00e6kv\u00e6rkss\u00f8jle.jpg","width":87,"height":448,"caption":"SONY DSC"},{"@type":"BreadcrumbList","@id":"https:\/\/www.specialfabrikken.dk\/vare\/raekvaerkssoejle-2\/#breadcrumb","itemListElement":[{"@type":"ListItem","position":1,"name":"Forside","item":"https:\/\/www.specialfabrikken.dk\/"},{"@type":"ListItem","position":2,"name":"Shop","item":"https:\/\/www.specialfabrikken.dk\/shop\/"},{"@type":"ListItem","position":3,"name":"R\u00e6kv\u00e6rkss\u00f8jle for indd\u00e6kning"}]},{"@type":"WebSite","@id":"https:\/\/www.specialfabrikken.dk\/#website","url":"https:\/\/www.specialfabrikken.dk\/","name":"Specialfabrikken","description":"Specialfabrikken","potentialAction":[{"@type":"SearchAction","target":{"@type":"EntryPoint","urlTemplate":"https:\/\/www.specialfabrikken.dk\/?s={search_term_string}"},"query-input":{"@type":"PropertyValueSpecification","valueRequired":true,"valueName":"search_term_string"}}],"inLanguage":"en-US"}]}},"_links":{"self":[{"href":"https:\/\/www.specialfabrikken.dk\/en\/wp-json\/wp\/v2\/product\/51936","targetHints":{"allow":["GET"]}}],"collection":[{"href":"https:\/\/www.specialfabrikken.dk\/en\/wp-json\/wp\/v2\/product"}],"about":[{"href":"https:\/\/www.specialfabrikken.dk\/en\/wp-json\/wp\/v2\/types\/product"}],"replies":[{"embeddable":true,"href":"https:\/\/www.specialfabrikken.dk\/en\/wp-json\/wp\/v2\/comments?post=51936"}],"wp:featuredmedia":[{"embeddable":true,"href":"https:\/\/www.specialfabrikken.dk\/en\/wp-json\/wp\/v2\/media\/2565"}],"wp:attachment":[{"href":"https:\/\/www.specialfabrikken.dk\/en\/wp-json\/wp\/v2\/media?parent=51936"}],"wp:term":[{"taxonomy":"product_brand","embeddable":true,"href":"https:\/\/www.specialfabrikken.dk\/en\/wp-json\/wp\/v2\/product_brand?post=51936"},{"taxonomy":"product_cat","embeddable":true,"href":"https:\/\/www.specialfabrikken.dk\/en\/wp-json\/wp\/v2\/product_cat?post=51936"},{"taxonomy":"product_tag","embeddable":true,"href":"https:\/\/www.specialfabrikken.dk\/en\/wp-json\/wp\/v2\/product_tag?post=51936"}],"curies":[{"name":"wp","href":"https:\/\/api.w.org\/{rel}","templated":true}]}}