{"id":51952,"date":"2022-05-03T14:38:31","date_gmt":"2022-05-03T14:38:31","guid":{"rendered":"https:\/\/www.specialfabrikken.dk\/?post_type=product&#038;p=51952"},"modified":"2026-01-26T14:54:00","modified_gmt":"2026-01-26T14:54:00","slug":"sikkerhedsskilt-holder-f-skilt","status":"publish","type":"product","link":"https:\/\/www.specialfabrikken.dk\/en\/vare\/sikkerhedsskilt-holder-f-skilt\/","title":{"rendered":"Sikkerhedsskilt til stillads"},"content":{"rendered":"<h1><strong>Sikkerhedsskilt til Stillads &#8211; G\u00f8r Arbejdspladsen Sikker og Informeret<\/strong><\/h1>\n<p>P\u00e5 Specialfabrikken Vinderup forst\u00e5r vi, hvor vigtig sikkerheden er p\u00e5 din arbejdsplads. Vores Sikkerhedsskilt til Stillads er designet til at opfylde kravene for fastmonterede stilladser, der er over 2 meters h\u00f8je. Dette skilt giver en vigtig visuel p\u00e5mindelse om at tage de n\u00f8dvendige sikkerhedsforholdsregler, mens du arbejder p\u00e5 h\u00f8jder.<\/p>\n<p><strong>Funktioner:<\/strong><\/p>\n<ul>\n<li>Fastmonteret skilt til stilladser<\/li>\n<li>Opfylder kravene for stilladser over 2 meters h\u00f8jde<\/li>\n<li>Tydelige sikkerhedsinstruktioner og advarsler<\/li>\n<li>\u00d8ger bevidstheden om sikkerhed p\u00e5 arbejdspladsen<\/li>\n<\/ul>\n<p>Vores Sikkerhedsskilt til Stillads er en p\u00e5lidelig og effektiv m\u00e5de at sikre, at alle p\u00e5 arbejdspladsen er informerede om de n\u00f8dvendige sikkerhedsforanstaltninger. G\u00f8r din arbejdsplads sikrere og mere informeret med dette v\u00e6rdifulde tilbeh\u00f8r.<\/p>","protected":false},"excerpt":{"rendered":"<p><b>Et fast monteret stillads p\u00e5 over 2 meters h\u00f8jde, skal forsynes med stillads skilt<\/b>.<\/p>","protected":false},"featured_media":1083,"comment_status":"open","ping_status":"closed","template":"","meta":{"_acf_changed":false,"_et_pb_use_builder":"","_et_pb_old_content":"","_et_gb_content_width":""},"product_brand":[],"product_cat":[35,54,66,32,55,31,71],"product_tag":[172,173,112,48,178],"class_list":{"0":"post-51952","1":"product","2":"type-product","3":"status-publish","4":"has-post-thumbnail","6":"product_cat-alufacadestillads","7":"product_cat-alu-rullestillads","8":"product_cat-bukkestillads","9":"product_cat-murerstillads","10":"product_cat-staal-facadestillads","11":"product_cat-stillads","12":"product_cat-tagarbejde","13":"product_tag-alu-facadestillads","14":"product_tag-alu-rullestillads","15":"product_tag-bukkestillads","16":"product_tag-murerstillads","17":"product_tag-staal-facadestillads","18":"product_shipping_class-smaa","20":"first","21":"instock","22":"taxable","23":"shipping-taxable","24":"purchasable","25":"product-type-simple"},"acf":[],"yoast_head":"<!-- This site is optimized with the Yoast SEO plugin v27.4 - https:\/\/yoast.com\/product\/yoast-seo-wordpress\/ -->\n<title>Sikkerhedsskilt til Stillads - \u00d8g Sikkerheden p\u00e5 Arbejdspladsen<\/title>\n<meta name=\"description\" content=\"Vores Sikkerhedsskilt til Stillads er designet til fastmonterede stilladser over 2 meters h\u00f8jde. Dette skilt leveres med tydelige sikkerhedsinstruktioner og advarsler for at \u00f8ge bevidstheden om sikkerhed p\u00e5 arbejdspladsen. G\u00f8r din arbejdsplads sikrere og mere informeret med dette p\u00e5lidelige tilbeh\u00f8r.\" \/>\n<meta name=\"robots\" content=\"index, follow, max-snippet:-1, max-image-preview:large, max-video-preview:-1\" \/>\n<link rel=\"canonical\" href=\"https:\/\/www.specialfabrikken.dk\/en\/product-2\/sikkerhedsskilt-holder-f-skilt\/\" \/>\n<meta property=\"og:locale\" content=\"en_US\" \/>\n<meta property=\"og:type\" content=\"article\" \/>\n<meta property=\"og:title\" content=\"Sikkerhedsskilt til Stillads - \u00d8g Sikkerheden p\u00e5 Arbejdspladsen\" \/>\n<meta property=\"og:description\" content=\"Vores Sikkerhedsskilt til Stillads er designet til fastmonterede stilladser over 2 meters h\u00f8jde. Dette skilt leveres med tydelige sikkerhedsinstruktioner og advarsler for at \u00f8ge bevidstheden om sikkerhed p\u00e5 arbejdspladsen. G\u00f8r din arbejdsplads sikrere og mere informeret med dette p\u00e5lidelige tilbeh\u00f8r.\" \/>\n<meta property=\"og:url\" content=\"https:\/\/www.specialfabrikken.dk\/en\/product-2\/sikkerhedsskilt-holder-f-skilt\/\" \/>\n<meta property=\"og:site_name\" content=\"Specialfabrikken\" \/>\n<meta property=\"article:modified_time\" content=\"2026-01-26T14:54:00+00:00\" \/>\n<meta property=\"og:image\" content=\"https:\/\/www.specialfabrikken.dk\/wp-content\/uploads\/2020\/02\/skilt-gr\u00f8n.jpg\" \/>\n\t<meta property=\"og:image:width\" content=\"336\" \/>\n\t<meta property=\"og:image:height\" content=\"433\" \/>\n\t<meta property=\"og:image:type\" content=\"image\/jpeg\" \/>\n<meta name=\"twitter:card\" content=\"summary_large_image\" \/>\n<meta name=\"twitter:label1\" content=\"Est. reading time\" \/>\n\t<meta name=\"twitter:data1\" content=\"1 minute\" \/>\n<script type=\"application\/ld+json\" class=\"yoast-schema-graph\">{\"@context\":\"https:\\\/\\\/schema.org\",\"@graph\":[{\"@type\":\"WebPage\",\"@id\":\"https:\\\/\\\/www.specialfabrikken.dk\\\/vare\\\/sikkerhedsskilt-holder-f-skilt\\\/\",\"url\":\"https:\\\/\\\/www.specialfabrikken.dk\\\/vare\\\/sikkerhedsskilt-holder-f-skilt\\\/\",\"name\":\"Sikkerhedsskilt til Stillads - \u00d8g Sikkerheden p\u00e5 Arbejdspladsen\",\"isPartOf\":{\"@id\":\"https:\\\/\\\/www.specialfabrikken.dk\\\/#website\"},\"primaryImageOfPage\":{\"@id\":\"https:\\\/\\\/www.specialfabrikken.dk\\\/vare\\\/sikkerhedsskilt-holder-f-skilt\\\/#primaryimage\"},\"image\":{\"@id\":\"https:\\\/\\\/www.specialfabrikken.dk\\\/vare\\\/sikkerhedsskilt-holder-f-skilt\\\/#primaryimage\"},\"thumbnailUrl\":\"https:\\\/\\\/www.specialfabrikken.dk\\\/wp-content\\\/uploads\\\/2020\\\/02\\\/skilt-gr\u00f8n.jpg\",\"datePublished\":\"2022-05-03T14:38:31+00:00\",\"dateModified\":\"2026-01-26T14:54:00+00:00\",\"description\":\"Vores Sikkerhedsskilt til Stillads er designet til fastmonterede stilladser over 2 meters h\u00f8jde. Dette skilt leveres med tydelige sikkerhedsinstruktioner og advarsler for at \u00f8ge bevidstheden om sikkerhed p\u00e5 arbejdspladsen. G\u00f8r din arbejdsplads sikrere og mere informeret med dette p\u00e5lidelige tilbeh\u00f8r.\",\"breadcrumb\":{\"@id\":\"https:\\\/\\\/www.specialfabrikken.dk\\\/vare\\\/sikkerhedsskilt-holder-f-skilt\\\/#breadcrumb\"},\"inLanguage\":\"en-US\",\"potentialAction\":[{\"@type\":\"ReadAction\",\"target\":[\"https:\\\/\\\/www.specialfabrikken.dk\\\/vare\\\/sikkerhedsskilt-holder-f-skilt\\\/\"]}]},{\"@type\":\"ImageObject\",\"inLanguage\":\"en-US\",\"@id\":\"https:\\\/\\\/www.specialfabrikken.dk\\\/vare\\\/sikkerhedsskilt-holder-f-skilt\\\/#primaryimage\",\"url\":\"https:\\\/\\\/www.specialfabrikken.dk\\\/wp-content\\\/uploads\\\/2020\\\/02\\\/skilt-gr\u00f8n.jpg\",\"contentUrl\":\"https:\\\/\\\/www.specialfabrikken.dk\\\/wp-content\\\/uploads\\\/2020\\\/02\\\/skilt-gr\u00f8n.jpg\",\"width\":336,\"height\":433,\"caption\":\"????????\"},{\"@type\":\"BreadcrumbList\",\"@id\":\"https:\\\/\\\/www.specialfabrikken.dk\\\/vare\\\/sikkerhedsskilt-holder-f-skilt\\\/#breadcrumb\",\"itemListElement\":[{\"@type\":\"ListItem\",\"position\":1,\"name\":\"Forside\",\"item\":\"https:\\\/\\\/www.specialfabrikken.dk\\\/\"},{\"@type\":\"ListItem\",\"position\":2,\"name\":\"Shop\",\"item\":\"https:\\\/\\\/www.specialfabrikken.dk\\\/shop\\\/\"},{\"@type\":\"ListItem\",\"position\":3,\"name\":\"Sikkerhedsskilt til stillads\"}]},{\"@type\":\"WebSite\",\"@id\":\"https:\\\/\\\/www.specialfabrikken.dk\\\/#website\",\"url\":\"https:\\\/\\\/www.specialfabrikken.dk\\\/\",\"name\":\"Specialfabrikken\",\"description\":\"Specialfabrikken\",\"potentialAction\":[{\"@type\":\"SearchAction\",\"target\":{\"@type\":\"EntryPoint\",\"urlTemplate\":\"https:\\\/\\\/www.specialfabrikken.dk\\\/?s={search_term_string}\"},\"query-input\":{\"@type\":\"PropertyValueSpecification\",\"valueRequired\":true,\"valueName\":\"search_term_string\"}}],\"inLanguage\":\"en-US\"}]}<\/script>\n<!-- \/ Yoast SEO plugin. -->","yoast_head_json":{"title":"Sikkerhedsskilt til Stillads - \u00d8g Sikkerheden p\u00e5 Arbejdspladsen","description":"Vores Sikkerhedsskilt til Stillads er designet til fastmonterede stilladser over 2 meters h\u00f8jde. Dette skilt leveres med tydelige sikkerhedsinstruktioner og advarsler for at \u00f8ge bevidstheden om sikkerhed p\u00e5 arbejdspladsen. G\u00f8r din arbejdsplads sikrere og mere informeret med dette p\u00e5lidelige tilbeh\u00f8r.","robots":{"index":"index","follow":"follow","max-snippet":"max-snippet:-1","max-image-preview":"max-image-preview:large","max-video-preview":"max-video-preview:-1"},"canonical":"https:\/\/www.specialfabrikken.dk\/en\/product-2\/sikkerhedsskilt-holder-f-skilt\/","og_locale":"en_US","og_type":"article","og_title":"Sikkerhedsskilt til Stillads - \u00d8g Sikkerheden p\u00e5 Arbejdspladsen","og_description":"Vores Sikkerhedsskilt til Stillads er designet til fastmonterede stilladser over 2 meters h\u00f8jde. Dette skilt leveres med tydelige sikkerhedsinstruktioner og advarsler for at \u00f8ge bevidstheden om sikkerhed p\u00e5 arbejdspladsen. G\u00f8r din arbejdsplads sikrere og mere informeret med dette p\u00e5lidelige tilbeh\u00f8r.","og_url":"https:\/\/www.specialfabrikken.dk\/en\/product-2\/sikkerhedsskilt-holder-f-skilt\/","og_site_name":"Specialfabrikken","article_modified_time":"2026-01-26T14:54:00+00:00","og_image":[{"width":336,"height":433,"url":"https:\/\/www.specialfabrikken.dk\/wp-content\/uploads\/2020\/02\/skilt-gr\u00f8n.jpg","type":"image\/jpeg"}],"twitter_card":"summary_large_image","twitter_misc":{"Est. reading time":"1 minute"},"schema":{"@context":"https:\/\/schema.org","@graph":[{"@type":"WebPage","@id":"https:\/\/www.specialfabrikken.dk\/vare\/sikkerhedsskilt-holder-f-skilt\/","url":"https:\/\/www.specialfabrikken.dk\/vare\/sikkerhedsskilt-holder-f-skilt\/","name":"Sikkerhedsskilt til Stillads - \u00d8g Sikkerheden p\u00e5 Arbejdspladsen","isPartOf":{"@id":"https:\/\/www.specialfabrikken.dk\/#website"},"primaryImageOfPage":{"@id":"https:\/\/www.specialfabrikken.dk\/vare\/sikkerhedsskilt-holder-f-skilt\/#primaryimage"},"image":{"@id":"https:\/\/www.specialfabrikken.dk\/vare\/sikkerhedsskilt-holder-f-skilt\/#primaryimage"},"thumbnailUrl":"https:\/\/www.specialfabrikken.dk\/wp-content\/uploads\/2020\/02\/skilt-gr\u00f8n.jpg","datePublished":"2022-05-03T14:38:31+00:00","dateModified":"2026-01-26T14:54:00+00:00","description":"Vores Sikkerhedsskilt til Stillads er designet til fastmonterede stilladser over 2 meters h\u00f8jde. Dette skilt leveres med tydelige sikkerhedsinstruktioner og advarsler for at \u00f8ge bevidstheden om sikkerhed p\u00e5 arbejdspladsen. G\u00f8r din arbejdsplads sikrere og mere informeret med dette p\u00e5lidelige tilbeh\u00f8r.","breadcrumb":{"@id":"https:\/\/www.specialfabrikken.dk\/vare\/sikkerhedsskilt-holder-f-skilt\/#breadcrumb"},"inLanguage":"en-US","potentialAction":[{"@type":"ReadAction","target":["https:\/\/www.specialfabrikken.dk\/vare\/sikkerhedsskilt-holder-f-skilt\/"]}]},{"@type":"ImageObject","inLanguage":"en-US","@id":"https:\/\/www.specialfabrikken.dk\/vare\/sikkerhedsskilt-holder-f-skilt\/#primaryimage","url":"https:\/\/www.specialfabrikken.dk\/wp-content\/uploads\/2020\/02\/skilt-gr\u00f8n.jpg","contentUrl":"https:\/\/www.specialfabrikken.dk\/wp-content\/uploads\/2020\/02\/skilt-gr\u00f8n.jpg","width":336,"height":433,"caption":"????????"},{"@type":"BreadcrumbList","@id":"https:\/\/www.specialfabrikken.dk\/vare\/sikkerhedsskilt-holder-f-skilt\/#breadcrumb","itemListElement":[{"@type":"ListItem","position":1,"name":"Forside","item":"https:\/\/www.specialfabrikken.dk\/"},{"@type":"ListItem","position":2,"name":"Shop","item":"https:\/\/www.specialfabrikken.dk\/shop\/"},{"@type":"ListItem","position":3,"name":"Sikkerhedsskilt til stillads"}]},{"@type":"WebSite","@id":"https:\/\/www.specialfabrikken.dk\/#website","url":"https:\/\/www.specialfabrikken.dk\/","name":"Specialfabrikken","description":"Specialfabrikken","potentialAction":[{"@type":"SearchAction","target":{"@type":"EntryPoint","urlTemplate":"https:\/\/www.specialfabrikken.dk\/?s={search_term_string}"},"query-input":{"@type":"PropertyValueSpecification","valueRequired":true,"valueName":"search_term_string"}}],"inLanguage":"en-US"}]}},"_links":{"self":[{"href":"https:\/\/www.specialfabrikken.dk\/en\/wp-json\/wp\/v2\/product\/51952","targetHints":{"allow":["GET"]}}],"collection":[{"href":"https:\/\/www.specialfabrikken.dk\/en\/wp-json\/wp\/v2\/product"}],"about":[{"href":"https:\/\/www.specialfabrikken.dk\/en\/wp-json\/wp\/v2\/types\/product"}],"replies":[{"embeddable":true,"href":"https:\/\/www.specialfabrikken.dk\/en\/wp-json\/wp\/v2\/comments?post=51952"}],"wp:featuredmedia":[{"embeddable":true,"href":"https:\/\/www.specialfabrikken.dk\/en\/wp-json\/wp\/v2\/media\/1083"}],"wp:attachment":[{"href":"https:\/\/www.specialfabrikken.dk\/en\/wp-json\/wp\/v2\/media?parent=51952"}],"wp:term":[{"taxonomy":"product_brand","embeddable":true,"href":"https:\/\/www.specialfabrikken.dk\/en\/wp-json\/wp\/v2\/product_brand?post=51952"},{"taxonomy":"product_cat","embeddable":true,"href":"https:\/\/www.specialfabrikken.dk\/en\/wp-json\/wp\/v2\/product_cat?post=51952"},{"taxonomy":"product_tag","embeddable":true,"href":"https:\/\/www.specialfabrikken.dk\/en\/wp-json\/wp\/v2\/product_tag?post=51952"}],"curies":[{"name":"wp","href":"https:\/\/api.w.org\/{rel}","templated":true}]}}