{"id":52289,"date":"2023-02-03T11:27:19","date_gmt":"2023-02-03T11:27:19","guid":{"rendered":"https:\/\/www.specialfabrikken.dk\/?post_type=product&#038;p=52289"},"modified":"2026-04-15T09:16:23","modified_gmt":"2026-04-15T07:16:23","slug":"startrampe-til-40-cm-koeredaek","status":"publish","type":"product","link":"https:\/\/www.specialfabrikken.dk\/en\/vare\/startrampe-til-40-cm-koeredaek\/","title":{"rendered":"Startrampe til 40 cm K\u00f8red\u00e6k"},"content":{"rendered":"<h2><strong>Startrampe til 40 cm K\u00f8red\u00e6k &#8211; Sikker og Effektiv<\/strong><\/h2>\n<p>Vores startrampe til 40 cm k\u00f8red\u00e6k er det perfekte tilbeh\u00f8r til at lette transporten og flytningen af materialer ved hj\u00e6lp af en el-pallek\u00e6rre. Denne skridsikre startrampe er specielt designet til 40 x 305 cm k\u00f8red\u00e6k og er en p\u00e5lidelig og sikker l\u00f8sning til dit materialeh\u00e5ndteringsbehov.<\/p>\n<p><strong>N\u00f8glefunktioner inkluderer:<\/strong><\/p>\n<ul>\n<li><strong>Skridsikker Alu Plade:<\/strong> Rampen er fremstillet af skridsikre aluminiumsplader, der sikrer, at materialer nemt kan flyttes uden risiko for glidning eller fald.<\/li>\n<li><strong>Udregnet til El-Pallek\u00e6rre:<\/strong> Denne rampe er n\u00f8je udregnet og tilpasset til brug med el-pallek\u00e6rre, hvilket g\u00f8r materialetransporten mere effektiv og sikker.<\/li>\n<li><strong>Holdbar Konstruktion:<\/strong> Rampen er konstrueret med holdbarhed for \u00f8je og er bygget til at modst\u00e5 gentagen brug i kr\u00e6vende arbejdsmilj\u00f8er.<\/li>\n<\/ul>\n<p>Med vores startrampe til 40 cm k\u00f8red\u00e6k kan du forbedre din materialeh\u00e5ndteringseffektivitet og sikkerhed p\u00e5 arbejdspladsen. Den er ideel til indend\u00f8rs og udend\u00f8rs brug og giver en p\u00e5lidelig m\u00e5de at transportere materialer p\u00e5.<\/p>","protected":false},"excerpt":{"rendered":"<p><strong>Short description:<\/strong><\/p>\n<ul>\n<li>Til k\u00f8red\u00e6k 40 x 305 cm<\/li>\n<li>Fremstillet i skridsikre alu plade.<\/li>\n<li>Udregnet til brug for el-pallek\u00e6rre.<\/li>\n<\/ul>","protected":false},"featured_media":52290,"comment_status":"open","ping_status":"closed","template":"","meta":{"_acf_changed":false,"_et_pb_use_builder":"","_et_pb_old_content":"","_et_gb_content_width":""},"product_brand":[],"product_cat":[66,73,204,31],"product_tag":[112,148,176],"class_list":{"0":"post-52289","1":"product","2":"type-product","3":"status-publish","4":"has-post-thumbnail","6":"product_cat-bukkestillads","7":"product_cat-koererampe","8":"product_cat-specialfabrikken-varer","9":"product_cat-stillads","10":"product_tag-bukkestillads","11":"product_tag-unik","12":"product_tag-koererampe","13":"product_shipping_class-stor","15":"first","16":"instock","17":"taxable","18":"shipping-taxable","19":"purchasable","20":"product-type-simple"},"acf":[],"yoast_head":"<!-- This site is optimized with the Yoast SEO plugin v27.4 - https:\/\/yoast.com\/product\/yoast-seo-wordpress\/ -->\n<title>Startrampe til 40 cm K\u00f8red\u00e6k - Skridsikker - Til El-Pallek\u00e6rre<\/title>\n<meta name=\"description\" content=\"Vores startrampe til 40 cm k\u00f8red\u00e6k er designet til sikker og effektiv materialetransport ved brug af el-pallek\u00e6rre. Rampen er fremstillet af skridsikre alu plader og er bygget til at vare i kr\u00e6vende arbejdsmilj\u00f8er.\" \/>\n<meta name=\"robots\" content=\"index, follow, max-snippet:-1, max-image-preview:large, max-video-preview:-1\" \/>\n<link rel=\"canonical\" href=\"https:\/\/www.specialfabrikken.dk\/en\/product-2\/startrampe-til-40-cm-koeredaek\/\" \/>\n<meta property=\"og:locale\" content=\"en_US\" \/>\n<meta property=\"og:type\" content=\"article\" \/>\n<meta property=\"og:title\" content=\"Startrampe til 40 cm K\u00f8red\u00e6k - Skridsikker - Til El-Pallek\u00e6rre\" \/>\n<meta property=\"og:description\" content=\"Vores startrampe til 40 cm k\u00f8red\u00e6k er designet til sikker og effektiv materialetransport ved brug af el-pallek\u00e6rre. Rampen er fremstillet af skridsikre alu plader og er bygget til at vare i kr\u00e6vende arbejdsmilj\u00f8er.\" \/>\n<meta property=\"og:url\" content=\"https:\/\/www.specialfabrikken.dk\/en\/product-2\/startrampe-til-40-cm-koeredaek\/\" \/>\n<meta property=\"og:site_name\" content=\"Specialfabrikken\" \/>\n<meta property=\"article:modified_time\" content=\"2026-04-15T07:16:23+00:00\" \/>\n<meta property=\"og:image\" content=\"https:\/\/www.specialfabrikken.dk\/wp-content\/uploads\/2023\/02\/Startrampe-koeredaek.png\" \/>\n\t<meta property=\"og:image:width\" content=\"1600\" \/>\n\t<meta property=\"og:image:height\" content=\"1200\" \/>\n\t<meta property=\"og:image:type\" content=\"image\/png\" \/>\n<meta name=\"twitter:card\" content=\"summary_large_image\" \/>\n<meta name=\"twitter:label1\" content=\"Est. reading time\" \/>\n\t<meta name=\"twitter:data1\" content=\"2 minutes\" \/>\n<script type=\"application\/ld+json\" class=\"yoast-schema-graph\">{\"@context\":\"https:\\\/\\\/schema.org\",\"@graph\":[{\"@type\":\"WebPage\",\"@id\":\"https:\\\/\\\/www.specialfabrikken.dk\\\/vare\\\/startrampe-til-40-cm-koeredaek\\\/\",\"url\":\"https:\\\/\\\/www.specialfabrikken.dk\\\/vare\\\/startrampe-til-40-cm-koeredaek\\\/\",\"name\":\"Startrampe til 40 cm K\u00f8red\u00e6k - Skridsikker - Til El-Pallek\u00e6rre\",\"isPartOf\":{\"@id\":\"https:\\\/\\\/www.specialfabrikken.dk\\\/#website\"},\"primaryImageOfPage\":{\"@id\":\"https:\\\/\\\/www.specialfabrikken.dk\\\/vare\\\/startrampe-til-40-cm-koeredaek\\\/#primaryimage\"},\"image\":{\"@id\":\"https:\\\/\\\/www.specialfabrikken.dk\\\/vare\\\/startrampe-til-40-cm-koeredaek\\\/#primaryimage\"},\"thumbnailUrl\":\"https:\\\/\\\/www.specialfabrikken.dk\\\/wp-content\\\/uploads\\\/2023\\\/02\\\/Startrampe-koeredaek.png\",\"datePublished\":\"2023-02-03T11:27:19+00:00\",\"dateModified\":\"2026-04-15T07:16:23+00:00\",\"description\":\"Vores startrampe til 40 cm k\u00f8red\u00e6k er designet til sikker og effektiv materialetransport ved brug af el-pallek\u00e6rre. Rampen er fremstillet af skridsikre alu plader og er bygget til at vare i kr\u00e6vende arbejdsmilj\u00f8er.\",\"breadcrumb\":{\"@id\":\"https:\\\/\\\/www.specialfabrikken.dk\\\/vare\\\/startrampe-til-40-cm-koeredaek\\\/#breadcrumb\"},\"inLanguage\":\"en-US\",\"potentialAction\":[{\"@type\":\"ReadAction\",\"target\":[\"https:\\\/\\\/www.specialfabrikken.dk\\\/vare\\\/startrampe-til-40-cm-koeredaek\\\/\"]}]},{\"@type\":\"ImageObject\",\"inLanguage\":\"en-US\",\"@id\":\"https:\\\/\\\/www.specialfabrikken.dk\\\/vare\\\/startrampe-til-40-cm-koeredaek\\\/#primaryimage\",\"url\":\"https:\\\/\\\/www.specialfabrikken.dk\\\/wp-content\\\/uploads\\\/2023\\\/02\\\/Startrampe-koeredaek.png\",\"contentUrl\":\"https:\\\/\\\/www.specialfabrikken.dk\\\/wp-content\\\/uploads\\\/2023\\\/02\\\/Startrampe-koeredaek.png\",\"width\":1600,\"height\":1200,\"caption\":\"Startrampe til k\u00f8red\u00e6k\"},{\"@type\":\"BreadcrumbList\",\"@id\":\"https:\\\/\\\/www.specialfabrikken.dk\\\/vare\\\/startrampe-til-40-cm-koeredaek\\\/#breadcrumb\",\"itemListElement\":[{\"@type\":\"ListItem\",\"position\":1,\"name\":\"Forside\",\"item\":\"https:\\\/\\\/www.specialfabrikken.dk\\\/\"},{\"@type\":\"ListItem\",\"position\":2,\"name\":\"Shop\",\"item\":\"https:\\\/\\\/www.specialfabrikken.dk\\\/shop\\\/\"},{\"@type\":\"ListItem\",\"position\":3,\"name\":\"Startrampe til 40 cm K\u00f8red\u00e6k\"}]},{\"@type\":\"WebSite\",\"@id\":\"https:\\\/\\\/www.specialfabrikken.dk\\\/#website\",\"url\":\"https:\\\/\\\/www.specialfabrikken.dk\\\/\",\"name\":\"Specialfabrikken\",\"description\":\"Specialfabrikken\",\"potentialAction\":[{\"@type\":\"SearchAction\",\"target\":{\"@type\":\"EntryPoint\",\"urlTemplate\":\"https:\\\/\\\/www.specialfabrikken.dk\\\/?s={search_term_string}\"},\"query-input\":{\"@type\":\"PropertyValueSpecification\",\"valueRequired\":true,\"valueName\":\"search_term_string\"}}],\"inLanguage\":\"en-US\"}]}<\/script>\n<!-- \/ Yoast SEO plugin. -->","yoast_head_json":{"title":"Startrampe til 40 cm K\u00f8red\u00e6k - Skridsikker - Til El-Pallek\u00e6rre","description":"Vores startrampe til 40 cm k\u00f8red\u00e6k er designet til sikker og effektiv materialetransport ved brug af el-pallek\u00e6rre. Rampen er fremstillet af skridsikre alu plader og er bygget til at vare i kr\u00e6vende arbejdsmilj\u00f8er.","robots":{"index":"index","follow":"follow","max-snippet":"max-snippet:-1","max-image-preview":"max-image-preview:large","max-video-preview":"max-video-preview:-1"},"canonical":"https:\/\/www.specialfabrikken.dk\/en\/product-2\/startrampe-til-40-cm-koeredaek\/","og_locale":"en_US","og_type":"article","og_title":"Startrampe til 40 cm K\u00f8red\u00e6k - Skridsikker - Til El-Pallek\u00e6rre","og_description":"Vores startrampe til 40 cm k\u00f8red\u00e6k er designet til sikker og effektiv materialetransport ved brug af el-pallek\u00e6rre. Rampen er fremstillet af skridsikre alu plader og er bygget til at vare i kr\u00e6vende arbejdsmilj\u00f8er.","og_url":"https:\/\/www.specialfabrikken.dk\/en\/product-2\/startrampe-til-40-cm-koeredaek\/","og_site_name":"Specialfabrikken","article_modified_time":"2026-04-15T07:16:23+00:00","og_image":[{"width":1600,"height":1200,"url":"https:\/\/www.specialfabrikken.dk\/wp-content\/uploads\/2023\/02\/Startrampe-koeredaek.png","type":"image\/png"}],"twitter_card":"summary_large_image","twitter_misc":{"Est. reading time":"2 minutes"},"schema":{"@context":"https:\/\/schema.org","@graph":[{"@type":"WebPage","@id":"https:\/\/www.specialfabrikken.dk\/vare\/startrampe-til-40-cm-koeredaek\/","url":"https:\/\/www.specialfabrikken.dk\/vare\/startrampe-til-40-cm-koeredaek\/","name":"Startrampe til 40 cm K\u00f8red\u00e6k - Skridsikker - Til El-Pallek\u00e6rre","isPartOf":{"@id":"https:\/\/www.specialfabrikken.dk\/#website"},"primaryImageOfPage":{"@id":"https:\/\/www.specialfabrikken.dk\/vare\/startrampe-til-40-cm-koeredaek\/#primaryimage"},"image":{"@id":"https:\/\/www.specialfabrikken.dk\/vare\/startrampe-til-40-cm-koeredaek\/#primaryimage"},"thumbnailUrl":"https:\/\/www.specialfabrikken.dk\/wp-content\/uploads\/2023\/02\/Startrampe-koeredaek.png","datePublished":"2023-02-03T11:27:19+00:00","dateModified":"2026-04-15T07:16:23+00:00","description":"Vores startrampe til 40 cm k\u00f8red\u00e6k er designet til sikker og effektiv materialetransport ved brug af el-pallek\u00e6rre. Rampen er fremstillet af skridsikre alu plader og er bygget til at vare i kr\u00e6vende arbejdsmilj\u00f8er.","breadcrumb":{"@id":"https:\/\/www.specialfabrikken.dk\/vare\/startrampe-til-40-cm-koeredaek\/#breadcrumb"},"inLanguage":"en-US","potentialAction":[{"@type":"ReadAction","target":["https:\/\/www.specialfabrikken.dk\/vare\/startrampe-til-40-cm-koeredaek\/"]}]},{"@type":"ImageObject","inLanguage":"en-US","@id":"https:\/\/www.specialfabrikken.dk\/vare\/startrampe-til-40-cm-koeredaek\/#primaryimage","url":"https:\/\/www.specialfabrikken.dk\/wp-content\/uploads\/2023\/02\/Startrampe-koeredaek.png","contentUrl":"https:\/\/www.specialfabrikken.dk\/wp-content\/uploads\/2023\/02\/Startrampe-koeredaek.png","width":1600,"height":1200,"caption":"Startrampe til k\u00f8red\u00e6k"},{"@type":"BreadcrumbList","@id":"https:\/\/www.specialfabrikken.dk\/vare\/startrampe-til-40-cm-koeredaek\/#breadcrumb","itemListElement":[{"@type":"ListItem","position":1,"name":"Forside","item":"https:\/\/www.specialfabrikken.dk\/"},{"@type":"ListItem","position":2,"name":"Shop","item":"https:\/\/www.specialfabrikken.dk\/shop\/"},{"@type":"ListItem","position":3,"name":"Startrampe til 40 cm K\u00f8red\u00e6k"}]},{"@type":"WebSite","@id":"https:\/\/www.specialfabrikken.dk\/#website","url":"https:\/\/www.specialfabrikken.dk\/","name":"Specialfabrikken","description":"Specialfabrikken","potentialAction":[{"@type":"SearchAction","target":{"@type":"EntryPoint","urlTemplate":"https:\/\/www.specialfabrikken.dk\/?s={search_term_string}"},"query-input":{"@type":"PropertyValueSpecification","valueRequired":true,"valueName":"search_term_string"}}],"inLanguage":"en-US"}]}},"_links":{"self":[{"href":"https:\/\/www.specialfabrikken.dk\/en\/wp-json\/wp\/v2\/product\/52289","targetHints":{"allow":["GET"]}}],"collection":[{"href":"https:\/\/www.specialfabrikken.dk\/en\/wp-json\/wp\/v2\/product"}],"about":[{"href":"https:\/\/www.specialfabrikken.dk\/en\/wp-json\/wp\/v2\/types\/product"}],"replies":[{"embeddable":true,"href":"https:\/\/www.specialfabrikken.dk\/en\/wp-json\/wp\/v2\/comments?post=52289"}],"wp:featuredmedia":[{"embeddable":true,"href":"https:\/\/www.specialfabrikken.dk\/en\/wp-json\/wp\/v2\/media\/52290"}],"wp:attachment":[{"href":"https:\/\/www.specialfabrikken.dk\/en\/wp-json\/wp\/v2\/media?parent=52289"}],"wp:term":[{"taxonomy":"product_brand","embeddable":true,"href":"https:\/\/www.specialfabrikken.dk\/en\/wp-json\/wp\/v2\/product_brand?post=52289"},{"taxonomy":"product_cat","embeddable":true,"href":"https:\/\/www.specialfabrikken.dk\/en\/wp-json\/wp\/v2\/product_cat?post=52289"},{"taxonomy":"product_tag","embeddable":true,"href":"https:\/\/www.specialfabrikken.dk\/en\/wp-json\/wp\/v2\/product_tag?post=52289"}],"curies":[{"name":"wp","href":"https:\/\/api.w.org\/{rel}","templated":true}]}}