{"id":52571,"date":"2023-05-10T06:22:18","date_gmt":"2023-05-10T06:22:18","guid":{"rendered":"https:\/\/www.specialfabrikken.dk\/vare\/sikringsbeslag-plade-m-roer-forsat-110-mm-5\/"},"modified":"2025-12-03T07:03:01","modified_gmt":"2025-12-03T07:03:01","slug":"sikringsbeslag-plade-m-roer-forsat-110-mm-5","status":"publish","type":"product","link":"https:\/\/www.specialfabrikken.dk\/en\/vare\/sikringsbeslag-plade-m-roer-forsat-110-mm-5\/","title":{"rendered":"Sikringsbeslag plade m\/r\u00f8r forsat 110 mm."},"content":{"rendered":"","protected":false},"excerpt":{"rendered":"<p>Short description:<\/p>\n<ul>\n<li>Anvendes til plane flader, eks. elementer.<\/li>\n<li>Flytter gel\u00e6nderr\u00f8rer 110 mm. ud.<\/li>\n<li>Benyttes med gel\u00e6nderr\u00f8r for bukkestillads &#8211; 1040 0528.<\/li>\n<\/ul>","protected":false},"featured_media":2453,"comment_status":"open","ping_status":"closed","template":"","meta":{"_acf_changed":false,"_et_pb_use_builder":"","_et_pb_old_content":"","_et_gb_content_width":""},"product_brand":[],"product_cat":[90],"product_tag":[171],"class_list":{"0":"post-52571","1":"product","2":"type-product","3":"status-publish","4":"has-post-thumbnail","6":"product_cat-sikringsudstyr","7":"product_tag-sikringsudstyr","8":"product_shipping_class-stor","10":"first","11":"instock","12":"taxable","13":"shipping-taxable","14":"purchasable","15":"product-type-simple"},"acf":[],"yoast_head":"<!-- This site is optimized with the Yoast SEO plugin v27.4 - https:\/\/yoast.com\/product\/yoast-seo-wordpress\/ -->\n<title>Sikringsbeslag plade m\/r\u00f8r forsat 110 mm. - Specialfabrikken<\/title>\n<meta name=\"robots\" content=\"index, follow, max-snippet:-1, max-image-preview:large, max-video-preview:-1\" \/>\n<link rel=\"canonical\" href=\"https:\/\/www.specialfabrikken.dk\/en\/product-2\/sikringsbeslag-plade-m-roer-forsat-110-mm-5\/\" \/>\n<meta property=\"og:locale\" content=\"en_US\" \/>\n<meta property=\"og:type\" content=\"article\" \/>\n<meta property=\"og:title\" content=\"Sikringsbeslag plade m\/r\u00f8r forsat 110 mm. - Specialfabrikken\" \/>\n<meta property=\"og:description\" content=\"Kort fortalt:   Anvendes til plane flader, eks. elementer.  Flytter gel\u00e6nderr\u00f8rer 110 mm. ud.  Benyttes med gel\u00e6nderr\u00f8r for bukkestillads - 1040 0528.\" \/>\n<meta property=\"og:url\" content=\"https:\/\/www.specialfabrikken.dk\/en\/product-2\/sikringsbeslag-plade-m-roer-forsat-110-mm-5\/\" \/>\n<meta property=\"og:site_name\" content=\"Specialfabrikken\" \/>\n<meta property=\"article:modified_time\" content=\"2025-12-03T07:03:01+00:00\" \/>\n<meta property=\"og:image\" content=\"https:\/\/www.specialfabrikken.dk\/wp-content\/uploads\/2020\/04\/sikringsbeslag-5-med-plade-r\u00f8r.jpg\" \/>\n\t<meta property=\"og:image:width\" content=\"336\" \/>\n\t<meta property=\"og:image:height\" content=\"400\" \/>\n\t<meta property=\"og:image:type\" content=\"image\/jpeg\" \/>\n<meta name=\"twitter:card\" content=\"summary_large_image\" \/>\n<script type=\"application\/ld+json\" class=\"yoast-schema-graph\">{\"@context\":\"https:\\\/\\\/schema.org\",\"@graph\":[{\"@type\":\"WebPage\",\"@id\":\"https:\\\/\\\/www.specialfabrikken.dk\\\/vare\\\/sikringsbeslag-plade-m-roer-forsat-110-mm-5\\\/\",\"url\":\"https:\\\/\\\/www.specialfabrikken.dk\\\/vare\\\/sikringsbeslag-plade-m-roer-forsat-110-mm-5\\\/\",\"name\":\"Sikringsbeslag plade m\\\/r\u00f8r forsat 110 mm. - Specialfabrikken\",\"isPartOf\":{\"@id\":\"https:\\\/\\\/www.specialfabrikken.dk\\\/#website\"},\"primaryImageOfPage\":{\"@id\":\"https:\\\/\\\/www.specialfabrikken.dk\\\/vare\\\/sikringsbeslag-plade-m-roer-forsat-110-mm-5\\\/#primaryimage\"},\"image\":{\"@id\":\"https:\\\/\\\/www.specialfabrikken.dk\\\/vare\\\/sikringsbeslag-plade-m-roer-forsat-110-mm-5\\\/#primaryimage\"},\"thumbnailUrl\":\"https:\\\/\\\/www.specialfabrikken.dk\\\/wp-content\\\/uploads\\\/2020\\\/04\\\/sikringsbeslag-5-med-plade-r\u00f8r.jpg\",\"datePublished\":\"2023-05-10T06:22:18+00:00\",\"dateModified\":\"2025-12-03T07:03:01+00:00\",\"breadcrumb\":{\"@id\":\"https:\\\/\\\/www.specialfabrikken.dk\\\/vare\\\/sikringsbeslag-plade-m-roer-forsat-110-mm-5\\\/#breadcrumb\"},\"inLanguage\":\"en-US\",\"potentialAction\":[{\"@type\":\"ReadAction\",\"target\":[\"https:\\\/\\\/www.specialfabrikken.dk\\\/vare\\\/sikringsbeslag-plade-m-roer-forsat-110-mm-5\\\/\"]}]},{\"@type\":\"ImageObject\",\"inLanguage\":\"en-US\",\"@id\":\"https:\\\/\\\/www.specialfabrikken.dk\\\/vare\\\/sikringsbeslag-plade-m-roer-forsat-110-mm-5\\\/#primaryimage\",\"url\":\"https:\\\/\\\/www.specialfabrikken.dk\\\/wp-content\\\/uploads\\\/2020\\\/04\\\/sikringsbeslag-5-med-plade-r\u00f8r.jpg\",\"contentUrl\":\"https:\\\/\\\/www.specialfabrikken.dk\\\/wp-content\\\/uploads\\\/2020\\\/04\\\/sikringsbeslag-5-med-plade-r\u00f8r.jpg\",\"width\":336,\"height\":400,\"caption\":\"????????\"},{\"@type\":\"BreadcrumbList\",\"@id\":\"https:\\\/\\\/www.specialfabrikken.dk\\\/vare\\\/sikringsbeslag-plade-m-roer-forsat-110-mm-5\\\/#breadcrumb\",\"itemListElement\":[{\"@type\":\"ListItem\",\"position\":1,\"name\":\"Forside\",\"item\":\"https:\\\/\\\/www.specialfabrikken.dk\\\/\"},{\"@type\":\"ListItem\",\"position\":2,\"name\":\"Shop\",\"item\":\"https:\\\/\\\/www.specialfabrikken.dk\\\/shop\\\/\"},{\"@type\":\"ListItem\",\"position\":3,\"name\":\"Sikringsbeslag plade m\\\/r\u00f8r forsat 110 mm.\"}]},{\"@type\":\"WebSite\",\"@id\":\"https:\\\/\\\/www.specialfabrikken.dk\\\/#website\",\"url\":\"https:\\\/\\\/www.specialfabrikken.dk\\\/\",\"name\":\"Specialfabrikken\",\"description\":\"Specialfabrikken\",\"potentialAction\":[{\"@type\":\"SearchAction\",\"target\":{\"@type\":\"EntryPoint\",\"urlTemplate\":\"https:\\\/\\\/www.specialfabrikken.dk\\\/?s={search_term_string}\"},\"query-input\":{\"@type\":\"PropertyValueSpecification\",\"valueRequired\":true,\"valueName\":\"search_term_string\"}}],\"inLanguage\":\"en-US\"}]}<\/script>\n<!-- \/ Yoast SEO plugin. -->","yoast_head_json":{"title":"Sikringsbeslag plade m\/r\u00f8r forsat 110 mm. - Specialfabrikken","robots":{"index":"index","follow":"follow","max-snippet":"max-snippet:-1","max-image-preview":"max-image-preview:large","max-video-preview":"max-video-preview:-1"},"canonical":"https:\/\/www.specialfabrikken.dk\/en\/product-2\/sikringsbeslag-plade-m-roer-forsat-110-mm-5\/","og_locale":"en_US","og_type":"article","og_title":"Sikringsbeslag plade m\/r\u00f8r forsat 110 mm. - Specialfabrikken","og_description":"Kort fortalt:   Anvendes til plane flader, eks. elementer.  Flytter gel\u00e6nderr\u00f8rer 110 mm. ud.  Benyttes med gel\u00e6nderr\u00f8r for bukkestillads - 1040 0528.","og_url":"https:\/\/www.specialfabrikken.dk\/en\/product-2\/sikringsbeslag-plade-m-roer-forsat-110-mm-5\/","og_site_name":"Specialfabrikken","article_modified_time":"2025-12-03T07:03:01+00:00","og_image":[{"width":336,"height":400,"url":"https:\/\/www.specialfabrikken.dk\/wp-content\/uploads\/2020\/04\/sikringsbeslag-5-med-plade-r\u00f8r.jpg","type":"image\/jpeg"}],"twitter_card":"summary_large_image","schema":{"@context":"https:\/\/schema.org","@graph":[{"@type":"WebPage","@id":"https:\/\/www.specialfabrikken.dk\/vare\/sikringsbeslag-plade-m-roer-forsat-110-mm-5\/","url":"https:\/\/www.specialfabrikken.dk\/vare\/sikringsbeslag-plade-m-roer-forsat-110-mm-5\/","name":"Sikringsbeslag plade m\/r\u00f8r forsat 110 mm. - Specialfabrikken","isPartOf":{"@id":"https:\/\/www.specialfabrikken.dk\/#website"},"primaryImageOfPage":{"@id":"https:\/\/www.specialfabrikken.dk\/vare\/sikringsbeslag-plade-m-roer-forsat-110-mm-5\/#primaryimage"},"image":{"@id":"https:\/\/www.specialfabrikken.dk\/vare\/sikringsbeslag-plade-m-roer-forsat-110-mm-5\/#primaryimage"},"thumbnailUrl":"https:\/\/www.specialfabrikken.dk\/wp-content\/uploads\/2020\/04\/sikringsbeslag-5-med-plade-r\u00f8r.jpg","datePublished":"2023-05-10T06:22:18+00:00","dateModified":"2025-12-03T07:03:01+00:00","breadcrumb":{"@id":"https:\/\/www.specialfabrikken.dk\/vare\/sikringsbeslag-plade-m-roer-forsat-110-mm-5\/#breadcrumb"},"inLanguage":"en-US","potentialAction":[{"@type":"ReadAction","target":["https:\/\/www.specialfabrikken.dk\/vare\/sikringsbeslag-plade-m-roer-forsat-110-mm-5\/"]}]},{"@type":"ImageObject","inLanguage":"en-US","@id":"https:\/\/www.specialfabrikken.dk\/vare\/sikringsbeslag-plade-m-roer-forsat-110-mm-5\/#primaryimage","url":"https:\/\/www.specialfabrikken.dk\/wp-content\/uploads\/2020\/04\/sikringsbeslag-5-med-plade-r\u00f8r.jpg","contentUrl":"https:\/\/www.specialfabrikken.dk\/wp-content\/uploads\/2020\/04\/sikringsbeslag-5-med-plade-r\u00f8r.jpg","width":336,"height":400,"caption":"????????"},{"@type":"BreadcrumbList","@id":"https:\/\/www.specialfabrikken.dk\/vare\/sikringsbeslag-plade-m-roer-forsat-110-mm-5\/#breadcrumb","itemListElement":[{"@type":"ListItem","position":1,"name":"Forside","item":"https:\/\/www.specialfabrikken.dk\/"},{"@type":"ListItem","position":2,"name":"Shop","item":"https:\/\/www.specialfabrikken.dk\/shop\/"},{"@type":"ListItem","position":3,"name":"Sikringsbeslag plade m\/r\u00f8r forsat 110 mm."}]},{"@type":"WebSite","@id":"https:\/\/www.specialfabrikken.dk\/#website","url":"https:\/\/www.specialfabrikken.dk\/","name":"Specialfabrikken","description":"Specialfabrikken","potentialAction":[{"@type":"SearchAction","target":{"@type":"EntryPoint","urlTemplate":"https:\/\/www.specialfabrikken.dk\/?s={search_term_string}"},"query-input":{"@type":"PropertyValueSpecification","valueRequired":true,"valueName":"search_term_string"}}],"inLanguage":"en-US"}]}},"_links":{"self":[{"href":"https:\/\/www.specialfabrikken.dk\/en\/wp-json\/wp\/v2\/product\/52571","targetHints":{"allow":["GET"]}}],"collection":[{"href":"https:\/\/www.specialfabrikken.dk\/en\/wp-json\/wp\/v2\/product"}],"about":[{"href":"https:\/\/www.specialfabrikken.dk\/en\/wp-json\/wp\/v2\/types\/product"}],"replies":[{"embeddable":true,"href":"https:\/\/www.specialfabrikken.dk\/en\/wp-json\/wp\/v2\/comments?post=52571"}],"wp:featuredmedia":[{"embeddable":true,"href":"https:\/\/www.specialfabrikken.dk\/en\/wp-json\/wp\/v2\/media\/2453"}],"wp:attachment":[{"href":"https:\/\/www.specialfabrikken.dk\/en\/wp-json\/wp\/v2\/media?parent=52571"}],"wp:term":[{"taxonomy":"product_brand","embeddable":true,"href":"https:\/\/www.specialfabrikken.dk\/en\/wp-json\/wp\/v2\/product_brand?post=52571"},{"taxonomy":"product_cat","embeddable":true,"href":"https:\/\/www.specialfabrikken.dk\/en\/wp-json\/wp\/v2\/product_cat?post=52571"},{"taxonomy":"product_tag","embeddable":true,"href":"https:\/\/www.specialfabrikken.dk\/en\/wp-json\/wp\/v2\/product_tag?post=52571"}],"curies":[{"name":"wp","href":"https:\/\/api.w.org\/{rel}","templated":true}]}}