{"id":52581,"date":"2023-05-10T06:28:42","date_gmt":"2023-05-10T06:28:42","guid":{"rendered":"https:\/\/www.specialfabrikken.dk\/vare\/250-mm-forlaenger-til-gelaenderroer-politistav\/"},"modified":"2026-04-08T14:17:07","modified_gmt":"2026-04-08T12:17:07","slug":"250-mm-forlaenger-til-gelaenderroer-politistav","status":"publish","type":"product","link":"https:\/\/www.specialfabrikken.dk\/en\/vare\/250-mm-forlaenger-til-gelaenderroer-politistav\/","title":{"rendered":"250 mm. forl\u00e6nger til gel\u00e6nderr\u00f8r (politistav)"},"content":{"rendered":"","protected":false},"excerpt":{"rendered":"","protected":false},"featured_media":71410,"comment_status":"open","ping_status":"closed","template":"","meta":{"_acf_changed":false,"_et_pb_use_builder":"","_et_pb_old_content":"","_et_gb_content_width":""},"product_brand":[],"product_cat":[90],"product_tag":[171],"class_list":{"0":"post-52581","1":"product","2":"type-product","3":"status-publish","4":"has-post-thumbnail","6":"product_cat-sikringsudstyr","7":"product_tag-sikringsudstyr","8":"product_shipping_class-stor","10":"first","11":"instock","12":"taxable","13":"shipping-taxable","14":"purchasable","15":"product-type-simple"},"acf":[],"yoast_head":"<!-- This site is optimized with the Yoast SEO plugin v27.4 - https:\/\/yoast.com\/product\/yoast-seo-wordpress\/ -->\n<title>250 mm. forl\u00e6nger til gel\u00e6nderr\u00f8r (politistav) - Specialfabrikken<\/title>\n<meta name=\"robots\" content=\"index, follow, max-snippet:-1, max-image-preview:large, max-video-preview:-1\" \/>\n<link rel=\"canonical\" href=\"https:\/\/www.specialfabrikken.dk\/en\/product-2\/250-mm-forlaenger-til-gelaenderroer-politistav\/\" \/>\n<meta property=\"og:locale\" content=\"en_US\" \/>\n<meta property=\"og:type\" content=\"article\" \/>\n<meta property=\"og:title\" content=\"250 mm. forl\u00e6nger til gel\u00e6nderr\u00f8r (politistav) - Specialfabrikken\" \/>\n<meta property=\"og:url\" content=\"https:\/\/www.specialfabrikken.dk\/en\/product-2\/250-mm-forlaenger-til-gelaenderroer-politistav\/\" \/>\n<meta property=\"og:site_name\" content=\"Specialfabrikken\" \/>\n<meta property=\"article:modified_time\" content=\"2026-04-08T12:17:07+00:00\" \/>\n<meta property=\"og:image\" content=\"https:\/\/www.specialfabrikken.dk\/wp-content\/uploads\/2023\/05\/1010-0032.png\" \/>\n\t<meta property=\"og:image:width\" content=\"1920\" \/>\n\t<meta property=\"og:image:height\" content=\"1080\" \/>\n\t<meta property=\"og:image:type\" content=\"image\/png\" \/>\n<meta name=\"twitter:card\" content=\"summary_large_image\" \/>\n<script type=\"application\/ld+json\" class=\"yoast-schema-graph\">{\"@context\":\"https:\\\/\\\/schema.org\",\"@graph\":[{\"@type\":\"WebPage\",\"@id\":\"https:\\\/\\\/www.specialfabrikken.dk\\\/vare\\\/250-mm-forlaenger-til-gelaenderroer-politistav\\\/\",\"url\":\"https:\\\/\\\/www.specialfabrikken.dk\\\/vare\\\/250-mm-forlaenger-til-gelaenderroer-politistav\\\/\",\"name\":\"250 mm. forl\u00e6nger til gel\u00e6nderr\u00f8r (politistav) - Specialfabrikken\",\"isPartOf\":{\"@id\":\"https:\\\/\\\/www.specialfabrikken.dk\\\/#website\"},\"primaryImageOfPage\":{\"@id\":\"https:\\\/\\\/www.specialfabrikken.dk\\\/vare\\\/250-mm-forlaenger-til-gelaenderroer-politistav\\\/#primaryimage\"},\"image\":{\"@id\":\"https:\\\/\\\/www.specialfabrikken.dk\\\/vare\\\/250-mm-forlaenger-til-gelaenderroer-politistav\\\/#primaryimage\"},\"thumbnailUrl\":\"https:\\\/\\\/www.specialfabrikken.dk\\\/wp-content\\\/uploads\\\/2023\\\/05\\\/1010-0032.png\",\"datePublished\":\"2023-05-10T06:28:42+00:00\",\"dateModified\":\"2026-04-08T12:17:07+00:00\",\"breadcrumb\":{\"@id\":\"https:\\\/\\\/www.specialfabrikken.dk\\\/vare\\\/250-mm-forlaenger-til-gelaenderroer-politistav\\\/#breadcrumb\"},\"inLanguage\":\"en-US\",\"potentialAction\":[{\"@type\":\"ReadAction\",\"target\":[\"https:\\\/\\\/www.specialfabrikken.dk\\\/vare\\\/250-mm-forlaenger-til-gelaenderroer-politistav\\\/\"]}]},{\"@type\":\"ImageObject\",\"inLanguage\":\"en-US\",\"@id\":\"https:\\\/\\\/www.specialfabrikken.dk\\\/vare\\\/250-mm-forlaenger-til-gelaenderroer-politistav\\\/#primaryimage\",\"url\":\"https:\\\/\\\/www.specialfabrikken.dk\\\/wp-content\\\/uploads\\\/2023\\\/05\\\/1010-0032.png\",\"contentUrl\":\"https:\\\/\\\/www.specialfabrikken.dk\\\/wp-content\\\/uploads\\\/2023\\\/05\\\/1010-0032.png\",\"width\":1920,\"height\":1080},{\"@type\":\"BreadcrumbList\",\"@id\":\"https:\\\/\\\/www.specialfabrikken.dk\\\/vare\\\/250-mm-forlaenger-til-gelaenderroer-politistav\\\/#breadcrumb\",\"itemListElement\":[{\"@type\":\"ListItem\",\"position\":1,\"name\":\"Forside\",\"item\":\"https:\\\/\\\/www.specialfabrikken.dk\\\/\"},{\"@type\":\"ListItem\",\"position\":2,\"name\":\"Shop\",\"item\":\"https:\\\/\\\/www.specialfabrikken.dk\\\/shop\\\/\"},{\"@type\":\"ListItem\",\"position\":3,\"name\":\"250 mm. forl\u00e6nger til gel\u00e6nderr\u00f8r (politistav)\"}]},{\"@type\":\"WebSite\",\"@id\":\"https:\\\/\\\/www.specialfabrikken.dk\\\/#website\",\"url\":\"https:\\\/\\\/www.specialfabrikken.dk\\\/\",\"name\":\"Specialfabrikken\",\"description\":\"Specialfabrikken\",\"potentialAction\":[{\"@type\":\"SearchAction\",\"target\":{\"@type\":\"EntryPoint\",\"urlTemplate\":\"https:\\\/\\\/www.specialfabrikken.dk\\\/?s={search_term_string}\"},\"query-input\":{\"@type\":\"PropertyValueSpecification\",\"valueRequired\":true,\"valueName\":\"search_term_string\"}}],\"inLanguage\":\"en-US\"}]}<\/script>\n<!-- \/ Yoast SEO plugin. -->","yoast_head_json":{"title":"250 mm. forl\u00e6nger til gel\u00e6nderr\u00f8r (politistav) - Specialfabrikken","robots":{"index":"index","follow":"follow","max-snippet":"max-snippet:-1","max-image-preview":"max-image-preview:large","max-video-preview":"max-video-preview:-1"},"canonical":"https:\/\/www.specialfabrikken.dk\/en\/product-2\/250-mm-forlaenger-til-gelaenderroer-politistav\/","og_locale":"en_US","og_type":"article","og_title":"250 mm. forl\u00e6nger til gel\u00e6nderr\u00f8r (politistav) - Specialfabrikken","og_url":"https:\/\/www.specialfabrikken.dk\/en\/product-2\/250-mm-forlaenger-til-gelaenderroer-politistav\/","og_site_name":"Specialfabrikken","article_modified_time":"2026-04-08T12:17:07+00:00","og_image":[{"width":1920,"height":1080,"url":"https:\/\/www.specialfabrikken.dk\/wp-content\/uploads\/2023\/05\/1010-0032.png","type":"image\/png"}],"twitter_card":"summary_large_image","schema":{"@context":"https:\/\/schema.org","@graph":[{"@type":"WebPage","@id":"https:\/\/www.specialfabrikken.dk\/vare\/250-mm-forlaenger-til-gelaenderroer-politistav\/","url":"https:\/\/www.specialfabrikken.dk\/vare\/250-mm-forlaenger-til-gelaenderroer-politistav\/","name":"250 mm. forl\u00e6nger til gel\u00e6nderr\u00f8r (politistav) - Specialfabrikken","isPartOf":{"@id":"https:\/\/www.specialfabrikken.dk\/#website"},"primaryImageOfPage":{"@id":"https:\/\/www.specialfabrikken.dk\/vare\/250-mm-forlaenger-til-gelaenderroer-politistav\/#primaryimage"},"image":{"@id":"https:\/\/www.specialfabrikken.dk\/vare\/250-mm-forlaenger-til-gelaenderroer-politistav\/#primaryimage"},"thumbnailUrl":"https:\/\/www.specialfabrikken.dk\/wp-content\/uploads\/2023\/05\/1010-0032.png","datePublished":"2023-05-10T06:28:42+00:00","dateModified":"2026-04-08T12:17:07+00:00","breadcrumb":{"@id":"https:\/\/www.specialfabrikken.dk\/vare\/250-mm-forlaenger-til-gelaenderroer-politistav\/#breadcrumb"},"inLanguage":"en-US","potentialAction":[{"@type":"ReadAction","target":["https:\/\/www.specialfabrikken.dk\/vare\/250-mm-forlaenger-til-gelaenderroer-politistav\/"]}]},{"@type":"ImageObject","inLanguage":"en-US","@id":"https:\/\/www.specialfabrikken.dk\/vare\/250-mm-forlaenger-til-gelaenderroer-politistav\/#primaryimage","url":"https:\/\/www.specialfabrikken.dk\/wp-content\/uploads\/2023\/05\/1010-0032.png","contentUrl":"https:\/\/www.specialfabrikken.dk\/wp-content\/uploads\/2023\/05\/1010-0032.png","width":1920,"height":1080},{"@type":"BreadcrumbList","@id":"https:\/\/www.specialfabrikken.dk\/vare\/250-mm-forlaenger-til-gelaenderroer-politistav\/#breadcrumb","itemListElement":[{"@type":"ListItem","position":1,"name":"Forside","item":"https:\/\/www.specialfabrikken.dk\/"},{"@type":"ListItem","position":2,"name":"Shop","item":"https:\/\/www.specialfabrikken.dk\/shop\/"},{"@type":"ListItem","position":3,"name":"250 mm. forl\u00e6nger til gel\u00e6nderr\u00f8r (politistav)"}]},{"@type":"WebSite","@id":"https:\/\/www.specialfabrikken.dk\/#website","url":"https:\/\/www.specialfabrikken.dk\/","name":"Specialfabrikken","description":"Specialfabrikken","potentialAction":[{"@type":"SearchAction","target":{"@type":"EntryPoint","urlTemplate":"https:\/\/www.specialfabrikken.dk\/?s={search_term_string}"},"query-input":{"@type":"PropertyValueSpecification","valueRequired":true,"valueName":"search_term_string"}}],"inLanguage":"en-US"}]}},"_links":{"self":[{"href":"https:\/\/www.specialfabrikken.dk\/en\/wp-json\/wp\/v2\/product\/52581","targetHints":{"allow":["GET"]}}],"collection":[{"href":"https:\/\/www.specialfabrikken.dk\/en\/wp-json\/wp\/v2\/product"}],"about":[{"href":"https:\/\/www.specialfabrikken.dk\/en\/wp-json\/wp\/v2\/types\/product"}],"replies":[{"embeddable":true,"href":"https:\/\/www.specialfabrikken.dk\/en\/wp-json\/wp\/v2\/comments?post=52581"}],"wp:featuredmedia":[{"embeddable":true,"href":"https:\/\/www.specialfabrikken.dk\/en\/wp-json\/wp\/v2\/media\/71410"}],"wp:attachment":[{"href":"https:\/\/www.specialfabrikken.dk\/en\/wp-json\/wp\/v2\/media?parent=52581"}],"wp:term":[{"taxonomy":"product_brand","embeddable":true,"href":"https:\/\/www.specialfabrikken.dk\/en\/wp-json\/wp\/v2\/product_brand?post=52581"},{"taxonomy":"product_cat","embeddable":true,"href":"https:\/\/www.specialfabrikken.dk\/en\/wp-json\/wp\/v2\/product_cat?post=52581"},{"taxonomy":"product_tag","embeddable":true,"href":"https:\/\/www.specialfabrikken.dk\/en\/wp-json\/wp\/v2\/product_tag?post=52581"}],"curies":[{"name":"wp","href":"https:\/\/api.w.org\/{rel}","templated":true}]}}