{"id":52612,"date":"2023-05-24T17:28:58","date_gmt":"2023-05-24T17:28:58","guid":{"rendered":"https:\/\/www.specialfabrikken.dk\/?post_type=product&#038;p=52612"},"modified":"2025-11-07T10:22:47","modified_gmt":"2025-11-07T10:22:47","slug":"facaderamme-bund-galvaniseret","status":"publish","type":"product","link":"https:\/\/www.specialfabrikken.dk\/en\/vare\/facaderamme-bund-galvaniseret\/","title":{"rendered":"Facaderamme bund &#8211; galvaniseret"},"content":{"rendered":"","protected":false},"excerpt":{"rendered":"<p><b>Fremstillet i galvaniseret st\u00e5l<\/b><\/p>\n<p><strong>Med tv\u00e6rr\u00f8r<\/strong><\/p>","protected":false},"featured_media":2368,"comment_status":"open","ping_status":"closed","template":"","meta":{"_acf_changed":false,"_et_pb_use_builder":"","_et_pb_old_content":"","_et_gb_content_width":""},"product_brand":[],"product_cat":[131,55,31],"product_tag":[178],"class_list":{"0":"post-52612","1":"product","2":"type-product","3":"status-publish","4":"has-post-thumbnail","6":"product_cat-rammer","7":"product_cat-staal-facadestillads","8":"product_cat-stillads","9":"product_tag-staal-facadestillads","10":"product_shipping_class-stor","12":"first","13":"onbackorder","14":"taxable","15":"shipping-taxable","16":"purchasable","17":"product-type-simple"},"acf":[],"yoast_head":"<!-- This site is optimized with the Yoast SEO plugin v27.4 - https:\/\/yoast.com\/product\/yoast-seo-wordpress\/ -->\n<title>Galvaniseret Facaderamme Bund til Stillads |\u00a0Specialfabrikken A\/S<\/title>\n<meta name=\"description\" content=\"Vores galvaniserede facaderamme bund, fremstillet i st\u00e6rkt galvaniseret st\u00e5l og udstyret med tv\u00e6rr\u00f8r, er den ideelle komponent til dit stillads. Denne robuste ramme giver stabilitet og styrke til dit arbejdsomr\u00e5de og er designet til at opfylde kravene p\u00e5 byggepladsen.\" \/>\n<meta name=\"robots\" content=\"index, follow, max-snippet:-1, max-image-preview:large, max-video-preview:-1\" \/>\n<link rel=\"canonical\" href=\"https:\/\/www.specialfabrikken.dk\/en\/product-2\/facaderamme-bund-galvaniseret\/\" \/>\n<meta property=\"og:locale\" content=\"en_US\" \/>\n<meta property=\"og:type\" content=\"article\" \/>\n<meta property=\"og:title\" content=\"Galvaniseret Facaderamme Bund til Stillads |\u00a0Specialfabrikken A\/S\" \/>\n<meta property=\"og:description\" content=\"Vores galvaniserede facaderamme bund, fremstillet i st\u00e6rkt galvaniseret st\u00e5l og udstyret med tv\u00e6rr\u00f8r, er den ideelle komponent til dit stillads. Denne robuste ramme giver stabilitet og styrke til dit arbejdsomr\u00e5de og er designet til at opfylde kravene p\u00e5 byggepladsen.\" \/>\n<meta property=\"og:url\" content=\"https:\/\/www.specialfabrikken.dk\/en\/product-2\/facaderamme-bund-galvaniseret\/\" \/>\n<meta property=\"og:site_name\" content=\"Specialfabrikken\" \/>\n<meta property=\"article:modified_time\" content=\"2025-11-07T10:22:47+00:00\" \/>\n<meta property=\"og:image\" content=\"https:\/\/www.specialfabrikken.dk\/wp-content\/uploads\/2020\/04\/facaderumme-bund-m.-tv\u00e6rr\u00f8r.jpg\" \/>\n\t<meta property=\"og:image:width\" content=\"794\" \/>\n\t<meta property=\"og:image:height\" content=\"2348\" \/>\n\t<meta property=\"og:image:type\" content=\"image\/jpeg\" \/>\n<meta name=\"twitter:card\" content=\"summary_large_image\" \/>\n<script type=\"application\/ld+json\" class=\"yoast-schema-graph\">{\"@context\":\"https:\\\/\\\/schema.org\",\"@graph\":[{\"@type\":\"WebPage\",\"@id\":\"https:\\\/\\\/www.specialfabrikken.dk\\\/vare\\\/facaderamme-bund-galvaniseret\\\/\",\"url\":\"https:\\\/\\\/www.specialfabrikken.dk\\\/vare\\\/facaderamme-bund-galvaniseret\\\/\",\"name\":\"Galvaniseret Facaderamme Bund til Stillads |\u00a0Specialfabrikken A\\\/S\",\"isPartOf\":{\"@id\":\"https:\\\/\\\/www.specialfabrikken.dk\\\/#website\"},\"primaryImageOfPage\":{\"@id\":\"https:\\\/\\\/www.specialfabrikken.dk\\\/vare\\\/facaderamme-bund-galvaniseret\\\/#primaryimage\"},\"image\":{\"@id\":\"https:\\\/\\\/www.specialfabrikken.dk\\\/vare\\\/facaderamme-bund-galvaniseret\\\/#primaryimage\"},\"thumbnailUrl\":\"https:\\\/\\\/www.specialfabrikken.dk\\\/wp-content\\\/uploads\\\/2020\\\/04\\\/facaderumme-bund-m.-tv\u00e6rr\u00f8r.jpg\",\"datePublished\":\"2023-05-24T17:28:58+00:00\",\"dateModified\":\"2025-11-07T10:22:47+00:00\",\"description\":\"Vores galvaniserede facaderamme bund, fremstillet i st\u00e6rkt galvaniseret st\u00e5l og udstyret med tv\u00e6rr\u00f8r, er den ideelle komponent til dit stillads. Denne robuste ramme giver stabilitet og styrke til dit arbejdsomr\u00e5de og er designet til at opfylde kravene p\u00e5 byggepladsen.\",\"breadcrumb\":{\"@id\":\"https:\\\/\\\/www.specialfabrikken.dk\\\/vare\\\/facaderamme-bund-galvaniseret\\\/#breadcrumb\"},\"inLanguage\":\"en-US\",\"potentialAction\":[{\"@type\":\"ReadAction\",\"target\":[\"https:\\\/\\\/www.specialfabrikken.dk\\\/vare\\\/facaderamme-bund-galvaniseret\\\/\"]}]},{\"@type\":\"ImageObject\",\"inLanguage\":\"en-US\",\"@id\":\"https:\\\/\\\/www.specialfabrikken.dk\\\/vare\\\/facaderamme-bund-galvaniseret\\\/#primaryimage\",\"url\":\"https:\\\/\\\/www.specialfabrikken.dk\\\/wp-content\\\/uploads\\\/2020\\\/04\\\/facaderumme-bund-m.-tv\u00e6rr\u00f8r.jpg\",\"contentUrl\":\"https:\\\/\\\/www.specialfabrikken.dk\\\/wp-content\\\/uploads\\\/2020\\\/04\\\/facaderumme-bund-m.-tv\u00e6rr\u00f8r.jpg\",\"width\":794,\"height\":2348,\"caption\":\"SONY DSC\"},{\"@type\":\"BreadcrumbList\",\"@id\":\"https:\\\/\\\/www.specialfabrikken.dk\\\/vare\\\/facaderamme-bund-galvaniseret\\\/#breadcrumb\",\"itemListElement\":[{\"@type\":\"ListItem\",\"position\":1,\"name\":\"Forside\",\"item\":\"https:\\\/\\\/www.specialfabrikken.dk\\\/\"},{\"@type\":\"ListItem\",\"position\":2,\"name\":\"Shop\",\"item\":\"https:\\\/\\\/www.specialfabrikken.dk\\\/shop\\\/\"},{\"@type\":\"ListItem\",\"position\":3,\"name\":\"Facaderamme bund &#8211; galvaniseret\"}]},{\"@type\":\"WebSite\",\"@id\":\"https:\\\/\\\/www.specialfabrikken.dk\\\/#website\",\"url\":\"https:\\\/\\\/www.specialfabrikken.dk\\\/\",\"name\":\"Specialfabrikken\",\"description\":\"Specialfabrikken\",\"potentialAction\":[{\"@type\":\"SearchAction\",\"target\":{\"@type\":\"EntryPoint\",\"urlTemplate\":\"https:\\\/\\\/www.specialfabrikken.dk\\\/?s={search_term_string}\"},\"query-input\":{\"@type\":\"PropertyValueSpecification\",\"valueRequired\":true,\"valueName\":\"search_term_string\"}}],\"inLanguage\":\"en-US\"}]}<\/script>\n<!-- \/ Yoast SEO plugin. -->","yoast_head_json":{"title":"Galvaniseret Facaderamme Bund til Stillads |\u00a0Specialfabrikken A\/S","description":"Vores galvaniserede facaderamme bund, fremstillet i st\u00e6rkt galvaniseret st\u00e5l og udstyret med tv\u00e6rr\u00f8r, er den ideelle komponent til dit stillads. Denne robuste ramme giver stabilitet og styrke til dit arbejdsomr\u00e5de og er designet til at opfylde kravene p\u00e5 byggepladsen.","robots":{"index":"index","follow":"follow","max-snippet":"max-snippet:-1","max-image-preview":"max-image-preview:large","max-video-preview":"max-video-preview:-1"},"canonical":"https:\/\/www.specialfabrikken.dk\/en\/product-2\/facaderamme-bund-galvaniseret\/","og_locale":"en_US","og_type":"article","og_title":"Galvaniseret Facaderamme Bund til Stillads |\u00a0Specialfabrikken A\/S","og_description":"Vores galvaniserede facaderamme bund, fremstillet i st\u00e6rkt galvaniseret st\u00e5l og udstyret med tv\u00e6rr\u00f8r, er den ideelle komponent til dit stillads. Denne robuste ramme giver stabilitet og styrke til dit arbejdsomr\u00e5de og er designet til at opfylde kravene p\u00e5 byggepladsen.","og_url":"https:\/\/www.specialfabrikken.dk\/en\/product-2\/facaderamme-bund-galvaniseret\/","og_site_name":"Specialfabrikken","article_modified_time":"2025-11-07T10:22:47+00:00","og_image":[{"width":794,"height":2348,"url":"https:\/\/www.specialfabrikken.dk\/wp-content\/uploads\/2020\/04\/facaderumme-bund-m.-tv\u00e6rr\u00f8r.jpg","type":"image\/jpeg"}],"twitter_card":"summary_large_image","schema":{"@context":"https:\/\/schema.org","@graph":[{"@type":"WebPage","@id":"https:\/\/www.specialfabrikken.dk\/vare\/facaderamme-bund-galvaniseret\/","url":"https:\/\/www.specialfabrikken.dk\/vare\/facaderamme-bund-galvaniseret\/","name":"Galvaniseret Facaderamme Bund til Stillads |\u00a0Specialfabrikken A\/S","isPartOf":{"@id":"https:\/\/www.specialfabrikken.dk\/#website"},"primaryImageOfPage":{"@id":"https:\/\/www.specialfabrikken.dk\/vare\/facaderamme-bund-galvaniseret\/#primaryimage"},"image":{"@id":"https:\/\/www.specialfabrikken.dk\/vare\/facaderamme-bund-galvaniseret\/#primaryimage"},"thumbnailUrl":"https:\/\/www.specialfabrikken.dk\/wp-content\/uploads\/2020\/04\/facaderumme-bund-m.-tv\u00e6rr\u00f8r.jpg","datePublished":"2023-05-24T17:28:58+00:00","dateModified":"2025-11-07T10:22:47+00:00","description":"Vores galvaniserede facaderamme bund, fremstillet i st\u00e6rkt galvaniseret st\u00e5l og udstyret med tv\u00e6rr\u00f8r, er den ideelle komponent til dit stillads. Denne robuste ramme giver stabilitet og styrke til dit arbejdsomr\u00e5de og er designet til at opfylde kravene p\u00e5 byggepladsen.","breadcrumb":{"@id":"https:\/\/www.specialfabrikken.dk\/vare\/facaderamme-bund-galvaniseret\/#breadcrumb"},"inLanguage":"en-US","potentialAction":[{"@type":"ReadAction","target":["https:\/\/www.specialfabrikken.dk\/vare\/facaderamme-bund-galvaniseret\/"]}]},{"@type":"ImageObject","inLanguage":"en-US","@id":"https:\/\/www.specialfabrikken.dk\/vare\/facaderamme-bund-galvaniseret\/#primaryimage","url":"https:\/\/www.specialfabrikken.dk\/wp-content\/uploads\/2020\/04\/facaderumme-bund-m.-tv\u00e6rr\u00f8r.jpg","contentUrl":"https:\/\/www.specialfabrikken.dk\/wp-content\/uploads\/2020\/04\/facaderumme-bund-m.-tv\u00e6rr\u00f8r.jpg","width":794,"height":2348,"caption":"SONY DSC"},{"@type":"BreadcrumbList","@id":"https:\/\/www.specialfabrikken.dk\/vare\/facaderamme-bund-galvaniseret\/#breadcrumb","itemListElement":[{"@type":"ListItem","position":1,"name":"Forside","item":"https:\/\/www.specialfabrikken.dk\/"},{"@type":"ListItem","position":2,"name":"Shop","item":"https:\/\/www.specialfabrikken.dk\/shop\/"},{"@type":"ListItem","position":3,"name":"Facaderamme bund &#8211; galvaniseret"}]},{"@type":"WebSite","@id":"https:\/\/www.specialfabrikken.dk\/#website","url":"https:\/\/www.specialfabrikken.dk\/","name":"Specialfabrikken","description":"Specialfabrikken","potentialAction":[{"@type":"SearchAction","target":{"@type":"EntryPoint","urlTemplate":"https:\/\/www.specialfabrikken.dk\/?s={search_term_string}"},"query-input":{"@type":"PropertyValueSpecification","valueRequired":true,"valueName":"search_term_string"}}],"inLanguage":"en-US"}]}},"_links":{"self":[{"href":"https:\/\/www.specialfabrikken.dk\/en\/wp-json\/wp\/v2\/product\/52612","targetHints":{"allow":["GET"]}}],"collection":[{"href":"https:\/\/www.specialfabrikken.dk\/en\/wp-json\/wp\/v2\/product"}],"about":[{"href":"https:\/\/www.specialfabrikken.dk\/en\/wp-json\/wp\/v2\/types\/product"}],"replies":[{"embeddable":true,"href":"https:\/\/www.specialfabrikken.dk\/en\/wp-json\/wp\/v2\/comments?post=52612"}],"wp:featuredmedia":[{"embeddable":true,"href":"https:\/\/www.specialfabrikken.dk\/en\/wp-json\/wp\/v2\/media\/2368"}],"wp:attachment":[{"href":"https:\/\/www.specialfabrikken.dk\/en\/wp-json\/wp\/v2\/media?parent=52612"}],"wp:term":[{"taxonomy":"product_brand","embeddable":true,"href":"https:\/\/www.specialfabrikken.dk\/en\/wp-json\/wp\/v2\/product_brand?post=52612"},{"taxonomy":"product_cat","embeddable":true,"href":"https:\/\/www.specialfabrikken.dk\/en\/wp-json\/wp\/v2\/product_cat?post=52612"},{"taxonomy":"product_tag","embeddable":true,"href":"https:\/\/www.specialfabrikken.dk\/en\/wp-json\/wp\/v2\/product_tag?post=52612"}],"curies":[{"name":"wp","href":"https:\/\/api.w.org\/{rel}","templated":true}]}}