{"id":52618,"date":"2023-05-24T18:10:44","date_gmt":"2023-05-24T18:10:44","guid":{"rendered":"https:\/\/www.specialfabrikken.dk\/?post_type=product&#038;p=52618"},"modified":"2025-11-07T10:22:46","modified_gmt":"2025-11-07T10:22:46","slug":"enderaekvaerk-med-boejle-galvaniseret","status":"publish","type":"product","link":"https:\/\/www.specialfabrikken.dk\/en\/vare\/enderaekvaerk-med-boejle-galvaniseret\/","title":{"rendered":"Ender\u00e6kv\u00e6rk med b\u00f8jle &#8211; galvaniseret"},"content":{"rendered":"","protected":false},"excerpt":{"rendered":"<p><b>Fremstillet i galvaniseret st\u00e5l<\/b><\/p>","protected":false},"featured_media":2373,"comment_status":"open","ping_status":"closed","template":"","meta":{"_acf_changed":false,"_et_pb_use_builder":"","_et_pb_old_content":"","_et_gb_content_width":""},"product_brand":[],"product_cat":[55,31],"product_tag":[178],"class_list":{"0":"post-52618","1":"product","2":"type-product","3":"status-publish","4":"has-post-thumbnail","6":"product_cat-staal-facadestillads","7":"product_cat-stillads","8":"product_tag-staal-facadestillads","9":"product_shipping_class-stor","11":"first","12":"onbackorder","13":"taxable","14":"shipping-taxable","15":"purchasable","16":"product-type-simple"},"acf":[],"yoast_head":"<!-- This site is optimized with the Yoast SEO plugin v27.4 - https:\/\/yoast.com\/product\/yoast-seo-wordpress\/ -->\n<title>Galvaniseret Ender\u00e6kv\u00e6rk med B\u00f8jle - Holdbar og Sikker St\u00f8tte til Dit Stillads<\/title>\n<meta name=\"description\" content=\"Vores galvaniserede ender\u00e6kv\u00e6rk med b\u00f8jle er den perfekte l\u00f8sning til at sikre stabilitet og sikkerhed p\u00e5 dit stillads. Fremstillet i galvaniseret st\u00e5l, garanterer dette ender\u00e6kv\u00e6rk holdbarhed og p\u00e5lidelighed. V\u00e6lg vores galvaniserede ender\u00e6kv\u00e6rk med b\u00f8jle for en solid st\u00f8tte til dit byggeprojekt.\" \/>\n<meta name=\"robots\" content=\"index, follow, max-snippet:-1, max-image-preview:large, max-video-preview:-1\" \/>\n<link rel=\"canonical\" href=\"https:\/\/www.specialfabrikken.dk\/en\/product-2\/enderaekvaerk-med-boejle-galvaniseret\/\" \/>\n<meta property=\"og:locale\" content=\"en_US\" \/>\n<meta property=\"og:type\" content=\"article\" \/>\n<meta property=\"og:title\" content=\"Galvaniseret Ender\u00e6kv\u00e6rk med B\u00f8jle - Holdbar og Sikker St\u00f8tte til Dit Stillads\" \/>\n<meta property=\"og:description\" content=\"Vores galvaniserede ender\u00e6kv\u00e6rk med b\u00f8jle er den perfekte l\u00f8sning til at sikre stabilitet og sikkerhed p\u00e5 dit stillads. Fremstillet i galvaniseret st\u00e5l, garanterer dette ender\u00e6kv\u00e6rk holdbarhed og p\u00e5lidelighed. V\u00e6lg vores galvaniserede ender\u00e6kv\u00e6rk med b\u00f8jle for en solid st\u00f8tte til dit byggeprojekt.\" \/>\n<meta property=\"og:url\" content=\"https:\/\/www.specialfabrikken.dk\/en\/product-2\/enderaekvaerk-med-boejle-galvaniseret\/\" \/>\n<meta property=\"og:site_name\" content=\"Specialfabrikken\" \/>\n<meta property=\"article:modified_time\" content=\"2025-11-07T10:22:46+00:00\" \/>\n<meta property=\"og:image\" content=\"https:\/\/www.specialfabrikken.dk\/wp-content\/uploads\/2020\/04\/ender\u00e6kv\u00e6rk-i-b\u00f8jle-scaled.jpg\" \/>\n\t<meta property=\"og:image:width\" content=\"2560\" \/>\n\t<meta property=\"og:image:height\" content=\"1706\" \/>\n\t<meta property=\"og:image:type\" content=\"image\/jpeg\" \/>\n<meta name=\"twitter:card\" content=\"summary_large_image\" \/>\n<script type=\"application\/ld+json\" class=\"yoast-schema-graph\">{\"@context\":\"https:\\\/\\\/schema.org\",\"@graph\":[{\"@type\":\"WebPage\",\"@id\":\"https:\\\/\\\/www.specialfabrikken.dk\\\/vare\\\/enderaekvaerk-med-boejle-galvaniseret\\\/\",\"url\":\"https:\\\/\\\/www.specialfabrikken.dk\\\/vare\\\/enderaekvaerk-med-boejle-galvaniseret\\\/\",\"name\":\"Galvaniseret Ender\u00e6kv\u00e6rk med B\u00f8jle - Holdbar og Sikker St\u00f8tte til Dit Stillads\",\"isPartOf\":{\"@id\":\"https:\\\/\\\/www.specialfabrikken.dk\\\/#website\"},\"primaryImageOfPage\":{\"@id\":\"https:\\\/\\\/www.specialfabrikken.dk\\\/vare\\\/enderaekvaerk-med-boejle-galvaniseret\\\/#primaryimage\"},\"image\":{\"@id\":\"https:\\\/\\\/www.specialfabrikken.dk\\\/vare\\\/enderaekvaerk-med-boejle-galvaniseret\\\/#primaryimage\"},\"thumbnailUrl\":\"https:\\\/\\\/www.specialfabrikken.dk\\\/wp-content\\\/uploads\\\/2020\\\/04\\\/ender\u00e6kv\u00e6rk-i-b\u00f8jle-scaled.jpg\",\"datePublished\":\"2023-05-24T18:10:44+00:00\",\"dateModified\":\"2025-11-07T10:22:46+00:00\",\"description\":\"Vores galvaniserede ender\u00e6kv\u00e6rk med b\u00f8jle er den perfekte l\u00f8sning til at sikre stabilitet og sikkerhed p\u00e5 dit stillads. Fremstillet i galvaniseret st\u00e5l, garanterer dette ender\u00e6kv\u00e6rk holdbarhed og p\u00e5lidelighed. V\u00e6lg vores galvaniserede ender\u00e6kv\u00e6rk med b\u00f8jle for en solid st\u00f8tte til dit byggeprojekt.\",\"breadcrumb\":{\"@id\":\"https:\\\/\\\/www.specialfabrikken.dk\\\/vare\\\/enderaekvaerk-med-boejle-galvaniseret\\\/#breadcrumb\"},\"inLanguage\":\"en-US\",\"potentialAction\":[{\"@type\":\"ReadAction\",\"target\":[\"https:\\\/\\\/www.specialfabrikken.dk\\\/vare\\\/enderaekvaerk-med-boejle-galvaniseret\\\/\"]}]},{\"@type\":\"ImageObject\",\"inLanguage\":\"en-US\",\"@id\":\"https:\\\/\\\/www.specialfabrikken.dk\\\/vare\\\/enderaekvaerk-med-boejle-galvaniseret\\\/#primaryimage\",\"url\":\"https:\\\/\\\/www.specialfabrikken.dk\\\/wp-content\\\/uploads\\\/2020\\\/04\\\/ender\u00e6kv\u00e6rk-i-b\u00f8jle-scaled.jpg\",\"contentUrl\":\"https:\\\/\\\/www.specialfabrikken.dk\\\/wp-content\\\/uploads\\\/2020\\\/04\\\/ender\u00e6kv\u00e6rk-i-b\u00f8jle-scaled.jpg\",\"width\":2560,\"height\":1706,\"caption\":\"SONY DSC\"},{\"@type\":\"BreadcrumbList\",\"@id\":\"https:\\\/\\\/www.specialfabrikken.dk\\\/vare\\\/enderaekvaerk-med-boejle-galvaniseret\\\/#breadcrumb\",\"itemListElement\":[{\"@type\":\"ListItem\",\"position\":1,\"name\":\"Forside\",\"item\":\"https:\\\/\\\/www.specialfabrikken.dk\\\/\"},{\"@type\":\"ListItem\",\"position\":2,\"name\":\"Shop\",\"item\":\"https:\\\/\\\/www.specialfabrikken.dk\\\/shop\\\/\"},{\"@type\":\"ListItem\",\"position\":3,\"name\":\"Ender\u00e6kv\u00e6rk med b\u00f8jle &#8211; galvaniseret\"}]},{\"@type\":\"WebSite\",\"@id\":\"https:\\\/\\\/www.specialfabrikken.dk\\\/#website\",\"url\":\"https:\\\/\\\/www.specialfabrikken.dk\\\/\",\"name\":\"Specialfabrikken\",\"description\":\"Specialfabrikken\",\"potentialAction\":[{\"@type\":\"SearchAction\",\"target\":{\"@type\":\"EntryPoint\",\"urlTemplate\":\"https:\\\/\\\/www.specialfabrikken.dk\\\/?s={search_term_string}\"},\"query-input\":{\"@type\":\"PropertyValueSpecification\",\"valueRequired\":true,\"valueName\":\"search_term_string\"}}],\"inLanguage\":\"en-US\"}]}<\/script>\n<!-- \/ Yoast SEO plugin. -->","yoast_head_json":{"title":"Galvaniseret Ender\u00e6kv\u00e6rk med B\u00f8jle - Holdbar og Sikker St\u00f8tte til Dit Stillads","description":"Vores galvaniserede ender\u00e6kv\u00e6rk med b\u00f8jle er den perfekte l\u00f8sning til at sikre stabilitet og sikkerhed p\u00e5 dit stillads. Fremstillet i galvaniseret st\u00e5l, garanterer dette ender\u00e6kv\u00e6rk holdbarhed og p\u00e5lidelighed. V\u00e6lg vores galvaniserede ender\u00e6kv\u00e6rk med b\u00f8jle for en solid st\u00f8tte til dit byggeprojekt.","robots":{"index":"index","follow":"follow","max-snippet":"max-snippet:-1","max-image-preview":"max-image-preview:large","max-video-preview":"max-video-preview:-1"},"canonical":"https:\/\/www.specialfabrikken.dk\/en\/product-2\/enderaekvaerk-med-boejle-galvaniseret\/","og_locale":"en_US","og_type":"article","og_title":"Galvaniseret Ender\u00e6kv\u00e6rk med B\u00f8jle - Holdbar og Sikker St\u00f8tte til Dit Stillads","og_description":"Vores galvaniserede ender\u00e6kv\u00e6rk med b\u00f8jle er den perfekte l\u00f8sning til at sikre stabilitet og sikkerhed p\u00e5 dit stillads. Fremstillet i galvaniseret st\u00e5l, garanterer dette ender\u00e6kv\u00e6rk holdbarhed og p\u00e5lidelighed. V\u00e6lg vores galvaniserede ender\u00e6kv\u00e6rk med b\u00f8jle for en solid st\u00f8tte til dit byggeprojekt.","og_url":"https:\/\/www.specialfabrikken.dk\/en\/product-2\/enderaekvaerk-med-boejle-galvaniseret\/","og_site_name":"Specialfabrikken","article_modified_time":"2025-11-07T10:22:46+00:00","og_image":[{"width":2560,"height":1706,"url":"https:\/\/www.specialfabrikken.dk\/wp-content\/uploads\/2020\/04\/ender\u00e6kv\u00e6rk-i-b\u00f8jle-scaled.jpg","type":"image\/jpeg"}],"twitter_card":"summary_large_image","schema":{"@context":"https:\/\/schema.org","@graph":[{"@type":"WebPage","@id":"https:\/\/www.specialfabrikken.dk\/vare\/enderaekvaerk-med-boejle-galvaniseret\/","url":"https:\/\/www.specialfabrikken.dk\/vare\/enderaekvaerk-med-boejle-galvaniseret\/","name":"Galvaniseret Ender\u00e6kv\u00e6rk med B\u00f8jle - Holdbar og Sikker St\u00f8tte til Dit Stillads","isPartOf":{"@id":"https:\/\/www.specialfabrikken.dk\/#website"},"primaryImageOfPage":{"@id":"https:\/\/www.specialfabrikken.dk\/vare\/enderaekvaerk-med-boejle-galvaniseret\/#primaryimage"},"image":{"@id":"https:\/\/www.specialfabrikken.dk\/vare\/enderaekvaerk-med-boejle-galvaniseret\/#primaryimage"},"thumbnailUrl":"https:\/\/www.specialfabrikken.dk\/wp-content\/uploads\/2020\/04\/ender\u00e6kv\u00e6rk-i-b\u00f8jle-scaled.jpg","datePublished":"2023-05-24T18:10:44+00:00","dateModified":"2025-11-07T10:22:46+00:00","description":"Vores galvaniserede ender\u00e6kv\u00e6rk med b\u00f8jle er den perfekte l\u00f8sning til at sikre stabilitet og sikkerhed p\u00e5 dit stillads. Fremstillet i galvaniseret st\u00e5l, garanterer dette ender\u00e6kv\u00e6rk holdbarhed og p\u00e5lidelighed. V\u00e6lg vores galvaniserede ender\u00e6kv\u00e6rk med b\u00f8jle for en solid st\u00f8tte til dit byggeprojekt.","breadcrumb":{"@id":"https:\/\/www.specialfabrikken.dk\/vare\/enderaekvaerk-med-boejle-galvaniseret\/#breadcrumb"},"inLanguage":"en-US","potentialAction":[{"@type":"ReadAction","target":["https:\/\/www.specialfabrikken.dk\/vare\/enderaekvaerk-med-boejle-galvaniseret\/"]}]},{"@type":"ImageObject","inLanguage":"en-US","@id":"https:\/\/www.specialfabrikken.dk\/vare\/enderaekvaerk-med-boejle-galvaniseret\/#primaryimage","url":"https:\/\/www.specialfabrikken.dk\/wp-content\/uploads\/2020\/04\/ender\u00e6kv\u00e6rk-i-b\u00f8jle-scaled.jpg","contentUrl":"https:\/\/www.specialfabrikken.dk\/wp-content\/uploads\/2020\/04\/ender\u00e6kv\u00e6rk-i-b\u00f8jle-scaled.jpg","width":2560,"height":1706,"caption":"SONY DSC"},{"@type":"BreadcrumbList","@id":"https:\/\/www.specialfabrikken.dk\/vare\/enderaekvaerk-med-boejle-galvaniseret\/#breadcrumb","itemListElement":[{"@type":"ListItem","position":1,"name":"Forside","item":"https:\/\/www.specialfabrikken.dk\/"},{"@type":"ListItem","position":2,"name":"Shop","item":"https:\/\/www.specialfabrikken.dk\/shop\/"},{"@type":"ListItem","position":3,"name":"Ender\u00e6kv\u00e6rk med b\u00f8jle &#8211; galvaniseret"}]},{"@type":"WebSite","@id":"https:\/\/www.specialfabrikken.dk\/#website","url":"https:\/\/www.specialfabrikken.dk\/","name":"Specialfabrikken","description":"Specialfabrikken","potentialAction":[{"@type":"SearchAction","target":{"@type":"EntryPoint","urlTemplate":"https:\/\/www.specialfabrikken.dk\/?s={search_term_string}"},"query-input":{"@type":"PropertyValueSpecification","valueRequired":true,"valueName":"search_term_string"}}],"inLanguage":"en-US"}]}},"_links":{"self":[{"href":"https:\/\/www.specialfabrikken.dk\/en\/wp-json\/wp\/v2\/product\/52618","targetHints":{"allow":["GET"]}}],"collection":[{"href":"https:\/\/www.specialfabrikken.dk\/en\/wp-json\/wp\/v2\/product"}],"about":[{"href":"https:\/\/www.specialfabrikken.dk\/en\/wp-json\/wp\/v2\/types\/product"}],"replies":[{"embeddable":true,"href":"https:\/\/www.specialfabrikken.dk\/en\/wp-json\/wp\/v2\/comments?post=52618"}],"wp:featuredmedia":[{"embeddable":true,"href":"https:\/\/www.specialfabrikken.dk\/en\/wp-json\/wp\/v2\/media\/2373"}],"wp:attachment":[{"href":"https:\/\/www.specialfabrikken.dk\/en\/wp-json\/wp\/v2\/media?parent=52618"}],"wp:term":[{"taxonomy":"product_brand","embeddable":true,"href":"https:\/\/www.specialfabrikken.dk\/en\/wp-json\/wp\/v2\/product_brand?post=52618"},{"taxonomy":"product_cat","embeddable":true,"href":"https:\/\/www.specialfabrikken.dk\/en\/wp-json\/wp\/v2\/product_cat?post=52618"},{"taxonomy":"product_tag","embeddable":true,"href":"https:\/\/www.specialfabrikken.dk\/en\/wp-json\/wp\/v2\/product_tag?post=52618"}],"curies":[{"name":"wp","href":"https:\/\/api.w.org\/{rel}","templated":true}]}}