{"id":52622,"date":"2023-05-24T18:18:33","date_gmt":"2023-05-24T18:18:33","guid":{"rendered":"https:\/\/www.specialfabrikken.dk\/?post_type=product&#038;p=52622"},"modified":"2025-11-07T10:22:46","modified_gmt":"2025-11-07T10:22:46","slug":"raekvaerksramme-3-m-galvaniseret","status":"publish","type":"product","link":"https:\/\/www.specialfabrikken.dk\/en\/vare\/raekvaerksramme-3-m-galvaniseret\/","title":{"rendered":"R\u00e6kv\u00e6rksramme 3 m. &#8211; galvaniseret"},"content":{"rendered":"","protected":false},"excerpt":{"rendered":"<p><b>Fremstillet i galvaniseret st\u00e5l<\/b><\/p>","protected":false},"featured_media":2375,"comment_status":"open","ping_status":"closed","template":"","meta":{"_acf_changed":false,"_et_pb_use_builder":"","_et_pb_old_content":"","_et_gb_content_width":""},"product_brand":[],"product_cat":[55,31],"product_tag":[178],"class_list":{"0":"post-52622","1":"product","2":"type-product","3":"status-publish","4":"has-post-thumbnail","6":"product_cat-staal-facadestillads","7":"product_cat-stillads","8":"product_tag-staal-facadestillads","9":"product_shipping_class-stor","11":"first","12":"onbackorder","13":"taxable","14":"shipping-taxable","15":"purchasable","16":"product-type-simple"},"acf":[],"yoast_head":"<!-- This site is optimized with the Yoast SEO plugin v27.4 - https:\/\/yoast.com\/product\/yoast-seo-wordpress\/ -->\n<title>Galvaniseret R\u00e6kv\u00e6rksramme 3 m - St\u00e6rk og Sikker Byggesikring<\/title>\n<meta name=\"description\" content=\"Vores galvaniserede r\u00e6kv\u00e6rksramme med en l\u00e6ngde p\u00e5 3 meter er den perfekte l\u00f8sning til at sikre dit byggeprojekt. Den er st\u00e6rk, holdbar og opfylder de h\u00f8jeste sikkerhedsstandarder, hvilket g\u00f8r den ideel til at beskytte dine arbejdere og din byggeplads.\" \/>\n<meta name=\"robots\" content=\"index, follow, max-snippet:-1, max-image-preview:large, max-video-preview:-1\" \/>\n<link rel=\"canonical\" href=\"https:\/\/www.specialfabrikken.dk\/en\/product-2\/raekvaerksramme-3-m-galvaniseret\/\" \/>\n<meta property=\"og:locale\" content=\"en_US\" \/>\n<meta property=\"og:type\" content=\"article\" \/>\n<meta property=\"og:title\" content=\"Galvaniseret R\u00e6kv\u00e6rksramme 3 m - St\u00e6rk og Sikker Byggesikring\" \/>\n<meta property=\"og:description\" content=\"Vores galvaniserede r\u00e6kv\u00e6rksramme med en l\u00e6ngde p\u00e5 3 meter er den perfekte l\u00f8sning til at sikre dit byggeprojekt. Den er st\u00e6rk, holdbar og opfylder de h\u00f8jeste sikkerhedsstandarder, hvilket g\u00f8r den ideel til at beskytte dine arbejdere og din byggeplads.\" \/>\n<meta property=\"og:url\" content=\"https:\/\/www.specialfabrikken.dk\/en\/product-2\/raekvaerksramme-3-m-galvaniseret\/\" \/>\n<meta property=\"og:site_name\" content=\"Specialfabrikken\" \/>\n<meta property=\"article:modified_time\" content=\"2025-11-07T10:22:46+00:00\" \/>\n<meta property=\"og:image\" content=\"https:\/\/www.specialfabrikken.dk\/wp-content\/uploads\/2020\/04\/r\u00e6kv\u00e6rksramme.jpg\" \/>\n\t<meta property=\"og:image:width\" content=\"448\" \/>\n\t<meta property=\"og:image:height\" content=\"134\" \/>\n\t<meta property=\"og:image:type\" content=\"image\/jpeg\" \/>\n<meta name=\"twitter:card\" content=\"summary_large_image\" \/>\n<script type=\"application\/ld+json\" class=\"yoast-schema-graph\">{\"@context\":\"https:\\\/\\\/schema.org\",\"@graph\":[{\"@type\":\"WebPage\",\"@id\":\"https:\\\/\\\/www.specialfabrikken.dk\\\/vare\\\/raekvaerksramme-3-m-galvaniseret\\\/\",\"url\":\"https:\\\/\\\/www.specialfabrikken.dk\\\/vare\\\/raekvaerksramme-3-m-galvaniseret\\\/\",\"name\":\"Galvaniseret R\u00e6kv\u00e6rksramme 3 m - St\u00e6rk og Sikker Byggesikring\",\"isPartOf\":{\"@id\":\"https:\\\/\\\/www.specialfabrikken.dk\\\/#website\"},\"primaryImageOfPage\":{\"@id\":\"https:\\\/\\\/www.specialfabrikken.dk\\\/vare\\\/raekvaerksramme-3-m-galvaniseret\\\/#primaryimage\"},\"image\":{\"@id\":\"https:\\\/\\\/www.specialfabrikken.dk\\\/vare\\\/raekvaerksramme-3-m-galvaniseret\\\/#primaryimage\"},\"thumbnailUrl\":\"https:\\\/\\\/www.specialfabrikken.dk\\\/wp-content\\\/uploads\\\/2020\\\/04\\\/r\u00e6kv\u00e6rksramme.jpg\",\"datePublished\":\"2023-05-24T18:18:33+00:00\",\"dateModified\":\"2025-11-07T10:22:46+00:00\",\"description\":\"Vores galvaniserede r\u00e6kv\u00e6rksramme med en l\u00e6ngde p\u00e5 3 meter er den perfekte l\u00f8sning til at sikre dit byggeprojekt. Den er st\u00e6rk, holdbar og opfylder de h\u00f8jeste sikkerhedsstandarder, hvilket g\u00f8r den ideel til at beskytte dine arbejdere og din byggeplads.\",\"breadcrumb\":{\"@id\":\"https:\\\/\\\/www.specialfabrikken.dk\\\/vare\\\/raekvaerksramme-3-m-galvaniseret\\\/#breadcrumb\"},\"inLanguage\":\"en-US\",\"potentialAction\":[{\"@type\":\"ReadAction\",\"target\":[\"https:\\\/\\\/www.specialfabrikken.dk\\\/vare\\\/raekvaerksramme-3-m-galvaniseret\\\/\"]}]},{\"@type\":\"ImageObject\",\"inLanguage\":\"en-US\",\"@id\":\"https:\\\/\\\/www.specialfabrikken.dk\\\/vare\\\/raekvaerksramme-3-m-galvaniseret\\\/#primaryimage\",\"url\":\"https:\\\/\\\/www.specialfabrikken.dk\\\/wp-content\\\/uploads\\\/2020\\\/04\\\/r\u00e6kv\u00e6rksramme.jpg\",\"contentUrl\":\"https:\\\/\\\/www.specialfabrikken.dk\\\/wp-content\\\/uploads\\\/2020\\\/04\\\/r\u00e6kv\u00e6rksramme.jpg\",\"width\":448,\"height\":134,\"caption\":\"????????\"},{\"@type\":\"BreadcrumbList\",\"@id\":\"https:\\\/\\\/www.specialfabrikken.dk\\\/vare\\\/raekvaerksramme-3-m-galvaniseret\\\/#breadcrumb\",\"itemListElement\":[{\"@type\":\"ListItem\",\"position\":1,\"name\":\"Forside\",\"item\":\"https:\\\/\\\/www.specialfabrikken.dk\\\/\"},{\"@type\":\"ListItem\",\"position\":2,\"name\":\"Shop\",\"item\":\"https:\\\/\\\/www.specialfabrikken.dk\\\/shop\\\/\"},{\"@type\":\"ListItem\",\"position\":3,\"name\":\"R\u00e6kv\u00e6rksramme 3 m. &#8211; galvaniseret\"}]},{\"@type\":\"WebSite\",\"@id\":\"https:\\\/\\\/www.specialfabrikken.dk\\\/#website\",\"url\":\"https:\\\/\\\/www.specialfabrikken.dk\\\/\",\"name\":\"Specialfabrikken\",\"description\":\"Specialfabrikken\",\"potentialAction\":[{\"@type\":\"SearchAction\",\"target\":{\"@type\":\"EntryPoint\",\"urlTemplate\":\"https:\\\/\\\/www.specialfabrikken.dk\\\/?s={search_term_string}\"},\"query-input\":{\"@type\":\"PropertyValueSpecification\",\"valueRequired\":true,\"valueName\":\"search_term_string\"}}],\"inLanguage\":\"en-US\"}]}<\/script>\n<!-- \/ Yoast SEO plugin. -->","yoast_head_json":{"title":"Galvaniseret R\u00e6kv\u00e6rksramme 3 m - St\u00e6rk og Sikker Byggesikring","description":"Vores galvaniserede r\u00e6kv\u00e6rksramme med en l\u00e6ngde p\u00e5 3 meter er den perfekte l\u00f8sning til at sikre dit byggeprojekt. Den er st\u00e6rk, holdbar og opfylder de h\u00f8jeste sikkerhedsstandarder, hvilket g\u00f8r den ideel til at beskytte dine arbejdere og din byggeplads.","robots":{"index":"index","follow":"follow","max-snippet":"max-snippet:-1","max-image-preview":"max-image-preview:large","max-video-preview":"max-video-preview:-1"},"canonical":"https:\/\/www.specialfabrikken.dk\/en\/product-2\/raekvaerksramme-3-m-galvaniseret\/","og_locale":"en_US","og_type":"article","og_title":"Galvaniseret R\u00e6kv\u00e6rksramme 3 m - St\u00e6rk og Sikker Byggesikring","og_description":"Vores galvaniserede r\u00e6kv\u00e6rksramme med en l\u00e6ngde p\u00e5 3 meter er den perfekte l\u00f8sning til at sikre dit byggeprojekt. Den er st\u00e6rk, holdbar og opfylder de h\u00f8jeste sikkerhedsstandarder, hvilket g\u00f8r den ideel til at beskytte dine arbejdere og din byggeplads.","og_url":"https:\/\/www.specialfabrikken.dk\/en\/product-2\/raekvaerksramme-3-m-galvaniseret\/","og_site_name":"Specialfabrikken","article_modified_time":"2025-11-07T10:22:46+00:00","og_image":[{"width":448,"height":134,"url":"https:\/\/www.specialfabrikken.dk\/wp-content\/uploads\/2020\/04\/r\u00e6kv\u00e6rksramme.jpg","type":"image\/jpeg"}],"twitter_card":"summary_large_image","schema":{"@context":"https:\/\/schema.org","@graph":[{"@type":"WebPage","@id":"https:\/\/www.specialfabrikken.dk\/vare\/raekvaerksramme-3-m-galvaniseret\/","url":"https:\/\/www.specialfabrikken.dk\/vare\/raekvaerksramme-3-m-galvaniseret\/","name":"Galvaniseret R\u00e6kv\u00e6rksramme 3 m - St\u00e6rk og Sikker Byggesikring","isPartOf":{"@id":"https:\/\/www.specialfabrikken.dk\/#website"},"primaryImageOfPage":{"@id":"https:\/\/www.specialfabrikken.dk\/vare\/raekvaerksramme-3-m-galvaniseret\/#primaryimage"},"image":{"@id":"https:\/\/www.specialfabrikken.dk\/vare\/raekvaerksramme-3-m-galvaniseret\/#primaryimage"},"thumbnailUrl":"https:\/\/www.specialfabrikken.dk\/wp-content\/uploads\/2020\/04\/r\u00e6kv\u00e6rksramme.jpg","datePublished":"2023-05-24T18:18:33+00:00","dateModified":"2025-11-07T10:22:46+00:00","description":"Vores galvaniserede r\u00e6kv\u00e6rksramme med en l\u00e6ngde p\u00e5 3 meter er den perfekte l\u00f8sning til at sikre dit byggeprojekt. Den er st\u00e6rk, holdbar og opfylder de h\u00f8jeste sikkerhedsstandarder, hvilket g\u00f8r den ideel til at beskytte dine arbejdere og din byggeplads.","breadcrumb":{"@id":"https:\/\/www.specialfabrikken.dk\/vare\/raekvaerksramme-3-m-galvaniseret\/#breadcrumb"},"inLanguage":"en-US","potentialAction":[{"@type":"ReadAction","target":["https:\/\/www.specialfabrikken.dk\/vare\/raekvaerksramme-3-m-galvaniseret\/"]}]},{"@type":"ImageObject","inLanguage":"en-US","@id":"https:\/\/www.specialfabrikken.dk\/vare\/raekvaerksramme-3-m-galvaniseret\/#primaryimage","url":"https:\/\/www.specialfabrikken.dk\/wp-content\/uploads\/2020\/04\/r\u00e6kv\u00e6rksramme.jpg","contentUrl":"https:\/\/www.specialfabrikken.dk\/wp-content\/uploads\/2020\/04\/r\u00e6kv\u00e6rksramme.jpg","width":448,"height":134,"caption":"????????"},{"@type":"BreadcrumbList","@id":"https:\/\/www.specialfabrikken.dk\/vare\/raekvaerksramme-3-m-galvaniseret\/#breadcrumb","itemListElement":[{"@type":"ListItem","position":1,"name":"Forside","item":"https:\/\/www.specialfabrikken.dk\/"},{"@type":"ListItem","position":2,"name":"Shop","item":"https:\/\/www.specialfabrikken.dk\/shop\/"},{"@type":"ListItem","position":3,"name":"R\u00e6kv\u00e6rksramme 3 m. &#8211; galvaniseret"}]},{"@type":"WebSite","@id":"https:\/\/www.specialfabrikken.dk\/#website","url":"https:\/\/www.specialfabrikken.dk\/","name":"Specialfabrikken","description":"Specialfabrikken","potentialAction":[{"@type":"SearchAction","target":{"@type":"EntryPoint","urlTemplate":"https:\/\/www.specialfabrikken.dk\/?s={search_term_string}"},"query-input":{"@type":"PropertyValueSpecification","valueRequired":true,"valueName":"search_term_string"}}],"inLanguage":"en-US"}]}},"_links":{"self":[{"href":"https:\/\/www.specialfabrikken.dk\/en\/wp-json\/wp\/v2\/product\/52622","targetHints":{"allow":["GET"]}}],"collection":[{"href":"https:\/\/www.specialfabrikken.dk\/en\/wp-json\/wp\/v2\/product"}],"about":[{"href":"https:\/\/www.specialfabrikken.dk\/en\/wp-json\/wp\/v2\/types\/product"}],"replies":[{"embeddable":true,"href":"https:\/\/www.specialfabrikken.dk\/en\/wp-json\/wp\/v2\/comments?post=52622"}],"wp:featuredmedia":[{"embeddable":true,"href":"https:\/\/www.specialfabrikken.dk\/en\/wp-json\/wp\/v2\/media\/2375"}],"wp:attachment":[{"href":"https:\/\/www.specialfabrikken.dk\/en\/wp-json\/wp\/v2\/media?parent=52622"}],"wp:term":[{"taxonomy":"product_brand","embeddable":true,"href":"https:\/\/www.specialfabrikken.dk\/en\/wp-json\/wp\/v2\/product_brand?post=52622"},{"taxonomy":"product_cat","embeddable":true,"href":"https:\/\/www.specialfabrikken.dk\/en\/wp-json\/wp\/v2\/product_cat?post=52622"},{"taxonomy":"product_tag","embeddable":true,"href":"https:\/\/www.specialfabrikken.dk\/en\/wp-json\/wp\/v2\/product_tag?post=52622"}],"curies":[{"name":"wp","href":"https:\/\/api.w.org\/{rel}","templated":true}]}}