{"id":52625,"date":"2023-05-24T18:22:28","date_gmt":"2023-05-24T18:22:28","guid":{"rendered":"https:\/\/www.specialfabrikken.dk\/?post_type=product&#038;p=52625"},"modified":"2025-11-07T10:22:45","modified_gmt":"2025-11-07T10:22:45","slug":"teleskophaandliste-for-opskydeligt-raekvaerk-galvaniseret","status":"publish","type":"product","link":"https:\/\/www.specialfabrikken.dk\/en\/vare\/teleskophaandliste-for-opskydeligt-raekvaerk-galvaniseret\/","title":{"rendered":"S\u00f8jle for opskydeligt r\u00e6kv\u00e6rk Facadestillads &#8211; aluminium"},"content":{"rendered":"","protected":false},"excerpt":{"rendered":"<p><b>Fremstillet i aluminium<\/b><\/p>","protected":false},"featured_media":72330,"comment_status":"open","ping_status":"closed","template":"","meta":{"_acf_changed":false,"_et_pb_use_builder":"","_et_pb_old_content":"","_et_gb_content_width":""},"product_brand":[],"product_cat":[55,31],"product_tag":[178],"class_list":{"0":"post-52625","1":"product","2":"type-product","3":"status-publish","4":"has-post-thumbnail","6":"product_cat-staal-facadestillads","7":"product_cat-stillads","8":"product_tag-staal-facadestillads","9":"product_shipping_class-stor","11":"first","12":"onbackorder","13":"taxable","14":"shipping-taxable","15":"purchasable","16":"product-type-simple"},"acf":[],"yoast_head":"<!-- This site is optimized with the Yoast SEO plugin v27.4 - https:\/\/yoast.com\/product\/yoast-seo-wordpress\/ -->\n<title>S\u00f8jle Opskydeligt R\u00e6kv\u00e6rk Facadestillads | Specialfabrikken A\/S<\/title>\n<meta name=\"description\" content=\"Vores galvaniserede teleskoph\u00e5ndliste til opskydeligt r\u00e6kv\u00e6rk giver dig justerbar sikkerhed p\u00e5 dit stillads. Med denne p\u00e5lidelige l\u00f8sning kan du tilpasse h\u00e5ndlisten til forskellige arbejdsomr\u00e5der og skabe en sikker arbejdsplads p\u00e5 din byggeplads.\" \/>\n<meta name=\"robots\" content=\"index, follow, max-snippet:-1, max-image-preview:large, max-video-preview:-1\" \/>\n<link rel=\"canonical\" href=\"https:\/\/www.specialfabrikken.dk\/en\/product-2\/teleskophaandliste-for-opskydeligt-raekvaerk-galvaniseret\/\" \/>\n<meta property=\"og:locale\" content=\"en_US\" \/>\n<meta property=\"og:type\" content=\"article\" \/>\n<meta property=\"og:title\" content=\"S\u00f8jle Opskydeligt R\u00e6kv\u00e6rk Facadestillads | Specialfabrikken A\/S\" \/>\n<meta property=\"og:description\" content=\"Vores galvaniserede teleskoph\u00e5ndliste til opskydeligt r\u00e6kv\u00e6rk giver dig justerbar sikkerhed p\u00e5 dit stillads. Med denne p\u00e5lidelige l\u00f8sning kan du tilpasse h\u00e5ndlisten til forskellige arbejdsomr\u00e5der og skabe en sikker arbejdsplads p\u00e5 din byggeplads.\" \/>\n<meta property=\"og:url\" content=\"https:\/\/www.specialfabrikken.dk\/en\/product-2\/teleskophaandliste-for-opskydeligt-raekvaerk-galvaniseret\/\" \/>\n<meta property=\"og:site_name\" content=\"Specialfabrikken\" \/>\n<meta property=\"article:modified_time\" content=\"2025-11-07T10:22:45+00:00\" \/>\n<meta property=\"og:image\" content=\"https:\/\/www.specialfabrikken.dk\/wp-content\/uploads\/2023\/05\/1060-0107.png\" \/>\n\t<meta property=\"og:image:width\" content=\"1920\" \/>\n\t<meta property=\"og:image:height\" content=\"1080\" \/>\n\t<meta property=\"og:image:type\" content=\"image\/png\" \/>\n<meta name=\"twitter:card\" content=\"summary_large_image\" \/>\n<meta name=\"twitter:label1\" content=\"Est. reading time\" \/>\n\t<meta name=\"twitter:data1\" content=\"1 minute\" \/>\n<script type=\"application\/ld+json\" class=\"yoast-schema-graph\">{\"@context\":\"https:\\\/\\\/schema.org\",\"@graph\":[{\"@type\":\"WebPage\",\"@id\":\"https:\\\/\\\/www.specialfabrikken.dk\\\/vare\\\/teleskophaandliste-for-opskydeligt-raekvaerk-galvaniseret\\\/\",\"url\":\"https:\\\/\\\/www.specialfabrikken.dk\\\/vare\\\/teleskophaandliste-for-opskydeligt-raekvaerk-galvaniseret\\\/\",\"name\":\"S\u00f8jle Opskydeligt R\u00e6kv\u00e6rk Facadestillads | Specialfabrikken A\\\/S\",\"isPartOf\":{\"@id\":\"https:\\\/\\\/www.specialfabrikken.dk\\\/#website\"},\"primaryImageOfPage\":{\"@id\":\"https:\\\/\\\/www.specialfabrikken.dk\\\/vare\\\/teleskophaandliste-for-opskydeligt-raekvaerk-galvaniseret\\\/#primaryimage\"},\"image\":{\"@id\":\"https:\\\/\\\/www.specialfabrikken.dk\\\/vare\\\/teleskophaandliste-for-opskydeligt-raekvaerk-galvaniseret\\\/#primaryimage\"},\"thumbnailUrl\":\"https:\\\/\\\/www.specialfabrikken.dk\\\/wp-content\\\/uploads\\\/2023\\\/05\\\/1060-0107.png\",\"datePublished\":\"2023-05-24T18:22:28+00:00\",\"dateModified\":\"2025-11-07T10:22:45+00:00\",\"description\":\"Vores galvaniserede teleskoph\u00e5ndliste til opskydeligt r\u00e6kv\u00e6rk giver dig justerbar sikkerhed p\u00e5 dit stillads. Med denne p\u00e5lidelige l\u00f8sning kan du tilpasse h\u00e5ndlisten til forskellige arbejdsomr\u00e5der og skabe en sikker arbejdsplads p\u00e5 din byggeplads.\",\"breadcrumb\":{\"@id\":\"https:\\\/\\\/www.specialfabrikken.dk\\\/vare\\\/teleskophaandliste-for-opskydeligt-raekvaerk-galvaniseret\\\/#breadcrumb\"},\"inLanguage\":\"en-US\",\"potentialAction\":[{\"@type\":\"ReadAction\",\"target\":[\"https:\\\/\\\/www.specialfabrikken.dk\\\/vare\\\/teleskophaandliste-for-opskydeligt-raekvaerk-galvaniseret\\\/\"]}]},{\"@type\":\"ImageObject\",\"inLanguage\":\"en-US\",\"@id\":\"https:\\\/\\\/www.specialfabrikken.dk\\\/vare\\\/teleskophaandliste-for-opskydeligt-raekvaerk-galvaniseret\\\/#primaryimage\",\"url\":\"https:\\\/\\\/www.specialfabrikken.dk\\\/wp-content\\\/uploads\\\/2023\\\/05\\\/1060-0107.png\",\"contentUrl\":\"https:\\\/\\\/www.specialfabrikken.dk\\\/wp-content\\\/uploads\\\/2023\\\/05\\\/1060-0107.png\",\"width\":1920,\"height\":1080},{\"@type\":\"BreadcrumbList\",\"@id\":\"https:\\\/\\\/www.specialfabrikken.dk\\\/vare\\\/teleskophaandliste-for-opskydeligt-raekvaerk-galvaniseret\\\/#breadcrumb\",\"itemListElement\":[{\"@type\":\"ListItem\",\"position\":1,\"name\":\"Forside\",\"item\":\"https:\\\/\\\/www.specialfabrikken.dk\\\/\"},{\"@type\":\"ListItem\",\"position\":2,\"name\":\"Shop\",\"item\":\"https:\\\/\\\/www.specialfabrikken.dk\\\/shop\\\/\"},{\"@type\":\"ListItem\",\"position\":3,\"name\":\"S\u00f8jle for opskydeligt r\u00e6kv\u00e6rk Facadestillads &#8211; aluminium\"}]},{\"@type\":\"WebSite\",\"@id\":\"https:\\\/\\\/www.specialfabrikken.dk\\\/#website\",\"url\":\"https:\\\/\\\/www.specialfabrikken.dk\\\/\",\"name\":\"Specialfabrikken\",\"description\":\"Specialfabrikken\",\"potentialAction\":[{\"@type\":\"SearchAction\",\"target\":{\"@type\":\"EntryPoint\",\"urlTemplate\":\"https:\\\/\\\/www.specialfabrikken.dk\\\/?s={search_term_string}\"},\"query-input\":{\"@type\":\"PropertyValueSpecification\",\"valueRequired\":true,\"valueName\":\"search_term_string\"}}],\"inLanguage\":\"en-US\"}]}<\/script>\n<!-- \/ Yoast SEO plugin. -->","yoast_head_json":{"title":"S\u00f8jle Opskydeligt R\u00e6kv\u00e6rk Facadestillads | Specialfabrikken A\/S","description":"Vores galvaniserede teleskoph\u00e5ndliste til opskydeligt r\u00e6kv\u00e6rk giver dig justerbar sikkerhed p\u00e5 dit stillads. Med denne p\u00e5lidelige l\u00f8sning kan du tilpasse h\u00e5ndlisten til forskellige arbejdsomr\u00e5der og skabe en sikker arbejdsplads p\u00e5 din byggeplads.","robots":{"index":"index","follow":"follow","max-snippet":"max-snippet:-1","max-image-preview":"max-image-preview:large","max-video-preview":"max-video-preview:-1"},"canonical":"https:\/\/www.specialfabrikken.dk\/en\/product-2\/teleskophaandliste-for-opskydeligt-raekvaerk-galvaniseret\/","og_locale":"en_US","og_type":"article","og_title":"S\u00f8jle Opskydeligt R\u00e6kv\u00e6rk Facadestillads | Specialfabrikken A\/S","og_description":"Vores galvaniserede teleskoph\u00e5ndliste til opskydeligt r\u00e6kv\u00e6rk giver dig justerbar sikkerhed p\u00e5 dit stillads. Med denne p\u00e5lidelige l\u00f8sning kan du tilpasse h\u00e5ndlisten til forskellige arbejdsomr\u00e5der og skabe en sikker arbejdsplads p\u00e5 din byggeplads.","og_url":"https:\/\/www.specialfabrikken.dk\/en\/product-2\/teleskophaandliste-for-opskydeligt-raekvaerk-galvaniseret\/","og_site_name":"Specialfabrikken","article_modified_time":"2025-11-07T10:22:45+00:00","og_image":[{"width":1920,"height":1080,"url":"https:\/\/www.specialfabrikken.dk\/wp-content\/uploads\/2023\/05\/1060-0107.png","type":"image\/png"}],"twitter_card":"summary_large_image","twitter_misc":{"Est. reading time":"1 minute"},"schema":{"@context":"https:\/\/schema.org","@graph":[{"@type":"WebPage","@id":"https:\/\/www.specialfabrikken.dk\/vare\/teleskophaandliste-for-opskydeligt-raekvaerk-galvaniseret\/","url":"https:\/\/www.specialfabrikken.dk\/vare\/teleskophaandliste-for-opskydeligt-raekvaerk-galvaniseret\/","name":"S\u00f8jle Opskydeligt R\u00e6kv\u00e6rk Facadestillads | Specialfabrikken A\/S","isPartOf":{"@id":"https:\/\/www.specialfabrikken.dk\/#website"},"primaryImageOfPage":{"@id":"https:\/\/www.specialfabrikken.dk\/vare\/teleskophaandliste-for-opskydeligt-raekvaerk-galvaniseret\/#primaryimage"},"image":{"@id":"https:\/\/www.specialfabrikken.dk\/vare\/teleskophaandliste-for-opskydeligt-raekvaerk-galvaniseret\/#primaryimage"},"thumbnailUrl":"https:\/\/www.specialfabrikken.dk\/wp-content\/uploads\/2023\/05\/1060-0107.png","datePublished":"2023-05-24T18:22:28+00:00","dateModified":"2025-11-07T10:22:45+00:00","description":"Vores galvaniserede teleskoph\u00e5ndliste til opskydeligt r\u00e6kv\u00e6rk giver dig justerbar sikkerhed p\u00e5 dit stillads. Med denne p\u00e5lidelige l\u00f8sning kan du tilpasse h\u00e5ndlisten til forskellige arbejdsomr\u00e5der og skabe en sikker arbejdsplads p\u00e5 din byggeplads.","breadcrumb":{"@id":"https:\/\/www.specialfabrikken.dk\/vare\/teleskophaandliste-for-opskydeligt-raekvaerk-galvaniseret\/#breadcrumb"},"inLanguage":"en-US","potentialAction":[{"@type":"ReadAction","target":["https:\/\/www.specialfabrikken.dk\/vare\/teleskophaandliste-for-opskydeligt-raekvaerk-galvaniseret\/"]}]},{"@type":"ImageObject","inLanguage":"en-US","@id":"https:\/\/www.specialfabrikken.dk\/vare\/teleskophaandliste-for-opskydeligt-raekvaerk-galvaniseret\/#primaryimage","url":"https:\/\/www.specialfabrikken.dk\/wp-content\/uploads\/2023\/05\/1060-0107.png","contentUrl":"https:\/\/www.specialfabrikken.dk\/wp-content\/uploads\/2023\/05\/1060-0107.png","width":1920,"height":1080},{"@type":"BreadcrumbList","@id":"https:\/\/www.specialfabrikken.dk\/vare\/teleskophaandliste-for-opskydeligt-raekvaerk-galvaniseret\/#breadcrumb","itemListElement":[{"@type":"ListItem","position":1,"name":"Forside","item":"https:\/\/www.specialfabrikken.dk\/"},{"@type":"ListItem","position":2,"name":"Shop","item":"https:\/\/www.specialfabrikken.dk\/shop\/"},{"@type":"ListItem","position":3,"name":"S\u00f8jle for opskydeligt r\u00e6kv\u00e6rk Facadestillads &#8211; aluminium"}]},{"@type":"WebSite","@id":"https:\/\/www.specialfabrikken.dk\/#website","url":"https:\/\/www.specialfabrikken.dk\/","name":"Specialfabrikken","description":"Specialfabrikken","potentialAction":[{"@type":"SearchAction","target":{"@type":"EntryPoint","urlTemplate":"https:\/\/www.specialfabrikken.dk\/?s={search_term_string}"},"query-input":{"@type":"PropertyValueSpecification","valueRequired":true,"valueName":"search_term_string"}}],"inLanguage":"en-US"}]}},"_links":{"self":[{"href":"https:\/\/www.specialfabrikken.dk\/en\/wp-json\/wp\/v2\/product\/52625","targetHints":{"allow":["GET"]}}],"collection":[{"href":"https:\/\/www.specialfabrikken.dk\/en\/wp-json\/wp\/v2\/product"}],"about":[{"href":"https:\/\/www.specialfabrikken.dk\/en\/wp-json\/wp\/v2\/types\/product"}],"replies":[{"embeddable":true,"href":"https:\/\/www.specialfabrikken.dk\/en\/wp-json\/wp\/v2\/comments?post=52625"}],"wp:featuredmedia":[{"embeddable":true,"href":"https:\/\/www.specialfabrikken.dk\/en\/wp-json\/wp\/v2\/media\/72330"}],"wp:attachment":[{"href":"https:\/\/www.specialfabrikken.dk\/en\/wp-json\/wp\/v2\/media?parent=52625"}],"wp:term":[{"taxonomy":"product_brand","embeddable":true,"href":"https:\/\/www.specialfabrikken.dk\/en\/wp-json\/wp\/v2\/product_brand?post=52625"},{"taxonomy":"product_cat","embeddable":true,"href":"https:\/\/www.specialfabrikken.dk\/en\/wp-json\/wp\/v2\/product_cat?post=52625"},{"taxonomy":"product_tag","embeddable":true,"href":"https:\/\/www.specialfabrikken.dk\/en\/wp-json\/wp\/v2\/product_tag?post=52625"}],"curies":[{"name":"wp","href":"https:\/\/api.w.org\/{rel}","templated":true}]}}