{"id":52647,"date":"2023-05-26T08:55:40","date_gmt":"2023-05-26T08:55:40","guid":{"rendered":"https:\/\/www.specialfabrikken.dk\/?post_type=product&#038;p=52647"},"modified":"2026-04-14T15:45:31","modified_gmt":"2026-04-14T13:45:31","slug":"stilladsstige-213-m-aluminium","status":"publish","type":"product","link":"https:\/\/www.specialfabrikken.dk\/en\/vare\/stilladsstige-213-m-aluminium\/","title":{"rendered":"Stilladsstige 2,13 m. aluminium"},"content":{"rendered":"","protected":false},"excerpt":{"rendered":"<p>Short description:<\/p>\n<ul>\n<li>Fremstillet i aluminium<\/li>\n<li>Med kroge<\/li>\n<li>F\u00e5s i 2 l\u00e6ngder &#8211; 2,13 (denne) og <a href=\"https:\/\/www.specialfabrikken.dk\/en\/product-2\/stilladsstige-313-m-aluminium\/\">3,13 m.<\/a><\/li>\n<\/ul>","protected":false},"featured_media":2349,"comment_status":"open","ping_status":"closed","template":"","meta":{"_acf_changed":false,"_et_pb_use_builder":"","_et_pb_old_content":"","_et_gb_content_width":""},"product_brand":[],"product_cat":[35,55,31],"product_tag":[172,178],"class_list":{"0":"post-52647","1":"product","2":"type-product","3":"status-publish","4":"has-post-thumbnail","6":"product_cat-alufacadestillads","7":"product_cat-staal-facadestillads","8":"product_cat-stillads","9":"product_tag-alu-facadestillads","10":"product_tag-staal-facadestillads","11":"product_shipping_class-stor","13":"first","14":"instock","15":"taxable","16":"shipping-taxable","17":"purchasable","18":"product-type-simple"},"acf":[],"yoast_head":"<!-- This site is optimized with the Yoast SEO plugin v27.4 - https:\/\/yoast.com\/product\/yoast-seo-wordpress\/ -->\n<title>Stilladsstige i aluminium med kroge - Specialfabrikken Vinderup<\/title>\n<meta name=\"description\" content=\"Vores aluminiums stilladsstige med kroge er den perfekte l\u00f8sning til sikker adgang til h\u00f8jere omr\u00e5der p\u00e5 dit bygge- eller konstruktionssted. Den er letv\u00e6gtig, fremstillet af holdbart aluminium og udstyret med p\u00e5lidelige kroge til fastg\u00f8relse. \u00d8g effektiviteten og sikkerheden p\u00e5 din arbejdsplads med vores p\u00e5lidelige stilladsstige.\" \/>\n<meta name=\"robots\" content=\"index, follow, max-snippet:-1, max-image-preview:large, max-video-preview:-1\" \/>\n<link rel=\"canonical\" href=\"https:\/\/www.specialfabrikken.dk\/en\/product-2\/stilladsstige-213-m-aluminium\/\" \/>\n<meta property=\"og:locale\" content=\"en_US\" \/>\n<meta property=\"og:type\" content=\"article\" \/>\n<meta property=\"og:title\" content=\"Stilladsstige i aluminium med kroge - Specialfabrikken Vinderup\" \/>\n<meta property=\"og:description\" content=\"Vores aluminiums stilladsstige med kroge er den perfekte l\u00f8sning til sikker adgang til h\u00f8jere omr\u00e5der p\u00e5 dit bygge- eller konstruktionssted. Den er letv\u00e6gtig, fremstillet af holdbart aluminium og udstyret med p\u00e5lidelige kroge til fastg\u00f8relse. \u00d8g effektiviteten og sikkerheden p\u00e5 din arbejdsplads med vores p\u00e5lidelige stilladsstige.\" \/>\n<meta property=\"og:url\" content=\"https:\/\/www.specialfabrikken.dk\/en\/product-2\/stilladsstige-213-m-aluminium\/\" \/>\n<meta property=\"og:site_name\" content=\"Specialfabrikken\" \/>\n<meta property=\"article:modified_time\" content=\"2026-04-14T13:45:31+00:00\" \/>\n<meta property=\"og:image\" content=\"https:\/\/www.specialfabrikken.dk\/wp-content\/uploads\/2020\/04\/stilladsstige-med-kroge-i-aluminium-scaled.jpg\" \/>\n\t<meta property=\"og:image:width\" content=\"2560\" \/>\n\t<meta property=\"og:image:height\" content=\"1242\" \/>\n\t<meta property=\"og:image:type\" content=\"image\/jpeg\" \/>\n<meta name=\"twitter:card\" content=\"summary_large_image\" \/>\n<meta name=\"twitter:label1\" content=\"Est. reading time\" \/>\n\t<meta name=\"twitter:data1\" content=\"1 minute\" \/>\n<script type=\"application\/ld+json\" class=\"yoast-schema-graph\">{\"@context\":\"https:\\\/\\\/schema.org\",\"@graph\":[{\"@type\":\"WebPage\",\"@id\":\"https:\\\/\\\/www.specialfabrikken.dk\\\/vare\\\/stilladsstige-213-m-aluminium\\\/\",\"url\":\"https:\\\/\\\/www.specialfabrikken.dk\\\/vare\\\/stilladsstige-213-m-aluminium\\\/\",\"name\":\"Stilladsstige i aluminium med kroge - Specialfabrikken Vinderup\",\"isPartOf\":{\"@id\":\"https:\\\/\\\/www.specialfabrikken.dk\\\/#website\"},\"primaryImageOfPage\":{\"@id\":\"https:\\\/\\\/www.specialfabrikken.dk\\\/vare\\\/stilladsstige-213-m-aluminium\\\/#primaryimage\"},\"image\":{\"@id\":\"https:\\\/\\\/www.specialfabrikken.dk\\\/vare\\\/stilladsstige-213-m-aluminium\\\/#primaryimage\"},\"thumbnailUrl\":\"https:\\\/\\\/www.specialfabrikken.dk\\\/wp-content\\\/uploads\\\/2020\\\/04\\\/stilladsstige-med-kroge-i-aluminium-scaled.jpg\",\"datePublished\":\"2023-05-26T08:55:40+00:00\",\"dateModified\":\"2026-04-14T13:45:31+00:00\",\"description\":\"Vores aluminiums stilladsstige med kroge er den perfekte l\u00f8sning til sikker adgang til h\u00f8jere omr\u00e5der p\u00e5 dit bygge- eller konstruktionssted. Den er letv\u00e6gtig, fremstillet af holdbart aluminium og udstyret med p\u00e5lidelige kroge til fastg\u00f8relse. \u00d8g effektiviteten og sikkerheden p\u00e5 din arbejdsplads med vores p\u00e5lidelige stilladsstige.\",\"breadcrumb\":{\"@id\":\"https:\\\/\\\/www.specialfabrikken.dk\\\/vare\\\/stilladsstige-213-m-aluminium\\\/#breadcrumb\"},\"inLanguage\":\"en-US\",\"potentialAction\":[{\"@type\":\"ReadAction\",\"target\":[\"https:\\\/\\\/www.specialfabrikken.dk\\\/vare\\\/stilladsstige-213-m-aluminium\\\/\"]}]},{\"@type\":\"ImageObject\",\"inLanguage\":\"en-US\",\"@id\":\"https:\\\/\\\/www.specialfabrikken.dk\\\/vare\\\/stilladsstige-213-m-aluminium\\\/#primaryimage\",\"url\":\"https:\\\/\\\/www.specialfabrikken.dk\\\/wp-content\\\/uploads\\\/2020\\\/04\\\/stilladsstige-med-kroge-i-aluminium-scaled.jpg\",\"contentUrl\":\"https:\\\/\\\/www.specialfabrikken.dk\\\/wp-content\\\/uploads\\\/2020\\\/04\\\/stilladsstige-med-kroge-i-aluminium-scaled.jpg\",\"width\":2560,\"height\":1242,\"caption\":\"stilladsstige med kroge i aluminium\"},{\"@type\":\"BreadcrumbList\",\"@id\":\"https:\\\/\\\/www.specialfabrikken.dk\\\/vare\\\/stilladsstige-213-m-aluminium\\\/#breadcrumb\",\"itemListElement\":[{\"@type\":\"ListItem\",\"position\":1,\"name\":\"Forside\",\"item\":\"https:\\\/\\\/www.specialfabrikken.dk\\\/\"},{\"@type\":\"ListItem\",\"position\":2,\"name\":\"Shop\",\"item\":\"https:\\\/\\\/www.specialfabrikken.dk\\\/shop\\\/\"},{\"@type\":\"ListItem\",\"position\":3,\"name\":\"Stilladsstige 2,13 m. aluminium\"}]},{\"@type\":\"WebSite\",\"@id\":\"https:\\\/\\\/www.specialfabrikken.dk\\\/#website\",\"url\":\"https:\\\/\\\/www.specialfabrikken.dk\\\/\",\"name\":\"Specialfabrikken\",\"description\":\"Specialfabrikken\",\"potentialAction\":[{\"@type\":\"SearchAction\",\"target\":{\"@type\":\"EntryPoint\",\"urlTemplate\":\"https:\\\/\\\/www.specialfabrikken.dk\\\/?s={search_term_string}\"},\"query-input\":{\"@type\":\"PropertyValueSpecification\",\"valueRequired\":true,\"valueName\":\"search_term_string\"}}],\"inLanguage\":\"en-US\"}]}<\/script>\n<!-- \/ Yoast SEO plugin. -->","yoast_head_json":{"title":"Stilladsstige i aluminium med kroge - Specialfabrikken Vinderup","description":"Vores aluminiums stilladsstige med kroge er den perfekte l\u00f8sning til sikker adgang til h\u00f8jere omr\u00e5der p\u00e5 dit bygge- eller konstruktionssted. Den er letv\u00e6gtig, fremstillet af holdbart aluminium og udstyret med p\u00e5lidelige kroge til fastg\u00f8relse. \u00d8g effektiviteten og sikkerheden p\u00e5 din arbejdsplads med vores p\u00e5lidelige stilladsstige.","robots":{"index":"index","follow":"follow","max-snippet":"max-snippet:-1","max-image-preview":"max-image-preview:large","max-video-preview":"max-video-preview:-1"},"canonical":"https:\/\/www.specialfabrikken.dk\/en\/product-2\/stilladsstige-213-m-aluminium\/","og_locale":"en_US","og_type":"article","og_title":"Stilladsstige i aluminium med kroge - Specialfabrikken Vinderup","og_description":"Vores aluminiums stilladsstige med kroge er den perfekte l\u00f8sning til sikker adgang til h\u00f8jere omr\u00e5der p\u00e5 dit bygge- eller konstruktionssted. Den er letv\u00e6gtig, fremstillet af holdbart aluminium og udstyret med p\u00e5lidelige kroge til fastg\u00f8relse. \u00d8g effektiviteten og sikkerheden p\u00e5 din arbejdsplads med vores p\u00e5lidelige stilladsstige.","og_url":"https:\/\/www.specialfabrikken.dk\/en\/product-2\/stilladsstige-213-m-aluminium\/","og_site_name":"Specialfabrikken","article_modified_time":"2026-04-14T13:45:31+00:00","og_image":[{"width":2560,"height":1242,"url":"https:\/\/www.specialfabrikken.dk\/wp-content\/uploads\/2020\/04\/stilladsstige-med-kroge-i-aluminium-scaled.jpg","type":"image\/jpeg"}],"twitter_card":"summary_large_image","twitter_misc":{"Est. reading time":"1 minute"},"schema":{"@context":"https:\/\/schema.org","@graph":[{"@type":"WebPage","@id":"https:\/\/www.specialfabrikken.dk\/vare\/stilladsstige-213-m-aluminium\/","url":"https:\/\/www.specialfabrikken.dk\/vare\/stilladsstige-213-m-aluminium\/","name":"Stilladsstige i aluminium med kroge - Specialfabrikken Vinderup","isPartOf":{"@id":"https:\/\/www.specialfabrikken.dk\/#website"},"primaryImageOfPage":{"@id":"https:\/\/www.specialfabrikken.dk\/vare\/stilladsstige-213-m-aluminium\/#primaryimage"},"image":{"@id":"https:\/\/www.specialfabrikken.dk\/vare\/stilladsstige-213-m-aluminium\/#primaryimage"},"thumbnailUrl":"https:\/\/www.specialfabrikken.dk\/wp-content\/uploads\/2020\/04\/stilladsstige-med-kroge-i-aluminium-scaled.jpg","datePublished":"2023-05-26T08:55:40+00:00","dateModified":"2026-04-14T13:45:31+00:00","description":"Vores aluminiums stilladsstige med kroge er den perfekte l\u00f8sning til sikker adgang til h\u00f8jere omr\u00e5der p\u00e5 dit bygge- eller konstruktionssted. Den er letv\u00e6gtig, fremstillet af holdbart aluminium og udstyret med p\u00e5lidelige kroge til fastg\u00f8relse. \u00d8g effektiviteten og sikkerheden p\u00e5 din arbejdsplads med vores p\u00e5lidelige stilladsstige.","breadcrumb":{"@id":"https:\/\/www.specialfabrikken.dk\/vare\/stilladsstige-213-m-aluminium\/#breadcrumb"},"inLanguage":"en-US","potentialAction":[{"@type":"ReadAction","target":["https:\/\/www.specialfabrikken.dk\/vare\/stilladsstige-213-m-aluminium\/"]}]},{"@type":"ImageObject","inLanguage":"en-US","@id":"https:\/\/www.specialfabrikken.dk\/vare\/stilladsstige-213-m-aluminium\/#primaryimage","url":"https:\/\/www.specialfabrikken.dk\/wp-content\/uploads\/2020\/04\/stilladsstige-med-kroge-i-aluminium-scaled.jpg","contentUrl":"https:\/\/www.specialfabrikken.dk\/wp-content\/uploads\/2020\/04\/stilladsstige-med-kroge-i-aluminium-scaled.jpg","width":2560,"height":1242,"caption":"stilladsstige med kroge i aluminium"},{"@type":"BreadcrumbList","@id":"https:\/\/www.specialfabrikken.dk\/vare\/stilladsstige-213-m-aluminium\/#breadcrumb","itemListElement":[{"@type":"ListItem","position":1,"name":"Forside","item":"https:\/\/www.specialfabrikken.dk\/"},{"@type":"ListItem","position":2,"name":"Shop","item":"https:\/\/www.specialfabrikken.dk\/shop\/"},{"@type":"ListItem","position":3,"name":"Stilladsstige 2,13 m. aluminium"}]},{"@type":"WebSite","@id":"https:\/\/www.specialfabrikken.dk\/#website","url":"https:\/\/www.specialfabrikken.dk\/","name":"Specialfabrikken","description":"Specialfabrikken","potentialAction":[{"@type":"SearchAction","target":{"@type":"EntryPoint","urlTemplate":"https:\/\/www.specialfabrikken.dk\/?s={search_term_string}"},"query-input":{"@type":"PropertyValueSpecification","valueRequired":true,"valueName":"search_term_string"}}],"inLanguage":"en-US"}]}},"_links":{"self":[{"href":"https:\/\/www.specialfabrikken.dk\/en\/wp-json\/wp\/v2\/product\/52647","targetHints":{"allow":["GET"]}}],"collection":[{"href":"https:\/\/www.specialfabrikken.dk\/en\/wp-json\/wp\/v2\/product"}],"about":[{"href":"https:\/\/www.specialfabrikken.dk\/en\/wp-json\/wp\/v2\/types\/product"}],"replies":[{"embeddable":true,"href":"https:\/\/www.specialfabrikken.dk\/en\/wp-json\/wp\/v2\/comments?post=52647"}],"wp:featuredmedia":[{"embeddable":true,"href":"https:\/\/www.specialfabrikken.dk\/en\/wp-json\/wp\/v2\/media\/2349"}],"wp:attachment":[{"href":"https:\/\/www.specialfabrikken.dk\/en\/wp-json\/wp\/v2\/media?parent=52647"}],"wp:term":[{"taxonomy":"product_brand","embeddable":true,"href":"https:\/\/www.specialfabrikken.dk\/en\/wp-json\/wp\/v2\/product_brand?post=52647"},{"taxonomy":"product_cat","embeddable":true,"href":"https:\/\/www.specialfabrikken.dk\/en\/wp-json\/wp\/v2\/product_cat?post=52647"},{"taxonomy":"product_tag","embeddable":true,"href":"https:\/\/www.specialfabrikken.dk\/en\/wp-json\/wp\/v2\/product_tag?post=52647"}],"curies":[{"name":"wp","href":"https:\/\/api.w.org\/{rel}","templated":true}]}}