{"id":52707,"date":"2023-06-04T19:10:12","date_gmt":"2023-06-04T19:10:12","guid":{"rendered":"https:\/\/www.specialfabrikken.dk\/?post_type=product&#038;p=52707"},"modified":"2025-11-07T09:45:23","modified_gmt":"2025-11-07T09:45:23","slug":"alu-daek-uden-lem-med-alu-doerkplade-forstaerket-aluminium","status":"publish","type":"product","link":"https:\/\/www.specialfabrikken.dk\/en\/vare\/alu-daek-uden-lem-med-alu-doerkplade-forstaerket-aluminium\/","title":{"rendered":"Alu-d\u00e6k uden lem 0,6 x 3,00 m. &#8211; med alu-d\u00f8rkplade"},"content":{"rendered":"<p>Alu-d\u00e6k uden lem 0,6 x 3,00 m. &#8211; med alu-d\u00f8rkplade<\/p>","protected":false},"excerpt":{"rendered":"<p><b>Fremstillet i aluminium<\/b><\/p>\n<p><strong>Belastningsklasse 3 &#8211; 200kg. pr. m2<\/strong><\/p>","protected":false},"featured_media":1164,"comment_status":"open","ping_status":"closed","template":"","meta":{"_acf_changed":false,"_et_pb_use_builder":"","_et_pb_old_content":"","_et_gb_content_width":""},"product_brand":[],"product_cat":[35,102,54,66,55,31],"product_tag":[172,123],"class_list":{"0":"post-52707","1":"product","2":"type-product","3":"status-publish","4":"has-post-thumbnail","6":"product_cat-alufacadestillads","7":"product_cat-alu-daek","8":"product_cat-alu-rullestillads","9":"product_cat-bukkestillads","10":"product_cat-staal-facadestillads","11":"product_cat-stillads","12":"product_tag-alu-facadestillads","13":"product_tag-alu-daek","14":"product_shipping_class-stor","16":"first","17":"onbackorder","18":"taxable","19":"shipping-taxable","20":"purchasable","21":"product-type-simple"},"acf":[],"yoast_head":"<!-- This site is optimized with the Yoast SEO plugin v27.4 - https:\/\/yoast.com\/product\/yoast-seo-wordpress\/ -->\n<title>Alu-d\u00e6k uden lem med Alu-d\u00f8rkplade - Specialfabrikken Vinderup<\/title>\n<meta name=\"description\" content=\"Vores forst\u00e6rkede alu-d\u00e6k uden lem med alu-d\u00f8rkplade er den ultimative l\u00f8sning til dine stilladsbehov. Fremstillet i aluminium og klassificeret i belastningsklasse 3 med en kapacitet p\u00e5 200 kg pr. m2, er dette alu-d\u00e6k designet til at levere holdbarhed og styrke. G\u00f8r dit arbejde mere sikkert og effektivt med vores p\u00e5lidelige alu-d\u00e6k.\" \/>\n<meta name=\"robots\" content=\"index, follow, max-snippet:-1, max-image-preview:large, max-video-preview:-1\" \/>\n<link rel=\"canonical\" href=\"https:\/\/www.specialfabrikken.dk\/en\/product-2\/alu-daek-uden-lem-med-alu-doerkplade-forstaerket-aluminium\/\" \/>\n<meta property=\"og:locale\" content=\"en_US\" \/>\n<meta property=\"og:type\" content=\"article\" \/>\n<meta property=\"og:title\" content=\"Alu-d\u00e6k uden lem med Alu-d\u00f8rkplade - Specialfabrikken Vinderup\" \/>\n<meta property=\"og:description\" content=\"Vores forst\u00e6rkede alu-d\u00e6k uden lem med alu-d\u00f8rkplade er den ultimative l\u00f8sning til dine stilladsbehov. Fremstillet i aluminium og klassificeret i belastningsklasse 3 med en kapacitet p\u00e5 200 kg pr. m2, er dette alu-d\u00e6k designet til at levere holdbarhed og styrke. G\u00f8r dit arbejde mere sikkert og effektivt med vores p\u00e5lidelige alu-d\u00e6k.\" \/>\n<meta property=\"og:url\" content=\"https:\/\/www.specialfabrikken.dk\/en\/product-2\/alu-daek-uden-lem-med-alu-doerkplade-forstaerket-aluminium\/\" \/>\n<meta property=\"og:site_name\" content=\"Specialfabrikken\" \/>\n<meta property=\"article:modified_time\" content=\"2025-11-07T09:45:23+00:00\" \/>\n<meta property=\"og:image\" content=\"https:\/\/www.specialfabrikken.dk\/wp-content\/uploads\/2020\/02\/alu-d\u00e6k-aluplade.png\" \/>\n\t<meta property=\"og:image:width\" content=\"1684\" \/>\n\t<meta property=\"og:image:height\" content=\"532\" \/>\n\t<meta property=\"og:image:type\" content=\"image\/png\" \/>\n<meta name=\"twitter:card\" content=\"summary_large_image\" \/>\n<meta name=\"twitter:label1\" content=\"Est. reading time\" \/>\n\t<meta name=\"twitter:data1\" content=\"1 minute\" \/>\n<script type=\"application\/ld+json\" class=\"yoast-schema-graph\">{\"@context\":\"https:\\\/\\\/schema.org\",\"@graph\":[{\"@type\":\"WebPage\",\"@id\":\"https:\\\/\\\/www.specialfabrikken.dk\\\/vare\\\/alu-daek-uden-lem-med-alu-doerkplade-forstaerket-aluminium\\\/\",\"url\":\"https:\\\/\\\/www.specialfabrikken.dk\\\/vare\\\/alu-daek-uden-lem-med-alu-doerkplade-forstaerket-aluminium\\\/\",\"name\":\"Alu-d\u00e6k uden lem med Alu-d\u00f8rkplade - Specialfabrikken Vinderup\",\"isPartOf\":{\"@id\":\"https:\\\/\\\/www.specialfabrikken.dk\\\/#website\"},\"primaryImageOfPage\":{\"@id\":\"https:\\\/\\\/www.specialfabrikken.dk\\\/vare\\\/alu-daek-uden-lem-med-alu-doerkplade-forstaerket-aluminium\\\/#primaryimage\"},\"image\":{\"@id\":\"https:\\\/\\\/www.specialfabrikken.dk\\\/vare\\\/alu-daek-uden-lem-med-alu-doerkplade-forstaerket-aluminium\\\/#primaryimage\"},\"thumbnailUrl\":\"https:\\\/\\\/www.specialfabrikken.dk\\\/wp-content\\\/uploads\\\/2020\\\/02\\\/alu-d\u00e6k-aluplade.png\",\"datePublished\":\"2023-06-04T19:10:12+00:00\",\"dateModified\":\"2025-11-07T09:45:23+00:00\",\"description\":\"Vores forst\u00e6rkede alu-d\u00e6k uden lem med alu-d\u00f8rkplade er den ultimative l\u00f8sning til dine stilladsbehov. Fremstillet i aluminium og klassificeret i belastningsklasse 3 med en kapacitet p\u00e5 200 kg pr. m2, er dette alu-d\u00e6k designet til at levere holdbarhed og styrke. G\u00f8r dit arbejde mere sikkert og effektivt med vores p\u00e5lidelige alu-d\u00e6k.\",\"breadcrumb\":{\"@id\":\"https:\\\/\\\/www.specialfabrikken.dk\\\/vare\\\/alu-daek-uden-lem-med-alu-doerkplade-forstaerket-aluminium\\\/#breadcrumb\"},\"inLanguage\":\"en-US\",\"potentialAction\":[{\"@type\":\"ReadAction\",\"target\":[\"https:\\\/\\\/www.specialfabrikken.dk\\\/vare\\\/alu-daek-uden-lem-med-alu-doerkplade-forstaerket-aluminium\\\/\"]}]},{\"@type\":\"ImageObject\",\"inLanguage\":\"en-US\",\"@id\":\"https:\\\/\\\/www.specialfabrikken.dk\\\/vare\\\/alu-daek-uden-lem-med-alu-doerkplade-forstaerket-aluminium\\\/#primaryimage\",\"url\":\"https:\\\/\\\/www.specialfabrikken.dk\\\/wp-content\\\/uploads\\\/2020\\\/02\\\/alu-d\u00e6k-aluplade.png\",\"contentUrl\":\"https:\\\/\\\/www.specialfabrikken.dk\\\/wp-content\\\/uploads\\\/2020\\\/02\\\/alu-d\u00e6k-aluplade.png\",\"width\":1684,\"height\":532,\"caption\":\"alu d\u00e6k med aluplade\"},{\"@type\":\"BreadcrumbList\",\"@id\":\"https:\\\/\\\/www.specialfabrikken.dk\\\/vare\\\/alu-daek-uden-lem-med-alu-doerkplade-forstaerket-aluminium\\\/#breadcrumb\",\"itemListElement\":[{\"@type\":\"ListItem\",\"position\":1,\"name\":\"Forside\",\"item\":\"https:\\\/\\\/www.specialfabrikken.dk\\\/\"},{\"@type\":\"ListItem\",\"position\":2,\"name\":\"Shop\",\"item\":\"https:\\\/\\\/www.specialfabrikken.dk\\\/shop\\\/\"},{\"@type\":\"ListItem\",\"position\":3,\"name\":\"Alu-d\u00e6k uden lem 0,6 x 3,00 m. &#8211; med alu-d\u00f8rkplade\"}]},{\"@type\":\"WebSite\",\"@id\":\"https:\\\/\\\/www.specialfabrikken.dk\\\/#website\",\"url\":\"https:\\\/\\\/www.specialfabrikken.dk\\\/\",\"name\":\"Specialfabrikken\",\"description\":\"Specialfabrikken\",\"potentialAction\":[{\"@type\":\"SearchAction\",\"target\":{\"@type\":\"EntryPoint\",\"urlTemplate\":\"https:\\\/\\\/www.specialfabrikken.dk\\\/?s={search_term_string}\"},\"query-input\":{\"@type\":\"PropertyValueSpecification\",\"valueRequired\":true,\"valueName\":\"search_term_string\"}}],\"inLanguage\":\"en-US\"}]}<\/script>\n<!-- \/ Yoast SEO plugin. -->","yoast_head_json":{"title":"Alu-d\u00e6k uden lem med Alu-d\u00f8rkplade - Specialfabrikken Vinderup","description":"Vores forst\u00e6rkede alu-d\u00e6k uden lem med alu-d\u00f8rkplade er den ultimative l\u00f8sning til dine stilladsbehov. Fremstillet i aluminium og klassificeret i belastningsklasse 3 med en kapacitet p\u00e5 200 kg pr. m2, er dette alu-d\u00e6k designet til at levere holdbarhed og styrke. G\u00f8r dit arbejde mere sikkert og effektivt med vores p\u00e5lidelige alu-d\u00e6k.","robots":{"index":"index","follow":"follow","max-snippet":"max-snippet:-1","max-image-preview":"max-image-preview:large","max-video-preview":"max-video-preview:-1"},"canonical":"https:\/\/www.specialfabrikken.dk\/en\/product-2\/alu-daek-uden-lem-med-alu-doerkplade-forstaerket-aluminium\/","og_locale":"en_US","og_type":"article","og_title":"Alu-d\u00e6k uden lem med Alu-d\u00f8rkplade - Specialfabrikken Vinderup","og_description":"Vores forst\u00e6rkede alu-d\u00e6k uden lem med alu-d\u00f8rkplade er den ultimative l\u00f8sning til dine stilladsbehov. Fremstillet i aluminium og klassificeret i belastningsklasse 3 med en kapacitet p\u00e5 200 kg pr. m2, er dette alu-d\u00e6k designet til at levere holdbarhed og styrke. G\u00f8r dit arbejde mere sikkert og effektivt med vores p\u00e5lidelige alu-d\u00e6k.","og_url":"https:\/\/www.specialfabrikken.dk\/en\/product-2\/alu-daek-uden-lem-med-alu-doerkplade-forstaerket-aluminium\/","og_site_name":"Specialfabrikken","article_modified_time":"2025-11-07T09:45:23+00:00","og_image":[{"width":1684,"height":532,"url":"https:\/\/www.specialfabrikken.dk\/wp-content\/uploads\/2020\/02\/alu-d\u00e6k-aluplade.png","type":"image\/png"}],"twitter_card":"summary_large_image","twitter_misc":{"Est. reading time":"1 minute"},"schema":{"@context":"https:\/\/schema.org","@graph":[{"@type":"WebPage","@id":"https:\/\/www.specialfabrikken.dk\/vare\/alu-daek-uden-lem-med-alu-doerkplade-forstaerket-aluminium\/","url":"https:\/\/www.specialfabrikken.dk\/vare\/alu-daek-uden-lem-med-alu-doerkplade-forstaerket-aluminium\/","name":"Alu-d\u00e6k uden lem med Alu-d\u00f8rkplade - Specialfabrikken Vinderup","isPartOf":{"@id":"https:\/\/www.specialfabrikken.dk\/#website"},"primaryImageOfPage":{"@id":"https:\/\/www.specialfabrikken.dk\/vare\/alu-daek-uden-lem-med-alu-doerkplade-forstaerket-aluminium\/#primaryimage"},"image":{"@id":"https:\/\/www.specialfabrikken.dk\/vare\/alu-daek-uden-lem-med-alu-doerkplade-forstaerket-aluminium\/#primaryimage"},"thumbnailUrl":"https:\/\/www.specialfabrikken.dk\/wp-content\/uploads\/2020\/02\/alu-d\u00e6k-aluplade.png","datePublished":"2023-06-04T19:10:12+00:00","dateModified":"2025-11-07T09:45:23+00:00","description":"Vores forst\u00e6rkede alu-d\u00e6k uden lem med alu-d\u00f8rkplade er den ultimative l\u00f8sning til dine stilladsbehov. Fremstillet i aluminium og klassificeret i belastningsklasse 3 med en kapacitet p\u00e5 200 kg pr. m2, er dette alu-d\u00e6k designet til at levere holdbarhed og styrke. G\u00f8r dit arbejde mere sikkert og effektivt med vores p\u00e5lidelige alu-d\u00e6k.","breadcrumb":{"@id":"https:\/\/www.specialfabrikken.dk\/vare\/alu-daek-uden-lem-med-alu-doerkplade-forstaerket-aluminium\/#breadcrumb"},"inLanguage":"en-US","potentialAction":[{"@type":"ReadAction","target":["https:\/\/www.specialfabrikken.dk\/vare\/alu-daek-uden-lem-med-alu-doerkplade-forstaerket-aluminium\/"]}]},{"@type":"ImageObject","inLanguage":"en-US","@id":"https:\/\/www.specialfabrikken.dk\/vare\/alu-daek-uden-lem-med-alu-doerkplade-forstaerket-aluminium\/#primaryimage","url":"https:\/\/www.specialfabrikken.dk\/wp-content\/uploads\/2020\/02\/alu-d\u00e6k-aluplade.png","contentUrl":"https:\/\/www.specialfabrikken.dk\/wp-content\/uploads\/2020\/02\/alu-d\u00e6k-aluplade.png","width":1684,"height":532,"caption":"alu d\u00e6k med aluplade"},{"@type":"BreadcrumbList","@id":"https:\/\/www.specialfabrikken.dk\/vare\/alu-daek-uden-lem-med-alu-doerkplade-forstaerket-aluminium\/#breadcrumb","itemListElement":[{"@type":"ListItem","position":1,"name":"Forside","item":"https:\/\/www.specialfabrikken.dk\/"},{"@type":"ListItem","position":2,"name":"Shop","item":"https:\/\/www.specialfabrikken.dk\/shop\/"},{"@type":"ListItem","position":3,"name":"Alu-d\u00e6k uden lem 0,6 x 3,00 m. &#8211; med alu-d\u00f8rkplade"}]},{"@type":"WebSite","@id":"https:\/\/www.specialfabrikken.dk\/#website","url":"https:\/\/www.specialfabrikken.dk\/","name":"Specialfabrikken","description":"Specialfabrikken","potentialAction":[{"@type":"SearchAction","target":{"@type":"EntryPoint","urlTemplate":"https:\/\/www.specialfabrikken.dk\/?s={search_term_string}"},"query-input":{"@type":"PropertyValueSpecification","valueRequired":true,"valueName":"search_term_string"}}],"inLanguage":"en-US"}]}},"_links":{"self":[{"href":"https:\/\/www.specialfabrikken.dk\/en\/wp-json\/wp\/v2\/product\/52707","targetHints":{"allow":["GET"]}}],"collection":[{"href":"https:\/\/www.specialfabrikken.dk\/en\/wp-json\/wp\/v2\/product"}],"about":[{"href":"https:\/\/www.specialfabrikken.dk\/en\/wp-json\/wp\/v2\/types\/product"}],"replies":[{"embeddable":true,"href":"https:\/\/www.specialfabrikken.dk\/en\/wp-json\/wp\/v2\/comments?post=52707"}],"wp:featuredmedia":[{"embeddable":true,"href":"https:\/\/www.specialfabrikken.dk\/en\/wp-json\/wp\/v2\/media\/1164"}],"wp:attachment":[{"href":"https:\/\/www.specialfabrikken.dk\/en\/wp-json\/wp\/v2\/media?parent=52707"}],"wp:term":[{"taxonomy":"product_brand","embeddable":true,"href":"https:\/\/www.specialfabrikken.dk\/en\/wp-json\/wp\/v2\/product_brand?post=52707"},{"taxonomy":"product_cat","embeddable":true,"href":"https:\/\/www.specialfabrikken.dk\/en\/wp-json\/wp\/v2\/product_cat?post=52707"},{"taxonomy":"product_tag","embeddable":true,"href":"https:\/\/www.specialfabrikken.dk\/en\/wp-json\/wp\/v2\/product_tag?post=52707"}],"curies":[{"name":"wp","href":"https:\/\/api.w.org\/{rel}","templated":true}]}}