{"id":52802,"date":"2023-06-19T11:57:43","date_gmt":"2023-06-19T11:57:43","guid":{"rendered":"https:\/\/www.specialfabrikken.dk\/?post_type=product&#038;p=52802"},"modified":"2026-01-13T11:23:25","modified_gmt":"2026-01-13T11:23:25","slug":"soejle-med-muffe-05-m-enhak-muffe-op","status":"publish","type":"product","link":"https:\/\/www.specialfabrikken.dk\/en\/vare\/soejle-med-muffe-05-m-enhak-muffe-op\/","title":{"rendered":"Enhak s\u00f8jle 0,5 m."},"content":{"rendered":"<p>S\u00f8jle med muffesamling 0,5 m. (Enhak \/ muffe op)<\/p>\n<p>Kort sagt<\/p>\n<ul>\n<li><a href=\"https:\/\/www.specialfabrikken.dk\/en\/product-category\/stillads\/murerstillads\/soejle\/\">Galvaniseret s\u00f8jle med u-b\u00f8jler p\u00e5 fire sider &#8211; med muffesamling.<\/a><\/li>\n<li>Fremstillet i h\u00f8jstyrkest\u00e5l, s\u00e5 de overholder de anbefalede v\u00e6gtbegr\u00e6nsninger.<\/li>\n<li>Bem\u00e6rk! Dokumenteret s\u00f8jletryk p\u00e5 20kN!<\/li>\n<\/ul>","protected":false},"excerpt":{"rendered":"<h1>Vinderup Prof\u00ae Murerstillads S\u00f8jle med muffesamling 0,5 m.<\/h1>","protected":false},"featured_media":52833,"comment_status":"open","ping_status":"closed","template":"","meta":{"_acf_changed":false,"_et_pb_use_builder":"","_et_pb_old_content":"","_et_gb_content_width":""},"product_brand":[],"product_cat":[98,32,72,31],"product_tag":[48],"class_list":{"0":"post-52802","1":"product","2":"type-product","3":"status-publish","4":"has-post-thumbnail","6":"product_cat-muffe-op-enhak","7":"product_cat-murerstillads","8":"product_cat-soejle","9":"product_cat-stillads","10":"product_tag-murerstillads","11":"product_shipping_class-stor","13":"first","14":"onbackorder","15":"taxable","16":"shipping-taxable","17":"purchasable","18":"product-type-simple"},"acf":[],"yoast_head":"<!-- This site is optimized with the Yoast SEO plugin v27.4 - https:\/\/yoast.com\/product\/yoast-seo-wordpress\/ -->\n<title>S\u00f8jle med Muffe 0,5 m. (Enhak\/Muffe Op) | Specialfabrikken A\/S<\/title>\n<meta name=\"description\" content=\"Vores galvaniserede s\u00f8jle med muffesamling p\u00e5 0,5 meter er en p\u00e5lidelig l\u00f8sning til dit byggestillads. Den er udstyret med U-b\u00f8jler p\u00e5 fire sider og har en muffesamling. S\u00f8jlen er fremstillet i h\u00f8jstyrkest\u00e5l og overholder de anbefalede v\u00e6gtbegr\u00e6nsninger. Bem\u00e6rk, at denne s\u00f8jle har dokumenteret s\u00f8jletryk p\u00e5 imponerende 20 kN!\" \/>\n<meta name=\"robots\" content=\"index, follow, max-snippet:-1, max-image-preview:large, max-video-preview:-1\" \/>\n<link rel=\"canonical\" href=\"https:\/\/www.specialfabrikken.dk\/en\/product-2\/soejle-med-muffe-05-m-enhak-muffe-op\/\" \/>\n<meta property=\"og:locale\" content=\"en_US\" \/>\n<meta property=\"og:type\" content=\"article\" \/>\n<meta property=\"og:title\" content=\"S\u00f8jle med Muffe 0,5 m. (Enhak\/Muffe Op) | Specialfabrikken A\/S\" \/>\n<meta property=\"og:description\" content=\"Vores galvaniserede s\u00f8jle med muffesamling p\u00e5 0,5 meter er en p\u00e5lidelig l\u00f8sning til dit byggestillads. Den er udstyret med U-b\u00f8jler p\u00e5 fire sider og har en muffesamling. S\u00f8jlen er fremstillet i h\u00f8jstyrkest\u00e5l og overholder de anbefalede v\u00e6gtbegr\u00e6nsninger. Bem\u00e6rk, at denne s\u00f8jle har dokumenteret s\u00f8jletryk p\u00e5 imponerende 20 kN!\" \/>\n<meta property=\"og:url\" content=\"https:\/\/www.specialfabrikken.dk\/en\/product-2\/soejle-med-muffe-05-m-enhak-muffe-op\/\" \/>\n<meta property=\"og:site_name\" content=\"Specialfabrikken\" \/>\n<meta property=\"article:modified_time\" content=\"2026-01-13T11:23:25+00:00\" \/>\n<meta property=\"og:image\" content=\"https:\/\/www.specialfabrikken.dk\/wp-content\/uploads\/2023\/06\/1020-0133.png\" \/>\n\t<meta property=\"og:image:width\" content=\"1920\" \/>\n\t<meta property=\"og:image:height\" content=\"1080\" \/>\n\t<meta property=\"og:image:type\" content=\"image\/png\" \/>\n<meta name=\"twitter:card\" content=\"summary_large_image\" \/>\n<meta name=\"twitter:label1\" content=\"Est. reading time\" \/>\n\t<meta name=\"twitter:data1\" content=\"1 minute\" \/>\n<script type=\"application\/ld+json\" class=\"yoast-schema-graph\">{\"@context\":\"https:\\\/\\\/schema.org\",\"@graph\":[{\"@type\":\"WebPage\",\"@id\":\"https:\\\/\\\/www.specialfabrikken.dk\\\/vare\\\/soejle-med-muffe-05-m-enhak-muffe-op\\\/\",\"url\":\"https:\\\/\\\/www.specialfabrikken.dk\\\/vare\\\/soejle-med-muffe-05-m-enhak-muffe-op\\\/\",\"name\":\"S\u00f8jle med Muffe 0,5 m. (Enhak\\\/Muffe Op) | Specialfabrikken A\\\/S\",\"isPartOf\":{\"@id\":\"https:\\\/\\\/www.specialfabrikken.dk\\\/#website\"},\"primaryImageOfPage\":{\"@id\":\"https:\\\/\\\/www.specialfabrikken.dk\\\/vare\\\/soejle-med-muffe-05-m-enhak-muffe-op\\\/#primaryimage\"},\"image\":{\"@id\":\"https:\\\/\\\/www.specialfabrikken.dk\\\/vare\\\/soejle-med-muffe-05-m-enhak-muffe-op\\\/#primaryimage\"},\"thumbnailUrl\":\"https:\\\/\\\/www.specialfabrikken.dk\\\/wp-content\\\/uploads\\\/2023\\\/06\\\/1020-0133.png\",\"datePublished\":\"2023-06-19T11:57:43+00:00\",\"dateModified\":\"2026-01-13T11:23:25+00:00\",\"description\":\"Vores galvaniserede s\u00f8jle med muffesamling p\u00e5 0,5 meter er en p\u00e5lidelig l\u00f8sning til dit byggestillads. Den er udstyret med U-b\u00f8jler p\u00e5 fire sider og har en muffesamling. S\u00f8jlen er fremstillet i h\u00f8jstyrkest\u00e5l og overholder de anbefalede v\u00e6gtbegr\u00e6nsninger. Bem\u00e6rk, at denne s\u00f8jle har dokumenteret s\u00f8jletryk p\u00e5 imponerende 20 kN!\",\"breadcrumb\":{\"@id\":\"https:\\\/\\\/www.specialfabrikken.dk\\\/vare\\\/soejle-med-muffe-05-m-enhak-muffe-op\\\/#breadcrumb\"},\"inLanguage\":\"en-US\",\"potentialAction\":[{\"@type\":\"ReadAction\",\"target\":[\"https:\\\/\\\/www.specialfabrikken.dk\\\/vare\\\/soejle-med-muffe-05-m-enhak-muffe-op\\\/\"]}]},{\"@type\":\"ImageObject\",\"inLanguage\":\"en-US\",\"@id\":\"https:\\\/\\\/www.specialfabrikken.dk\\\/vare\\\/soejle-med-muffe-05-m-enhak-muffe-op\\\/#primaryimage\",\"url\":\"https:\\\/\\\/www.specialfabrikken.dk\\\/wp-content\\\/uploads\\\/2023\\\/06\\\/1020-0133.png\",\"contentUrl\":\"https:\\\/\\\/www.specialfabrikken.dk\\\/wp-content\\\/uploads\\\/2023\\\/06\\\/1020-0133.png\",\"width\":1920,\"height\":1080,\"caption\":\"S\u00f8jle Enhak 0,5 m.\"},{\"@type\":\"BreadcrumbList\",\"@id\":\"https:\\\/\\\/www.specialfabrikken.dk\\\/vare\\\/soejle-med-muffe-05-m-enhak-muffe-op\\\/#breadcrumb\",\"itemListElement\":[{\"@type\":\"ListItem\",\"position\":1,\"name\":\"Forside\",\"item\":\"https:\\\/\\\/www.specialfabrikken.dk\\\/\"},{\"@type\":\"ListItem\",\"position\":2,\"name\":\"Shop\",\"item\":\"https:\\\/\\\/www.specialfabrikken.dk\\\/shop\\\/\"},{\"@type\":\"ListItem\",\"position\":3,\"name\":\"Enhak s\u00f8jle 0,5 m.\"}]},{\"@type\":\"WebSite\",\"@id\":\"https:\\\/\\\/www.specialfabrikken.dk\\\/#website\",\"url\":\"https:\\\/\\\/www.specialfabrikken.dk\\\/\",\"name\":\"Specialfabrikken\",\"description\":\"Specialfabrikken\",\"potentialAction\":[{\"@type\":\"SearchAction\",\"target\":{\"@type\":\"EntryPoint\",\"urlTemplate\":\"https:\\\/\\\/www.specialfabrikken.dk\\\/?s={search_term_string}\"},\"query-input\":{\"@type\":\"PropertyValueSpecification\",\"valueRequired\":true,\"valueName\":\"search_term_string\"}}],\"inLanguage\":\"en-US\"}]}<\/script>\n<!-- \/ Yoast SEO plugin. -->","yoast_head_json":{"title":"S\u00f8jle med Muffe 0,5 m. (Enhak\/Muffe Op) | Specialfabrikken A\/S","description":"Vores galvaniserede s\u00f8jle med muffesamling p\u00e5 0,5 meter er en p\u00e5lidelig l\u00f8sning til dit byggestillads. Den er udstyret med U-b\u00f8jler p\u00e5 fire sider og har en muffesamling. S\u00f8jlen er fremstillet i h\u00f8jstyrkest\u00e5l og overholder de anbefalede v\u00e6gtbegr\u00e6nsninger. Bem\u00e6rk, at denne s\u00f8jle har dokumenteret s\u00f8jletryk p\u00e5 imponerende 20 kN!","robots":{"index":"index","follow":"follow","max-snippet":"max-snippet:-1","max-image-preview":"max-image-preview:large","max-video-preview":"max-video-preview:-1"},"canonical":"https:\/\/www.specialfabrikken.dk\/en\/product-2\/soejle-med-muffe-05-m-enhak-muffe-op\/","og_locale":"en_US","og_type":"article","og_title":"S\u00f8jle med Muffe 0,5 m. (Enhak\/Muffe Op) | Specialfabrikken A\/S","og_description":"Vores galvaniserede s\u00f8jle med muffesamling p\u00e5 0,5 meter er en p\u00e5lidelig l\u00f8sning til dit byggestillads. Den er udstyret med U-b\u00f8jler p\u00e5 fire sider og har en muffesamling. S\u00f8jlen er fremstillet i h\u00f8jstyrkest\u00e5l og overholder de anbefalede v\u00e6gtbegr\u00e6nsninger. Bem\u00e6rk, at denne s\u00f8jle har dokumenteret s\u00f8jletryk p\u00e5 imponerende 20 kN!","og_url":"https:\/\/www.specialfabrikken.dk\/en\/product-2\/soejle-med-muffe-05-m-enhak-muffe-op\/","og_site_name":"Specialfabrikken","article_modified_time":"2026-01-13T11:23:25+00:00","og_image":[{"width":1920,"height":1080,"url":"https:\/\/www.specialfabrikken.dk\/wp-content\/uploads\/2023\/06\/1020-0133.png","type":"image\/png"}],"twitter_card":"summary_large_image","twitter_misc":{"Est. reading time":"1 minute"},"schema":{"@context":"https:\/\/schema.org","@graph":[{"@type":"WebPage","@id":"https:\/\/www.specialfabrikken.dk\/vare\/soejle-med-muffe-05-m-enhak-muffe-op\/","url":"https:\/\/www.specialfabrikken.dk\/vare\/soejle-med-muffe-05-m-enhak-muffe-op\/","name":"S\u00f8jle med Muffe 0,5 m. (Enhak\/Muffe Op) | Specialfabrikken A\/S","isPartOf":{"@id":"https:\/\/www.specialfabrikken.dk\/#website"},"primaryImageOfPage":{"@id":"https:\/\/www.specialfabrikken.dk\/vare\/soejle-med-muffe-05-m-enhak-muffe-op\/#primaryimage"},"image":{"@id":"https:\/\/www.specialfabrikken.dk\/vare\/soejle-med-muffe-05-m-enhak-muffe-op\/#primaryimage"},"thumbnailUrl":"https:\/\/www.specialfabrikken.dk\/wp-content\/uploads\/2023\/06\/1020-0133.png","datePublished":"2023-06-19T11:57:43+00:00","dateModified":"2026-01-13T11:23:25+00:00","description":"Vores galvaniserede s\u00f8jle med muffesamling p\u00e5 0,5 meter er en p\u00e5lidelig l\u00f8sning til dit byggestillads. Den er udstyret med U-b\u00f8jler p\u00e5 fire sider og har en muffesamling. S\u00f8jlen er fremstillet i h\u00f8jstyrkest\u00e5l og overholder de anbefalede v\u00e6gtbegr\u00e6nsninger. Bem\u00e6rk, at denne s\u00f8jle har dokumenteret s\u00f8jletryk p\u00e5 imponerende 20 kN!","breadcrumb":{"@id":"https:\/\/www.specialfabrikken.dk\/vare\/soejle-med-muffe-05-m-enhak-muffe-op\/#breadcrumb"},"inLanguage":"en-US","potentialAction":[{"@type":"ReadAction","target":["https:\/\/www.specialfabrikken.dk\/vare\/soejle-med-muffe-05-m-enhak-muffe-op\/"]}]},{"@type":"ImageObject","inLanguage":"en-US","@id":"https:\/\/www.specialfabrikken.dk\/vare\/soejle-med-muffe-05-m-enhak-muffe-op\/#primaryimage","url":"https:\/\/www.specialfabrikken.dk\/wp-content\/uploads\/2023\/06\/1020-0133.png","contentUrl":"https:\/\/www.specialfabrikken.dk\/wp-content\/uploads\/2023\/06\/1020-0133.png","width":1920,"height":1080,"caption":"S\u00f8jle Enhak 0,5 m."},{"@type":"BreadcrumbList","@id":"https:\/\/www.specialfabrikken.dk\/vare\/soejle-med-muffe-05-m-enhak-muffe-op\/#breadcrumb","itemListElement":[{"@type":"ListItem","position":1,"name":"Forside","item":"https:\/\/www.specialfabrikken.dk\/"},{"@type":"ListItem","position":2,"name":"Shop","item":"https:\/\/www.specialfabrikken.dk\/shop\/"},{"@type":"ListItem","position":3,"name":"Enhak s\u00f8jle 0,5 m."}]},{"@type":"WebSite","@id":"https:\/\/www.specialfabrikken.dk\/#website","url":"https:\/\/www.specialfabrikken.dk\/","name":"Specialfabrikken","description":"Specialfabrikken","potentialAction":[{"@type":"SearchAction","target":{"@type":"EntryPoint","urlTemplate":"https:\/\/www.specialfabrikken.dk\/?s={search_term_string}"},"query-input":{"@type":"PropertyValueSpecification","valueRequired":true,"valueName":"search_term_string"}}],"inLanguage":"en-US"}]}},"_links":{"self":[{"href":"https:\/\/www.specialfabrikken.dk\/en\/wp-json\/wp\/v2\/product\/52802","targetHints":{"allow":["GET"]}}],"collection":[{"href":"https:\/\/www.specialfabrikken.dk\/en\/wp-json\/wp\/v2\/product"}],"about":[{"href":"https:\/\/www.specialfabrikken.dk\/en\/wp-json\/wp\/v2\/types\/product"}],"replies":[{"embeddable":true,"href":"https:\/\/www.specialfabrikken.dk\/en\/wp-json\/wp\/v2\/comments?post=52802"}],"wp:featuredmedia":[{"embeddable":true,"href":"https:\/\/www.specialfabrikken.dk\/en\/wp-json\/wp\/v2\/media\/52833"}],"wp:attachment":[{"href":"https:\/\/www.specialfabrikken.dk\/en\/wp-json\/wp\/v2\/media?parent=52802"}],"wp:term":[{"taxonomy":"product_brand","embeddable":true,"href":"https:\/\/www.specialfabrikken.dk\/en\/wp-json\/wp\/v2\/product_brand?post=52802"},{"taxonomy":"product_cat","embeddable":true,"href":"https:\/\/www.specialfabrikken.dk\/en\/wp-json\/wp\/v2\/product_cat?post=52802"},{"taxonomy":"product_tag","embeddable":true,"href":"https:\/\/www.specialfabrikken.dk\/en\/wp-json\/wp\/v2\/product_tag?post=52802"}],"curies":[{"name":"wp","href":"https:\/\/api.w.org\/{rel}","templated":true}]}}