{"id":52804,"date":"2023-06-19T14:08:50","date_gmt":"2023-06-19T12:08:50","guid":{"rendered":"https:\/\/www.specialfabrikken.dk\/?post_type=product&#038;p=52804"},"modified":"2026-04-17T10:04:18","modified_gmt":"2026-04-17T08:04:18","slug":"gevindfodplade-oe38x500-mm","status":"publish","type":"product","link":"https:\/\/www.specialfabrikken.dk\/en\/vare\/gevindfodplade-oe38x500-mm\/","title":{"rendered":"\u00d838 mm. gevindfodplade 0,5 m."},"content":{"rendered":"<p>Short description:<\/p>\n<ul>\n<li>Galvaniseret gevindfodplade.<\/li>\n<li>Justerbar med 0,5 m.<\/li>\n<li>Denne model er standard ved murer- og facadestillads.<\/li>\n<\/ul>","protected":false},"excerpt":{"rendered":"<h1>Vinderup Prof\u00ae Murerstillads Gevindfodplade 0,5 m. &#8211; kraftig \u00d838 mm. model<\/h1>","protected":false},"featured_media":52835,"comment_status":"open","ping_status":"closed","template":"","meta":{"_acf_changed":false,"_et_pb_use_builder":"","_et_pb_old_content":"","_et_gb_content_width":""},"product_brand":[],"product_cat":[35,100,32,55,31,146],"product_tag":[172,48,178],"class_list":{"0":"post-52804","1":"product","2":"type-product","3":"status-publish","4":"has-post-thumbnail","6":"product_cat-alufacadestillads","7":"product_cat-gevindfodplade","8":"product_cat-murerstillads","9":"product_cat-staal-facadestillads","10":"product_cat-stillads","11":"product_cat-trapper","12":"product_tag-alu-facadestillads","13":"product_tag-murerstillads","14":"product_tag-staal-facadestillads","15":"product_shipping_class-stor","17":"first","18":"instock","19":"taxable","20":"shipping-taxable","21":"purchasable","22":"product-type-simple"},"acf":[],"yoast_head":"<!-- This site is optimized with the Yoast SEO plugin v27.4 - https:\/\/yoast.com\/product\/yoast-seo-wordpress\/ -->\n<title>Standard Galvaniseret Gevindfodplade \u00d838 mm - 0,5 m Justerbar<\/title>\n<meta name=\"description\" content=\"Vores standard galvaniserede gevindfodplade med en diameter p\u00e5 \u00d838 mm er den ideelle l\u00f8sning til dine murer- og facadestilladser. Den er justerbar op til 0,5 meter og sikrer stabilitet og p\u00e5lidelighed til dit stillads. Denne model er standard og p\u00e5lidelig, perfekt til dine byggebehov.\" \/>\n<meta name=\"robots\" content=\"index, follow, max-snippet:-1, max-image-preview:large, max-video-preview:-1\" \/>\n<link rel=\"canonical\" href=\"https:\/\/www.specialfabrikken.dk\/en\/product-2\/gevindfodplade-oe38x500-mm\/\" \/>\n<meta property=\"og:locale\" content=\"en_US\" \/>\n<meta property=\"og:type\" content=\"article\" \/>\n<meta property=\"og:title\" content=\"Standard Galvaniseret Gevindfodplade \u00d838 mm - 0,5 m Justerbar\" \/>\n<meta property=\"og:description\" content=\"Vores standard galvaniserede gevindfodplade med en diameter p\u00e5 \u00d838 mm er den ideelle l\u00f8sning til dine murer- og facadestilladser. Den er justerbar op til 0,5 meter og sikrer stabilitet og p\u00e5lidelighed til dit stillads. Denne model er standard og p\u00e5lidelig, perfekt til dine byggebehov.\" \/>\n<meta property=\"og:url\" content=\"https:\/\/www.specialfabrikken.dk\/en\/product-2\/gevindfodplade-oe38x500-mm\/\" \/>\n<meta property=\"og:site_name\" content=\"Specialfabrikken\" \/>\n<meta property=\"article:modified_time\" content=\"2026-04-17T08:04:18+00:00\" \/>\n<meta property=\"og:image\" content=\"https:\/\/www.specialfabrikken.dk\/wp-content\/uploads\/2023\/06\/1020-0007.png\" \/>\n\t<meta property=\"og:image:width\" content=\"1600\" \/>\n\t<meta property=\"og:image:height\" content=\"1200\" \/>\n\t<meta property=\"og:image:type\" content=\"image\/png\" \/>\n<meta name=\"twitter:card\" content=\"summary_large_image\" \/>\n<meta name=\"twitter:label1\" content=\"Est. reading time\" \/>\n\t<meta name=\"twitter:data1\" content=\"1 minute\" \/>\n<script type=\"application\/ld+json\" class=\"yoast-schema-graph\">{\"@context\":\"https:\\\/\\\/schema.org\",\"@graph\":[{\"@type\":\"WebPage\",\"@id\":\"https:\\\/\\\/www.specialfabrikken.dk\\\/vare\\\/gevindfodplade-oe38x500-mm\\\/\",\"url\":\"https:\\\/\\\/www.specialfabrikken.dk\\\/vare\\\/gevindfodplade-oe38x500-mm\\\/\",\"name\":\"Standard Galvaniseret Gevindfodplade \u00d838 mm - 0,5 m Justerbar\",\"isPartOf\":{\"@id\":\"https:\\\/\\\/www.specialfabrikken.dk\\\/#website\"},\"primaryImageOfPage\":{\"@id\":\"https:\\\/\\\/www.specialfabrikken.dk\\\/vare\\\/gevindfodplade-oe38x500-mm\\\/#primaryimage\"},\"image\":{\"@id\":\"https:\\\/\\\/www.specialfabrikken.dk\\\/vare\\\/gevindfodplade-oe38x500-mm\\\/#primaryimage\"},\"thumbnailUrl\":\"https:\\\/\\\/www.specialfabrikken.dk\\\/wp-content\\\/uploads\\\/2023\\\/06\\\/1020-0007.png\",\"datePublished\":\"2023-06-19T12:08:50+00:00\",\"dateModified\":\"2026-04-17T08:04:18+00:00\",\"description\":\"Vores standard galvaniserede gevindfodplade med en diameter p\u00e5 \u00d838 mm er den ideelle l\u00f8sning til dine murer- og facadestilladser. Den er justerbar op til 0,5 meter og sikrer stabilitet og p\u00e5lidelighed til dit stillads. Denne model er standard og p\u00e5lidelig, perfekt til dine byggebehov.\",\"breadcrumb\":{\"@id\":\"https:\\\/\\\/www.specialfabrikken.dk\\\/vare\\\/gevindfodplade-oe38x500-mm\\\/#breadcrumb\"},\"inLanguage\":\"en-US\",\"potentialAction\":[{\"@type\":\"ReadAction\",\"target\":[\"https:\\\/\\\/www.specialfabrikken.dk\\\/vare\\\/gevindfodplade-oe38x500-mm\\\/\"]}]},{\"@type\":\"ImageObject\",\"inLanguage\":\"en-US\",\"@id\":\"https:\\\/\\\/www.specialfabrikken.dk\\\/vare\\\/gevindfodplade-oe38x500-mm\\\/#primaryimage\",\"url\":\"https:\\\/\\\/www.specialfabrikken.dk\\\/wp-content\\\/uploads\\\/2023\\\/06\\\/1020-0007.png\",\"contentUrl\":\"https:\\\/\\\/www.specialfabrikken.dk\\\/wp-content\\\/uploads\\\/2023\\\/06\\\/1020-0007.png\",\"width\":1600,\"height\":1200,\"caption\":\"Gevindfodplade \u00d838x500 mm.\"},{\"@type\":\"BreadcrumbList\",\"@id\":\"https:\\\/\\\/www.specialfabrikken.dk\\\/vare\\\/gevindfodplade-oe38x500-mm\\\/#breadcrumb\",\"itemListElement\":[{\"@type\":\"ListItem\",\"position\":1,\"name\":\"Forside\",\"item\":\"https:\\\/\\\/www.specialfabrikken.dk\\\/\"},{\"@type\":\"ListItem\",\"position\":2,\"name\":\"Shop\",\"item\":\"https:\\\/\\\/www.specialfabrikken.dk\\\/shop\\\/\"},{\"@type\":\"ListItem\",\"position\":3,\"name\":\"\u00d838 mm. gevindfodplade 0,5 m.\"}]},{\"@type\":\"WebSite\",\"@id\":\"https:\\\/\\\/www.specialfabrikken.dk\\\/#website\",\"url\":\"https:\\\/\\\/www.specialfabrikken.dk\\\/\",\"name\":\"Specialfabrikken\",\"description\":\"Specialfabrikken\",\"potentialAction\":[{\"@type\":\"SearchAction\",\"target\":{\"@type\":\"EntryPoint\",\"urlTemplate\":\"https:\\\/\\\/www.specialfabrikken.dk\\\/?s={search_term_string}\"},\"query-input\":{\"@type\":\"PropertyValueSpecification\",\"valueRequired\":true,\"valueName\":\"search_term_string\"}}],\"inLanguage\":\"en-US\"}]}<\/script>\n<!-- \/ Yoast SEO plugin. -->","yoast_head_json":{"title":"Standard Galvaniseret Gevindfodplade \u00d838 mm - 0,5 m Justerbar","description":"Vores standard galvaniserede gevindfodplade med en diameter p\u00e5 \u00d838 mm er den ideelle l\u00f8sning til dine murer- og facadestilladser. Den er justerbar op til 0,5 meter og sikrer stabilitet og p\u00e5lidelighed til dit stillads. Denne model er standard og p\u00e5lidelig, perfekt til dine byggebehov.","robots":{"index":"index","follow":"follow","max-snippet":"max-snippet:-1","max-image-preview":"max-image-preview:large","max-video-preview":"max-video-preview:-1"},"canonical":"https:\/\/www.specialfabrikken.dk\/en\/product-2\/gevindfodplade-oe38x500-mm\/","og_locale":"en_US","og_type":"article","og_title":"Standard Galvaniseret Gevindfodplade \u00d838 mm - 0,5 m Justerbar","og_description":"Vores standard galvaniserede gevindfodplade med en diameter p\u00e5 \u00d838 mm er den ideelle l\u00f8sning til dine murer- og facadestilladser. Den er justerbar op til 0,5 meter og sikrer stabilitet og p\u00e5lidelighed til dit stillads. Denne model er standard og p\u00e5lidelig, perfekt til dine byggebehov.","og_url":"https:\/\/www.specialfabrikken.dk\/en\/product-2\/gevindfodplade-oe38x500-mm\/","og_site_name":"Specialfabrikken","article_modified_time":"2026-04-17T08:04:18+00:00","og_image":[{"width":1600,"height":1200,"url":"https:\/\/www.specialfabrikken.dk\/wp-content\/uploads\/2023\/06\/1020-0007.png","type":"image\/png"}],"twitter_card":"summary_large_image","twitter_misc":{"Est. reading time":"1 minute"},"schema":{"@context":"https:\/\/schema.org","@graph":[{"@type":"WebPage","@id":"https:\/\/www.specialfabrikken.dk\/vare\/gevindfodplade-oe38x500-mm\/","url":"https:\/\/www.specialfabrikken.dk\/vare\/gevindfodplade-oe38x500-mm\/","name":"Standard Galvaniseret Gevindfodplade \u00d838 mm - 0,5 m Justerbar","isPartOf":{"@id":"https:\/\/www.specialfabrikken.dk\/#website"},"primaryImageOfPage":{"@id":"https:\/\/www.specialfabrikken.dk\/vare\/gevindfodplade-oe38x500-mm\/#primaryimage"},"image":{"@id":"https:\/\/www.specialfabrikken.dk\/vare\/gevindfodplade-oe38x500-mm\/#primaryimage"},"thumbnailUrl":"https:\/\/www.specialfabrikken.dk\/wp-content\/uploads\/2023\/06\/1020-0007.png","datePublished":"2023-06-19T12:08:50+00:00","dateModified":"2026-04-17T08:04:18+00:00","description":"Vores standard galvaniserede gevindfodplade med en diameter p\u00e5 \u00d838 mm er den ideelle l\u00f8sning til dine murer- og facadestilladser. Den er justerbar op til 0,5 meter og sikrer stabilitet og p\u00e5lidelighed til dit stillads. Denne model er standard og p\u00e5lidelig, perfekt til dine byggebehov.","breadcrumb":{"@id":"https:\/\/www.specialfabrikken.dk\/vare\/gevindfodplade-oe38x500-mm\/#breadcrumb"},"inLanguage":"en-US","potentialAction":[{"@type":"ReadAction","target":["https:\/\/www.specialfabrikken.dk\/vare\/gevindfodplade-oe38x500-mm\/"]}]},{"@type":"ImageObject","inLanguage":"en-US","@id":"https:\/\/www.specialfabrikken.dk\/vare\/gevindfodplade-oe38x500-mm\/#primaryimage","url":"https:\/\/www.specialfabrikken.dk\/wp-content\/uploads\/2023\/06\/1020-0007.png","contentUrl":"https:\/\/www.specialfabrikken.dk\/wp-content\/uploads\/2023\/06\/1020-0007.png","width":1600,"height":1200,"caption":"Gevindfodplade \u00d838x500 mm."},{"@type":"BreadcrumbList","@id":"https:\/\/www.specialfabrikken.dk\/vare\/gevindfodplade-oe38x500-mm\/#breadcrumb","itemListElement":[{"@type":"ListItem","position":1,"name":"Forside","item":"https:\/\/www.specialfabrikken.dk\/"},{"@type":"ListItem","position":2,"name":"Shop","item":"https:\/\/www.specialfabrikken.dk\/shop\/"},{"@type":"ListItem","position":3,"name":"\u00d838 mm. gevindfodplade 0,5 m."}]},{"@type":"WebSite","@id":"https:\/\/www.specialfabrikken.dk\/#website","url":"https:\/\/www.specialfabrikken.dk\/","name":"Specialfabrikken","description":"Specialfabrikken","potentialAction":[{"@type":"SearchAction","target":{"@type":"EntryPoint","urlTemplate":"https:\/\/www.specialfabrikken.dk\/?s={search_term_string}"},"query-input":{"@type":"PropertyValueSpecification","valueRequired":true,"valueName":"search_term_string"}}],"inLanguage":"en-US"}]}},"_links":{"self":[{"href":"https:\/\/www.specialfabrikken.dk\/en\/wp-json\/wp\/v2\/product\/52804","targetHints":{"allow":["GET"]}}],"collection":[{"href":"https:\/\/www.specialfabrikken.dk\/en\/wp-json\/wp\/v2\/product"}],"about":[{"href":"https:\/\/www.specialfabrikken.dk\/en\/wp-json\/wp\/v2\/types\/product"}],"replies":[{"embeddable":true,"href":"https:\/\/www.specialfabrikken.dk\/en\/wp-json\/wp\/v2\/comments?post=52804"}],"wp:featuredmedia":[{"embeddable":true,"href":"https:\/\/www.specialfabrikken.dk\/en\/wp-json\/wp\/v2\/media\/52835"}],"wp:attachment":[{"href":"https:\/\/www.specialfabrikken.dk\/en\/wp-json\/wp\/v2\/media?parent=52804"}],"wp:term":[{"taxonomy":"product_brand","embeddable":true,"href":"https:\/\/www.specialfabrikken.dk\/en\/wp-json\/wp\/v2\/product_brand?post=52804"},{"taxonomy":"product_cat","embeddable":true,"href":"https:\/\/www.specialfabrikken.dk\/en\/wp-json\/wp\/v2\/product_cat?post=52804"},{"taxonomy":"product_tag","embeddable":true,"href":"https:\/\/www.specialfabrikken.dk\/en\/wp-json\/wp\/v2\/product_tag?post=52804"}],"curies":[{"name":"wp","href":"https:\/\/api.w.org\/{rel}","templated":true}]}}