{"id":52807,"date":"2023-06-19T14:25:35","date_gmt":"2023-06-19T12:25:35","guid":{"rendered":"https:\/\/www.specialfabrikken.dk\/?post_type=product&#038;p=52807"},"modified":"2026-04-14T10:37:43","modified_gmt":"2026-04-14T08:37:43","slug":"gevindfodplade-oe32-mm-l-1000-mm","status":"publish","type":"product","link":"https:\/\/www.specialfabrikken.dk\/en\/vare\/gevindfodplade-oe32-mm-l-1000-mm\/","title":{"rendered":"\u00d832 mm. gevindfodplade 1 m."},"content":{"rendered":"<p>Short description:<\/p>\n<ul>\n<li>Galvaniseret gevindfodplade i \u00d832 mm.<\/li>\n<li>Justerbar med 1,0 m.<\/li>\n<li>Lang model til brug ved murer- og facadestillads.<\/li>\n<\/ul>","protected":false},"excerpt":{"rendered":"<h1>Vinderup Prof\u00ae Murerstillads Gevindfodplade 1,0 m. &#8211; \u00d832 mm. model<\/h1>","protected":false},"featured_media":52837,"comment_status":"open","ping_status":"closed","template":"","meta":{"_acf_changed":false,"_et_pb_use_builder":"","_et_pb_old_content":"","_et_gb_content_width":""},"product_brand":[],"product_cat":[100,32,31],"product_tag":[48],"class_list":{"0":"post-52807","1":"product","2":"type-product","3":"status-publish","4":"has-post-thumbnail","6":"product_cat-gevindfodplade","7":"product_cat-murerstillads","8":"product_cat-stillads","9":"product_tag-murerstillads","10":"product_shipping_class-stor","12":"first","13":"instock","14":"taxable","15":"shipping-taxable","16":"purchasable","17":"product-type-simple"},"acf":[],"yoast_head":"<!-- This site is optimized with the Yoast SEO plugin v27.4 - https:\/\/yoast.com\/product\/yoast-seo-wordpress\/ -->\n<title>Galvaniseret Gevindfodplade \u00d832 mm - 1,0 m Justerbar<\/title>\n<meta name=\"description\" content=\"Vores galvaniserede gevindfodplade med en diameter p\u00e5 \u00d832 mm er en p\u00e5lidelig l\u00f8sning til dine stilladsbehov. Den er justerbar op til 1,0 meter og er ideel til brug ved murer- og facadestilladser. Den lange model giver dig ekstra fleksibilitet og stabilitet, s\u00e5 du kan udf\u00f8re dine opgaver sikkert og effektivt.\" \/>\n<meta name=\"robots\" content=\"index, follow, max-snippet:-1, max-image-preview:large, max-video-preview:-1\" \/>\n<link rel=\"canonical\" href=\"https:\/\/www.specialfabrikken.dk\/en\/product-2\/gevindfodplade-oe32-mm-l-1000-mm\/\" \/>\n<meta property=\"og:locale\" content=\"en_US\" \/>\n<meta property=\"og:type\" content=\"article\" \/>\n<meta property=\"og:title\" content=\"Galvaniseret Gevindfodplade \u00d832 mm - 1,0 m Justerbar\" \/>\n<meta property=\"og:description\" content=\"Vores galvaniserede gevindfodplade med en diameter p\u00e5 \u00d832 mm er en p\u00e5lidelig l\u00f8sning til dine stilladsbehov. Den er justerbar op til 1,0 meter og er ideel til brug ved murer- og facadestilladser. Den lange model giver dig ekstra fleksibilitet og stabilitet, s\u00e5 du kan udf\u00f8re dine opgaver sikkert og effektivt.\" \/>\n<meta property=\"og:url\" content=\"https:\/\/www.specialfabrikken.dk\/en\/product-2\/gevindfodplade-oe32-mm-l-1000-mm\/\" \/>\n<meta property=\"og:site_name\" content=\"Specialfabrikken\" \/>\n<meta property=\"article:modified_time\" content=\"2026-04-14T08:37:43+00:00\" \/>\n<meta property=\"og:image\" content=\"https:\/\/www.specialfabrikken.dk\/wp-content\/uploads\/2023\/06\/1020-0021.png\" \/>\n\t<meta property=\"og:image:width\" content=\"1920\" \/>\n\t<meta property=\"og:image:height\" content=\"1080\" \/>\n\t<meta property=\"og:image:type\" content=\"image\/png\" \/>\n<meta name=\"twitter:card\" content=\"summary_large_image\" \/>\n<meta name=\"twitter:label1\" content=\"Est. reading time\" \/>\n\t<meta name=\"twitter:data1\" content=\"1 minute\" \/>\n<script type=\"application\/ld+json\" class=\"yoast-schema-graph\">{\"@context\":\"https:\\\/\\\/schema.org\",\"@graph\":[{\"@type\":\"WebPage\",\"@id\":\"https:\\\/\\\/www.specialfabrikken.dk\\\/vare\\\/gevindfodplade-oe32-mm-l-1000-mm\\\/\",\"url\":\"https:\\\/\\\/www.specialfabrikken.dk\\\/vare\\\/gevindfodplade-oe32-mm-l-1000-mm\\\/\",\"name\":\"Galvaniseret Gevindfodplade \u00d832 mm - 1,0 m Justerbar\",\"isPartOf\":{\"@id\":\"https:\\\/\\\/www.specialfabrikken.dk\\\/#website\"},\"primaryImageOfPage\":{\"@id\":\"https:\\\/\\\/www.specialfabrikken.dk\\\/vare\\\/gevindfodplade-oe32-mm-l-1000-mm\\\/#primaryimage\"},\"image\":{\"@id\":\"https:\\\/\\\/www.specialfabrikken.dk\\\/vare\\\/gevindfodplade-oe32-mm-l-1000-mm\\\/#primaryimage\"},\"thumbnailUrl\":\"https:\\\/\\\/www.specialfabrikken.dk\\\/wp-content\\\/uploads\\\/2023\\\/06\\\/1020-0021.png\",\"datePublished\":\"2023-06-19T12:25:35+00:00\",\"dateModified\":\"2026-04-14T08:37:43+00:00\",\"description\":\"Vores galvaniserede gevindfodplade med en diameter p\u00e5 \u00d832 mm er en p\u00e5lidelig l\u00f8sning til dine stilladsbehov. Den er justerbar op til 1,0 meter og er ideel til brug ved murer- og facadestilladser. Den lange model giver dig ekstra fleksibilitet og stabilitet, s\u00e5 du kan udf\u00f8re dine opgaver sikkert og effektivt.\",\"breadcrumb\":{\"@id\":\"https:\\\/\\\/www.specialfabrikken.dk\\\/vare\\\/gevindfodplade-oe32-mm-l-1000-mm\\\/#breadcrumb\"},\"inLanguage\":\"en-US\",\"potentialAction\":[{\"@type\":\"ReadAction\",\"target\":[\"https:\\\/\\\/www.specialfabrikken.dk\\\/vare\\\/gevindfodplade-oe32-mm-l-1000-mm\\\/\"]}]},{\"@type\":\"ImageObject\",\"inLanguage\":\"en-US\",\"@id\":\"https:\\\/\\\/www.specialfabrikken.dk\\\/vare\\\/gevindfodplade-oe32-mm-l-1000-mm\\\/#primaryimage\",\"url\":\"https:\\\/\\\/www.specialfabrikken.dk\\\/wp-content\\\/uploads\\\/2023\\\/06\\\/1020-0021.png\",\"contentUrl\":\"https:\\\/\\\/www.specialfabrikken.dk\\\/wp-content\\\/uploads\\\/2023\\\/06\\\/1020-0021.png\",\"width\":1920,\"height\":1080,\"caption\":\"Gevindfodplade \u00d832x1000 mm.\"},{\"@type\":\"BreadcrumbList\",\"@id\":\"https:\\\/\\\/www.specialfabrikken.dk\\\/vare\\\/gevindfodplade-oe32-mm-l-1000-mm\\\/#breadcrumb\",\"itemListElement\":[{\"@type\":\"ListItem\",\"position\":1,\"name\":\"Forside\",\"item\":\"https:\\\/\\\/www.specialfabrikken.dk\\\/\"},{\"@type\":\"ListItem\",\"position\":2,\"name\":\"Shop\",\"item\":\"https:\\\/\\\/www.specialfabrikken.dk\\\/shop\\\/\"},{\"@type\":\"ListItem\",\"position\":3,\"name\":\"\u00d832 mm. gevindfodplade 1 m.\"}]},{\"@type\":\"WebSite\",\"@id\":\"https:\\\/\\\/www.specialfabrikken.dk\\\/#website\",\"url\":\"https:\\\/\\\/www.specialfabrikken.dk\\\/\",\"name\":\"Specialfabrikken\",\"description\":\"Specialfabrikken\",\"potentialAction\":[{\"@type\":\"SearchAction\",\"target\":{\"@type\":\"EntryPoint\",\"urlTemplate\":\"https:\\\/\\\/www.specialfabrikken.dk\\\/?s={search_term_string}\"},\"query-input\":{\"@type\":\"PropertyValueSpecification\",\"valueRequired\":true,\"valueName\":\"search_term_string\"}}],\"inLanguage\":\"en-US\"}]}<\/script>\n<!-- \/ Yoast SEO plugin. -->","yoast_head_json":{"title":"Galvaniseret Gevindfodplade \u00d832 mm - 1,0 m Justerbar","description":"Vores galvaniserede gevindfodplade med en diameter p\u00e5 \u00d832 mm er en p\u00e5lidelig l\u00f8sning til dine stilladsbehov. Den er justerbar op til 1,0 meter og er ideel til brug ved murer- og facadestilladser. Den lange model giver dig ekstra fleksibilitet og stabilitet, s\u00e5 du kan udf\u00f8re dine opgaver sikkert og effektivt.","robots":{"index":"index","follow":"follow","max-snippet":"max-snippet:-1","max-image-preview":"max-image-preview:large","max-video-preview":"max-video-preview:-1"},"canonical":"https:\/\/www.specialfabrikken.dk\/en\/product-2\/gevindfodplade-oe32-mm-l-1000-mm\/","og_locale":"en_US","og_type":"article","og_title":"Galvaniseret Gevindfodplade \u00d832 mm - 1,0 m Justerbar","og_description":"Vores galvaniserede gevindfodplade med en diameter p\u00e5 \u00d832 mm er en p\u00e5lidelig l\u00f8sning til dine stilladsbehov. Den er justerbar op til 1,0 meter og er ideel til brug ved murer- og facadestilladser. Den lange model giver dig ekstra fleksibilitet og stabilitet, s\u00e5 du kan udf\u00f8re dine opgaver sikkert og effektivt.","og_url":"https:\/\/www.specialfabrikken.dk\/en\/product-2\/gevindfodplade-oe32-mm-l-1000-mm\/","og_site_name":"Specialfabrikken","article_modified_time":"2026-04-14T08:37:43+00:00","og_image":[{"width":1920,"height":1080,"url":"https:\/\/www.specialfabrikken.dk\/wp-content\/uploads\/2023\/06\/1020-0021.png","type":"image\/png"}],"twitter_card":"summary_large_image","twitter_misc":{"Est. reading time":"1 minute"},"schema":{"@context":"https:\/\/schema.org","@graph":[{"@type":"WebPage","@id":"https:\/\/www.specialfabrikken.dk\/vare\/gevindfodplade-oe32-mm-l-1000-mm\/","url":"https:\/\/www.specialfabrikken.dk\/vare\/gevindfodplade-oe32-mm-l-1000-mm\/","name":"Galvaniseret Gevindfodplade \u00d832 mm - 1,0 m Justerbar","isPartOf":{"@id":"https:\/\/www.specialfabrikken.dk\/#website"},"primaryImageOfPage":{"@id":"https:\/\/www.specialfabrikken.dk\/vare\/gevindfodplade-oe32-mm-l-1000-mm\/#primaryimage"},"image":{"@id":"https:\/\/www.specialfabrikken.dk\/vare\/gevindfodplade-oe32-mm-l-1000-mm\/#primaryimage"},"thumbnailUrl":"https:\/\/www.specialfabrikken.dk\/wp-content\/uploads\/2023\/06\/1020-0021.png","datePublished":"2023-06-19T12:25:35+00:00","dateModified":"2026-04-14T08:37:43+00:00","description":"Vores galvaniserede gevindfodplade med en diameter p\u00e5 \u00d832 mm er en p\u00e5lidelig l\u00f8sning til dine stilladsbehov. Den er justerbar op til 1,0 meter og er ideel til brug ved murer- og facadestilladser. Den lange model giver dig ekstra fleksibilitet og stabilitet, s\u00e5 du kan udf\u00f8re dine opgaver sikkert og effektivt.","breadcrumb":{"@id":"https:\/\/www.specialfabrikken.dk\/vare\/gevindfodplade-oe32-mm-l-1000-mm\/#breadcrumb"},"inLanguage":"en-US","potentialAction":[{"@type":"ReadAction","target":["https:\/\/www.specialfabrikken.dk\/vare\/gevindfodplade-oe32-mm-l-1000-mm\/"]}]},{"@type":"ImageObject","inLanguage":"en-US","@id":"https:\/\/www.specialfabrikken.dk\/vare\/gevindfodplade-oe32-mm-l-1000-mm\/#primaryimage","url":"https:\/\/www.specialfabrikken.dk\/wp-content\/uploads\/2023\/06\/1020-0021.png","contentUrl":"https:\/\/www.specialfabrikken.dk\/wp-content\/uploads\/2023\/06\/1020-0021.png","width":1920,"height":1080,"caption":"Gevindfodplade \u00d832x1000 mm."},{"@type":"BreadcrumbList","@id":"https:\/\/www.specialfabrikken.dk\/vare\/gevindfodplade-oe32-mm-l-1000-mm\/#breadcrumb","itemListElement":[{"@type":"ListItem","position":1,"name":"Forside","item":"https:\/\/www.specialfabrikken.dk\/"},{"@type":"ListItem","position":2,"name":"Shop","item":"https:\/\/www.specialfabrikken.dk\/shop\/"},{"@type":"ListItem","position":3,"name":"\u00d832 mm. gevindfodplade 1 m."}]},{"@type":"WebSite","@id":"https:\/\/www.specialfabrikken.dk\/#website","url":"https:\/\/www.specialfabrikken.dk\/","name":"Specialfabrikken","description":"Specialfabrikken","potentialAction":[{"@type":"SearchAction","target":{"@type":"EntryPoint","urlTemplate":"https:\/\/www.specialfabrikken.dk\/?s={search_term_string}"},"query-input":{"@type":"PropertyValueSpecification","valueRequired":true,"valueName":"search_term_string"}}],"inLanguage":"en-US"}]}},"_links":{"self":[{"href":"https:\/\/www.specialfabrikken.dk\/en\/wp-json\/wp\/v2\/product\/52807","targetHints":{"allow":["GET"]}}],"collection":[{"href":"https:\/\/www.specialfabrikken.dk\/en\/wp-json\/wp\/v2\/product"}],"about":[{"href":"https:\/\/www.specialfabrikken.dk\/en\/wp-json\/wp\/v2\/types\/product"}],"replies":[{"embeddable":true,"href":"https:\/\/www.specialfabrikken.dk\/en\/wp-json\/wp\/v2\/comments?post=52807"}],"wp:featuredmedia":[{"embeddable":true,"href":"https:\/\/www.specialfabrikken.dk\/en\/wp-json\/wp\/v2\/media\/52837"}],"wp:attachment":[{"href":"https:\/\/www.specialfabrikken.dk\/en\/wp-json\/wp\/v2\/media?parent=52807"}],"wp:term":[{"taxonomy":"product_brand","embeddable":true,"href":"https:\/\/www.specialfabrikken.dk\/en\/wp-json\/wp\/v2\/product_brand?post=52807"},{"taxonomy":"product_cat","embeddable":true,"href":"https:\/\/www.specialfabrikken.dk\/en\/wp-json\/wp\/v2\/product_cat?post=52807"},{"taxonomy":"product_tag","embeddable":true,"href":"https:\/\/www.specialfabrikken.dk\/en\/wp-json\/wp\/v2\/product_tag?post=52807"}],"curies":[{"name":"wp","href":"https:\/\/api.w.org\/{rel}","templated":true}]}}