{"id":53177,"date":"2023-06-26T14:18:05","date_gmt":"2023-06-26T12:18:05","guid":{"rendered":"https:\/\/www.specialfabrikken.dk\/?post_type=product&#038;p=53177"},"modified":"2026-04-16T10:24:00","modified_gmt":"2026-04-16T08:24:00","slug":"enroersbjaelke-hoej-12-m","status":"publish","type":"product","link":"https:\/\/www.specialfabrikken.dk\/en\/vare\/enroersbjaelke-hoej-12-m\/","title":{"rendered":"Enr\u00f8rsbj\u00e6lke h\u00f8j 1,2 m."},"content":{"rendered":"<p>Enr\u00f8rsbj\u00e6lke H\u00f8j 1,20 m.<\/p>\n<p>Short description:<\/p>\n<ul>\n<li>Galvaniseret enr\u00f8rsbj\u00e6lke med n\u00e6b for samling med s\u00f8jler.<\/li>\n<li>H\u00f8j model &#8211; bruges hvor der er n\u00f8dvendigt at l\u00f8fte niveauet p\u00e5 platformen.<\/li>\n<\/ul>","protected":false},"excerpt":{"rendered":"<h1>Vinderup Prof\u00ae Murerstillads Enr\u00f8rsbj\u00e6lke H\u00f8j 1,20 meter<\/h1>","protected":false},"featured_media":52881,"comment_status":"open","ping_status":"closed","template":"","meta":{"_acf_changed":false,"_et_pb_use_builder":"","_et_pb_old_content":"","_et_gb_content_width":""},"product_brand":[],"product_cat":[106,32,31],"product_tag":[48],"class_list":{"0":"post-53177","1":"product","2":"type-product","3":"status-publish","4":"has-post-thumbnail","6":"product_cat-enrorsbjaelker","7":"product_cat-murerstillads","8":"product_cat-stillads","9":"product_tag-murerstillads","10":"product_shipping_class-stor","12":"first","13":"instock","14":"taxable","15":"shipping-taxable","16":"purchasable","17":"product-type-simple"},"acf":[],"yoast_head":"<!-- This site is optimized with the Yoast SEO plugin v27.4 - https:\/\/yoast.com\/product\/yoast-seo-wordpress\/ -->\n<title>Galvaniseret Enr\u00f8rsbj\u00e6lke - H\u00f8j 1,2 m | Specialfabrikken A\/S<\/title>\n<meta name=\"description\" content=\"Vores galvaniserede enr\u00f8rsbj\u00e6lke i h\u00f8j model med en l\u00e6ngde p\u00e5 1,2 meter er den ideelle l\u00f8sning til at h\u00e6ve platformens niveau p\u00e5 dit stillads. Denne bj\u00e6lke er udstyret med n\u00e6b, der g\u00f8r det nemt at samle den med s\u00f8jlerne p\u00e5 dit stillads. Brug denne h\u00f8je enr\u00f8rsbj\u00e6lke, n\u00e5r du har behov for at l\u00f8fte platformen til den \u00f8nskede h\u00f8jde.\" \/>\n<meta name=\"robots\" content=\"index, follow, max-snippet:-1, max-image-preview:large, max-video-preview:-1\" \/>\n<link rel=\"canonical\" href=\"https:\/\/www.specialfabrikken.dk\/en\/product-2\/enroersbjaelke-hoej-12-m\/\" \/>\n<meta property=\"og:locale\" content=\"en_US\" \/>\n<meta property=\"og:type\" content=\"article\" \/>\n<meta property=\"og:title\" content=\"Galvaniseret Enr\u00f8rsbj\u00e6lke - H\u00f8j 1,2 m | Specialfabrikken A\/S\" \/>\n<meta property=\"og:description\" content=\"Vores galvaniserede enr\u00f8rsbj\u00e6lke i h\u00f8j model med en l\u00e6ngde p\u00e5 1,2 meter er den ideelle l\u00f8sning til at h\u00e6ve platformens niveau p\u00e5 dit stillads. Denne bj\u00e6lke er udstyret med n\u00e6b, der g\u00f8r det nemt at samle den med s\u00f8jlerne p\u00e5 dit stillads. Brug denne h\u00f8je enr\u00f8rsbj\u00e6lke, n\u00e5r du har behov for at l\u00f8fte platformen til den \u00f8nskede h\u00f8jde.\" \/>\n<meta property=\"og:url\" content=\"https:\/\/www.specialfabrikken.dk\/en\/product-2\/enroersbjaelke-hoej-12-m\/\" \/>\n<meta property=\"og:site_name\" content=\"Specialfabrikken\" \/>\n<meta property=\"article:modified_time\" content=\"2026-04-16T08:24:00+00:00\" \/>\n<meta property=\"og:image\" content=\"https:\/\/www.specialfabrikken.dk\/wp-content\/uploads\/2023\/06\/1020-0340.png\" \/>\n\t<meta property=\"og:image:width\" content=\"1920\" \/>\n\t<meta property=\"og:image:height\" content=\"1080\" \/>\n\t<meta property=\"og:image:type\" content=\"image\/png\" \/>\n<meta name=\"twitter:card\" content=\"summary_large_image\" \/>\n<meta name=\"twitter:label1\" content=\"Est. reading time\" \/>\n\t<meta name=\"twitter:data1\" content=\"1 minute\" \/>\n<script type=\"application\/ld+json\" class=\"yoast-schema-graph\">{\"@context\":\"https:\\\/\\\/schema.org\",\"@graph\":[{\"@type\":\"WebPage\",\"@id\":\"https:\\\/\\\/www.specialfabrikken.dk\\\/vare\\\/enroersbjaelke-hoej-12-m\\\/\",\"url\":\"https:\\\/\\\/www.specialfabrikken.dk\\\/vare\\\/enroersbjaelke-hoej-12-m\\\/\",\"name\":\"Galvaniseret Enr\u00f8rsbj\u00e6lke - H\u00f8j 1,2 m | Specialfabrikken A\\\/S\",\"isPartOf\":{\"@id\":\"https:\\\/\\\/www.specialfabrikken.dk\\\/#website\"},\"primaryImageOfPage\":{\"@id\":\"https:\\\/\\\/www.specialfabrikken.dk\\\/vare\\\/enroersbjaelke-hoej-12-m\\\/#primaryimage\"},\"image\":{\"@id\":\"https:\\\/\\\/www.specialfabrikken.dk\\\/vare\\\/enroersbjaelke-hoej-12-m\\\/#primaryimage\"},\"thumbnailUrl\":\"https:\\\/\\\/www.specialfabrikken.dk\\\/wp-content\\\/uploads\\\/2023\\\/06\\\/1020-0340.png\",\"datePublished\":\"2023-06-26T12:18:05+00:00\",\"dateModified\":\"2026-04-16T08:24:00+00:00\",\"description\":\"Vores galvaniserede enr\u00f8rsbj\u00e6lke i h\u00f8j model med en l\u00e6ngde p\u00e5 1,2 meter er den ideelle l\u00f8sning til at h\u00e6ve platformens niveau p\u00e5 dit stillads. Denne bj\u00e6lke er udstyret med n\u00e6b, der g\u00f8r det nemt at samle den med s\u00f8jlerne p\u00e5 dit stillads. Brug denne h\u00f8je enr\u00f8rsbj\u00e6lke, n\u00e5r du har behov for at l\u00f8fte platformen til den \u00f8nskede h\u00f8jde.\",\"breadcrumb\":{\"@id\":\"https:\\\/\\\/www.specialfabrikken.dk\\\/vare\\\/enroersbjaelke-hoej-12-m\\\/#breadcrumb\"},\"inLanguage\":\"en-US\",\"potentialAction\":[{\"@type\":\"ReadAction\",\"target\":[\"https:\\\/\\\/www.specialfabrikken.dk\\\/vare\\\/enroersbjaelke-hoej-12-m\\\/\"]}]},{\"@type\":\"ImageObject\",\"inLanguage\":\"en-US\",\"@id\":\"https:\\\/\\\/www.specialfabrikken.dk\\\/vare\\\/enroersbjaelke-hoej-12-m\\\/#primaryimage\",\"url\":\"https:\\\/\\\/www.specialfabrikken.dk\\\/wp-content\\\/uploads\\\/2023\\\/06\\\/1020-0340.png\",\"contentUrl\":\"https:\\\/\\\/www.specialfabrikken.dk\\\/wp-content\\\/uploads\\\/2023\\\/06\\\/1020-0340.png\",\"width\":1920,\"height\":1080,\"caption\":\"Enr\u00f8rsbj\u00e6lke H\u00f8j 1,2 m.\"},{\"@type\":\"BreadcrumbList\",\"@id\":\"https:\\\/\\\/www.specialfabrikken.dk\\\/vare\\\/enroersbjaelke-hoej-12-m\\\/#breadcrumb\",\"itemListElement\":[{\"@type\":\"ListItem\",\"position\":1,\"name\":\"Forside\",\"item\":\"https:\\\/\\\/www.specialfabrikken.dk\\\/\"},{\"@type\":\"ListItem\",\"position\":2,\"name\":\"Shop\",\"item\":\"https:\\\/\\\/www.specialfabrikken.dk\\\/shop\\\/\"},{\"@type\":\"ListItem\",\"position\":3,\"name\":\"Enr\u00f8rsbj\u00e6lke h\u00f8j 1,2 m.\"}]},{\"@type\":\"WebSite\",\"@id\":\"https:\\\/\\\/www.specialfabrikken.dk\\\/#website\",\"url\":\"https:\\\/\\\/www.specialfabrikken.dk\\\/\",\"name\":\"Specialfabrikken\",\"description\":\"Specialfabrikken\",\"potentialAction\":[{\"@type\":\"SearchAction\",\"target\":{\"@type\":\"EntryPoint\",\"urlTemplate\":\"https:\\\/\\\/www.specialfabrikken.dk\\\/?s={search_term_string}\"},\"query-input\":{\"@type\":\"PropertyValueSpecification\",\"valueRequired\":true,\"valueName\":\"search_term_string\"}}],\"inLanguage\":\"en-US\"}]}<\/script>\n<!-- \/ Yoast SEO plugin. -->","yoast_head_json":{"title":"Galvaniseret Enr\u00f8rsbj\u00e6lke - H\u00f8j 1,2 m | Specialfabrikken A\/S","description":"Vores galvaniserede enr\u00f8rsbj\u00e6lke i h\u00f8j model med en l\u00e6ngde p\u00e5 1,2 meter er den ideelle l\u00f8sning til at h\u00e6ve platformens niveau p\u00e5 dit stillads. Denne bj\u00e6lke er udstyret med n\u00e6b, der g\u00f8r det nemt at samle den med s\u00f8jlerne p\u00e5 dit stillads. Brug denne h\u00f8je enr\u00f8rsbj\u00e6lke, n\u00e5r du har behov for at l\u00f8fte platformen til den \u00f8nskede h\u00f8jde.","robots":{"index":"index","follow":"follow","max-snippet":"max-snippet:-1","max-image-preview":"max-image-preview:large","max-video-preview":"max-video-preview:-1"},"canonical":"https:\/\/www.specialfabrikken.dk\/en\/product-2\/enroersbjaelke-hoej-12-m\/","og_locale":"en_US","og_type":"article","og_title":"Galvaniseret Enr\u00f8rsbj\u00e6lke - H\u00f8j 1,2 m | Specialfabrikken A\/S","og_description":"Vores galvaniserede enr\u00f8rsbj\u00e6lke i h\u00f8j model med en l\u00e6ngde p\u00e5 1,2 meter er den ideelle l\u00f8sning til at h\u00e6ve platformens niveau p\u00e5 dit stillads. Denne bj\u00e6lke er udstyret med n\u00e6b, der g\u00f8r det nemt at samle den med s\u00f8jlerne p\u00e5 dit stillads. Brug denne h\u00f8je enr\u00f8rsbj\u00e6lke, n\u00e5r du har behov for at l\u00f8fte platformen til den \u00f8nskede h\u00f8jde.","og_url":"https:\/\/www.specialfabrikken.dk\/en\/product-2\/enroersbjaelke-hoej-12-m\/","og_site_name":"Specialfabrikken","article_modified_time":"2026-04-16T08:24:00+00:00","og_image":[{"width":1920,"height":1080,"url":"https:\/\/www.specialfabrikken.dk\/wp-content\/uploads\/2023\/06\/1020-0340.png","type":"image\/png"}],"twitter_card":"summary_large_image","twitter_misc":{"Est. reading time":"1 minute"},"schema":{"@context":"https:\/\/schema.org","@graph":[{"@type":"WebPage","@id":"https:\/\/www.specialfabrikken.dk\/vare\/enroersbjaelke-hoej-12-m\/","url":"https:\/\/www.specialfabrikken.dk\/vare\/enroersbjaelke-hoej-12-m\/","name":"Galvaniseret Enr\u00f8rsbj\u00e6lke - H\u00f8j 1,2 m | Specialfabrikken A\/S","isPartOf":{"@id":"https:\/\/www.specialfabrikken.dk\/#website"},"primaryImageOfPage":{"@id":"https:\/\/www.specialfabrikken.dk\/vare\/enroersbjaelke-hoej-12-m\/#primaryimage"},"image":{"@id":"https:\/\/www.specialfabrikken.dk\/vare\/enroersbjaelke-hoej-12-m\/#primaryimage"},"thumbnailUrl":"https:\/\/www.specialfabrikken.dk\/wp-content\/uploads\/2023\/06\/1020-0340.png","datePublished":"2023-06-26T12:18:05+00:00","dateModified":"2026-04-16T08:24:00+00:00","description":"Vores galvaniserede enr\u00f8rsbj\u00e6lke i h\u00f8j model med en l\u00e6ngde p\u00e5 1,2 meter er den ideelle l\u00f8sning til at h\u00e6ve platformens niveau p\u00e5 dit stillads. Denne bj\u00e6lke er udstyret med n\u00e6b, der g\u00f8r det nemt at samle den med s\u00f8jlerne p\u00e5 dit stillads. Brug denne h\u00f8je enr\u00f8rsbj\u00e6lke, n\u00e5r du har behov for at l\u00f8fte platformen til den \u00f8nskede h\u00f8jde.","breadcrumb":{"@id":"https:\/\/www.specialfabrikken.dk\/vare\/enroersbjaelke-hoej-12-m\/#breadcrumb"},"inLanguage":"en-US","potentialAction":[{"@type":"ReadAction","target":["https:\/\/www.specialfabrikken.dk\/vare\/enroersbjaelke-hoej-12-m\/"]}]},{"@type":"ImageObject","inLanguage":"en-US","@id":"https:\/\/www.specialfabrikken.dk\/vare\/enroersbjaelke-hoej-12-m\/#primaryimage","url":"https:\/\/www.specialfabrikken.dk\/wp-content\/uploads\/2023\/06\/1020-0340.png","contentUrl":"https:\/\/www.specialfabrikken.dk\/wp-content\/uploads\/2023\/06\/1020-0340.png","width":1920,"height":1080,"caption":"Enr\u00f8rsbj\u00e6lke H\u00f8j 1,2 m."},{"@type":"BreadcrumbList","@id":"https:\/\/www.specialfabrikken.dk\/vare\/enroersbjaelke-hoej-12-m\/#breadcrumb","itemListElement":[{"@type":"ListItem","position":1,"name":"Forside","item":"https:\/\/www.specialfabrikken.dk\/"},{"@type":"ListItem","position":2,"name":"Shop","item":"https:\/\/www.specialfabrikken.dk\/shop\/"},{"@type":"ListItem","position":3,"name":"Enr\u00f8rsbj\u00e6lke h\u00f8j 1,2 m."}]},{"@type":"WebSite","@id":"https:\/\/www.specialfabrikken.dk\/#website","url":"https:\/\/www.specialfabrikken.dk\/","name":"Specialfabrikken","description":"Specialfabrikken","potentialAction":[{"@type":"SearchAction","target":{"@type":"EntryPoint","urlTemplate":"https:\/\/www.specialfabrikken.dk\/?s={search_term_string}"},"query-input":{"@type":"PropertyValueSpecification","valueRequired":true,"valueName":"search_term_string"}}],"inLanguage":"en-US"}]}},"_links":{"self":[{"href":"https:\/\/www.specialfabrikken.dk\/en\/wp-json\/wp\/v2\/product\/53177","targetHints":{"allow":["GET"]}}],"collection":[{"href":"https:\/\/www.specialfabrikken.dk\/en\/wp-json\/wp\/v2\/product"}],"about":[{"href":"https:\/\/www.specialfabrikken.dk\/en\/wp-json\/wp\/v2\/types\/product"}],"replies":[{"embeddable":true,"href":"https:\/\/www.specialfabrikken.dk\/en\/wp-json\/wp\/v2\/comments?post=53177"}],"wp:featuredmedia":[{"embeddable":true,"href":"https:\/\/www.specialfabrikken.dk\/en\/wp-json\/wp\/v2\/media\/52881"}],"wp:attachment":[{"href":"https:\/\/www.specialfabrikken.dk\/en\/wp-json\/wp\/v2\/media?parent=53177"}],"wp:term":[{"taxonomy":"product_brand","embeddable":true,"href":"https:\/\/www.specialfabrikken.dk\/en\/wp-json\/wp\/v2\/product_brand?post=53177"},{"taxonomy":"product_cat","embeddable":true,"href":"https:\/\/www.specialfabrikken.dk\/en\/wp-json\/wp\/v2\/product_cat?post=53177"},{"taxonomy":"product_tag","embeddable":true,"href":"https:\/\/www.specialfabrikken.dk\/en\/wp-json\/wp\/v2\/product_tag?post=53177"}],"curies":[{"name":"wp","href":"https:\/\/api.w.org\/{rel}","templated":true}]}}