{"id":53180,"date":"2023-06-26T14:22:54","date_gmt":"2023-06-26T12:22:54","guid":{"rendered":"https:\/\/www.specialfabrikken.dk\/?post_type=product&#038;p=53180"},"modified":"2026-04-14T10:52:28","modified_gmt":"2026-04-14T08:52:28","slug":"enroersbjaelke-hoej-forstaerket-16-m","status":"publish","type":"product","link":"https:\/\/www.specialfabrikken.dk\/en\/vare\/enroersbjaelke-hoej-forstaerket-16-m\/","title":{"rendered":"Enr\u00f8rsbj\u00e6lke h\u00f8j forst\u00e6rket 1,6 m."},"content":{"rendered":"<p>Enr\u00f8rsbj\u00e6lke H\u00f8j Forst\u00e6rket 1,6 m.<\/p>\n<p>Short description:<\/p>\n<ul>\n<li>Galvaniseret enr\u00f8rsbj\u00e6lke med n\u00e6b for samling med s\u00f8jler.<\/li>\n<li>H\u00f8j model &#8211; bruges hvor det er n\u00f8dvendigt at l\u00f8fte niveauet p\u00e5 platformen.<\/li>\n<\/ul>","protected":false},"excerpt":{"rendered":"<h1>Vinderup Prof\u00ae Murerstillads Enr\u00f8rsbj\u00e6lke H\u00f8j Forst\u00e6rket 1,6 meter<\/h1>","protected":false},"featured_media":52884,"comment_status":"open","ping_status":"closed","template":"","meta":{"_acf_changed":false,"_et_pb_use_builder":"","_et_pb_old_content":"","_et_gb_content_width":""},"product_brand":[],"product_cat":[106,32,31],"product_tag":[48],"class_list":{"0":"post-53180","1":"product","2":"type-product","3":"status-publish","4":"has-post-thumbnail","6":"product_cat-enrorsbjaelker","7":"product_cat-murerstillads","8":"product_cat-stillads","9":"product_tag-murerstillads","10":"product_shipping_class-stor","12":"first","13":"instock","14":"taxable","15":"shipping-taxable","16":"purchasable","17":"product-type-simple"},"acf":[],"yoast_head":"<!-- This site is optimized with the Yoast SEO plugin v27.4 - https:\/\/yoast.com\/product\/yoast-seo-wordpress\/ -->\n<title>Galvaniseret Enr\u00f8rsbj\u00e6lke - H\u00f8j Forst\u00e6rket 1,6 m<\/title>\n<meta name=\"description\" content=\"Vores galvaniserede enr\u00f8rsbj\u00e6lke i h\u00f8j forst\u00e6rket model med en l\u00e6ngde p\u00e5 1,6 meter er den ideelle l\u00f8sning til at \u00f8ge niveauet p\u00e5 din platform. Denne bj\u00e6lke er udstyret med n\u00e6b, der g\u00f8r det nemt at samle den med s\u00f8jlerne p\u00e5 dit stillads. Med denne h\u00f8je forst\u00e6rkede enr\u00f8rsbj\u00e6lke f\u00e5r du den ekstra h\u00f8jde, du har brug for til dine opgaver.\" \/>\n<meta name=\"robots\" content=\"index, follow, max-snippet:-1, max-image-preview:large, max-video-preview:-1\" \/>\n<link rel=\"canonical\" href=\"https:\/\/www.specialfabrikken.dk\/en\/product-2\/enroersbjaelke-hoej-forstaerket-16-m\/\" \/>\n<meta property=\"og:locale\" content=\"en_US\" \/>\n<meta property=\"og:type\" content=\"article\" \/>\n<meta property=\"og:title\" content=\"Galvaniseret Enr\u00f8rsbj\u00e6lke - H\u00f8j Forst\u00e6rket 1,6 m\" \/>\n<meta property=\"og:description\" content=\"Vores galvaniserede enr\u00f8rsbj\u00e6lke i h\u00f8j forst\u00e6rket model med en l\u00e6ngde p\u00e5 1,6 meter er den ideelle l\u00f8sning til at \u00f8ge niveauet p\u00e5 din platform. Denne bj\u00e6lke er udstyret med n\u00e6b, der g\u00f8r det nemt at samle den med s\u00f8jlerne p\u00e5 dit stillads. Med denne h\u00f8je forst\u00e6rkede enr\u00f8rsbj\u00e6lke f\u00e5r du den ekstra h\u00f8jde, du har brug for til dine opgaver.\" \/>\n<meta property=\"og:url\" content=\"https:\/\/www.specialfabrikken.dk\/en\/product-2\/enroersbjaelke-hoej-forstaerket-16-m\/\" \/>\n<meta property=\"og:site_name\" content=\"Specialfabrikken\" \/>\n<meta property=\"article:modified_time\" content=\"2026-04-14T08:52:28+00:00\" \/>\n<meta property=\"og:image\" content=\"https:\/\/www.specialfabrikken.dk\/wp-content\/uploads\/2023\/06\/1020-0361.png\" \/>\n\t<meta property=\"og:image:width\" content=\"1600\" \/>\n\t<meta property=\"og:image:height\" content=\"1200\" \/>\n\t<meta property=\"og:image:type\" content=\"image\/png\" \/>\n<meta name=\"twitter:card\" content=\"summary_large_image\" \/>\n<meta name=\"twitter:label1\" content=\"Est. reading time\" \/>\n\t<meta name=\"twitter:data1\" content=\"1 minute\" \/>\n<script type=\"application\/ld+json\" class=\"yoast-schema-graph\">{\"@context\":\"https:\\\/\\\/schema.org\",\"@graph\":[{\"@type\":\"WebPage\",\"@id\":\"https:\\\/\\\/www.specialfabrikken.dk\\\/vare\\\/enroersbjaelke-hoej-forstaerket-16-m\\\/\",\"url\":\"https:\\\/\\\/www.specialfabrikken.dk\\\/vare\\\/enroersbjaelke-hoej-forstaerket-16-m\\\/\",\"name\":\"Galvaniseret Enr\u00f8rsbj\u00e6lke - H\u00f8j Forst\u00e6rket 1,6 m\",\"isPartOf\":{\"@id\":\"https:\\\/\\\/www.specialfabrikken.dk\\\/#website\"},\"primaryImageOfPage\":{\"@id\":\"https:\\\/\\\/www.specialfabrikken.dk\\\/vare\\\/enroersbjaelke-hoej-forstaerket-16-m\\\/#primaryimage\"},\"image\":{\"@id\":\"https:\\\/\\\/www.specialfabrikken.dk\\\/vare\\\/enroersbjaelke-hoej-forstaerket-16-m\\\/#primaryimage\"},\"thumbnailUrl\":\"https:\\\/\\\/www.specialfabrikken.dk\\\/wp-content\\\/uploads\\\/2023\\\/06\\\/1020-0361.png\",\"datePublished\":\"2023-06-26T12:22:54+00:00\",\"dateModified\":\"2026-04-14T08:52:28+00:00\",\"description\":\"Vores galvaniserede enr\u00f8rsbj\u00e6lke i h\u00f8j forst\u00e6rket model med en l\u00e6ngde p\u00e5 1,6 meter er den ideelle l\u00f8sning til at \u00f8ge niveauet p\u00e5 din platform. Denne bj\u00e6lke er udstyret med n\u00e6b, der g\u00f8r det nemt at samle den med s\u00f8jlerne p\u00e5 dit stillads. Med denne h\u00f8je forst\u00e6rkede enr\u00f8rsbj\u00e6lke f\u00e5r du den ekstra h\u00f8jde, du har brug for til dine opgaver.\",\"breadcrumb\":{\"@id\":\"https:\\\/\\\/www.specialfabrikken.dk\\\/vare\\\/enroersbjaelke-hoej-forstaerket-16-m\\\/#breadcrumb\"},\"inLanguage\":\"en-US\",\"potentialAction\":[{\"@type\":\"ReadAction\",\"target\":[\"https:\\\/\\\/www.specialfabrikken.dk\\\/vare\\\/enroersbjaelke-hoej-forstaerket-16-m\\\/\"]}]},{\"@type\":\"ImageObject\",\"inLanguage\":\"en-US\",\"@id\":\"https:\\\/\\\/www.specialfabrikken.dk\\\/vare\\\/enroersbjaelke-hoej-forstaerket-16-m\\\/#primaryimage\",\"url\":\"https:\\\/\\\/www.specialfabrikken.dk\\\/wp-content\\\/uploads\\\/2023\\\/06\\\/1020-0361.png\",\"contentUrl\":\"https:\\\/\\\/www.specialfabrikken.dk\\\/wp-content\\\/uploads\\\/2023\\\/06\\\/1020-0361.png\",\"width\":1600,\"height\":1200,\"caption\":\"Enr\u00f8rsbj\u00e6lke H\u00f8j Forst\u00e6rket 1,6 m.\"},{\"@type\":\"BreadcrumbList\",\"@id\":\"https:\\\/\\\/www.specialfabrikken.dk\\\/vare\\\/enroersbjaelke-hoej-forstaerket-16-m\\\/#breadcrumb\",\"itemListElement\":[{\"@type\":\"ListItem\",\"position\":1,\"name\":\"Forside\",\"item\":\"https:\\\/\\\/www.specialfabrikken.dk\\\/\"},{\"@type\":\"ListItem\",\"position\":2,\"name\":\"Shop\",\"item\":\"https:\\\/\\\/www.specialfabrikken.dk\\\/shop\\\/\"},{\"@type\":\"ListItem\",\"position\":3,\"name\":\"Enr\u00f8rsbj\u00e6lke h\u00f8j forst\u00e6rket 1,6 m.\"}]},{\"@type\":\"WebSite\",\"@id\":\"https:\\\/\\\/www.specialfabrikken.dk\\\/#website\",\"url\":\"https:\\\/\\\/www.specialfabrikken.dk\\\/\",\"name\":\"Specialfabrikken\",\"description\":\"Specialfabrikken\",\"potentialAction\":[{\"@type\":\"SearchAction\",\"target\":{\"@type\":\"EntryPoint\",\"urlTemplate\":\"https:\\\/\\\/www.specialfabrikken.dk\\\/?s={search_term_string}\"},\"query-input\":{\"@type\":\"PropertyValueSpecification\",\"valueRequired\":true,\"valueName\":\"search_term_string\"}}],\"inLanguage\":\"en-US\"}]}<\/script>\n<!-- \/ Yoast SEO plugin. -->","yoast_head_json":{"title":"Galvaniseret Enr\u00f8rsbj\u00e6lke - H\u00f8j Forst\u00e6rket 1,6 m","description":"Vores galvaniserede enr\u00f8rsbj\u00e6lke i h\u00f8j forst\u00e6rket model med en l\u00e6ngde p\u00e5 1,6 meter er den ideelle l\u00f8sning til at \u00f8ge niveauet p\u00e5 din platform. Denne bj\u00e6lke er udstyret med n\u00e6b, der g\u00f8r det nemt at samle den med s\u00f8jlerne p\u00e5 dit stillads. Med denne h\u00f8je forst\u00e6rkede enr\u00f8rsbj\u00e6lke f\u00e5r du den ekstra h\u00f8jde, du har brug for til dine opgaver.","robots":{"index":"index","follow":"follow","max-snippet":"max-snippet:-1","max-image-preview":"max-image-preview:large","max-video-preview":"max-video-preview:-1"},"canonical":"https:\/\/www.specialfabrikken.dk\/en\/product-2\/enroersbjaelke-hoej-forstaerket-16-m\/","og_locale":"en_US","og_type":"article","og_title":"Galvaniseret Enr\u00f8rsbj\u00e6lke - H\u00f8j Forst\u00e6rket 1,6 m","og_description":"Vores galvaniserede enr\u00f8rsbj\u00e6lke i h\u00f8j forst\u00e6rket model med en l\u00e6ngde p\u00e5 1,6 meter er den ideelle l\u00f8sning til at \u00f8ge niveauet p\u00e5 din platform. Denne bj\u00e6lke er udstyret med n\u00e6b, der g\u00f8r det nemt at samle den med s\u00f8jlerne p\u00e5 dit stillads. Med denne h\u00f8je forst\u00e6rkede enr\u00f8rsbj\u00e6lke f\u00e5r du den ekstra h\u00f8jde, du har brug for til dine opgaver.","og_url":"https:\/\/www.specialfabrikken.dk\/en\/product-2\/enroersbjaelke-hoej-forstaerket-16-m\/","og_site_name":"Specialfabrikken","article_modified_time":"2026-04-14T08:52:28+00:00","og_image":[{"width":1600,"height":1200,"url":"https:\/\/www.specialfabrikken.dk\/wp-content\/uploads\/2023\/06\/1020-0361.png","type":"image\/png"}],"twitter_card":"summary_large_image","twitter_misc":{"Est. reading time":"1 minute"},"schema":{"@context":"https:\/\/schema.org","@graph":[{"@type":"WebPage","@id":"https:\/\/www.specialfabrikken.dk\/vare\/enroersbjaelke-hoej-forstaerket-16-m\/","url":"https:\/\/www.specialfabrikken.dk\/vare\/enroersbjaelke-hoej-forstaerket-16-m\/","name":"Galvaniseret Enr\u00f8rsbj\u00e6lke - H\u00f8j Forst\u00e6rket 1,6 m","isPartOf":{"@id":"https:\/\/www.specialfabrikken.dk\/#website"},"primaryImageOfPage":{"@id":"https:\/\/www.specialfabrikken.dk\/vare\/enroersbjaelke-hoej-forstaerket-16-m\/#primaryimage"},"image":{"@id":"https:\/\/www.specialfabrikken.dk\/vare\/enroersbjaelke-hoej-forstaerket-16-m\/#primaryimage"},"thumbnailUrl":"https:\/\/www.specialfabrikken.dk\/wp-content\/uploads\/2023\/06\/1020-0361.png","datePublished":"2023-06-26T12:22:54+00:00","dateModified":"2026-04-14T08:52:28+00:00","description":"Vores galvaniserede enr\u00f8rsbj\u00e6lke i h\u00f8j forst\u00e6rket model med en l\u00e6ngde p\u00e5 1,6 meter er den ideelle l\u00f8sning til at \u00f8ge niveauet p\u00e5 din platform. Denne bj\u00e6lke er udstyret med n\u00e6b, der g\u00f8r det nemt at samle den med s\u00f8jlerne p\u00e5 dit stillads. Med denne h\u00f8je forst\u00e6rkede enr\u00f8rsbj\u00e6lke f\u00e5r du den ekstra h\u00f8jde, du har brug for til dine opgaver.","breadcrumb":{"@id":"https:\/\/www.specialfabrikken.dk\/vare\/enroersbjaelke-hoej-forstaerket-16-m\/#breadcrumb"},"inLanguage":"en-US","potentialAction":[{"@type":"ReadAction","target":["https:\/\/www.specialfabrikken.dk\/vare\/enroersbjaelke-hoej-forstaerket-16-m\/"]}]},{"@type":"ImageObject","inLanguage":"en-US","@id":"https:\/\/www.specialfabrikken.dk\/vare\/enroersbjaelke-hoej-forstaerket-16-m\/#primaryimage","url":"https:\/\/www.specialfabrikken.dk\/wp-content\/uploads\/2023\/06\/1020-0361.png","contentUrl":"https:\/\/www.specialfabrikken.dk\/wp-content\/uploads\/2023\/06\/1020-0361.png","width":1600,"height":1200,"caption":"Enr\u00f8rsbj\u00e6lke H\u00f8j Forst\u00e6rket 1,6 m."},{"@type":"BreadcrumbList","@id":"https:\/\/www.specialfabrikken.dk\/vare\/enroersbjaelke-hoej-forstaerket-16-m\/#breadcrumb","itemListElement":[{"@type":"ListItem","position":1,"name":"Forside","item":"https:\/\/www.specialfabrikken.dk\/"},{"@type":"ListItem","position":2,"name":"Shop","item":"https:\/\/www.specialfabrikken.dk\/shop\/"},{"@type":"ListItem","position":3,"name":"Enr\u00f8rsbj\u00e6lke h\u00f8j forst\u00e6rket 1,6 m."}]},{"@type":"WebSite","@id":"https:\/\/www.specialfabrikken.dk\/#website","url":"https:\/\/www.specialfabrikken.dk\/","name":"Specialfabrikken","description":"Specialfabrikken","potentialAction":[{"@type":"SearchAction","target":{"@type":"EntryPoint","urlTemplate":"https:\/\/www.specialfabrikken.dk\/?s={search_term_string}"},"query-input":{"@type":"PropertyValueSpecification","valueRequired":true,"valueName":"search_term_string"}}],"inLanguage":"en-US"}]}},"_links":{"self":[{"href":"https:\/\/www.specialfabrikken.dk\/en\/wp-json\/wp\/v2\/product\/53180","targetHints":{"allow":["GET"]}}],"collection":[{"href":"https:\/\/www.specialfabrikken.dk\/en\/wp-json\/wp\/v2\/product"}],"about":[{"href":"https:\/\/www.specialfabrikken.dk\/en\/wp-json\/wp\/v2\/types\/product"}],"replies":[{"embeddable":true,"href":"https:\/\/www.specialfabrikken.dk\/en\/wp-json\/wp\/v2\/comments?post=53180"}],"wp:featuredmedia":[{"embeddable":true,"href":"https:\/\/www.specialfabrikken.dk\/en\/wp-json\/wp\/v2\/media\/52884"}],"wp:attachment":[{"href":"https:\/\/www.specialfabrikken.dk\/en\/wp-json\/wp\/v2\/media?parent=53180"}],"wp:term":[{"taxonomy":"product_brand","embeddable":true,"href":"https:\/\/www.specialfabrikken.dk\/en\/wp-json\/wp\/v2\/product_brand?post=53180"},{"taxonomy":"product_cat","embeddable":true,"href":"https:\/\/www.specialfabrikken.dk\/en\/wp-json\/wp\/v2\/product_cat?post=53180"},{"taxonomy":"product_tag","embeddable":true,"href":"https:\/\/www.specialfabrikken.dk\/en\/wp-json\/wp\/v2\/product_tag?post=53180"}],"curies":[{"name":"wp","href":"https:\/\/api.w.org\/{rel}","templated":true}]}}