{"id":53205,"date":"2023-07-24T11:16:48","date_gmt":"2023-07-24T11:16:48","guid":{"rendered":"https:\/\/www.specialfabrikken.dk\/?post_type=product&#038;p=53205"},"modified":"2026-02-01T08:33:22","modified_gmt":"2026-02-01T07:33:22","slug":"alu-daek-uden-lem-06-x-300-m-kl-5","status":"publish","type":"product","link":"https:\/\/www.specialfabrikken.dk\/en\/vare\/alu-daek-uden-lem-06-x-300-m-kl-5\/","title":{"rendered":"Alu-d\u00e6k uden lem 0,6 x 3,00 m. &#8211; klasse 5"},"content":{"rendered":"<p>Short description:<\/p>\n<ul>\n<li>Alu-d\u00e6k str. 0,6 x 3,00 m. uden opgangslem. Samme l\u00e6ngde som g\u00e6ngse fabrikater p\u00e5 markedet.<\/li>\n<li>Klasse 5 &#8211; 450 kg pr. m2 &#8211; perfekt til murarbejde.<\/li>\n<li>Godkendt til k\u00f8rsel med el-pallek\u00e6re op til 200 kg pr. 20&#215;20 cm<\/li>\n<li>Ekstra kraftige alu-vanger med 3 kroge.<\/li>\n<li>Fremstillet i p\u00e5 egen fabrik i Danmark med finsk birkefin\u00e9r i god kvalitet og skridsikker overflade.<\/li>\n<\/ul>","protected":false},"excerpt":{"rendered":"<p>Kort sagt: Alu-d\u00e6k str. 0,6 x 3,00 m. uden opgangslem. Samme l\u00e6ngde som g\u00e6ngse fabrikater p\u00e5 markedet. Klasse 5 &#8211; 450 kg pr. m2 &#8211; perfekt til murarbejde. Godkendt til k\u00f8rsel med el-pallek\u00e6re op til 200 kg pr. 20&#215;20 cm Ekstra kraftige alu-vanger med 3 kroge. Fremstillet i p\u00e5 egen fabrik i Danmark med finsk [&hellip;]<\/p>\n","protected":false},"featured_media":73958,"comment_status":"open","ping_status":"closed","template":"","meta":{"_acf_changed":false,"_et_pb_use_builder":"off","_et_pb_old_content":"Kort sagt:\r\n<ul>\r\n \t<li>Alu-d\u00e6k str. 0,6 x 3,00 m. uden opgangslem. Samme l\u00e6ngde som g\u00e6ngse fabrikater p\u00e5 markedet.<\/li>\r\n \t<li>Klasse 5 - 450 kg pr. m2 - perfekt til murarbejde.<\/li>\r\n \t<li>Godkendt til k\u00f8rsel med el-pallek\u00e6re op til 200 kg pr. 20x20 cm<\/li>\r\n \t<li>Ekstra kraftige alu-vanger med 3 kroge.<\/li>\r\n \t<li>Fremstillet i p\u00e5 egen fabrik i Danmark med finsk birkefin\u00e9r i god kvalitet og skridsikker overflade.<\/li>\r\n<\/ul>","_et_gb_content_width":""},"product_brand":[],"product_cat":[102,66,150,73,204,31],"product_tag":[123,115,112,148,176],"class_list":{"0":"post-53205","1":"product","2":"type-product","3":"status-publish","4":"has-post-thumbnail","6":"product_cat-alu-daek","7":"product_cat-bukkestillads","8":"product_cat-klasse-4-5-alu-daek","9":"product_cat-koererampe","10":"product_cat-specialfabrikken-varer","11":"product_cat-stillads","12":"product_tag-alu-daek","13":"product_tag-alu-daek-kl-5","14":"product_tag-bukkestillads","15":"product_tag-unik","16":"product_tag-koererampe","17":"product_shipping_class-stor","19":"first","20":"instock","21":"taxable","22":"shipping-taxable","23":"purchasable","24":"product-type-simple"},"acf":[],"yoast_head":"<!-- This site is optimized with the Yoast SEO plugin v27.4 - https:\/\/yoast.com\/product\/yoast-seo-wordpress\/ -->\n<title>Alu-d\u00e6k uden lem 0,6 x 3,00 m. - klasse 5 - Specialfabrikken<\/title>\n<meta name=\"description\" content=\"Vinderup Prof\u00ae Alu-d\u00e6k uden lem 0,6 x 3,00 m. kl. 5. Vi laver Danmarks st\u00e6rkeste alu-d\u00e6k, her p\u00e5 fabrikken i Vinderup. Mange st\u00f8rrelser p\u00e5 lager.\" \/>\n<meta name=\"robots\" content=\"index, follow, max-snippet:-1, max-image-preview:large, max-video-preview:-1\" \/>\n<link rel=\"canonical\" href=\"https:\/\/www.specialfabrikken.dk\/en\/product-2\/alu-daek-uden-lem-06-x-300-m-kl-5\/\" \/>\n<meta property=\"og:locale\" content=\"en_US\" \/>\n<meta property=\"og:type\" content=\"article\" \/>\n<meta property=\"og:title\" content=\"Alu-d\u00e6k uden lem 0,6 x 3,00 m. - klasse 5 - Specialfabrikken\" \/>\n<meta property=\"og:description\" content=\"Vinderup Prof\u00ae Alu-d\u00e6k uden lem 0,6 x 3,00 m. kl. 5. Vi laver Danmarks st\u00e6rkeste alu-d\u00e6k, her p\u00e5 fabrikken i Vinderup. Mange st\u00f8rrelser p\u00e5 lager.\" \/>\n<meta property=\"og:url\" content=\"https:\/\/www.specialfabrikken.dk\/en\/product-2\/alu-daek-uden-lem-06-x-300-m-kl-5\/\" \/>\n<meta property=\"og:site_name\" content=\"Specialfabrikken\" \/>\n<meta property=\"article:modified_time\" content=\"2026-02-01T07:33:22+00:00\" \/>\n<meta property=\"og:image\" content=\"https:\/\/www.specialfabrikken.dk\/wp-content\/uploads\/2023\/07\/Murerdaek-flueben.jpg\" \/>\n\t<meta property=\"og:image:width\" content=\"1561\" \/>\n\t<meta property=\"og:image:height\" content=\"510\" \/>\n\t<meta property=\"og:image:type\" content=\"image\/jpeg\" \/>\n<meta name=\"twitter:card\" content=\"summary_large_image\" \/>\n<meta name=\"twitter:label1\" content=\"Est. reading time\" \/>\n\t<meta name=\"twitter:data1\" content=\"1 minute\" \/>\n<script type=\"application\/ld+json\" class=\"yoast-schema-graph\">{\"@context\":\"https:\\\/\\\/schema.org\",\"@graph\":[{\"@type\":\"WebPage\",\"@id\":\"https:\\\/\\\/www.specialfabrikken.dk\\\/vare\\\/alu-daek-uden-lem-06-x-300-m-kl-5\\\/\",\"url\":\"https:\\\/\\\/www.specialfabrikken.dk\\\/vare\\\/alu-daek-uden-lem-06-x-300-m-kl-5\\\/\",\"name\":\"Alu-d\u00e6k uden lem 0,6 x 3,00 m. - klasse 5 - Specialfabrikken\",\"isPartOf\":{\"@id\":\"https:\\\/\\\/www.specialfabrikken.dk\\\/#website\"},\"primaryImageOfPage\":{\"@id\":\"https:\\\/\\\/www.specialfabrikken.dk\\\/vare\\\/alu-daek-uden-lem-06-x-300-m-kl-5\\\/#primaryimage\"},\"image\":{\"@id\":\"https:\\\/\\\/www.specialfabrikken.dk\\\/vare\\\/alu-daek-uden-lem-06-x-300-m-kl-5\\\/#primaryimage\"},\"thumbnailUrl\":\"https:\\\/\\\/www.specialfabrikken.dk\\\/wp-content\\\/uploads\\\/2023\\\/07\\\/Murerdaek-flueben.jpg\",\"datePublished\":\"2023-07-24T11:16:48+00:00\",\"dateModified\":\"2026-02-01T07:33:22+00:00\",\"description\":\"Vinderup Prof\u00ae Alu-d\u00e6k uden lem 0,6 x 3,00 m. kl. 5. Vi laver Danmarks st\u00e6rkeste alu-d\u00e6k, her p\u00e5 fabrikken i Vinderup. Mange st\u00f8rrelser p\u00e5 lager.\",\"breadcrumb\":{\"@id\":\"https:\\\/\\\/www.specialfabrikken.dk\\\/vare\\\/alu-daek-uden-lem-06-x-300-m-kl-5\\\/#breadcrumb\"},\"inLanguage\":\"en-US\",\"potentialAction\":[{\"@type\":\"ReadAction\",\"target\":[\"https:\\\/\\\/www.specialfabrikken.dk\\\/vare\\\/alu-daek-uden-lem-06-x-300-m-kl-5\\\/\"]}]},{\"@type\":\"ImageObject\",\"inLanguage\":\"en-US\",\"@id\":\"https:\\\/\\\/www.specialfabrikken.dk\\\/vare\\\/alu-daek-uden-lem-06-x-300-m-kl-5\\\/#primaryimage\",\"url\":\"https:\\\/\\\/www.specialfabrikken.dk\\\/wp-content\\\/uploads\\\/2023\\\/07\\\/Murerdaek-flueben.jpg\",\"contentUrl\":\"https:\\\/\\\/www.specialfabrikken.dk\\\/wp-content\\\/uploads\\\/2023\\\/07\\\/Murerdaek-flueben.jpg\",\"width\":1561,\"height\":510},{\"@type\":\"BreadcrumbList\",\"@id\":\"https:\\\/\\\/www.specialfabrikken.dk\\\/vare\\\/alu-daek-uden-lem-06-x-300-m-kl-5\\\/#breadcrumb\",\"itemListElement\":[{\"@type\":\"ListItem\",\"position\":1,\"name\":\"Forside\",\"item\":\"https:\\\/\\\/www.specialfabrikken.dk\\\/\"},{\"@type\":\"ListItem\",\"position\":2,\"name\":\"Shop\",\"item\":\"https:\\\/\\\/www.specialfabrikken.dk\\\/shop\\\/\"},{\"@type\":\"ListItem\",\"position\":3,\"name\":\"Alu-d\u00e6k uden lem 0,6 x 3,00 m. &#8211; klasse 5\"}]},{\"@type\":\"WebSite\",\"@id\":\"https:\\\/\\\/www.specialfabrikken.dk\\\/#website\",\"url\":\"https:\\\/\\\/www.specialfabrikken.dk\\\/\",\"name\":\"Specialfabrikken\",\"description\":\"Specialfabrikken\",\"potentialAction\":[{\"@type\":\"SearchAction\",\"target\":{\"@type\":\"EntryPoint\",\"urlTemplate\":\"https:\\\/\\\/www.specialfabrikken.dk\\\/?s={search_term_string}\"},\"query-input\":{\"@type\":\"PropertyValueSpecification\",\"valueRequired\":true,\"valueName\":\"search_term_string\"}}],\"inLanguage\":\"en-US\"}]}<\/script>\n<!-- \/ Yoast SEO plugin. -->","yoast_head_json":{"title":"Alu-d\u00e6k uden lem 0,6 x 3,00 m. - klasse 5 - Specialfabrikken","description":"Vinderup Prof\u00ae Alu-d\u00e6k uden lem 0,6 x 3,00 m. kl. 5. Vi laver Danmarks st\u00e6rkeste alu-d\u00e6k, her p\u00e5 fabrikken i Vinderup. Mange st\u00f8rrelser p\u00e5 lager.","robots":{"index":"index","follow":"follow","max-snippet":"max-snippet:-1","max-image-preview":"max-image-preview:large","max-video-preview":"max-video-preview:-1"},"canonical":"https:\/\/www.specialfabrikken.dk\/en\/product-2\/alu-daek-uden-lem-06-x-300-m-kl-5\/","og_locale":"en_US","og_type":"article","og_title":"Alu-d\u00e6k uden lem 0,6 x 3,00 m. - klasse 5 - Specialfabrikken","og_description":"Vinderup Prof\u00ae Alu-d\u00e6k uden lem 0,6 x 3,00 m. kl. 5. Vi laver Danmarks st\u00e6rkeste alu-d\u00e6k, her p\u00e5 fabrikken i Vinderup. Mange st\u00f8rrelser p\u00e5 lager.","og_url":"https:\/\/www.specialfabrikken.dk\/en\/product-2\/alu-daek-uden-lem-06-x-300-m-kl-5\/","og_site_name":"Specialfabrikken","article_modified_time":"2026-02-01T07:33:22+00:00","og_image":[{"width":1561,"height":510,"url":"https:\/\/www.specialfabrikken.dk\/wp-content\/uploads\/2023\/07\/Murerdaek-flueben.jpg","type":"image\/jpeg"}],"twitter_card":"summary_large_image","twitter_misc":{"Est. reading time":"1 minute"},"schema":{"@context":"https:\/\/schema.org","@graph":[{"@type":"WebPage","@id":"https:\/\/www.specialfabrikken.dk\/vare\/alu-daek-uden-lem-06-x-300-m-kl-5\/","url":"https:\/\/www.specialfabrikken.dk\/vare\/alu-daek-uden-lem-06-x-300-m-kl-5\/","name":"Alu-d\u00e6k uden lem 0,6 x 3,00 m. - klasse 5 - Specialfabrikken","isPartOf":{"@id":"https:\/\/www.specialfabrikken.dk\/#website"},"primaryImageOfPage":{"@id":"https:\/\/www.specialfabrikken.dk\/vare\/alu-daek-uden-lem-06-x-300-m-kl-5\/#primaryimage"},"image":{"@id":"https:\/\/www.specialfabrikken.dk\/vare\/alu-daek-uden-lem-06-x-300-m-kl-5\/#primaryimage"},"thumbnailUrl":"https:\/\/www.specialfabrikken.dk\/wp-content\/uploads\/2023\/07\/Murerdaek-flueben.jpg","datePublished":"2023-07-24T11:16:48+00:00","dateModified":"2026-02-01T07:33:22+00:00","description":"Vinderup Prof\u00ae Alu-d\u00e6k uden lem 0,6 x 3,00 m. kl. 5. Vi laver Danmarks st\u00e6rkeste alu-d\u00e6k, her p\u00e5 fabrikken i Vinderup. Mange st\u00f8rrelser p\u00e5 lager.","breadcrumb":{"@id":"https:\/\/www.specialfabrikken.dk\/vare\/alu-daek-uden-lem-06-x-300-m-kl-5\/#breadcrumb"},"inLanguage":"en-US","potentialAction":[{"@type":"ReadAction","target":["https:\/\/www.specialfabrikken.dk\/vare\/alu-daek-uden-lem-06-x-300-m-kl-5\/"]}]},{"@type":"ImageObject","inLanguage":"en-US","@id":"https:\/\/www.specialfabrikken.dk\/vare\/alu-daek-uden-lem-06-x-300-m-kl-5\/#primaryimage","url":"https:\/\/www.specialfabrikken.dk\/wp-content\/uploads\/2023\/07\/Murerdaek-flueben.jpg","contentUrl":"https:\/\/www.specialfabrikken.dk\/wp-content\/uploads\/2023\/07\/Murerdaek-flueben.jpg","width":1561,"height":510},{"@type":"BreadcrumbList","@id":"https:\/\/www.specialfabrikken.dk\/vare\/alu-daek-uden-lem-06-x-300-m-kl-5\/#breadcrumb","itemListElement":[{"@type":"ListItem","position":1,"name":"Forside","item":"https:\/\/www.specialfabrikken.dk\/"},{"@type":"ListItem","position":2,"name":"Shop","item":"https:\/\/www.specialfabrikken.dk\/shop\/"},{"@type":"ListItem","position":3,"name":"Alu-d\u00e6k uden lem 0,6 x 3,00 m. &#8211; klasse 5"}]},{"@type":"WebSite","@id":"https:\/\/www.specialfabrikken.dk\/#website","url":"https:\/\/www.specialfabrikken.dk\/","name":"Specialfabrikken","description":"Specialfabrikken","potentialAction":[{"@type":"SearchAction","target":{"@type":"EntryPoint","urlTemplate":"https:\/\/www.specialfabrikken.dk\/?s={search_term_string}"},"query-input":{"@type":"PropertyValueSpecification","valueRequired":true,"valueName":"search_term_string"}}],"inLanguage":"en-US"}]}},"_links":{"self":[{"href":"https:\/\/www.specialfabrikken.dk\/en\/wp-json\/wp\/v2\/product\/53205","targetHints":{"allow":["GET"]}}],"collection":[{"href":"https:\/\/www.specialfabrikken.dk\/en\/wp-json\/wp\/v2\/product"}],"about":[{"href":"https:\/\/www.specialfabrikken.dk\/en\/wp-json\/wp\/v2\/types\/product"}],"replies":[{"embeddable":true,"href":"https:\/\/www.specialfabrikken.dk\/en\/wp-json\/wp\/v2\/comments?post=53205"}],"wp:featuredmedia":[{"embeddable":true,"href":"https:\/\/www.specialfabrikken.dk\/en\/wp-json\/wp\/v2\/media\/73958"}],"wp:attachment":[{"href":"https:\/\/www.specialfabrikken.dk\/en\/wp-json\/wp\/v2\/media?parent=53205"}],"wp:term":[{"taxonomy":"product_brand","embeddable":true,"href":"https:\/\/www.specialfabrikken.dk\/en\/wp-json\/wp\/v2\/product_brand?post=53205"},{"taxonomy":"product_cat","embeddable":true,"href":"https:\/\/www.specialfabrikken.dk\/en\/wp-json\/wp\/v2\/product_cat?post=53205"},{"taxonomy":"product_tag","embeddable":true,"href":"https:\/\/www.specialfabrikken.dk\/en\/wp-json\/wp\/v2\/product_tag?post=53205"}],"curies":[{"name":"wp","href":"https:\/\/api.w.org\/{rel}","templated":true}]}}