{"id":53224,"date":"2023-07-28T09:11:03","date_gmt":"2023-07-28T09:11:03","guid":{"rendered":"https:\/\/www.specialfabrikken.dk\/?post_type=product&#038;p=53224"},"modified":"2025-11-07T10:17:17","modified_gmt":"2025-11-07T10:17:17","slug":"galvaniseret-stige-med-trappetrin-15m","status":"publish","type":"product","link":"https:\/\/www.specialfabrikken.dk\/en\/vare\/galvaniseret-stige-med-trappetrin-15m\/","title":{"rendered":"Galvaniseret Stige med Trappetrin 1,5 m."},"content":{"rendered":"<p>Kraftig Galvaniseret Stige med Trappetrin 1,5 m.<\/p>\n<p>Beregnet til indvendig opbygning p\u00e5 1,6 m. felt med 1,5 m. mellem trallel\u00f8ft til opmuring.<\/p>\n<p>Skal du bygge et trappet\u00e5rn, har vi disse kvalitets <a href=\"https:\/\/www.specialfabrikken.dk\/en\/product-tag\/trappetaarn\/\">alu-trapper<\/a>.<\/p>\n<p>Short description:<\/p>\n<ul>\n<li>Galvaniseret st\u00e5l.<\/li>\n<li>Kraftig kvalitet.<\/li>\n<li>Brede trappetrin.<\/li>\n<li>H\u00e5ndlister f\u00e5s som tilbeh\u00f8r <a href=\"https:\/\/www.specialfabrikken.dk\/en\/product-tag\/stige-med-trappetrin\/\">her<\/a><\/li>\n<\/ul>\n<p>BEM\u00c6RK: Denne stige er ikke godkendt som trappe grundet den stejle h\u00e6ldning. Det vil sige, at der ikke m\u00e5 transporteres v\u00e6rkt\u00f8j p\u00e5 stigen.<\/p>","protected":false},"excerpt":{"rendered":"<h1>Galvaniseret Stige med Trappetrin 1,5 m.<\/h1>","protected":false},"featured_media":50299,"comment_status":"open","ping_status":"closed","template":"","meta":{"_acf_changed":false,"_et_pb_use_builder":"","_et_pb_old_content":"","_et_gb_content_width":""},"product_brand":[],"product_cat":[32,31],"product_tag":[108,48,51,50],"class_list":{"0":"post-53224","1":"product","2":"type-product","3":"status-publish","4":"has-post-thumbnail","6":"product_cat-murerstillads","7":"product_cat-stillads","8":"product_tag-1-5-m","9":"product_tag-murerstillads","10":"product_tag-stige-med-trappetrin","11":"product_tag-stilladsstige","12":"product_shipping_class-stor","14":"first","15":"onbackorder","16":"taxable","17":"shipping-taxable","18":"purchasable","19":"product-type-simple"},"acf":[],"yoast_head":"<!-- This site is optimized with the Yoast SEO plugin v27.4 - https:\/\/yoast.com\/product\/yoast-seo-wordpress\/ -->\n<title>Galvaniseret Stige med Trappetrin 1,5 m. - Specialfabrikken<\/title>\n<meta name=\"description\" content=\"Galvaniseret Stige med Trappetrin 1,5 m. Vi fremstiller murerstillads i h\u00f8jstyrkest\u00e5l med lav v\u00e6gt, og vi tilbyder kyndig vejledning fra start til slut.\" \/>\n<meta name=\"robots\" content=\"index, follow, max-snippet:-1, max-image-preview:large, max-video-preview:-1\" \/>\n<link rel=\"canonical\" href=\"https:\/\/www.specialfabrikken.dk\/en\/product-2\/galvaniseret-stige-med-trappetrin-15m\/\" \/>\n<meta property=\"og:locale\" content=\"en_US\" \/>\n<meta property=\"og:type\" content=\"article\" \/>\n<meta property=\"og:title\" content=\"Galvaniseret Stige med Trappetrin 1,5 m. - Specialfabrikken\" \/>\n<meta property=\"og:description\" content=\"Galvaniseret Stige med Trappetrin 1,5 m. Vi fremstiller murerstillads i h\u00f8jstyrkest\u00e5l med lav v\u00e6gt, og vi tilbyder kyndig vejledning fra start til slut.\" \/>\n<meta property=\"og:url\" content=\"https:\/\/www.specialfabrikken.dk\/en\/product-2\/galvaniseret-stige-med-trappetrin-15m\/\" \/>\n<meta property=\"og:site_name\" content=\"Specialfabrikken\" \/>\n<meta property=\"article:modified_time\" content=\"2025-11-07T10:17:17+00:00\" \/>\n<meta property=\"og:image\" content=\"https:\/\/www.specialfabrikken.dk\/wp-content\/uploads\/2020\/04\/staaltrappe.jpg\" \/>\n\t<meta property=\"og:image:width\" content=\"318\" \/>\n\t<meta property=\"og:image:height\" content=\"448\" \/>\n\t<meta property=\"og:image:type\" content=\"image\/jpeg\" \/>\n<meta name=\"twitter:card\" content=\"summary_large_image\" \/>\n<meta name=\"twitter:label1\" content=\"Est. reading time\" \/>\n\t<meta name=\"twitter:data1\" content=\"1 minute\" \/>\n<script type=\"application\/ld+json\" class=\"yoast-schema-graph\">{\"@context\":\"https:\\\/\\\/schema.org\",\"@graph\":[{\"@type\":\"WebPage\",\"@id\":\"https:\\\/\\\/www.specialfabrikken.dk\\\/vare\\\/galvaniseret-stige-med-trappetrin-15m\\\/\",\"url\":\"https:\\\/\\\/www.specialfabrikken.dk\\\/vare\\\/galvaniseret-stige-med-trappetrin-15m\\\/\",\"name\":\"Galvaniseret Stige med Trappetrin 1,5 m. - Specialfabrikken\",\"isPartOf\":{\"@id\":\"https:\\\/\\\/www.specialfabrikken.dk\\\/#website\"},\"primaryImageOfPage\":{\"@id\":\"https:\\\/\\\/www.specialfabrikken.dk\\\/vare\\\/galvaniseret-stige-med-trappetrin-15m\\\/#primaryimage\"},\"image\":{\"@id\":\"https:\\\/\\\/www.specialfabrikken.dk\\\/vare\\\/galvaniseret-stige-med-trappetrin-15m\\\/#primaryimage\"},\"thumbnailUrl\":\"https:\\\/\\\/www.specialfabrikken.dk\\\/wp-content\\\/uploads\\\/2020\\\/04\\\/staaltrappe.jpg\",\"datePublished\":\"2023-07-28T09:11:03+00:00\",\"dateModified\":\"2025-11-07T10:17:17+00:00\",\"description\":\"Galvaniseret Stige med Trappetrin 1,5 m. Vi fremstiller murerstillads i h\u00f8jstyrkest\u00e5l med lav v\u00e6gt, og vi tilbyder kyndig vejledning fra start til slut.\",\"breadcrumb\":{\"@id\":\"https:\\\/\\\/www.specialfabrikken.dk\\\/vare\\\/galvaniseret-stige-med-trappetrin-15m\\\/#breadcrumb\"},\"inLanguage\":\"en-US\",\"potentialAction\":[{\"@type\":\"ReadAction\",\"target\":[\"https:\\\/\\\/www.specialfabrikken.dk\\\/vare\\\/galvaniseret-stige-med-trappetrin-15m\\\/\"]}]},{\"@type\":\"ImageObject\",\"inLanguage\":\"en-US\",\"@id\":\"https:\\\/\\\/www.specialfabrikken.dk\\\/vare\\\/galvaniseret-stige-med-trappetrin-15m\\\/#primaryimage\",\"url\":\"https:\\\/\\\/www.specialfabrikken.dk\\\/wp-content\\\/uploads\\\/2020\\\/04\\\/staaltrappe.jpg\",\"contentUrl\":\"https:\\\/\\\/www.specialfabrikken.dk\\\/wp-content\\\/uploads\\\/2020\\\/04\\\/staaltrappe.jpg\",\"width\":318,\"height\":448,\"caption\":\"SONY DSC\"},{\"@type\":\"BreadcrumbList\",\"@id\":\"https:\\\/\\\/www.specialfabrikken.dk\\\/vare\\\/galvaniseret-stige-med-trappetrin-15m\\\/#breadcrumb\",\"itemListElement\":[{\"@type\":\"ListItem\",\"position\":1,\"name\":\"Forside\",\"item\":\"https:\\\/\\\/www.specialfabrikken.dk\\\/\"},{\"@type\":\"ListItem\",\"position\":2,\"name\":\"Shop\",\"item\":\"https:\\\/\\\/www.specialfabrikken.dk\\\/shop\\\/\"},{\"@type\":\"ListItem\",\"position\":3,\"name\":\"Galvaniseret Stige med Trappetrin 1,5 m.\"}]},{\"@type\":\"WebSite\",\"@id\":\"https:\\\/\\\/www.specialfabrikken.dk\\\/#website\",\"url\":\"https:\\\/\\\/www.specialfabrikken.dk\\\/\",\"name\":\"Specialfabrikken\",\"description\":\"Specialfabrikken\",\"potentialAction\":[{\"@type\":\"SearchAction\",\"target\":{\"@type\":\"EntryPoint\",\"urlTemplate\":\"https:\\\/\\\/www.specialfabrikken.dk\\\/?s={search_term_string}\"},\"query-input\":{\"@type\":\"PropertyValueSpecification\",\"valueRequired\":true,\"valueName\":\"search_term_string\"}}],\"inLanguage\":\"en-US\"}]}<\/script>\n<!-- \/ Yoast SEO plugin. -->","yoast_head_json":{"title":"Galvaniseret Stige med Trappetrin 1,5 m. - Specialfabrikken","description":"Galvaniseret Stige med Trappetrin 1,5 m. Vi fremstiller murerstillads i h\u00f8jstyrkest\u00e5l med lav v\u00e6gt, og vi tilbyder kyndig vejledning fra start til slut.","robots":{"index":"index","follow":"follow","max-snippet":"max-snippet:-1","max-image-preview":"max-image-preview:large","max-video-preview":"max-video-preview:-1"},"canonical":"https:\/\/www.specialfabrikken.dk\/en\/product-2\/galvaniseret-stige-med-trappetrin-15m\/","og_locale":"en_US","og_type":"article","og_title":"Galvaniseret Stige med Trappetrin 1,5 m. - Specialfabrikken","og_description":"Galvaniseret Stige med Trappetrin 1,5 m. Vi fremstiller murerstillads i h\u00f8jstyrkest\u00e5l med lav v\u00e6gt, og vi tilbyder kyndig vejledning fra start til slut.","og_url":"https:\/\/www.specialfabrikken.dk\/en\/product-2\/galvaniseret-stige-med-trappetrin-15m\/","og_site_name":"Specialfabrikken","article_modified_time":"2025-11-07T10:17:17+00:00","og_image":[{"width":318,"height":448,"url":"https:\/\/www.specialfabrikken.dk\/wp-content\/uploads\/2020\/04\/staaltrappe.jpg","type":"image\/jpeg"}],"twitter_card":"summary_large_image","twitter_misc":{"Est. reading time":"1 minute"},"schema":{"@context":"https:\/\/schema.org","@graph":[{"@type":"WebPage","@id":"https:\/\/www.specialfabrikken.dk\/vare\/galvaniseret-stige-med-trappetrin-15m\/","url":"https:\/\/www.specialfabrikken.dk\/vare\/galvaniseret-stige-med-trappetrin-15m\/","name":"Galvaniseret Stige med Trappetrin 1,5 m. - Specialfabrikken","isPartOf":{"@id":"https:\/\/www.specialfabrikken.dk\/#website"},"primaryImageOfPage":{"@id":"https:\/\/www.specialfabrikken.dk\/vare\/galvaniseret-stige-med-trappetrin-15m\/#primaryimage"},"image":{"@id":"https:\/\/www.specialfabrikken.dk\/vare\/galvaniseret-stige-med-trappetrin-15m\/#primaryimage"},"thumbnailUrl":"https:\/\/www.specialfabrikken.dk\/wp-content\/uploads\/2020\/04\/staaltrappe.jpg","datePublished":"2023-07-28T09:11:03+00:00","dateModified":"2025-11-07T10:17:17+00:00","description":"Galvaniseret Stige med Trappetrin 1,5 m. Vi fremstiller murerstillads i h\u00f8jstyrkest\u00e5l med lav v\u00e6gt, og vi tilbyder kyndig vejledning fra start til slut.","breadcrumb":{"@id":"https:\/\/www.specialfabrikken.dk\/vare\/galvaniseret-stige-med-trappetrin-15m\/#breadcrumb"},"inLanguage":"en-US","potentialAction":[{"@type":"ReadAction","target":["https:\/\/www.specialfabrikken.dk\/vare\/galvaniseret-stige-med-trappetrin-15m\/"]}]},{"@type":"ImageObject","inLanguage":"en-US","@id":"https:\/\/www.specialfabrikken.dk\/vare\/galvaniseret-stige-med-trappetrin-15m\/#primaryimage","url":"https:\/\/www.specialfabrikken.dk\/wp-content\/uploads\/2020\/04\/staaltrappe.jpg","contentUrl":"https:\/\/www.specialfabrikken.dk\/wp-content\/uploads\/2020\/04\/staaltrappe.jpg","width":318,"height":448,"caption":"SONY DSC"},{"@type":"BreadcrumbList","@id":"https:\/\/www.specialfabrikken.dk\/vare\/galvaniseret-stige-med-trappetrin-15m\/#breadcrumb","itemListElement":[{"@type":"ListItem","position":1,"name":"Forside","item":"https:\/\/www.specialfabrikken.dk\/"},{"@type":"ListItem","position":2,"name":"Shop","item":"https:\/\/www.specialfabrikken.dk\/shop\/"},{"@type":"ListItem","position":3,"name":"Galvaniseret Stige med Trappetrin 1,5 m."}]},{"@type":"WebSite","@id":"https:\/\/www.specialfabrikken.dk\/#website","url":"https:\/\/www.specialfabrikken.dk\/","name":"Specialfabrikken","description":"Specialfabrikken","potentialAction":[{"@type":"SearchAction","target":{"@type":"EntryPoint","urlTemplate":"https:\/\/www.specialfabrikken.dk\/?s={search_term_string}"},"query-input":{"@type":"PropertyValueSpecification","valueRequired":true,"valueName":"search_term_string"}}],"inLanguage":"en-US"}]}},"_links":{"self":[{"href":"https:\/\/www.specialfabrikken.dk\/en\/wp-json\/wp\/v2\/product\/53224","targetHints":{"allow":["GET"]}}],"collection":[{"href":"https:\/\/www.specialfabrikken.dk\/en\/wp-json\/wp\/v2\/product"}],"about":[{"href":"https:\/\/www.specialfabrikken.dk\/en\/wp-json\/wp\/v2\/types\/product"}],"replies":[{"embeddable":true,"href":"https:\/\/www.specialfabrikken.dk\/en\/wp-json\/wp\/v2\/comments?post=53224"}],"wp:featuredmedia":[{"embeddable":true,"href":"https:\/\/www.specialfabrikken.dk\/en\/wp-json\/wp\/v2\/media\/50299"}],"wp:attachment":[{"href":"https:\/\/www.specialfabrikken.dk\/en\/wp-json\/wp\/v2\/media?parent=53224"}],"wp:term":[{"taxonomy":"product_brand","embeddable":true,"href":"https:\/\/www.specialfabrikken.dk\/en\/wp-json\/wp\/v2\/product_brand?post=53224"},{"taxonomy":"product_cat","embeddable":true,"href":"https:\/\/www.specialfabrikken.dk\/en\/wp-json\/wp\/v2\/product_cat?post=53224"},{"taxonomy":"product_tag","embeddable":true,"href":"https:\/\/www.specialfabrikken.dk\/en\/wp-json\/wp\/v2\/product_tag?post=53224"}],"curies":[{"name":"wp","href":"https:\/\/api.w.org\/{rel}","templated":true}]}}