{"id":53360,"date":"2023-09-22T09:11:09","date_gmt":"2023-09-22T09:11:09","guid":{"rendered":"https:\/\/www.specialfabrikken.dk\/?post_type=product&#038;p=53360"},"modified":"2026-01-09T12:15:24","modified_gmt":"2026-01-09T12:15:24","slug":"komplet-koererampe-80-cm","status":"publish","type":"product","link":"https:\/\/www.specialfabrikken.dk\/en\/vare\/komplet-koererampe-80-cm\/","title":{"rendered":"Komplet k\u00f8rerampe 80 cm 9 m."},"content":{"rendered":"<p>Komplet K\u00f8rerampe 80 cm bred og 9 m. lang. Som vist p\u00e5 billedet.<\/p>\n<p>K\u00f8rerampen fra Specialfabrikken Vinderup sikre, at du og din el-pallek\u00e6re ikke skrider under op- og nedk\u00f8rsel, da den er lavet med opriftede alu-planker.<\/p>\n<p>HUSK! <a href=\"https:\/\/www.specialfabrikken.dk\/en\/product-tag\/alu-daek-kl-5\/\">Specialfabrikken Vinderup kl. 5 alu-d\u00e6k med finer<\/a>, er den perfekte m\u00e5de at forts\u00e6tte dit bukkestillads p\u00e5. De er godkendt til 450 kg\/m2 og du m\u00e5 k\u00f8re med en fuldt l\u00e6sset el-pallek\u00e6re p\u00e5 dem.<\/p>\n<p>S\u00e6ttet indeholder<\/p>\n<p>2 stk. <a href=\"https:\/\/www.specialfabrikken.dk\/en\/product-2\/startrampe-til-40-cm-koeredaek\/\">Alu. Startrampe 40 cm bred<\/a><\/p>\n<p>6 stk. <a href=\"https:\/\/www.specialfabrikken.dk\/en\/product-2\/koeredaek-for-el-pallekaerre\/\">Alu. K\u00f8red\u00e6k for El-pallek\u00e6re 0,4 x 3,05 m. kl. 6<\/a><\/p>\n<p>1 stk. <a href=\"https:\/\/www.specialfabrikken.dk\/en\/product-2\/stilladsbuk-mini-inkl-kl-4-overligger-80-cm\/\">Mini Stilladsbuk inkl. kl. 4 80 cm. overligger<\/a><\/p>\n<p>2 stk. <a href=\"https:\/\/www.specialfabrikken.dk\/en\/product-2\/stilladsbuk\/\">Alm. Stilladsbuk uden overligger.<\/a><\/p>\n<p>1 stk. kl. 4 80 cm. overligger til K\u00f8red\u00e6k<\/p>\n<p>1 stk. kl. 4 120 cm. overligger til 2 gel\u00e6nderr\u00f8r<\/p>\n<p>5 stk. Gel\u00e6nderr\u00f8r til St\u00e5l<\/p>\n<p>4 stk. Gel\u00e6nderr\u00f8r 2,97 m.<\/p>\n<p>1 stk. Topgel\u00e6nder bredde 40 cm til K\u00f8rerampe<\/p>","protected":false},"excerpt":{"rendered":"<p>Komplet K\u00f8rerampe 80 cm bred og 9 m. lang. Som vist p\u00e5 billedet. K\u00f8rerampen fra Specialfabrikken Vinderup sikre, at du og din el-pallek\u00e6re ikke skrider under op- og nedk\u00f8rsel, da den er lavet med opriftede alu-planker. HUSK! Specialfabrikken Vinderup kl. 5 alu-d\u00e6k med finer, er den perfekte m\u00e5de at forts\u00e6tte dit bukkestillads p\u00e5. De er [&hellip;]<\/p>\n","protected":false},"featured_media":53362,"comment_status":"open","ping_status":"closed","template":"","meta":{"_acf_changed":false,"_et_pb_use_builder":"","_et_pb_old_content":"","_et_gb_content_width":""},"product_brand":[],"product_cat":[73,114,204],"product_tag":[148,113,176],"class_list":{"0":"post-53360","1":"product","2":"type-product","3":"status-publish","4":"has-post-thumbnail","6":"product_cat-koererampe","7":"product_cat-koererampe-komplet","8":"product_cat-specialfabrikken-varer","9":"product_tag-unik","10":"product_tag-komplet-koererampe","11":"product_tag-koererampe","12":"product_shipping_class-stor","14":"first","15":"instock","16":"taxable","17":"shipping-taxable","18":"purchasable","19":"product-type-simple"},"acf":[],"yoast_head":"<!-- This site is optimized with the Yoast SEO plugin v27.4 - https:\/\/yoast.com\/product\/yoast-seo-wordpress\/ -->\n<title>Komplet k\u00f8rerampe 80 cm 9 m. - Specialfabrikken<\/title>\n<meta name=\"description\" content=\"Komplet K\u00f8rerampe 80 cm bred og 9 m. lang. Specialfabrikken Vinderup producerer det rigtige udstyr til mureren. Vores d\u00e6k m\u00e5 du k\u00f8re med el-pallek\u00e6re p\u00e5.\" \/>\n<meta name=\"robots\" content=\"index, follow, max-snippet:-1, max-image-preview:large, max-video-preview:-1\" \/>\n<link rel=\"canonical\" href=\"https:\/\/www.specialfabrikken.dk\/en\/product-2\/komplet-koererampe-80-cm\/\" \/>\n<meta property=\"og:locale\" content=\"en_US\" \/>\n<meta property=\"og:type\" content=\"article\" \/>\n<meta property=\"og:title\" content=\"Komplet k\u00f8rerampe 80 cm 9 m. - Specialfabrikken\" \/>\n<meta property=\"og:description\" content=\"Komplet K\u00f8rerampe 80 cm bred og 9 m. lang. Specialfabrikken Vinderup producerer det rigtige udstyr til mureren. Vores d\u00e6k m\u00e5 du k\u00f8re med el-pallek\u00e6re p\u00e5.\" \/>\n<meta property=\"og:url\" content=\"https:\/\/www.specialfabrikken.dk\/en\/product-2\/komplet-koererampe-80-cm\/\" \/>\n<meta property=\"og:site_name\" content=\"Specialfabrikken\" \/>\n<meta property=\"article:modified_time\" content=\"2026-01-09T12:15:24+00:00\" \/>\n<meta property=\"og:image\" content=\"https:\/\/www.specialfabrikken.dk\/wp-content\/uploads\/2023\/09\/Rampe-koeredaek-2.png\" \/>\n\t<meta property=\"og:image:width\" content=\"1920\" \/>\n\t<meta property=\"og:image:height\" content=\"1080\" \/>\n\t<meta property=\"og:image:type\" content=\"image\/png\" \/>\n<meta name=\"twitter:card\" content=\"summary_large_image\" \/>\n<meta name=\"twitter:label1\" content=\"Est. reading time\" \/>\n\t<meta name=\"twitter:data1\" content=\"1 minute\" \/>\n<script type=\"application\/ld+json\" class=\"yoast-schema-graph\">{\"@context\":\"https:\\\/\\\/schema.org\",\"@graph\":[{\"@type\":\"WebPage\",\"@id\":\"https:\\\/\\\/www.specialfabrikken.dk\\\/vare\\\/komplet-koererampe-80-cm\\\/\",\"url\":\"https:\\\/\\\/www.specialfabrikken.dk\\\/vare\\\/komplet-koererampe-80-cm\\\/\",\"name\":\"Komplet k\u00f8rerampe 80 cm 9 m. - Specialfabrikken\",\"isPartOf\":{\"@id\":\"https:\\\/\\\/www.specialfabrikken.dk\\\/#website\"},\"primaryImageOfPage\":{\"@id\":\"https:\\\/\\\/www.specialfabrikken.dk\\\/vare\\\/komplet-koererampe-80-cm\\\/#primaryimage\"},\"image\":{\"@id\":\"https:\\\/\\\/www.specialfabrikken.dk\\\/vare\\\/komplet-koererampe-80-cm\\\/#primaryimage\"},\"thumbnailUrl\":\"https:\\\/\\\/www.specialfabrikken.dk\\\/wp-content\\\/uploads\\\/2023\\\/09\\\/Rampe-koeredaek-2.png\",\"datePublished\":\"2023-09-22T09:11:09+00:00\",\"dateModified\":\"2026-01-09T12:15:24+00:00\",\"description\":\"Komplet K\u00f8rerampe 80 cm bred og 9 m. lang. Specialfabrikken Vinderup producerer det rigtige udstyr til mureren. Vores d\u00e6k m\u00e5 du k\u00f8re med el-pallek\u00e6re p\u00e5.\",\"breadcrumb\":{\"@id\":\"https:\\\/\\\/www.specialfabrikken.dk\\\/vare\\\/komplet-koererampe-80-cm\\\/#breadcrumb\"},\"inLanguage\":\"en-US\",\"potentialAction\":[{\"@type\":\"ReadAction\",\"target\":[\"https:\\\/\\\/www.specialfabrikken.dk\\\/vare\\\/komplet-koererampe-80-cm\\\/\"]}]},{\"@type\":\"ImageObject\",\"inLanguage\":\"en-US\",\"@id\":\"https:\\\/\\\/www.specialfabrikken.dk\\\/vare\\\/komplet-koererampe-80-cm\\\/#primaryimage\",\"url\":\"https:\\\/\\\/www.specialfabrikken.dk\\\/wp-content\\\/uploads\\\/2023\\\/09\\\/Rampe-koeredaek-2.png\",\"contentUrl\":\"https:\\\/\\\/www.specialfabrikken.dk\\\/wp-content\\\/uploads\\\/2023\\\/09\\\/Rampe-koeredaek-2.png\",\"width\":1920,\"height\":1080,\"caption\":\"Komplet k\u00f8rerampe 40 cm\"},{\"@type\":\"BreadcrumbList\",\"@id\":\"https:\\\/\\\/www.specialfabrikken.dk\\\/vare\\\/komplet-koererampe-80-cm\\\/#breadcrumb\",\"itemListElement\":[{\"@type\":\"ListItem\",\"position\":1,\"name\":\"Forside\",\"item\":\"https:\\\/\\\/www.specialfabrikken.dk\\\/\"},{\"@type\":\"ListItem\",\"position\":2,\"name\":\"Shop\",\"item\":\"https:\\\/\\\/www.specialfabrikken.dk\\\/shop\\\/\"},{\"@type\":\"ListItem\",\"position\":3,\"name\":\"Komplet k\u00f8rerampe 80 cm 9 m.\"}]},{\"@type\":\"WebSite\",\"@id\":\"https:\\\/\\\/www.specialfabrikken.dk\\\/#website\",\"url\":\"https:\\\/\\\/www.specialfabrikken.dk\\\/\",\"name\":\"Specialfabrikken\",\"description\":\"Specialfabrikken\",\"potentialAction\":[{\"@type\":\"SearchAction\",\"target\":{\"@type\":\"EntryPoint\",\"urlTemplate\":\"https:\\\/\\\/www.specialfabrikken.dk\\\/?s={search_term_string}\"},\"query-input\":{\"@type\":\"PropertyValueSpecification\",\"valueRequired\":true,\"valueName\":\"search_term_string\"}}],\"inLanguage\":\"en-US\"}]}<\/script>\n<!-- \/ Yoast SEO plugin. -->","yoast_head_json":{"title":"Komplet k\u00f8rerampe 80 cm 9 m. - Specialfabrikken","description":"Komplet K\u00f8rerampe 80 cm bred og 9 m. lang. Specialfabrikken Vinderup producerer det rigtige udstyr til mureren. Vores d\u00e6k m\u00e5 du k\u00f8re med el-pallek\u00e6re p\u00e5.","robots":{"index":"index","follow":"follow","max-snippet":"max-snippet:-1","max-image-preview":"max-image-preview:large","max-video-preview":"max-video-preview:-1"},"canonical":"https:\/\/www.specialfabrikken.dk\/en\/product-2\/komplet-koererampe-80-cm\/","og_locale":"en_US","og_type":"article","og_title":"Komplet k\u00f8rerampe 80 cm 9 m. - Specialfabrikken","og_description":"Komplet K\u00f8rerampe 80 cm bred og 9 m. lang. Specialfabrikken Vinderup producerer det rigtige udstyr til mureren. Vores d\u00e6k m\u00e5 du k\u00f8re med el-pallek\u00e6re p\u00e5.","og_url":"https:\/\/www.specialfabrikken.dk\/en\/product-2\/komplet-koererampe-80-cm\/","og_site_name":"Specialfabrikken","article_modified_time":"2026-01-09T12:15:24+00:00","og_image":[{"width":1920,"height":1080,"url":"https:\/\/www.specialfabrikken.dk\/wp-content\/uploads\/2023\/09\/Rampe-koeredaek-2.png","type":"image\/png"}],"twitter_card":"summary_large_image","twitter_misc":{"Est. reading time":"1 minute"},"schema":{"@context":"https:\/\/schema.org","@graph":[{"@type":"WebPage","@id":"https:\/\/www.specialfabrikken.dk\/vare\/komplet-koererampe-80-cm\/","url":"https:\/\/www.specialfabrikken.dk\/vare\/komplet-koererampe-80-cm\/","name":"Komplet k\u00f8rerampe 80 cm 9 m. - Specialfabrikken","isPartOf":{"@id":"https:\/\/www.specialfabrikken.dk\/#website"},"primaryImageOfPage":{"@id":"https:\/\/www.specialfabrikken.dk\/vare\/komplet-koererampe-80-cm\/#primaryimage"},"image":{"@id":"https:\/\/www.specialfabrikken.dk\/vare\/komplet-koererampe-80-cm\/#primaryimage"},"thumbnailUrl":"https:\/\/www.specialfabrikken.dk\/wp-content\/uploads\/2023\/09\/Rampe-koeredaek-2.png","datePublished":"2023-09-22T09:11:09+00:00","dateModified":"2026-01-09T12:15:24+00:00","description":"Komplet K\u00f8rerampe 80 cm bred og 9 m. lang. Specialfabrikken Vinderup producerer det rigtige udstyr til mureren. Vores d\u00e6k m\u00e5 du k\u00f8re med el-pallek\u00e6re p\u00e5.","breadcrumb":{"@id":"https:\/\/www.specialfabrikken.dk\/vare\/komplet-koererampe-80-cm\/#breadcrumb"},"inLanguage":"en-US","potentialAction":[{"@type":"ReadAction","target":["https:\/\/www.specialfabrikken.dk\/vare\/komplet-koererampe-80-cm\/"]}]},{"@type":"ImageObject","inLanguage":"en-US","@id":"https:\/\/www.specialfabrikken.dk\/vare\/komplet-koererampe-80-cm\/#primaryimage","url":"https:\/\/www.specialfabrikken.dk\/wp-content\/uploads\/2023\/09\/Rampe-koeredaek-2.png","contentUrl":"https:\/\/www.specialfabrikken.dk\/wp-content\/uploads\/2023\/09\/Rampe-koeredaek-2.png","width":1920,"height":1080,"caption":"Komplet k\u00f8rerampe 40 cm"},{"@type":"BreadcrumbList","@id":"https:\/\/www.specialfabrikken.dk\/vare\/komplet-koererampe-80-cm\/#breadcrumb","itemListElement":[{"@type":"ListItem","position":1,"name":"Forside","item":"https:\/\/www.specialfabrikken.dk\/"},{"@type":"ListItem","position":2,"name":"Shop","item":"https:\/\/www.specialfabrikken.dk\/shop\/"},{"@type":"ListItem","position":3,"name":"Komplet k\u00f8rerampe 80 cm 9 m."}]},{"@type":"WebSite","@id":"https:\/\/www.specialfabrikken.dk\/#website","url":"https:\/\/www.specialfabrikken.dk\/","name":"Specialfabrikken","description":"Specialfabrikken","potentialAction":[{"@type":"SearchAction","target":{"@type":"EntryPoint","urlTemplate":"https:\/\/www.specialfabrikken.dk\/?s={search_term_string}"},"query-input":{"@type":"PropertyValueSpecification","valueRequired":true,"valueName":"search_term_string"}}],"inLanguage":"en-US"}]}},"_links":{"self":[{"href":"https:\/\/www.specialfabrikken.dk\/en\/wp-json\/wp\/v2\/product\/53360","targetHints":{"allow":["GET"]}}],"collection":[{"href":"https:\/\/www.specialfabrikken.dk\/en\/wp-json\/wp\/v2\/product"}],"about":[{"href":"https:\/\/www.specialfabrikken.dk\/en\/wp-json\/wp\/v2\/types\/product"}],"replies":[{"embeddable":true,"href":"https:\/\/www.specialfabrikken.dk\/en\/wp-json\/wp\/v2\/comments?post=53360"}],"wp:featuredmedia":[{"embeddable":true,"href":"https:\/\/www.specialfabrikken.dk\/en\/wp-json\/wp\/v2\/media\/53362"}],"wp:attachment":[{"href":"https:\/\/www.specialfabrikken.dk\/en\/wp-json\/wp\/v2\/media?parent=53360"}],"wp:term":[{"taxonomy":"product_brand","embeddable":true,"href":"https:\/\/www.specialfabrikken.dk\/en\/wp-json\/wp\/v2\/product_brand?post=53360"},{"taxonomy":"product_cat","embeddable":true,"href":"https:\/\/www.specialfabrikken.dk\/en\/wp-json\/wp\/v2\/product_cat?post=53360"},{"taxonomy":"product_tag","embeddable":true,"href":"https:\/\/www.specialfabrikken.dk\/en\/wp-json\/wp\/v2\/product_tag?post=53360"}],"curies":[{"name":"wp","href":"https:\/\/api.w.org\/{rel}","templated":true}]}}