{"id":53364,"date":"2023-09-22T09:30:17","date_gmt":"2023-09-22T09:30:17","guid":{"rendered":"https:\/\/www.specialfabrikken.dk\/?post_type=product&#038;p=53364"},"modified":"2026-03-27T08:31:39","modified_gmt":"2026-03-27T07:31:39","slug":"gelaenderroer-til-trae","status":"publish","type":"product","link":"https:\/\/www.specialfabrikken.dk\/en\/vare\/gelaenderroer-til-trae\/","title":{"rendered":"Gel\u00e6nderr\u00f8r til Tr\u00e6"},"content":{"rendered":"<p>Gel\u00e6nderr\u00f8r til Tr\u00e6 bruges blandt andet til Bukkestillads, Flex beslag til gavlsikring og sikringsbeslag.<\/p>\n<ul>\n<li>Galvaniseret<\/li>\n<li>Plads til 48 mm<\/li>\n<li>Fuldsvejst<\/li>\n<\/ul>\n<p>Skal du om hj\u00f8rner har vi ogs\u00e5 l\u00f8sningen.<\/p>","protected":false},"excerpt":{"rendered":"<h1>Gel\u00e6nderr\u00f8r til Tr\u00e6 mellemfag<\/h1>","protected":false},"featured_media":1051,"comment_status":"open","ping_status":"closed","template":"","meta":{"_acf_changed":false,"_et_pb_use_builder":"","_et_pb_old_content":"","_et_gb_content_width":""},"product_brand":[],"product_cat":[66,127,90,31],"product_tag":[112,109,111,171,110],"class_list":{"0":"post-53364","1":"product","2":"type-product","3":"status-publish","4":"has-post-thumbnail","6":"product_cat-bukkestillads","7":"product_cat-raekvaerk","8":"product_cat-sikringsudstyr","9":"product_cat-stillads","10":"product_tag-bukkestillads","11":"product_tag-gelaenderroer","12":"product_tag-mellemfag","13":"product_tag-sikringsudstyr","14":"product_tag-trae","15":"product_shipping_class-stor","17":"first","18":"instock","19":"taxable","20":"shipping-taxable","21":"purchasable","22":"product-type-simple"},"acf":[],"yoast_head":"<!-- This site is optimized with the Yoast SEO plugin v27.4 - https:\/\/yoast.com\/product\/yoast-seo-wordpress\/ -->\n<title>Gel\u00e6nderr\u00f8r til Tr\u00e6 - Specialfabrikken<\/title>\n<meta name=\"description\" content=\"Gel\u00e6nderr\u00f8r til Tr\u00e6 bruges blandt andet til Bukkestillads, Flex beslag til gavlsikring og sikringsbeslag. Specialfabrikken Vinderup, os med det st\u00f8rste udvalg.\" \/>\n<meta name=\"robots\" content=\"index, follow, max-snippet:-1, max-image-preview:large, max-video-preview:-1\" \/>\n<link rel=\"canonical\" href=\"https:\/\/www.specialfabrikken.dk\/en\/product-2\/gelaenderroer-til-trae\/\" \/>\n<meta property=\"og:locale\" content=\"en_US\" \/>\n<meta property=\"og:type\" content=\"article\" \/>\n<meta property=\"og:title\" content=\"Gel\u00e6nderr\u00f8r til Tr\u00e6 - Specialfabrikken\" \/>\n<meta property=\"og:description\" content=\"Gel\u00e6nderr\u00f8r til Tr\u00e6 bruges blandt andet til Bukkestillads, Flex beslag til gavlsikring og sikringsbeslag. Specialfabrikken Vinderup, os med det st\u00f8rste udvalg.\" \/>\n<meta property=\"og:url\" content=\"https:\/\/www.specialfabrikken.dk\/en\/product-2\/gelaenderroer-til-trae\/\" \/>\n<meta property=\"og:site_name\" content=\"Specialfabrikken\" \/>\n<meta property=\"article:modified_time\" content=\"2026-03-27T07:31:39+00:00\" \/>\n<meta property=\"og:image\" content=\"https:\/\/www.specialfabrikken.dk\/wp-content\/uploads\/2020\/02\/gel\u00e6nderr\u00f8r-til-tr\u00e6-scaled.jpg\" \/>\n\t<meta property=\"og:image:width\" content=\"468\" \/>\n\t<meta property=\"og:image:height\" content=\"2560\" \/>\n\t<meta property=\"og:image:type\" content=\"image\/jpeg\" \/>\n<meta name=\"twitter:card\" content=\"summary_large_image\" \/>\n<meta name=\"twitter:label1\" content=\"Est. reading time\" \/>\n\t<meta name=\"twitter:data1\" content=\"1 minute\" \/>\n<script type=\"application\/ld+json\" class=\"yoast-schema-graph\">{\"@context\":\"https:\\\/\\\/schema.org\",\"@graph\":[{\"@type\":\"WebPage\",\"@id\":\"https:\\\/\\\/www.specialfabrikken.dk\\\/vare\\\/gelaenderroer-til-trae\\\/\",\"url\":\"https:\\\/\\\/www.specialfabrikken.dk\\\/vare\\\/gelaenderroer-til-trae\\\/\",\"name\":\"Gel\u00e6nderr\u00f8r til Tr\u00e6 - Specialfabrikken\",\"isPartOf\":{\"@id\":\"https:\\\/\\\/www.specialfabrikken.dk\\\/#website\"},\"primaryImageOfPage\":{\"@id\":\"https:\\\/\\\/www.specialfabrikken.dk\\\/vare\\\/gelaenderroer-til-trae\\\/#primaryimage\"},\"image\":{\"@id\":\"https:\\\/\\\/www.specialfabrikken.dk\\\/vare\\\/gelaenderroer-til-trae\\\/#primaryimage\"},\"thumbnailUrl\":\"https:\\\/\\\/www.specialfabrikken.dk\\\/wp-content\\\/uploads\\\/2020\\\/02\\\/gel\u00e6nderr\u00f8r-til-tr\u00e6-scaled.jpg\",\"datePublished\":\"2023-09-22T09:30:17+00:00\",\"dateModified\":\"2026-03-27T07:31:39+00:00\",\"description\":\"Gel\u00e6nderr\u00f8r til Tr\u00e6 bruges blandt andet til Bukkestillads, Flex beslag til gavlsikring og sikringsbeslag. Specialfabrikken Vinderup, os med det st\u00f8rste udvalg.\",\"breadcrumb\":{\"@id\":\"https:\\\/\\\/www.specialfabrikken.dk\\\/vare\\\/gelaenderroer-til-trae\\\/#breadcrumb\"},\"inLanguage\":\"en-US\",\"potentialAction\":[{\"@type\":\"ReadAction\",\"target\":[\"https:\\\/\\\/www.specialfabrikken.dk\\\/vare\\\/gelaenderroer-til-trae\\\/\"]}]},{\"@type\":\"ImageObject\",\"inLanguage\":\"en-US\",\"@id\":\"https:\\\/\\\/www.specialfabrikken.dk\\\/vare\\\/gelaenderroer-til-trae\\\/#primaryimage\",\"url\":\"https:\\\/\\\/www.specialfabrikken.dk\\\/wp-content\\\/uploads\\\/2020\\\/02\\\/gel\u00e6nderr\u00f8r-til-tr\u00e6-scaled.jpg\",\"contentUrl\":\"https:\\\/\\\/www.specialfabrikken.dk\\\/wp-content\\\/uploads\\\/2020\\\/02\\\/gel\u00e6nderr\u00f8r-til-tr\u00e6-scaled.jpg\",\"width\":468,\"height\":2560,\"caption\":\"SONY DSC\"},{\"@type\":\"BreadcrumbList\",\"@id\":\"https:\\\/\\\/www.specialfabrikken.dk\\\/vare\\\/gelaenderroer-til-trae\\\/#breadcrumb\",\"itemListElement\":[{\"@type\":\"ListItem\",\"position\":1,\"name\":\"Forside\",\"item\":\"https:\\\/\\\/www.specialfabrikken.dk\\\/\"},{\"@type\":\"ListItem\",\"position\":2,\"name\":\"Shop\",\"item\":\"https:\\\/\\\/www.specialfabrikken.dk\\\/shop\\\/\"},{\"@type\":\"ListItem\",\"position\":3,\"name\":\"Gel\u00e6nderr\u00f8r til Tr\u00e6\"}]},{\"@type\":\"WebSite\",\"@id\":\"https:\\\/\\\/www.specialfabrikken.dk\\\/#website\",\"url\":\"https:\\\/\\\/www.specialfabrikken.dk\\\/\",\"name\":\"Specialfabrikken\",\"description\":\"Specialfabrikken\",\"potentialAction\":[{\"@type\":\"SearchAction\",\"target\":{\"@type\":\"EntryPoint\",\"urlTemplate\":\"https:\\\/\\\/www.specialfabrikken.dk\\\/?s={search_term_string}\"},\"query-input\":{\"@type\":\"PropertyValueSpecification\",\"valueRequired\":true,\"valueName\":\"search_term_string\"}}],\"inLanguage\":\"en-US\"}]}<\/script>\n<!-- \/ Yoast SEO plugin. -->","yoast_head_json":{"title":"Gel\u00e6nderr\u00f8r til Tr\u00e6 - Specialfabrikken","description":"Gel\u00e6nderr\u00f8r til Tr\u00e6 bruges blandt andet til Bukkestillads, Flex beslag til gavlsikring og sikringsbeslag. Specialfabrikken Vinderup, os med det st\u00f8rste udvalg.","robots":{"index":"index","follow":"follow","max-snippet":"max-snippet:-1","max-image-preview":"max-image-preview:large","max-video-preview":"max-video-preview:-1"},"canonical":"https:\/\/www.specialfabrikken.dk\/en\/product-2\/gelaenderroer-til-trae\/","og_locale":"en_US","og_type":"article","og_title":"Gel\u00e6nderr\u00f8r til Tr\u00e6 - Specialfabrikken","og_description":"Gel\u00e6nderr\u00f8r til Tr\u00e6 bruges blandt andet til Bukkestillads, Flex beslag til gavlsikring og sikringsbeslag. Specialfabrikken Vinderup, os med det st\u00f8rste udvalg.","og_url":"https:\/\/www.specialfabrikken.dk\/en\/product-2\/gelaenderroer-til-trae\/","og_site_name":"Specialfabrikken","article_modified_time":"2026-03-27T07:31:39+00:00","og_image":[{"width":468,"height":2560,"url":"https:\/\/www.specialfabrikken.dk\/wp-content\/uploads\/2020\/02\/gel\u00e6nderr\u00f8r-til-tr\u00e6-scaled.jpg","type":"image\/jpeg"}],"twitter_card":"summary_large_image","twitter_misc":{"Est. reading time":"1 minute"},"schema":{"@context":"https:\/\/schema.org","@graph":[{"@type":"WebPage","@id":"https:\/\/www.specialfabrikken.dk\/vare\/gelaenderroer-til-trae\/","url":"https:\/\/www.specialfabrikken.dk\/vare\/gelaenderroer-til-trae\/","name":"Gel\u00e6nderr\u00f8r til Tr\u00e6 - Specialfabrikken","isPartOf":{"@id":"https:\/\/www.specialfabrikken.dk\/#website"},"primaryImageOfPage":{"@id":"https:\/\/www.specialfabrikken.dk\/vare\/gelaenderroer-til-trae\/#primaryimage"},"image":{"@id":"https:\/\/www.specialfabrikken.dk\/vare\/gelaenderroer-til-trae\/#primaryimage"},"thumbnailUrl":"https:\/\/www.specialfabrikken.dk\/wp-content\/uploads\/2020\/02\/gel\u00e6nderr\u00f8r-til-tr\u00e6-scaled.jpg","datePublished":"2023-09-22T09:30:17+00:00","dateModified":"2026-03-27T07:31:39+00:00","description":"Gel\u00e6nderr\u00f8r til Tr\u00e6 bruges blandt andet til Bukkestillads, Flex beslag til gavlsikring og sikringsbeslag. Specialfabrikken Vinderup, os med det st\u00f8rste udvalg.","breadcrumb":{"@id":"https:\/\/www.specialfabrikken.dk\/vare\/gelaenderroer-til-trae\/#breadcrumb"},"inLanguage":"en-US","potentialAction":[{"@type":"ReadAction","target":["https:\/\/www.specialfabrikken.dk\/vare\/gelaenderroer-til-trae\/"]}]},{"@type":"ImageObject","inLanguage":"en-US","@id":"https:\/\/www.specialfabrikken.dk\/vare\/gelaenderroer-til-trae\/#primaryimage","url":"https:\/\/www.specialfabrikken.dk\/wp-content\/uploads\/2020\/02\/gel\u00e6nderr\u00f8r-til-tr\u00e6-scaled.jpg","contentUrl":"https:\/\/www.specialfabrikken.dk\/wp-content\/uploads\/2020\/02\/gel\u00e6nderr\u00f8r-til-tr\u00e6-scaled.jpg","width":468,"height":2560,"caption":"SONY DSC"},{"@type":"BreadcrumbList","@id":"https:\/\/www.specialfabrikken.dk\/vare\/gelaenderroer-til-trae\/#breadcrumb","itemListElement":[{"@type":"ListItem","position":1,"name":"Forside","item":"https:\/\/www.specialfabrikken.dk\/"},{"@type":"ListItem","position":2,"name":"Shop","item":"https:\/\/www.specialfabrikken.dk\/shop\/"},{"@type":"ListItem","position":3,"name":"Gel\u00e6nderr\u00f8r til Tr\u00e6"}]},{"@type":"WebSite","@id":"https:\/\/www.specialfabrikken.dk\/#website","url":"https:\/\/www.specialfabrikken.dk\/","name":"Specialfabrikken","description":"Specialfabrikken","potentialAction":[{"@type":"SearchAction","target":{"@type":"EntryPoint","urlTemplate":"https:\/\/www.specialfabrikken.dk\/?s={search_term_string}"},"query-input":{"@type":"PropertyValueSpecification","valueRequired":true,"valueName":"search_term_string"}}],"inLanguage":"en-US"}]}},"_links":{"self":[{"href":"https:\/\/www.specialfabrikken.dk\/en\/wp-json\/wp\/v2\/product\/53364","targetHints":{"allow":["GET"]}}],"collection":[{"href":"https:\/\/www.specialfabrikken.dk\/en\/wp-json\/wp\/v2\/product"}],"about":[{"href":"https:\/\/www.specialfabrikken.dk\/en\/wp-json\/wp\/v2\/types\/product"}],"replies":[{"embeddable":true,"href":"https:\/\/www.specialfabrikken.dk\/en\/wp-json\/wp\/v2\/comments?post=53364"}],"wp:featuredmedia":[{"embeddable":true,"href":"https:\/\/www.specialfabrikken.dk\/en\/wp-json\/wp\/v2\/media\/1051"}],"wp:attachment":[{"href":"https:\/\/www.specialfabrikken.dk\/en\/wp-json\/wp\/v2\/media?parent=53364"}],"wp:term":[{"taxonomy":"product_brand","embeddable":true,"href":"https:\/\/www.specialfabrikken.dk\/en\/wp-json\/wp\/v2\/product_brand?post=53364"},{"taxonomy":"product_cat","embeddable":true,"href":"https:\/\/www.specialfabrikken.dk\/en\/wp-json\/wp\/v2\/product_cat?post=53364"},{"taxonomy":"product_tag","embeddable":true,"href":"https:\/\/www.specialfabrikken.dk\/en\/wp-json\/wp\/v2\/product_tag?post=53364"}],"curies":[{"name":"wp","href":"https:\/\/api.w.org\/{rel}","templated":true}]}}