{"id":53387,"date":"2023-09-25T10:58:09","date_gmt":"2023-09-25T10:58:09","guid":{"rendered":"https:\/\/www.specialfabrikken.dk\/?post_type=product&#038;p=53387"},"modified":"2026-03-03T08:10:15","modified_gmt":"2026-03-03T07:10:15","slug":"staal-haand-og-knaeliste-bukkestillads-292-m","status":"publish","type":"product","link":"https:\/\/www.specialfabrikken.dk\/en\/vare\/staal-haand-og-knaeliste-bukkestillads-292-m\/","title":{"rendered":"St\u00e5l H\u00e5nd- og kn\u00e6liste Bukkestillads 2,92 m."},"content":{"rendered":"<p>H\u00e5nd- og kn\u00e6liste Bukkestillads 2,92 m. i galvaniseret st\u00e5l. Passer til <a href=\"https:\/\/www.specialfabrikken.dk\/en\/product-2\/alu-daek-uden-lem-06-x-300-m\/\">3,00 m. d\u00e6k<\/a>.<\/p>\n<p>Fordelen ved h\u00e5ndlister i st\u00e5l fra Specialfabrikken Vinderup, er at du kan justere h\u00f8jden p\u00e5 bukken uden den skal afmonteres.<\/p>\n<p>Skal bruges med <a href=\"https:\/\/www.specialfabrikken.dk\/en\/product-2\/gelaenderroer\/\">Gel\u00e6nderr\u00f8r til St\u00e5l<\/a>.<\/p>\n<p>Short description:<\/p>\n<ul>\n<li>Fremstillet i galvaniseret st\u00e5l.<\/li>\n<li>Fuldsvejst konstruktion.<\/li>\n<li>F\u00e5s forskellige l\u00e6ngder, der passer b\u00e5de til 3,00 m og 3,05 m. alu-d\u00e6k, samt en teleskop model, der passer til vores <a href=\"https:\/\/www.specialfabrikken.dk\/en\/product-2\/teleskopdaek-alu-doerkplade\/\">teleskopd\u00e6k<\/a>.<\/li>\n<\/ul>","protected":false},"excerpt":{"rendered":"<h1>St\u00e5l H\u00e5nd- og kn\u00e6liste Bukkestillads 2,92 m.<\/h1>","protected":false},"featured_media":1059,"comment_status":"open","ping_status":"closed","template":"","meta":{"_acf_changed":false,"_et_pb_use_builder":"","_et_pb_old_content":"","_et_gb_content_width":""},"product_brand":[],"product_cat":[66,127,31,71],"product_tag":[112,119],"class_list":{"0":"post-53387","1":"product","2":"type-product","3":"status-publish","4":"has-post-thumbnail","6":"product_cat-bukkestillads","7":"product_cat-raekvaerk","8":"product_cat-stillads","9":"product_cat-tagarbejde","10":"product_tag-bukkestillads","11":"product_tag-staal-haand-og-knaeliste-bukkestillads","12":"product_shipping_class-stor","14":"first","15":"instock","16":"taxable","17":"shipping-taxable","18":"purchasable","19":"product-type-simple"},"acf":[],"yoast_head":"<!-- This site is optimized with the Yoast SEO plugin v27.4 - https:\/\/yoast.com\/product\/yoast-seo-wordpress\/ -->\n<title>St\u00e5l H\u00e5nd- og kn\u00e6liste Bukkestillads 2,92 m. - Specialfabrikken<\/title>\n<meta name=\"description\" content=\"St\u00e5l H\u00e5nd- og kn\u00e6liste Bukkestillads 2,92 m. Vi har det st\u00f8rste tilbeh\u00f8rsprogram med til bukkestillads, som du ikke finder andre steder.\" \/>\n<meta name=\"robots\" content=\"index, follow, max-snippet:-1, max-image-preview:large, max-video-preview:-1\" \/>\n<link rel=\"canonical\" href=\"https:\/\/www.specialfabrikken.dk\/en\/product-2\/staal-haand-og-knaeliste-bukkestillads-292-m\/\" \/>\n<meta property=\"og:locale\" content=\"en_US\" \/>\n<meta property=\"og:type\" content=\"article\" \/>\n<meta property=\"og:title\" content=\"St\u00e5l H\u00e5nd- og kn\u00e6liste Bukkestillads 2,92 m. - Specialfabrikken\" \/>\n<meta property=\"og:description\" content=\"St\u00e5l H\u00e5nd- og kn\u00e6liste Bukkestillads 2,92 m. Vi har det st\u00f8rste tilbeh\u00f8rsprogram med til bukkestillads, som du ikke finder andre steder.\" \/>\n<meta property=\"og:url\" content=\"https:\/\/www.specialfabrikken.dk\/en\/product-2\/staal-haand-og-knaeliste-bukkestillads-292-m\/\" \/>\n<meta property=\"og:site_name\" content=\"Specialfabrikken\" \/>\n<meta property=\"article:modified_time\" content=\"2026-03-03T07:10:15+00:00\" \/>\n<meta property=\"og:image\" content=\"https:\/\/www.specialfabrikken.dk\/wp-content\/uploads\/2020\/02\/kn\u00e6lister2.png\" \/>\n\t<meta property=\"og:image:width\" content=\"2242\" \/>\n\t<meta property=\"og:image:height\" content=\"404\" \/>\n\t<meta property=\"og:image:type\" content=\"image\/png\" \/>\n<meta name=\"twitter:card\" content=\"summary_large_image\" \/>\n<meta name=\"twitter:label1\" content=\"Est. reading time\" \/>\n\t<meta name=\"twitter:data1\" content=\"1 minute\" \/>\n<script type=\"application\/ld+json\" class=\"yoast-schema-graph\">{\"@context\":\"https:\\\/\\\/schema.org\",\"@graph\":[{\"@type\":\"WebPage\",\"@id\":\"https:\\\/\\\/www.specialfabrikken.dk\\\/vare\\\/staal-haand-og-knaeliste-bukkestillads-292-m\\\/\",\"url\":\"https:\\\/\\\/www.specialfabrikken.dk\\\/vare\\\/staal-haand-og-knaeliste-bukkestillads-292-m\\\/\",\"name\":\"St\u00e5l H\u00e5nd- og kn\u00e6liste Bukkestillads 2,92 m. - Specialfabrikken\",\"isPartOf\":{\"@id\":\"https:\\\/\\\/www.specialfabrikken.dk\\\/#website\"},\"primaryImageOfPage\":{\"@id\":\"https:\\\/\\\/www.specialfabrikken.dk\\\/vare\\\/staal-haand-og-knaeliste-bukkestillads-292-m\\\/#primaryimage\"},\"image\":{\"@id\":\"https:\\\/\\\/www.specialfabrikken.dk\\\/vare\\\/staal-haand-og-knaeliste-bukkestillads-292-m\\\/#primaryimage\"},\"thumbnailUrl\":\"https:\\\/\\\/www.specialfabrikken.dk\\\/wp-content\\\/uploads\\\/2020\\\/02\\\/kn\u00e6lister2.png\",\"datePublished\":\"2023-09-25T10:58:09+00:00\",\"dateModified\":\"2026-03-03T07:10:15+00:00\",\"description\":\"St\u00e5l H\u00e5nd- og kn\u00e6liste Bukkestillads 2,92 m. Vi har det st\u00f8rste tilbeh\u00f8rsprogram med til bukkestillads, som du ikke finder andre steder.\",\"breadcrumb\":{\"@id\":\"https:\\\/\\\/www.specialfabrikken.dk\\\/vare\\\/staal-haand-og-knaeliste-bukkestillads-292-m\\\/#breadcrumb\"},\"inLanguage\":\"en-US\",\"potentialAction\":[{\"@type\":\"ReadAction\",\"target\":[\"https:\\\/\\\/www.specialfabrikken.dk\\\/vare\\\/staal-haand-og-knaeliste-bukkestillads-292-m\\\/\"]}]},{\"@type\":\"ImageObject\",\"inLanguage\":\"en-US\",\"@id\":\"https:\\\/\\\/www.specialfabrikken.dk\\\/vare\\\/staal-haand-og-knaeliste-bukkestillads-292-m\\\/#primaryimage\",\"url\":\"https:\\\/\\\/www.specialfabrikken.dk\\\/wp-content\\\/uploads\\\/2020\\\/02\\\/kn\u00e6lister2.png\",\"contentUrl\":\"https:\\\/\\\/www.specialfabrikken.dk\\\/wp-content\\\/uploads\\\/2020\\\/02\\\/kn\u00e6lister2.png\",\"width\":2242,\"height\":404,\"caption\":\"kn\u00e6lister\"},{\"@type\":\"BreadcrumbList\",\"@id\":\"https:\\\/\\\/www.specialfabrikken.dk\\\/vare\\\/staal-haand-og-knaeliste-bukkestillads-292-m\\\/#breadcrumb\",\"itemListElement\":[{\"@type\":\"ListItem\",\"position\":1,\"name\":\"Forside\",\"item\":\"https:\\\/\\\/www.specialfabrikken.dk\\\/\"},{\"@type\":\"ListItem\",\"position\":2,\"name\":\"Shop\",\"item\":\"https:\\\/\\\/www.specialfabrikken.dk\\\/shop\\\/\"},{\"@type\":\"ListItem\",\"position\":3,\"name\":\"St\u00e5l H\u00e5nd- og kn\u00e6liste Bukkestillads 2,92 m.\"}]},{\"@type\":\"WebSite\",\"@id\":\"https:\\\/\\\/www.specialfabrikken.dk\\\/#website\",\"url\":\"https:\\\/\\\/www.specialfabrikken.dk\\\/\",\"name\":\"Specialfabrikken\",\"description\":\"Specialfabrikken\",\"potentialAction\":[{\"@type\":\"SearchAction\",\"target\":{\"@type\":\"EntryPoint\",\"urlTemplate\":\"https:\\\/\\\/www.specialfabrikken.dk\\\/?s={search_term_string}\"},\"query-input\":{\"@type\":\"PropertyValueSpecification\",\"valueRequired\":true,\"valueName\":\"search_term_string\"}}],\"inLanguage\":\"en-US\"}]}<\/script>\n<!-- \/ Yoast SEO plugin. -->","yoast_head_json":{"title":"St\u00e5l H\u00e5nd- og kn\u00e6liste Bukkestillads 2,92 m. - Specialfabrikken","description":"St\u00e5l H\u00e5nd- og kn\u00e6liste Bukkestillads 2,92 m. Vi har det st\u00f8rste tilbeh\u00f8rsprogram med til bukkestillads, som du ikke finder andre steder.","robots":{"index":"index","follow":"follow","max-snippet":"max-snippet:-1","max-image-preview":"max-image-preview:large","max-video-preview":"max-video-preview:-1"},"canonical":"https:\/\/www.specialfabrikken.dk\/en\/product-2\/staal-haand-og-knaeliste-bukkestillads-292-m\/","og_locale":"en_US","og_type":"article","og_title":"St\u00e5l H\u00e5nd- og kn\u00e6liste Bukkestillads 2,92 m. - Specialfabrikken","og_description":"St\u00e5l H\u00e5nd- og kn\u00e6liste Bukkestillads 2,92 m. Vi har det st\u00f8rste tilbeh\u00f8rsprogram med til bukkestillads, som du ikke finder andre steder.","og_url":"https:\/\/www.specialfabrikken.dk\/en\/product-2\/staal-haand-og-knaeliste-bukkestillads-292-m\/","og_site_name":"Specialfabrikken","article_modified_time":"2026-03-03T07:10:15+00:00","og_image":[{"width":2242,"height":404,"url":"https:\/\/www.specialfabrikken.dk\/wp-content\/uploads\/2020\/02\/kn\u00e6lister2.png","type":"image\/png"}],"twitter_card":"summary_large_image","twitter_misc":{"Est. reading time":"1 minute"},"schema":{"@context":"https:\/\/schema.org","@graph":[{"@type":"WebPage","@id":"https:\/\/www.specialfabrikken.dk\/vare\/staal-haand-og-knaeliste-bukkestillads-292-m\/","url":"https:\/\/www.specialfabrikken.dk\/vare\/staal-haand-og-knaeliste-bukkestillads-292-m\/","name":"St\u00e5l H\u00e5nd- og kn\u00e6liste Bukkestillads 2,92 m. - Specialfabrikken","isPartOf":{"@id":"https:\/\/www.specialfabrikken.dk\/#website"},"primaryImageOfPage":{"@id":"https:\/\/www.specialfabrikken.dk\/vare\/staal-haand-og-knaeliste-bukkestillads-292-m\/#primaryimage"},"image":{"@id":"https:\/\/www.specialfabrikken.dk\/vare\/staal-haand-og-knaeliste-bukkestillads-292-m\/#primaryimage"},"thumbnailUrl":"https:\/\/www.specialfabrikken.dk\/wp-content\/uploads\/2020\/02\/kn\u00e6lister2.png","datePublished":"2023-09-25T10:58:09+00:00","dateModified":"2026-03-03T07:10:15+00:00","description":"St\u00e5l H\u00e5nd- og kn\u00e6liste Bukkestillads 2,92 m. Vi har det st\u00f8rste tilbeh\u00f8rsprogram med til bukkestillads, som du ikke finder andre steder.","breadcrumb":{"@id":"https:\/\/www.specialfabrikken.dk\/vare\/staal-haand-og-knaeliste-bukkestillads-292-m\/#breadcrumb"},"inLanguage":"en-US","potentialAction":[{"@type":"ReadAction","target":["https:\/\/www.specialfabrikken.dk\/vare\/staal-haand-og-knaeliste-bukkestillads-292-m\/"]}]},{"@type":"ImageObject","inLanguage":"en-US","@id":"https:\/\/www.specialfabrikken.dk\/vare\/staal-haand-og-knaeliste-bukkestillads-292-m\/#primaryimage","url":"https:\/\/www.specialfabrikken.dk\/wp-content\/uploads\/2020\/02\/kn\u00e6lister2.png","contentUrl":"https:\/\/www.specialfabrikken.dk\/wp-content\/uploads\/2020\/02\/kn\u00e6lister2.png","width":2242,"height":404,"caption":"kn\u00e6lister"},{"@type":"BreadcrumbList","@id":"https:\/\/www.specialfabrikken.dk\/vare\/staal-haand-og-knaeliste-bukkestillads-292-m\/#breadcrumb","itemListElement":[{"@type":"ListItem","position":1,"name":"Forside","item":"https:\/\/www.specialfabrikken.dk\/"},{"@type":"ListItem","position":2,"name":"Shop","item":"https:\/\/www.specialfabrikken.dk\/shop\/"},{"@type":"ListItem","position":3,"name":"St\u00e5l H\u00e5nd- og kn\u00e6liste Bukkestillads 2,92 m."}]},{"@type":"WebSite","@id":"https:\/\/www.specialfabrikken.dk\/#website","url":"https:\/\/www.specialfabrikken.dk\/","name":"Specialfabrikken","description":"Specialfabrikken","potentialAction":[{"@type":"SearchAction","target":{"@type":"EntryPoint","urlTemplate":"https:\/\/www.specialfabrikken.dk\/?s={search_term_string}"},"query-input":{"@type":"PropertyValueSpecification","valueRequired":true,"valueName":"search_term_string"}}],"inLanguage":"en-US"}]}},"_links":{"self":[{"href":"https:\/\/www.specialfabrikken.dk\/en\/wp-json\/wp\/v2\/product\/53387","targetHints":{"allow":["GET"]}}],"collection":[{"href":"https:\/\/www.specialfabrikken.dk\/en\/wp-json\/wp\/v2\/product"}],"about":[{"href":"https:\/\/www.specialfabrikken.dk\/en\/wp-json\/wp\/v2\/types\/product"}],"replies":[{"embeddable":true,"href":"https:\/\/www.specialfabrikken.dk\/en\/wp-json\/wp\/v2\/comments?post=53387"}],"wp:featuredmedia":[{"embeddable":true,"href":"https:\/\/www.specialfabrikken.dk\/en\/wp-json\/wp\/v2\/media\/1059"}],"wp:attachment":[{"href":"https:\/\/www.specialfabrikken.dk\/en\/wp-json\/wp\/v2\/media?parent=53387"}],"wp:term":[{"taxonomy":"product_brand","embeddable":true,"href":"https:\/\/www.specialfabrikken.dk\/en\/wp-json\/wp\/v2\/product_brand?post=53387"},{"taxonomy":"product_cat","embeddable":true,"href":"https:\/\/www.specialfabrikken.dk\/en\/wp-json\/wp\/v2\/product_cat?post=53387"},{"taxonomy":"product_tag","embeddable":true,"href":"https:\/\/www.specialfabrikken.dk\/en\/wp-json\/wp\/v2\/product_tag?post=53387"}],"curies":[{"name":"wp","href":"https:\/\/api.w.org\/{rel}","templated":true}]}}