{"id":53445,"date":"2023-10-05T08:53:37","date_gmt":"2023-10-05T08:53:37","guid":{"rendered":"https:\/\/www.specialfabrikken.dk\/?post_type=product&#038;p=53445"},"modified":"2026-04-10T10:38:14","modified_gmt":"2026-04-10T08:38:14","slug":"alu-daek-uden-lem-06-x-300-m-droptestet-med-kompositplade","status":"publish","type":"product","link":"https:\/\/www.specialfabrikken.dk\/en\/vare\/alu-daek-uden-lem-06-x-300-m-droptestet-med-kompositplade\/","title":{"rendered":"Droptestet LIGHT Alu-d\u00e6k uden lem 0,60 x 3,00 m."},"content":{"rendered":"<p>Short description:<\/p>\n<ul>\n<li>Lovligt stillads alu-d\u00e6k til tagarbejde. Droptestet af Force Technology Danmark.<\/li>\n<li>Alu-d\u00e6k str. 0,6 x 3,00 m. uden opgangslem. Samme l\u00e6ngde som g\u00e6ngse fabrikater p\u00e5 markedet.<\/li>\n<li>Monteret med letv\u00e6gts kompositplade &#8211; reducerer v\u00e6gten med ca. 4 kg.<\/li>\n<li>Klasse 3 &#8211; 200 kg pr. m2.<\/li>\n<li>Kraftige alu-vanger og kroge.<\/li>\n<li>Fremstillet p\u00e5 egen fabrik i Danmark.<\/li>\n<li>Se de Droptestede d\u00e6k i <a href=\"https:\/\/www.youtube.com\/watch?v=v_-r5jq4yds&amp;t=4s\" target=\"_blank\" rel=\"noopener\">denne video<\/a>.<\/li>\n<\/ul>","protected":false},"excerpt":{"rendered":"<p>Kort sagt: Lovligt stillads alu-d\u00e6k til tagarbejde. Droptestet af Force Technology Danmark. Alu-d\u00e6k str. 0,6 x 3,00 m. uden opgangslem. Samme l\u00e6ngde som g\u00e6ngse fabrikater p\u00e5 markedet. Monteret med letv\u00e6gts kompositplade &#8211; reducerer v\u00e6gten med ca. 4 kg. Klasse 3 &#8211; 200 kg pr. m2. Kraftige alu-vanger og kroge. Fremstillet p\u00e5 egen fabrik i Danmark. [&hellip;]<\/p>\n","protected":false},"featured_media":74385,"comment_status":"open","ping_status":"closed","template":"","meta":{"_acf_changed":false,"_et_pb_use_builder":"","_et_pb_old_content":"","_et_gb_content_width":""},"product_brand":[],"product_cat":[104,105,95,103,102,54,66,124,134,160,204,31,71],"product_tag":[123,173,112,122,148,215],"class_list":{"0":"post-53445","1":"product","2":"type-product","3":"status-publish","4":"has-post-thumbnail","6":"product_cat-1300-alu-rullestillads","7":"product_cat-1360-alu-rullestillads","8":"product_cat-690-rullestillads","9":"product_cat-760-alu-rullestillads","10":"product_cat-alu-daek","11":"product_cat-alu-rullestillads","12":"product_cat-bukkestillads","13":"product_cat-droptestede-alu-daek","14":"product_cat-kviststillads","15":"product_cat-light","16":"product_cat-specialfabrikken-varer","17":"product_cat-stillads","18":"product_cat-tagarbejde","19":"product_tag-alu-daek","20":"product_tag-alu-rullestillads","21":"product_tag-bukkestillads","22":"product_tag-droptestet-daek","23":"product_tag-unik","24":"product_tag-lav-vaegt","25":"product_shipping_class-stor","27":"first","28":"instock","29":"taxable","30":"shipping-taxable","31":"purchasable","32":"product-type-simple"},"acf":[],"yoast_head":"<!-- This site is optimized with the Yoast SEO plugin v27.4 - https:\/\/yoast.com\/product\/yoast-seo-wordpress\/ -->\n<title>Droptestet LIGHT Alu-d\u00e6k uden lem 0,60 x 3,00 m. - Specialfabrikken<\/title>\n<meta name=\"description\" content=\"Vinderup Prof\u00ae Alu-d\u00e6k uden lem 0,6 x 3,00 m Droptestet med kompositplade. Vi laver Danmarks st\u00e6rkeste alu-d\u00e6k, her p\u00e5 fabrikken i Vinderup. Mange st\u00f8rrelser p\u00e5 lager.\" \/>\n<meta name=\"robots\" content=\"index, follow, max-snippet:-1, max-image-preview:large, max-video-preview:-1\" \/>\n<link rel=\"canonical\" href=\"https:\/\/www.specialfabrikken.dk\/en\/product-2\/alu-daek-uden-lem-06-x-300-m-droptestet-med-kompositplade\/\" \/>\n<meta property=\"og:locale\" content=\"en_US\" \/>\n<meta property=\"og:type\" content=\"article\" \/>\n<meta property=\"og:title\" content=\"Droptestet LIGHT Alu-d\u00e6k uden lem 0,60 x 3,00 m. - Specialfabrikken\" \/>\n<meta property=\"og:description\" content=\"Vinderup Prof\u00ae Alu-d\u00e6k uden lem 0,6 x 3,00 m Droptestet med kompositplade. Vi laver Danmarks st\u00e6rkeste alu-d\u00e6k, her p\u00e5 fabrikken i Vinderup. Mange st\u00f8rrelser p\u00e5 lager.\" \/>\n<meta property=\"og:url\" content=\"https:\/\/www.specialfabrikken.dk\/en\/product-2\/alu-daek-uden-lem-06-x-300-m-droptestet-med-kompositplade\/\" \/>\n<meta property=\"og:site_name\" content=\"Specialfabrikken\" \/>\n<meta property=\"article:modified_time\" content=\"2026-04-10T08:38:14+00:00\" \/>\n<meta property=\"og:image\" content=\"https:\/\/www.specialfabrikken.dk\/wp-content\/uploads\/2023\/10\/Droptestet-Daek-Stamp-3.jpg\" \/>\n\t<meta property=\"og:image:width\" content=\"2000\" \/>\n\t<meta property=\"og:image:height\" content=\"2000\" \/>\n\t<meta property=\"og:image:type\" content=\"image\/jpeg\" \/>\n<meta name=\"twitter:card\" content=\"summary_large_image\" \/>\n<meta name=\"twitter:label1\" content=\"Est. reading time\" \/>\n\t<meta name=\"twitter:data1\" content=\"1 minute\" \/>\n<script type=\"application\/ld+json\" class=\"yoast-schema-graph\">{\"@context\":\"https:\\\/\\\/schema.org\",\"@graph\":[{\"@type\":\"WebPage\",\"@id\":\"https:\\\/\\\/www.specialfabrikken.dk\\\/vare\\\/alu-daek-uden-lem-06-x-300-m-droptestet-med-kompositplade\\\/\",\"url\":\"https:\\\/\\\/www.specialfabrikken.dk\\\/vare\\\/alu-daek-uden-lem-06-x-300-m-droptestet-med-kompositplade\\\/\",\"name\":\"Droptestet LIGHT Alu-d\u00e6k uden lem 0,60 x 3,00 m. - Specialfabrikken\",\"isPartOf\":{\"@id\":\"https:\\\/\\\/www.specialfabrikken.dk\\\/#website\"},\"primaryImageOfPage\":{\"@id\":\"https:\\\/\\\/www.specialfabrikken.dk\\\/vare\\\/alu-daek-uden-lem-06-x-300-m-droptestet-med-kompositplade\\\/#primaryimage\"},\"image\":{\"@id\":\"https:\\\/\\\/www.specialfabrikken.dk\\\/vare\\\/alu-daek-uden-lem-06-x-300-m-droptestet-med-kompositplade\\\/#primaryimage\"},\"thumbnailUrl\":\"https:\\\/\\\/www.specialfabrikken.dk\\\/wp-content\\\/uploads\\\/2023\\\/10\\\/Droptestet-Daek-Stamp-3.jpg\",\"datePublished\":\"2023-10-05T08:53:37+00:00\",\"dateModified\":\"2026-04-10T08:38:14+00:00\",\"description\":\"Vinderup Prof\u00ae Alu-d\u00e6k uden lem 0,6 x 3,00 m Droptestet med kompositplade. Vi laver Danmarks st\u00e6rkeste alu-d\u00e6k, her p\u00e5 fabrikken i Vinderup. Mange st\u00f8rrelser p\u00e5 lager.\",\"breadcrumb\":{\"@id\":\"https:\\\/\\\/www.specialfabrikken.dk\\\/vare\\\/alu-daek-uden-lem-06-x-300-m-droptestet-med-kompositplade\\\/#breadcrumb\"},\"inLanguage\":\"en-US\",\"potentialAction\":[{\"@type\":\"ReadAction\",\"target\":[\"https:\\\/\\\/www.specialfabrikken.dk\\\/vare\\\/alu-daek-uden-lem-06-x-300-m-droptestet-med-kompositplade\\\/\"]}]},{\"@type\":\"ImageObject\",\"inLanguage\":\"en-US\",\"@id\":\"https:\\\/\\\/www.specialfabrikken.dk\\\/vare\\\/alu-daek-uden-lem-06-x-300-m-droptestet-med-kompositplade\\\/#primaryimage\",\"url\":\"https:\\\/\\\/www.specialfabrikken.dk\\\/wp-content\\\/uploads\\\/2023\\\/10\\\/Droptestet-Daek-Stamp-3.jpg\",\"contentUrl\":\"https:\\\/\\\/www.specialfabrikken.dk\\\/wp-content\\\/uploads\\\/2023\\\/10\\\/Droptestet-Daek-Stamp-3.jpg\",\"width\":2000,\"height\":2000},{\"@type\":\"BreadcrumbList\",\"@id\":\"https:\\\/\\\/www.specialfabrikken.dk\\\/vare\\\/alu-daek-uden-lem-06-x-300-m-droptestet-med-kompositplade\\\/#breadcrumb\",\"itemListElement\":[{\"@type\":\"ListItem\",\"position\":1,\"name\":\"Forside\",\"item\":\"https:\\\/\\\/www.specialfabrikken.dk\\\/\"},{\"@type\":\"ListItem\",\"position\":2,\"name\":\"Shop\",\"item\":\"https:\\\/\\\/www.specialfabrikken.dk\\\/shop\\\/\"},{\"@type\":\"ListItem\",\"position\":3,\"name\":\"Droptestet LIGHT Alu-d\u00e6k uden lem 0,60 x 3,00 m.\"}]},{\"@type\":\"WebSite\",\"@id\":\"https:\\\/\\\/www.specialfabrikken.dk\\\/#website\",\"url\":\"https:\\\/\\\/www.specialfabrikken.dk\\\/\",\"name\":\"Specialfabrikken\",\"description\":\"Specialfabrikken\",\"potentialAction\":[{\"@type\":\"SearchAction\",\"target\":{\"@type\":\"EntryPoint\",\"urlTemplate\":\"https:\\\/\\\/www.specialfabrikken.dk\\\/?s={search_term_string}\"},\"query-input\":{\"@type\":\"PropertyValueSpecification\",\"valueRequired\":true,\"valueName\":\"search_term_string\"}}],\"inLanguage\":\"en-US\"}]}<\/script>\n<!-- \/ Yoast SEO plugin. -->","yoast_head_json":{"title":"Droptestet LIGHT Alu-d\u00e6k uden lem 0,60 x 3,00 m. - Specialfabrikken","description":"Vinderup Prof\u00ae Alu-d\u00e6k uden lem 0,6 x 3,00 m Droptestet med kompositplade. Vi laver Danmarks st\u00e6rkeste alu-d\u00e6k, her p\u00e5 fabrikken i Vinderup. Mange st\u00f8rrelser p\u00e5 lager.","robots":{"index":"index","follow":"follow","max-snippet":"max-snippet:-1","max-image-preview":"max-image-preview:large","max-video-preview":"max-video-preview:-1"},"canonical":"https:\/\/www.specialfabrikken.dk\/en\/product-2\/alu-daek-uden-lem-06-x-300-m-droptestet-med-kompositplade\/","og_locale":"en_US","og_type":"article","og_title":"Droptestet LIGHT Alu-d\u00e6k uden lem 0,60 x 3,00 m. - Specialfabrikken","og_description":"Vinderup Prof\u00ae Alu-d\u00e6k uden lem 0,6 x 3,00 m Droptestet med kompositplade. Vi laver Danmarks st\u00e6rkeste alu-d\u00e6k, her p\u00e5 fabrikken i Vinderup. Mange st\u00f8rrelser p\u00e5 lager.","og_url":"https:\/\/www.specialfabrikken.dk\/en\/product-2\/alu-daek-uden-lem-06-x-300-m-droptestet-med-kompositplade\/","og_site_name":"Specialfabrikken","article_modified_time":"2026-04-10T08:38:14+00:00","og_image":[{"width":2000,"height":2000,"url":"https:\/\/www.specialfabrikken.dk\/wp-content\/uploads\/2023\/10\/Droptestet-Daek-Stamp-3.jpg","type":"image\/jpeg"}],"twitter_card":"summary_large_image","twitter_misc":{"Est. reading time":"1 minute"},"schema":{"@context":"https:\/\/schema.org","@graph":[{"@type":"WebPage","@id":"https:\/\/www.specialfabrikken.dk\/vare\/alu-daek-uden-lem-06-x-300-m-droptestet-med-kompositplade\/","url":"https:\/\/www.specialfabrikken.dk\/vare\/alu-daek-uden-lem-06-x-300-m-droptestet-med-kompositplade\/","name":"Droptestet LIGHT Alu-d\u00e6k uden lem 0,60 x 3,00 m. - Specialfabrikken","isPartOf":{"@id":"https:\/\/www.specialfabrikken.dk\/#website"},"primaryImageOfPage":{"@id":"https:\/\/www.specialfabrikken.dk\/vare\/alu-daek-uden-lem-06-x-300-m-droptestet-med-kompositplade\/#primaryimage"},"image":{"@id":"https:\/\/www.specialfabrikken.dk\/vare\/alu-daek-uden-lem-06-x-300-m-droptestet-med-kompositplade\/#primaryimage"},"thumbnailUrl":"https:\/\/www.specialfabrikken.dk\/wp-content\/uploads\/2023\/10\/Droptestet-Daek-Stamp-3.jpg","datePublished":"2023-10-05T08:53:37+00:00","dateModified":"2026-04-10T08:38:14+00:00","description":"Vinderup Prof\u00ae Alu-d\u00e6k uden lem 0,6 x 3,00 m Droptestet med kompositplade. Vi laver Danmarks st\u00e6rkeste alu-d\u00e6k, her p\u00e5 fabrikken i Vinderup. Mange st\u00f8rrelser p\u00e5 lager.","breadcrumb":{"@id":"https:\/\/www.specialfabrikken.dk\/vare\/alu-daek-uden-lem-06-x-300-m-droptestet-med-kompositplade\/#breadcrumb"},"inLanguage":"en-US","potentialAction":[{"@type":"ReadAction","target":["https:\/\/www.specialfabrikken.dk\/vare\/alu-daek-uden-lem-06-x-300-m-droptestet-med-kompositplade\/"]}]},{"@type":"ImageObject","inLanguage":"en-US","@id":"https:\/\/www.specialfabrikken.dk\/vare\/alu-daek-uden-lem-06-x-300-m-droptestet-med-kompositplade\/#primaryimage","url":"https:\/\/www.specialfabrikken.dk\/wp-content\/uploads\/2023\/10\/Droptestet-Daek-Stamp-3.jpg","contentUrl":"https:\/\/www.specialfabrikken.dk\/wp-content\/uploads\/2023\/10\/Droptestet-Daek-Stamp-3.jpg","width":2000,"height":2000},{"@type":"BreadcrumbList","@id":"https:\/\/www.specialfabrikken.dk\/vare\/alu-daek-uden-lem-06-x-300-m-droptestet-med-kompositplade\/#breadcrumb","itemListElement":[{"@type":"ListItem","position":1,"name":"Forside","item":"https:\/\/www.specialfabrikken.dk\/"},{"@type":"ListItem","position":2,"name":"Shop","item":"https:\/\/www.specialfabrikken.dk\/shop\/"},{"@type":"ListItem","position":3,"name":"Droptestet LIGHT Alu-d\u00e6k uden lem 0,60 x 3,00 m."}]},{"@type":"WebSite","@id":"https:\/\/www.specialfabrikken.dk\/#website","url":"https:\/\/www.specialfabrikken.dk\/","name":"Specialfabrikken","description":"Specialfabrikken","potentialAction":[{"@type":"SearchAction","target":{"@type":"EntryPoint","urlTemplate":"https:\/\/www.specialfabrikken.dk\/?s={search_term_string}"},"query-input":{"@type":"PropertyValueSpecification","valueRequired":true,"valueName":"search_term_string"}}],"inLanguage":"en-US"}]}},"_links":{"self":[{"href":"https:\/\/www.specialfabrikken.dk\/en\/wp-json\/wp\/v2\/product\/53445","targetHints":{"allow":["GET"]}}],"collection":[{"href":"https:\/\/www.specialfabrikken.dk\/en\/wp-json\/wp\/v2\/product"}],"about":[{"href":"https:\/\/www.specialfabrikken.dk\/en\/wp-json\/wp\/v2\/types\/product"}],"replies":[{"embeddable":true,"href":"https:\/\/www.specialfabrikken.dk\/en\/wp-json\/wp\/v2\/comments?post=53445"}],"wp:featuredmedia":[{"embeddable":true,"href":"https:\/\/www.specialfabrikken.dk\/en\/wp-json\/wp\/v2\/media\/74385"}],"wp:attachment":[{"href":"https:\/\/www.specialfabrikken.dk\/en\/wp-json\/wp\/v2\/media?parent=53445"}],"wp:term":[{"taxonomy":"product_brand","embeddable":true,"href":"https:\/\/www.specialfabrikken.dk\/en\/wp-json\/wp\/v2\/product_brand?post=53445"},{"taxonomy":"product_cat","embeddable":true,"href":"https:\/\/www.specialfabrikken.dk\/en\/wp-json\/wp\/v2\/product_cat?post=53445"},{"taxonomy":"product_tag","embeddable":true,"href":"https:\/\/www.specialfabrikken.dk\/en\/wp-json\/wp\/v2\/product_tag?post=53445"}],"curies":[{"name":"wp","href":"https:\/\/api.w.org\/{rel}","templated":true}]}}