{"id":53452,"date":"2023-10-05T09:53:36","date_gmt":"2023-10-05T09:53:36","guid":{"rendered":"https:\/\/www.specialfabrikken.dk\/?post_type=product&#038;p=53452"},"modified":"2026-03-06T09:59:35","modified_gmt":"2026-03-06T08:59:35","slug":"loes-overligger-kl-3-h-100-cm-m-2-gelaenderroer","status":"publish","type":"product","link":"https:\/\/www.specialfabrikken.dk\/en\/vare\/loes-overligger-kl-3-h-100-cm-m-2-gelaenderroer\/","title":{"rendered":"Overligger til 2 gel\u00e6nderr\u00f8r"},"content":{"rendered":"<p>L\u00f8s overligger kl. 3 H\u00f8jde 100 cm m\/2 Gel\u00e6nderr\u00f8r i galvaniseret st\u00e5l. Passer bedst til <a href=\"https:\/\/www.specialfabrikken.dk\/en\/product-2\/stilladsbuk\/\">Specialfabrikken Vinderup buk\u00a0<\/a>men ogs\u00e5 til andre fabrikater p\u00e5 markedet.<\/p>\n<p>Vidste du at Specialfabrikken Vinderup som de eneste producerer overliggere i forskellige h\u00f8jder.<\/p>\n<p>Short description:<\/p>\n<ul>\n<li>Fremstillet i galvaniseret st\u00e5l.<\/li>\n<li>Fuldsvejst konstruktion.<\/li>\n<li>Leveres i forskellige h\u00f8jder fra 100 cm til 180 cm.<\/li>\n<li>Bestil med 1 eller 2 r\u00f8r til Gel\u00e6nderr\u00f8r.<\/li>\n<\/ul>","protected":false},"excerpt":{"rendered":"<h1>L\u00f8s overligger kl. 3 H. 100 cm m\/2 gel\u00e6nderr\u00f8r<\/h1>","protected":false},"featured_media":1040,"comment_status":"open","ping_status":"closed","template":"","meta":{"_acf_changed":false,"_et_pb_use_builder":"","_et_pb_old_content":"","_et_gb_content_width":""},"product_brand":[],"product_cat":[66,212,31],"product_tag":[120,126,112],"class_list":{"0":"post-53452","1":"product","2":"type-product","3":"status-publish","4":"has-post-thumbnail","6":"product_cat-bukkestillads","7":"product_cat-overligger","8":"product_cat-stillads","9":"product_tag-120-cm-overligger","10":"product_tag-2-gelaenderroer","11":"product_tag-bukkestillads","12":"product_shipping_class-stor","14":"first","15":"instock","16":"taxable","17":"shipping-taxable","18":"purchasable","19":"product-type-simple"},"acf":[],"yoast_head":"<!-- This site is optimized with the Yoast SEO plugin v27.4 - https:\/\/yoast.com\/product\/yoast-seo-wordpress\/ -->\n<title>Overligger til 2 gel\u00e6nderr\u00f8r - Specialfabrikken<\/title>\n<meta name=\"description\" content=\"L\u00f8s overligger kl. 3 H. 100 cm m\/2 Gel\u00e6nderr\u00f8r til Specialfabrikken Vinderup buk. Det st\u00f8rste program til bukkestillads, som du ikke finder andre steder.\" \/>\n<meta name=\"robots\" content=\"index, follow, max-snippet:-1, max-image-preview:large, max-video-preview:-1\" \/>\n<link rel=\"canonical\" href=\"https:\/\/www.specialfabrikken.dk\/en\/product-2\/loes-overligger-kl-3-h-100-cm-m-2-gelaenderroer\/\" \/>\n<meta property=\"og:locale\" content=\"en_US\" \/>\n<meta property=\"og:type\" content=\"article\" \/>\n<meta property=\"og:title\" content=\"Overligger til 2 gel\u00e6nderr\u00f8r - Specialfabrikken\" \/>\n<meta property=\"og:description\" content=\"L\u00f8s overligger kl. 3 H. 100 cm m\/2 Gel\u00e6nderr\u00f8r til Specialfabrikken Vinderup buk. Det st\u00f8rste program til bukkestillads, som du ikke finder andre steder.\" \/>\n<meta property=\"og:url\" content=\"https:\/\/www.specialfabrikken.dk\/en\/product-2\/loes-overligger-kl-3-h-100-cm-m-2-gelaenderroer\/\" \/>\n<meta property=\"og:site_name\" content=\"Specialfabrikken\" \/>\n<meta property=\"article:modified_time\" content=\"2026-03-06T08:59:35+00:00\" \/>\n<meta property=\"og:image\" content=\"https:\/\/www.specialfabrikken.dk\/wp-content\/uploads\/2020\/02\/l\u00f8seoverliggere2.png\" \/>\n\t<meta property=\"og:image:width\" content=\"1398\" \/>\n\t<meta property=\"og:image:height\" content=\"1181\" \/>\n\t<meta property=\"og:image:type\" content=\"image\/png\" \/>\n<meta name=\"twitter:card\" content=\"summary_large_image\" \/>\n<meta name=\"twitter:label1\" content=\"Est. reading time\" \/>\n\t<meta name=\"twitter:data1\" content=\"1 minute\" \/>\n<script type=\"application\/ld+json\" class=\"yoast-schema-graph\">{\"@context\":\"https:\\\/\\\/schema.org\",\"@graph\":[{\"@type\":\"WebPage\",\"@id\":\"https:\\\/\\\/www.specialfabrikken.dk\\\/vare\\\/loes-overligger-kl-3-h-100-cm-m-2-gelaenderroer\\\/\",\"url\":\"https:\\\/\\\/www.specialfabrikken.dk\\\/vare\\\/loes-overligger-kl-3-h-100-cm-m-2-gelaenderroer\\\/\",\"name\":\"Overligger til 2 gel\u00e6nderr\u00f8r - Specialfabrikken\",\"isPartOf\":{\"@id\":\"https:\\\/\\\/www.specialfabrikken.dk\\\/#website\"},\"primaryImageOfPage\":{\"@id\":\"https:\\\/\\\/www.specialfabrikken.dk\\\/vare\\\/loes-overligger-kl-3-h-100-cm-m-2-gelaenderroer\\\/#primaryimage\"},\"image\":{\"@id\":\"https:\\\/\\\/www.specialfabrikken.dk\\\/vare\\\/loes-overligger-kl-3-h-100-cm-m-2-gelaenderroer\\\/#primaryimage\"},\"thumbnailUrl\":\"https:\\\/\\\/www.specialfabrikken.dk\\\/wp-content\\\/uploads\\\/2020\\\/02\\\/l\u00f8seoverliggere2.png\",\"datePublished\":\"2023-10-05T09:53:36+00:00\",\"dateModified\":\"2026-03-06T08:59:35+00:00\",\"description\":\"L\u00f8s overligger kl. 3 H. 100 cm m\\\/2 Gel\u00e6nderr\u00f8r til Specialfabrikken Vinderup buk. Det st\u00f8rste program til bukkestillads, som du ikke finder andre steder.\",\"breadcrumb\":{\"@id\":\"https:\\\/\\\/www.specialfabrikken.dk\\\/vare\\\/loes-overligger-kl-3-h-100-cm-m-2-gelaenderroer\\\/#breadcrumb\"},\"inLanguage\":\"en-US\",\"potentialAction\":[{\"@type\":\"ReadAction\",\"target\":[\"https:\\\/\\\/www.specialfabrikken.dk\\\/vare\\\/loes-overligger-kl-3-h-100-cm-m-2-gelaenderroer\\\/\"]}]},{\"@type\":\"ImageObject\",\"inLanguage\":\"en-US\",\"@id\":\"https:\\\/\\\/www.specialfabrikken.dk\\\/vare\\\/loes-overligger-kl-3-h-100-cm-m-2-gelaenderroer\\\/#primaryimage\",\"url\":\"https:\\\/\\\/www.specialfabrikken.dk\\\/wp-content\\\/uploads\\\/2020\\\/02\\\/l\u00f8seoverliggere2.png\",\"contentUrl\":\"https:\\\/\\\/www.specialfabrikken.dk\\\/wp-content\\\/uploads\\\/2020\\\/02\\\/l\u00f8seoverliggere2.png\",\"width\":1398,\"height\":1181,\"caption\":\"l\u00f8seoverligger\"},{\"@type\":\"BreadcrumbList\",\"@id\":\"https:\\\/\\\/www.specialfabrikken.dk\\\/vare\\\/loes-overligger-kl-3-h-100-cm-m-2-gelaenderroer\\\/#breadcrumb\",\"itemListElement\":[{\"@type\":\"ListItem\",\"position\":1,\"name\":\"Forside\",\"item\":\"https:\\\/\\\/www.specialfabrikken.dk\\\/\"},{\"@type\":\"ListItem\",\"position\":2,\"name\":\"Shop\",\"item\":\"https:\\\/\\\/www.specialfabrikken.dk\\\/shop\\\/\"},{\"@type\":\"ListItem\",\"position\":3,\"name\":\"Overligger til 2 gel\u00e6nderr\u00f8r\"}]},{\"@type\":\"WebSite\",\"@id\":\"https:\\\/\\\/www.specialfabrikken.dk\\\/#website\",\"url\":\"https:\\\/\\\/www.specialfabrikken.dk\\\/\",\"name\":\"Specialfabrikken\",\"description\":\"Specialfabrikken\",\"potentialAction\":[{\"@type\":\"SearchAction\",\"target\":{\"@type\":\"EntryPoint\",\"urlTemplate\":\"https:\\\/\\\/www.specialfabrikken.dk\\\/?s={search_term_string}\"},\"query-input\":{\"@type\":\"PropertyValueSpecification\",\"valueRequired\":true,\"valueName\":\"search_term_string\"}}],\"inLanguage\":\"en-US\"}]}<\/script>\n<!-- \/ Yoast SEO plugin. -->","yoast_head_json":{"title":"Overligger til 2 gel\u00e6nderr\u00f8r - Specialfabrikken","description":"L\u00f8s overligger kl. 3 H. 100 cm m\/2 Gel\u00e6nderr\u00f8r til Specialfabrikken Vinderup buk. Det st\u00f8rste program til bukkestillads, som du ikke finder andre steder.","robots":{"index":"index","follow":"follow","max-snippet":"max-snippet:-1","max-image-preview":"max-image-preview:large","max-video-preview":"max-video-preview:-1"},"canonical":"https:\/\/www.specialfabrikken.dk\/en\/product-2\/loes-overligger-kl-3-h-100-cm-m-2-gelaenderroer\/","og_locale":"en_US","og_type":"article","og_title":"Overligger til 2 gel\u00e6nderr\u00f8r - Specialfabrikken","og_description":"L\u00f8s overligger kl. 3 H. 100 cm m\/2 Gel\u00e6nderr\u00f8r til Specialfabrikken Vinderup buk. Det st\u00f8rste program til bukkestillads, som du ikke finder andre steder.","og_url":"https:\/\/www.specialfabrikken.dk\/en\/product-2\/loes-overligger-kl-3-h-100-cm-m-2-gelaenderroer\/","og_site_name":"Specialfabrikken","article_modified_time":"2026-03-06T08:59:35+00:00","og_image":[{"width":1398,"height":1181,"url":"https:\/\/www.specialfabrikken.dk\/wp-content\/uploads\/2020\/02\/l\u00f8seoverliggere2.png","type":"image\/png"}],"twitter_card":"summary_large_image","twitter_misc":{"Est. reading time":"1 minute"},"schema":{"@context":"https:\/\/schema.org","@graph":[{"@type":"WebPage","@id":"https:\/\/www.specialfabrikken.dk\/vare\/loes-overligger-kl-3-h-100-cm-m-2-gelaenderroer\/","url":"https:\/\/www.specialfabrikken.dk\/vare\/loes-overligger-kl-3-h-100-cm-m-2-gelaenderroer\/","name":"Overligger til 2 gel\u00e6nderr\u00f8r - Specialfabrikken","isPartOf":{"@id":"https:\/\/www.specialfabrikken.dk\/#website"},"primaryImageOfPage":{"@id":"https:\/\/www.specialfabrikken.dk\/vare\/loes-overligger-kl-3-h-100-cm-m-2-gelaenderroer\/#primaryimage"},"image":{"@id":"https:\/\/www.specialfabrikken.dk\/vare\/loes-overligger-kl-3-h-100-cm-m-2-gelaenderroer\/#primaryimage"},"thumbnailUrl":"https:\/\/www.specialfabrikken.dk\/wp-content\/uploads\/2020\/02\/l\u00f8seoverliggere2.png","datePublished":"2023-10-05T09:53:36+00:00","dateModified":"2026-03-06T08:59:35+00:00","description":"L\u00f8s overligger kl. 3 H. 100 cm m\/2 Gel\u00e6nderr\u00f8r til Specialfabrikken Vinderup buk. Det st\u00f8rste program til bukkestillads, som du ikke finder andre steder.","breadcrumb":{"@id":"https:\/\/www.specialfabrikken.dk\/vare\/loes-overligger-kl-3-h-100-cm-m-2-gelaenderroer\/#breadcrumb"},"inLanguage":"en-US","potentialAction":[{"@type":"ReadAction","target":["https:\/\/www.specialfabrikken.dk\/vare\/loes-overligger-kl-3-h-100-cm-m-2-gelaenderroer\/"]}]},{"@type":"ImageObject","inLanguage":"en-US","@id":"https:\/\/www.specialfabrikken.dk\/vare\/loes-overligger-kl-3-h-100-cm-m-2-gelaenderroer\/#primaryimage","url":"https:\/\/www.specialfabrikken.dk\/wp-content\/uploads\/2020\/02\/l\u00f8seoverliggere2.png","contentUrl":"https:\/\/www.specialfabrikken.dk\/wp-content\/uploads\/2020\/02\/l\u00f8seoverliggere2.png","width":1398,"height":1181,"caption":"l\u00f8seoverligger"},{"@type":"BreadcrumbList","@id":"https:\/\/www.specialfabrikken.dk\/vare\/loes-overligger-kl-3-h-100-cm-m-2-gelaenderroer\/#breadcrumb","itemListElement":[{"@type":"ListItem","position":1,"name":"Forside","item":"https:\/\/www.specialfabrikken.dk\/"},{"@type":"ListItem","position":2,"name":"Shop","item":"https:\/\/www.specialfabrikken.dk\/shop\/"},{"@type":"ListItem","position":3,"name":"Overligger til 2 gel\u00e6nderr\u00f8r"}]},{"@type":"WebSite","@id":"https:\/\/www.specialfabrikken.dk\/#website","url":"https:\/\/www.specialfabrikken.dk\/","name":"Specialfabrikken","description":"Specialfabrikken","potentialAction":[{"@type":"SearchAction","target":{"@type":"EntryPoint","urlTemplate":"https:\/\/www.specialfabrikken.dk\/?s={search_term_string}"},"query-input":{"@type":"PropertyValueSpecification","valueRequired":true,"valueName":"search_term_string"}}],"inLanguage":"en-US"}]}},"_links":{"self":[{"href":"https:\/\/www.specialfabrikken.dk\/en\/wp-json\/wp\/v2\/product\/53452","targetHints":{"allow":["GET"]}}],"collection":[{"href":"https:\/\/www.specialfabrikken.dk\/en\/wp-json\/wp\/v2\/product"}],"about":[{"href":"https:\/\/www.specialfabrikken.dk\/en\/wp-json\/wp\/v2\/types\/product"}],"replies":[{"embeddable":true,"href":"https:\/\/www.specialfabrikken.dk\/en\/wp-json\/wp\/v2\/comments?post=53452"}],"wp:featuredmedia":[{"embeddable":true,"href":"https:\/\/www.specialfabrikken.dk\/en\/wp-json\/wp\/v2\/media\/1040"}],"wp:attachment":[{"href":"https:\/\/www.specialfabrikken.dk\/en\/wp-json\/wp\/v2\/media?parent=53452"}],"wp:term":[{"taxonomy":"product_brand","embeddable":true,"href":"https:\/\/www.specialfabrikken.dk\/en\/wp-json\/wp\/v2\/product_brand?post=53452"},{"taxonomy":"product_cat","embeddable":true,"href":"https:\/\/www.specialfabrikken.dk\/en\/wp-json\/wp\/v2\/product_cat?post=53452"},{"taxonomy":"product_tag","embeddable":true,"href":"https:\/\/www.specialfabrikken.dk\/en\/wp-json\/wp\/v2\/product_tag?post=53452"}],"curies":[{"name":"wp","href":"https:\/\/api.w.org\/{rel}","templated":true}]}}