{"id":71406,"date":"2023-10-10T12:55:53","date_gmt":"2023-10-10T12:55:53","guid":{"rendered":"https:\/\/www.specialfabrikken.dk\/?post_type=product&#038;p=71406"},"modified":"2025-11-07T10:16:09","modified_gmt":"2025-11-07T10:16:09","slug":"alu-drager-81-m","status":"publish","type":"product","link":"https:\/\/www.specialfabrikken.dk\/en\/vare\/alu-drager-81-m\/","title":{"rendered":"Alu-drager 8,1 m."},"content":{"rendered":"<h1><strong>Alu-dragere &#8211; fleksibilitet og styrke i \u00e9t<\/strong><\/h1>\n<p>N\u00e5r det kommer til byggeprojekter, er kvalitet og fleksibilitet n\u00f8gleord. Vores alu-dragere er designet til at give dig begge dele. Fremstillet i h\u00f8jkvalitets aluminium, disse dragere er ikke bare lette og nemme at arbejde med, men ogs\u00e5 ekstremt holdbare.<\/p>\n<p><strong>Funktioner:<\/strong><\/p>\n<ul>\n<li>Fremstillet i robust aluminium<\/li>\n<li>F\u00e5s i forskellige l\u00e6ngder for \u00f8get fleksibilitet<\/li>\n<li>Valgfri u-b\u00f8jler for ekstra tilpasningsevne<\/li>\n<li>Ideel til en r\u00e6kke forskellige byggeopgaver<\/li>\n<li>Professionelt designet med den erfarne h\u00e5ndv\u00e6rker i tankerne<\/li>\n<\/ul>\n<p>Med vores alu-dragere kan du nemt tilpasse dig til forskellige byggescenarier uden at g\u00e5 p\u00e5 kompromis med styrken. V\u00e6lg mellem forskellige l\u00e6ngder for at finde den perfekte l\u00f8sning til dit projekt.<\/p>","protected":false},"excerpt":{"rendered":"<p>Short description:<\/p>\n<ul>\n<li>Fremstillet i aluminium<\/li>\n<li>F\u00e5s i forskellige l\u00e6ngder<\/li>\n<li>F\u00e5s med og uden u-b\u00f8jler<\/li>\n<\/ul>","protected":false},"featured_media":2551,"comment_status":"open","ping_status":"closed","template":"","meta":{"_acf_changed":false,"_et_pb_use_builder":"","_et_pb_old_content":"","_et_gb_content_width":""},"product_brand":[],"product_cat":[32,31],"product_tag":[48],"class_list":{"0":"post-71406","1":"product","2":"type-product","3":"status-publish","4":"has-post-thumbnail","6":"product_cat-murerstillads","7":"product_cat-stillads","8":"product_tag-murerstillads","9":"product_shipping_class-stor","11":"first","12":"onbackorder","13":"taxable","14":"shipping-taxable","15":"purchasable","16":"product-type-simple"},"acf":[],"yoast_head":"<!-- This site is optimized with the Yoast SEO plugin v27.4 - https:\/\/yoast.com\/product\/yoast-seo-wordpress\/ -->\n<title>Alu-Dragere i Aluminium - Fleksible og Holdbare L\u00f8sninger<\/title>\n<meta name=\"description\" content=\"Udforsk vores Alu-Dragere i aluminium, den ultimative kombination af fleksibilitet og styrke. Perfekt til den professionelle h\u00e5ndv\u00e6rker, der kr\u00e6ver det bedste. F\u00e5s i forskellige l\u00e6ngder og med eller uden u-b\u00f8jler.\" \/>\n<meta name=\"robots\" content=\"index, follow, max-snippet:-1, max-image-preview:large, max-video-preview:-1\" \/>\n<link rel=\"canonical\" href=\"https:\/\/www.specialfabrikken.dk\/en\/product-2\/alu-drager-81-m\/\" \/>\n<meta property=\"og:locale\" content=\"en_US\" \/>\n<meta property=\"og:type\" content=\"article\" \/>\n<meta property=\"og:title\" content=\"Alu-Dragere i Aluminium - Fleksible og Holdbare L\u00f8sninger\" \/>\n<meta property=\"og:description\" content=\"Udforsk vores Alu-Dragere i aluminium, den ultimative kombination af fleksibilitet og styrke. Perfekt til den professionelle h\u00e5ndv\u00e6rker, der kr\u00e6ver det bedste. F\u00e5s i forskellige l\u00e6ngder og med eller uden u-b\u00f8jler.\" \/>\n<meta property=\"og:url\" content=\"https:\/\/www.specialfabrikken.dk\/en\/product-2\/alu-drager-81-m\/\" \/>\n<meta property=\"og:site_name\" content=\"Specialfabrikken\" \/>\n<meta property=\"article:modified_time\" content=\"2025-11-07T10:16:09+00:00\" \/>\n<meta property=\"og:image\" content=\"https:\/\/www.specialfabrikken.dk\/wp-content\/uploads\/2020\/04\/dragere.jpg\" \/>\n\t<meta property=\"og:image:width\" content=\"448\" \/>\n\t<meta property=\"og:image:height\" content=\"216\" \/>\n\t<meta property=\"og:image:type\" content=\"image\/jpeg\" \/>\n<meta name=\"twitter:card\" content=\"summary_large_image\" \/>\n<meta name=\"twitter:label1\" content=\"Est. reading time\" \/>\n\t<meta name=\"twitter:data1\" content=\"1 minute\" \/>\n<script type=\"application\/ld+json\" class=\"yoast-schema-graph\">{\"@context\":\"https:\\\/\\\/schema.org\",\"@graph\":[{\"@type\":\"WebPage\",\"@id\":\"https:\\\/\\\/www.specialfabrikken.dk\\\/vare\\\/alu-drager-81-m\\\/\",\"url\":\"https:\\\/\\\/www.specialfabrikken.dk\\\/vare\\\/alu-drager-81-m\\\/\",\"name\":\"Alu-Dragere i Aluminium - Fleksible og Holdbare L\u00f8sninger\",\"isPartOf\":{\"@id\":\"https:\\\/\\\/www.specialfabrikken.dk\\\/#website\"},\"primaryImageOfPage\":{\"@id\":\"https:\\\/\\\/www.specialfabrikken.dk\\\/vare\\\/alu-drager-81-m\\\/#primaryimage\"},\"image\":{\"@id\":\"https:\\\/\\\/www.specialfabrikken.dk\\\/vare\\\/alu-drager-81-m\\\/#primaryimage\"},\"thumbnailUrl\":\"https:\\\/\\\/www.specialfabrikken.dk\\\/wp-content\\\/uploads\\\/2020\\\/04\\\/dragere.jpg\",\"datePublished\":\"2023-10-10T12:55:53+00:00\",\"dateModified\":\"2025-11-07T10:16:09+00:00\",\"description\":\"Udforsk vores Alu-Dragere i aluminium, den ultimative kombination af fleksibilitet og styrke. Perfekt til den professionelle h\u00e5ndv\u00e6rker, der kr\u00e6ver det bedste. F\u00e5s i forskellige l\u00e6ngder og med eller uden u-b\u00f8jler.\",\"breadcrumb\":{\"@id\":\"https:\\\/\\\/www.specialfabrikken.dk\\\/vare\\\/alu-drager-81-m\\\/#breadcrumb\"},\"inLanguage\":\"en-US\",\"potentialAction\":[{\"@type\":\"ReadAction\",\"target\":[\"https:\\\/\\\/www.specialfabrikken.dk\\\/vare\\\/alu-drager-81-m\\\/\"]}]},{\"@type\":\"ImageObject\",\"inLanguage\":\"en-US\",\"@id\":\"https:\\\/\\\/www.specialfabrikken.dk\\\/vare\\\/alu-drager-81-m\\\/#primaryimage\",\"url\":\"https:\\\/\\\/www.specialfabrikken.dk\\\/wp-content\\\/uploads\\\/2020\\\/04\\\/dragere.jpg\",\"contentUrl\":\"https:\\\/\\\/www.specialfabrikken.dk\\\/wp-content\\\/uploads\\\/2020\\\/04\\\/dragere.jpg\",\"width\":448,\"height\":216,\"caption\":\"aluminiumsdragere\"},{\"@type\":\"BreadcrumbList\",\"@id\":\"https:\\\/\\\/www.specialfabrikken.dk\\\/vare\\\/alu-drager-81-m\\\/#breadcrumb\",\"itemListElement\":[{\"@type\":\"ListItem\",\"position\":1,\"name\":\"Forside\",\"item\":\"https:\\\/\\\/www.specialfabrikken.dk\\\/\"},{\"@type\":\"ListItem\",\"position\":2,\"name\":\"Shop\",\"item\":\"https:\\\/\\\/www.specialfabrikken.dk\\\/shop\\\/\"},{\"@type\":\"ListItem\",\"position\":3,\"name\":\"Alu-drager 8,1 m.\"}]},{\"@type\":\"WebSite\",\"@id\":\"https:\\\/\\\/www.specialfabrikken.dk\\\/#website\",\"url\":\"https:\\\/\\\/www.specialfabrikken.dk\\\/\",\"name\":\"Specialfabrikken\",\"description\":\"Specialfabrikken\",\"potentialAction\":[{\"@type\":\"SearchAction\",\"target\":{\"@type\":\"EntryPoint\",\"urlTemplate\":\"https:\\\/\\\/www.specialfabrikken.dk\\\/?s={search_term_string}\"},\"query-input\":{\"@type\":\"PropertyValueSpecification\",\"valueRequired\":true,\"valueName\":\"search_term_string\"}}],\"inLanguage\":\"en-US\"}]}<\/script>\n<!-- \/ Yoast SEO plugin. -->","yoast_head_json":{"title":"Alu-Dragere i Aluminium - Fleksible og Holdbare L\u00f8sninger","description":"Udforsk vores Alu-Dragere i aluminium, den ultimative kombination af fleksibilitet og styrke. Perfekt til den professionelle h\u00e5ndv\u00e6rker, der kr\u00e6ver det bedste. F\u00e5s i forskellige l\u00e6ngder og med eller uden u-b\u00f8jler.","robots":{"index":"index","follow":"follow","max-snippet":"max-snippet:-1","max-image-preview":"max-image-preview:large","max-video-preview":"max-video-preview:-1"},"canonical":"https:\/\/www.specialfabrikken.dk\/en\/product-2\/alu-drager-81-m\/","og_locale":"en_US","og_type":"article","og_title":"Alu-Dragere i Aluminium - Fleksible og Holdbare L\u00f8sninger","og_description":"Udforsk vores Alu-Dragere i aluminium, den ultimative kombination af fleksibilitet og styrke. Perfekt til den professionelle h\u00e5ndv\u00e6rker, der kr\u00e6ver det bedste. F\u00e5s i forskellige l\u00e6ngder og med eller uden u-b\u00f8jler.","og_url":"https:\/\/www.specialfabrikken.dk\/en\/product-2\/alu-drager-81-m\/","og_site_name":"Specialfabrikken","article_modified_time":"2025-11-07T10:16:09+00:00","og_image":[{"width":448,"height":216,"url":"https:\/\/www.specialfabrikken.dk\/wp-content\/uploads\/2020\/04\/dragere.jpg","type":"image\/jpeg"}],"twitter_card":"summary_large_image","twitter_misc":{"Est. reading time":"1 minute"},"schema":{"@context":"https:\/\/schema.org","@graph":[{"@type":"WebPage","@id":"https:\/\/www.specialfabrikken.dk\/vare\/alu-drager-81-m\/","url":"https:\/\/www.specialfabrikken.dk\/vare\/alu-drager-81-m\/","name":"Alu-Dragere i Aluminium - Fleksible og Holdbare L\u00f8sninger","isPartOf":{"@id":"https:\/\/www.specialfabrikken.dk\/#website"},"primaryImageOfPage":{"@id":"https:\/\/www.specialfabrikken.dk\/vare\/alu-drager-81-m\/#primaryimage"},"image":{"@id":"https:\/\/www.specialfabrikken.dk\/vare\/alu-drager-81-m\/#primaryimage"},"thumbnailUrl":"https:\/\/www.specialfabrikken.dk\/wp-content\/uploads\/2020\/04\/dragere.jpg","datePublished":"2023-10-10T12:55:53+00:00","dateModified":"2025-11-07T10:16:09+00:00","description":"Udforsk vores Alu-Dragere i aluminium, den ultimative kombination af fleksibilitet og styrke. Perfekt til den professionelle h\u00e5ndv\u00e6rker, der kr\u00e6ver det bedste. F\u00e5s i forskellige l\u00e6ngder og med eller uden u-b\u00f8jler.","breadcrumb":{"@id":"https:\/\/www.specialfabrikken.dk\/vare\/alu-drager-81-m\/#breadcrumb"},"inLanguage":"en-US","potentialAction":[{"@type":"ReadAction","target":["https:\/\/www.specialfabrikken.dk\/vare\/alu-drager-81-m\/"]}]},{"@type":"ImageObject","inLanguage":"en-US","@id":"https:\/\/www.specialfabrikken.dk\/vare\/alu-drager-81-m\/#primaryimage","url":"https:\/\/www.specialfabrikken.dk\/wp-content\/uploads\/2020\/04\/dragere.jpg","contentUrl":"https:\/\/www.specialfabrikken.dk\/wp-content\/uploads\/2020\/04\/dragere.jpg","width":448,"height":216,"caption":"aluminiumsdragere"},{"@type":"BreadcrumbList","@id":"https:\/\/www.specialfabrikken.dk\/vare\/alu-drager-81-m\/#breadcrumb","itemListElement":[{"@type":"ListItem","position":1,"name":"Forside","item":"https:\/\/www.specialfabrikken.dk\/"},{"@type":"ListItem","position":2,"name":"Shop","item":"https:\/\/www.specialfabrikken.dk\/shop\/"},{"@type":"ListItem","position":3,"name":"Alu-drager 8,1 m."}]},{"@type":"WebSite","@id":"https:\/\/www.specialfabrikken.dk\/#website","url":"https:\/\/www.specialfabrikken.dk\/","name":"Specialfabrikken","description":"Specialfabrikken","potentialAction":[{"@type":"SearchAction","target":{"@type":"EntryPoint","urlTemplate":"https:\/\/www.specialfabrikken.dk\/?s={search_term_string}"},"query-input":{"@type":"PropertyValueSpecification","valueRequired":true,"valueName":"search_term_string"}}],"inLanguage":"en-US"}]}},"_links":{"self":[{"href":"https:\/\/www.specialfabrikken.dk\/en\/wp-json\/wp\/v2\/product\/71406","targetHints":{"allow":["GET"]}}],"collection":[{"href":"https:\/\/www.specialfabrikken.dk\/en\/wp-json\/wp\/v2\/product"}],"about":[{"href":"https:\/\/www.specialfabrikken.dk\/en\/wp-json\/wp\/v2\/types\/product"}],"replies":[{"embeddable":true,"href":"https:\/\/www.specialfabrikken.dk\/en\/wp-json\/wp\/v2\/comments?post=71406"}],"wp:featuredmedia":[{"embeddable":true,"href":"https:\/\/www.specialfabrikken.dk\/en\/wp-json\/wp\/v2\/media\/2551"}],"wp:attachment":[{"href":"https:\/\/www.specialfabrikken.dk\/en\/wp-json\/wp\/v2\/media?parent=71406"}],"wp:term":[{"taxonomy":"product_brand","embeddable":true,"href":"https:\/\/www.specialfabrikken.dk\/en\/wp-json\/wp\/v2\/product_brand?post=71406"},{"taxonomy":"product_cat","embeddable":true,"href":"https:\/\/www.specialfabrikken.dk\/en\/wp-json\/wp\/v2\/product_cat?post=71406"},{"taxonomy":"product_tag","embeddable":true,"href":"https:\/\/www.specialfabrikken.dk\/en\/wp-json\/wp\/v2\/product_tag?post=71406"}],"curies":[{"name":"wp","href":"https:\/\/api.w.org\/{rel}","templated":true}]}}