{"id":71417,"date":"2023-10-11T08:57:48","date_gmt":"2023-10-11T08:57:48","guid":{"rendered":"https:\/\/www.specialfabrikken.dk\/?post_type=product&#038;p=71417"},"modified":"2026-04-06T19:00:37","modified_gmt":"2026-04-06T17:00:37","slug":"elementstoette-ex505","status":"publish","type":"product","link":"https:\/\/www.specialfabrikken.dk\/en\/vare\/elementstoette-ex505\/","title":{"rendered":"Elementst\u00f8tte EX505"},"content":{"rendered":"","protected":false},"excerpt":{"rendered":"<p>Short description:<\/p>\n<ul>\n<li>L: 2,85 &#8211; 5,05 m.<\/li>\n<li>Fremstillet i rundt r\u00f8r.<\/li>\n<li>Varmgalvaniseret<\/li>\n<\/ul>","protected":false},"featured_media":2671,"comment_status":"open","ping_status":"closed","template":"","meta":{"_acf_changed":false,"_et_pb_use_builder":"","_et_pb_old_content":"","_et_gb_content_width":""},"product_brand":[],"product_cat":[90],"product_tag":[171],"class_list":{"0":"post-71417","1":"product","2":"type-product","3":"status-publish","4":"has-post-thumbnail","6":"product_cat-sikringsudstyr","7":"product_tag-sikringsudstyr","8":"product_shipping_class-stor","10":"first","11":"instock","12":"taxable","13":"shipping-taxable","14":"purchasable","15":"product-type-simple"},"acf":[],"yoast_head":"<!-- This site is optimized with the Yoast SEO plugin v27.4 - https:\/\/yoast.com\/product\/yoast-seo-wordpress\/ -->\n<title>Sikringsbeslag til Plane Flader - Sikkerhed p\u00e5 Byggepladsen<\/title>\n<meta name=\"description\" content=\"Vores Sikringsbeslag til Plane Flader er designet til at fastg\u00f8re sikringsudstyr sikkert p\u00e5 flade overflader, hvilket skaber et sikkert arbejdsmilj\u00f8 p\u00e5 din byggeplads. De er lette at montere og bruge, hvilket g\u00f8r dem til en p\u00e5lidelig l\u00f8sning for optimal sikkerhed.\" \/>\n<meta name=\"robots\" content=\"index, follow, max-snippet:-1, max-image-preview:large, max-video-preview:-1\" \/>\n<link rel=\"canonical\" href=\"https:\/\/www.specialfabrikken.dk\/en\/product-2\/elementstoette-ex505\/\" \/>\n<meta property=\"og:locale\" content=\"en_US\" \/>\n<meta property=\"og:type\" content=\"article\" \/>\n<meta property=\"og:title\" content=\"Sikringsbeslag til Plane Flader - Sikkerhed p\u00e5 Byggepladsen\" \/>\n<meta property=\"og:description\" content=\"Vores Sikringsbeslag til Plane Flader er designet til at fastg\u00f8re sikringsudstyr sikkert p\u00e5 flade overflader, hvilket skaber et sikkert arbejdsmilj\u00f8 p\u00e5 din byggeplads. De er lette at montere og bruge, hvilket g\u00f8r dem til en p\u00e5lidelig l\u00f8sning for optimal sikkerhed.\" \/>\n<meta property=\"og:url\" content=\"https:\/\/www.specialfabrikken.dk\/en\/product-2\/elementstoette-ex505\/\" \/>\n<meta property=\"og:site_name\" content=\"Specialfabrikken\" \/>\n<meta property=\"article:modified_time\" content=\"2026-04-06T17:00:37+00:00\" \/>\n<meta property=\"og:image\" content=\"https:\/\/www.specialfabrikken.dk\/wp-content\/uploads\/2020\/04\/elementstotte_expan.png\" \/>\n\t<meta property=\"og:image:width\" content=\"806\" \/>\n\t<meta property=\"og:image:height\" content=\"3381\" \/>\n\t<meta property=\"og:image:type\" content=\"image\/png\" \/>\n<meta name=\"twitter:card\" content=\"summary_large_image\" \/>\n<script type=\"application\/ld+json\" class=\"yoast-schema-graph\">{\"@context\":\"https:\\\/\\\/schema.org\",\"@graph\":[{\"@type\":\"WebPage\",\"@id\":\"https:\\\/\\\/www.specialfabrikken.dk\\\/vare\\\/elementstoette-ex505\\\/\",\"url\":\"https:\\\/\\\/www.specialfabrikken.dk\\\/vare\\\/elementstoette-ex505\\\/\",\"name\":\"Sikringsbeslag til Plane Flader - Sikkerhed p\u00e5 Byggepladsen\",\"isPartOf\":{\"@id\":\"https:\\\/\\\/www.specialfabrikken.dk\\\/#website\"},\"primaryImageOfPage\":{\"@id\":\"https:\\\/\\\/www.specialfabrikken.dk\\\/vare\\\/elementstoette-ex505\\\/#primaryimage\"},\"image\":{\"@id\":\"https:\\\/\\\/www.specialfabrikken.dk\\\/vare\\\/elementstoette-ex505\\\/#primaryimage\"},\"thumbnailUrl\":\"https:\\\/\\\/www.specialfabrikken.dk\\\/wp-content\\\/uploads\\\/2020\\\/04\\\/elementstotte_expan.png\",\"datePublished\":\"2023-10-11T08:57:48+00:00\",\"dateModified\":\"2026-04-06T17:00:37+00:00\",\"description\":\"Vores Sikringsbeslag til Plane Flader er designet til at fastg\u00f8re sikringsudstyr sikkert p\u00e5 flade overflader, hvilket skaber et sikkert arbejdsmilj\u00f8 p\u00e5 din byggeplads. De er lette at montere og bruge, hvilket g\u00f8r dem til en p\u00e5lidelig l\u00f8sning for optimal sikkerhed.\",\"breadcrumb\":{\"@id\":\"https:\\\/\\\/www.specialfabrikken.dk\\\/vare\\\/elementstoette-ex505\\\/#breadcrumb\"},\"inLanguage\":\"en-US\",\"potentialAction\":[{\"@type\":\"ReadAction\",\"target\":[\"https:\\\/\\\/www.specialfabrikken.dk\\\/vare\\\/elementstoette-ex505\\\/\"]}]},{\"@type\":\"ImageObject\",\"inLanguage\":\"en-US\",\"@id\":\"https:\\\/\\\/www.specialfabrikken.dk\\\/vare\\\/elementstoette-ex505\\\/#primaryimage\",\"url\":\"https:\\\/\\\/www.specialfabrikken.dk\\\/wp-content\\\/uploads\\\/2020\\\/04\\\/elementstotte_expan.png\",\"contentUrl\":\"https:\\\/\\\/www.specialfabrikken.dk\\\/wp-content\\\/uploads\\\/2020\\\/04\\\/elementstotte_expan.png\",\"width\":806,\"height\":3381,\"caption\":\"elementst\u00f8tte expand, sikringsudstyr\"},{\"@type\":\"BreadcrumbList\",\"@id\":\"https:\\\/\\\/www.specialfabrikken.dk\\\/vare\\\/elementstoette-ex505\\\/#breadcrumb\",\"itemListElement\":[{\"@type\":\"ListItem\",\"position\":1,\"name\":\"Forside\",\"item\":\"https:\\\/\\\/www.specialfabrikken.dk\\\/\"},{\"@type\":\"ListItem\",\"position\":2,\"name\":\"Shop\",\"item\":\"https:\\\/\\\/www.specialfabrikken.dk\\\/shop\\\/\"},{\"@type\":\"ListItem\",\"position\":3,\"name\":\"Elementst\u00f8tte EX505\"}]},{\"@type\":\"WebSite\",\"@id\":\"https:\\\/\\\/www.specialfabrikken.dk\\\/#website\",\"url\":\"https:\\\/\\\/www.specialfabrikken.dk\\\/\",\"name\":\"Specialfabrikken\",\"description\":\"Specialfabrikken\",\"potentialAction\":[{\"@type\":\"SearchAction\",\"target\":{\"@type\":\"EntryPoint\",\"urlTemplate\":\"https:\\\/\\\/www.specialfabrikken.dk\\\/?s={search_term_string}\"},\"query-input\":{\"@type\":\"PropertyValueSpecification\",\"valueRequired\":true,\"valueName\":\"search_term_string\"}}],\"inLanguage\":\"en-US\"}]}<\/script>\n<!-- \/ Yoast SEO plugin. -->","yoast_head_json":{"title":"Sikringsbeslag til Plane Flader - Sikkerhed p\u00e5 Byggepladsen","description":"Vores Sikringsbeslag til Plane Flader er designet til at fastg\u00f8re sikringsudstyr sikkert p\u00e5 flade overflader, hvilket skaber et sikkert arbejdsmilj\u00f8 p\u00e5 din byggeplads. De er lette at montere og bruge, hvilket g\u00f8r dem til en p\u00e5lidelig l\u00f8sning for optimal sikkerhed.","robots":{"index":"index","follow":"follow","max-snippet":"max-snippet:-1","max-image-preview":"max-image-preview:large","max-video-preview":"max-video-preview:-1"},"canonical":"https:\/\/www.specialfabrikken.dk\/en\/product-2\/elementstoette-ex505\/","og_locale":"en_US","og_type":"article","og_title":"Sikringsbeslag til Plane Flader - Sikkerhed p\u00e5 Byggepladsen","og_description":"Vores Sikringsbeslag til Plane Flader er designet til at fastg\u00f8re sikringsudstyr sikkert p\u00e5 flade overflader, hvilket skaber et sikkert arbejdsmilj\u00f8 p\u00e5 din byggeplads. De er lette at montere og bruge, hvilket g\u00f8r dem til en p\u00e5lidelig l\u00f8sning for optimal sikkerhed.","og_url":"https:\/\/www.specialfabrikken.dk\/en\/product-2\/elementstoette-ex505\/","og_site_name":"Specialfabrikken","article_modified_time":"2026-04-06T17:00:37+00:00","og_image":[{"width":806,"height":3381,"url":"https:\/\/www.specialfabrikken.dk\/wp-content\/uploads\/2020\/04\/elementstotte_expan.png","type":"image\/png"}],"twitter_card":"summary_large_image","schema":{"@context":"https:\/\/schema.org","@graph":[{"@type":"WebPage","@id":"https:\/\/www.specialfabrikken.dk\/vare\/elementstoette-ex505\/","url":"https:\/\/www.specialfabrikken.dk\/vare\/elementstoette-ex505\/","name":"Sikringsbeslag til Plane Flader - Sikkerhed p\u00e5 Byggepladsen","isPartOf":{"@id":"https:\/\/www.specialfabrikken.dk\/#website"},"primaryImageOfPage":{"@id":"https:\/\/www.specialfabrikken.dk\/vare\/elementstoette-ex505\/#primaryimage"},"image":{"@id":"https:\/\/www.specialfabrikken.dk\/vare\/elementstoette-ex505\/#primaryimage"},"thumbnailUrl":"https:\/\/www.specialfabrikken.dk\/wp-content\/uploads\/2020\/04\/elementstotte_expan.png","datePublished":"2023-10-11T08:57:48+00:00","dateModified":"2026-04-06T17:00:37+00:00","description":"Vores Sikringsbeslag til Plane Flader er designet til at fastg\u00f8re sikringsudstyr sikkert p\u00e5 flade overflader, hvilket skaber et sikkert arbejdsmilj\u00f8 p\u00e5 din byggeplads. De er lette at montere og bruge, hvilket g\u00f8r dem til en p\u00e5lidelig l\u00f8sning for optimal sikkerhed.","breadcrumb":{"@id":"https:\/\/www.specialfabrikken.dk\/vare\/elementstoette-ex505\/#breadcrumb"},"inLanguage":"en-US","potentialAction":[{"@type":"ReadAction","target":["https:\/\/www.specialfabrikken.dk\/vare\/elementstoette-ex505\/"]}]},{"@type":"ImageObject","inLanguage":"en-US","@id":"https:\/\/www.specialfabrikken.dk\/vare\/elementstoette-ex505\/#primaryimage","url":"https:\/\/www.specialfabrikken.dk\/wp-content\/uploads\/2020\/04\/elementstotte_expan.png","contentUrl":"https:\/\/www.specialfabrikken.dk\/wp-content\/uploads\/2020\/04\/elementstotte_expan.png","width":806,"height":3381,"caption":"elementst\u00f8tte expand, sikringsudstyr"},{"@type":"BreadcrumbList","@id":"https:\/\/www.specialfabrikken.dk\/vare\/elementstoette-ex505\/#breadcrumb","itemListElement":[{"@type":"ListItem","position":1,"name":"Forside","item":"https:\/\/www.specialfabrikken.dk\/"},{"@type":"ListItem","position":2,"name":"Shop","item":"https:\/\/www.specialfabrikken.dk\/shop\/"},{"@type":"ListItem","position":3,"name":"Elementst\u00f8tte EX505"}]},{"@type":"WebSite","@id":"https:\/\/www.specialfabrikken.dk\/#website","url":"https:\/\/www.specialfabrikken.dk\/","name":"Specialfabrikken","description":"Specialfabrikken","potentialAction":[{"@type":"SearchAction","target":{"@type":"EntryPoint","urlTemplate":"https:\/\/www.specialfabrikken.dk\/?s={search_term_string}"},"query-input":{"@type":"PropertyValueSpecification","valueRequired":true,"valueName":"search_term_string"}}],"inLanguage":"en-US"}]}},"_links":{"self":[{"href":"https:\/\/www.specialfabrikken.dk\/en\/wp-json\/wp\/v2\/product\/71417","targetHints":{"allow":["GET"]}}],"collection":[{"href":"https:\/\/www.specialfabrikken.dk\/en\/wp-json\/wp\/v2\/product"}],"about":[{"href":"https:\/\/www.specialfabrikken.dk\/en\/wp-json\/wp\/v2\/types\/product"}],"replies":[{"embeddable":true,"href":"https:\/\/www.specialfabrikken.dk\/en\/wp-json\/wp\/v2\/comments?post=71417"}],"wp:featuredmedia":[{"embeddable":true,"href":"https:\/\/www.specialfabrikken.dk\/en\/wp-json\/wp\/v2\/media\/2671"}],"wp:attachment":[{"href":"https:\/\/www.specialfabrikken.dk\/en\/wp-json\/wp\/v2\/media?parent=71417"}],"wp:term":[{"taxonomy":"product_brand","embeddable":true,"href":"https:\/\/www.specialfabrikken.dk\/en\/wp-json\/wp\/v2\/product_brand?post=71417"},{"taxonomy":"product_cat","embeddable":true,"href":"https:\/\/www.specialfabrikken.dk\/en\/wp-json\/wp\/v2\/product_cat?post=71417"},{"taxonomy":"product_tag","embeddable":true,"href":"https:\/\/www.specialfabrikken.dk\/en\/wp-json\/wp\/v2\/product_tag?post=71417"}],"curies":[{"name":"wp","href":"https:\/\/api.w.org\/{rel}","templated":true}]}}