{"id":71420,"date":"2023-10-11T09:13:12","date_gmt":"2023-10-11T09:13:12","guid":{"rendered":"https:\/\/www.specialfabrikken.dk\/?post_type=product&#038;p=71420"},"modified":"2026-02-11T08:27:54","modified_gmt":"2026-02-11T07:27:54","slug":"daeksgelaenderroer-m-flexbeslag-350-mm","status":"publish","type":"product","link":"https:\/\/www.specialfabrikken.dk\/en\/vare\/daeksgelaenderroer-m-flexbeslag-350-mm\/","title":{"rendered":"D\u00e6ksgel\u00e6nderr\u00f8r m\/ Flexbeslag 350 mm."},"content":{"rendered":"<p>D\u00e6ksgel\u00e6nderr\u00f8r m\/ Flexbeslag 650 mm. komplet flexbeslag med gel\u00e6nderr\u00f8r, fodsparkholder.<\/p>\n<p>Maks. afstand mellem beslag er 2,25 m.<\/p>","protected":false},"excerpt":{"rendered":"<p><strong>Short description:<\/strong><\/p>\n<ul>\n<li>Kan justeres 350 mm.<\/li>\n<li>Anvendes til gavle, facader, v\u00e6gge mm.<\/li>\n<li>Som h\u00e5nd- og kn\u00e6liste samt fodspark anvendes tr\u00e6.<\/li>\n<li>S\u00e6t best\u00e5ende af Flexbeslag og gel\u00e6nderr\u00f8r.<\/li>\n<li>Maksimalt 2,25 m. i mellem beslagene<\/li>\n<\/ul>","protected":false},"featured_media":2443,"comment_status":"open","ping_status":"closed","template":"","meta":{"_acf_changed":false,"_et_pb_use_builder":"","_et_pb_old_content":"","_et_gb_content_width":""},"product_brand":[],"product_cat":[90],"product_tag":[171],"class_list":{"0":"post-71420","1":"product","2":"type-product","3":"status-publish","4":"has-post-thumbnail","6":"product_cat-sikringsudstyr","7":"product_tag-sikringsudstyr","8":"product_shipping_class-stor","10":"first","11":"instock","12":"taxable","13":"shipping-taxable","14":"purchasable","15":"product-type-woosb"},"acf":[],"yoast_head":"<!-- This site is optimized with the Yoast SEO plugin v27.4 - https:\/\/yoast.com\/product\/yoast-seo-wordpress\/ -->\n<title>D\u00e6ksgel\u00e6nderr\u00f8r m\/ Flexbeslag 350 mm. - Specialfabrikken<\/title>\n<meta name=\"description\" content=\"D\u00e6ksgel\u00e6nderr\u00f8r m\/ Flexbeslag 350 mm.\" \/>\n<meta name=\"robots\" content=\"index, follow, max-snippet:-1, max-image-preview:large, max-video-preview:-1\" \/>\n<link rel=\"canonical\" href=\"https:\/\/www.specialfabrikken.dk\/en\/product-2\/daeksgelaenderroer-m-flexbeslag-350-mm\/\" \/>\n<meta property=\"og:locale\" content=\"en_US\" \/>\n<meta property=\"og:type\" content=\"article\" \/>\n<meta property=\"og:title\" content=\"D\u00e6ksgel\u00e6nderr\u00f8r m\/ Flexbeslag 350 mm. - Specialfabrikken\" \/>\n<meta property=\"og:description\" content=\"D\u00e6ksgel\u00e6nderr\u00f8r m\/ Flexbeslag 350 mm.\" \/>\n<meta property=\"og:url\" content=\"https:\/\/www.specialfabrikken.dk\/en\/product-2\/daeksgelaenderroer-m-flexbeslag-350-mm\/\" \/>\n<meta property=\"og:site_name\" content=\"Specialfabrikken\" \/>\n<meta property=\"article:modified_time\" content=\"2026-02-11T07:27:54+00:00\" \/>\n<meta property=\"og:image\" content=\"https:\/\/www.specialfabrikken.dk\/wp-content\/uploads\/2020\/04\/D\u00e6kgel\u00e6nderr\u00f8r-med-flex-beslag.png\" \/>\n\t<meta property=\"og:image:width\" content=\"881\" \/>\n\t<meta property=\"og:image:height\" content=\"2818\" \/>\n\t<meta property=\"og:image:type\" content=\"image\/png\" \/>\n<meta name=\"twitter:card\" content=\"summary_large_image\" \/>\n<meta name=\"twitter:label1\" content=\"Est. reading time\" \/>\n\t<meta name=\"twitter:data1\" content=\"1 minute\" \/>\n<script type=\"application\/ld+json\" class=\"yoast-schema-graph\">{\"@context\":\"https:\\\/\\\/schema.org\",\"@graph\":[{\"@type\":\"WebPage\",\"@id\":\"https:\\\/\\\/www.specialfabrikken.dk\\\/vare\\\/daeksgelaenderroer-m-flexbeslag-350-mm\\\/\",\"url\":\"https:\\\/\\\/www.specialfabrikken.dk\\\/vare\\\/daeksgelaenderroer-m-flexbeslag-350-mm\\\/\",\"name\":\"D\u00e6ksgel\u00e6nderr\u00f8r m\\\/ Flexbeslag 350 mm. - Specialfabrikken\",\"isPartOf\":{\"@id\":\"https:\\\/\\\/www.specialfabrikken.dk\\\/#website\"},\"primaryImageOfPage\":{\"@id\":\"https:\\\/\\\/www.specialfabrikken.dk\\\/vare\\\/daeksgelaenderroer-m-flexbeslag-350-mm\\\/#primaryimage\"},\"image\":{\"@id\":\"https:\\\/\\\/www.specialfabrikken.dk\\\/vare\\\/daeksgelaenderroer-m-flexbeslag-350-mm\\\/#primaryimage\"},\"thumbnailUrl\":\"https:\\\/\\\/www.specialfabrikken.dk\\\/wp-content\\\/uploads\\\/2020\\\/04\\\/D\u00e6kgel\u00e6nderr\u00f8r-med-flex-beslag.png\",\"datePublished\":\"2023-10-11T09:13:12+00:00\",\"dateModified\":\"2026-02-11T07:27:54+00:00\",\"description\":\"D\u00e6ksgel\u00e6nderr\u00f8r m\\\/ Flexbeslag 350 mm.\",\"breadcrumb\":{\"@id\":\"https:\\\/\\\/www.specialfabrikken.dk\\\/vare\\\/daeksgelaenderroer-m-flexbeslag-350-mm\\\/#breadcrumb\"},\"inLanguage\":\"en-US\",\"potentialAction\":[{\"@type\":\"ReadAction\",\"target\":[\"https:\\\/\\\/www.specialfabrikken.dk\\\/vare\\\/daeksgelaenderroer-m-flexbeslag-350-mm\\\/\"]}]},{\"@type\":\"ImageObject\",\"inLanguage\":\"en-US\",\"@id\":\"https:\\\/\\\/www.specialfabrikken.dk\\\/vare\\\/daeksgelaenderroer-m-flexbeslag-350-mm\\\/#primaryimage\",\"url\":\"https:\\\/\\\/www.specialfabrikken.dk\\\/wp-content\\\/uploads\\\/2020\\\/04\\\/D\u00e6kgel\u00e6nderr\u00f8r-med-flex-beslag.png\",\"contentUrl\":\"https:\\\/\\\/www.specialfabrikken.dk\\\/wp-content\\\/uploads\\\/2020\\\/04\\\/D\u00e6kgel\u00e6nderr\u00f8r-med-flex-beslag.png\",\"width\":881,\"height\":2818,\"caption\":\"d\u00e6kgel\u00e6nderr\u00f8r med flex beslag\"},{\"@type\":\"BreadcrumbList\",\"@id\":\"https:\\\/\\\/www.specialfabrikken.dk\\\/vare\\\/daeksgelaenderroer-m-flexbeslag-350-mm\\\/#breadcrumb\",\"itemListElement\":[{\"@type\":\"ListItem\",\"position\":1,\"name\":\"Forside\",\"item\":\"https:\\\/\\\/www.specialfabrikken.dk\\\/\"},{\"@type\":\"ListItem\",\"position\":2,\"name\":\"Shop\",\"item\":\"https:\\\/\\\/www.specialfabrikken.dk\\\/shop\\\/\"},{\"@type\":\"ListItem\",\"position\":3,\"name\":\"D\u00e6ksgel\u00e6nderr\u00f8r m\\\/ Flexbeslag 350 mm.\"}]},{\"@type\":\"WebSite\",\"@id\":\"https:\\\/\\\/www.specialfabrikken.dk\\\/#website\",\"url\":\"https:\\\/\\\/www.specialfabrikken.dk\\\/\",\"name\":\"Specialfabrikken\",\"description\":\"Specialfabrikken\",\"potentialAction\":[{\"@type\":\"SearchAction\",\"target\":{\"@type\":\"EntryPoint\",\"urlTemplate\":\"https:\\\/\\\/www.specialfabrikken.dk\\\/?s={search_term_string}\"},\"query-input\":{\"@type\":\"PropertyValueSpecification\",\"valueRequired\":true,\"valueName\":\"search_term_string\"}}],\"inLanguage\":\"en-US\"}]}<\/script>\n<!-- \/ Yoast SEO plugin. -->","yoast_head_json":{"title":"D\u00e6ksgel\u00e6nderr\u00f8r m\/ Flexbeslag 350 mm. - Specialfabrikken","description":"D\u00e6ksgel\u00e6nderr\u00f8r m\/ Flexbeslag 350 mm.","robots":{"index":"index","follow":"follow","max-snippet":"max-snippet:-1","max-image-preview":"max-image-preview:large","max-video-preview":"max-video-preview:-1"},"canonical":"https:\/\/www.specialfabrikken.dk\/en\/product-2\/daeksgelaenderroer-m-flexbeslag-350-mm\/","og_locale":"en_US","og_type":"article","og_title":"D\u00e6ksgel\u00e6nderr\u00f8r m\/ Flexbeslag 350 mm. - Specialfabrikken","og_description":"D\u00e6ksgel\u00e6nderr\u00f8r m\/ Flexbeslag 350 mm.","og_url":"https:\/\/www.specialfabrikken.dk\/en\/product-2\/daeksgelaenderroer-m-flexbeslag-350-mm\/","og_site_name":"Specialfabrikken","article_modified_time":"2026-02-11T07:27:54+00:00","og_image":[{"width":881,"height":2818,"url":"https:\/\/www.specialfabrikken.dk\/wp-content\/uploads\/2020\/04\/D\u00e6kgel\u00e6nderr\u00f8r-med-flex-beslag.png","type":"image\/png"}],"twitter_card":"summary_large_image","twitter_misc":{"Est. reading time":"1 minute"},"schema":{"@context":"https:\/\/schema.org","@graph":[{"@type":"WebPage","@id":"https:\/\/www.specialfabrikken.dk\/vare\/daeksgelaenderroer-m-flexbeslag-350-mm\/","url":"https:\/\/www.specialfabrikken.dk\/vare\/daeksgelaenderroer-m-flexbeslag-350-mm\/","name":"D\u00e6ksgel\u00e6nderr\u00f8r m\/ Flexbeslag 350 mm. - Specialfabrikken","isPartOf":{"@id":"https:\/\/www.specialfabrikken.dk\/#website"},"primaryImageOfPage":{"@id":"https:\/\/www.specialfabrikken.dk\/vare\/daeksgelaenderroer-m-flexbeslag-350-mm\/#primaryimage"},"image":{"@id":"https:\/\/www.specialfabrikken.dk\/vare\/daeksgelaenderroer-m-flexbeslag-350-mm\/#primaryimage"},"thumbnailUrl":"https:\/\/www.specialfabrikken.dk\/wp-content\/uploads\/2020\/04\/D\u00e6kgel\u00e6nderr\u00f8r-med-flex-beslag.png","datePublished":"2023-10-11T09:13:12+00:00","dateModified":"2026-02-11T07:27:54+00:00","description":"D\u00e6ksgel\u00e6nderr\u00f8r m\/ Flexbeslag 350 mm.","breadcrumb":{"@id":"https:\/\/www.specialfabrikken.dk\/vare\/daeksgelaenderroer-m-flexbeslag-350-mm\/#breadcrumb"},"inLanguage":"en-US","potentialAction":[{"@type":"ReadAction","target":["https:\/\/www.specialfabrikken.dk\/vare\/daeksgelaenderroer-m-flexbeslag-350-mm\/"]}]},{"@type":"ImageObject","inLanguage":"en-US","@id":"https:\/\/www.specialfabrikken.dk\/vare\/daeksgelaenderroer-m-flexbeslag-350-mm\/#primaryimage","url":"https:\/\/www.specialfabrikken.dk\/wp-content\/uploads\/2020\/04\/D\u00e6kgel\u00e6nderr\u00f8r-med-flex-beslag.png","contentUrl":"https:\/\/www.specialfabrikken.dk\/wp-content\/uploads\/2020\/04\/D\u00e6kgel\u00e6nderr\u00f8r-med-flex-beslag.png","width":881,"height":2818,"caption":"d\u00e6kgel\u00e6nderr\u00f8r med flex beslag"},{"@type":"BreadcrumbList","@id":"https:\/\/www.specialfabrikken.dk\/vare\/daeksgelaenderroer-m-flexbeslag-350-mm\/#breadcrumb","itemListElement":[{"@type":"ListItem","position":1,"name":"Forside","item":"https:\/\/www.specialfabrikken.dk\/"},{"@type":"ListItem","position":2,"name":"Shop","item":"https:\/\/www.specialfabrikken.dk\/shop\/"},{"@type":"ListItem","position":3,"name":"D\u00e6ksgel\u00e6nderr\u00f8r m\/ Flexbeslag 350 mm."}]},{"@type":"WebSite","@id":"https:\/\/www.specialfabrikken.dk\/#website","url":"https:\/\/www.specialfabrikken.dk\/","name":"Specialfabrikken","description":"Specialfabrikken","potentialAction":[{"@type":"SearchAction","target":{"@type":"EntryPoint","urlTemplate":"https:\/\/www.specialfabrikken.dk\/?s={search_term_string}"},"query-input":{"@type":"PropertyValueSpecification","valueRequired":true,"valueName":"search_term_string"}}],"inLanguage":"en-US"}]}},"_links":{"self":[{"href":"https:\/\/www.specialfabrikken.dk\/en\/wp-json\/wp\/v2\/product\/71420","targetHints":{"allow":["GET"]}}],"collection":[{"href":"https:\/\/www.specialfabrikken.dk\/en\/wp-json\/wp\/v2\/product"}],"about":[{"href":"https:\/\/www.specialfabrikken.dk\/en\/wp-json\/wp\/v2\/types\/product"}],"replies":[{"embeddable":true,"href":"https:\/\/www.specialfabrikken.dk\/en\/wp-json\/wp\/v2\/comments?post=71420"}],"wp:featuredmedia":[{"embeddable":true,"href":"https:\/\/www.specialfabrikken.dk\/en\/wp-json\/wp\/v2\/media\/2443"}],"wp:attachment":[{"href":"https:\/\/www.specialfabrikken.dk\/en\/wp-json\/wp\/v2\/media?parent=71420"}],"wp:term":[{"taxonomy":"product_brand","embeddable":true,"href":"https:\/\/www.specialfabrikken.dk\/en\/wp-json\/wp\/v2\/product_brand?post=71420"},{"taxonomy":"product_cat","embeddable":true,"href":"https:\/\/www.specialfabrikken.dk\/en\/wp-json\/wp\/v2\/product_cat?post=71420"},{"taxonomy":"product_tag","embeddable":true,"href":"https:\/\/www.specialfabrikken.dk\/en\/wp-json\/wp\/v2\/product_tag?post=71420"}],"curies":[{"name":"wp","href":"https:\/\/api.w.org\/{rel}","templated":true}]}}