{"id":71447,"date":"2023-10-11T10:35:28","date_gmt":"2023-10-11T10:35:28","guid":{"rendered":"https:\/\/www.specialfabrikken.dk\/?post_type=product&#038;p=71447"},"modified":"2026-05-13T14:14:40","modified_gmt":"2026-05-13T12:14:40","slug":"sikkerhedshegn-ex-3230-mm","status":"publish","type":"product","link":"https:\/\/www.specialfabrikken.dk\/en\/vare\/sikkerhedshegn-ex-3230-mm\/","title":{"rendered":"EX sikkerhedshegn 1016 x 3230 mm."},"content":{"rendered":"<p>Specialfabrikken Vinderup galvaniseret Sikkerhedshegn EX 3230 mm.<\/p>\n<p>Dette hegn i kombineres med flere af vores stilladstyper og kan derved opfylde kravene for tagsk\u00e6rm.<\/p>\n<p>Se hegnet i <a href=\"https:\/\/www.youtube.com\/watch?v=v_-r5jq4yds&amp;t=4s\" target=\"_blank\" rel=\"noopener\">denne video.<\/a><\/p>\n<p>Se vores manualer p\u00e5 hjemmesiden for yderligere info.<\/p>","protected":false},"excerpt":{"rendered":"<p>Short description:<\/p>\n<ul>\n<li>Godkendt til tagarbejde, n\u00e5r den h\u00e6nges p\u00e5 h\u00e5nd-\/kn\u00e6liste<\/li>\n<li>Med indbygget fodsparkholder.<\/li>\n<li>Kan benyttes med flere typer gel\u00e6nderr\u00f8r &#8211; her vist med EX gel\u00e6nderr\u00f8r &#8211; 1010 0184.<\/li>\n<li>Se hegnet i <a href=\"https:\/\/www.youtube.com\/watch?v=v_-r5jq4yds&amp;t=4s\" target=\"_blank\" rel=\"noopener\">denne video.<\/a><\/li>\n<li>F\u00e5s ogs\u00e5 i x2630 mm. <a href=\"https:\/\/www.specialfabrikken.dk\/en\/product-2\/sikkerhedshegn-ex-2630-mm-2\/\">Find den her<\/a><\/li>\n<\/ul>","protected":false},"featured_media":71446,"comment_status":"open","ping_status":"closed","template":"","meta":{"_acf_changed":false,"_et_pb_use_builder":"","_et_pb_old_content":"","_et_gb_content_width":""},"product_brand":[],"product_cat":[35,66,68,32,127,90,55,71],"product_tag":[172,112,48,171,178],"class_list":{"0":"post-71447","1":"product","2":"type-product","3":"status-publish","4":"has-post-thumbnail","6":"product_cat-alufacadestillads","7":"product_cat-bukkestillads","8":"product_cat-inddaekning","9":"product_cat-murerstillads","10":"product_cat-raekvaerk","11":"product_cat-sikringsudstyr","12":"product_cat-staal-facadestillads","13":"product_cat-tagarbejde","14":"product_tag-alu-facadestillads","15":"product_tag-bukkestillads","16":"product_tag-murerstillads","17":"product_tag-sikringsudstyr","18":"product_tag-staal-facadestillads","19":"product_shipping_class-stor","21":"first","22":"onbackorder","23":"taxable","24":"shipping-taxable","25":"purchasable","26":"product-type-simple"},"acf":[],"yoast_head":"<!-- This site is optimized with the Yoast SEO plugin v27.5 - https:\/\/yoast.com\/product\/yoast-seo-wordpress\/ -->\n<title>EX sikkerhedshegn 1016 x 3230 mm. - Specialfabrikken<\/title>\n<meta name=\"description\" content=\"Specialfabrikken Vinderup Sikkerhedshegn EX 3230 mm.Dette hegn i kombineres med flere af vores stilladstyper og kan derved opfylde kravene for tagsk\u00e6rm.\" \/>\n<meta name=\"robots\" content=\"index, follow, max-snippet:-1, max-image-preview:large, max-video-preview:-1\" \/>\n<link rel=\"canonical\" href=\"https:\/\/www.specialfabrikken.dk\/en\/product-2\/sikkerhedshegn-ex-3230-mm\/\" \/>\n<meta property=\"og:locale\" content=\"en_US\" \/>\n<meta property=\"og:type\" content=\"article\" \/>\n<meta property=\"og:title\" content=\"EX sikkerhedshegn 1016 x 3230 mm. - Specialfabrikken\" \/>\n<meta property=\"og:description\" content=\"Specialfabrikken Vinderup Sikkerhedshegn EX 3230 mm.Dette hegn i kombineres med flere af vores stilladstyper og kan derved opfylde kravene for tagsk\u00e6rm.\" \/>\n<meta property=\"og:url\" content=\"https:\/\/www.specialfabrikken.dk\/en\/product-2\/sikkerhedshegn-ex-3230-mm\/\" \/>\n<meta property=\"og:site_name\" content=\"Specialfabrikken\" \/>\n<meta property=\"article:modified_time\" content=\"2026-05-13T12:14:40+00:00\" \/>\n<meta property=\"og:image\" content=\"https:\/\/www.specialfabrikken.dk\/wp-content\/uploads\/2023\/10\/Sikkerhedshegn-002.png\" \/>\n\t<meta property=\"og:image:width\" content=\"2697\" \/>\n\t<meta property=\"og:image:height\" content=\"1419\" \/>\n\t<meta property=\"og:image:type\" content=\"image\/png\" \/>\n<meta name=\"twitter:card\" content=\"summary_large_image\" \/>\n<meta name=\"twitter:label1\" content=\"Est. reading time\" \/>\n\t<meta name=\"twitter:data1\" content=\"1 minute\" \/>\n<script type=\"application\/ld+json\" class=\"yoast-schema-graph\">{\"@context\":\"https:\\\/\\\/schema.org\",\"@graph\":[{\"@type\":\"WebPage\",\"@id\":\"https:\\\/\\\/www.specialfabrikken.dk\\\/vare\\\/sikkerhedshegn-ex-3230-mm\\\/\",\"url\":\"https:\\\/\\\/www.specialfabrikken.dk\\\/vare\\\/sikkerhedshegn-ex-3230-mm\\\/\",\"name\":\"EX sikkerhedshegn 1016 x 3230 mm. - Specialfabrikken\",\"isPartOf\":{\"@id\":\"https:\\\/\\\/www.specialfabrikken.dk\\\/#website\"},\"primaryImageOfPage\":{\"@id\":\"https:\\\/\\\/www.specialfabrikken.dk\\\/vare\\\/sikkerhedshegn-ex-3230-mm\\\/#primaryimage\"},\"image\":{\"@id\":\"https:\\\/\\\/www.specialfabrikken.dk\\\/vare\\\/sikkerhedshegn-ex-3230-mm\\\/#primaryimage\"},\"thumbnailUrl\":\"https:\\\/\\\/www.specialfabrikken.dk\\\/wp-content\\\/uploads\\\/2023\\\/10\\\/Sikkerhedshegn-002.png\",\"datePublished\":\"2023-10-11T10:35:28+00:00\",\"dateModified\":\"2026-05-13T12:14:40+00:00\",\"description\":\"Specialfabrikken Vinderup Sikkerhedshegn EX 3230 mm.Dette hegn i kombineres med flere af vores stilladstyper og kan derved opfylde kravene for tagsk\u00e6rm.\",\"breadcrumb\":{\"@id\":\"https:\\\/\\\/www.specialfabrikken.dk\\\/vare\\\/sikkerhedshegn-ex-3230-mm\\\/#breadcrumb\"},\"inLanguage\":\"en-US\",\"potentialAction\":[{\"@type\":\"ReadAction\",\"target\":[\"https:\\\/\\\/www.specialfabrikken.dk\\\/vare\\\/sikkerhedshegn-ex-3230-mm\\\/\"]}]},{\"@type\":\"ImageObject\",\"inLanguage\":\"en-US\",\"@id\":\"https:\\\/\\\/www.specialfabrikken.dk\\\/vare\\\/sikkerhedshegn-ex-3230-mm\\\/#primaryimage\",\"url\":\"https:\\\/\\\/www.specialfabrikken.dk\\\/wp-content\\\/uploads\\\/2023\\\/10\\\/Sikkerhedshegn-002.png\",\"contentUrl\":\"https:\\\/\\\/www.specialfabrikken.dk\\\/wp-content\\\/uploads\\\/2023\\\/10\\\/Sikkerhedshegn-002.png\",\"width\":2697,\"height\":1419},{\"@type\":\"BreadcrumbList\",\"@id\":\"https:\\\/\\\/www.specialfabrikken.dk\\\/vare\\\/sikkerhedshegn-ex-3230-mm\\\/#breadcrumb\",\"itemListElement\":[{\"@type\":\"ListItem\",\"position\":1,\"name\":\"Forside\",\"item\":\"https:\\\/\\\/www.specialfabrikken.dk\\\/\"},{\"@type\":\"ListItem\",\"position\":2,\"name\":\"Shop\",\"item\":\"https:\\\/\\\/www.specialfabrikken.dk\\\/shop\\\/\"},{\"@type\":\"ListItem\",\"position\":3,\"name\":\"EX sikkerhedshegn 1016 x 3230 mm.\"}]},{\"@type\":\"WebSite\",\"@id\":\"https:\\\/\\\/www.specialfabrikken.dk\\\/#website\",\"url\":\"https:\\\/\\\/www.specialfabrikken.dk\\\/\",\"name\":\"Specialfabrikken\",\"description\":\"Specialfabrikken\",\"potentialAction\":[{\"@type\":\"SearchAction\",\"target\":{\"@type\":\"EntryPoint\",\"urlTemplate\":\"https:\\\/\\\/www.specialfabrikken.dk\\\/?s={search_term_string}\"},\"query-input\":{\"@type\":\"PropertyValueSpecification\",\"valueRequired\":true,\"valueName\":\"search_term_string\"}}],\"inLanguage\":\"en-US\"}]}<\/script>\n<!-- \/ Yoast SEO plugin. -->","yoast_head_json":{"title":"EX sikkerhedshegn 1016 x 3230 mm. - Specialfabrikken","description":"Specialfabrikken Vinderup Sikkerhedshegn EX 3230 mm.Dette hegn i kombineres med flere af vores stilladstyper og kan derved opfylde kravene for tagsk\u00e6rm.","robots":{"index":"index","follow":"follow","max-snippet":"max-snippet:-1","max-image-preview":"max-image-preview:large","max-video-preview":"max-video-preview:-1"},"canonical":"https:\/\/www.specialfabrikken.dk\/en\/product-2\/sikkerhedshegn-ex-3230-mm\/","og_locale":"en_US","og_type":"article","og_title":"EX sikkerhedshegn 1016 x 3230 mm. - Specialfabrikken","og_description":"Specialfabrikken Vinderup Sikkerhedshegn EX 3230 mm.Dette hegn i kombineres med flere af vores stilladstyper og kan derved opfylde kravene for tagsk\u00e6rm.","og_url":"https:\/\/www.specialfabrikken.dk\/en\/product-2\/sikkerhedshegn-ex-3230-mm\/","og_site_name":"Specialfabrikken","article_modified_time":"2026-05-13T12:14:40+00:00","og_image":[{"width":2697,"height":1419,"url":"https:\/\/www.specialfabrikken.dk\/wp-content\/uploads\/2023\/10\/Sikkerhedshegn-002.png","type":"image\/png"}],"twitter_card":"summary_large_image","twitter_misc":{"Est. reading time":"1 minute"},"schema":{"@context":"https:\/\/schema.org","@graph":[{"@type":"WebPage","@id":"https:\/\/www.specialfabrikken.dk\/vare\/sikkerhedshegn-ex-3230-mm\/","url":"https:\/\/www.specialfabrikken.dk\/vare\/sikkerhedshegn-ex-3230-mm\/","name":"EX sikkerhedshegn 1016 x 3230 mm. - Specialfabrikken","isPartOf":{"@id":"https:\/\/www.specialfabrikken.dk\/#website"},"primaryImageOfPage":{"@id":"https:\/\/www.specialfabrikken.dk\/vare\/sikkerhedshegn-ex-3230-mm\/#primaryimage"},"image":{"@id":"https:\/\/www.specialfabrikken.dk\/vare\/sikkerhedshegn-ex-3230-mm\/#primaryimage"},"thumbnailUrl":"https:\/\/www.specialfabrikken.dk\/wp-content\/uploads\/2023\/10\/Sikkerhedshegn-002.png","datePublished":"2023-10-11T10:35:28+00:00","dateModified":"2026-05-13T12:14:40+00:00","description":"Specialfabrikken Vinderup Sikkerhedshegn EX 3230 mm.Dette hegn i kombineres med flere af vores stilladstyper og kan derved opfylde kravene for tagsk\u00e6rm.","breadcrumb":{"@id":"https:\/\/www.specialfabrikken.dk\/vare\/sikkerhedshegn-ex-3230-mm\/#breadcrumb"},"inLanguage":"en-US","potentialAction":[{"@type":"ReadAction","target":["https:\/\/www.specialfabrikken.dk\/vare\/sikkerhedshegn-ex-3230-mm\/"]}]},{"@type":"ImageObject","inLanguage":"en-US","@id":"https:\/\/www.specialfabrikken.dk\/vare\/sikkerhedshegn-ex-3230-mm\/#primaryimage","url":"https:\/\/www.specialfabrikken.dk\/wp-content\/uploads\/2023\/10\/Sikkerhedshegn-002.png","contentUrl":"https:\/\/www.specialfabrikken.dk\/wp-content\/uploads\/2023\/10\/Sikkerhedshegn-002.png","width":2697,"height":1419},{"@type":"BreadcrumbList","@id":"https:\/\/www.specialfabrikken.dk\/vare\/sikkerhedshegn-ex-3230-mm\/#breadcrumb","itemListElement":[{"@type":"ListItem","position":1,"name":"Forside","item":"https:\/\/www.specialfabrikken.dk\/"},{"@type":"ListItem","position":2,"name":"Shop","item":"https:\/\/www.specialfabrikken.dk\/shop\/"},{"@type":"ListItem","position":3,"name":"EX sikkerhedshegn 1016 x 3230 mm."}]},{"@type":"WebSite","@id":"https:\/\/www.specialfabrikken.dk\/#website","url":"https:\/\/www.specialfabrikken.dk\/","name":"Specialfabrikken","description":"Specialfabrikken","potentialAction":[{"@type":"SearchAction","target":{"@type":"EntryPoint","urlTemplate":"https:\/\/www.specialfabrikken.dk\/?s={search_term_string}"},"query-input":{"@type":"PropertyValueSpecification","valueRequired":true,"valueName":"search_term_string"}}],"inLanguage":"en-US"}]}},"_links":{"self":[{"href":"https:\/\/www.specialfabrikken.dk\/en\/wp-json\/wp\/v2\/product\/71447","targetHints":{"allow":["GET"]}}],"collection":[{"href":"https:\/\/www.specialfabrikken.dk\/en\/wp-json\/wp\/v2\/product"}],"about":[{"href":"https:\/\/www.specialfabrikken.dk\/en\/wp-json\/wp\/v2\/types\/product"}],"replies":[{"embeddable":true,"href":"https:\/\/www.specialfabrikken.dk\/en\/wp-json\/wp\/v2\/comments?post=71447"}],"wp:featuredmedia":[{"embeddable":true,"href":"https:\/\/www.specialfabrikken.dk\/en\/wp-json\/wp\/v2\/media\/71446"}],"wp:attachment":[{"href":"https:\/\/www.specialfabrikken.dk\/en\/wp-json\/wp\/v2\/media?parent=71447"}],"wp:term":[{"taxonomy":"product_brand","embeddable":true,"href":"https:\/\/www.specialfabrikken.dk\/en\/wp-json\/wp\/v2\/product_brand?post=71447"},{"taxonomy":"product_cat","embeddable":true,"href":"https:\/\/www.specialfabrikken.dk\/en\/wp-json\/wp\/v2\/product_cat?post=71447"},{"taxonomy":"product_tag","embeddable":true,"href":"https:\/\/www.specialfabrikken.dk\/en\/wp-json\/wp\/v2\/product_tag?post=71447"}],"curies":[{"name":"wp","href":"https:\/\/api.w.org\/{rel}","templated":true}]}}