{"id":71562,"date":"2023-10-26T11:42:13","date_gmt":"2023-10-26T11:42:13","guid":{"rendered":"https:\/\/www.specialfabrikken.dk\/?post_type=product&#038;p=71562"},"modified":"2025-11-07T10:14:50","modified_gmt":"2025-11-07T10:14:50","slug":"stropper-model-1","status":"publish","type":"product","link":"https:\/\/www.specialfabrikken.dk\/en\/vare\/stropper-model-1\/","title":{"rendered":"Stropper Model 1"},"content":{"rendered":"<h1><strong>Stropper &#8211; den optimale l\u00f8sning til din stilladspresenning<\/strong><\/h1>\n<p>Arbejder du ofte med stilladspresenninger og leder efter en sikker og effektiv m\u00e5de at fastg\u00f8re dem p\u00e5? Vores stropper er designet pr\u00e6cis til dette form\u00e5l og passer perfekt til din stilladspresenning.<\/p>\n<p><strong>Funktioner:<\/strong><\/p>\n<ul>\n<li>Specielt designet til brug med stilladspresenninger<\/li>\n<li>Sikrer en stabil og holdbar fastg\u00f8relse<\/li>\n<li>Let at bruge og installere<\/li>\n<li>H\u00f8j kvalitet, skabt med den professionelle h\u00e5ndv\u00e6rker i tankerne<\/li>\n<\/ul>\n<p>Med vores stropper kan du nemt og sikkert fastg\u00f8re din stilladspresenning, s\u00e5 du kan fokusere p\u00e5 det, der virkelig t\u00e6ller: dit h\u00e5ndv\u00e6rk.<\/p>","protected":false},"excerpt":{"rendered":"<p>Short description:<\/p>\n<ul>\n<li>Passer til <a href=\"https:\/\/www.specialfabrikken.dk\/en\/product-2\/stilladspresenning\/\">Stilladspresenning<\/a><\/li>\n<li>100 stk. pr. pose<\/li>\n<\/ul>\n<p>&nbsp;<\/p>","protected":false},"featured_media":2568,"comment_status":"open","ping_status":"closed","template":"","meta":{"_acf_changed":false,"_et_pb_use_builder":"","_et_pb_old_content":"","_et_gb_content_width":""},"product_brand":[],"product_cat":[35,68,32,55,31],"product_tag":[172,48,178,40],"class_list":{"0":"post-71562","1":"product","2":"type-product","3":"status-publish","4":"has-post-thumbnail","6":"product_cat-alufacadestillads","7":"product_cat-inddaekning","8":"product_cat-murerstillads","9":"product_cat-staal-facadestillads","10":"product_cat-stillads","11":"product_tag-alu-facadestillads","12":"product_tag-murerstillads","13":"product_tag-staal-facadestillads","14":"product_tag-stropper","15":"product_shipping_class-smaa","17":"first","18":"instock","19":"taxable","20":"shipping-taxable","21":"purchasable","22":"product-type-simple"},"acf":[],"yoast_head":"<!-- This site is optimized with the Yoast SEO plugin v27.5 - https:\/\/yoast.com\/product\/yoast-seo-wordpress\/ -->\n<title>Stropper til Stilladspresenning - Fastg\u00f8r som en Professionel<\/title>\n<meta name=\"description\" content=\"Sikker og p\u00e5lidelig fastg\u00f8relse af din stilladspresenning med vores specialdesignede stropper. Ideel til den professionelle h\u00e5ndv\u00e6rker, der kr\u00e6ver det bedste.\" \/>\n<meta name=\"robots\" content=\"index, follow, max-snippet:-1, max-image-preview:large, max-video-preview:-1\" \/>\n<link rel=\"canonical\" href=\"https:\/\/www.specialfabrikken.dk\/en\/product-2\/stropper-model-1\/\" \/>\n<meta property=\"og:locale\" content=\"en_US\" \/>\n<meta property=\"og:type\" content=\"article\" \/>\n<meta property=\"og:title\" content=\"Stropper til Stilladspresenning - Fastg\u00f8r som en Professionel\" \/>\n<meta property=\"og:description\" content=\"Sikker og p\u00e5lidelig fastg\u00f8relse af din stilladspresenning med vores specialdesignede stropper. Ideel til den professionelle h\u00e5ndv\u00e6rker, der kr\u00e6ver det bedste.\" \/>\n<meta property=\"og:url\" content=\"https:\/\/www.specialfabrikken.dk\/en\/product-2\/stropper-model-1\/\" \/>\n<meta property=\"og:site_name\" content=\"Specialfabrikken\" \/>\n<meta property=\"article:modified_time\" content=\"2025-11-07T10:14:50+00:00\" \/>\n<meta property=\"og:image\" content=\"https:\/\/www.specialfabrikken.dk\/wp-content\/uploads\/2020\/04\/strop1.jpg\" \/>\n\t<meta property=\"og:image:width\" content=\"842\" \/>\n\t<meta property=\"og:image:height\" content=\"540\" \/>\n\t<meta property=\"og:image:type\" content=\"image\/jpeg\" \/>\n<meta name=\"twitter:card\" content=\"summary_large_image\" \/>\n<meta name=\"twitter:label1\" content=\"Est. reading time\" \/>\n\t<meta name=\"twitter:data1\" content=\"1 minute\" \/>\n<script type=\"application\/ld+json\" class=\"yoast-schema-graph\">{\"@context\":\"https:\\\/\\\/schema.org\",\"@graph\":[{\"@type\":\"WebPage\",\"@id\":\"https:\\\/\\\/www.specialfabrikken.dk\\\/vare\\\/stropper-model-1\\\/\",\"url\":\"https:\\\/\\\/www.specialfabrikken.dk\\\/vare\\\/stropper-model-1\\\/\",\"name\":\"Stropper til Stilladspresenning - Fastg\u00f8r som en Professionel\",\"isPartOf\":{\"@id\":\"https:\\\/\\\/www.specialfabrikken.dk\\\/#website\"},\"primaryImageOfPage\":{\"@id\":\"https:\\\/\\\/www.specialfabrikken.dk\\\/vare\\\/stropper-model-1\\\/#primaryimage\"},\"image\":{\"@id\":\"https:\\\/\\\/www.specialfabrikken.dk\\\/vare\\\/stropper-model-1\\\/#primaryimage\"},\"thumbnailUrl\":\"https:\\\/\\\/www.specialfabrikken.dk\\\/wp-content\\\/uploads\\\/2020\\\/04\\\/strop1.jpg\",\"datePublished\":\"2023-10-26T11:42:13+00:00\",\"dateModified\":\"2025-11-07T10:14:50+00:00\",\"description\":\"Sikker og p\u00e5lidelig fastg\u00f8relse af din stilladspresenning med vores specialdesignede stropper. Ideel til den professionelle h\u00e5ndv\u00e6rker, der kr\u00e6ver det bedste.\",\"breadcrumb\":{\"@id\":\"https:\\\/\\\/www.specialfabrikken.dk\\\/vare\\\/stropper-model-1\\\/#breadcrumb\"},\"inLanguage\":\"en-US\",\"potentialAction\":[{\"@type\":\"ReadAction\",\"target\":[\"https:\\\/\\\/www.specialfabrikken.dk\\\/vare\\\/stropper-model-1\\\/\"]}]},{\"@type\":\"ImageObject\",\"inLanguage\":\"en-US\",\"@id\":\"https:\\\/\\\/www.specialfabrikken.dk\\\/vare\\\/stropper-model-1\\\/#primaryimage\",\"url\":\"https:\\\/\\\/www.specialfabrikken.dk\\\/wp-content\\\/uploads\\\/2020\\\/04\\\/strop1.jpg\",\"contentUrl\":\"https:\\\/\\\/www.specialfabrikken.dk\\\/wp-content\\\/uploads\\\/2020\\\/04\\\/strop1.jpg\",\"width\":842,\"height\":540,\"caption\":\"sort strop til indd\u00e6kning af stillads, murerstillads\"},{\"@type\":\"BreadcrumbList\",\"@id\":\"https:\\\/\\\/www.specialfabrikken.dk\\\/vare\\\/stropper-model-1\\\/#breadcrumb\",\"itemListElement\":[{\"@type\":\"ListItem\",\"position\":1,\"name\":\"Forside\",\"item\":\"https:\\\/\\\/www.specialfabrikken.dk\\\/\"},{\"@type\":\"ListItem\",\"position\":2,\"name\":\"Shop\",\"item\":\"https:\\\/\\\/www.specialfabrikken.dk\\\/shop\\\/\"},{\"@type\":\"ListItem\",\"position\":3,\"name\":\"Stropper Model 1\"}]},{\"@type\":\"WebSite\",\"@id\":\"https:\\\/\\\/www.specialfabrikken.dk\\\/#website\",\"url\":\"https:\\\/\\\/www.specialfabrikken.dk\\\/\",\"name\":\"Specialfabrikken\",\"description\":\"Specialfabrikken\",\"potentialAction\":[{\"@type\":\"SearchAction\",\"target\":{\"@type\":\"EntryPoint\",\"urlTemplate\":\"https:\\\/\\\/www.specialfabrikken.dk\\\/?s={search_term_string}\"},\"query-input\":{\"@type\":\"PropertyValueSpecification\",\"valueRequired\":true,\"valueName\":\"search_term_string\"}}],\"inLanguage\":\"en-US\"}]}<\/script>\n<!-- \/ Yoast SEO plugin. -->","yoast_head_json":{"title":"Stropper til Stilladspresenning - Fastg\u00f8r som en Professionel","description":"Sikker og p\u00e5lidelig fastg\u00f8relse af din stilladspresenning med vores specialdesignede stropper. Ideel til den professionelle h\u00e5ndv\u00e6rker, der kr\u00e6ver det bedste.","robots":{"index":"index","follow":"follow","max-snippet":"max-snippet:-1","max-image-preview":"max-image-preview:large","max-video-preview":"max-video-preview:-1"},"canonical":"https:\/\/www.specialfabrikken.dk\/en\/product-2\/stropper-model-1\/","og_locale":"en_US","og_type":"article","og_title":"Stropper til Stilladspresenning - Fastg\u00f8r som en Professionel","og_description":"Sikker og p\u00e5lidelig fastg\u00f8relse af din stilladspresenning med vores specialdesignede stropper. Ideel til den professionelle h\u00e5ndv\u00e6rker, der kr\u00e6ver det bedste.","og_url":"https:\/\/www.specialfabrikken.dk\/en\/product-2\/stropper-model-1\/","og_site_name":"Specialfabrikken","article_modified_time":"2025-11-07T10:14:50+00:00","og_image":[{"width":842,"height":540,"url":"https:\/\/www.specialfabrikken.dk\/wp-content\/uploads\/2020\/04\/strop1.jpg","type":"image\/jpeg"}],"twitter_card":"summary_large_image","twitter_misc":{"Est. reading time":"1 minute"},"schema":{"@context":"https:\/\/schema.org","@graph":[{"@type":"WebPage","@id":"https:\/\/www.specialfabrikken.dk\/vare\/stropper-model-1\/","url":"https:\/\/www.specialfabrikken.dk\/vare\/stropper-model-1\/","name":"Stropper til Stilladspresenning - Fastg\u00f8r som en Professionel","isPartOf":{"@id":"https:\/\/www.specialfabrikken.dk\/#website"},"primaryImageOfPage":{"@id":"https:\/\/www.specialfabrikken.dk\/vare\/stropper-model-1\/#primaryimage"},"image":{"@id":"https:\/\/www.specialfabrikken.dk\/vare\/stropper-model-1\/#primaryimage"},"thumbnailUrl":"https:\/\/www.specialfabrikken.dk\/wp-content\/uploads\/2020\/04\/strop1.jpg","datePublished":"2023-10-26T11:42:13+00:00","dateModified":"2025-11-07T10:14:50+00:00","description":"Sikker og p\u00e5lidelig fastg\u00f8relse af din stilladspresenning med vores specialdesignede stropper. Ideel til den professionelle h\u00e5ndv\u00e6rker, der kr\u00e6ver det bedste.","breadcrumb":{"@id":"https:\/\/www.specialfabrikken.dk\/vare\/stropper-model-1\/#breadcrumb"},"inLanguage":"en-US","potentialAction":[{"@type":"ReadAction","target":["https:\/\/www.specialfabrikken.dk\/vare\/stropper-model-1\/"]}]},{"@type":"ImageObject","inLanguage":"en-US","@id":"https:\/\/www.specialfabrikken.dk\/vare\/stropper-model-1\/#primaryimage","url":"https:\/\/www.specialfabrikken.dk\/wp-content\/uploads\/2020\/04\/strop1.jpg","contentUrl":"https:\/\/www.specialfabrikken.dk\/wp-content\/uploads\/2020\/04\/strop1.jpg","width":842,"height":540,"caption":"sort strop til indd\u00e6kning af stillads, murerstillads"},{"@type":"BreadcrumbList","@id":"https:\/\/www.specialfabrikken.dk\/vare\/stropper-model-1\/#breadcrumb","itemListElement":[{"@type":"ListItem","position":1,"name":"Forside","item":"https:\/\/www.specialfabrikken.dk\/"},{"@type":"ListItem","position":2,"name":"Shop","item":"https:\/\/www.specialfabrikken.dk\/shop\/"},{"@type":"ListItem","position":3,"name":"Stropper Model 1"}]},{"@type":"WebSite","@id":"https:\/\/www.specialfabrikken.dk\/#website","url":"https:\/\/www.specialfabrikken.dk\/","name":"Specialfabrikken","description":"Specialfabrikken","potentialAction":[{"@type":"SearchAction","target":{"@type":"EntryPoint","urlTemplate":"https:\/\/www.specialfabrikken.dk\/?s={search_term_string}"},"query-input":{"@type":"PropertyValueSpecification","valueRequired":true,"valueName":"search_term_string"}}],"inLanguage":"en-US"}]}},"_links":{"self":[{"href":"https:\/\/www.specialfabrikken.dk\/en\/wp-json\/wp\/v2\/product\/71562","targetHints":{"allow":["GET"]}}],"collection":[{"href":"https:\/\/www.specialfabrikken.dk\/en\/wp-json\/wp\/v2\/product"}],"about":[{"href":"https:\/\/www.specialfabrikken.dk\/en\/wp-json\/wp\/v2\/types\/product"}],"replies":[{"embeddable":true,"href":"https:\/\/www.specialfabrikken.dk\/en\/wp-json\/wp\/v2\/comments?post=71562"}],"wp:featuredmedia":[{"embeddable":true,"href":"https:\/\/www.specialfabrikken.dk\/en\/wp-json\/wp\/v2\/media\/2568"}],"wp:attachment":[{"href":"https:\/\/www.specialfabrikken.dk\/en\/wp-json\/wp\/v2\/media?parent=71562"}],"wp:term":[{"taxonomy":"product_brand","embeddable":true,"href":"https:\/\/www.specialfabrikken.dk\/en\/wp-json\/wp\/v2\/product_brand?post=71562"},{"taxonomy":"product_cat","embeddable":true,"href":"https:\/\/www.specialfabrikken.dk\/en\/wp-json\/wp\/v2\/product_cat?post=71562"},{"taxonomy":"product_tag","embeddable":true,"href":"https:\/\/www.specialfabrikken.dk\/en\/wp-json\/wp\/v2\/product_tag?post=71562"}],"curies":[{"name":"wp","href":"https:\/\/api.w.org\/{rel}","templated":true}]}}