{"id":71573,"date":"2023-10-26T12:53:22","date_gmt":"2023-10-26T12:53:22","guid":{"rendered":"https:\/\/www.specialfabrikken.dk\/?post_type=product&#038;p=71573"},"modified":"2026-04-21T13:46:00","modified_gmt":"2026-04-21T11:46:00","slug":"fodspark-laasebraet-langside-facadestillads","status":"publish","type":"product","link":"https:\/\/www.specialfabrikken.dk\/en\/vare\/fodspark-laasebraet-langside-facadestillads\/","title":{"rendered":"Fodspark \/ L\u00e5sebr\u00e6t langside Facadestillads"},"content":{"rendered":"","protected":false},"excerpt":{"rendered":"<p>Short description:<\/p>\n<ul>\n<li>Fodspark til facadestilladsets langside.<\/li>\n<li>Fodspark \/ l\u00e5sebr\u00e6dder findes til alle typer stilladser.<\/li>\n<\/ul>","protected":false},"featured_media":1074,"comment_status":"open","ping_status":"closed","template":"","meta":{"_acf_changed":false,"_et_pb_use_builder":"","_et_pb_old_content":"","_et_gb_content_width":""},"product_brand":[],"product_cat":[35,55,31],"product_tag":[172,178],"class_list":{"0":"post-71573","1":"product","2":"type-product","3":"status-publish","4":"has-post-thumbnail","6":"product_cat-alufacadestillads","7":"product_cat-staal-facadestillads","8":"product_cat-stillads","9":"product_tag-alu-facadestillads","10":"product_tag-staal-facadestillads","11":"product_shipping_class-stor","13":"first","14":"onbackorder","15":"taxable","16":"shipping-taxable","17":"purchasable","18":"product-type-simple"},"acf":[],"yoast_head":"<!-- This site is optimized with the Yoast SEO plugin v27.5 - https:\/\/yoast.com\/product\/yoast-seo-wordpress\/ -->\n<title>Fodspark \/ L\u00e5sebr\u00e6dder | Universelle Stillads L\u00f8sninger<\/title>\n<meta name=\"description\" content=\"Find den perfekte fodspark eller l\u00e5sebr\u00e6dt til dit stilladsprojekt. Vores fodspark og l\u00e5sebr\u00e6dder er universelle og passer til alle typer stilladser. Se vores forskellige varianter for at finde det, der passer bedst til dit behov\" \/>\n<meta name=\"robots\" content=\"index, follow, max-snippet:-1, max-image-preview:large, max-video-preview:-1\" \/>\n<link rel=\"canonical\" href=\"https:\/\/www.specialfabrikken.dk\/en\/product-2\/fodspark-laasebraet-langside-facadestillads\/\" \/>\n<meta property=\"og:locale\" content=\"en_US\" \/>\n<meta property=\"og:type\" content=\"article\" \/>\n<meta property=\"og:title\" content=\"Fodspark \/ L\u00e5sebr\u00e6dder | Universelle Stillads L\u00f8sninger\" \/>\n<meta property=\"og:description\" content=\"Find den perfekte fodspark eller l\u00e5sebr\u00e6dt til dit stilladsprojekt. Vores fodspark og l\u00e5sebr\u00e6dder er universelle og passer til alle typer stilladser. Se vores forskellige varianter for at finde det, der passer bedst til dit behov\" \/>\n<meta property=\"og:url\" content=\"https:\/\/www.specialfabrikken.dk\/en\/product-2\/fodspark-laasebraet-langside-facadestillads\/\" \/>\n<meta property=\"og:site_name\" content=\"Specialfabrikken\" \/>\n<meta property=\"article:modified_time\" content=\"2026-04-21T11:46:00+00:00\" \/>\n<meta property=\"og:image\" content=\"https:\/\/www.specialfabrikken.dk\/wp-content\/uploads\/2020\/02\/fodspark-specialfabrikken.jpg\" \/>\n\t<meta property=\"og:image:width\" content=\"2295\" \/>\n\t<meta property=\"og:image:height\" content=\"265\" \/>\n\t<meta property=\"og:image:type\" content=\"image\/jpeg\" \/>\n<meta name=\"twitter:card\" content=\"summary_large_image\" \/>\n<script type=\"application\/ld+json\" class=\"yoast-schema-graph\">{\"@context\":\"https:\\\/\\\/schema.org\",\"@graph\":[{\"@type\":\"WebPage\",\"@id\":\"https:\\\/\\\/www.specialfabrikken.dk\\\/vare\\\/fodspark-laasebraet-langside-facadestillads\\\/\",\"url\":\"https:\\\/\\\/www.specialfabrikken.dk\\\/vare\\\/fodspark-laasebraet-langside-facadestillads\\\/\",\"name\":\"Fodspark \\\/ L\u00e5sebr\u00e6dder | Universelle Stillads L\u00f8sninger\",\"isPartOf\":{\"@id\":\"https:\\\/\\\/www.specialfabrikken.dk\\\/#website\"},\"primaryImageOfPage\":{\"@id\":\"https:\\\/\\\/www.specialfabrikken.dk\\\/vare\\\/fodspark-laasebraet-langside-facadestillads\\\/#primaryimage\"},\"image\":{\"@id\":\"https:\\\/\\\/www.specialfabrikken.dk\\\/vare\\\/fodspark-laasebraet-langside-facadestillads\\\/#primaryimage\"},\"thumbnailUrl\":\"https:\\\/\\\/www.specialfabrikken.dk\\\/wp-content\\\/uploads\\\/2020\\\/02\\\/fodspark-specialfabrikken.jpg\",\"datePublished\":\"2023-10-26T12:53:22+00:00\",\"dateModified\":\"2026-04-21T11:46:00+00:00\",\"description\":\"Find den perfekte fodspark eller l\u00e5sebr\u00e6dt til dit stilladsprojekt. Vores fodspark og l\u00e5sebr\u00e6dder er universelle og passer til alle typer stilladser. Se vores forskellige varianter for at finde det, der passer bedst til dit behov\",\"breadcrumb\":{\"@id\":\"https:\\\/\\\/www.specialfabrikken.dk\\\/vare\\\/fodspark-laasebraet-langside-facadestillads\\\/#breadcrumb\"},\"inLanguage\":\"en-US\",\"potentialAction\":[{\"@type\":\"ReadAction\",\"target\":[\"https:\\\/\\\/www.specialfabrikken.dk\\\/vare\\\/fodspark-laasebraet-langside-facadestillads\\\/\"]}]},{\"@type\":\"ImageObject\",\"inLanguage\":\"en-US\",\"@id\":\"https:\\\/\\\/www.specialfabrikken.dk\\\/vare\\\/fodspark-laasebraet-langside-facadestillads\\\/#primaryimage\",\"url\":\"https:\\\/\\\/www.specialfabrikken.dk\\\/wp-content\\\/uploads\\\/2020\\\/02\\\/fodspark-specialfabrikken.jpg\",\"contentUrl\":\"https:\\\/\\\/www.specialfabrikken.dk\\\/wp-content\\\/uploads\\\/2020\\\/02\\\/fodspark-specialfabrikken.jpg\",\"width\":2295,\"height\":265,\"caption\":\"SONY DSC\"},{\"@type\":\"BreadcrumbList\",\"@id\":\"https:\\\/\\\/www.specialfabrikken.dk\\\/vare\\\/fodspark-laasebraet-langside-facadestillads\\\/#breadcrumb\",\"itemListElement\":[{\"@type\":\"ListItem\",\"position\":1,\"name\":\"Forside\",\"item\":\"https:\\\/\\\/www.specialfabrikken.dk\\\/\"},{\"@type\":\"ListItem\",\"position\":2,\"name\":\"Shop\",\"item\":\"https:\\\/\\\/www.specialfabrikken.dk\\\/shop\\\/\"},{\"@type\":\"ListItem\",\"position\":3,\"name\":\"Fodspark \\\/ L\u00e5sebr\u00e6t langside Facadestillads\"}]},{\"@type\":\"WebSite\",\"@id\":\"https:\\\/\\\/www.specialfabrikken.dk\\\/#website\",\"url\":\"https:\\\/\\\/www.specialfabrikken.dk\\\/\",\"name\":\"Specialfabrikken\",\"description\":\"Specialfabrikken\",\"potentialAction\":[{\"@type\":\"SearchAction\",\"target\":{\"@type\":\"EntryPoint\",\"urlTemplate\":\"https:\\\/\\\/www.specialfabrikken.dk\\\/?s={search_term_string}\"},\"query-input\":{\"@type\":\"PropertyValueSpecification\",\"valueRequired\":true,\"valueName\":\"search_term_string\"}}],\"inLanguage\":\"en-US\"}]}<\/script>\n<!-- \/ Yoast SEO plugin. -->","yoast_head_json":{"title":"Fodspark \/ L\u00e5sebr\u00e6dder | Universelle Stillads L\u00f8sninger","description":"Find den perfekte fodspark eller l\u00e5sebr\u00e6dt til dit stilladsprojekt. Vores fodspark og l\u00e5sebr\u00e6dder er universelle og passer til alle typer stilladser. Se vores forskellige varianter for at finde det, der passer bedst til dit behov","robots":{"index":"index","follow":"follow","max-snippet":"max-snippet:-1","max-image-preview":"max-image-preview:large","max-video-preview":"max-video-preview:-1"},"canonical":"https:\/\/www.specialfabrikken.dk\/en\/product-2\/fodspark-laasebraet-langside-facadestillads\/","og_locale":"en_US","og_type":"article","og_title":"Fodspark \/ L\u00e5sebr\u00e6dder | Universelle Stillads L\u00f8sninger","og_description":"Find den perfekte fodspark eller l\u00e5sebr\u00e6dt til dit stilladsprojekt. Vores fodspark og l\u00e5sebr\u00e6dder er universelle og passer til alle typer stilladser. Se vores forskellige varianter for at finde det, der passer bedst til dit behov","og_url":"https:\/\/www.specialfabrikken.dk\/en\/product-2\/fodspark-laasebraet-langside-facadestillads\/","og_site_name":"Specialfabrikken","article_modified_time":"2026-04-21T11:46:00+00:00","og_image":[{"width":2295,"height":265,"url":"https:\/\/www.specialfabrikken.dk\/wp-content\/uploads\/2020\/02\/fodspark-specialfabrikken.jpg","type":"image\/jpeg"}],"twitter_card":"summary_large_image","schema":{"@context":"https:\/\/schema.org","@graph":[{"@type":"WebPage","@id":"https:\/\/www.specialfabrikken.dk\/vare\/fodspark-laasebraet-langside-facadestillads\/","url":"https:\/\/www.specialfabrikken.dk\/vare\/fodspark-laasebraet-langside-facadestillads\/","name":"Fodspark \/ L\u00e5sebr\u00e6dder | Universelle Stillads L\u00f8sninger","isPartOf":{"@id":"https:\/\/www.specialfabrikken.dk\/#website"},"primaryImageOfPage":{"@id":"https:\/\/www.specialfabrikken.dk\/vare\/fodspark-laasebraet-langside-facadestillads\/#primaryimage"},"image":{"@id":"https:\/\/www.specialfabrikken.dk\/vare\/fodspark-laasebraet-langside-facadestillads\/#primaryimage"},"thumbnailUrl":"https:\/\/www.specialfabrikken.dk\/wp-content\/uploads\/2020\/02\/fodspark-specialfabrikken.jpg","datePublished":"2023-10-26T12:53:22+00:00","dateModified":"2026-04-21T11:46:00+00:00","description":"Find den perfekte fodspark eller l\u00e5sebr\u00e6dt til dit stilladsprojekt. Vores fodspark og l\u00e5sebr\u00e6dder er universelle og passer til alle typer stilladser. Se vores forskellige varianter for at finde det, der passer bedst til dit behov","breadcrumb":{"@id":"https:\/\/www.specialfabrikken.dk\/vare\/fodspark-laasebraet-langside-facadestillads\/#breadcrumb"},"inLanguage":"en-US","potentialAction":[{"@type":"ReadAction","target":["https:\/\/www.specialfabrikken.dk\/vare\/fodspark-laasebraet-langside-facadestillads\/"]}]},{"@type":"ImageObject","inLanguage":"en-US","@id":"https:\/\/www.specialfabrikken.dk\/vare\/fodspark-laasebraet-langside-facadestillads\/#primaryimage","url":"https:\/\/www.specialfabrikken.dk\/wp-content\/uploads\/2020\/02\/fodspark-specialfabrikken.jpg","contentUrl":"https:\/\/www.specialfabrikken.dk\/wp-content\/uploads\/2020\/02\/fodspark-specialfabrikken.jpg","width":2295,"height":265,"caption":"SONY DSC"},{"@type":"BreadcrumbList","@id":"https:\/\/www.specialfabrikken.dk\/vare\/fodspark-laasebraet-langside-facadestillads\/#breadcrumb","itemListElement":[{"@type":"ListItem","position":1,"name":"Forside","item":"https:\/\/www.specialfabrikken.dk\/"},{"@type":"ListItem","position":2,"name":"Shop","item":"https:\/\/www.specialfabrikken.dk\/shop\/"},{"@type":"ListItem","position":3,"name":"Fodspark \/ L\u00e5sebr\u00e6t langside Facadestillads"}]},{"@type":"WebSite","@id":"https:\/\/www.specialfabrikken.dk\/#website","url":"https:\/\/www.specialfabrikken.dk\/","name":"Specialfabrikken","description":"Specialfabrikken","potentialAction":[{"@type":"SearchAction","target":{"@type":"EntryPoint","urlTemplate":"https:\/\/www.specialfabrikken.dk\/?s={search_term_string}"},"query-input":{"@type":"PropertyValueSpecification","valueRequired":true,"valueName":"search_term_string"}}],"inLanguage":"en-US"}]}},"_links":{"self":[{"href":"https:\/\/www.specialfabrikken.dk\/en\/wp-json\/wp\/v2\/product\/71573","targetHints":{"allow":["GET"]}}],"collection":[{"href":"https:\/\/www.specialfabrikken.dk\/en\/wp-json\/wp\/v2\/product"}],"about":[{"href":"https:\/\/www.specialfabrikken.dk\/en\/wp-json\/wp\/v2\/types\/product"}],"replies":[{"embeddable":true,"href":"https:\/\/www.specialfabrikken.dk\/en\/wp-json\/wp\/v2\/comments?post=71573"}],"wp:featuredmedia":[{"embeddable":true,"href":"https:\/\/www.specialfabrikken.dk\/en\/wp-json\/wp\/v2\/media\/1074"}],"wp:attachment":[{"href":"https:\/\/www.specialfabrikken.dk\/en\/wp-json\/wp\/v2\/media?parent=71573"}],"wp:term":[{"taxonomy":"product_brand","embeddable":true,"href":"https:\/\/www.specialfabrikken.dk\/en\/wp-json\/wp\/v2\/product_brand?post=71573"},{"taxonomy":"product_cat","embeddable":true,"href":"https:\/\/www.specialfabrikken.dk\/en\/wp-json\/wp\/v2\/product_cat?post=71573"},{"taxonomy":"product_tag","embeddable":true,"href":"https:\/\/www.specialfabrikken.dk\/en\/wp-json\/wp\/v2\/product_tag?post=71573"}],"curies":[{"name":"wp","href":"https:\/\/api.w.org\/{rel}","templated":true}]}}